{"id":4740,"date":"2017-02-05T19:00:25","date_gmt":"2017-02-05T18:00:25","guid":{"rendered":"https:\/\/www.oekermann.de\/pneumatikus-szennyvizszivattyuzas\/"},"modified":"2026-02-20T09:58:37","modified_gmt":"2026-02-20T08:58:37","slug":"pneumatikus-szennyvizszivattyuzas","status":"publish","type":"page","link":"https:\/\/www.oekermann.de\/hu\/","title":{"rendered":"Pneumatikus szennyv\u00edzsz\u00e1ll\u00edt\u00e1s"},"content":{"rendered":"<div class=\"mysection inner-wrap\">\n<div class=\"row\">\n<div class=\"col-md-12 mysubheader\">\n<h2><a href=\"https:\/\/www.oekermann.de\/vorteile\/\">El\u0151ny\u00f6k<\/a><\/h2>\n<\/div>\n<div class=\"col-md-4 mytext\">\n<p>Olyan szennyv\u00edzrendszert tervez, melyn\u00e9l a keretfelt\u00e9telek nehezek? Az Oekermann rendszer l\u00e9tes\u00edt\u00e9s\u00e9t k\u00f6vet\u0151en k\u00e9sedelem n\u00e9lk\u00fcl gondoskodhat a k\u00f6vetkez\u0151 projektj\u00e9r\u0151l:<\/p>\n<ul style=\"margin-left: 15px;\">\n<li><a href=\"https:\/\/www.oekermann.de\/vorteile\/foerderung-geringer-wassermengen\/\">Nincs szagterhel\u00e9s, nincs korr\u00f3zi\u00f3<\/a><\/li>\n<li><a href=\"https:\/\/www.oekermann.de\/vorteile\/hoehenueberwindung\/\">Magass\u00e1gk\u00fcl\u00f6nbs\u00e9gek lek\u00fczd\u00e9se<\/a><\/li>\n<li><a href=\"https:\/\/www.oekermann.de\/vorteile\/druckleitungen\/\">Nagyobb t\u00e1vols\u00e1gok \u00e1thidal\u00e1sa<\/a><\/li>\n<li><a href=\"https:\/\/www.oekermann.de\/vorteile\/keine-verstopfung\/\">Nincsenek dugul\u00e1sok \u00e9s lerak\u00f3d\u00e1sok<\/a><\/li>\n<li><a href=\"https:\/\/www.oekermann.de\/anwendungsfaelle\/\">Sokoldal\u00fa alkalmaz\u00e1si lehet\u0151s\u00e9gek<\/a><\/li>\n<li><a href=\"https:\/\/www.oekermann.de\/vorteile\/wirtschaftlichkeit\/\">J\u00f3 gazdas\u00e1goss\u00e1g \u00e9s \u00fczembiztons\u00e1g<\/a><\/li>\n<li><a href=\"https:\/\/www.oekermann.de\/vorteile\/verbundsysteme\/\">Kombin\u00e1lt rendszerek egyszer\u0171 fel\u00e9p\u00edt\u00e9se<\/a><\/li>\n<li><a href=\"https:\/\/www.oekermann.de\/wartung\/\">Kompetens \u00e9s gyors szerviz<\/a><\/li>\n<\/ul>\n<\/div>\n<div class=\"col-md-4 myimg\"><img decoding=\"async\" class=\"img-1\" src=\"\/wp-content\/uploads\/2019\/07\/IMG-20181217-WA0009-43.jpg-bearbeitet.jpg\" alt=\"\" \/><\/div>\n<div class=\"col-md-4 myimg\"><img decoding=\"async\" class=\"img-1\" src=\"\/wp-content\/uploads\/2018\/03\/OEKERMANN-Pneumatische-Abwasserfoerderung-Kompaktanlagen-OKA-und-1-Kessel-Doppelanlagen-1.jpg\" alt=\"\" \/><\/div>\n<\/div>\n<\/div>\n<section class=\"grey-bg\" style=\"padding-bottom:2rem !important;\">\n<div class=\"inner-wrap\">\n<div class=\"col-md-3\">\n<img decoding=\"async\" src=\"\/wp-content\/uploads\/2026\/02\/106162-IFT26-PBanner-Allgemein-300x250-E-o-Text.webp\" alt=\"IFAT 2026 \u2013 L\u00e1togasson el hozz\u00e1nk\">\n<\/div>\n<div class=\"col-md-9 pt-3\">\n<p><span style=\"font-size: 20px;\"><strong>IFAT 2026 \u2013 Ott lesz\u00fcnk a helysz\u00ednen<\/strong><\/span><\/p>\n<p><b>L\u00e1togasson el hozz\u00e1nk 2026. m\u00e1jus 4\u20137. k\u00f6z\u00f6tt a B2 csarnok 127-es standj\u00e1n.<\/b><\/p>\n<p style=\"line-height:1.8;\">Anna Oekermann (Export) \u00e9s Jendrik Rohmann (Projekttervez\u00e9s \u00e9s beszerz\u00e9s) a helysz\u00ednen fogadj\u00e1k \u00d6nt, \u00e9s k\u00e9szs\u00e9ggel v\u00e1laszolnak minden k\u00e9rd\u00e9s\u00e9re.<\/p>\n<p>\u00d6r\u00f6mmel v\u00e1rjuk a szem\u00e9lyes tal\u00e1lkoz\u00e1st M\u00fcnchenben.<\/p>\n<\/div>\n<\/div>\n<\/section>\n<div class=\"mysection inner-wrap\">\n<div class=\"row\">\n<div class=\"col-md-12 mysubheader\">\n<h2><a href=\"https:\/\/www.oekermann.de\/anwendungsfaelle\/\">Alkalmaz\u00e1si ter\u00fcletek<\/a><\/h2>\n<\/div>\n<div class=\"col-md-4 mytext\">\n<p>Az Oekermann rendszerek sz\u00e1mos objektum eset\u00e9ben jelentenek \u00e9szszer\u0171 megold\u00e1st:<\/p>\n<ul style=\"margin-left: 15px;\">\n<li><a href=\"https:\/\/www.oekermann.de\/produktgruppen\/doppelanlagen\/\">Kis helys\u00e9gek, telep\u00fcl\u00e9sr\u00e9szek<\/a><\/li>\n<li><a href=\"https:\/\/www.oekermann.de\/anwendungsfaelle\/abwasserentsorgung-von-autobahn-rastplaetzen\/\">(Aut\u00f3p\u00e1lya-) parkol\u00f3k &amp; pihen\u0151helyek <\/a><\/li>\n<li><a href=\"https:\/\/www.oekermann.de\/anwendungsfaelle\/campingplaetze\/\">Szabadid\u0151s l\u00e9tes\u00edtm\u00e9nyek<\/a><\/li>\n<li><a href=\"https:\/\/www.oekermann.de\/anwendungsfaelle\/pneumatische-pumpwerke-fuer-den-bereich-energieversorgung\/\">Energiaell\u00e1t\u00e1si szektor<\/a><\/li>\n<li><a href=\"https:\/\/www.oekermann.de\/fachbegriffe\/sickerwasserableitung\/\">Hullad\u00e9klerak\u00f3k sziv\u00e1rg\u00f3 vize<\/a><\/li>\n<li><a href=\"https:\/\/www.oekermann.de\/anwendungsfaelle\/abwasserentsorgung-von-golfclubs\/\">Golfp\u00e1ly\u00e1k<\/a><\/li>\n<\/ul>\n<\/div>\n<div class=\"col-md-4 myimg\"><img decoding=\"async\" class=\"img-1\" src=\"\/wp-content\/uploads\/2017\/04\/Bayern_Oekermann_1.jpg\" alt=\"\" \/><\/div>\n<div class=\"col-md-4 myimg\"><img decoding=\"async\" class=\"img-1\" src=\"\/wp-content\/uploads\/2017\/05\/\u00d6sterreich_Oekermann_2.jpg\" alt=\"\" \/><\/div>\n<\/div>\n<\/div>\n<section id=\"its-owl-te3aser\" class=\"grey-bg\">\n<div class=\"inner-wrap\">\n<div class=\"row\">\n<div class=\"col-md-6\">\n<p><img decoding=\"async\" id=\"its-logo\" style=\"display: inline-block;\" src=\"\/wp-content\/uploads\/2020\/03\/its-OWL-Logo-e1583086906249.png\" alt=\"it\u2019s OWL - Logo\" \/><\/p>\n<h2 style=\"margin-top: 10px;\">Egy\u00fcttm\u0171k\u00f6d\u00e9s az it\u2019s OWL cs\u00facsklaszterrel<\/h2>\n<h3 style=\"font-size: 1rem !important;\">Az it\u2018s OWL \u2013 Intelligente Technische Systeme Ostwestfalen-Lippe technol\u00f3gia-h\u00e1l\u00f3zatban t\u00f6bb mint 200 v\u00e1llalat, kutat\u00f3int\u00e9zet, \u00e9s szervezet fejleszt megold\u00e1sokat intelligens term\u00e9kekhez \u00e9s gy\u00e1rt\u00e1si elj\u00e1r\u00e1sokhoz.<\/h3>\n<\/div>\n<div class=\"col-md-6\">\n<p><img decoding=\"async\" class=\"img-1\" style=\"height: 80px; background: #fff; border: 5px solid #fff;\" src=\"\/wp-content\/uploads\/2023\/07\/Logo_DWA_RGB_Mitglied.jpg\" alt=\"\" \/><\/p>\n<h2 style=\"margin-top: 10px;\">A DWA tagja<\/h2>\n<h3 style=\"font-size: 1rem !important;\">Politikailag \u00e9s gazdas\u00e1gilag f\u00fcggetlen egyes\u00fcl\u00e9sk\u00e9nt a DWA a fenntarthat\u00f3 v\u00edzgazd\u00e1lkod\u00e1s \u00e9s a kutat\u00e1s \u00e9s fejleszt\u00e9s el\u0151seg\u00edt\u00e9se \u00e9rdek\u00e9ben tesz er\u0151fesz\u00edt\u00e9seket. A DWA f\u00f3rumot k\u00edn\u00e1l az \u00f6tletek \u00e9s a v\u00e9lem\u00e9nycsere sz\u00e1m\u00e1ra, \u00e9s a tan\u00e1csaival t\u00e1mogatja a politik\u00e1t.<\/h3>\n<\/div>\n<\/div>\n<\/div>\n<\/section>\n<div class=\"mysection inner-wrap clearfix\">\n<div class=\"row\">\n<div class=\"col-md-12 mysubheader\">\n<h2><a href=\"https:\/\/www.oekermann.de\/produktgruppen\/\">Term\u00e9kcsoportok<\/a><\/h2>\n<h3 style=\"font-size: 1rem !important;\">Igazi szak\u00e9rtelmet keres? T\u00f6bb mint 45 \u00e9ve pneumatikus szennyv\u00edzsz\u00e1ll\u00edt\u00f3 rendszereket l\u00e9tes\u00edt\u00fcnk a teljes teljes\u00edtm\u00e9nypalett\u00e1t fel\u00f6lel\u0151en:<\/h3>\n<\/div>\n<\/div>\n<div class=\"om-featured-wrap clearfix\">\n<article class=\"om-featured clickable-pane col-md-4 col-sm-12\">\n<div class=\"om-feature-inner\">\n<h3><a href=\"https:\/\/www.oekermann.de\/produktgruppen\/kleine-anlagen-2\/\">Kis rendszerek<\/a><\/h3>\n<div class=\"om-feature-body\">\n<p>K\u00fcl\u00f6n\u00e1ll\u00f3 h\u00e1zak vagy h\u00e1zcsoportok a nyilv\u00e1nos csatornah\u00e1l\u00f3zatra val\u00f3 r\u00e1k\u00f6t\u00e9s\u00e9hez az OEKERMANN kompakt rendszereket k\u00edn\u00e1l. \u00d6n ugyanazokkal az el\u0151ny\u00f6kkel rendelkezik mint a nagy dupla vagy t\u00f6bbes rendszerek.<\/p>\n<div class=\"feature-link\"><a href=\"https:\/\/www.oekermann.de\/produktgruppen\/kleine-anlagen-2\/\">R\u00e9szletek<\/a>\u00a0<i class=\"fa fa-arrow-circle-right\"><\/i><\/div>\n<\/div>\n<\/div>\n<\/article>\n<article class=\"om-featured clickable-pane col-md-4 col-sm-12\">\n<div class=\"om-feature-inner\">\n<h3><a href=\"https:\/\/www.oekermann.de\/produktgruppen\/1-kessel-doppelanlagen\/\">1-tart\u00e1lyos dupla rendszerek<\/a><\/h3>\n<div class=\"om-feature-body\">\n<p>Az 1-tart\u00e1lyos dupla rendszerek a m\u00e9ret\u00fck alapj\u00e1n a legkisebb rendszerek (OKA sorozat) \u00e9s a norm\u00e1l dupla rendszerek k\u00f6z\u00f6tt elhelyezked\u0151 sorozat.<\/p>\n<div class=\"feature-link\"><a href=\"https:\/\/www.oekermann.de\/produktgruppen\/1-kessel-doppelanlagen\/\">Details<\/a>\u00a0<i class=\"fa fa-arrow-circle-right\"><\/i><\/div>\n<\/div>\n<\/div>\n<\/article>\n<article class=\"om-featured clickable-pane col-md-4 col-sm-12\">\n<div class=\"om-feature-inner\">\n<h3><a href=\"https:\/\/www.oekermann.de\/produktgruppen\/doppelanlagen\/\">Dupla rendszerek<\/a><\/h3>\n<div class=\"om-feature-body\">\n<p>Kis \u00e9s k\u00f6zepes teljes\u00edtm\u00e9nyek \u00e9s nyom\u00e1sok eset\u00e9n, pl. kis helys\u00e9gek v\u00edzelvezet\u00e9s\u00e9hez \u00e1ltal\u00e1ban k\u00e9t \u00fczemi tart\u00e1ly \u00e9s k\u00e9t \u00fczemi l\u00e9gkompresszor ker\u00fcl alkalmaz\u00e1sra.<\/p>\n<div class=\"feature-link\"><a href=\"https:\/\/www.oekermann.de\/produktgruppen\/doppelanlagen\/\">R\u00e9szletek<\/a>\u00a0<i class=\"fa fa-arrow-circle-right\"><\/i><\/div>\n<\/div>\n<\/div>\n<\/article>\n<article class=\"om-featured clickable-pane col-md-4 col-sm-12\">\n<div class=\"om-feature-inner\">\n<h3><a href=\"https:\/\/www.oekermann.de\/produktgruppen\/drei-und-vierfachanlagen\/\">H\u00e1rmas \u00e9s n\u00e9gyes rendszerek<\/a><\/h3>\n<div class=\"om-feature-body\">\n<p>H\u00e1rmas vagy n\u00e9gyes rendszereket szenny- \u00e9s es\u0151v\u00edzsz\u00e1ll\u00edt\u00f3 szivatty\u00fatelepeken, nagy telep\u00fcl\u00e9seken \u00e9s nagy ipari \u00fczemekben alkalmaznak. Nagy szennyv\u00edzmennyis\u00e9gek eset\u00e9n k\u00fcl\u00f6n\u00f6sen gazdas\u00e1gosak, mert rugalmasan illeszthet\u0151k a keletkez\u0151 szennyv\u00edzmennyis\u00e9ghez.<\/p>\n<div class=\"feature-link\"><a href=\"https:\/\/www.oekermann.de\/produktgruppen\/drei-und-vierfachanlagen\/\">R\u00e9szletek<\/a>\u00a0<i class=\"fa fa-arrow-circle-right\"><\/i><\/div>\n<\/div>\n<\/div>\n<\/article>\n<article class=\"om-featured clickable-pane col-md-4 col-sm-12\">\n<div class=\"om-feature-inner\">\n<h3><a href=\"https:\/\/www.oekermann.de\/produktgruppen\/kombination-pneumatik-pumpe\/\">Pneumatika + szivatty\u00fa kombin\u00e1ci\u00f3ja<\/a><\/h3>\n<div class=\"om-feature-body\">\n<p>A viszonylag magas es\u0151v\u00edzh\u00e1nyad\u00fa vegyes rendszerekben \u00e9szszer\u0171 lehet a pneumatikus szennyv\u00edzsz\u00e1ll\u00edt\u00f3 rendszert szivatty\u00faval kombin\u00e1lni.<\/p>\n<div class=\"feature-link\"><a href=\"https:\/\/www.oekermann.de\/produktgruppen\/kombination-pneumatik-pumpe\/\">R\u00e9szletek<\/a>\u00a0<i class=\"fa fa-arrow-circle-right\"><\/i><\/div>\n<\/div>\n<\/div>\n<\/article>\n<\/div>\n<\/div>\n<section id=\"tec-comparison\" class=\"grey-bg\">\n<div class=\"inner-wrap\">\n<p class=\"neu-label\"><strong>Leg\u00fajabb elektronikus rendszervez\u00e9rl\u0151nk \u2014 a CPU 10 Touch!<\/strong><br \/>\n<a href=\"https:\/\/www.oekermann.de\/vorteile\/elektronische-steuerung\/\">A cikkhez<\/a>\u00a0<i class=\"fa fa-arrow-circle-right\"><\/i><\/p>\n<\/div>\n<\/section>\n<div class=\"mysection inner-wrap\">\n<div class=\"row\">\n<div class=\"col-md-12 mysubheader\">\n<h2><a href=\"https:\/\/www.oekermann.de\/wartung\/\">Szerviz<\/a><\/h2>\n<\/div>\n<div class=\"col-md-4 mytext\">\n<p>Tervezzen egy olyan gy\u00e1rt\u00f3 szennyv\u00edz-szivatty\u00fatelepeivel, aki a lesz\u00e1ll\u00edt\u00e1st k\u00f6vet\u0151en is t\u00f6r\u0151dik azokkal. Az \u00fczemeltet\u0151k rendk\u00edv\u00fcl \u00e9rt\u00e9kelik az \u00fczemel\u00e9s k\u00f6zben v\u00e9gzett szervizel\u00e9s\u00fcnket:<\/p>\n<ul style=\"margin-left: 15px;\">\n<li><a href=\"https:\/\/www.oekermann.de\/wartung\/\">Karbantart\u00e1si szerz\u0151d\u00e9sek<\/a><\/li>\n<li><a href=\"https:\/\/www.oekermann.de\/wartung\/ersatzteile\/\">A p\u00f3talkatr\u00e9szek gyors elk\u00fcld\u00e9se<\/a><\/li>\n<li><a href=\"https:\/\/www.oekermann.de\/ueber-uns\/meilensteine\/\">Csal\u00e1di v\u00e1llalkoz\u00e1s, ez\u00e9rt r\u00f6vid \u00fatvonalak<\/a><\/li>\n<\/ul>\n<\/div>\n<div class=\"col-md-4 myimg\"><img decoding=\"async\" class=\"img-1\" src=\"\/wp-content\/uploads\/2021\/05\/Oekermann_Team_1b.jpg\" alt=\"\" \/><\/div>\n<div class=\"col-md-4 myimg\"><img decoding=\"async\" class=\"img-1\" src=\"\/wp-content\/uploads\/2017\/04\/Oekermann_Servicewagen2.jpg\" alt=\"\" \/><\/div>\n<\/div>\n<\/div>\n<section id=\"tec-comparison\" class=\"grey-bg\">\n<div class=\"inner-wrap\">\n<p class=\"knowledge-label\"><strong>A pneumatikus szennyv\u00edzsz\u00e1ll\u00edt\u00e1s \u00e9s a hagyom\u00e1nyos szivatty\u00fatechnika \u00e1ttekinthet\u0151 \u00f6sszehasonl\u00edt\u00e1sa<\/strong><br \/>\n<a href=\"https:\/\/www.oekermann.de\/pneumatische-abwasserfoerderung-vs-konventionelle-pumpentechnik\/\">A cikkhez<\/a>\u00a0<i class=\"fa fa-arrow-circle-right\"><\/i><\/p>\n<\/div>\n<\/section>\n<div class=\"mysection inner-wrap\">\n<div class=\"row\">\n<div class=\"col-md-12 mysubheader\">\n<h2><a href=\"https:\/\/www.oekermann.de\/ueber-uns\/\">V\u00e1llalat<\/a><\/h2>\n<\/div>\n<div class=\"col-md-4 mytext\">\n<p>1977 \u00f3ta vagyunk a tulajdonos \u00e1ltal vezetett, k\u00f6zepes m\u00e9ret\u0171 csal\u00e1di v\u00e1llalkoz\u00e1s:<\/p>\n<ul style=\"margin-left: 15px;\">\n<li>A N\u00e9metorsz\u00e1gi Sz\u00f6vets\u00e9gi K\u00f6zt\u00e1rsas\u00e1g teljes ter\u00fclet\u00e9n \u00e9s a szomsz\u00e9dos orsz\u00e1gokban folytatott tev\u00e9kenys\u00e9g<\/li>\n<li>M\u00e9rn\u00f6ki irod\u00e1k teljes k\u00f6r\u0171 t\u00e1mogat\u00e1sa a tervez\u00e9sn\u00e9l<\/li>\n<li>Kiv\u00e1l\u00f3 min\u0151s\u00e9g\u0171 \u00e9s tart\u00f3s rendszerek sz\u00e1ll\u00edt\u00e1sa \u00e9s telep\u00edt\u00e9se<\/li>\n<\/ul>\n<\/div>\n<div class=\"col-md-4 myimg\"><img decoding=\"async\" class=\"img-1\" src=\"\/wp-content\/uploads\/2017\/05\/Oekermann_Blog_PWC-Anlagen.jpg\" alt=\"\" \/><\/div>\n<div class=\"col-md-4 myimg\"><img decoding=\"async\" class=\"img-1\" src=\"\/wp-content\/uploads\/2017\/02\/Pneumatische-Abwasser-Foerderung-Druckluftpumpwerk-fuer-Freizeiteinrichtungen.jpg\" alt=\"\" \/><\/div>\n<\/div>\n<\/div>\n","protected":false},"excerpt":{"rendered":"<p>El\u0151ny\u00f6k Olyan szennyv\u00edzrendszert tervez, melyn\u00e9l a keretfelt\u00e9telek nehezek? Az Oekermann rendszer l\u00e9tes\u00edt\u00e9s\u00e9t k\u00f6vet\u0151en k\u00e9sedelem n\u00e9lk\u00fcl gondoskodhat a k\u00f6vetkez\u0151 projektj\u00e9r\u0151l: Nincs szagterhel\u00e9s, nincs korr\u00f3zi\u00f3 Magass\u00e1gk\u00fcl\u00f6nbs\u00e9gek lek\u00fczd\u00e9se Nagyobb t\u00e1vols\u00e1gok \u00e1thidal\u00e1sa Nincsenek dugul\u00e1sok \u00e9s lerak\u00f3d\u00e1sok Sokoldal\u00fa alkalmaz\u00e1si lehet\u0151s\u00e9gek J\u00f3 gazdas\u00e1goss\u00e1g \u00e9s \u00fczembiztons\u00e1g Kombin\u00e1lt rendszerek egyszer\u0171 fel\u00e9p\u00edt\u00e9se Kompetens \u00e9s gyors szerviz IFAT 2026 \u2013 Ott lesz\u00fcnk a helysz\u00ednen L\u00e1togasson<\/p>\n<p class=\"link-more\"><a href=\"https:\/\/www.oekermann.de\/hu\/\" class=\"envor-btn\">Weiterlesen<span class=\"screen-reader-text\"> &#8220;Pneumatikus szennyv\u00edzsz\u00e1ll\u00edt\u00e1s&#8221;<\/span><\/a><\/p>\n","protected":false},"author":2,"featured_media":0,"parent":0,"menu_order":0,"comment_status":"closed","ping_status":"closed","template":"","meta":{"footnotes":""},"class_list":["post-4740","page","type-page","status-publish","hentry"],"yoast_head":"<!-- This site is optimized with the Yoast SEO plugin v27.4 - https:\/\/yoast.com\/product\/yoast-seo-wordpress\/ -->\n<title>Pneumatikus szennyv\u00edzsz\u00e1ll\u00edt\u00e1s - Pneumatische F\u00f6rdertechnik - OEKERMANN Abwassertechnik<\/title>\n<meta name=\"robots\" content=\"index, follow, max-snippet:-1, max-image-preview:large, max-video-preview:-1\" \/>\n<link rel=\"canonical\" href=\"https:\/\/www.oekermann.de\/hu\/\" \/>\n<meta property=\"og:locale\" content=\"hu_HU\" \/>\n<meta property=\"og:type\" content=\"article\" \/>\n<meta property=\"og:title\" content=\"Pneumatikus szennyv\u00edzsz\u00e1ll\u00edt\u00e1s - Pneumatische F\u00f6rdertechnik - OEKERMANN Abwassertechnik\" \/>\n<meta property=\"og:description\" content=\"El\u0151ny\u00f6k Olyan szennyv\u00edzrendszert tervez, melyn\u00e9l a keretfelt\u00e9telek nehezek? Az Oekermann rendszer l\u00e9tes\u00edt\u00e9s\u00e9t k\u00f6vet\u0151en k\u00e9sedelem n\u00e9lk\u00fcl gondoskodhat a k\u00f6vetkez\u0151 projektj\u00e9r\u0151l: Nincs szagterhel\u00e9s, nincs korr\u00f3zi\u00f3 Magass\u00e1gk\u00fcl\u00f6nbs\u00e9gek lek\u00fczd\u00e9se Nagyobb t\u00e1vols\u00e1gok \u00e1thidal\u00e1sa Nincsenek dugul\u00e1sok \u00e9s lerak\u00f3d\u00e1sok Sokoldal\u00fa alkalmaz\u00e1si lehet\u0151s\u00e9gek J\u00f3 gazdas\u00e1goss\u00e1g \u00e9s \u00fczembiztons\u00e1g Kombin\u00e1lt rendszerek egyszer\u0171 fel\u00e9p\u00edt\u00e9se Kompetens \u00e9s gyors szerviz IFAT 2026 \u2013 Ott lesz\u00fcnk a helysz\u00ednen L\u00e1togassonWeiterlesen &quot;Pneumatikus szennyv\u00edzsz\u00e1ll\u00edt\u00e1s&quot;\" \/>\n<meta property=\"og:url\" content=\"https:\/\/www.oekermann.de\/hu\/\" \/>\n<meta property=\"og:site_name\" content=\"Pneumatische F\u00f6rdertechnik - OEKERMANN Abwassertechnik\" \/>\n<meta property=\"article:publisher\" content=\"https:\/\/www.facebook.com\/pages\/Oekermann-Abwassertechnik\/1007781205906685\" \/>\n<meta property=\"article:modified_time\" content=\"2026-02-20T08:58:37+00:00\" \/>\n<meta name=\"twitter:card\" content=\"summary_large_image\" \/>\n<meta name=\"twitter:site\" content=\"@Oekermann\" \/>\n<meta name=\"twitter:label1\" content=\"Est. reading time\" \/>\n\t<meta name=\"twitter:data1\" content=\"5 minutes\" \/>\n<script type=\"application\/ld+json\" class=\"yoast-schema-graph\">{\"@context\":\"https:\\\/\\\/schema.org\",\"@graph\":[{\"@type\":\"WebPage\",\"@id\":\"https:\\\/\\\/www.oekermann.de\\\/hu\\\/\",\"url\":\"https:\\\/\\\/www.oekermann.de\\\/hu\\\/\",\"name\":\"Pneumatikus szennyv\u00edzsz\u00e1ll\u00edt\u00e1s - Pneumatische F\u00f6rdertechnik - OEKERMANN Abwassertechnik\",\"isPartOf\":{\"@id\":\"https:\\\/\\\/www.oekermann.de\\\/#website\"},\"datePublished\":\"2017-02-05T18:00:25+00:00\",\"dateModified\":\"2026-02-20T08:58:37+00:00\",\"breadcrumb\":{\"@id\":\"https:\\\/\\\/www.oekermann.de\\\/hu\\\/#breadcrumb\"},\"inLanguage\":\"hu-HU\",\"potentialAction\":[{\"@type\":\"ReadAction\",\"target\":[\"https:\\\/\\\/www.oekermann.de\\\/hu\\\/\"]}]},{\"@type\":\"BreadcrumbList\",\"@id\":\"https:\\\/\\\/www.oekermann.de\\\/hu\\\/#breadcrumb\",\"itemListElement\":[{\"@type\":\"ListItem\",\"position\":1,\"name\":\"Startseite\",\"item\":\"https:\\\/\\\/www.oekermann.de\\\/hu\\\/\"},{\"@type\":\"ListItem\",\"position\":2,\"name\":\"Pneumatikus szennyv\u00edzsz\u00e1ll\u00edt\u00e1s\"}]},{\"@type\":\"WebSite\",\"@id\":\"https:\\\/\\\/www.oekermann.de\\\/#website\",\"url\":\"https:\\\/\\\/www.oekermann.de\\\/\",\"name\":\"Pneumatische F\u00f6rdertechnik - OEKERMANN Abwassertechnik\",\"description\":\"\",\"potentialAction\":[{\"@type\":\"SearchAction\",\"target\":{\"@type\":\"EntryPoint\",\"urlTemplate\":\"https:\\\/\\\/www.oekermann.de\\\/?s={search_term_string}\"},\"query-input\":{\"@type\":\"PropertyValueSpecification\",\"valueRequired\":true,\"valueName\":\"search_term_string\"}}],\"inLanguage\":\"hu-HU\"}]}<\/script>\n<!-- \/ Yoast SEO plugin. -->","yoast_head_json":{"title":"Pneumatikus szennyv\u00edzsz\u00e1ll\u00edt\u00e1s - Pneumatische F\u00f6rdertechnik - OEKERMANN Abwassertechnik","robots":{"index":"index","follow":"follow","max-snippet":"max-snippet:-1","max-image-preview":"max-image-preview:large","max-video-preview":"max-video-preview:-1"},"canonical":"https:\/\/www.oekermann.de\/hu\/","og_locale":"hu_HU","og_type":"article","og_title":"Pneumatikus szennyv\u00edzsz\u00e1ll\u00edt\u00e1s - Pneumatische F\u00f6rdertechnik - OEKERMANN Abwassertechnik","og_description":"El\u0151ny\u00f6k Olyan szennyv\u00edzrendszert tervez, melyn\u00e9l a keretfelt\u00e9telek nehezek? Az Oekermann rendszer l\u00e9tes\u00edt\u00e9s\u00e9t k\u00f6vet\u0151en k\u00e9sedelem n\u00e9lk\u00fcl gondoskodhat a k\u00f6vetkez\u0151 projektj\u00e9r\u0151l: Nincs szagterhel\u00e9s, nincs korr\u00f3zi\u00f3 Magass\u00e1gk\u00fcl\u00f6nbs\u00e9gek lek\u00fczd\u00e9se Nagyobb t\u00e1vols\u00e1gok \u00e1thidal\u00e1sa Nincsenek dugul\u00e1sok \u00e9s lerak\u00f3d\u00e1sok Sokoldal\u00fa alkalmaz\u00e1si lehet\u0151s\u00e9gek J\u00f3 gazdas\u00e1goss\u00e1g \u00e9s \u00fczembiztons\u00e1g Kombin\u00e1lt rendszerek egyszer\u0171 fel\u00e9p\u00edt\u00e9se Kompetens \u00e9s gyors szerviz IFAT 2026 \u2013 Ott lesz\u00fcnk a helysz\u00ednen L\u00e1togassonWeiterlesen \"Pneumatikus szennyv\u00edzsz\u00e1ll\u00edt\u00e1s\"","og_url":"https:\/\/www.oekermann.de\/hu\/","og_site_name":"Pneumatische F\u00f6rdertechnik - OEKERMANN Abwassertechnik","article_publisher":"https:\/\/www.facebook.com\/pages\/Oekermann-Abwassertechnik\/1007781205906685","article_modified_time":"2026-02-20T08:58:37+00:00","twitter_card":"summary_large_image","twitter_site":"@Oekermann","twitter_misc":{"Est. reading time":"5 minutes"},"schema":{"@context":"https:\/\/schema.org","@graph":[{"@type":"WebPage","@id":"https:\/\/www.oekermann.de\/hu\/","url":"https:\/\/www.oekermann.de\/hu\/","name":"Pneumatikus szennyv\u00edzsz\u00e1ll\u00edt\u00e1s - Pneumatische F\u00f6rdertechnik - OEKERMANN Abwassertechnik","isPartOf":{"@id":"https:\/\/www.oekermann.de\/#website"},"datePublished":"2017-02-05T18:00:25+00:00","dateModified":"2026-02-20T08:58:37+00:00","breadcrumb":{"@id":"https:\/\/www.oekermann.de\/hu\/#breadcrumb"},"inLanguage":"hu-HU","potentialAction":[{"@type":"ReadAction","target":["https:\/\/www.oekermann.de\/hu\/"]}]},{"@type":"BreadcrumbList","@id":"https:\/\/www.oekermann.de\/hu\/#breadcrumb","itemListElement":[{"@type":"ListItem","position":1,"name":"Startseite","item":"https:\/\/www.oekermann.de\/hu\/"},{"@type":"ListItem","position":2,"name":"Pneumatikus szennyv\u00edzsz\u00e1ll\u00edt\u00e1s"}]},{"@type":"WebSite","@id":"https:\/\/www.oekermann.de\/#website","url":"https:\/\/www.oekermann.de\/","name":"Pneumatische F\u00f6rdertechnik - OEKERMANN Abwassertechnik","description":"","potentialAction":[{"@type":"SearchAction","target":{"@type":"EntryPoint","urlTemplate":"https:\/\/www.oekermann.de\/?s={search_term_string}"},"query-input":{"@type":"PropertyValueSpecification","valueRequired":true,"valueName":"search_term_string"}}],"inLanguage":"hu-HU"}]}},"_links":{"self":[{"href":"https:\/\/www.oekermann.de\/hu\/wp-json\/wp\/v2\/pages\/4740","targetHints":{"allow":["GET"]}}],"collection":[{"href":"https:\/\/www.oekermann.de\/hu\/wp-json\/wp\/v2\/pages"}],"about":[{"href":"https:\/\/www.oekermann.de\/hu\/wp-json\/wp\/v2\/types\/page"}],"author":[{"embeddable":true,"href":"https:\/\/www.oekermann.de\/hu\/wp-json\/wp\/v2\/users\/2"}],"replies":[{"embeddable":true,"href":"https:\/\/www.oekermann.de\/hu\/wp-json\/wp\/v2\/comments?post=4740"}],"version-history":[{"count":7,"href":"https:\/\/www.oekermann.de\/hu\/wp-json\/wp\/v2\/pages\/4740\/revisions"}],"predecessor-version":[{"id":5423,"href":"https:\/\/www.oekermann.de\/hu\/wp-json\/wp\/v2\/pages\/4740\/revisions\/5423"}],"wp:attachment":[{"href":"https:\/\/www.oekermann.de\/hu\/wp-json\/wp\/v2\/media?parent=4740"}],"curies":[{"name":"wp","href":"https:\/\/api.w.org\/{rel}","templated":true}]}}