{"id":5034,"date":"2017-02-05T22:11:14","date_gmt":"2017-02-05T21:11:14","guid":{"rendered":"https:\/\/www.oekermann.de\/?page_id=5034"},"modified":"2025-06-23T13:03:15","modified_gmt":"2025-06-23T11:03:15","slug":"automata-lefuvatas","status":"publish","type":"page","link":"https:\/\/www.oekermann.de\/hu\/szakkifejezesek\/automata-lefuvatas\/","title":{"rendered":"Automata lef\u00favat\u00e1s"},"content":{"rendered":"<section>\n<h2>Lef\u00favat\u00e1s<\/h2>\n<p>Az OEKERMANN pneumatikus szennyv\u00edzsz\u00e1ll\u00edt\u00f3 rendszerei automata lef\u00favat\u00e1ssal vannak felszerelve, mely a <a href=\"https:\/\/www.oekermann.de\/vorteile\/druckleitungen\/\">szennyv\u00edz-nyom\u00f3vezet\u00e9keket<\/a> rendszeres id\u0151k\u00f6z\u00f6nk\u00e9nt \u00e1t\u00f6bl\u00edti \u00e9s szinte teljesen \u00fcresre f\u00fajja (= lef\u00favatja).<\/p>\n<p>Ez\u00e1ltal nem tudnak <a href=\"https:\/\/www.oekermann.de\/vorteile\/foerderung-geringer-wassermengen\/\">lerak\u00f3d\u00e1sok keletkezni a nyom\u00f3vezet\u00e9kekben<\/a>; a szennyv\u00edz mindig \u201efriss\u201c marad; \u00edgy k\u00f6nnyebb\u00e9 v\u00e1lik a szennyv\u00edztelepen a tiszt\u00edt\u00e1si folyamat, s\u0151t, az oxig\u00e9nnel val\u00f3 d\u00fas\u00edt\u00e1s el\u0151 is seg\u00edti ezt.<\/p>\n<p><a href=\"https:\/\/www.oekermann.de\/vorteile\/foerderung-geringer-wassermengen\/\">Szaggal kapcsolatos probl\u00e9m\u00e1k<\/a> a k\u00f6zelben lak\u00f3k sz\u00e1m\u00e1ra nem keletkeznek, a szivatty\u00fatelepen \u00e9s a <a href=\"https:\/\/www.oekermann.de\/vorteile\/druckleitungen\/\">nyom\u00f3vezet\u00e9k<\/a> ki\u00f6ml\u0151akn\u00e1j\u00e1n\u00e1l sem.<\/p>\n<p>Az, hogy mikor \u00e9s milyen gyakran aktiv\u00e1l\u00f3djon lef\u00favat\u00e1s, k\u00fcl\u00f6nb\u00f6z\u0151 krit\u00e9riumok alapj\u00e1n a kezel\u0151 k\u00f6nnyen be tudja \u00e1ll\u00edtani az <a href=\"https:\/\/www.oekermann.de\/vorteile\/elektronische-steuerung\/\">OEKERMANN elektronik\u00e1n<\/a> kereszt\u00fcl, \u00e9s sz\u00fcks\u00e9g eset\u00e9n m\u00f3dos\u00edthatja is.<\/p>\n<p>K\u00e9rj\u00fck, ehhez olvassa el a r\u00e9szletes magyar\u00e1zatokat a <a href=\"https:\/\/www.oekermann.de\/downloads\/\">kiadv\u00e1nyokban<\/a>.<\/p>\n<\/section>\n<section class=\"downloads\">\n<div class=\"animate-in\" data-anim-type=\"fade-in-right-big\" data-anim-delay=\"\">\n<div class=\"dl-wrapper\">\n<h2>Let\u00f6lt\u00e9sek a t\u00e9m\u00e1hoz:<\/h2>\n<ul class=\"dl-files\">\n<li class=\"pdf-file-1\"><a href=\"\/res\/pdf\/sonderdruckschriften\/OEKERMANN-Info-02-Die-wichtigsten-Einsatzgruende-fuer-unsere-pneumatischen-Abwasser-Foerderanlagen.pdf\" target=\"_blank\" rel=\"noopener noreferrer\"> A pneumatikus szennyv\u00edzsz\u00e1ll\u00edt\u00f3 rendszerek alkalmaz\u00e1s\u00e1nak legfontosabb okai <\/a><\/li>\n<\/ul>\n<div class=\"dl-all\"><a title=\"Kostenlose Downloads zur Pneumatischen Abwassertechnik\" href=\"https:\/\/www.oekermann.de\/downloads\/\">Ingyenes t\u00e1j\u00e9koztat\u00f3 anyag a pneumatikus szennyv\u00edztechnika t\u00e9m\u00e1j\u00e1ban<\/a><\/div>\n<\/div>\n<\/div>\n<\/section>\n","protected":false},"excerpt":{"rendered":"<p>Lef\u00favat\u00e1s Az OEKERMANN pneumatikus szennyv\u00edzsz\u00e1ll\u00edt\u00f3 rendszerei automata lef\u00favat\u00e1ssal vannak felszerelve, mely a szennyv\u00edz-nyom\u00f3vezet\u00e9keket rendszeres id\u0151k\u00f6z\u00f6nk\u00e9nt \u00e1t\u00f6bl\u00edti \u00e9s szinte teljesen \u00fcresre f\u00fajja (= lef\u00favatja). Ez\u00e1ltal nem tudnak lerak\u00f3d\u00e1sok keletkezni a nyom\u00f3vezet\u00e9kekben; a szennyv\u00edz mindig \u201efriss\u201c marad; \u00edgy k\u00f6nnyebb\u00e9 v\u00e1lik a szennyv\u00edztelepen a tiszt\u00edt\u00e1si folyamat, s\u0151t, az oxig\u00e9nnel val\u00f3 d\u00fas\u00edt\u00e1s el\u0151 is seg\u00edti ezt. Szaggal kapcsolatos probl\u00e9m\u00e1k<\/p>\n<p class=\"link-more\"><a href=\"https:\/\/www.oekermann.de\/hu\/szakkifejezesek\/automata-lefuvatas\/\" class=\"envor-btn\">Weiterlesen<span class=\"screen-reader-text\"> &#8220;Automata lef\u00favat\u00e1s&#8221;<\/span><\/a><\/p>\n","protected":false},"author":2,"featured_media":0,"parent":5102,"menu_order":0,"comment_status":"closed","ping_status":"closed","template":"","meta":{"footnotes":""},"class_list":["post-5034","page","type-page","status-publish","hentry"],"yoast_head":"<!-- This site is optimized with the Yoast SEO plugin v27.4 - https:\/\/yoast.com\/product\/yoast-seo-wordpress\/ -->\n<title>Automata lef\u00favat\u00e1s - Pneumatische F\u00f6rdertechnik - OEKERMANN Abwassertechnik<\/title>\n<meta name=\"robots\" content=\"index, follow, max-snippet:-1, max-image-preview:large, max-video-preview:-1\" \/>\n<link rel=\"canonical\" href=\"https:\/\/www.oekermann.de\/hu\/szakkifejezesek\/automata-lefuvatas\/\" \/>\n<meta property=\"og:locale\" content=\"hu_HU\" \/>\n<meta property=\"og:type\" content=\"article\" \/>\n<meta property=\"og:title\" content=\"Automata lef\u00favat\u00e1s - Pneumatische F\u00f6rdertechnik - OEKERMANN Abwassertechnik\" \/>\n<meta property=\"og:description\" content=\"Lef\u00favat\u00e1s Az OEKERMANN pneumatikus szennyv\u00edzsz\u00e1ll\u00edt\u00f3 rendszerei automata lef\u00favat\u00e1ssal vannak felszerelve, mely a szennyv\u00edz-nyom\u00f3vezet\u00e9keket rendszeres id\u0151k\u00f6z\u00f6nk\u00e9nt \u00e1t\u00f6bl\u00edti \u00e9s szinte teljesen \u00fcresre f\u00fajja (= lef\u00favatja). Ez\u00e1ltal nem tudnak lerak\u00f3d\u00e1sok keletkezni a nyom\u00f3vezet\u00e9kekben; a szennyv\u00edz mindig \u201efriss\u201c marad; \u00edgy k\u00f6nnyebb\u00e9 v\u00e1lik a szennyv\u00edztelepen a tiszt\u00edt\u00e1si folyamat, s\u0151t, az oxig\u00e9nnel val\u00f3 d\u00fas\u00edt\u00e1s el\u0151 is seg\u00edti ezt. Szaggal kapcsolatos probl\u00e9m\u00e1kWeiterlesen &quot;Automata lef\u00favat\u00e1s&quot;\" \/>\n<meta property=\"og:url\" content=\"https:\/\/www.oekermann.de\/hu\/szakkifejezesek\/automata-lefuvatas\/\" \/>\n<meta property=\"og:site_name\" content=\"Pneumatische F\u00f6rdertechnik - OEKERMANN Abwassertechnik\" \/>\n<meta property=\"article:publisher\" content=\"https:\/\/www.facebook.com\/pages\/Oekermann-Abwassertechnik\/1007781205906685\" \/>\n<meta property=\"article:modified_time\" content=\"2025-06-23T11:03:15+00:00\" \/>\n<meta name=\"twitter:card\" content=\"summary_large_image\" \/>\n<meta name=\"twitter:site\" content=\"@Oekermann\" \/>\n<meta name=\"twitter:label1\" content=\"Est. reading time\" \/>\n\t<meta name=\"twitter:data1\" content=\"1 minute\" \/>\n<script type=\"application\/ld+json\" class=\"yoast-schema-graph\">{\"@context\":\"https:\\\/\\\/schema.org\",\"@graph\":[{\"@type\":\"WebPage\",\"@id\":\"https:\\\/\\\/www.oekermann.de\\\/hu\\\/szakkifejezesek\\\/automata-lefuvatas\\\/\",\"url\":\"https:\\\/\\\/www.oekermann.de\\\/hu\\\/szakkifejezesek\\\/automata-lefuvatas\\\/\",\"name\":\"Automata lef\u00favat\u00e1s - Pneumatische F\u00f6rdertechnik - OEKERMANN Abwassertechnik\",\"isPartOf\":{\"@id\":\"https:\\\/\\\/www.oekermann.de\\\/#website\"},\"datePublished\":\"2017-02-05T21:11:14+00:00\",\"dateModified\":\"2025-06-23T11:03:15+00:00\",\"breadcrumb\":{\"@id\":\"https:\\\/\\\/www.oekermann.de\\\/hu\\\/szakkifejezesek\\\/automata-lefuvatas\\\/#breadcrumb\"},\"inLanguage\":\"hu-HU\",\"potentialAction\":[{\"@type\":\"ReadAction\",\"target\":[\"https:\\\/\\\/www.oekermann.de\\\/hu\\\/szakkifejezesek\\\/automata-lefuvatas\\\/\"]}]},{\"@type\":\"BreadcrumbList\",\"@id\":\"https:\\\/\\\/www.oekermann.de\\\/hu\\\/szakkifejezesek\\\/automata-lefuvatas\\\/#breadcrumb\",\"itemListElement\":[{\"@type\":\"ListItem\",\"position\":1,\"name\":\"Startseite\",\"item\":\"https:\\\/\\\/www.oekermann.de\\\/hu\\\/\"},{\"@type\":\"ListItem\",\"position\":2,\"name\":\"Szakkifejez\u00e9sek\",\"item\":\"https:\\\/\\\/www.oekermann.de\\\/hu\\\/szakkifejezesek\\\/\"},{\"@type\":\"ListItem\",\"position\":3,\"name\":\"Automata lef\u00favat\u00e1s\"}]},{\"@type\":\"WebSite\",\"@id\":\"https:\\\/\\\/www.oekermann.de\\\/#website\",\"url\":\"https:\\\/\\\/www.oekermann.de\\\/\",\"name\":\"Pneumatische F\u00f6rdertechnik - OEKERMANN Abwassertechnik\",\"description\":\"\",\"potentialAction\":[{\"@type\":\"SearchAction\",\"target\":{\"@type\":\"EntryPoint\",\"urlTemplate\":\"https:\\\/\\\/www.oekermann.de\\\/?s={search_term_string}\"},\"query-input\":{\"@type\":\"PropertyValueSpecification\",\"valueRequired\":true,\"valueName\":\"search_term_string\"}}],\"inLanguage\":\"hu-HU\"}]}<\/script>\n<!-- \/ Yoast SEO plugin. -->","yoast_head_json":{"title":"Automata lef\u00favat\u00e1s - Pneumatische F\u00f6rdertechnik - OEKERMANN Abwassertechnik","robots":{"index":"index","follow":"follow","max-snippet":"max-snippet:-1","max-image-preview":"max-image-preview:large","max-video-preview":"max-video-preview:-1"},"canonical":"https:\/\/www.oekermann.de\/hu\/szakkifejezesek\/automata-lefuvatas\/","og_locale":"hu_HU","og_type":"article","og_title":"Automata lef\u00favat\u00e1s - Pneumatische F\u00f6rdertechnik - OEKERMANN Abwassertechnik","og_description":"Lef\u00favat\u00e1s Az OEKERMANN pneumatikus szennyv\u00edzsz\u00e1ll\u00edt\u00f3 rendszerei automata lef\u00favat\u00e1ssal vannak felszerelve, mely a szennyv\u00edz-nyom\u00f3vezet\u00e9keket rendszeres id\u0151k\u00f6z\u00f6nk\u00e9nt \u00e1t\u00f6bl\u00edti \u00e9s szinte teljesen \u00fcresre f\u00fajja (= lef\u00favatja). Ez\u00e1ltal nem tudnak lerak\u00f3d\u00e1sok keletkezni a nyom\u00f3vezet\u00e9kekben; a szennyv\u00edz mindig \u201efriss\u201c marad; \u00edgy k\u00f6nnyebb\u00e9 v\u00e1lik a szennyv\u00edztelepen a tiszt\u00edt\u00e1si folyamat, s\u0151t, az oxig\u00e9nnel val\u00f3 d\u00fas\u00edt\u00e1s el\u0151 is seg\u00edti ezt. Szaggal kapcsolatos probl\u00e9m\u00e1kWeiterlesen \"Automata lef\u00favat\u00e1s\"","og_url":"https:\/\/www.oekermann.de\/hu\/szakkifejezesek\/automata-lefuvatas\/","og_site_name":"Pneumatische F\u00f6rdertechnik - OEKERMANN Abwassertechnik","article_publisher":"https:\/\/www.facebook.com\/pages\/Oekermann-Abwassertechnik\/1007781205906685","article_modified_time":"2025-06-23T11:03:15+00:00","twitter_card":"summary_large_image","twitter_site":"@Oekermann","twitter_misc":{"Est. reading time":"1 minute"},"schema":{"@context":"https:\/\/schema.org","@graph":[{"@type":"WebPage","@id":"https:\/\/www.oekermann.de\/hu\/szakkifejezesek\/automata-lefuvatas\/","url":"https:\/\/www.oekermann.de\/hu\/szakkifejezesek\/automata-lefuvatas\/","name":"Automata lef\u00favat\u00e1s - Pneumatische F\u00f6rdertechnik - OEKERMANN Abwassertechnik","isPartOf":{"@id":"https:\/\/www.oekermann.de\/#website"},"datePublished":"2017-02-05T21:11:14+00:00","dateModified":"2025-06-23T11:03:15+00:00","breadcrumb":{"@id":"https:\/\/www.oekermann.de\/hu\/szakkifejezesek\/automata-lefuvatas\/#breadcrumb"},"inLanguage":"hu-HU","potentialAction":[{"@type":"ReadAction","target":["https:\/\/www.oekermann.de\/hu\/szakkifejezesek\/automata-lefuvatas\/"]}]},{"@type":"BreadcrumbList","@id":"https:\/\/www.oekermann.de\/hu\/szakkifejezesek\/automata-lefuvatas\/#breadcrumb","itemListElement":[{"@type":"ListItem","position":1,"name":"Startseite","item":"https:\/\/www.oekermann.de\/hu\/"},{"@type":"ListItem","position":2,"name":"Szakkifejez\u00e9sek","item":"https:\/\/www.oekermann.de\/hu\/szakkifejezesek\/"},{"@type":"ListItem","position":3,"name":"Automata lef\u00favat\u00e1s"}]},{"@type":"WebSite","@id":"https:\/\/www.oekermann.de\/#website","url":"https:\/\/www.oekermann.de\/","name":"Pneumatische F\u00f6rdertechnik - OEKERMANN Abwassertechnik","description":"","potentialAction":[{"@type":"SearchAction","target":{"@type":"EntryPoint","urlTemplate":"https:\/\/www.oekermann.de\/?s={search_term_string}"},"query-input":{"@type":"PropertyValueSpecification","valueRequired":true,"valueName":"search_term_string"}}],"inLanguage":"hu-HU"}]}},"_links":{"self":[{"href":"https:\/\/www.oekermann.de\/hu\/wp-json\/wp\/v2\/pages\/5034","targetHints":{"allow":["GET"]}}],"collection":[{"href":"https:\/\/www.oekermann.de\/hu\/wp-json\/wp\/v2\/pages"}],"about":[{"href":"https:\/\/www.oekermann.de\/hu\/wp-json\/wp\/v2\/types\/page"}],"author":[{"embeddable":true,"href":"https:\/\/www.oekermann.de\/hu\/wp-json\/wp\/v2\/users\/2"}],"replies":[{"embeddable":true,"href":"https:\/\/www.oekermann.de\/hu\/wp-json\/wp\/v2\/comments?post=5034"}],"version-history":[{"count":2,"href":"https:\/\/www.oekermann.de\/hu\/wp-json\/wp\/v2\/pages\/5034\/revisions"}],"predecessor-version":[{"id":5222,"href":"https:\/\/www.oekermann.de\/hu\/wp-json\/wp\/v2\/pages\/5034\/revisions\/5222"}],"up":[{"embeddable":true,"href":"https:\/\/www.oekermann.de\/hu\/wp-json\/wp\/v2\/pages\/5102"}],"wp:attachment":[{"href":"https:\/\/www.oekermann.de\/hu\/wp-json\/wp\/v2\/media?parent=5034"}],"curies":[{"name":"wp","href":"https:\/\/api.w.org\/{rel}","templated":true}]}}