{"id":5036,"date":"2017-02-05T22:18:52","date_gmt":"2017-02-05T21:18:52","guid":{"rendered":"https:\/\/www.oekermann.de\/?page_id=5036"},"modified":"2025-06-23T13:04:03","modified_gmt":"2025-06-23T11:04:03","slug":"vakuumos-viztelenites","status":"publish","type":"page","link":"https:\/\/www.oekermann.de\/hu\/szakkifejezesek\/vakuumos-viztelenites\/","title":{"rendered":"V\u00e1kuumos v\u00edztelen\u00edt\u00e9s"},"content":{"rendered":"<section>A v\u00e1kuumos v\u00edztelen\u00edt\u00e9s egy olyan tov\u00e1bbi rendszer, melyn\u00e9l a legt\u00f6bbsz\u00f6r k\u00f6zponti elhelyez\u00e9sben egy 1 vagy 2 gy\u0171jt\u0151tart\u00e1llyal rendelkez\u0151 v\u00e1kuum\u00e1llom\u00e1st l\u00e9tes\u00edtenek.<\/p>\n<p>Az OEKERMANN nem forgalmaz v\u00e1kuumos berendez\u00e9seket, azonban \u00e9szszer\u0171 lehet a v\u00e1kuumos rendszerb\u0151l \u00e9s az OEKERMANN pneumatikus szennyv\u00edzsz\u00e1ll\u00edt\u00e1s\u00e1b\u00f3l \u00e1ll\u00f3 kombin\u00e1ci\u00f3. N\u00e9h\u00e1ny esetben ezt m\u00e1r sikeresen alkalmazt\u00e1k.<\/p>\n<p>A v\u00e1kuum\u00e1llom\u00e1sb\u00f3l a legt\u00f6bbsz\u00f6r csillag alakzatban sz\u00edv\u00f3vezet\u00e9kek indulnak ki a v\u00edztelen\u00edteni k\u00edv\u00e1nt telkek ir\u00e1ny\u00e1ba. Ezek csatlakoz\u00f3 interf\u00e9szk\u00e9nt egy akn\u00e1ban felszerelend\u0151 szelepkombin\u00e1ci\u00f3t kapnak.<\/p>\n<p>Amint az ingatlanon bizonyos mennyis\u00e9g\u0171 szennyv\u00edz keletkezik, a szelepkombin\u00e1ci\u00f3 kinyit. A sz\u00edv\u00f3vezet\u00e9kben l\u00e9v\u0151 v\u00e1kuum felsz\u00edvja a szennyvizet, a keletkez\u0151 l\u00e9g\u00e1ram a v\u00e1kuum\u00e1llom\u00e1s ir\u00e1ny\u00e1ba sz\u00e1ll\u00edtja a szennyvizet, ahonnan gravit\u00e1ci\u00f3s ejt\u0151csatorn\u00e1n, <a href=\"https:\/\/www.oekermann.de\/vorteile\/druckleitungen\/\">szivatty\u00fa-nyom\u00f3vezet\u00e9ken<\/a> vagy pneumatikus sz\u00e1ll\u00edt\u00e1son kereszt\u00fcl a szennyv\u00edztelepre tov\u00e1bb\u00edt\u00f3dik.<\/p>\n<p>Ezt a technik\u00e1t csak nagyon speci\u00e1lis, t\u00e9rben korl\u00e1tozott alkalmaz\u00e1si esetekben lehet sikeresen haszn\u00e1lni. A helyi szitu\u00e1ci\u00f3 f\u00fcggv\u00e9ny\u00e9ben \u00e9ppens\u00e9ggel a v\u00e1kuumos v\u00edztelen\u00edt\u00e9s \u00e9s a pneumatikus sz\u00e1ll\u00edt\u00e1s kombin\u00e1ci\u00f3jak\u00e9nt is.<\/p>\n<p><img decoding=\"async\" class=\"img-1\" src=\"\/res\/OEKERMANN-Kombination-Vakuum-+-Pneumatik.jpg\" alt=\"OEKERMANN - Vakuumentw\u00e4sserung\" \/><\/p>\n<\/section>\n<section class=\"downloads\">\n<div class=\"animate-in\" data-anim-type=\"fade-in-right-big\" data-anim-delay=\"\">\n<div class=\"dl-wrapper\">\n<h2>Let\u00f6lt\u00e9sek a t\u00e9m\u00e1hoz:<\/h2>\n<ul class=\"dl-files\">\n<li class=\"pdf-file-1\"><a href=\"\/res\/pdf\/sonderdruckschriften\/OEKERMANN-Info-02-Die-wichtigsten-Einsatzgruende-fuer-unsere-pneumatischen-Abwasser-Foerderanlagen.pdf\" target=\"_blank\" rel=\"noopener\"> A pneumatikus szennyv\u00edzsz\u00e1ll\u00edt\u00f3 rendszerek alkalmaz\u00e1s\u00e1nak legfontosabb okai <\/a><\/li>\n<\/ul>\n<div class=\"dl-all\"><a title=\"Kostenlose Downloads zur Pneumatischen Abwassertechnik\" href=\"https:\/\/www.oekermann.de\/downloads\/\">Ingyenes t\u00e1j\u00e9koztat\u00f3 anyag a pneumatikus szennyv\u00edztechnika t\u00e9m\u00e1j\u00e1ban<\/a><\/div>\n<\/div>\n<\/div>\n<\/section>\n","protected":false},"excerpt":{"rendered":"<p>A v\u00e1kuumos v\u00edztelen\u00edt\u00e9s egy olyan tov\u00e1bbi rendszer, melyn\u00e9l a legt\u00f6bbsz\u00f6r k\u00f6zponti elhelyez\u00e9sben egy 1 vagy 2 gy\u0171jt\u0151tart\u00e1llyal rendelkez\u0151 v\u00e1kuum\u00e1llom\u00e1st l\u00e9tes\u00edtenek. Az OEKERMANN nem forgalmaz v\u00e1kuumos berendez\u00e9seket, azonban \u00e9szszer\u0171 lehet a v\u00e1kuumos rendszerb\u0151l \u00e9s az OEKERMANN pneumatikus szennyv\u00edzsz\u00e1ll\u00edt\u00e1s\u00e1b\u00f3l \u00e1ll\u00f3 kombin\u00e1ci\u00f3. N\u00e9h\u00e1ny esetben ezt m\u00e1r sikeresen alkalmazt\u00e1k. A v\u00e1kuum\u00e1llom\u00e1sb\u00f3l a legt\u00f6bbsz\u00f6r csillag alakzatban sz\u00edv\u00f3vezet\u00e9kek indulnak ki a<\/p>\n<p class=\"link-more\"><a href=\"https:\/\/www.oekermann.de\/hu\/szakkifejezesek\/vakuumos-viztelenites\/\" class=\"envor-btn\">Weiterlesen<span class=\"screen-reader-text\"> &#8220;V\u00e1kuumos v\u00edztelen\u00edt\u00e9s&#8221;<\/span><\/a><\/p>\n","protected":false},"author":2,"featured_media":0,"parent":5102,"menu_order":0,"comment_status":"closed","ping_status":"closed","template":"","meta":{"footnotes":""},"class_list":["post-5036","page","type-page","status-publish","hentry"],"yoast_head":"<!-- This site is optimized with the Yoast SEO plugin v27.4 - https:\/\/yoast.com\/product\/yoast-seo-wordpress\/ -->\n<title>V\u00e1kuumos v\u00edztelen\u00edt\u00e9s - Pneumatische F\u00f6rdertechnik - OEKERMANN Abwassertechnik<\/title>\n<meta name=\"robots\" content=\"index, follow, max-snippet:-1, max-image-preview:large, max-video-preview:-1\" \/>\n<link rel=\"canonical\" href=\"https:\/\/www.oekermann.de\/hu\/szakkifejezesek\/vakuumos-viztelenites\/\" \/>\n<meta property=\"og:locale\" content=\"hu_HU\" \/>\n<meta property=\"og:type\" content=\"article\" \/>\n<meta property=\"og:title\" content=\"V\u00e1kuumos v\u00edztelen\u00edt\u00e9s - Pneumatische F\u00f6rdertechnik - OEKERMANN Abwassertechnik\" \/>\n<meta property=\"og:description\" content=\"A v\u00e1kuumos v\u00edztelen\u00edt\u00e9s egy olyan tov\u00e1bbi rendszer, melyn\u00e9l a legt\u00f6bbsz\u00f6r k\u00f6zponti elhelyez\u00e9sben egy 1 vagy 2 gy\u0171jt\u0151tart\u00e1llyal rendelkez\u0151 v\u00e1kuum\u00e1llom\u00e1st l\u00e9tes\u00edtenek. Az OEKERMANN nem forgalmaz v\u00e1kuumos berendez\u00e9seket, azonban \u00e9szszer\u0171 lehet a v\u00e1kuumos rendszerb\u0151l \u00e9s az OEKERMANN pneumatikus szennyv\u00edzsz\u00e1ll\u00edt\u00e1s\u00e1b\u00f3l \u00e1ll\u00f3 kombin\u00e1ci\u00f3. N\u00e9h\u00e1ny esetben ezt m\u00e1r sikeresen alkalmazt\u00e1k. A v\u00e1kuum\u00e1llom\u00e1sb\u00f3l a legt\u00f6bbsz\u00f6r csillag alakzatban sz\u00edv\u00f3vezet\u00e9kek indulnak ki aWeiterlesen &quot;V\u00e1kuumos v\u00edztelen\u00edt\u00e9s&quot;\" \/>\n<meta property=\"og:url\" content=\"https:\/\/www.oekermann.de\/hu\/szakkifejezesek\/vakuumos-viztelenites\/\" \/>\n<meta property=\"og:site_name\" content=\"Pneumatische F\u00f6rdertechnik - OEKERMANN Abwassertechnik\" \/>\n<meta property=\"article:publisher\" content=\"https:\/\/www.facebook.com\/pages\/Oekermann-Abwassertechnik\/1007781205906685\" \/>\n<meta property=\"article:modified_time\" content=\"2025-06-23T11:04:03+00:00\" \/>\n<meta name=\"twitter:card\" content=\"summary_large_image\" \/>\n<meta name=\"twitter:site\" content=\"@Oekermann\" \/>\n<meta name=\"twitter:label1\" content=\"Est. reading time\" \/>\n\t<meta name=\"twitter:data1\" content=\"1 minute\" \/>\n<script type=\"application\/ld+json\" class=\"yoast-schema-graph\">{\"@context\":\"https:\\\/\\\/schema.org\",\"@graph\":[{\"@type\":\"WebPage\",\"@id\":\"https:\\\/\\\/www.oekermann.de\\\/hu\\\/szakkifejezesek\\\/vakuumos-viztelenites\\\/\",\"url\":\"https:\\\/\\\/www.oekermann.de\\\/hu\\\/szakkifejezesek\\\/vakuumos-viztelenites\\\/\",\"name\":\"V\u00e1kuumos v\u00edztelen\u00edt\u00e9s - Pneumatische F\u00f6rdertechnik - OEKERMANN Abwassertechnik\",\"isPartOf\":{\"@id\":\"https:\\\/\\\/www.oekermann.de\\\/#website\"},\"datePublished\":\"2017-02-05T21:18:52+00:00\",\"dateModified\":\"2025-06-23T11:04:03+00:00\",\"breadcrumb\":{\"@id\":\"https:\\\/\\\/www.oekermann.de\\\/hu\\\/szakkifejezesek\\\/vakuumos-viztelenites\\\/#breadcrumb\"},\"inLanguage\":\"hu-HU\",\"potentialAction\":[{\"@type\":\"ReadAction\",\"target\":[\"https:\\\/\\\/www.oekermann.de\\\/hu\\\/szakkifejezesek\\\/vakuumos-viztelenites\\\/\"]}]},{\"@type\":\"BreadcrumbList\",\"@id\":\"https:\\\/\\\/www.oekermann.de\\\/hu\\\/szakkifejezesek\\\/vakuumos-viztelenites\\\/#breadcrumb\",\"itemListElement\":[{\"@type\":\"ListItem\",\"position\":1,\"name\":\"Startseite\",\"item\":\"https:\\\/\\\/www.oekermann.de\\\/hu\\\/\"},{\"@type\":\"ListItem\",\"position\":2,\"name\":\"Szakkifejez\u00e9sek\",\"item\":\"https:\\\/\\\/www.oekermann.de\\\/hu\\\/szakkifejezesek\\\/\"},{\"@type\":\"ListItem\",\"position\":3,\"name\":\"V\u00e1kuumos v\u00edztelen\u00edt\u00e9s\"}]},{\"@type\":\"WebSite\",\"@id\":\"https:\\\/\\\/www.oekermann.de\\\/#website\",\"url\":\"https:\\\/\\\/www.oekermann.de\\\/\",\"name\":\"Pneumatische F\u00f6rdertechnik - OEKERMANN Abwassertechnik\",\"description\":\"\",\"potentialAction\":[{\"@type\":\"SearchAction\",\"target\":{\"@type\":\"EntryPoint\",\"urlTemplate\":\"https:\\\/\\\/www.oekermann.de\\\/?s={search_term_string}\"},\"query-input\":{\"@type\":\"PropertyValueSpecification\",\"valueRequired\":true,\"valueName\":\"search_term_string\"}}],\"inLanguage\":\"hu-HU\"}]}<\/script>\n<!-- \/ Yoast SEO plugin. -->","yoast_head_json":{"title":"V\u00e1kuumos v\u00edztelen\u00edt\u00e9s - Pneumatische F\u00f6rdertechnik - OEKERMANN Abwassertechnik","robots":{"index":"index","follow":"follow","max-snippet":"max-snippet:-1","max-image-preview":"max-image-preview:large","max-video-preview":"max-video-preview:-1"},"canonical":"https:\/\/www.oekermann.de\/hu\/szakkifejezesek\/vakuumos-viztelenites\/","og_locale":"hu_HU","og_type":"article","og_title":"V\u00e1kuumos v\u00edztelen\u00edt\u00e9s - Pneumatische F\u00f6rdertechnik - OEKERMANN Abwassertechnik","og_description":"A v\u00e1kuumos v\u00edztelen\u00edt\u00e9s egy olyan tov\u00e1bbi rendszer, melyn\u00e9l a legt\u00f6bbsz\u00f6r k\u00f6zponti elhelyez\u00e9sben egy 1 vagy 2 gy\u0171jt\u0151tart\u00e1llyal rendelkez\u0151 v\u00e1kuum\u00e1llom\u00e1st l\u00e9tes\u00edtenek. Az OEKERMANN nem forgalmaz v\u00e1kuumos berendez\u00e9seket, azonban \u00e9szszer\u0171 lehet a v\u00e1kuumos rendszerb\u0151l \u00e9s az OEKERMANN pneumatikus szennyv\u00edzsz\u00e1ll\u00edt\u00e1s\u00e1b\u00f3l \u00e1ll\u00f3 kombin\u00e1ci\u00f3. N\u00e9h\u00e1ny esetben ezt m\u00e1r sikeresen alkalmazt\u00e1k. A v\u00e1kuum\u00e1llom\u00e1sb\u00f3l a legt\u00f6bbsz\u00f6r csillag alakzatban sz\u00edv\u00f3vezet\u00e9kek indulnak ki aWeiterlesen \"V\u00e1kuumos v\u00edztelen\u00edt\u00e9s\"","og_url":"https:\/\/www.oekermann.de\/hu\/szakkifejezesek\/vakuumos-viztelenites\/","og_site_name":"Pneumatische F\u00f6rdertechnik - OEKERMANN Abwassertechnik","article_publisher":"https:\/\/www.facebook.com\/pages\/Oekermann-Abwassertechnik\/1007781205906685","article_modified_time":"2025-06-23T11:04:03+00:00","twitter_card":"summary_large_image","twitter_site":"@Oekermann","twitter_misc":{"Est. reading time":"1 minute"},"schema":{"@context":"https:\/\/schema.org","@graph":[{"@type":"WebPage","@id":"https:\/\/www.oekermann.de\/hu\/szakkifejezesek\/vakuumos-viztelenites\/","url":"https:\/\/www.oekermann.de\/hu\/szakkifejezesek\/vakuumos-viztelenites\/","name":"V\u00e1kuumos v\u00edztelen\u00edt\u00e9s - Pneumatische F\u00f6rdertechnik - OEKERMANN Abwassertechnik","isPartOf":{"@id":"https:\/\/www.oekermann.de\/#website"},"datePublished":"2017-02-05T21:18:52+00:00","dateModified":"2025-06-23T11:04:03+00:00","breadcrumb":{"@id":"https:\/\/www.oekermann.de\/hu\/szakkifejezesek\/vakuumos-viztelenites\/#breadcrumb"},"inLanguage":"hu-HU","potentialAction":[{"@type":"ReadAction","target":["https:\/\/www.oekermann.de\/hu\/szakkifejezesek\/vakuumos-viztelenites\/"]}]},{"@type":"BreadcrumbList","@id":"https:\/\/www.oekermann.de\/hu\/szakkifejezesek\/vakuumos-viztelenites\/#breadcrumb","itemListElement":[{"@type":"ListItem","position":1,"name":"Startseite","item":"https:\/\/www.oekermann.de\/hu\/"},{"@type":"ListItem","position":2,"name":"Szakkifejez\u00e9sek","item":"https:\/\/www.oekermann.de\/hu\/szakkifejezesek\/"},{"@type":"ListItem","position":3,"name":"V\u00e1kuumos v\u00edztelen\u00edt\u00e9s"}]},{"@type":"WebSite","@id":"https:\/\/www.oekermann.de\/#website","url":"https:\/\/www.oekermann.de\/","name":"Pneumatische F\u00f6rdertechnik - OEKERMANN Abwassertechnik","description":"","potentialAction":[{"@type":"SearchAction","target":{"@type":"EntryPoint","urlTemplate":"https:\/\/www.oekermann.de\/?s={search_term_string}"},"query-input":{"@type":"PropertyValueSpecification","valueRequired":true,"valueName":"search_term_string"}}],"inLanguage":"hu-HU"}]}},"_links":{"self":[{"href":"https:\/\/www.oekermann.de\/hu\/wp-json\/wp\/v2\/pages\/5036","targetHints":{"allow":["GET"]}}],"collection":[{"href":"https:\/\/www.oekermann.de\/hu\/wp-json\/wp\/v2\/pages"}],"about":[{"href":"https:\/\/www.oekermann.de\/hu\/wp-json\/wp\/v2\/types\/page"}],"author":[{"embeddable":true,"href":"https:\/\/www.oekermann.de\/hu\/wp-json\/wp\/v2\/users\/2"}],"replies":[{"embeddable":true,"href":"https:\/\/www.oekermann.de\/hu\/wp-json\/wp\/v2\/comments?post=5036"}],"version-history":[{"count":2,"href":"https:\/\/www.oekermann.de\/hu\/wp-json\/wp\/v2\/pages\/5036\/revisions"}],"predecessor-version":[{"id":5224,"href":"https:\/\/www.oekermann.de\/hu\/wp-json\/wp\/v2\/pages\/5036\/revisions\/5224"}],"up":[{"embeddable":true,"href":"https:\/\/www.oekermann.de\/hu\/wp-json\/wp\/v2\/pages\/5102"}],"wp:attachment":[{"href":"https:\/\/www.oekermann.de\/hu\/wp-json\/wp\/v2\/media?parent=5036"}],"curies":[{"name":"wp","href":"https:\/\/api.w.org\/{rel}","templated":true}]}}