{"id":5037,"date":"2018-02-07T12:53:51","date_gmt":"2018-02-07T11:53:51","guid":{"rendered":"https:\/\/www.oekermann.de\/?page_id=5037"},"modified":"2025-06-11T14:52:59","modified_gmt":"2025-06-11T12:52:59","slug":"alkalmazasi-esetek","status":"publish","type":"page","link":"https:\/\/www.oekermann.de\/hu\/alkalmazasi-esetek\/","title":{"rendered":"Alkalmaz\u00e1si esetek"},"content":{"rendered":"<section>\n<h2>Pneumatikus szennyv\u00edzszivatty\u00fa-telepek alkalmaz\u00e1si ter\u00fcletei:<\/h2>\n<ul class=\"list-2\">\n<li><a href=\"https:\/\/www.oekermann.de\/projekt-fotos\/siedlungen-im-laendlichen-raum\/\">Kis vid\u00e9ki helys\u00e9gek<\/a><\/li>\n<li>Ipari ter\u00fcletek<\/li>\n<li><a href=\"https:\/\/www.oekermann.de\/projekt-fotos\/freizeitanlagen-campingplaetze\/\">Szabadid\u0151s l\u00e9tes\u00edtm\u00e9nyek<\/a><\/li>\n<li>T\u00e1vol fekv\u0151 vend\u00e9gfogad\u00f3k vagy<a href=\"https:\/\/www.oekermann.de\/?page_id=3696\">term\u00e9szetbar\u00e1t-h\u00e1zak<\/a>, ifj\u00fas\u00e1gi sz\u00e1ll\u00f3k<\/li>\n<li>sport- \u00e9s <a href=\"https:\/\/www.oekermann.de\/anwendungsfaelle\/abwasserentsorgung-von-golfclubs\/\">golfp\u00e1ly\u00e1k<\/a><\/li>\n<li><a href=\"https:\/\/www.oekermann.de\/anwendungsfaelle\/abwasserentsorgung-von-autobahn-rastplaetzen\/\">Aut\u00f3p\u00e1lya-pihen\u0151helyek<\/a><\/li>\n<li>V\u00edzv\u00e9delmi ter\u00fcletek<\/li>\n<li>Rep\u00fcl\u0151terek<\/li>\n<li><a href=\"https:\/\/www.oekermann.de\/vorteile\/verbundsysteme\/\">T\u00f6bb telep\u00fcl\u00e9sr\u00e9sz<\/a><\/li>\n<li><a href=\"https:\/\/www.oekermann.de\/vorteile\/verbundsysteme\/\">R\u00e1k\u00f6t\u00e9s egy m\u00e1r megl\u00e9v\u0151 pneumatikus m\u0171k\u00f6dtet\u00e9s\u0171 nyom\u00f3vezet\u00e9kre<\/a><\/li>\n<li><a href=\"https:\/\/www.oekermann.de\/produktgruppen\/1-kessel-doppelanlagen\/\">H\u00e1zcsoporttok<\/a><\/li>\n<li><a href=\"https:\/\/www.oekermann.de\/anwendungsfaelle\/pneumatische-abwasserfoerderung-in-der-landwirtschaft\/\">Tany\u00e1k<\/a><\/li>\n<li><a href=\"https:\/\/www.oekermann.de\/produktgruppen\/kleine-anlagen\/\">T\u00e1vol fekv\u0151 k\u00fcl\u00f6n\u00e1ll\u00f3 h\u00e1zak<\/a><\/li>\n<li><a href=\"https:\/\/www.oekermann.de\/projekt-fotos\/industrieanlagen\/\">A be\u00e9p\u00edtett ter\u00fclett\u0151l t\u00e1vol fekv\u0151 ipari ter\u00fcletek<\/a><\/li>\n<li><a href=\"https:\/\/www.oekermann.de\/fachbegriffe\/sickerwasserableitung\/\">Hullad\u00e9klerak\u00f3ksziv\u00e1rg\u00f3 vize<\/a><\/li>\n<li>Katonai dep\u00f3k (hadsereg, NATO)<\/li>\n<li><a href=\"https:\/\/www.oekermann.de\/2016\/04\/01\/pneumatische-pumpwerke-fuer-den-bereich-energieversorgung\/\">Transzform\u00e1tor\u00e1llom\u00e1sok<\/a><\/li>\n<\/ul>\n<p>&nbsp;<\/p>\n<style type=\"text\/css\">\n#foogallery-gallery-912 .fg-image { width: 340px; }\n#foogallery-gallery-912 { --fg-gutter: 10px; }<\/style>\n\t\t\t<div class=\"foogallery foogallery-container foogallery-default foogallery-lightbox-foobox fg-center fg-default fg-ready fg-light fg-border-thin fg-shadow-outline fg-loading-default fg-loaded-fade-in fg-caption-hover fg-hover-fade fg-hover-zoom\" id=\"foogallery-gallery-912\" data-foogallery=\"{&quot;item&quot;:{&quot;showCaptionTitle&quot;:true,&quot;showCaptionDescription&quot;:true},&quot;lazy&quot;:true}\" style=\"--fg-title-line-clamp: 0; --fg-description-line-clamp: 0;\" >\n\t<div class=\"fg-item fg-type-image fg-idle\"><figure class=\"fg-item-inner\"><a href=\"https:\/\/www.oekermann.de\/wp-content\/uploads\/2018\/02\/zzzzzzzzz-033_Zuschnitt.jpg\" data-attachment-id=\"3041\" data-type=\"image\" class=\"fg-thumb\"><span class=\"fg-image-wrap\"><img fetchpriority=\"high\" decoding=\"async\" alt=\"Arbeitsbeh\u00e4lter f\u00fcr die pneumatische Abwasserf\u00f6rderung - OEKERMANN Abwassertechnik\" width=\"340\" height=\"250\" class=\"skip-lazy fg-image\" data-src-fg=\"https:\/\/www.oekermann.de\/wp-content\/uploads\/cache\/2018\/02\/zzzzzzzzz-033_Zuschnitt\/1587534431.jpg\" src=\"data:image\/svg+xml,%3Csvg%20xmlns%3D%22http%3A%2F%2Fwww.w3.org%2F2000%2Fsvg%22%20width%3D%22340%22%20height%3D%22250%22%20viewBox%3D%220%200%20340%20250%22%3E%3C%2Fsvg%3E\" loading=\"eager\"><\/span><span class=\"fg-image-overlay\"><\/span><\/a><\/figure><div class=\"fg-loader\"><\/div><\/div><div class=\"fg-item fg-type-image fg-idle\"><figure class=\"fg-item-inner\"><a href=\"https:\/\/www.oekermann.de\/wp-content\/uploads\/2018\/02\/DSC07037.jpg\" data-attachment-id=\"3038\" data-type=\"image\" class=\"fg-thumb\"><span class=\"fg-image-wrap\"><img decoding=\"async\" alt=\"Pneumatische Abwasserf\u00f6rderanlage unterflur aufgestellt - OEKERMANN Abwassertechnik\" width=\"340\" height=\"250\" class=\"skip-lazy fg-image\" data-src-fg=\"https:\/\/www.oekermann.de\/wp-content\/uploads\/cache\/2018\/02\/DSC07037\/452440539.jpg\" src=\"data:image\/svg+xml,%3Csvg%20xmlns%3D%22http%3A%2F%2Fwww.w3.org%2F2000%2Fsvg%22%20width%3D%22340%22%20height%3D%22250%22%20viewBox%3D%220%200%20340%20250%22%3E%3C%2Fsvg%3E\" loading=\"eager\"><\/span><span class=\"fg-image-overlay\"><\/span><\/a><\/figure><div class=\"fg-loader\"><\/div><\/div><div class=\"fg-item fg-type-image fg-idle\"><figure class=\"fg-item-inner\"><a href=\"https:\/\/www.oekermann.de\/wp-content\/uploads\/2018\/02\/DSC_0288.jpg\" data-attachment-id=\"3036\" data-type=\"image\" class=\"fg-thumb\"><span class=\"fg-image-wrap\"><img decoding=\"async\" alt=\"Kleine Abwasserpumpstation - OEKERMANN Abwassertechnik\" width=\"340\" height=\"250\" class=\"skip-lazy fg-image\" data-src-fg=\"https:\/\/www.oekermann.de\/wp-content\/uploads\/cache\/2018\/02\/DSC_0288\/2704779451.jpg\" src=\"data:image\/svg+xml,%3Csvg%20xmlns%3D%22http%3A%2F%2Fwww.w3.org%2F2000%2Fsvg%22%20width%3D%22340%22%20height%3D%22250%22%20viewBox%3D%220%200%20340%20250%22%3E%3C%2Fsvg%3E\" loading=\"eager\"><\/span><span class=\"fg-image-overlay\"><\/span><\/a><\/figure><div class=\"fg-loader\"><\/div><\/div><div class=\"fg-item fg-type-image fg-idle\"><figure class=\"fg-item-inner\"><a href=\"https:\/\/www.oekermann.de\/wp-content\/uploads\/2018\/02\/DSC048931-zuschnitt.jpg\" data-attachment-id=\"3033\" data-type=\"image\" class=\"fg-thumb\"><span class=\"fg-image-wrap\"><img decoding=\"async\" alt=\"Schraubenkompressoren und Druckbeh\u00e4lter - OEKERMANN Abwassertechnik\" width=\"340\" height=\"250\" class=\"skip-lazy fg-image\" data-src-fg=\"https:\/\/www.oekermann.de\/wp-content\/uploads\/cache\/2018\/02\/DSC048931-zuschnitt\/1472100543.jpg\" src=\"data:image\/svg+xml,%3Csvg%20xmlns%3D%22http%3A%2F%2Fwww.w3.org%2F2000%2Fsvg%22%20width%3D%22340%22%20height%3D%22250%22%20viewBox%3D%220%200%20340%20250%22%3E%3C%2Fsvg%3E\" loading=\"eager\"><\/span><span class=\"fg-image-overlay\"><\/span><\/a><\/figure><div class=\"fg-loader\"><\/div><\/div><\/div>\n\n<\/section>\n","protected":false},"excerpt":{"rendered":"<p>Pneumatikus szennyv\u00edzszivatty\u00fa-telepek alkalmaz\u00e1si ter\u00fcletei: Kis vid\u00e9ki helys\u00e9gek Ipari ter\u00fcletek Szabadid\u0151s l\u00e9tes\u00edtm\u00e9nyek T\u00e1vol fekv\u0151 vend\u00e9gfogad\u00f3k vagyterm\u00e9szetbar\u00e1t-h\u00e1zak, ifj\u00fas\u00e1gi sz\u00e1ll\u00f3k sport- \u00e9s golfp\u00e1ly\u00e1k Aut\u00f3p\u00e1lya-pihen\u0151helyek V\u00edzv\u00e9delmi ter\u00fcletek Rep\u00fcl\u0151terek T\u00f6bb telep\u00fcl\u00e9sr\u00e9sz R\u00e1k\u00f6t\u00e9s egy m\u00e1r megl\u00e9v\u0151 pneumatikus m\u0171k\u00f6dtet\u00e9s\u0171 nyom\u00f3vezet\u00e9kre H\u00e1zcsoporttok Tany\u00e1k T\u00e1vol fekv\u0151 k\u00fcl\u00f6n\u00e1ll\u00f3 h\u00e1zak A be\u00e9p\u00edtett ter\u00fclett\u0151l t\u00e1vol fekv\u0151 ipari ter\u00fcletek Hullad\u00e9klerak\u00f3ksziv\u00e1rg\u00f3 vize Katonai dep\u00f3k (hadsereg, NATO) Transzform\u00e1tor\u00e1llom\u00e1sok &nbsp;<\/p>\n","protected":false},"author":2,"featured_media":0,"parent":0,"menu_order":0,"comment_status":"closed","ping_status":"closed","template":"","meta":{"footnotes":""},"class_list":["post-5037","page","type-page","status-publish","hentry"],"yoast_head":"<!-- This site is optimized with the Yoast SEO plugin v27.4 - https:\/\/yoast.com\/product\/yoast-seo-wordpress\/ -->\n<title>Alkalmaz\u00e1si esetek - Pneumatische F\u00f6rdertechnik - OEKERMANN Abwassertechnik<\/title>\n<meta name=\"robots\" content=\"index, follow, max-snippet:-1, max-image-preview:large, max-video-preview:-1\" \/>\n<link rel=\"canonical\" href=\"https:\/\/www.oekermann.de\/hu\/alkalmazasi-esetek\/\" \/>\n<meta property=\"og:locale\" content=\"hu_HU\" \/>\n<meta property=\"og:type\" content=\"article\" \/>\n<meta property=\"og:title\" content=\"Alkalmaz\u00e1si esetek - Pneumatische F\u00f6rdertechnik - OEKERMANN Abwassertechnik\" \/>\n<meta property=\"og:description\" content=\"Pneumatikus szennyv\u00edzszivatty\u00fa-telepek alkalmaz\u00e1si ter\u00fcletei: Kis vid\u00e9ki helys\u00e9gek Ipari ter\u00fcletek Szabadid\u0151s l\u00e9tes\u00edtm\u00e9nyek T\u00e1vol fekv\u0151 vend\u00e9gfogad\u00f3k vagyterm\u00e9szetbar\u00e1t-h\u00e1zak, ifj\u00fas\u00e1gi sz\u00e1ll\u00f3k sport- \u00e9s golfp\u00e1ly\u00e1k Aut\u00f3p\u00e1lya-pihen\u0151helyek V\u00edzv\u00e9delmi ter\u00fcletek Rep\u00fcl\u0151terek T\u00f6bb telep\u00fcl\u00e9sr\u00e9sz R\u00e1k\u00f6t\u00e9s egy m\u00e1r megl\u00e9v\u0151 pneumatikus m\u0171k\u00f6dtet\u00e9s\u0171 nyom\u00f3vezet\u00e9kre H\u00e1zcsoporttok Tany\u00e1k T\u00e1vol fekv\u0151 k\u00fcl\u00f6n\u00e1ll\u00f3 h\u00e1zak A be\u00e9p\u00edtett ter\u00fclett\u0151l t\u00e1vol fekv\u0151 ipari ter\u00fcletek Hullad\u00e9klerak\u00f3ksziv\u00e1rg\u00f3 vize Katonai dep\u00f3k (hadsereg, NATO) Transzform\u00e1tor\u00e1llom\u00e1sok &nbsp;\" \/>\n<meta property=\"og:url\" content=\"https:\/\/www.oekermann.de\/hu\/alkalmazasi-esetek\/\" \/>\n<meta property=\"og:site_name\" content=\"Pneumatische F\u00f6rdertechnik - OEKERMANN Abwassertechnik\" \/>\n<meta property=\"article:publisher\" content=\"https:\/\/www.facebook.com\/pages\/Oekermann-Abwassertechnik\/1007781205906685\" \/>\n<meta property=\"article:modified_time\" content=\"2025-06-11T12:52:59+00:00\" \/>\n<meta name=\"twitter:card\" content=\"summary_large_image\" \/>\n<meta name=\"twitter:site\" content=\"@Oekermann\" \/>\n<meta name=\"twitter:label1\" content=\"Est. reading time\" \/>\n\t<meta name=\"twitter:data1\" content=\"1 minute\" \/>\n<script type=\"application\/ld+json\" class=\"yoast-schema-graph\">{\"@context\":\"https:\\\/\\\/schema.org\",\"@graph\":[{\"@type\":\"WebPage\",\"@id\":\"https:\\\/\\\/www.oekermann.de\\\/hu\\\/alkalmazasi-esetek\\\/\",\"url\":\"https:\\\/\\\/www.oekermann.de\\\/hu\\\/alkalmazasi-esetek\\\/\",\"name\":\"Alkalmaz\u00e1si esetek - Pneumatische F\u00f6rdertechnik - OEKERMANN Abwassertechnik\",\"isPartOf\":{\"@id\":\"https:\\\/\\\/www.oekermann.de\\\/#website\"},\"datePublished\":\"2018-02-07T11:53:51+00:00\",\"dateModified\":\"2025-06-11T12:52:59+00:00\",\"breadcrumb\":{\"@id\":\"https:\\\/\\\/www.oekermann.de\\\/hu\\\/alkalmazasi-esetek\\\/#breadcrumb\"},\"inLanguage\":\"hu-HU\",\"potentialAction\":[{\"@type\":\"ReadAction\",\"target\":[\"https:\\\/\\\/www.oekermann.de\\\/hu\\\/alkalmazasi-esetek\\\/\"]}]},{\"@type\":\"BreadcrumbList\",\"@id\":\"https:\\\/\\\/www.oekermann.de\\\/hu\\\/alkalmazasi-esetek\\\/#breadcrumb\",\"itemListElement\":[{\"@type\":\"ListItem\",\"position\":1,\"name\":\"Startseite\",\"item\":\"https:\\\/\\\/www.oekermann.de\\\/hu\\\/\"},{\"@type\":\"ListItem\",\"position\":2,\"name\":\"Alkalmaz\u00e1si esetek\"}]},{\"@type\":\"WebSite\",\"@id\":\"https:\\\/\\\/www.oekermann.de\\\/#website\",\"url\":\"https:\\\/\\\/www.oekermann.de\\\/\",\"name\":\"Pneumatische F\u00f6rdertechnik - OEKERMANN Abwassertechnik\",\"description\":\"\",\"potentialAction\":[{\"@type\":\"SearchAction\",\"target\":{\"@type\":\"EntryPoint\",\"urlTemplate\":\"https:\\\/\\\/www.oekermann.de\\\/?s={search_term_string}\"},\"query-input\":{\"@type\":\"PropertyValueSpecification\",\"valueRequired\":true,\"valueName\":\"search_term_string\"}}],\"inLanguage\":\"hu-HU\"}]}<\/script>\n<!-- \/ Yoast SEO plugin. -->","yoast_head_json":{"title":"Alkalmaz\u00e1si esetek - Pneumatische F\u00f6rdertechnik - OEKERMANN Abwassertechnik","robots":{"index":"index","follow":"follow","max-snippet":"max-snippet:-1","max-image-preview":"max-image-preview:large","max-video-preview":"max-video-preview:-1"},"canonical":"https:\/\/www.oekermann.de\/hu\/alkalmazasi-esetek\/","og_locale":"hu_HU","og_type":"article","og_title":"Alkalmaz\u00e1si esetek - Pneumatische F\u00f6rdertechnik - OEKERMANN Abwassertechnik","og_description":"Pneumatikus szennyv\u00edzszivatty\u00fa-telepek alkalmaz\u00e1si ter\u00fcletei: Kis vid\u00e9ki helys\u00e9gek Ipari ter\u00fcletek Szabadid\u0151s l\u00e9tes\u00edtm\u00e9nyek T\u00e1vol fekv\u0151 vend\u00e9gfogad\u00f3k vagyterm\u00e9szetbar\u00e1t-h\u00e1zak, ifj\u00fas\u00e1gi sz\u00e1ll\u00f3k sport- \u00e9s golfp\u00e1ly\u00e1k Aut\u00f3p\u00e1lya-pihen\u0151helyek V\u00edzv\u00e9delmi ter\u00fcletek Rep\u00fcl\u0151terek T\u00f6bb telep\u00fcl\u00e9sr\u00e9sz R\u00e1k\u00f6t\u00e9s egy m\u00e1r megl\u00e9v\u0151 pneumatikus m\u0171k\u00f6dtet\u00e9s\u0171 nyom\u00f3vezet\u00e9kre H\u00e1zcsoporttok Tany\u00e1k T\u00e1vol fekv\u0151 k\u00fcl\u00f6n\u00e1ll\u00f3 h\u00e1zak A be\u00e9p\u00edtett ter\u00fclett\u0151l t\u00e1vol fekv\u0151 ipari ter\u00fcletek Hullad\u00e9klerak\u00f3ksziv\u00e1rg\u00f3 vize Katonai dep\u00f3k (hadsereg, NATO) Transzform\u00e1tor\u00e1llom\u00e1sok &nbsp;","og_url":"https:\/\/www.oekermann.de\/hu\/alkalmazasi-esetek\/","og_site_name":"Pneumatische F\u00f6rdertechnik - OEKERMANN Abwassertechnik","article_publisher":"https:\/\/www.facebook.com\/pages\/Oekermann-Abwassertechnik\/1007781205906685","article_modified_time":"2025-06-11T12:52:59+00:00","twitter_card":"summary_large_image","twitter_site":"@Oekermann","twitter_misc":{"Est. reading time":"1 minute"},"schema":{"@context":"https:\/\/schema.org","@graph":[{"@type":"WebPage","@id":"https:\/\/www.oekermann.de\/hu\/alkalmazasi-esetek\/","url":"https:\/\/www.oekermann.de\/hu\/alkalmazasi-esetek\/","name":"Alkalmaz\u00e1si esetek - Pneumatische F\u00f6rdertechnik - OEKERMANN Abwassertechnik","isPartOf":{"@id":"https:\/\/www.oekermann.de\/#website"},"datePublished":"2018-02-07T11:53:51+00:00","dateModified":"2025-06-11T12:52:59+00:00","breadcrumb":{"@id":"https:\/\/www.oekermann.de\/hu\/alkalmazasi-esetek\/#breadcrumb"},"inLanguage":"hu-HU","potentialAction":[{"@type":"ReadAction","target":["https:\/\/www.oekermann.de\/hu\/alkalmazasi-esetek\/"]}]},{"@type":"BreadcrumbList","@id":"https:\/\/www.oekermann.de\/hu\/alkalmazasi-esetek\/#breadcrumb","itemListElement":[{"@type":"ListItem","position":1,"name":"Startseite","item":"https:\/\/www.oekermann.de\/hu\/"},{"@type":"ListItem","position":2,"name":"Alkalmaz\u00e1si esetek"}]},{"@type":"WebSite","@id":"https:\/\/www.oekermann.de\/#website","url":"https:\/\/www.oekermann.de\/","name":"Pneumatische F\u00f6rdertechnik - OEKERMANN Abwassertechnik","description":"","potentialAction":[{"@type":"SearchAction","target":{"@type":"EntryPoint","urlTemplate":"https:\/\/www.oekermann.de\/?s={search_term_string}"},"query-input":{"@type":"PropertyValueSpecification","valueRequired":true,"valueName":"search_term_string"}}],"inLanguage":"hu-HU"}]}},"_links":{"self":[{"href":"https:\/\/www.oekermann.de\/hu\/wp-json\/wp\/v2\/pages\/5037","targetHints":{"allow":["GET"]}}],"collection":[{"href":"https:\/\/www.oekermann.de\/hu\/wp-json\/wp\/v2\/pages"}],"about":[{"href":"https:\/\/www.oekermann.de\/hu\/wp-json\/wp\/v2\/types\/page"}],"author":[{"embeddable":true,"href":"https:\/\/www.oekermann.de\/hu\/wp-json\/wp\/v2\/users\/2"}],"replies":[{"embeddable":true,"href":"https:\/\/www.oekermann.de\/hu\/wp-json\/wp\/v2\/comments?post=5037"}],"version-history":[{"count":1,"href":"https:\/\/www.oekermann.de\/hu\/wp-json\/wp\/v2\/pages\/5037\/revisions"}],"predecessor-version":[{"id":5127,"href":"https:\/\/www.oekermann.de\/hu\/wp-json\/wp\/v2\/pages\/5037\/revisions\/5127"}],"wp:attachment":[{"href":"https:\/\/www.oekermann.de\/hu\/wp-json\/wp\/v2\/media?parent=5037"}],"curies":[{"name":"wp","href":"https:\/\/api.w.org\/{rel}","templated":true}]}}