{"id":5038,"date":"2022-06-17T08:45:22","date_gmt":"2022-06-17T06:45:22","guid":{"rendered":"https:\/\/www.oekermann.de\/?page_id=5038"},"modified":"2025-06-11T14:52:59","modified_gmt":"2025-06-11T12:52:59","slug":"autopalya-pihenohelyek-szennyviz-elvezetese","status":"publish","type":"page","link":"https:\/\/www.oekermann.de\/hu\/alkalmazasi-esetek\/autopalya-pihenohelyek-szennyviz-elvezetese\/","title":{"rendered":"Aut\u00f3p\u00e1lya-pihen\u0151helyek szennyv\u00edz-elvezet\u00e9se"},"content":{"rendered":"<p>A pneumatikus sz\u00e1ll\u00edt\u00e1stechnika alkalmaz\u00e1s\u00e1nak f\u0151 oka, nevezetesen a <a href=\"https:\/\/www.oekermann.de\/vorteile\/foerderung-geringer-wassermengen\/\">szagterhel\u00e9s<\/a> \u00e9s korr\u00f3zi\u00f3 elker\u00fcl\u00e9se mellett az OEKERMANN rendszerek sz\u00e1mos el\u0151nnyel rendelkeznek.<\/p>\n<p>Fontos pont a <a href=\"https:\/\/www.oekermann.de\/vorteile\/wirtschaftlichkeit\/\">rendszerek rendk\u00edv\u00fcli \u00e9rz\u00e9ketlens\u00e9ge szil\u00e1rd anyagokkal<\/a>, mindenf\u00e9le idegen testekkel szemben, melyek \u00e1ltal\u00e1ban szennyv\u00edzben tal\u00e1lhat\u00f3k.<\/p>\n<p>\u00cdgy az <a href=\"https:\/\/www.oekermann.de\/fachbegriffe\/pwc-anlagen\/\">aut\u00f3p\u00e1lya-pihen\u0151helyek parkol\u00f3- \u00e9s WC-rendszereinek<\/a> szennyv\u00edz-elvezet\u00e9se gyakori alkalmaz\u00e1si ter\u00fclet: Meglep\u0151 m\u00f3don ebben az esetben sem l\u00e9pnek fel szinte soha zavarok, noha pont az ilyen objektumokban dobnak el minden elk\u00e9pzelhet\u0151 hullad\u00e9kot eldobnak, \u00e9s ezek a szennyv\u00edzrendszerekbe ker\u00fclnek.<\/p>\n<p>A szennyv\u00edz elvezet\u00e9se t\u00f6bb mint 40 ilyen pihen\u0151helyen m\u00e1r <a href=\"https:\/\/www.oekermann.de\/projekt-fotos\/pwc-anlagen-raststaetten\/\">OEKERMANN rendszerekkel<\/a> t\u00f6rt\u00e9nik az \u00fczemeltet\u0151k teljes megel\u00e9ged\u00e9s\u00e9re, utolj\u00e1ra 2015-ben Hessenben helyeztek \u00fczembe n\u00e9h\u00e1ny szivatty\u00fatelepet, 2020-ban pedig \u00c9szakrajra-Vesztf\u00e1li\u00e1ban t\u00f6bb rendszert. Tov\u00e1bbi projektek vannak folyamatban.<br \/>\n<img decoding=\"async\" class=\"img-1\" src=\"\/wp-content\/uploads\/2017\/05\/Oekermann_Blog_PWC-Anlagen-300x225.jpg\" alt=\"\" \/><\/p>\n<div class=\"dl-wrapper\">\n<h2 style=\"margin-top: 0px;\">Let\u00f6lt\u00e9sek a t\u00e9m\u00e1hoz:<\/h2>\n<ul class=\"dl-files\">\n<li class=\"pdf-file-1\"><a href=\"\/res\/pdf\/sonderdruckschriften\/OEKERMANN-Info-03-Abwasserentsorgung-von-PWC-und-KWC-Anlagen-sowie-Rasthaeusern-an-Autobahnen.pdf\" target=\"_blank\" rel=\"noopener noreferrer\"> Parkol\u00f3- \u00e9s WC-rendszerek, kioszkkal \u00e9s WC-vel felszerelt kis pihen\u0151helyek, valamint pihen\u0151helyek szennyv\u00edz-elvezet\u00e9se aut\u00f3p\u00e1ly\u00e1kon<\/a><\/li>\n<\/ul>\n<div class=\"dl-all\"><a title=\"Kostenlose Downloads zur Pneumatischen Abwassertechnik\" href=\"https:\/\/www.oekermann.de\/downloads\/\">Ingyenes t\u00e1j\u00e9koztat\u00f3 anyag a pneumatikus szennyv\u00edztechnika t\u00e9m\u00e1j\u00e1ban<\/a><\/div>\n<\/div>\n","protected":false},"excerpt":{"rendered":"<p>A pneumatikus sz\u00e1ll\u00edt\u00e1stechnika alkalmaz\u00e1s\u00e1nak f\u0151 oka, nevezetesen a szagterhel\u00e9s \u00e9s korr\u00f3zi\u00f3 elker\u00fcl\u00e9se mellett az OEKERMANN rendszerek sz\u00e1mos el\u0151nnyel rendelkeznek. Fontos pont a rendszerek rendk\u00edv\u00fcli \u00e9rz\u00e9ketlens\u00e9ge szil\u00e1rd anyagokkal, mindenf\u00e9le idegen testekkel szemben, melyek \u00e1ltal\u00e1ban szennyv\u00edzben tal\u00e1lhat\u00f3k. \u00cdgy az aut\u00f3p\u00e1lya-pihen\u0151helyek parkol\u00f3- \u00e9s WC-rendszereinek szennyv\u00edz-elvezet\u00e9se gyakori alkalmaz\u00e1si ter\u00fclet: Meglep\u0151 m\u00f3don ebben az esetben sem l\u00e9pnek fel szinte soha<\/p>\n<p class=\"link-more\"><a href=\"https:\/\/www.oekermann.de\/hu\/alkalmazasi-esetek\/autopalya-pihenohelyek-szennyviz-elvezetese\/\" class=\"envor-btn\">Weiterlesen<span class=\"screen-reader-text\"> &#8220;Aut\u00f3p\u00e1lya-pihen\u0151helyek szennyv\u00edz-elvezet\u00e9se&#8221;<\/span><\/a><\/p>\n","protected":false},"author":1,"featured_media":0,"parent":5037,"menu_order":0,"comment_status":"closed","ping_status":"closed","template":"","meta":{"footnotes":""},"class_list":["post-5038","page","type-page","status-publish","hentry"],"yoast_head":"<!-- This site is optimized with the Yoast SEO plugin v27.4 - https:\/\/yoast.com\/product\/yoast-seo-wordpress\/ -->\n<title>Aut\u00f3p\u00e1lya-pihen\u0151helyek szennyv\u00edz-elvezet\u00e9se - Pneumatische F\u00f6rdertechnik - OEKERMANN Abwassertechnik<\/title>\n<meta name=\"robots\" content=\"index, follow, max-snippet:-1, max-image-preview:large, max-video-preview:-1\" \/>\n<link rel=\"canonical\" href=\"https:\/\/www.oekermann.de\/hu\/alkalmazasi-esetek\/autopalya-pihenohelyek-szennyviz-elvezetese\/\" \/>\n<meta property=\"og:locale\" content=\"hu_HU\" \/>\n<meta property=\"og:type\" content=\"article\" \/>\n<meta property=\"og:title\" content=\"Aut\u00f3p\u00e1lya-pihen\u0151helyek szennyv\u00edz-elvezet\u00e9se - Pneumatische F\u00f6rdertechnik - OEKERMANN Abwassertechnik\" \/>\n<meta property=\"og:description\" content=\"A pneumatikus sz\u00e1ll\u00edt\u00e1stechnika alkalmaz\u00e1s\u00e1nak f\u0151 oka, nevezetesen a szagterhel\u00e9s \u00e9s korr\u00f3zi\u00f3 elker\u00fcl\u00e9se mellett az OEKERMANN rendszerek sz\u00e1mos el\u0151nnyel rendelkeznek. Fontos pont a rendszerek rendk\u00edv\u00fcli \u00e9rz\u00e9ketlens\u00e9ge szil\u00e1rd anyagokkal, mindenf\u00e9le idegen testekkel szemben, melyek \u00e1ltal\u00e1ban szennyv\u00edzben tal\u00e1lhat\u00f3k. \u00cdgy az aut\u00f3p\u00e1lya-pihen\u0151helyek parkol\u00f3- \u00e9s WC-rendszereinek szennyv\u00edz-elvezet\u00e9se gyakori alkalmaz\u00e1si ter\u00fclet: Meglep\u0151 m\u00f3don ebben az esetben sem l\u00e9pnek fel szinte sohaWeiterlesen &quot;Aut\u00f3p\u00e1lya-pihen\u0151helyek szennyv\u00edz-elvezet\u00e9se&quot;\" \/>\n<meta property=\"og:url\" content=\"https:\/\/www.oekermann.de\/hu\/alkalmazasi-esetek\/autopalya-pihenohelyek-szennyviz-elvezetese\/\" \/>\n<meta property=\"og:site_name\" content=\"Pneumatische F\u00f6rdertechnik - OEKERMANN Abwassertechnik\" \/>\n<meta property=\"article:publisher\" content=\"https:\/\/www.facebook.com\/pages\/Oekermann-Abwassertechnik\/1007781205906685\" \/>\n<meta property=\"article:modified_time\" content=\"2025-06-11T12:52:59+00:00\" \/>\n<meta name=\"twitter:card\" content=\"summary_large_image\" \/>\n<meta name=\"twitter:site\" content=\"@Oekermann\" \/>\n<meta name=\"twitter:label1\" content=\"Est. reading time\" \/>\n\t<meta name=\"twitter:data1\" content=\"1 minute\" \/>\n<script type=\"application\/ld+json\" class=\"yoast-schema-graph\">{\"@context\":\"https:\\\/\\\/schema.org\",\"@graph\":[{\"@type\":\"WebPage\",\"@id\":\"https:\\\/\\\/www.oekermann.de\\\/hu\\\/alkalmazasi-esetek\\\/autopalya-pihenohelyek-szennyviz-elvezetese\\\/\",\"url\":\"https:\\\/\\\/www.oekermann.de\\\/hu\\\/alkalmazasi-esetek\\\/autopalya-pihenohelyek-szennyviz-elvezetese\\\/\",\"name\":\"Aut\u00f3p\u00e1lya-pihen\u0151helyek szennyv\u00edz-elvezet\u00e9se - Pneumatische F\u00f6rdertechnik - OEKERMANN Abwassertechnik\",\"isPartOf\":{\"@id\":\"https:\\\/\\\/www.oekermann.de\\\/#website\"},\"datePublished\":\"2022-06-17T06:45:22+00:00\",\"dateModified\":\"2025-06-11T12:52:59+00:00\",\"breadcrumb\":{\"@id\":\"https:\\\/\\\/www.oekermann.de\\\/hu\\\/alkalmazasi-esetek\\\/autopalya-pihenohelyek-szennyviz-elvezetese\\\/#breadcrumb\"},\"inLanguage\":\"hu-HU\",\"potentialAction\":[{\"@type\":\"ReadAction\",\"target\":[\"https:\\\/\\\/www.oekermann.de\\\/hu\\\/alkalmazasi-esetek\\\/autopalya-pihenohelyek-szennyviz-elvezetese\\\/\"]}]},{\"@type\":\"BreadcrumbList\",\"@id\":\"https:\\\/\\\/www.oekermann.de\\\/hu\\\/alkalmazasi-esetek\\\/autopalya-pihenohelyek-szennyviz-elvezetese\\\/#breadcrumb\",\"itemListElement\":[{\"@type\":\"ListItem\",\"position\":1,\"name\":\"Startseite\",\"item\":\"https:\\\/\\\/www.oekermann.de\\\/hu\\\/\"},{\"@type\":\"ListItem\",\"position\":2,\"name\":\"Alkalmaz\u00e1si esetek\",\"item\":\"https:\\\/\\\/www.oekermann.de\\\/hu\\\/alkalmazasi-esetek\\\/\"},{\"@type\":\"ListItem\",\"position\":3,\"name\":\"Aut\u00f3p\u00e1lya-pihen\u0151helyek szennyv\u00edz-elvezet\u00e9se\"}]},{\"@type\":\"WebSite\",\"@id\":\"https:\\\/\\\/www.oekermann.de\\\/#website\",\"url\":\"https:\\\/\\\/www.oekermann.de\\\/\",\"name\":\"Pneumatische F\u00f6rdertechnik - OEKERMANN Abwassertechnik\",\"description\":\"\",\"potentialAction\":[{\"@type\":\"SearchAction\",\"target\":{\"@type\":\"EntryPoint\",\"urlTemplate\":\"https:\\\/\\\/www.oekermann.de\\\/?s={search_term_string}\"},\"query-input\":{\"@type\":\"PropertyValueSpecification\",\"valueRequired\":true,\"valueName\":\"search_term_string\"}}],\"inLanguage\":\"hu-HU\"}]}<\/script>\n<!-- \/ Yoast SEO plugin. -->","yoast_head_json":{"title":"Aut\u00f3p\u00e1lya-pihen\u0151helyek szennyv\u00edz-elvezet\u00e9se - Pneumatische F\u00f6rdertechnik - OEKERMANN Abwassertechnik","robots":{"index":"index","follow":"follow","max-snippet":"max-snippet:-1","max-image-preview":"max-image-preview:large","max-video-preview":"max-video-preview:-1"},"canonical":"https:\/\/www.oekermann.de\/hu\/alkalmazasi-esetek\/autopalya-pihenohelyek-szennyviz-elvezetese\/","og_locale":"hu_HU","og_type":"article","og_title":"Aut\u00f3p\u00e1lya-pihen\u0151helyek szennyv\u00edz-elvezet\u00e9se - Pneumatische F\u00f6rdertechnik - OEKERMANN Abwassertechnik","og_description":"A pneumatikus sz\u00e1ll\u00edt\u00e1stechnika alkalmaz\u00e1s\u00e1nak f\u0151 oka, nevezetesen a szagterhel\u00e9s \u00e9s korr\u00f3zi\u00f3 elker\u00fcl\u00e9se mellett az OEKERMANN rendszerek sz\u00e1mos el\u0151nnyel rendelkeznek. Fontos pont a rendszerek rendk\u00edv\u00fcli \u00e9rz\u00e9ketlens\u00e9ge szil\u00e1rd anyagokkal, mindenf\u00e9le idegen testekkel szemben, melyek \u00e1ltal\u00e1ban szennyv\u00edzben tal\u00e1lhat\u00f3k. \u00cdgy az aut\u00f3p\u00e1lya-pihen\u0151helyek parkol\u00f3- \u00e9s WC-rendszereinek szennyv\u00edz-elvezet\u00e9se gyakori alkalmaz\u00e1si ter\u00fclet: Meglep\u0151 m\u00f3don ebben az esetben sem l\u00e9pnek fel szinte sohaWeiterlesen \"Aut\u00f3p\u00e1lya-pihen\u0151helyek szennyv\u00edz-elvezet\u00e9se\"","og_url":"https:\/\/www.oekermann.de\/hu\/alkalmazasi-esetek\/autopalya-pihenohelyek-szennyviz-elvezetese\/","og_site_name":"Pneumatische F\u00f6rdertechnik - OEKERMANN Abwassertechnik","article_publisher":"https:\/\/www.facebook.com\/pages\/Oekermann-Abwassertechnik\/1007781205906685","article_modified_time":"2025-06-11T12:52:59+00:00","twitter_card":"summary_large_image","twitter_site":"@Oekermann","twitter_misc":{"Est. reading time":"1 minute"},"schema":{"@context":"https:\/\/schema.org","@graph":[{"@type":"WebPage","@id":"https:\/\/www.oekermann.de\/hu\/alkalmazasi-esetek\/autopalya-pihenohelyek-szennyviz-elvezetese\/","url":"https:\/\/www.oekermann.de\/hu\/alkalmazasi-esetek\/autopalya-pihenohelyek-szennyviz-elvezetese\/","name":"Aut\u00f3p\u00e1lya-pihen\u0151helyek szennyv\u00edz-elvezet\u00e9se - Pneumatische F\u00f6rdertechnik - OEKERMANN Abwassertechnik","isPartOf":{"@id":"https:\/\/www.oekermann.de\/#website"},"datePublished":"2022-06-17T06:45:22+00:00","dateModified":"2025-06-11T12:52:59+00:00","breadcrumb":{"@id":"https:\/\/www.oekermann.de\/hu\/alkalmazasi-esetek\/autopalya-pihenohelyek-szennyviz-elvezetese\/#breadcrumb"},"inLanguage":"hu-HU","potentialAction":[{"@type":"ReadAction","target":["https:\/\/www.oekermann.de\/hu\/alkalmazasi-esetek\/autopalya-pihenohelyek-szennyviz-elvezetese\/"]}]},{"@type":"BreadcrumbList","@id":"https:\/\/www.oekermann.de\/hu\/alkalmazasi-esetek\/autopalya-pihenohelyek-szennyviz-elvezetese\/#breadcrumb","itemListElement":[{"@type":"ListItem","position":1,"name":"Startseite","item":"https:\/\/www.oekermann.de\/hu\/"},{"@type":"ListItem","position":2,"name":"Alkalmaz\u00e1si esetek","item":"https:\/\/www.oekermann.de\/hu\/alkalmazasi-esetek\/"},{"@type":"ListItem","position":3,"name":"Aut\u00f3p\u00e1lya-pihen\u0151helyek szennyv\u00edz-elvezet\u00e9se"}]},{"@type":"WebSite","@id":"https:\/\/www.oekermann.de\/#website","url":"https:\/\/www.oekermann.de\/","name":"Pneumatische F\u00f6rdertechnik - OEKERMANN Abwassertechnik","description":"","potentialAction":[{"@type":"SearchAction","target":{"@type":"EntryPoint","urlTemplate":"https:\/\/www.oekermann.de\/?s={search_term_string}"},"query-input":{"@type":"PropertyValueSpecification","valueRequired":true,"valueName":"search_term_string"}}],"inLanguage":"hu-HU"}]}},"_links":{"self":[{"href":"https:\/\/www.oekermann.de\/hu\/wp-json\/wp\/v2\/pages\/5038","targetHints":{"allow":["GET"]}}],"collection":[{"href":"https:\/\/www.oekermann.de\/hu\/wp-json\/wp\/v2\/pages"}],"about":[{"href":"https:\/\/www.oekermann.de\/hu\/wp-json\/wp\/v2\/types\/page"}],"author":[{"embeddable":true,"href":"https:\/\/www.oekermann.de\/hu\/wp-json\/wp\/v2\/users\/1"}],"replies":[{"embeddable":true,"href":"https:\/\/www.oekermann.de\/hu\/wp-json\/wp\/v2\/comments?post=5038"}],"version-history":[{"count":1,"href":"https:\/\/www.oekermann.de\/hu\/wp-json\/wp\/v2\/pages\/5038\/revisions"}],"predecessor-version":[{"id":5128,"href":"https:\/\/www.oekermann.de\/hu\/wp-json\/wp\/v2\/pages\/5038\/revisions\/5128"}],"up":[{"embeddable":true,"href":"https:\/\/www.oekermann.de\/hu\/wp-json\/wp\/v2\/pages\/5037"}],"wp:attachment":[{"href":"https:\/\/www.oekermann.de\/hu\/wp-json\/wp\/v2\/media?parent=5038"}],"curies":[{"name":"wp","href":"https:\/\/api.w.org\/{rel}","templated":true}]}}