{"id":5039,"date":"2022-06-17T09:02:46","date_gmt":"2022-06-17T07:02:46","guid":{"rendered":"https:\/\/www.oekermann.de\/?page_id=5039"},"modified":"2025-06-11T14:53:00","modified_gmt":"2025-06-11T12:53:00","slug":"kempingek","status":"publish","type":"page","link":"https:\/\/www.oekermann.de\/hu\/alkalmazasi-esetek\/kempingek\/","title":{"rendered":"Kempingek"},"content":{"rendered":"<p>A kempingek szennyv\u00edz-elvezet\u00e9s\u00e9hez gyakran alkalmaznak pneumatikus szennyv\u00edzsz\u00e1ll\u00edt\u00f3 rendszereket.<\/p>\n<p>Mivel a kempingek gyakran a lak\u00f3ter\u00fcletekt\u0151l t\u00e1vol helyezkednek el, a nyom\u00f3vezet\u00e9kek a legt\u00f6bb esetben hossz\u00faak. A keletkez\u0151 szennyv\u00edz mennyis\u00e9ge szezon\u00e1lisan er\u0151teljesen ingadozik, \u00e9s hagyom\u00e1nyos szivatty\u00fatechnika eset\u00e9n sok esetben rothad\u00e1ssal, \u00e9s \u00edgy korr\u00f3zi\u00f3 \u00e9s szag okozta probl\u00e9m\u00e1kkal kellene sz\u00e1molni.<\/p>\n<p>Egy az OEKERMANN kezdeti id\u0151ib\u0151l sz\u00e1rmaz\u00f3 (gy\u00e1rt\u00e1si \u00e9v: 1982), egy Vlotho an der Weser-i kempingben telep\u00edtett rendszer 2016 elej\u00e9n ker\u00fclt korszer\u0171s\u00edt\u00e9sre, mely sor\u00e1n kicser\u00e9lt\u00e9k az <a href=\"https:\/\/www.oekermann.de\/vorteile\/elektronische-steuerung\/\">elektronikus vez\u00e9rl\u0151t<\/a>, valamint tov\u00e1bbi elektromos r\u00e9szegys\u00e9geket.<\/p>\n<p>Mindazon\u00e1ltal a r\u00e9gi vez\u00e9rl\u0151 t\u00f6bb mint 34 \u00e9vig szolg\u00e1lt sikerrel; azonban most a kemping tulajdonosai a k\u00f6vetkez\u0151 \u00e9vekre egy modern elektronik\u00e1val \u00fajb\u00f3l jav\u00edtottak az \u00fczembiztons\u00e1gon; ezenk\u00edv\u00fcl a rendszer az \u00faj szoftverfunkci\u00f3k r\u00e9v\u00e9n m\u00e9g gazdas\u00e1gosabban m\u0171k\u00f6dik.<\/p>\n<p><img decoding=\"async\" class=\"img-1\" src=\"\/wp-content\/uploads\/2017\/05\/Campingplatz-Sonnenwiese-2-300x169.jpg\" alt=\"\" \/><br \/>\nSchaltschrank eines Campingplatzes in Vlotho<\/p>\n","protected":false},"excerpt":{"rendered":"<p>A kempingek szennyv\u00edz-elvezet\u00e9s\u00e9hez gyakran alkalmaznak pneumatikus szennyv\u00edzsz\u00e1ll\u00edt\u00f3 rendszereket. Mivel a kempingek gyakran a lak\u00f3ter\u00fcletekt\u0151l t\u00e1vol helyezkednek el, a nyom\u00f3vezet\u00e9kek a legt\u00f6bb esetben hossz\u00faak. A keletkez\u0151 szennyv\u00edz mennyis\u00e9ge szezon\u00e1lisan er\u0151teljesen ingadozik, \u00e9s hagyom\u00e1nyos szivatty\u00fatechnika eset\u00e9n sok esetben rothad\u00e1ssal, \u00e9s \u00edgy korr\u00f3zi\u00f3 \u00e9s szag okozta probl\u00e9m\u00e1kkal kellene sz\u00e1molni. Egy az OEKERMANN kezdeti id\u0151ib\u0151l sz\u00e1rmaz\u00f3 (gy\u00e1rt\u00e1si \u00e9v: 1982),<\/p>\n<p class=\"link-more\"><a href=\"https:\/\/www.oekermann.de\/hu\/alkalmazasi-esetek\/kempingek\/\" class=\"envor-btn\">Weiterlesen<span class=\"screen-reader-text\"> &#8220;Kempingek&#8221;<\/span><\/a><\/p>\n","protected":false},"author":1,"featured_media":0,"parent":5037,"menu_order":0,"comment_status":"closed","ping_status":"closed","template":"","meta":{"footnotes":""},"class_list":["post-5039","page","type-page","status-publish","hentry"],"yoast_head":"<!-- This site is optimized with the Yoast SEO plugin v27.4 - https:\/\/yoast.com\/product\/yoast-seo-wordpress\/ -->\n<title>Kempingek - Pneumatische F\u00f6rdertechnik - OEKERMANN Abwassertechnik<\/title>\n<meta name=\"robots\" content=\"index, follow, max-snippet:-1, max-image-preview:large, max-video-preview:-1\" \/>\n<link rel=\"canonical\" href=\"https:\/\/www.oekermann.de\/hu\/alkalmazasi-esetek\/kempingek\/\" \/>\n<meta property=\"og:locale\" content=\"hu_HU\" \/>\n<meta property=\"og:type\" content=\"article\" \/>\n<meta property=\"og:title\" content=\"Kempingek - Pneumatische F\u00f6rdertechnik - OEKERMANN Abwassertechnik\" \/>\n<meta property=\"og:description\" content=\"A kempingek szennyv\u00edz-elvezet\u00e9s\u00e9hez gyakran alkalmaznak pneumatikus szennyv\u00edzsz\u00e1ll\u00edt\u00f3 rendszereket. Mivel a kempingek gyakran a lak\u00f3ter\u00fcletekt\u0151l t\u00e1vol helyezkednek el, a nyom\u00f3vezet\u00e9kek a legt\u00f6bb esetben hossz\u00faak. A keletkez\u0151 szennyv\u00edz mennyis\u00e9ge szezon\u00e1lisan er\u0151teljesen ingadozik, \u00e9s hagyom\u00e1nyos szivatty\u00fatechnika eset\u00e9n sok esetben rothad\u00e1ssal, \u00e9s \u00edgy korr\u00f3zi\u00f3 \u00e9s szag okozta probl\u00e9m\u00e1kkal kellene sz\u00e1molni. Egy az OEKERMANN kezdeti id\u0151ib\u0151l sz\u00e1rmaz\u00f3 (gy\u00e1rt\u00e1si \u00e9v: 1982),Weiterlesen &quot;Kempingek&quot;\" \/>\n<meta property=\"og:url\" content=\"https:\/\/www.oekermann.de\/hu\/alkalmazasi-esetek\/kempingek\/\" \/>\n<meta property=\"og:site_name\" content=\"Pneumatische F\u00f6rdertechnik - OEKERMANN Abwassertechnik\" \/>\n<meta property=\"article:publisher\" content=\"https:\/\/www.facebook.com\/pages\/Oekermann-Abwassertechnik\/1007781205906685\" \/>\n<meta property=\"article:modified_time\" content=\"2025-06-11T12:53:00+00:00\" \/>\n<meta name=\"twitter:card\" content=\"summary_large_image\" \/>\n<meta name=\"twitter:site\" content=\"@Oekermann\" \/>\n<meta name=\"twitter:label1\" content=\"Est. reading time\" \/>\n\t<meta name=\"twitter:data1\" content=\"1 minute\" \/>\n<script type=\"application\/ld+json\" class=\"yoast-schema-graph\">{\"@context\":\"https:\\\/\\\/schema.org\",\"@graph\":[{\"@type\":\"WebPage\",\"@id\":\"https:\\\/\\\/www.oekermann.de\\\/hu\\\/alkalmazasi-esetek\\\/kempingek\\\/\",\"url\":\"https:\\\/\\\/www.oekermann.de\\\/hu\\\/alkalmazasi-esetek\\\/kempingek\\\/\",\"name\":\"Kempingek - Pneumatische F\u00f6rdertechnik - OEKERMANN Abwassertechnik\",\"isPartOf\":{\"@id\":\"https:\\\/\\\/www.oekermann.de\\\/#website\"},\"datePublished\":\"2022-06-17T07:02:46+00:00\",\"dateModified\":\"2025-06-11T12:53:00+00:00\",\"breadcrumb\":{\"@id\":\"https:\\\/\\\/www.oekermann.de\\\/hu\\\/alkalmazasi-esetek\\\/kempingek\\\/#breadcrumb\"},\"inLanguage\":\"hu-HU\",\"potentialAction\":[{\"@type\":\"ReadAction\",\"target\":[\"https:\\\/\\\/www.oekermann.de\\\/hu\\\/alkalmazasi-esetek\\\/kempingek\\\/\"]}]},{\"@type\":\"BreadcrumbList\",\"@id\":\"https:\\\/\\\/www.oekermann.de\\\/hu\\\/alkalmazasi-esetek\\\/kempingek\\\/#breadcrumb\",\"itemListElement\":[{\"@type\":\"ListItem\",\"position\":1,\"name\":\"Startseite\",\"item\":\"https:\\\/\\\/www.oekermann.de\\\/hu\\\/\"},{\"@type\":\"ListItem\",\"position\":2,\"name\":\"Alkalmaz\u00e1si esetek\",\"item\":\"https:\\\/\\\/www.oekermann.de\\\/hu\\\/alkalmazasi-esetek\\\/\"},{\"@type\":\"ListItem\",\"position\":3,\"name\":\"Kempingek\"}]},{\"@type\":\"WebSite\",\"@id\":\"https:\\\/\\\/www.oekermann.de\\\/#website\",\"url\":\"https:\\\/\\\/www.oekermann.de\\\/\",\"name\":\"Pneumatische F\u00f6rdertechnik - OEKERMANN Abwassertechnik\",\"description\":\"\",\"potentialAction\":[{\"@type\":\"SearchAction\",\"target\":{\"@type\":\"EntryPoint\",\"urlTemplate\":\"https:\\\/\\\/www.oekermann.de\\\/?s={search_term_string}\"},\"query-input\":{\"@type\":\"PropertyValueSpecification\",\"valueRequired\":true,\"valueName\":\"search_term_string\"}}],\"inLanguage\":\"hu-HU\"}]}<\/script>\n<!-- \/ Yoast SEO plugin. -->","yoast_head_json":{"title":"Kempingek - Pneumatische F\u00f6rdertechnik - OEKERMANN Abwassertechnik","robots":{"index":"index","follow":"follow","max-snippet":"max-snippet:-1","max-image-preview":"max-image-preview:large","max-video-preview":"max-video-preview:-1"},"canonical":"https:\/\/www.oekermann.de\/hu\/alkalmazasi-esetek\/kempingek\/","og_locale":"hu_HU","og_type":"article","og_title":"Kempingek - Pneumatische F\u00f6rdertechnik - OEKERMANN Abwassertechnik","og_description":"A kempingek szennyv\u00edz-elvezet\u00e9s\u00e9hez gyakran alkalmaznak pneumatikus szennyv\u00edzsz\u00e1ll\u00edt\u00f3 rendszereket. Mivel a kempingek gyakran a lak\u00f3ter\u00fcletekt\u0151l t\u00e1vol helyezkednek el, a nyom\u00f3vezet\u00e9kek a legt\u00f6bb esetben hossz\u00faak. A keletkez\u0151 szennyv\u00edz mennyis\u00e9ge szezon\u00e1lisan er\u0151teljesen ingadozik, \u00e9s hagyom\u00e1nyos szivatty\u00fatechnika eset\u00e9n sok esetben rothad\u00e1ssal, \u00e9s \u00edgy korr\u00f3zi\u00f3 \u00e9s szag okozta probl\u00e9m\u00e1kkal kellene sz\u00e1molni. Egy az OEKERMANN kezdeti id\u0151ib\u0151l sz\u00e1rmaz\u00f3 (gy\u00e1rt\u00e1si \u00e9v: 1982),Weiterlesen \"Kempingek\"","og_url":"https:\/\/www.oekermann.de\/hu\/alkalmazasi-esetek\/kempingek\/","og_site_name":"Pneumatische F\u00f6rdertechnik - OEKERMANN Abwassertechnik","article_publisher":"https:\/\/www.facebook.com\/pages\/Oekermann-Abwassertechnik\/1007781205906685","article_modified_time":"2025-06-11T12:53:00+00:00","twitter_card":"summary_large_image","twitter_site":"@Oekermann","twitter_misc":{"Est. reading time":"1 minute"},"schema":{"@context":"https:\/\/schema.org","@graph":[{"@type":"WebPage","@id":"https:\/\/www.oekermann.de\/hu\/alkalmazasi-esetek\/kempingek\/","url":"https:\/\/www.oekermann.de\/hu\/alkalmazasi-esetek\/kempingek\/","name":"Kempingek - Pneumatische F\u00f6rdertechnik - OEKERMANN Abwassertechnik","isPartOf":{"@id":"https:\/\/www.oekermann.de\/#website"},"datePublished":"2022-06-17T07:02:46+00:00","dateModified":"2025-06-11T12:53:00+00:00","breadcrumb":{"@id":"https:\/\/www.oekermann.de\/hu\/alkalmazasi-esetek\/kempingek\/#breadcrumb"},"inLanguage":"hu-HU","potentialAction":[{"@type":"ReadAction","target":["https:\/\/www.oekermann.de\/hu\/alkalmazasi-esetek\/kempingek\/"]}]},{"@type":"BreadcrumbList","@id":"https:\/\/www.oekermann.de\/hu\/alkalmazasi-esetek\/kempingek\/#breadcrumb","itemListElement":[{"@type":"ListItem","position":1,"name":"Startseite","item":"https:\/\/www.oekermann.de\/hu\/"},{"@type":"ListItem","position":2,"name":"Alkalmaz\u00e1si esetek","item":"https:\/\/www.oekermann.de\/hu\/alkalmazasi-esetek\/"},{"@type":"ListItem","position":3,"name":"Kempingek"}]},{"@type":"WebSite","@id":"https:\/\/www.oekermann.de\/#website","url":"https:\/\/www.oekermann.de\/","name":"Pneumatische F\u00f6rdertechnik - OEKERMANN Abwassertechnik","description":"","potentialAction":[{"@type":"SearchAction","target":{"@type":"EntryPoint","urlTemplate":"https:\/\/www.oekermann.de\/?s={search_term_string}"},"query-input":{"@type":"PropertyValueSpecification","valueRequired":true,"valueName":"search_term_string"}}],"inLanguage":"hu-HU"}]}},"_links":{"self":[{"href":"https:\/\/www.oekermann.de\/hu\/wp-json\/wp\/v2\/pages\/5039","targetHints":{"allow":["GET"]}}],"collection":[{"href":"https:\/\/www.oekermann.de\/hu\/wp-json\/wp\/v2\/pages"}],"about":[{"href":"https:\/\/www.oekermann.de\/hu\/wp-json\/wp\/v2\/types\/page"}],"author":[{"embeddable":true,"href":"https:\/\/www.oekermann.de\/hu\/wp-json\/wp\/v2\/users\/1"}],"replies":[{"embeddable":true,"href":"https:\/\/www.oekermann.de\/hu\/wp-json\/wp\/v2\/comments?post=5039"}],"version-history":[{"count":1,"href":"https:\/\/www.oekermann.de\/hu\/wp-json\/wp\/v2\/pages\/5039\/revisions"}],"predecessor-version":[{"id":5130,"href":"https:\/\/www.oekermann.de\/hu\/wp-json\/wp\/v2\/pages\/5039\/revisions\/5130"}],"up":[{"embeddable":true,"href":"https:\/\/www.oekermann.de\/hu\/wp-json\/wp\/v2\/pages\/5037"}],"wp:attachment":[{"href":"https:\/\/www.oekermann.de\/hu\/wp-json\/wp\/v2\/media?parent=5039"}],"curies":[{"name":"wp","href":"https:\/\/api.w.org\/{rel}","templated":true}]}}