{"id":5040,"date":"2022-06-17T09:18:25","date_gmt":"2022-06-17T07:18:25","guid":{"rendered":"https:\/\/www.oekermann.de\/?page_id=5040"},"modified":"2025-06-11T14:53:01","modified_gmt":"2025-06-11T12:53:01","slug":"pneumatikus-szivattyumuvek-energiaellatasi-teruleten","status":"publish","type":"page","link":"https:\/\/www.oekermann.de\/hu\/alkalmazasi-esetek\/pneumatikus-szivattyumuvek-energiaellatasi-teruleten\/","title":{"rendered":"Pneumatikus szivatty\u00fam\u0171vek energiaell\u00e1t\u00e1si ter\u00fcleten"},"content":{"rendered":"<section>Az <a href=\"https:\/\/www.oekermann.de\/ueber-uns\/die-idee\/\">OEKERMANN<\/a> sz\u00e1mos pneumatikus szennyv\u00edzszivatty\u00fa-telepe energiaszolg\u00e1ltat\u00f3 v\u00e1llalatok, pl. villamos \u00e1ram, f\u00f6ldg\u00e1z \u00e9s v\u00edzer\u0151m\u0171vek, \u00fczemi ter\u00fcletein tal\u00e1lhat\u00f3k.<\/p>\n<p>A kompresszorok \u00e9s a vez\u00e9rl\u0151 pl. ilyen \u00fczemi ter\u00fcleteken az OEKERMANN \u00e1ltal sz\u00e1ll\u00edthat\u00f3 (szigetelt) m\u0171anyag fel\u00e9p\u00edtm\u00e9nyelemben helyezhet\u0151k el. A kiv\u00e1l\u00f3 min\u0151s\u00e9g\u0171 kivitel optim\u00e1lis zajtomp\u00edt\u00e1sr\u00f3l \u00e9s <a href=\"https:\/\/www.oekermann.de\/vorteile\/keine-verstopfung\/\">\u00e1tlagon fel\u00fcli \u00e9lettartamr\u00f3l<\/a> gondoskodik.<\/p>\n<p>Sok kis rendszer van ebben a szegmensben: Sz\u00e1mos transzform\u00e1tor\u00e1llom\u00e1son p\u00e9ld\u00e1ul a kev\u00e9s dolgoz\u00f3 \u00e1ltal keletkez\u0151 <a href=\"https:\/\/www.oekermann.de\/vorteile\/foerderung-geringer-wassermengen\/\">nagyon kis mennyis\u00e9g\u0171 szennyv\u00edz<\/a> elvezet\u00e9s\u00e9t pneumatikus <a href=\"https:\/\/www.oekermann.de\/produktgruppen\/kleine-anlagen\/\">kompakt rendszerek<\/a> v\u00e9gzik.<\/p>\n<ul id=\"ifat-gal-1\" class=\"list-3\">\n<li><img decoding=\"async\" class=\"img-1\" src=\"\/wp-content\/uploads\/2016\/04\/Hochbauteil-pneumatische-Anlage.jpg\" alt=\"Wasser und Abwasser - Einweihung\" width=\"440\" \/><\/li>\n<li><img decoding=\"async\" class=\"img-1\" src=\"\/wp-content\/uploads\/2016\/04\/Unterflurpumpwerk-pneumatische-Abwasser-Foerderung.jpg\" alt=\"Wasser und Abwasser - Einweihung\" width=\"440\" \/><\/li>\n<li><img decoding=\"async\" class=\"img-1\" src=\"\/wp-content\/uploads\/2016\/04\/Umspannanlage-Oekermann.jpg\" alt=\"Wasser und Abwasser - Einweihung\" width=\"440\" \/><\/li>\n<\/ul>\n<ul class=\"dl-files\">\n<li class=\"pdf-file-1\"><a href=\"\/res\/pdf\/sonderdruckschriften\/OEKERMANN-Info-02-Die-wichtigsten-Einsatzgruende-fuer-unsere-pneumatischen-Abwasser-Foerderanlagen.pdf\" target=\"_blank\" rel=\"noopener noreferrer\"> A pneumatikus szennyv\u00edzsz\u00e1ll\u00edt\u00f3 rendszerek alkalmaz\u00e1s\u00e1nak legfontosabb okai <\/a><\/li>\n<\/ul>\n<p class=\"clearer\">\n<p>Valamennyi ingyenes t\u00e1j\u00e9koztat\u00f3 anyagunk teljes \u00e1ttekint\u00e9se a <a title=\"Alle kostenlosen Informationen zum Thema Abwassertechnik als Downloads\" href=\"https:\/\/www.oekermann.de\/downloads\/\">Let\u00f6lt\u00e9sek<\/a> oldalunkon tal\u00e1lhat\u00f3.<\/p>\n<\/section>\n","protected":false},"excerpt":{"rendered":"<p>Az OEKERMANN sz\u00e1mos pneumatikus szennyv\u00edzszivatty\u00fa-telepe energiaszolg\u00e1ltat\u00f3 v\u00e1llalatok, pl. villamos \u00e1ram, f\u00f6ldg\u00e1z \u00e9s v\u00edzer\u0151m\u0171vek, \u00fczemi ter\u00fcletein tal\u00e1lhat\u00f3k. A kompresszorok \u00e9s a vez\u00e9rl\u0151 pl. ilyen \u00fczemi ter\u00fcleteken az OEKERMANN \u00e1ltal sz\u00e1ll\u00edthat\u00f3 (szigetelt) m\u0171anyag fel\u00e9p\u00edtm\u00e9nyelemben helyezhet\u0151k el. A kiv\u00e1l\u00f3 min\u0151s\u00e9g\u0171 kivitel optim\u00e1lis zajtomp\u00edt\u00e1sr\u00f3l \u00e9s \u00e1tlagon fel\u00fcli \u00e9lettartamr\u00f3l gondoskodik. Sok kis rendszer van ebben a szegmensben: Sz\u00e1mos transzform\u00e1tor\u00e1llom\u00e1son p\u00e9ld\u00e1ul<\/p>\n<p class=\"link-more\"><a href=\"https:\/\/www.oekermann.de\/hu\/alkalmazasi-esetek\/pneumatikus-szivattyumuvek-energiaellatasi-teruleten\/\" class=\"envor-btn\">Weiterlesen<span class=\"screen-reader-text\"> &#8220;Pneumatikus szivatty\u00fam\u0171vek energiaell\u00e1t\u00e1si ter\u00fcleten&#8221;<\/span><\/a><\/p>\n","protected":false},"author":1,"featured_media":0,"parent":5037,"menu_order":0,"comment_status":"closed","ping_status":"closed","template":"","meta":{"footnotes":""},"class_list":["post-5040","page","type-page","status-publish","hentry"],"yoast_head":"<!-- This site is optimized with the Yoast SEO plugin v27.4 - https:\/\/yoast.com\/product\/yoast-seo-wordpress\/ -->\n<title>Pneumatikus szivatty\u00fam\u0171vek energiaell\u00e1t\u00e1si ter\u00fcleten - Pneumatische F\u00f6rdertechnik - OEKERMANN Abwassertechnik<\/title>\n<meta name=\"robots\" content=\"index, follow, max-snippet:-1, max-image-preview:large, max-video-preview:-1\" \/>\n<link rel=\"canonical\" href=\"https:\/\/www.oekermann.de\/hu\/alkalmazasi-esetek\/pneumatikus-szivattyumuvek-energiaellatasi-teruleten\/\" \/>\n<meta property=\"og:locale\" content=\"hu_HU\" \/>\n<meta property=\"og:type\" content=\"article\" \/>\n<meta property=\"og:title\" content=\"Pneumatikus szivatty\u00fam\u0171vek energiaell\u00e1t\u00e1si ter\u00fcleten - Pneumatische F\u00f6rdertechnik - OEKERMANN Abwassertechnik\" \/>\n<meta property=\"og:description\" content=\"Az OEKERMANN sz\u00e1mos pneumatikus szennyv\u00edzszivatty\u00fa-telepe energiaszolg\u00e1ltat\u00f3 v\u00e1llalatok, pl. villamos \u00e1ram, f\u00f6ldg\u00e1z \u00e9s v\u00edzer\u0151m\u0171vek, \u00fczemi ter\u00fcletein tal\u00e1lhat\u00f3k. A kompresszorok \u00e9s a vez\u00e9rl\u0151 pl. ilyen \u00fczemi ter\u00fcleteken az OEKERMANN \u00e1ltal sz\u00e1ll\u00edthat\u00f3 (szigetelt) m\u0171anyag fel\u00e9p\u00edtm\u00e9nyelemben helyezhet\u0151k el. A kiv\u00e1l\u00f3 min\u0151s\u00e9g\u0171 kivitel optim\u00e1lis zajtomp\u00edt\u00e1sr\u00f3l \u00e9s \u00e1tlagon fel\u00fcli \u00e9lettartamr\u00f3l gondoskodik. Sok kis rendszer van ebben a szegmensben: Sz\u00e1mos transzform\u00e1tor\u00e1llom\u00e1son p\u00e9ld\u00e1ulWeiterlesen &quot;Pneumatikus szivatty\u00fam\u0171vek energiaell\u00e1t\u00e1si ter\u00fcleten&quot;\" \/>\n<meta property=\"og:url\" content=\"https:\/\/www.oekermann.de\/hu\/alkalmazasi-esetek\/pneumatikus-szivattyumuvek-energiaellatasi-teruleten\/\" \/>\n<meta property=\"og:site_name\" content=\"Pneumatische F\u00f6rdertechnik - OEKERMANN Abwassertechnik\" \/>\n<meta property=\"article:publisher\" content=\"https:\/\/www.facebook.com\/pages\/Oekermann-Abwassertechnik\/1007781205906685\" \/>\n<meta property=\"article:modified_time\" content=\"2025-06-11T12:53:01+00:00\" \/>\n<meta name=\"twitter:card\" content=\"summary_large_image\" \/>\n<meta name=\"twitter:site\" content=\"@Oekermann\" \/>\n<meta name=\"twitter:label1\" content=\"Est. reading time\" \/>\n\t<meta name=\"twitter:data1\" content=\"1 minute\" \/>\n<script type=\"application\/ld+json\" class=\"yoast-schema-graph\">{\"@context\":\"https:\\\/\\\/schema.org\",\"@graph\":[{\"@type\":\"WebPage\",\"@id\":\"https:\\\/\\\/www.oekermann.de\\\/hu\\\/alkalmazasi-esetek\\\/pneumatikus-szivattyumuvek-energiaellatasi-teruleten\\\/\",\"url\":\"https:\\\/\\\/www.oekermann.de\\\/hu\\\/alkalmazasi-esetek\\\/pneumatikus-szivattyumuvek-energiaellatasi-teruleten\\\/\",\"name\":\"Pneumatikus szivatty\u00fam\u0171vek energiaell\u00e1t\u00e1si ter\u00fcleten - Pneumatische F\u00f6rdertechnik - OEKERMANN Abwassertechnik\",\"isPartOf\":{\"@id\":\"https:\\\/\\\/www.oekermann.de\\\/#website\"},\"datePublished\":\"2022-06-17T07:18:25+00:00\",\"dateModified\":\"2025-06-11T12:53:01+00:00\",\"breadcrumb\":{\"@id\":\"https:\\\/\\\/www.oekermann.de\\\/hu\\\/alkalmazasi-esetek\\\/pneumatikus-szivattyumuvek-energiaellatasi-teruleten\\\/#breadcrumb\"},\"inLanguage\":\"hu-HU\",\"potentialAction\":[{\"@type\":\"ReadAction\",\"target\":[\"https:\\\/\\\/www.oekermann.de\\\/hu\\\/alkalmazasi-esetek\\\/pneumatikus-szivattyumuvek-energiaellatasi-teruleten\\\/\"]}]},{\"@type\":\"BreadcrumbList\",\"@id\":\"https:\\\/\\\/www.oekermann.de\\\/hu\\\/alkalmazasi-esetek\\\/pneumatikus-szivattyumuvek-energiaellatasi-teruleten\\\/#breadcrumb\",\"itemListElement\":[{\"@type\":\"ListItem\",\"position\":1,\"name\":\"Startseite\",\"item\":\"https:\\\/\\\/www.oekermann.de\\\/hu\\\/\"},{\"@type\":\"ListItem\",\"position\":2,\"name\":\"Alkalmaz\u00e1si esetek\",\"item\":\"https:\\\/\\\/www.oekermann.de\\\/hu\\\/alkalmazasi-esetek\\\/\"},{\"@type\":\"ListItem\",\"position\":3,\"name\":\"Pneumatikus szivatty\u00fam\u0171vek energiaell\u00e1t\u00e1si ter\u00fcleten\"}]},{\"@type\":\"WebSite\",\"@id\":\"https:\\\/\\\/www.oekermann.de\\\/#website\",\"url\":\"https:\\\/\\\/www.oekermann.de\\\/\",\"name\":\"Pneumatische F\u00f6rdertechnik - OEKERMANN Abwassertechnik\",\"description\":\"\",\"potentialAction\":[{\"@type\":\"SearchAction\",\"target\":{\"@type\":\"EntryPoint\",\"urlTemplate\":\"https:\\\/\\\/www.oekermann.de\\\/?s={search_term_string}\"},\"query-input\":{\"@type\":\"PropertyValueSpecification\",\"valueRequired\":true,\"valueName\":\"search_term_string\"}}],\"inLanguage\":\"hu-HU\"}]}<\/script>\n<!-- \/ Yoast SEO plugin. -->","yoast_head_json":{"title":"Pneumatikus szivatty\u00fam\u0171vek energiaell\u00e1t\u00e1si ter\u00fcleten - Pneumatische F\u00f6rdertechnik - OEKERMANN Abwassertechnik","robots":{"index":"index","follow":"follow","max-snippet":"max-snippet:-1","max-image-preview":"max-image-preview:large","max-video-preview":"max-video-preview:-1"},"canonical":"https:\/\/www.oekermann.de\/hu\/alkalmazasi-esetek\/pneumatikus-szivattyumuvek-energiaellatasi-teruleten\/","og_locale":"hu_HU","og_type":"article","og_title":"Pneumatikus szivatty\u00fam\u0171vek energiaell\u00e1t\u00e1si ter\u00fcleten - Pneumatische F\u00f6rdertechnik - OEKERMANN Abwassertechnik","og_description":"Az OEKERMANN sz\u00e1mos pneumatikus szennyv\u00edzszivatty\u00fa-telepe energiaszolg\u00e1ltat\u00f3 v\u00e1llalatok, pl. villamos \u00e1ram, f\u00f6ldg\u00e1z \u00e9s v\u00edzer\u0151m\u0171vek, \u00fczemi ter\u00fcletein tal\u00e1lhat\u00f3k. A kompresszorok \u00e9s a vez\u00e9rl\u0151 pl. ilyen \u00fczemi ter\u00fcleteken az OEKERMANN \u00e1ltal sz\u00e1ll\u00edthat\u00f3 (szigetelt) m\u0171anyag fel\u00e9p\u00edtm\u00e9nyelemben helyezhet\u0151k el. A kiv\u00e1l\u00f3 min\u0151s\u00e9g\u0171 kivitel optim\u00e1lis zajtomp\u00edt\u00e1sr\u00f3l \u00e9s \u00e1tlagon fel\u00fcli \u00e9lettartamr\u00f3l gondoskodik. Sok kis rendszer van ebben a szegmensben: Sz\u00e1mos transzform\u00e1tor\u00e1llom\u00e1son p\u00e9ld\u00e1ulWeiterlesen \"Pneumatikus szivatty\u00fam\u0171vek energiaell\u00e1t\u00e1si ter\u00fcleten\"","og_url":"https:\/\/www.oekermann.de\/hu\/alkalmazasi-esetek\/pneumatikus-szivattyumuvek-energiaellatasi-teruleten\/","og_site_name":"Pneumatische F\u00f6rdertechnik - OEKERMANN Abwassertechnik","article_publisher":"https:\/\/www.facebook.com\/pages\/Oekermann-Abwassertechnik\/1007781205906685","article_modified_time":"2025-06-11T12:53:01+00:00","twitter_card":"summary_large_image","twitter_site":"@Oekermann","twitter_misc":{"Est. reading time":"1 minute"},"schema":{"@context":"https:\/\/schema.org","@graph":[{"@type":"WebPage","@id":"https:\/\/www.oekermann.de\/hu\/alkalmazasi-esetek\/pneumatikus-szivattyumuvek-energiaellatasi-teruleten\/","url":"https:\/\/www.oekermann.de\/hu\/alkalmazasi-esetek\/pneumatikus-szivattyumuvek-energiaellatasi-teruleten\/","name":"Pneumatikus szivatty\u00fam\u0171vek energiaell\u00e1t\u00e1si ter\u00fcleten - Pneumatische F\u00f6rdertechnik - OEKERMANN Abwassertechnik","isPartOf":{"@id":"https:\/\/www.oekermann.de\/#website"},"datePublished":"2022-06-17T07:18:25+00:00","dateModified":"2025-06-11T12:53:01+00:00","breadcrumb":{"@id":"https:\/\/www.oekermann.de\/hu\/alkalmazasi-esetek\/pneumatikus-szivattyumuvek-energiaellatasi-teruleten\/#breadcrumb"},"inLanguage":"hu-HU","potentialAction":[{"@type":"ReadAction","target":["https:\/\/www.oekermann.de\/hu\/alkalmazasi-esetek\/pneumatikus-szivattyumuvek-energiaellatasi-teruleten\/"]}]},{"@type":"BreadcrumbList","@id":"https:\/\/www.oekermann.de\/hu\/alkalmazasi-esetek\/pneumatikus-szivattyumuvek-energiaellatasi-teruleten\/#breadcrumb","itemListElement":[{"@type":"ListItem","position":1,"name":"Startseite","item":"https:\/\/www.oekermann.de\/hu\/"},{"@type":"ListItem","position":2,"name":"Alkalmaz\u00e1si esetek","item":"https:\/\/www.oekermann.de\/hu\/alkalmazasi-esetek\/"},{"@type":"ListItem","position":3,"name":"Pneumatikus szivatty\u00fam\u0171vek energiaell\u00e1t\u00e1si ter\u00fcleten"}]},{"@type":"WebSite","@id":"https:\/\/www.oekermann.de\/#website","url":"https:\/\/www.oekermann.de\/","name":"Pneumatische F\u00f6rdertechnik - OEKERMANN Abwassertechnik","description":"","potentialAction":[{"@type":"SearchAction","target":{"@type":"EntryPoint","urlTemplate":"https:\/\/www.oekermann.de\/?s={search_term_string}"},"query-input":{"@type":"PropertyValueSpecification","valueRequired":true,"valueName":"search_term_string"}}],"inLanguage":"hu-HU"}]}},"_links":{"self":[{"href":"https:\/\/www.oekermann.de\/hu\/wp-json\/wp\/v2\/pages\/5040","targetHints":{"allow":["GET"]}}],"collection":[{"href":"https:\/\/www.oekermann.de\/hu\/wp-json\/wp\/v2\/pages"}],"about":[{"href":"https:\/\/www.oekermann.de\/hu\/wp-json\/wp\/v2\/types\/page"}],"author":[{"embeddable":true,"href":"https:\/\/www.oekermann.de\/hu\/wp-json\/wp\/v2\/users\/1"}],"replies":[{"embeddable":true,"href":"https:\/\/www.oekermann.de\/hu\/wp-json\/wp\/v2\/comments?post=5040"}],"version-history":[{"count":1,"href":"https:\/\/www.oekermann.de\/hu\/wp-json\/wp\/v2\/pages\/5040\/revisions"}],"predecessor-version":[{"id":5132,"href":"https:\/\/www.oekermann.de\/hu\/wp-json\/wp\/v2\/pages\/5040\/revisions\/5132"}],"up":[{"embeddable":true,"href":"https:\/\/www.oekermann.de\/hu\/wp-json\/wp\/v2\/pages\/5037"}],"wp:attachment":[{"href":"https:\/\/www.oekermann.de\/hu\/wp-json\/wp\/v2\/media?parent=5040"}],"curies":[{"name":"wp","href":"https:\/\/api.w.org\/{rel}","templated":true}]}}