{"id":5041,"date":"2017-02-05T22:16:25","date_gmt":"2017-02-05T21:16:25","guid":{"rendered":"https:\/\/www.oekermann.de\/?page_id=5041"},"modified":"2025-06-23T13:04:26","modified_gmt":"2025-06-23T11:04:26","slug":"szivargoviz-elvezetes","status":"publish","type":"page","link":"https:\/\/www.oekermann.de\/hu\/szakkifejezesek\/szivargoviz-elvezetes\/","title":{"rendered":"Sziv\u00e1rg\u00f3v\u00edz-elvezet\u00e9s"},"content":{"rendered":"<section>Tov\u00e1bbi gyakori alkalmaz\u00e1si ter\u00fclet a hullad\u00e9klerak\u00f3kb\u00f3l sz\u00e1rmaz\u00f3 sziv\u00e1rg\u00f3 v\u00edz sz\u00e1ll\u00edt\u00e1sa. Eg\u00e9sz sor ilyen rendszer \u00fczemel a N\u00e9metorsz\u00e1gi Sz\u00f6vets\u00e9gi K\u00f6zt\u00e1rsas\u00e1g k\u00fcl\u00f6nb\u00f6z\u0151 ter\u00fcletein, r\u00e9szben sok \u00e9ve.<\/p>\n<p><a href=\"https:\/\/www.oekermann.de\/kontakt\/ihre-ansprechpartner\/\">K\u00e9r\u00e9sre sz\u00edvesen k\u00fcld\u00fcnk \u00d6nnek referencialist\u00e1t.<\/a><\/p>\n<\/section>\n<section class=\"downloads\">\n<div class=\"animate-in\" data-anim-type=\"fade-in-right-big\" data-anim-delay=\"\">\n<div class=\"dl-wrapper\">\n<h2>Let\u00f6lt\u00e9sek a t\u00e9m\u00e1hoz:<\/h2>\n<ul class=\"dl-files\">\n<li class=\"pdf-file-1\"><a href=\"\/res\/pdf\/sonderdruckschriften\/OEKERMANN-Info-02-Die-wichtigsten-Einsatzgruende-fuer-unsere-pneumatischen-Abwasser-Foerderanlagen.pdf\" target=\"_blank\" rel=\"noopener noreferrer\"> A pneumatikus szennyv\u00edzsz\u00e1ll\u00edt\u00f3 rendszerek alkalmaz\u00e1s\u00e1nak legfontosabb okai <\/a><\/li>\n<\/ul>\n<div class=\"dl-all\"><a title=\"Kostenlose Downloads zur Pneumatischen Abwassertechnik\" href=\"https:\/\/www.oekermann.de\/downloads\/\">Ingyenes t\u00e1j\u00e9koztat\u00f3 anyag a pneumatikus szennyv\u00edztechnika t\u00e9m\u00e1j\u00e1ban<\/a><\/div>\n<\/div>\n<\/div>\n<\/section>\n","protected":false},"excerpt":{"rendered":"<p>Tov\u00e1bbi gyakori alkalmaz\u00e1si ter\u00fclet a hullad\u00e9klerak\u00f3kb\u00f3l sz\u00e1rmaz\u00f3 sziv\u00e1rg\u00f3 v\u00edz sz\u00e1ll\u00edt\u00e1sa. Eg\u00e9sz sor ilyen rendszer \u00fczemel a N\u00e9metorsz\u00e1gi Sz\u00f6vets\u00e9gi K\u00f6zt\u00e1rsas\u00e1g k\u00fcl\u00f6nb\u00f6z\u0151 ter\u00fcletein, r\u00e9szben sok \u00e9ve. K\u00e9r\u00e9sre sz\u00edvesen k\u00fcld\u00fcnk \u00d6nnek referencialist\u00e1t. Let\u00f6lt\u00e9sek a t\u00e9m\u00e1hoz: A pneumatikus szennyv\u00edzsz\u00e1ll\u00edt\u00f3 rendszerek alkalmaz\u00e1s\u00e1nak legfontosabb okai Ingyenes t\u00e1j\u00e9koztat\u00f3 anyag a pneumatikus szennyv\u00edztechnika t\u00e9m\u00e1j\u00e1ban<\/p>\n","protected":false},"author":2,"featured_media":0,"parent":5102,"menu_order":0,"comment_status":"closed","ping_status":"closed","template":"","meta":{"footnotes":""},"class_list":["post-5041","page","type-page","status-publish","hentry"],"yoast_head":"<!-- This site is optimized with the Yoast SEO plugin v27.4 - https:\/\/yoast.com\/product\/yoast-seo-wordpress\/ -->\n<title>Sziv\u00e1rg\u00f3v\u00edz-elvezet\u00e9s - Pneumatische F\u00f6rdertechnik - OEKERMANN Abwassertechnik<\/title>\n<meta name=\"robots\" content=\"index, follow, max-snippet:-1, max-image-preview:large, max-video-preview:-1\" \/>\n<link rel=\"canonical\" href=\"https:\/\/www.oekermann.de\/hu\/szakkifejezesek\/szivargoviz-elvezetes\/\" \/>\n<meta property=\"og:locale\" content=\"hu_HU\" \/>\n<meta property=\"og:type\" content=\"article\" \/>\n<meta property=\"og:title\" content=\"Sziv\u00e1rg\u00f3v\u00edz-elvezet\u00e9s - Pneumatische F\u00f6rdertechnik - OEKERMANN Abwassertechnik\" \/>\n<meta property=\"og:description\" content=\"Tov\u00e1bbi gyakori alkalmaz\u00e1si ter\u00fclet a hullad\u00e9klerak\u00f3kb\u00f3l sz\u00e1rmaz\u00f3 sziv\u00e1rg\u00f3 v\u00edz sz\u00e1ll\u00edt\u00e1sa. Eg\u00e9sz sor ilyen rendszer \u00fczemel a N\u00e9metorsz\u00e1gi Sz\u00f6vets\u00e9gi K\u00f6zt\u00e1rsas\u00e1g k\u00fcl\u00f6nb\u00f6z\u0151 ter\u00fcletein, r\u00e9szben sok \u00e9ve. K\u00e9r\u00e9sre sz\u00edvesen k\u00fcld\u00fcnk \u00d6nnek referencialist\u00e1t. Let\u00f6lt\u00e9sek a t\u00e9m\u00e1hoz: A pneumatikus szennyv\u00edzsz\u00e1ll\u00edt\u00f3 rendszerek alkalmaz\u00e1s\u00e1nak legfontosabb okai Ingyenes t\u00e1j\u00e9koztat\u00f3 anyag a pneumatikus szennyv\u00edztechnika t\u00e9m\u00e1j\u00e1ban\" \/>\n<meta property=\"og:url\" content=\"https:\/\/www.oekermann.de\/hu\/szakkifejezesek\/szivargoviz-elvezetes\/\" \/>\n<meta property=\"og:site_name\" content=\"Pneumatische F\u00f6rdertechnik - OEKERMANN Abwassertechnik\" \/>\n<meta property=\"article:publisher\" content=\"https:\/\/www.facebook.com\/pages\/Oekermann-Abwassertechnik\/1007781205906685\" \/>\n<meta property=\"article:modified_time\" content=\"2025-06-23T11:04:26+00:00\" \/>\n<meta name=\"twitter:card\" content=\"summary_large_image\" \/>\n<meta name=\"twitter:site\" content=\"@Oekermann\" \/>\n<script type=\"application\/ld+json\" class=\"yoast-schema-graph\">{\"@context\":\"https:\\\/\\\/schema.org\",\"@graph\":[{\"@type\":\"WebPage\",\"@id\":\"https:\\\/\\\/www.oekermann.de\\\/hu\\\/szakkifejezesek\\\/szivargoviz-elvezetes\\\/\",\"url\":\"https:\\\/\\\/www.oekermann.de\\\/hu\\\/szakkifejezesek\\\/szivargoviz-elvezetes\\\/\",\"name\":\"Sziv\u00e1rg\u00f3v\u00edz-elvezet\u00e9s - Pneumatische F\u00f6rdertechnik - OEKERMANN Abwassertechnik\",\"isPartOf\":{\"@id\":\"https:\\\/\\\/www.oekermann.de\\\/#website\"},\"datePublished\":\"2017-02-05T21:16:25+00:00\",\"dateModified\":\"2025-06-23T11:04:26+00:00\",\"breadcrumb\":{\"@id\":\"https:\\\/\\\/www.oekermann.de\\\/hu\\\/szakkifejezesek\\\/szivargoviz-elvezetes\\\/#breadcrumb\"},\"inLanguage\":\"hu-HU\",\"potentialAction\":[{\"@type\":\"ReadAction\",\"target\":[\"https:\\\/\\\/www.oekermann.de\\\/hu\\\/szakkifejezesek\\\/szivargoviz-elvezetes\\\/\"]}]},{\"@type\":\"BreadcrumbList\",\"@id\":\"https:\\\/\\\/www.oekermann.de\\\/hu\\\/szakkifejezesek\\\/szivargoviz-elvezetes\\\/#breadcrumb\",\"itemListElement\":[{\"@type\":\"ListItem\",\"position\":1,\"name\":\"Startseite\",\"item\":\"https:\\\/\\\/www.oekermann.de\\\/hu\\\/\"},{\"@type\":\"ListItem\",\"position\":2,\"name\":\"Szakkifejez\u00e9sek\",\"item\":\"https:\\\/\\\/www.oekermann.de\\\/hu\\\/szakkifejezesek\\\/\"},{\"@type\":\"ListItem\",\"position\":3,\"name\":\"Sziv\u00e1rg\u00f3v\u00edz-elvezet\u00e9s\"}]},{\"@type\":\"WebSite\",\"@id\":\"https:\\\/\\\/www.oekermann.de\\\/#website\",\"url\":\"https:\\\/\\\/www.oekermann.de\\\/\",\"name\":\"Pneumatische F\u00f6rdertechnik - OEKERMANN Abwassertechnik\",\"description\":\"\",\"potentialAction\":[{\"@type\":\"SearchAction\",\"target\":{\"@type\":\"EntryPoint\",\"urlTemplate\":\"https:\\\/\\\/www.oekermann.de\\\/?s={search_term_string}\"},\"query-input\":{\"@type\":\"PropertyValueSpecification\",\"valueRequired\":true,\"valueName\":\"search_term_string\"}}],\"inLanguage\":\"hu-HU\"}]}<\/script>\n<!-- \/ Yoast SEO plugin. -->","yoast_head_json":{"title":"Sziv\u00e1rg\u00f3v\u00edz-elvezet\u00e9s - Pneumatische F\u00f6rdertechnik - OEKERMANN Abwassertechnik","robots":{"index":"index","follow":"follow","max-snippet":"max-snippet:-1","max-image-preview":"max-image-preview:large","max-video-preview":"max-video-preview:-1"},"canonical":"https:\/\/www.oekermann.de\/hu\/szakkifejezesek\/szivargoviz-elvezetes\/","og_locale":"hu_HU","og_type":"article","og_title":"Sziv\u00e1rg\u00f3v\u00edz-elvezet\u00e9s - Pneumatische F\u00f6rdertechnik - OEKERMANN Abwassertechnik","og_description":"Tov\u00e1bbi gyakori alkalmaz\u00e1si ter\u00fclet a hullad\u00e9klerak\u00f3kb\u00f3l sz\u00e1rmaz\u00f3 sziv\u00e1rg\u00f3 v\u00edz sz\u00e1ll\u00edt\u00e1sa. Eg\u00e9sz sor ilyen rendszer \u00fczemel a N\u00e9metorsz\u00e1gi Sz\u00f6vets\u00e9gi K\u00f6zt\u00e1rsas\u00e1g k\u00fcl\u00f6nb\u00f6z\u0151 ter\u00fcletein, r\u00e9szben sok \u00e9ve. K\u00e9r\u00e9sre sz\u00edvesen k\u00fcld\u00fcnk \u00d6nnek referencialist\u00e1t. Let\u00f6lt\u00e9sek a t\u00e9m\u00e1hoz: A pneumatikus szennyv\u00edzsz\u00e1ll\u00edt\u00f3 rendszerek alkalmaz\u00e1s\u00e1nak legfontosabb okai Ingyenes t\u00e1j\u00e9koztat\u00f3 anyag a pneumatikus szennyv\u00edztechnika t\u00e9m\u00e1j\u00e1ban","og_url":"https:\/\/www.oekermann.de\/hu\/szakkifejezesek\/szivargoviz-elvezetes\/","og_site_name":"Pneumatische F\u00f6rdertechnik - OEKERMANN Abwassertechnik","article_publisher":"https:\/\/www.facebook.com\/pages\/Oekermann-Abwassertechnik\/1007781205906685","article_modified_time":"2025-06-23T11:04:26+00:00","twitter_card":"summary_large_image","twitter_site":"@Oekermann","schema":{"@context":"https:\/\/schema.org","@graph":[{"@type":"WebPage","@id":"https:\/\/www.oekermann.de\/hu\/szakkifejezesek\/szivargoviz-elvezetes\/","url":"https:\/\/www.oekermann.de\/hu\/szakkifejezesek\/szivargoviz-elvezetes\/","name":"Sziv\u00e1rg\u00f3v\u00edz-elvezet\u00e9s - Pneumatische F\u00f6rdertechnik - OEKERMANN Abwassertechnik","isPartOf":{"@id":"https:\/\/www.oekermann.de\/#website"},"datePublished":"2017-02-05T21:16:25+00:00","dateModified":"2025-06-23T11:04:26+00:00","breadcrumb":{"@id":"https:\/\/www.oekermann.de\/hu\/szakkifejezesek\/szivargoviz-elvezetes\/#breadcrumb"},"inLanguage":"hu-HU","potentialAction":[{"@type":"ReadAction","target":["https:\/\/www.oekermann.de\/hu\/szakkifejezesek\/szivargoviz-elvezetes\/"]}]},{"@type":"BreadcrumbList","@id":"https:\/\/www.oekermann.de\/hu\/szakkifejezesek\/szivargoviz-elvezetes\/#breadcrumb","itemListElement":[{"@type":"ListItem","position":1,"name":"Startseite","item":"https:\/\/www.oekermann.de\/hu\/"},{"@type":"ListItem","position":2,"name":"Szakkifejez\u00e9sek","item":"https:\/\/www.oekermann.de\/hu\/szakkifejezesek\/"},{"@type":"ListItem","position":3,"name":"Sziv\u00e1rg\u00f3v\u00edz-elvezet\u00e9s"}]},{"@type":"WebSite","@id":"https:\/\/www.oekermann.de\/#website","url":"https:\/\/www.oekermann.de\/","name":"Pneumatische F\u00f6rdertechnik - OEKERMANN Abwassertechnik","description":"","potentialAction":[{"@type":"SearchAction","target":{"@type":"EntryPoint","urlTemplate":"https:\/\/www.oekermann.de\/?s={search_term_string}"},"query-input":{"@type":"PropertyValueSpecification","valueRequired":true,"valueName":"search_term_string"}}],"inLanguage":"hu-HU"}]}},"_links":{"self":[{"href":"https:\/\/www.oekermann.de\/hu\/wp-json\/wp\/v2\/pages\/5041","targetHints":{"allow":["GET"]}}],"collection":[{"href":"https:\/\/www.oekermann.de\/hu\/wp-json\/wp\/v2\/pages"}],"about":[{"href":"https:\/\/www.oekermann.de\/hu\/wp-json\/wp\/v2\/types\/page"}],"author":[{"embeddable":true,"href":"https:\/\/www.oekermann.de\/hu\/wp-json\/wp\/v2\/users\/2"}],"replies":[{"embeddable":true,"href":"https:\/\/www.oekermann.de\/hu\/wp-json\/wp\/v2\/comments?post=5041"}],"version-history":[{"count":2,"href":"https:\/\/www.oekermann.de\/hu\/wp-json\/wp\/v2\/pages\/5041\/revisions"}],"predecessor-version":[{"id":5225,"href":"https:\/\/www.oekermann.de\/hu\/wp-json\/wp\/v2\/pages\/5041\/revisions\/5225"}],"up":[{"embeddable":true,"href":"https:\/\/www.oekermann.de\/hu\/wp-json\/wp\/v2\/pages\/5102"}],"wp:attachment":[{"href":"https:\/\/www.oekermann.de\/hu\/wp-json\/wp\/v2\/media?parent=5041"}],"curies":[{"name":"wp","href":"https:\/\/api.w.org\/{rel}","templated":true}]}}