{"id":5042,"date":"2022-06-17T11:15:07","date_gmt":"2022-06-17T09:15:07","guid":{"rendered":"https:\/\/www.oekermann.de\/?page_id=5042"},"modified":"2025-06-11T14:53:00","modified_gmt":"2025-06-11T12:53:00","slug":"pneumatikus-szennyvizszallitas-a-mezogazdasagban","status":"publish","type":"page","link":"https:\/\/www.oekermann.de\/hu\/alkalmazasi-esetek\/pneumatikus-szennyvizszallitas-a-mezogazdasagban\/","title":{"rendered":"Pneumatikus szennyv\u00edzsz\u00e1ll\u00edt\u00e1s a mez\u0151gazdas\u00e1gban"},"content":{"rendered":"<p>A pneumatikus szennyv\u00edzsz\u00e1ll\u00edt\u00f3 rendszereket a legk\u00fcl\u00f6nb\u00f6z\u0151bb ter\u00fcleteken alkalmazz\u00e1k, \u00edgy van ez t\u00f6bb, mint 14 \u00e9ve sikeresen a Sv\u00e1b-Alb l\u00e1b\u00e1n\u00e1l fekv\u0151 wittlingeni Sonnenhof Mayer eset\u00e9ben is. A kis szivatty\u00fa\u00e1llom\u00e1s ott nemcsak a h\u00e1ztart\u00e1si szennyvizet, hanem id\u0151k\u00f6zben a catering, a bolt \u00e9s az berendez\u00e9sek ter\u00fclet\u00e9n keletkez\u0151 szennyv\u00edz sz\u00e1ll\u00edt\u00e1s\u00e1t is v\u00e9gzi. \u00cdgy v\u00e9g\u00fcl 2021-ben esed\u00e9kess\u00e9 v\u00e1lt a saj\u00e1t \u00fczemi \u00fcgyf\u00e9lszolg\u00e1latunk \u00e1ltal v\u00e9gzett karbantart\u00e1s; addig a rendszer egyed\u00fcl minim\u00e1lis helysz\u00edni gondoz\u00e1ssal elboldogult.<\/p>\n<p>K\u00fcl\u00f6n\u00f6sen \u00f6r\u00f6m\u00fcnkre szolg\u00e1l, ha egy olyan \u00fcgyf\u00e9l mint a Sonnenhof Mayer hozz\u00e1nk hasonl\u00f3an szint\u00e9n a k\u00f6rnyezettel kapcsolatos tev\u00e9kenys\u00e9get folytat: Pont azokban az id\u0151kben, amikor a (haszon-)\u00e1llatok j\u00f3l\u00e9te vesz\u00e9lyben forog, a Sonnenhof k\u00fcl\u00f6n\u00f6sen pozit\u00edv p\u00e9ld\u00e1val t\u0171nik ki: <a href=\"http:\/\/www.mayer-wittlingen.de\/\" target=\"_blank\" rel=\"noopener noreferrer\">http:\/\/www.mayer-wittlingen.de\/<\/a> und <a href=\"https:\/\/www.youtube.com\/watch?v=9SR4kfprGuU\" target=\"_blank\" rel=\"noopener noreferrer\">https:\/\/www.youtube.com\/watch?v=9SR4kfprGuU<\/a>. A h\u00e1zi sert\u00e9sek itt \u00fagy \u00e9lnek, ahogyan mindenhol lennie kellene.<\/p>\n<p>\u00cdgy eg\u00e9sz\u00edti ki egym\u00e1st a kiv\u00e1l\u00f3 min\u0151s\u00e9g\u0171 k\u00f6rnyezettechnol\u00f3gia a k\u00f6rnyezetbar\u00e1t gazd\u00e1lkod\u00e1ssal \u00e9s tev\u00e9kenys\u00e9ggel.<\/p>\n<p>Egy\u00e9bk\u00e9nt a boltb\u00f3l sz\u00e1rmaz\u00f3 n\u00e9h\u00e1ny k\u00f3stol\u00f3 rendk\u00edv\u00fcl \u00edzlett.<\/p>\n<style type=\"text\/css\">\n#foogallery-gallery-3569.fg-masonry .fg-item { width: 520px; }\n#foogallery-gallery-3569.fg-masonry { --fg-gutter: 10px; }<\/style>\n\t\t\t<div class=\"foogallery foogallery-container foogallery-masonry foogallery-lightbox-foogallery fg-masonry fg-ready fg-light fg-loaded-fade-in fg-fixed\" id=\"foogallery-gallery-3569\" data-foogallery=\"{&quot;item&quot;:{&quot;showCaptionTitle&quot;:true,&quot;showCaptionDescription&quot;:true},&quot;lazy&quot;:true,&quot;template&quot;:{&quot;columnWidth&quot;:520,&quot;gutter&quot;:10,&quot;horizontalOrder&quot;:true}}\" style=\"--fg-title-line-clamp: 0; --fg-description-line-clamp: 0;\" >\n\t\t<div class=\"fg-item fg-type-image fg-idle\"><figure class=\"fg-item-inner\"><a data-attachment-id=\"3568\" data-type=\"image\" class=\"fg-thumb\"><span class=\"fg-image-wrap\"><img fetchpriority=\"high\" decoding=\"async\" alt=\"Pneumatische Abwasserf\u00f6rderung in der Landwirtschaft\" width=\"520\" height=\"458\" class=\"skip-lazy fg-image\" data-src-fg=\"https:\/\/www.oekermann.de\/wp-content\/uploads\/cache\/2021\/12\/Pneumatische-Abwasserfoerderung-in_der-Landwirtschaft\/1714638168.jpg\" src=\"data:image\/svg+xml,%3Csvg%20xmlns%3D%22http%3A%2F%2Fwww.w3.org%2F2000%2Fsvg%22%20width%3D%22520%22%20height%3D%22458%22%20viewBox%3D%220%200%20520%20458%22%3E%3C%2Fsvg%3E\" loading=\"eager\"><\/span><span class=\"fg-image-overlay\"><\/span><\/a><\/figure><div class=\"fg-loader\"><\/div><\/div><\/div><style type=\"text\/css\">#foogallery-gallery-3569 { margin:0 !important; }<\/style>\n","protected":false},"excerpt":{"rendered":"<p>A pneumatikus szennyv\u00edzsz\u00e1ll\u00edt\u00f3 rendszereket a legk\u00fcl\u00f6nb\u00f6z\u0151bb ter\u00fcleteken alkalmazz\u00e1k, \u00edgy van ez t\u00f6bb, mint 14 \u00e9ve sikeresen a Sv\u00e1b-Alb l\u00e1b\u00e1n\u00e1l fekv\u0151 wittlingeni Sonnenhof Mayer eset\u00e9ben is. A kis szivatty\u00fa\u00e1llom\u00e1s ott nemcsak a h\u00e1ztart\u00e1si szennyvizet, hanem id\u0151k\u00f6zben a catering, a bolt \u00e9s az berendez\u00e9sek ter\u00fclet\u00e9n keletkez\u0151 szennyv\u00edz sz\u00e1ll\u00edt\u00e1s\u00e1t is v\u00e9gzi. \u00cdgy v\u00e9g\u00fcl 2021-ben esed\u00e9kess\u00e9 v\u00e1lt a saj\u00e1t<\/p>\n<p class=\"link-more\"><a href=\"https:\/\/www.oekermann.de\/hu\/alkalmazasi-esetek\/pneumatikus-szennyvizszallitas-a-mezogazdasagban\/\" class=\"envor-btn\">Weiterlesen<span class=\"screen-reader-text\"> &#8220;Pneumatikus szennyv\u00edzsz\u00e1ll\u00edt\u00e1s a mez\u0151gazdas\u00e1gban&#8221;<\/span><\/a><\/p>\n","protected":false},"author":1,"featured_media":0,"parent":5037,"menu_order":0,"comment_status":"closed","ping_status":"closed","template":"","meta":{"footnotes":""},"class_list":["post-5042","page","type-page","status-publish","hentry"],"yoast_head":"<!-- This site is optimized with the Yoast SEO plugin v27.4 - https:\/\/yoast.com\/product\/yoast-seo-wordpress\/ -->\n<title>Pneumatikus szennyv\u00edzsz\u00e1ll\u00edt\u00e1s a mez\u0151gazdas\u00e1gban - Pneumatische F\u00f6rdertechnik - OEKERMANN Abwassertechnik<\/title>\n<meta name=\"robots\" content=\"index, follow, max-snippet:-1, max-image-preview:large, max-video-preview:-1\" \/>\n<link rel=\"canonical\" href=\"https:\/\/www.oekermann.de\/hu\/alkalmazasi-esetek\/pneumatikus-szennyvizszallitas-a-mezogazdasagban\/\" \/>\n<meta property=\"og:locale\" content=\"hu_HU\" \/>\n<meta property=\"og:type\" content=\"article\" \/>\n<meta property=\"og:title\" content=\"Pneumatikus szennyv\u00edzsz\u00e1ll\u00edt\u00e1s a mez\u0151gazdas\u00e1gban - Pneumatische F\u00f6rdertechnik - OEKERMANN Abwassertechnik\" \/>\n<meta property=\"og:description\" content=\"A pneumatikus szennyv\u00edzsz\u00e1ll\u00edt\u00f3 rendszereket a legk\u00fcl\u00f6nb\u00f6z\u0151bb ter\u00fcleteken alkalmazz\u00e1k, \u00edgy van ez t\u00f6bb, mint 14 \u00e9ve sikeresen a Sv\u00e1b-Alb l\u00e1b\u00e1n\u00e1l fekv\u0151 wittlingeni Sonnenhof Mayer eset\u00e9ben is. A kis szivatty\u00fa\u00e1llom\u00e1s ott nemcsak a h\u00e1ztart\u00e1si szennyvizet, hanem id\u0151k\u00f6zben a catering, a bolt \u00e9s az berendez\u00e9sek ter\u00fclet\u00e9n keletkez\u0151 szennyv\u00edz sz\u00e1ll\u00edt\u00e1s\u00e1t is v\u00e9gzi. \u00cdgy v\u00e9g\u00fcl 2021-ben esed\u00e9kess\u00e9 v\u00e1lt a saj\u00e1tWeiterlesen &quot;Pneumatikus szennyv\u00edzsz\u00e1ll\u00edt\u00e1s a mez\u0151gazdas\u00e1gban&quot;\" \/>\n<meta property=\"og:url\" content=\"https:\/\/www.oekermann.de\/hu\/alkalmazasi-esetek\/pneumatikus-szennyvizszallitas-a-mezogazdasagban\/\" \/>\n<meta property=\"og:site_name\" content=\"Pneumatische F\u00f6rdertechnik - OEKERMANN Abwassertechnik\" \/>\n<meta property=\"article:publisher\" content=\"https:\/\/www.facebook.com\/pages\/Oekermann-Abwassertechnik\/1007781205906685\" \/>\n<meta property=\"article:modified_time\" content=\"2025-06-11T12:53:00+00:00\" \/>\n<meta name=\"twitter:card\" content=\"summary_large_image\" \/>\n<meta name=\"twitter:site\" content=\"@Oekermann\" \/>\n<meta name=\"twitter:label1\" content=\"Est. reading time\" \/>\n\t<meta name=\"twitter:data1\" content=\"1 minute\" \/>\n<script type=\"application\/ld+json\" class=\"yoast-schema-graph\">{\"@context\":\"https:\\\/\\\/schema.org\",\"@graph\":[{\"@type\":\"WebPage\",\"@id\":\"https:\\\/\\\/www.oekermann.de\\\/hu\\\/alkalmazasi-esetek\\\/pneumatikus-szennyvizszallitas-a-mezogazdasagban\\\/\",\"url\":\"https:\\\/\\\/www.oekermann.de\\\/hu\\\/alkalmazasi-esetek\\\/pneumatikus-szennyvizszallitas-a-mezogazdasagban\\\/\",\"name\":\"Pneumatikus szennyv\u00edzsz\u00e1ll\u00edt\u00e1s a mez\u0151gazdas\u00e1gban - Pneumatische F\u00f6rdertechnik - OEKERMANN Abwassertechnik\",\"isPartOf\":{\"@id\":\"https:\\\/\\\/www.oekermann.de\\\/#website\"},\"datePublished\":\"2022-06-17T09:15:07+00:00\",\"dateModified\":\"2025-06-11T12:53:00+00:00\",\"breadcrumb\":{\"@id\":\"https:\\\/\\\/www.oekermann.de\\\/hu\\\/alkalmazasi-esetek\\\/pneumatikus-szennyvizszallitas-a-mezogazdasagban\\\/#breadcrumb\"},\"inLanguage\":\"hu-HU\",\"potentialAction\":[{\"@type\":\"ReadAction\",\"target\":[\"https:\\\/\\\/www.oekermann.de\\\/hu\\\/alkalmazasi-esetek\\\/pneumatikus-szennyvizszallitas-a-mezogazdasagban\\\/\"]}]},{\"@type\":\"BreadcrumbList\",\"@id\":\"https:\\\/\\\/www.oekermann.de\\\/hu\\\/alkalmazasi-esetek\\\/pneumatikus-szennyvizszallitas-a-mezogazdasagban\\\/#breadcrumb\",\"itemListElement\":[{\"@type\":\"ListItem\",\"position\":1,\"name\":\"Startseite\",\"item\":\"https:\\\/\\\/www.oekermann.de\\\/hu\\\/\"},{\"@type\":\"ListItem\",\"position\":2,\"name\":\"Alkalmaz\u00e1si esetek\",\"item\":\"https:\\\/\\\/www.oekermann.de\\\/hu\\\/alkalmazasi-esetek\\\/\"},{\"@type\":\"ListItem\",\"position\":3,\"name\":\"Pneumatikus szennyv\u00edzsz\u00e1ll\u00edt\u00e1s a mez\u0151gazdas\u00e1gban\"}]},{\"@type\":\"WebSite\",\"@id\":\"https:\\\/\\\/www.oekermann.de\\\/#website\",\"url\":\"https:\\\/\\\/www.oekermann.de\\\/\",\"name\":\"Pneumatische F\u00f6rdertechnik - OEKERMANN Abwassertechnik\",\"description\":\"\",\"potentialAction\":[{\"@type\":\"SearchAction\",\"target\":{\"@type\":\"EntryPoint\",\"urlTemplate\":\"https:\\\/\\\/www.oekermann.de\\\/?s={search_term_string}\"},\"query-input\":{\"@type\":\"PropertyValueSpecification\",\"valueRequired\":true,\"valueName\":\"search_term_string\"}}],\"inLanguage\":\"hu-HU\"}]}<\/script>\n<!-- \/ Yoast SEO plugin. -->","yoast_head_json":{"title":"Pneumatikus szennyv\u00edzsz\u00e1ll\u00edt\u00e1s a mez\u0151gazdas\u00e1gban - Pneumatische F\u00f6rdertechnik - OEKERMANN Abwassertechnik","robots":{"index":"index","follow":"follow","max-snippet":"max-snippet:-1","max-image-preview":"max-image-preview:large","max-video-preview":"max-video-preview:-1"},"canonical":"https:\/\/www.oekermann.de\/hu\/alkalmazasi-esetek\/pneumatikus-szennyvizszallitas-a-mezogazdasagban\/","og_locale":"hu_HU","og_type":"article","og_title":"Pneumatikus szennyv\u00edzsz\u00e1ll\u00edt\u00e1s a mez\u0151gazdas\u00e1gban - Pneumatische F\u00f6rdertechnik - OEKERMANN Abwassertechnik","og_description":"A pneumatikus szennyv\u00edzsz\u00e1ll\u00edt\u00f3 rendszereket a legk\u00fcl\u00f6nb\u00f6z\u0151bb ter\u00fcleteken alkalmazz\u00e1k, \u00edgy van ez t\u00f6bb, mint 14 \u00e9ve sikeresen a Sv\u00e1b-Alb l\u00e1b\u00e1n\u00e1l fekv\u0151 wittlingeni Sonnenhof Mayer eset\u00e9ben is. A kis szivatty\u00fa\u00e1llom\u00e1s ott nemcsak a h\u00e1ztart\u00e1si szennyvizet, hanem id\u0151k\u00f6zben a catering, a bolt \u00e9s az berendez\u00e9sek ter\u00fclet\u00e9n keletkez\u0151 szennyv\u00edz sz\u00e1ll\u00edt\u00e1s\u00e1t is v\u00e9gzi. \u00cdgy v\u00e9g\u00fcl 2021-ben esed\u00e9kess\u00e9 v\u00e1lt a saj\u00e1tWeiterlesen \"Pneumatikus szennyv\u00edzsz\u00e1ll\u00edt\u00e1s a mez\u0151gazdas\u00e1gban\"","og_url":"https:\/\/www.oekermann.de\/hu\/alkalmazasi-esetek\/pneumatikus-szennyvizszallitas-a-mezogazdasagban\/","og_site_name":"Pneumatische F\u00f6rdertechnik - OEKERMANN Abwassertechnik","article_publisher":"https:\/\/www.facebook.com\/pages\/Oekermann-Abwassertechnik\/1007781205906685","article_modified_time":"2025-06-11T12:53:00+00:00","twitter_card":"summary_large_image","twitter_site":"@Oekermann","twitter_misc":{"Est. reading time":"1 minute"},"schema":{"@context":"https:\/\/schema.org","@graph":[{"@type":"WebPage","@id":"https:\/\/www.oekermann.de\/hu\/alkalmazasi-esetek\/pneumatikus-szennyvizszallitas-a-mezogazdasagban\/","url":"https:\/\/www.oekermann.de\/hu\/alkalmazasi-esetek\/pneumatikus-szennyvizszallitas-a-mezogazdasagban\/","name":"Pneumatikus szennyv\u00edzsz\u00e1ll\u00edt\u00e1s a mez\u0151gazdas\u00e1gban - Pneumatische F\u00f6rdertechnik - OEKERMANN Abwassertechnik","isPartOf":{"@id":"https:\/\/www.oekermann.de\/#website"},"datePublished":"2022-06-17T09:15:07+00:00","dateModified":"2025-06-11T12:53:00+00:00","breadcrumb":{"@id":"https:\/\/www.oekermann.de\/hu\/alkalmazasi-esetek\/pneumatikus-szennyvizszallitas-a-mezogazdasagban\/#breadcrumb"},"inLanguage":"hu-HU","potentialAction":[{"@type":"ReadAction","target":["https:\/\/www.oekermann.de\/hu\/alkalmazasi-esetek\/pneumatikus-szennyvizszallitas-a-mezogazdasagban\/"]}]},{"@type":"BreadcrumbList","@id":"https:\/\/www.oekermann.de\/hu\/alkalmazasi-esetek\/pneumatikus-szennyvizszallitas-a-mezogazdasagban\/#breadcrumb","itemListElement":[{"@type":"ListItem","position":1,"name":"Startseite","item":"https:\/\/www.oekermann.de\/hu\/"},{"@type":"ListItem","position":2,"name":"Alkalmaz\u00e1si esetek","item":"https:\/\/www.oekermann.de\/hu\/alkalmazasi-esetek\/"},{"@type":"ListItem","position":3,"name":"Pneumatikus szennyv\u00edzsz\u00e1ll\u00edt\u00e1s a mez\u0151gazdas\u00e1gban"}]},{"@type":"WebSite","@id":"https:\/\/www.oekermann.de\/#website","url":"https:\/\/www.oekermann.de\/","name":"Pneumatische F\u00f6rdertechnik - OEKERMANN Abwassertechnik","description":"","potentialAction":[{"@type":"SearchAction","target":{"@type":"EntryPoint","urlTemplate":"https:\/\/www.oekermann.de\/?s={search_term_string}"},"query-input":{"@type":"PropertyValueSpecification","valueRequired":true,"valueName":"search_term_string"}}],"inLanguage":"hu-HU"}]}},"_links":{"self":[{"href":"https:\/\/www.oekermann.de\/hu\/wp-json\/wp\/v2\/pages\/5042","targetHints":{"allow":["GET"]}}],"collection":[{"href":"https:\/\/www.oekermann.de\/hu\/wp-json\/wp\/v2\/pages"}],"about":[{"href":"https:\/\/www.oekermann.de\/hu\/wp-json\/wp\/v2\/types\/page"}],"author":[{"embeddable":true,"href":"https:\/\/www.oekermann.de\/hu\/wp-json\/wp\/v2\/users\/1"}],"replies":[{"embeddable":true,"href":"https:\/\/www.oekermann.de\/hu\/wp-json\/wp\/v2\/comments?post=5042"}],"version-history":[{"count":1,"href":"https:\/\/www.oekermann.de\/hu\/wp-json\/wp\/v2\/pages\/5042\/revisions"}],"predecessor-version":[{"id":5131,"href":"https:\/\/www.oekermann.de\/hu\/wp-json\/wp\/v2\/pages\/5042\/revisions\/5131"}],"up":[{"embeddable":true,"href":"https:\/\/www.oekermann.de\/hu\/wp-json\/wp\/v2\/pages\/5037"}],"wp:attachment":[{"href":"https:\/\/www.oekermann.de\/hu\/wp-json\/wp\/v2\/media?parent=5042"}],"curies":[{"name":"wp","href":"https:\/\/api.w.org\/{rel}","templated":true}]}}