{"id":5043,"date":"2022-06-17T09:41:43","date_gmt":"2022-06-17T07:41:43","guid":{"rendered":"https:\/\/www.oekermann.de\/?page_id=5043"},"modified":"2025-06-11T14:53:00","modified_gmt":"2025-06-11T12:53:00","slug":"golfklubok-szennyviz-elvezetese","status":"publish","type":"page","link":"https:\/\/www.oekermann.de\/hu\/alkalmazasi-esetek\/golfklubok-szennyviz-elvezetese\/","title":{"rendered":"Golfklubok szennyv\u00edz-elvezet\u00e9se"},"content":{"rendered":"<p>A golfp\u00e1ly\u00e1k gyakran lakott ter\u00fcletekt\u0151l t\u00e1vol fekszenek, ezenk\u00edv\u00fcl a keletkez\u0151 szennyv\u00edz mennyis\u00e9ge er\u0151teljes szezon\u00e1lis ingadoz\u00e1st mutat. Ez\u00e9rt az ilyen objektumok tipikusan a pneumatikus szennyv\u00edzsz\u00e1ll\u00edt\u00f3 rendszerek alkalmaz\u00e1si ter\u00fclet\u00e9t jelentik, a <a href=\"https:\/\/www.oekermann.de\/2016\/01\/15\/geringe-abwassermengen-eines-naturfreundehauses\/\">term\u00e9szetbar\u00e1t h\u00e1zakhoz<\/a> vagy a <a href=\"https:\/\/www.oekermann.de\/projekt-fotos\/freizeitanlagen-campingplaetze\/\">kempingekhez<\/a> hasonl\u00f3an.<\/p>\n<p>2017 elej\u00e9n p\u00e9ld\u00e1ul az eredetileg 1989-ben az OEKERMANN \u00e1ltal egy az ulmi t\u00e9rs\u00e9gben tal\u00e1lhat\u00f3 golfklubban l\u00e9tes\u00edtett pneumatikus szivatty\u00fa\u00e1llom\u00e1s teljes fel\u00faj\u00edt\u00e1son esett \u00e1t. A nyom\u00f3vezet\u00e9k hossza 2 km.<\/p>\n<p><img loading=\"lazy\" decoding=\"async\" class=\"img-1\" src=\"\/wp-content\/uploads\/2017\/05\/Golfclub_Oekermann-300x203.jpg\" alt=\"\" width=\"300\" height=\"203\" \/> <img loading=\"lazy\" decoding=\"async\" class=\"img-1\" src=\"https:\/\/www.oekermann.de\/wp-content\/uploads\/2018\/02\/1395-Golfclub-20170727_090739-1-300x203.jpg\" alt=\"\" width=\"300\" height=\"203\" \/><\/p>\n","protected":false},"excerpt":{"rendered":"<p>A golfp\u00e1ly\u00e1k gyakran lakott ter\u00fcletekt\u0151l t\u00e1vol fekszenek, ezenk\u00edv\u00fcl a keletkez\u0151 szennyv\u00edz mennyis\u00e9ge er\u0151teljes szezon\u00e1lis ingadoz\u00e1st mutat. Ez\u00e9rt az ilyen objektumok tipikusan a pneumatikus szennyv\u00edzsz\u00e1ll\u00edt\u00f3 rendszerek alkalmaz\u00e1si ter\u00fclet\u00e9t jelentik, a term\u00e9szetbar\u00e1t h\u00e1zakhoz vagy a kempingekhez hasonl\u00f3an. 2017 elej\u00e9n p\u00e9ld\u00e1ul az eredetileg 1989-ben az OEKERMANN \u00e1ltal egy az ulmi t\u00e9rs\u00e9gben tal\u00e1lhat\u00f3 golfklubban l\u00e9tes\u00edtett pneumatikus szivatty\u00fa\u00e1llom\u00e1s teljes fel\u00faj\u00edt\u00e1son<\/p>\n<p class=\"link-more\"><a href=\"https:\/\/www.oekermann.de\/hu\/alkalmazasi-esetek\/golfklubok-szennyviz-elvezetese\/\" class=\"envor-btn\">Weiterlesen<span class=\"screen-reader-text\"> &#8220;Golfklubok szennyv\u00edz-elvezet\u00e9se&#8221;<\/span><\/a><\/p>\n","protected":false},"author":1,"featured_media":0,"parent":5037,"menu_order":0,"comment_status":"closed","ping_status":"closed","template":"","meta":{"footnotes":""},"class_list":["post-5043","page","type-page","status-publish","hentry"],"yoast_head":"<!-- This site is optimized with the Yoast SEO plugin v27.4 - https:\/\/yoast.com\/product\/yoast-seo-wordpress\/ -->\n<title>Golfklubok szennyv\u00edz-elvezet\u00e9se - Pneumatische F\u00f6rdertechnik - OEKERMANN Abwassertechnik<\/title>\n<meta name=\"robots\" content=\"index, follow, max-snippet:-1, max-image-preview:large, max-video-preview:-1\" \/>\n<link rel=\"canonical\" href=\"https:\/\/www.oekermann.de\/hu\/alkalmazasi-esetek\/golfklubok-szennyviz-elvezetese\/\" \/>\n<meta property=\"og:locale\" content=\"hu_HU\" \/>\n<meta property=\"og:type\" content=\"article\" \/>\n<meta property=\"og:title\" content=\"Golfklubok szennyv\u00edz-elvezet\u00e9se - Pneumatische F\u00f6rdertechnik - OEKERMANN Abwassertechnik\" \/>\n<meta property=\"og:description\" content=\"A golfp\u00e1ly\u00e1k gyakran lakott ter\u00fcletekt\u0151l t\u00e1vol fekszenek, ezenk\u00edv\u00fcl a keletkez\u0151 szennyv\u00edz mennyis\u00e9ge er\u0151teljes szezon\u00e1lis ingadoz\u00e1st mutat. Ez\u00e9rt az ilyen objektumok tipikusan a pneumatikus szennyv\u00edzsz\u00e1ll\u00edt\u00f3 rendszerek alkalmaz\u00e1si ter\u00fclet\u00e9t jelentik, a term\u00e9szetbar\u00e1t h\u00e1zakhoz vagy a kempingekhez hasonl\u00f3an. 2017 elej\u00e9n p\u00e9ld\u00e1ul az eredetileg 1989-ben az OEKERMANN \u00e1ltal egy az ulmi t\u00e9rs\u00e9gben tal\u00e1lhat\u00f3 golfklubban l\u00e9tes\u00edtett pneumatikus szivatty\u00fa\u00e1llom\u00e1s teljes fel\u00faj\u00edt\u00e1sonWeiterlesen &quot;Golfklubok szennyv\u00edz-elvezet\u00e9se&quot;\" \/>\n<meta property=\"og:url\" content=\"https:\/\/www.oekermann.de\/hu\/alkalmazasi-esetek\/golfklubok-szennyviz-elvezetese\/\" \/>\n<meta property=\"og:site_name\" content=\"Pneumatische F\u00f6rdertechnik - OEKERMANN Abwassertechnik\" \/>\n<meta property=\"article:publisher\" content=\"https:\/\/www.facebook.com\/pages\/Oekermann-Abwassertechnik\/1007781205906685\" \/>\n<meta property=\"article:modified_time\" content=\"2025-06-11T12:53:00+00:00\" \/>\n<meta property=\"og:image\" content=\"https:\/\/www.oekermann.de\/wp-content\/uploads\/2018\/02\/1395-Golfclub-20170727_090739-1-300x203.jpg\" \/>\n<meta name=\"twitter:card\" content=\"summary_large_image\" \/>\n<meta name=\"twitter:site\" content=\"@Oekermann\" \/>\n<script type=\"application\/ld+json\" class=\"yoast-schema-graph\">{\"@context\":\"https:\\\/\\\/schema.org\",\"@graph\":[{\"@type\":\"WebPage\",\"@id\":\"https:\\\/\\\/www.oekermann.de\\\/hu\\\/alkalmazasi-esetek\\\/golfklubok-szennyviz-elvezetese\\\/\",\"url\":\"https:\\\/\\\/www.oekermann.de\\\/hu\\\/alkalmazasi-esetek\\\/golfklubok-szennyviz-elvezetese\\\/\",\"name\":\"Golfklubok szennyv\u00edz-elvezet\u00e9se - Pneumatische F\u00f6rdertechnik - OEKERMANN Abwassertechnik\",\"isPartOf\":{\"@id\":\"https:\\\/\\\/www.oekermann.de\\\/#website\"},\"primaryImageOfPage\":{\"@id\":\"https:\\\/\\\/www.oekermann.de\\\/hu\\\/alkalmazasi-esetek\\\/golfklubok-szennyviz-elvezetese\\\/#primaryimage\"},\"image\":{\"@id\":\"https:\\\/\\\/www.oekermann.de\\\/hu\\\/alkalmazasi-esetek\\\/golfklubok-szennyviz-elvezetese\\\/#primaryimage\"},\"thumbnailUrl\":\"https:\\\/\\\/www.oekermann.de\\\/wp-content\\\/uploads\\\/2018\\\/02\\\/1395-Golfclub-20170727_090739-1-300x203.jpg\",\"datePublished\":\"2022-06-17T07:41:43+00:00\",\"dateModified\":\"2025-06-11T12:53:00+00:00\",\"breadcrumb\":{\"@id\":\"https:\\\/\\\/www.oekermann.de\\\/hu\\\/alkalmazasi-esetek\\\/golfklubok-szennyviz-elvezetese\\\/#breadcrumb\"},\"inLanguage\":\"hu-HU\",\"potentialAction\":[{\"@type\":\"ReadAction\",\"target\":[\"https:\\\/\\\/www.oekermann.de\\\/hu\\\/alkalmazasi-esetek\\\/golfklubok-szennyviz-elvezetese\\\/\"]}]},{\"@type\":\"ImageObject\",\"inLanguage\":\"hu-HU\",\"@id\":\"https:\\\/\\\/www.oekermann.de\\\/hu\\\/alkalmazasi-esetek\\\/golfklubok-szennyviz-elvezetese\\\/#primaryimage\",\"url\":\"https:\\\/\\\/www.oekermann.de\\\/wp-content\\\/uploads\\\/2018\\\/02\\\/1395-Golfclub-20170727_090739-1-300x203.jpg\",\"contentUrl\":\"https:\\\/\\\/www.oekermann.de\\\/wp-content\\\/uploads\\\/2018\\\/02\\\/1395-Golfclub-20170727_090739-1-300x203.jpg\"},{\"@type\":\"BreadcrumbList\",\"@id\":\"https:\\\/\\\/www.oekermann.de\\\/hu\\\/alkalmazasi-esetek\\\/golfklubok-szennyviz-elvezetese\\\/#breadcrumb\",\"itemListElement\":[{\"@type\":\"ListItem\",\"position\":1,\"name\":\"Startseite\",\"item\":\"https:\\\/\\\/www.oekermann.de\\\/hu\\\/\"},{\"@type\":\"ListItem\",\"position\":2,\"name\":\"Alkalmaz\u00e1si esetek\",\"item\":\"https:\\\/\\\/www.oekermann.de\\\/hu\\\/alkalmazasi-esetek\\\/\"},{\"@type\":\"ListItem\",\"position\":3,\"name\":\"Golfklubok szennyv\u00edz-elvezet\u00e9se\"}]},{\"@type\":\"WebSite\",\"@id\":\"https:\\\/\\\/www.oekermann.de\\\/#website\",\"url\":\"https:\\\/\\\/www.oekermann.de\\\/\",\"name\":\"Pneumatische F\u00f6rdertechnik - OEKERMANN Abwassertechnik\",\"description\":\"\",\"potentialAction\":[{\"@type\":\"SearchAction\",\"target\":{\"@type\":\"EntryPoint\",\"urlTemplate\":\"https:\\\/\\\/www.oekermann.de\\\/?s={search_term_string}\"},\"query-input\":{\"@type\":\"PropertyValueSpecification\",\"valueRequired\":true,\"valueName\":\"search_term_string\"}}],\"inLanguage\":\"hu-HU\"}]}<\/script>\n<!-- \/ Yoast SEO plugin. -->","yoast_head_json":{"title":"Golfklubok szennyv\u00edz-elvezet\u00e9se - Pneumatische F\u00f6rdertechnik - OEKERMANN Abwassertechnik","robots":{"index":"index","follow":"follow","max-snippet":"max-snippet:-1","max-image-preview":"max-image-preview:large","max-video-preview":"max-video-preview:-1"},"canonical":"https:\/\/www.oekermann.de\/hu\/alkalmazasi-esetek\/golfklubok-szennyviz-elvezetese\/","og_locale":"hu_HU","og_type":"article","og_title":"Golfklubok szennyv\u00edz-elvezet\u00e9se - Pneumatische F\u00f6rdertechnik - OEKERMANN Abwassertechnik","og_description":"A golfp\u00e1ly\u00e1k gyakran lakott ter\u00fcletekt\u0151l t\u00e1vol fekszenek, ezenk\u00edv\u00fcl a keletkez\u0151 szennyv\u00edz mennyis\u00e9ge er\u0151teljes szezon\u00e1lis ingadoz\u00e1st mutat. Ez\u00e9rt az ilyen objektumok tipikusan a pneumatikus szennyv\u00edzsz\u00e1ll\u00edt\u00f3 rendszerek alkalmaz\u00e1si ter\u00fclet\u00e9t jelentik, a term\u00e9szetbar\u00e1t h\u00e1zakhoz vagy a kempingekhez hasonl\u00f3an. 2017 elej\u00e9n p\u00e9ld\u00e1ul az eredetileg 1989-ben az OEKERMANN \u00e1ltal egy az ulmi t\u00e9rs\u00e9gben tal\u00e1lhat\u00f3 golfklubban l\u00e9tes\u00edtett pneumatikus szivatty\u00fa\u00e1llom\u00e1s teljes fel\u00faj\u00edt\u00e1sonWeiterlesen \"Golfklubok szennyv\u00edz-elvezet\u00e9se\"","og_url":"https:\/\/www.oekermann.de\/hu\/alkalmazasi-esetek\/golfklubok-szennyviz-elvezetese\/","og_site_name":"Pneumatische F\u00f6rdertechnik - OEKERMANN Abwassertechnik","article_publisher":"https:\/\/www.facebook.com\/pages\/Oekermann-Abwassertechnik\/1007781205906685","article_modified_time":"2025-06-11T12:53:00+00:00","og_image":[{"url":"https:\/\/www.oekermann.de\/wp-content\/uploads\/2018\/02\/1395-Golfclub-20170727_090739-1-300x203.jpg","type":"","width":"","height":""}],"twitter_card":"summary_large_image","twitter_site":"@Oekermann","schema":{"@context":"https:\/\/schema.org","@graph":[{"@type":"WebPage","@id":"https:\/\/www.oekermann.de\/hu\/alkalmazasi-esetek\/golfklubok-szennyviz-elvezetese\/","url":"https:\/\/www.oekermann.de\/hu\/alkalmazasi-esetek\/golfklubok-szennyviz-elvezetese\/","name":"Golfklubok szennyv\u00edz-elvezet\u00e9se - Pneumatische F\u00f6rdertechnik - OEKERMANN Abwassertechnik","isPartOf":{"@id":"https:\/\/www.oekermann.de\/#website"},"primaryImageOfPage":{"@id":"https:\/\/www.oekermann.de\/hu\/alkalmazasi-esetek\/golfklubok-szennyviz-elvezetese\/#primaryimage"},"image":{"@id":"https:\/\/www.oekermann.de\/hu\/alkalmazasi-esetek\/golfklubok-szennyviz-elvezetese\/#primaryimage"},"thumbnailUrl":"https:\/\/www.oekermann.de\/wp-content\/uploads\/2018\/02\/1395-Golfclub-20170727_090739-1-300x203.jpg","datePublished":"2022-06-17T07:41:43+00:00","dateModified":"2025-06-11T12:53:00+00:00","breadcrumb":{"@id":"https:\/\/www.oekermann.de\/hu\/alkalmazasi-esetek\/golfklubok-szennyviz-elvezetese\/#breadcrumb"},"inLanguage":"hu-HU","potentialAction":[{"@type":"ReadAction","target":["https:\/\/www.oekermann.de\/hu\/alkalmazasi-esetek\/golfklubok-szennyviz-elvezetese\/"]}]},{"@type":"ImageObject","inLanguage":"hu-HU","@id":"https:\/\/www.oekermann.de\/hu\/alkalmazasi-esetek\/golfklubok-szennyviz-elvezetese\/#primaryimage","url":"https:\/\/www.oekermann.de\/wp-content\/uploads\/2018\/02\/1395-Golfclub-20170727_090739-1-300x203.jpg","contentUrl":"https:\/\/www.oekermann.de\/wp-content\/uploads\/2018\/02\/1395-Golfclub-20170727_090739-1-300x203.jpg"},{"@type":"BreadcrumbList","@id":"https:\/\/www.oekermann.de\/hu\/alkalmazasi-esetek\/golfklubok-szennyviz-elvezetese\/#breadcrumb","itemListElement":[{"@type":"ListItem","position":1,"name":"Startseite","item":"https:\/\/www.oekermann.de\/hu\/"},{"@type":"ListItem","position":2,"name":"Alkalmaz\u00e1si esetek","item":"https:\/\/www.oekermann.de\/hu\/alkalmazasi-esetek\/"},{"@type":"ListItem","position":3,"name":"Golfklubok szennyv\u00edz-elvezet\u00e9se"}]},{"@type":"WebSite","@id":"https:\/\/www.oekermann.de\/#website","url":"https:\/\/www.oekermann.de\/","name":"Pneumatische F\u00f6rdertechnik - OEKERMANN Abwassertechnik","description":"","potentialAction":[{"@type":"SearchAction","target":{"@type":"EntryPoint","urlTemplate":"https:\/\/www.oekermann.de\/?s={search_term_string}"},"query-input":{"@type":"PropertyValueSpecification","valueRequired":true,"valueName":"search_term_string"}}],"inLanguage":"hu-HU"}]}},"_links":{"self":[{"href":"https:\/\/www.oekermann.de\/hu\/wp-json\/wp\/v2\/pages\/5043","targetHints":{"allow":["GET"]}}],"collection":[{"href":"https:\/\/www.oekermann.de\/hu\/wp-json\/wp\/v2\/pages"}],"about":[{"href":"https:\/\/www.oekermann.de\/hu\/wp-json\/wp\/v2\/types\/page"}],"author":[{"embeddable":true,"href":"https:\/\/www.oekermann.de\/hu\/wp-json\/wp\/v2\/users\/1"}],"replies":[{"embeddable":true,"href":"https:\/\/www.oekermann.de\/hu\/wp-json\/wp\/v2\/comments?post=5043"}],"version-history":[{"count":1,"href":"https:\/\/www.oekermann.de\/hu\/wp-json\/wp\/v2\/pages\/5043\/revisions"}],"predecessor-version":[{"id":5129,"href":"https:\/\/www.oekermann.de\/hu\/wp-json\/wp\/v2\/pages\/5043\/revisions\/5129"}],"up":[{"embeddable":true,"href":"https:\/\/www.oekermann.de\/hu\/wp-json\/wp\/v2\/pages\/5037"}],"wp:attachment":[{"href":"https:\/\/www.oekermann.de\/hu\/wp-json\/wp\/v2\/media?parent=5043"}],"curies":[{"name":"wp","href":"https:\/\/api.w.org\/{rel}","templated":true}]}}