{"id":5048,"date":"2019-06-11T23:39:36","date_gmt":"2019-06-11T21:39:36","guid":{"rendered":"https:\/\/www.oekermann.de\/?page_id=5048"},"modified":"2025-06-11T14:53:04","modified_gmt":"2025-06-11T12:53:04","slug":"kapcsolat","status":"publish","type":"page","link":"https:\/\/www.oekermann.de\/hu\/kapcsolat\/","title":{"rendered":"Kapcsolat"},"content":{"rendered":"<ul class=\"themen-index-links\">\n<li style=\"list-style-type: none;\">\n<ul class=\"themen-index-links\">\n<li>\n<h2><a href=\"https:\/\/www.oekermann.de\/kontakt\/oeffnungszeiten\/\">\u00d6ffnungszeiten<\/a><\/h2>\n<p>Nyitva tart\u00e1si id\u0151k \u00e9s seg\u00e9lyh\u00edv\u00f3 sz\u00e1munk.<\/p>\n<p><a class=\"d-btn d-btn-primary d-btn-normal\" href=\"https:\/\/www.oekermann.de\/kontakt\/oeffnungszeiten\/\"><b>A nyitva tart\u00e1si id\u0151kh\u00f6z \u203a<\/b><\/a><\/li>\n<li>\n<h2><a href=\"https:\/\/www.oekermann.de\/kontakt\/ihre-ansprechpartner\/\">Bielefeldi kapcsolattart\u00f3k<\/a><\/h2>\n<p>A kapcsolattart\u00e1si adatok \u00e1ttekint\u00e9se.<\/p>\n<p><a class=\"d-btn d-btn-primary d-btn-normal\" href=\"https:\/\/www.oekermann.de\/kontakt\/ihre-ansprechpartner\/\"><b>A kapcsolattart\u00f3khoz \u203a<\/b><\/a><\/li>\n<li>\n<h2><a href=\"https:\/\/www.oekermann.de\/kontakt\/vertriebsbereiche\/\">\u00c9rt\u00e9kes\u00edt\u00e9si ter\u00fcletek<\/a><\/h2>\n<p>Itt tal\u00e1lhat\u00f3k az OEKERMANN rendszerek k\u00f6z\u00e9p-eur\u00f3pai region\u00e1lis \u00e9rt\u00e9kes\u00edt\u00e9si kapcsolattart\u00f3i.<\/p>\n<p><a class=\"d-btn d-btn-primary d-btn-normal\" href=\"https:\/\/www.oekermann.de\/kontakt\/vertriebsbereiche\/\"><b>Az \u00e9rt\u00e9kes\u00edt\u00e9si ter\u00fcletekhez \u203a<\/b><\/a><\/li>\n<\/ul>\n<\/li>\n<\/ul>\n<p><!--\n \t\n\n<li>\n\n\n<h2><a href=\"https:\/\/www.oekermann.de\/kontakt\/vertriebsbereiche\/\">\u00c1ll\u00e1saj\u00e1nlatok<\/a><\/h2>\n\n\nEr\u0151s\u00edt\u00e9st keres\u00fcnk! Ha szeretn\u00e9 megtudni, hogy megfelel-e nek\u00fcnk, a legjobb, ha megn\u00e9zi \u00e1ll\u00e1shirdet\u00e9seinket.\n\n<a class=\"d-btn d-btn-primary d-btn-normal\" href=\"https:\/\/www.oekermann.de\/kontakt\/stellenangebote\/\"><b>Az \u00e1ll\u00e1saj\u00e1nlatokhoz \u203a<\/b><\/a><\/li>\n\n\n--><\/p>\n","protected":false},"excerpt":{"rendered":"<p>\u00d6ffnungszeiten Nyitva tart\u00e1si id\u0151k \u00e9s seg\u00e9lyh\u00edv\u00f3 sz\u00e1munk. A nyitva tart\u00e1si id\u0151kh\u00f6z \u203a Bielefeldi kapcsolattart\u00f3k A kapcsolattart\u00e1si adatok \u00e1ttekint\u00e9se. A kapcsolattart\u00f3khoz \u203a \u00c9rt\u00e9kes\u00edt\u00e9si ter\u00fcletek Itt tal\u00e1lhat\u00f3k az OEKERMANN rendszerek k\u00f6z\u00e9p-eur\u00f3pai region\u00e1lis \u00e9rt\u00e9kes\u00edt\u00e9si kapcsolattart\u00f3i. Az \u00e9rt\u00e9kes\u00edt\u00e9si ter\u00fcletekhez \u203a<\/p>\n","protected":false},"author":1,"featured_media":0,"parent":0,"menu_order":0,"comment_status":"closed","ping_status":"closed","template":"","meta":{"footnotes":""},"class_list":["post-5048","page","type-page","status-publish","hentry"],"yoast_head":"<!-- This site is optimized with the Yoast SEO plugin v27.4 - https:\/\/yoast.com\/product\/yoast-seo-wordpress\/ -->\n<title>Kapcsolat - Pneumatische F\u00f6rdertechnik - OEKERMANN Abwassertechnik<\/title>\n<meta name=\"robots\" content=\"index, follow, max-snippet:-1, max-image-preview:large, max-video-preview:-1\" \/>\n<link rel=\"canonical\" href=\"https:\/\/www.oekermann.de\/hu\/kapcsolat\/\" \/>\n<meta property=\"og:locale\" content=\"hu_HU\" \/>\n<meta property=\"og:type\" content=\"article\" \/>\n<meta property=\"og:title\" content=\"Kapcsolat - Pneumatische F\u00f6rdertechnik - OEKERMANN Abwassertechnik\" \/>\n<meta property=\"og:description\" content=\"\u00d6ffnungszeiten Nyitva tart\u00e1si id\u0151k \u00e9s seg\u00e9lyh\u00edv\u00f3 sz\u00e1munk. A nyitva tart\u00e1si id\u0151kh\u00f6z \u203a Bielefeldi kapcsolattart\u00f3k A kapcsolattart\u00e1si adatok \u00e1ttekint\u00e9se. A kapcsolattart\u00f3khoz \u203a \u00c9rt\u00e9kes\u00edt\u00e9si ter\u00fcletek Itt tal\u00e1lhat\u00f3k az OEKERMANN rendszerek k\u00f6z\u00e9p-eur\u00f3pai region\u00e1lis \u00e9rt\u00e9kes\u00edt\u00e9si kapcsolattart\u00f3i. Az \u00e9rt\u00e9kes\u00edt\u00e9si ter\u00fcletekhez \u203a\" \/>\n<meta property=\"og:url\" content=\"https:\/\/www.oekermann.de\/hu\/kapcsolat\/\" \/>\n<meta property=\"og:site_name\" content=\"Pneumatische F\u00f6rdertechnik - OEKERMANN Abwassertechnik\" \/>\n<meta property=\"article:publisher\" content=\"https:\/\/www.facebook.com\/pages\/Oekermann-Abwassertechnik\/1007781205906685\" \/>\n<meta property=\"article:modified_time\" content=\"2025-06-11T12:53:04+00:00\" \/>\n<meta name=\"twitter:card\" content=\"summary_large_image\" \/>\n<meta name=\"twitter:site\" content=\"@Oekermann\" \/>\n<script type=\"application\/ld+json\" class=\"yoast-schema-graph\">{\"@context\":\"https:\\\/\\\/schema.org\",\"@graph\":[{\"@type\":\"WebPage\",\"@id\":\"https:\\\/\\\/www.oekermann.de\\\/hu\\\/kapcsolat\\\/\",\"url\":\"https:\\\/\\\/www.oekermann.de\\\/hu\\\/kapcsolat\\\/\",\"name\":\"Kapcsolat - Pneumatische F\u00f6rdertechnik - OEKERMANN Abwassertechnik\",\"isPartOf\":{\"@id\":\"https:\\\/\\\/www.oekermann.de\\\/#website\"},\"datePublished\":\"2019-06-11T21:39:36+00:00\",\"dateModified\":\"2025-06-11T12:53:04+00:00\",\"breadcrumb\":{\"@id\":\"https:\\\/\\\/www.oekermann.de\\\/hu\\\/kapcsolat\\\/#breadcrumb\"},\"inLanguage\":\"hu-HU\",\"potentialAction\":[{\"@type\":\"ReadAction\",\"target\":[\"https:\\\/\\\/www.oekermann.de\\\/hu\\\/kapcsolat\\\/\"]}]},{\"@type\":\"BreadcrumbList\",\"@id\":\"https:\\\/\\\/www.oekermann.de\\\/hu\\\/kapcsolat\\\/#breadcrumb\",\"itemListElement\":[{\"@type\":\"ListItem\",\"position\":1,\"name\":\"Startseite\",\"item\":\"https:\\\/\\\/www.oekermann.de\\\/hu\\\/\"},{\"@type\":\"ListItem\",\"position\":2,\"name\":\"Kapcsolat\"}]},{\"@type\":\"WebSite\",\"@id\":\"https:\\\/\\\/www.oekermann.de\\\/#website\",\"url\":\"https:\\\/\\\/www.oekermann.de\\\/\",\"name\":\"Pneumatische F\u00f6rdertechnik - OEKERMANN Abwassertechnik\",\"description\":\"\",\"potentialAction\":[{\"@type\":\"SearchAction\",\"target\":{\"@type\":\"EntryPoint\",\"urlTemplate\":\"https:\\\/\\\/www.oekermann.de\\\/?s={search_term_string}\"},\"query-input\":{\"@type\":\"PropertyValueSpecification\",\"valueRequired\":true,\"valueName\":\"search_term_string\"}}],\"inLanguage\":\"hu-HU\"}]}<\/script>\n<!-- \/ Yoast SEO plugin. -->","yoast_head_json":{"title":"Kapcsolat - Pneumatische F\u00f6rdertechnik - OEKERMANN Abwassertechnik","robots":{"index":"index","follow":"follow","max-snippet":"max-snippet:-1","max-image-preview":"max-image-preview:large","max-video-preview":"max-video-preview:-1"},"canonical":"https:\/\/www.oekermann.de\/hu\/kapcsolat\/","og_locale":"hu_HU","og_type":"article","og_title":"Kapcsolat - Pneumatische F\u00f6rdertechnik - OEKERMANN Abwassertechnik","og_description":"\u00d6ffnungszeiten Nyitva tart\u00e1si id\u0151k \u00e9s seg\u00e9lyh\u00edv\u00f3 sz\u00e1munk. A nyitva tart\u00e1si id\u0151kh\u00f6z \u203a Bielefeldi kapcsolattart\u00f3k A kapcsolattart\u00e1si adatok \u00e1ttekint\u00e9se. A kapcsolattart\u00f3khoz \u203a \u00c9rt\u00e9kes\u00edt\u00e9si ter\u00fcletek Itt tal\u00e1lhat\u00f3k az OEKERMANN rendszerek k\u00f6z\u00e9p-eur\u00f3pai region\u00e1lis \u00e9rt\u00e9kes\u00edt\u00e9si kapcsolattart\u00f3i. Az \u00e9rt\u00e9kes\u00edt\u00e9si ter\u00fcletekhez \u203a","og_url":"https:\/\/www.oekermann.de\/hu\/kapcsolat\/","og_site_name":"Pneumatische F\u00f6rdertechnik - OEKERMANN Abwassertechnik","article_publisher":"https:\/\/www.facebook.com\/pages\/Oekermann-Abwassertechnik\/1007781205906685","article_modified_time":"2025-06-11T12:53:04+00:00","twitter_card":"summary_large_image","twitter_site":"@Oekermann","schema":{"@context":"https:\/\/schema.org","@graph":[{"@type":"WebPage","@id":"https:\/\/www.oekermann.de\/hu\/kapcsolat\/","url":"https:\/\/www.oekermann.de\/hu\/kapcsolat\/","name":"Kapcsolat - Pneumatische F\u00f6rdertechnik - OEKERMANN Abwassertechnik","isPartOf":{"@id":"https:\/\/www.oekermann.de\/#website"},"datePublished":"2019-06-11T21:39:36+00:00","dateModified":"2025-06-11T12:53:04+00:00","breadcrumb":{"@id":"https:\/\/www.oekermann.de\/hu\/kapcsolat\/#breadcrumb"},"inLanguage":"hu-HU","potentialAction":[{"@type":"ReadAction","target":["https:\/\/www.oekermann.de\/hu\/kapcsolat\/"]}]},{"@type":"BreadcrumbList","@id":"https:\/\/www.oekermann.de\/hu\/kapcsolat\/#breadcrumb","itemListElement":[{"@type":"ListItem","position":1,"name":"Startseite","item":"https:\/\/www.oekermann.de\/hu\/"},{"@type":"ListItem","position":2,"name":"Kapcsolat"}]},{"@type":"WebSite","@id":"https:\/\/www.oekermann.de\/#website","url":"https:\/\/www.oekermann.de\/","name":"Pneumatische F\u00f6rdertechnik - OEKERMANN Abwassertechnik","description":"","potentialAction":[{"@type":"SearchAction","target":{"@type":"EntryPoint","urlTemplate":"https:\/\/www.oekermann.de\/?s={search_term_string}"},"query-input":{"@type":"PropertyValueSpecification","valueRequired":true,"valueName":"search_term_string"}}],"inLanguage":"hu-HU"}]}},"_links":{"self":[{"href":"https:\/\/www.oekermann.de\/hu\/wp-json\/wp\/v2\/pages\/5048","targetHints":{"allow":["GET"]}}],"collection":[{"href":"https:\/\/www.oekermann.de\/hu\/wp-json\/wp\/v2\/pages"}],"about":[{"href":"https:\/\/www.oekermann.de\/hu\/wp-json\/wp\/v2\/types\/page"}],"author":[{"embeddable":true,"href":"https:\/\/www.oekermann.de\/hu\/wp-json\/wp\/v2\/users\/1"}],"replies":[{"embeddable":true,"href":"https:\/\/www.oekermann.de\/hu\/wp-json\/wp\/v2\/comments?post=5048"}],"version-history":[{"count":1,"href":"https:\/\/www.oekermann.de\/hu\/wp-json\/wp\/v2\/pages\/5048\/revisions"}],"predecessor-version":[{"id":5141,"href":"https:\/\/www.oekermann.de\/hu\/wp-json\/wp\/v2\/pages\/5048\/revisions\/5141"}],"wp:attachment":[{"href":"https:\/\/www.oekermann.de\/hu\/wp-json\/wp\/v2\/media?parent=5048"}],"curies":[{"name":"wp","href":"https:\/\/api.w.org\/{rel}","templated":true}]}}