{"id":5051,"date":"2017-02-05T21:28:53","date_gmt":"2017-02-05T20:28:53","guid":{"rendered":"https:\/\/www.oekermann.de\/?page_id=5051"},"modified":"2025-06-23T14:51:08","modified_gmt":"2025-06-23T12:51:08","slug":"oldalterkep","status":"publish","type":"page","link":"https:\/\/www.oekermann.de\/hu\/oldalterkep\/","title":{"rendered":"Oldalt\u00e9rk\u00e9p"},"content":{"rendered":"<section>\n<div class=\"row\">\n<div class=\"col-sm-12 col-md-6 sitemap\">\n<ul class=\"link-list-1\">\n<li><strong><i class=\"fa fa-angle-double-right\"><\/i> <a href=\"\/\">Kezd\u0151oldal<\/a><\/strong><\/li>\n<\/ul>\n<ul class=\"link-list-1\">\n<li><strong><i class=\"fa fa-angle-double-right\"><\/i> <a href=\"https:\/\/www.oekermann.de\/ueber-uns\/\">R\u00f3lunk<\/a><\/strong>\n<ul>\n<li><i class=\"fa fa-angle-right\"><\/i> <a href=\"https:\/\/www.oekermann.de\/ueber-uns\/die-idee\/\">A koncepci\u00f3<\/a><\/li>\n<li><i class=\"fa fa-angle-right\"><\/i> <a href=\"https:\/\/www.oekermann.de\/ueber-uns\/philosophie\/\">A filoz\u00f3fia<\/a><\/li>\n<li><i class=\"fa fa-angle-right\"><\/i> <a href=\"https:\/\/www.oekermann.de\/ueber-uns\/meilensteine\/\">M\u00e9rf\u00f6ldk\u00f6vek<\/a><\/li>\n<li><i class=\"fa fa-angle-right\"><\/i> <a href=\"https:\/\/www.oekermann.de\/ueber-uns\/reisemonteure\/\">Helysz\u00edni szerel\u0151k<\/a><\/li>\n<li><i class=\"fa fa-angle-right\"><\/i> <a href=\"https:\/\/www.oekermann.de\/ueber-uns\/karriere-bei-oekermann\/\">Karrier az OEKERMANN-n\u00e1l?<\/a><\/li>\n<li><i class=\"fa fa-angle-right\"><\/i> <a href=\"https:\/\/www.oekermann.de\/ueber-uns\/schuelerpraktikum\/\">Di\u00e1k szakmai gyakorlat<\/a><\/li>\n<\/ul>\n<\/li>\n<\/ul>\n<ul class=\"link-list-1\">\n<li><strong><i class=\"fa fa-angle-double-right\"><\/i> <a href=\"https:\/\/www.oekermann.de\/produktgruppen\/\">Term\u00e9kcsoportok<\/a><\/strong>\n<ul>\n<li><i class=\"fa fa-angle-right\"><\/i> <a href=\"https:\/\/www.oekermann.de\/produktgruppen\/kleine-anlagen\/\">Kis rendszerek<\/a><\/li>\n<li><i class=\"fa fa-angle-right\"><\/i> <a href=\"https:\/\/www.oekermann.de\/produktgruppen\/1-kessel-doppelanlagen\/\">1-tart\u00e1lyos dupla rendszerek<\/a><\/li>\n<li><i class=\"fa fa-angle-right\"><\/i> <a href=\"https:\/\/www.oekermann.de\/produktgruppen\/doppelanlagen\/\">Dupla rendszerek<\/a><\/li>\n<li><i class=\"fa fa-angle-right\"><\/i> <a href=\"https:\/\/www.oekermann.de\/produktgruppen\/drei-und-vierfachanlagen\/\">H\u00e1rmas &amp; n\u00e9gyes rendszerek<\/a><\/li>\n<li><i class=\"fa fa-angle-right\"><\/i> <a href=\"https:\/\/www.oekermann.de\/produktgruppen\/kombination-pneumatik-pumpe\/\">Pneumatika + szivatty\u00fa kombin\u00e1ci\u00f3ja<\/a><\/li>\n<\/ul>\n<\/li>\n<\/ul>\n<ul class=\"link-list-1\">\n<li><strong><i class=\"fa fa-angle-double-right\"><\/i> <a href=\"https:\/\/www.oekermann.de\/vorteile\/\">El\u0151ny\u00f6k<\/a><\/strong>\n<ul>\n<li><i class=\"fa fa-angle-right\"><\/i> <a href=\"https:\/\/www.oekermann.de\/vorteile\/elektronische-steuerung\/\">Elektronikus vez\u00e9rl\u0151<\/a><\/li>\n<li><i class=\"fa fa-angle-right\"><\/i> <a href=\"https:\/\/www.oekermann.de\/vorteile\/foerderung-geringer-wassermengen\/\">Nincs rothad\u00e1s &amp; nincsenek lerak\u00f3d\u00e1sok<\/a><\/li>\n<li><i class=\"fa fa-angle-right\"><\/i> <a href=\"https:\/\/www.oekermann.de\/vorteile\/hoehenueberwindung\/\">Rugalmasan fektethet\u0151 nyom\u00f3vezet\u00e9kek<\/a><\/li>\n<li><i class=\"fa fa-angle-right\"><\/i> <a href=\"https:\/\/www.oekermann.de\/vorteile\/druckleitungen\/\">Nagyobb t\u00e1vols\u00e1gok \u00e1thidal\u00e1sa<\/a><\/li>\n<li><i class=\"fa fa-angle-right\"><\/i> <a href=\"https:\/\/www.oekermann.de\/vorteile\/keine-verstopfung\/\">Nincsenek dugul\u00e1sok<\/a><\/li>\n<li><i class=\"fa fa-angle-right\"><\/i> <a href=\"https:\/\/www.oekermann.de\/vorteile\/wirtschaftlichkeit\/\">Gazdas\u00e1goss\u00e1g<\/a><\/li>\n<li><i class=\"fa fa-angle-right\"><\/i> <a href=\"https:\/\/www.oekermann.de\/vorteile\/verbundsysteme\/\">Kombin\u00e1lt rendszerek<\/a><\/li>\n<\/ul>\n<\/li>\n<\/ul>\n<ul class=\"link-list-1\">\n<li><strong><i class=\"fa fa-angle-double-right\"><\/i> <a href=\"https:\/\/www.oekermann.de\/wartung\/\">Karbantart\u00e1s<\/a><\/strong>\n<ul>\n<li><i class=\"fa fa-angle-right\"><\/i> <a href=\"https:\/\/www.oekermann.de\/wartung\/ersatzteile\/\">P\u00f3talkatr\u00e9szek<\/a><\/li>\n<li><i class=\"fa fa-angle-right\"><\/i> <a href=\"https:\/\/www.oekermann.de\/wartung\/oekermann-abwassertechnik-in-bayern\/\">Az Oekermann Abwassertechnik Bajororsz\u00e1gban<\/a><\/li>\n<li><i class=\"fa fa-angle-right\"><\/i> <a href=\"https:\/\/www.oekermann.de\/wartung\/pneumatische-abwasserfoerderanlagen-in-oesterreich\/\">Pneumatikus szennyv\u00edzsz\u00e1ll\u00edt\u00f3 rendszerek Ausztri\u00e1ban<\/a><\/li>\n<li><i class=\"fa fa-angle-right\"><\/i> <a href=\"https:\/\/www.oekermann.de\/wartung\/service-bei-der-pneumatischen-abwasser-foerderung\/\">Szervizel\u00e9s a pneumatikus szennyv\u00edzsz\u00e1ll\u00edt\u00e1s ter\u00fclet\u00e9n<\/a><\/li>\n<\/ul>\n<\/li>\n<\/ul>\n<ul class=\"link-list-1\">\n<li><strong><i class=\"fa fa-angle-double-right\"><\/i> <a href=\"https:\/\/www.oekermann.de\/themen\/\">T\u00e9m\u00e1k<\/a><\/strong>\n<ul>\n<li><i class=\"fa fa-angle-right\"><\/i> <a href=\"https:\/\/www.oekermann.de\/themen\/ruecklaeufiger-wasserverbrauch\/\">Cs\u00f6kken\u0151 v\u00edzfogyaszt\u00e1s<\/a><\/li>\n<li><i class=\"fa fa-angle-right\"><\/i> <a href=\"https:\/\/www.oekermann.de\/themen\/hygiene-und-gesundheit\/\">Higi\u00e9nia \u00e9s eg\u00e9szs\u00e9g<\/a><\/li>\n<li><i class=\"fa fa-angle-right\"><\/i> <a href=\"https:\/\/www.oekermann.de\/themen\/wasser-und-abwasser\/\">V\u00edz \u00e9s szennyv\u00edz<\/a><\/li>\n<li><i class=\"fa fa-angle-right\"><\/i> <a href=\"https:\/\/www.oekermann.de\/themen\/geruchsfreiheit\/\">Szagmentess\u00e9g?<\/a><\/li>\n<\/ul>\n<\/li>\n<\/ul>\n<\/div>\n<div class=\"col-sm-12 col-md-6 sitemap\">\n<ul class=\"link-list-1\">\n<li><strong><i class=\"fa fa-angle-double-right\"><\/i> <a href=\"https:\/\/www.oekermann.de\/projekt-fotos\/\">Projektfot\u00f3k<\/a><\/strong>\n<ul>\n<li><i class=\"fa fa-angle-right\"><\/i> <a href=\"https:\/\/www.oekermann.de\/projekt-fotos\/freizeitanlagen-campingplaetze\/\">Szabadid\u0151s l\u00e9tes\u00edtm\u00e9nyek \u00e9s kempingek<\/a><\/li>\n<li><i class=\"fa fa-angle-right\"><\/i> <a href=\"https:\/\/www.oekermann.de\/projekt-fotos\/industrieanlagen\/\">Ipari berendez\u00e9sek<\/a><\/li>\n<li><i class=\"fa fa-angle-right\"><\/i> <a href=\"https:\/\/www.oekermann.de\/projekt-fotos\/siedlungen-im-laendlichen-raum\/\">Vid\u00e9ki telep\u00fcl\u00e9sek<\/a><\/li>\n<li><i class=\"fa fa-angle-right\"><\/i> <a href=\"https:\/\/www.oekermann.de\/projekt-fotos\/pwc-anlagen-raststaetten\/\">Parkol\u00f3- \u00e9s WC-rendszerek \/ pihen\u0151helyek<\/a><\/li>\n<\/ul>\n<\/li>\n<\/ul>\n<ul class=\"link-list-1\">\n<li><strong><i class=\"fa fa-angle-double-right\"><\/i> <a href=\"https:\/\/www.oekermann.de\/fachbegriffe\/\">Fogalomt\u00e1r<\/a><\/strong>\n<ul>\n<li><i class=\"fa fa-angle-right\"><\/i> <a href=\"https:\/\/www.oekermann.de\/fachbegriffe\/abwasser\/\">Szennyv\u00edz<\/a><\/li>\n<li><i class=\"fa fa-angle-right\"><\/i> <a href=\"https:\/\/www.oekermann.de\/fachbegriffe\/alternative-abwasserentsorgung\/\">Alternat\u00edv szennyv\u00edz-elvezet\u00e9s<\/a><\/li>\n<li><i class=\"fa fa-angle-right\"><\/i> <a href=\"https:\/\/www.oekermann.de\/fachbegriffe\/druckluftspuelstation\/\">S\u0171r\u00edtettleveg\u0151s \u00f6bl\u00edt\u0151\u00e1llom\u00e1s<\/a><\/li>\n<li><i class=\"fa fa-angle-right\"><\/i> <a href=\"https:\/\/www.oekermann.de\/fachbegriffe\/nachblasautomatik\/\">Automata lef\u00favat\u00e1s<\/a><\/li>\n<li><i class=\"fa fa-angle-right\"><\/i> <a href=\"https:\/\/www.oekermann.de\/fachbegriffe\/pwc-anlagen\/\">Parkol\u00f3- \u00e9s WC-rendszerek<\/a><\/li>\n<li><i class=\"fa fa-angle-right\"><\/i> <a href=\"https:\/\/www.oekermann.de\/fachbegriffe\/vakuumentwaesserung\/\">V\u00e1kuumos v\u00edztelen\u00edt\u00e9s<\/a><\/li>\n<\/ul>\n<\/li>\n<\/ul>\n<ul class=\"link-list-1\">\n<li><strong><i class=\"fa fa-angle-double-right\"><\/i> <a href=\"https:\/\/www.oekermann.de\/anwendungsfaelle\/\">Alkalmaz\u00e1si esetek<\/a><\/strong>\n<ul>\n<li><i class=\"fa fa-angle-right\"><\/i> <a href=\"https:\/\/www.oekermann.de\/produktgruppen\/doppelanlagen\/\">Kis helys\u00e9gek &amp; telep\u00fcl\u00e9sr\u00e9szek<\/a><\/li>\n<li><i class=\"fa fa-angle-right\"><\/i> <a href=\"https:\/\/www.oekermann.de\/anwendungsfaelle\/abwasserentsorgung-von-autobahn-rastplaetzen\/\">Aut\u00f3p\u00e1lya-pihen\u0151helyek szennyv\u00edz-elvezet\u00e9se<\/a><\/li>\n<li><i class=\"fa fa-angle-right\"><\/i> <a href=\"https:\/\/www.oekermann.de\/anwendungsfaelle\/campingplaetze\/\">Szabadid\u0151s l\u00e9tes\u00edtm\u00e9nyek<\/a><\/li>\n<li><i class=\"fa fa-angle-right\"><\/i> <a href=\"https:\/\/www.oekermann.de\/anwendungsfaelle\/pneumatische-pumpwerke-fuer-den-bereich-energieversorgung\/\">Energiaell\u00e1t\u00e1si szektor<\/a><\/li>\n<li><i class=\"fa fa-angle-right\"><\/i> <a href=\"https:\/\/www.oekermann.de\/fachbegriffe\/sickerwasserableitung\/\">Hullad\u00e9klerak\u00f3k sziv\u00e1rg\u00f3 vize<\/a><\/li>\n<li><i class=\"fa fa-angle-right\"><\/i> <a href=\"https:\/\/www.oekermann.de\/anwendungsfaelle\/abwasserentsorgung-von-golfclubs\/\">Golfp\u00e1ly\u00e1k<\/a><\/li>\n<li><i class=\"fa fa-angle-right\"><\/i> <a href=\"https:\/\/www.oekermann.de\/anwendungsfaelle\/pneumatische-abwasserfoerderung-in-der-landwirtschaft\/\">Mez\u0151gazdas\u00e1g<\/a><\/li>\n<\/ul>\n<\/li>\n<li><strong><i class=\"fa fa-angle-double-right\"><\/i> <a href=\"https:\/\/www.oekermann.de\/kontakt\/\">Kapcsolat<\/a><\/strong>\n<ul>\n<li><i class=\"fa fa-angle-right\"><\/i> <a href=\"https:\/\/www.oekermann.de\/kontakt\/ihre-ansprechpartner\/\">Az \u00d6n kapcsolattart\u00f3i<\/a><\/li>\n<li><i class=\"fa fa-angle-right\"><\/i> <a href=\"https:\/\/www.oekermann.de\/kontakt\/vertriebsbereiche\/\">\u00c9rt\u00e9kes\u00edt\u00e9si ter\u00fcletek<\/a><\/li>\n<li><i class=\"fa fa-angle-right\"><\/i> <a href=\"https:\/\/www.oekermann.de\/?page_id=828\">\u00c1ll\u00e1saj\u00e1nlatok<\/a><\/li>\n<\/ul>\n<\/li>\n<li><strong><i class=\"fa fa-angle-double-right\"><\/i> <a href=\"https:\/\/www.oekermann.de\/pneumatische-abwasserfoerderung-vs-konventionelle-pumpentechnik\/\">A pneumatikus szennyv\u00edzsz\u00e1ll\u00edt\u00e1s \u00f6sszehasonl\u00edt\u00e1sa a hagyom\u00e1nyos szivatty\u00fatechnik\u00e1val<\/a><\/strong><\/li>\n<li><strong><i class=\"fa fa-angle-double-right\"><\/i> <a href=\"https:\/\/www.oekermann.de\/downloads\/\">Let\u00f6lt\u00e9sek<\/a><\/strong><\/li>\n<li><strong><i class=\"fa fa-angle-double-right\"><\/i> <a href=\"https:\/\/www.oekermann.de\/datenschutz\/\">Adatv\u00e9delem<\/a><\/strong><\/li>\n<li><strong><i class=\"fa fa-angle-double-right\"><\/i> <a href=\"https:\/\/www.oekermann.de\/impressum\/\">Impresszum<\/a><\/strong><\/li>\n<\/ul>\n<\/div>\n<\/div>\n<\/section>\n","protected":false},"excerpt":{"rendered":"<p>Kezd\u0151oldal R\u00f3lunk A koncepci\u00f3 A filoz\u00f3fia M\u00e9rf\u00f6ldk\u00f6vek Helysz\u00edni szerel\u0151k Karrier az OEKERMANN-n\u00e1l? Di\u00e1k szakmai gyakorlat Term\u00e9kcsoportok Kis rendszerek 1-tart\u00e1lyos dupla rendszerek Dupla rendszerek H\u00e1rmas &amp; n\u00e9gyes rendszerek Pneumatika + szivatty\u00fa kombin\u00e1ci\u00f3ja El\u0151ny\u00f6k Elektronikus vez\u00e9rl\u0151 Nincs rothad\u00e1s &amp; nincsenek lerak\u00f3d\u00e1sok Rugalmasan fektethet\u0151 nyom\u00f3vezet\u00e9kek Nagyobb t\u00e1vols\u00e1gok \u00e1thidal\u00e1sa Nincsenek dugul\u00e1sok Gazdas\u00e1goss\u00e1g Kombin\u00e1lt rendszerek Karbantart\u00e1s P\u00f3talkatr\u00e9szek Az Oekermann Abwassertechnik<\/p>\n<p class=\"link-more\"><a href=\"https:\/\/www.oekermann.de\/hu\/oldalterkep\/\" class=\"envor-btn\">Weiterlesen<span class=\"screen-reader-text\"> &#8220;Oldalt\u00e9rk\u00e9p&#8221;<\/span><\/a><\/p>\n","protected":false},"author":2,"featured_media":0,"parent":0,"menu_order":0,"comment_status":"closed","ping_status":"closed","template":"","meta":{"footnotes":""},"class_list":["post-5051","page","type-page","status-publish","hentry"],"yoast_head":"<!-- This site is optimized with the Yoast SEO plugin v27.4 - https:\/\/yoast.com\/product\/yoast-seo-wordpress\/ -->\n<title>Oldalt\u00e9rk\u00e9p - Pneumatische F\u00f6rdertechnik - OEKERMANN Abwassertechnik<\/title>\n<meta name=\"robots\" content=\"index, follow, max-snippet:-1, max-image-preview:large, max-video-preview:-1\" \/>\n<link rel=\"canonical\" href=\"https:\/\/www.oekermann.de\/hu\/oldalterkep\/\" \/>\n<meta property=\"og:locale\" content=\"hu_HU\" \/>\n<meta property=\"og:type\" content=\"article\" \/>\n<meta property=\"og:title\" content=\"Oldalt\u00e9rk\u00e9p - Pneumatische F\u00f6rdertechnik - OEKERMANN Abwassertechnik\" \/>\n<meta property=\"og:description\" content=\"Kezd\u0151oldal R\u00f3lunk A koncepci\u00f3 A filoz\u00f3fia M\u00e9rf\u00f6ldk\u00f6vek Helysz\u00edni szerel\u0151k Karrier az OEKERMANN-n\u00e1l? Di\u00e1k szakmai gyakorlat Term\u00e9kcsoportok Kis rendszerek 1-tart\u00e1lyos dupla rendszerek Dupla rendszerek H\u00e1rmas &amp; n\u00e9gyes rendszerek Pneumatika + szivatty\u00fa kombin\u00e1ci\u00f3ja El\u0151ny\u00f6k Elektronikus vez\u00e9rl\u0151 Nincs rothad\u00e1s &amp; nincsenek lerak\u00f3d\u00e1sok Rugalmasan fektethet\u0151 nyom\u00f3vezet\u00e9kek Nagyobb t\u00e1vols\u00e1gok \u00e1thidal\u00e1sa Nincsenek dugul\u00e1sok Gazdas\u00e1goss\u00e1g Kombin\u00e1lt rendszerek Karbantart\u00e1s P\u00f3talkatr\u00e9szek Az Oekermann AbwassertechnikWeiterlesen &quot;Oldalt\u00e9rk\u00e9p&quot;\" \/>\n<meta property=\"og:url\" content=\"https:\/\/www.oekermann.de\/hu\/oldalterkep\/\" \/>\n<meta property=\"og:site_name\" content=\"Pneumatische F\u00f6rdertechnik - OEKERMANN Abwassertechnik\" \/>\n<meta property=\"article:publisher\" content=\"https:\/\/www.facebook.com\/pages\/Oekermann-Abwassertechnik\/1007781205906685\" \/>\n<meta property=\"article:modified_time\" content=\"2025-06-23T12:51:08+00:00\" \/>\n<meta name=\"twitter:card\" content=\"summary_large_image\" \/>\n<meta name=\"twitter:site\" content=\"@Oekermann\" \/>\n<meta name=\"twitter:label1\" content=\"Est. reading time\" \/>\n\t<meta name=\"twitter:data1\" content=\"1 minute\" \/>\n<script type=\"application\/ld+json\" class=\"yoast-schema-graph\">{\"@context\":\"https:\\\/\\\/schema.org\",\"@graph\":[{\"@type\":\"WebPage\",\"@id\":\"https:\\\/\\\/www.oekermann.de\\\/hu\\\/oldalterkep\\\/\",\"url\":\"https:\\\/\\\/www.oekermann.de\\\/hu\\\/oldalterkep\\\/\",\"name\":\"Oldalt\u00e9rk\u00e9p - Pneumatische F\u00f6rdertechnik - OEKERMANN Abwassertechnik\",\"isPartOf\":{\"@id\":\"https:\\\/\\\/www.oekermann.de\\\/#website\"},\"datePublished\":\"2017-02-05T20:28:53+00:00\",\"dateModified\":\"2025-06-23T12:51:08+00:00\",\"breadcrumb\":{\"@id\":\"https:\\\/\\\/www.oekermann.de\\\/hu\\\/oldalterkep\\\/#breadcrumb\"},\"inLanguage\":\"hu-HU\",\"potentialAction\":[{\"@type\":\"ReadAction\",\"target\":[\"https:\\\/\\\/www.oekermann.de\\\/hu\\\/oldalterkep\\\/\"]}]},{\"@type\":\"BreadcrumbList\",\"@id\":\"https:\\\/\\\/www.oekermann.de\\\/hu\\\/oldalterkep\\\/#breadcrumb\",\"itemListElement\":[{\"@type\":\"ListItem\",\"position\":1,\"name\":\"Startseite\",\"item\":\"https:\\\/\\\/www.oekermann.de\\\/hu\\\/\"},{\"@type\":\"ListItem\",\"position\":2,\"name\":\"Oldalt\u00e9rk\u00e9p\"}]},{\"@type\":\"WebSite\",\"@id\":\"https:\\\/\\\/www.oekermann.de\\\/#website\",\"url\":\"https:\\\/\\\/www.oekermann.de\\\/\",\"name\":\"Pneumatische F\u00f6rdertechnik - OEKERMANN Abwassertechnik\",\"description\":\"\",\"potentialAction\":[{\"@type\":\"SearchAction\",\"target\":{\"@type\":\"EntryPoint\",\"urlTemplate\":\"https:\\\/\\\/www.oekermann.de\\\/?s={search_term_string}\"},\"query-input\":{\"@type\":\"PropertyValueSpecification\",\"valueRequired\":true,\"valueName\":\"search_term_string\"}}],\"inLanguage\":\"hu-HU\"}]}<\/script>\n<!-- \/ Yoast SEO plugin. -->","yoast_head_json":{"title":"Oldalt\u00e9rk\u00e9p - Pneumatische F\u00f6rdertechnik - OEKERMANN Abwassertechnik","robots":{"index":"index","follow":"follow","max-snippet":"max-snippet:-1","max-image-preview":"max-image-preview:large","max-video-preview":"max-video-preview:-1"},"canonical":"https:\/\/www.oekermann.de\/hu\/oldalterkep\/","og_locale":"hu_HU","og_type":"article","og_title":"Oldalt\u00e9rk\u00e9p - Pneumatische F\u00f6rdertechnik - OEKERMANN Abwassertechnik","og_description":"Kezd\u0151oldal R\u00f3lunk A koncepci\u00f3 A filoz\u00f3fia M\u00e9rf\u00f6ldk\u00f6vek Helysz\u00edni szerel\u0151k Karrier az OEKERMANN-n\u00e1l? Di\u00e1k szakmai gyakorlat Term\u00e9kcsoportok Kis rendszerek 1-tart\u00e1lyos dupla rendszerek Dupla rendszerek H\u00e1rmas &amp; n\u00e9gyes rendszerek Pneumatika + szivatty\u00fa kombin\u00e1ci\u00f3ja El\u0151ny\u00f6k Elektronikus vez\u00e9rl\u0151 Nincs rothad\u00e1s &amp; nincsenek lerak\u00f3d\u00e1sok Rugalmasan fektethet\u0151 nyom\u00f3vezet\u00e9kek Nagyobb t\u00e1vols\u00e1gok \u00e1thidal\u00e1sa Nincsenek dugul\u00e1sok Gazdas\u00e1goss\u00e1g Kombin\u00e1lt rendszerek Karbantart\u00e1s P\u00f3talkatr\u00e9szek Az Oekermann AbwassertechnikWeiterlesen \"Oldalt\u00e9rk\u00e9p\"","og_url":"https:\/\/www.oekermann.de\/hu\/oldalterkep\/","og_site_name":"Pneumatische F\u00f6rdertechnik - OEKERMANN Abwassertechnik","article_publisher":"https:\/\/www.facebook.com\/pages\/Oekermann-Abwassertechnik\/1007781205906685","article_modified_time":"2025-06-23T12:51:08+00:00","twitter_card":"summary_large_image","twitter_site":"@Oekermann","twitter_misc":{"Est. reading time":"1 minute"},"schema":{"@context":"https:\/\/schema.org","@graph":[{"@type":"WebPage","@id":"https:\/\/www.oekermann.de\/hu\/oldalterkep\/","url":"https:\/\/www.oekermann.de\/hu\/oldalterkep\/","name":"Oldalt\u00e9rk\u00e9p - Pneumatische F\u00f6rdertechnik - OEKERMANN Abwassertechnik","isPartOf":{"@id":"https:\/\/www.oekermann.de\/#website"},"datePublished":"2017-02-05T20:28:53+00:00","dateModified":"2025-06-23T12:51:08+00:00","breadcrumb":{"@id":"https:\/\/www.oekermann.de\/hu\/oldalterkep\/#breadcrumb"},"inLanguage":"hu-HU","potentialAction":[{"@type":"ReadAction","target":["https:\/\/www.oekermann.de\/hu\/oldalterkep\/"]}]},{"@type":"BreadcrumbList","@id":"https:\/\/www.oekermann.de\/hu\/oldalterkep\/#breadcrumb","itemListElement":[{"@type":"ListItem","position":1,"name":"Startseite","item":"https:\/\/www.oekermann.de\/hu\/"},{"@type":"ListItem","position":2,"name":"Oldalt\u00e9rk\u00e9p"}]},{"@type":"WebSite","@id":"https:\/\/www.oekermann.de\/#website","url":"https:\/\/www.oekermann.de\/","name":"Pneumatische F\u00f6rdertechnik - OEKERMANN Abwassertechnik","description":"","potentialAction":[{"@type":"SearchAction","target":{"@type":"EntryPoint","urlTemplate":"https:\/\/www.oekermann.de\/?s={search_term_string}"},"query-input":{"@type":"PropertyValueSpecification","valueRequired":true,"valueName":"search_term_string"}}],"inLanguage":"hu-HU"}]}},"_links":{"self":[{"href":"https:\/\/www.oekermann.de\/hu\/wp-json\/wp\/v2\/pages\/5051","targetHints":{"allow":["GET"]}}],"collection":[{"href":"https:\/\/www.oekermann.de\/hu\/wp-json\/wp\/v2\/pages"}],"about":[{"href":"https:\/\/www.oekermann.de\/hu\/wp-json\/wp\/v2\/types\/page"}],"author":[{"embeddable":true,"href":"https:\/\/www.oekermann.de\/hu\/wp-json\/wp\/v2\/users\/2"}],"replies":[{"embeddable":true,"href":"https:\/\/www.oekermann.de\/hu\/wp-json\/wp\/v2\/comments?post=5051"}],"version-history":[{"count":2,"href":"https:\/\/www.oekermann.de\/hu\/wp-json\/wp\/v2\/pages\/5051\/revisions"}],"predecessor-version":[{"id":5259,"href":"https:\/\/www.oekermann.de\/hu\/wp-json\/wp\/v2\/pages\/5051\/revisions\/5259"}],"wp:attachment":[{"href":"https:\/\/www.oekermann.de\/hu\/wp-json\/wp\/v2\/media?parent=5051"}],"curies":[{"name":"wp","href":"https:\/\/api.w.org\/{rel}","templated":true}]}}