{"id":5052,"date":"2019-06-11T11:18:04","date_gmt":"2019-06-11T09:18:04","guid":{"rendered":"https:\/\/www.oekermann.de\/?page_id=5052"},"modified":"2025-06-11T14:53:10","modified_gmt":"2025-06-11T12:53:10","slug":"rolunk","status":"publish","type":"page","link":"https:\/\/www.oekermann.de\/hu\/rolunk\/","title":{"rendered":"R\u00f3lunk"},"content":{"rendered":"<ul class=\"themen-index-links\">\n<li>\n<h2><a href=\"https:\/\/www.oekermann.de\/ueber-uns\/die-idee\/\">A koncepci\u00f3<\/a><\/h2>\n<p>Tulajdonk\u00e9ppen hogyan is j\u00f6tt l\u00e9tre a pneumatikus szennyv\u00edzsz\u00e1ll\u00edt\u00e1s? Ismerje meg itt, hogy kezd\u0151d\u00f6tt az eg\u00e9sz.<br \/>\n<a class=\"d-btn d-btn-primary d-btn-normal\" href=\"https:\/\/www.oekermann.de\/ueber-uns\/die-idee\/\"><b>Tov\u00e1bbi inform\u00e1ci\u00f3k a koncepci\u00f3hoz \u203a<\/b><\/a><\/li>\n<li>\n<h2><a href=\"https:\/\/www.oekermann.de\/ueber-uns\/philosophie\/\">A filoz\u00f3fia<\/a><\/h2>\n<p>Az OEKERMANN a kezdetekt\u0151l egyet jelent a hossz\u00fa \u00e9lettartam\u00fa, valamint nagyvonal\u00fa \u00e9s kezel\u0151bar\u00e1t fel\u00e9p\u00edt\u00e9s\u0171 szennyv\u00edz-szivatty\u00fatelepekkel.<br \/>\n<a class=\"d-btn d-btn-primary d-btn-normal\" href=\"https:\/\/www.oekermann.de\/ueber-uns\/philosophie\/\"><b>Tov\u00e1bbi inform\u00e1ci\u00f3k a filoz\u00f3fi\u00e1hoz \u203a<\/b><\/a><\/li>\n<li>\n<h2><a href=\"https:\/\/www.oekermann.de\/ueber-uns\/meilensteine\/\">M\u00e9rf\u00f6ldk\u00f6vek<\/a><\/h2>\n<p>Melyek voltak a l\u00e9nyeges \u00e1llom\u00e1sok a pneumatikus szennyv\u00edzsz\u00e1ll\u00edt\u00f3 rendszerek fejleszt\u00e9se sor\u00e1n? Ismerje meg itt a v\u00e1llalat t\u00f6rt\u00e9net\u00e9nek m\u00e9rf\u00f6ldk\u00f6veit a m\u0171szaki \u00e9s szervezeti fejl\u0151d\u00e9s vonatkoz\u00e1s\u00e1ban.<br \/>\n<a class=\"d-btn d-btn-primary d-btn-normal\" href=\"https:\/\/www.oekermann.de\/ueber-uns\/meilensteine\/\"><b>Tov\u00e1bbi inform\u00e1ci\u00f3k a m\u00e9rf\u00f6ldk\u00f6vekhez \u203a<\/b><\/a><\/li>\n<li>\n<h2><a href=\"https:\/\/www.oekermann.de\/ueber-uns\/reisemonteure\/\">Helysz\u00edni szerel\u0151k<\/a><\/h2>\n<p>Mivel a szennyv\u00edzszivatty\u00fa-telepeink gyakran kis falvakban tal\u00e1lhat\u00f3k N\u00e9metorsz\u00e1g-szerte, a helysz\u00edni szerel\u0151i munka sok v\u00e1ltozatoss\u00e1got k\u00edn\u00e1l.<br \/>\n<a class=\"d-btn d-btn-primary d-btn-normal\" href=\"https:\/\/www.oekermann.de\/ueber-uns\/reisemonteure\/\"><b>Tov\u00e1bbi inform\u00e1ci\u00f3k a helysz\u00edni szerel\u0151kh\u00f6z \u203a<\/b><\/a><\/li>\n<li>\n<h2><a href=\"https:\/\/www.oekermann.de\/ueber-uns\/karriere-bei-oekermann\/\">Karrier az Oekermann-n\u00e1l<\/a><\/h2>\n<p>A munkat\u00e1rsaink \u00e1ltal v\u00e9gzett tev\u00e9kenys\u00e9geket t\u00f6bbnek tekintj\u00fck puszta munk\u00e1n\u00e1l. Sz\u00e1mos magasan k\u00e9pzett \u00e9s tapasztalt koll\u00e9ga dolgozik n\u00e1lunk sok \u00e9ve. Ez\u00e9rt a \u201ehivat\u00e1s\u201d kifejez\u00e9s megfelel\u0151bb.<br \/>\n<a class=\"d-btn d-btn-primary d-btn-normal\" href=\"https:\/\/www.oekermann.de\/ueber-uns\/karriere-bei-oekermann\/\"><b>Tov\u00e1bbi inform\u00e1ci\u00f3k az OEKERMANN-n\u00e1l k\u00edn\u00e1lkoz\u00f3 karrierhez \u203a<\/b><\/a><\/li>\n<\/ul>\n","protected":false},"excerpt":{"rendered":"<p>A koncepci\u00f3 Tulajdonk\u00e9ppen hogyan is j\u00f6tt l\u00e9tre a pneumatikus szennyv\u00edzsz\u00e1ll\u00edt\u00e1s? Ismerje meg itt, hogy kezd\u0151d\u00f6tt az eg\u00e9sz. Tov\u00e1bbi inform\u00e1ci\u00f3k a koncepci\u00f3hoz \u203a A filoz\u00f3fia Az OEKERMANN a kezdetekt\u0151l egyet jelent a hossz\u00fa \u00e9lettartam\u00fa, valamint nagyvonal\u00fa \u00e9s kezel\u0151bar\u00e1t fel\u00e9p\u00edt\u00e9s\u0171 szennyv\u00edz-szivatty\u00fatelepekkel. Tov\u00e1bbi inform\u00e1ci\u00f3k a filoz\u00f3fi\u00e1hoz \u203a M\u00e9rf\u00f6ldk\u00f6vek Melyek voltak a l\u00e9nyeges \u00e1llom\u00e1sok a pneumatikus szennyv\u00edzsz\u00e1ll\u00edt\u00f3 rendszerek fejleszt\u00e9se<\/p>\n<p class=\"link-more\"><a href=\"https:\/\/www.oekermann.de\/hu\/rolunk\/\" class=\"envor-btn\">Weiterlesen<span class=\"screen-reader-text\"> &#8220;R\u00f3lunk&#8221;<\/span><\/a><\/p>\n","protected":false},"author":1,"featured_media":0,"parent":0,"menu_order":0,"comment_status":"closed","ping_status":"closed","template":"","meta":{"footnotes":""},"class_list":["post-5052","page","type-page","status-publish","hentry"],"yoast_head":"<!-- This site is optimized with the Yoast SEO plugin v27.4 - https:\/\/yoast.com\/product\/yoast-seo-wordpress\/ -->\n<title>R\u00f3lunk - Pneumatische F\u00f6rdertechnik - OEKERMANN Abwassertechnik<\/title>\n<meta name=\"robots\" content=\"index, follow, max-snippet:-1, max-image-preview:large, max-video-preview:-1\" \/>\n<link rel=\"canonical\" href=\"https:\/\/www.oekermann.de\/hu\/rolunk\/\" \/>\n<meta property=\"og:locale\" content=\"hu_HU\" \/>\n<meta property=\"og:type\" content=\"article\" \/>\n<meta property=\"og:title\" content=\"R\u00f3lunk - Pneumatische F\u00f6rdertechnik - OEKERMANN Abwassertechnik\" \/>\n<meta property=\"og:description\" content=\"A koncepci\u00f3 Tulajdonk\u00e9ppen hogyan is j\u00f6tt l\u00e9tre a pneumatikus szennyv\u00edzsz\u00e1ll\u00edt\u00e1s? Ismerje meg itt, hogy kezd\u0151d\u00f6tt az eg\u00e9sz. Tov\u00e1bbi inform\u00e1ci\u00f3k a koncepci\u00f3hoz \u203a A filoz\u00f3fia Az OEKERMANN a kezdetekt\u0151l egyet jelent a hossz\u00fa \u00e9lettartam\u00fa, valamint nagyvonal\u00fa \u00e9s kezel\u0151bar\u00e1t fel\u00e9p\u00edt\u00e9s\u0171 szennyv\u00edz-szivatty\u00fatelepekkel. Tov\u00e1bbi inform\u00e1ci\u00f3k a filoz\u00f3fi\u00e1hoz \u203a M\u00e9rf\u00f6ldk\u00f6vek Melyek voltak a l\u00e9nyeges \u00e1llom\u00e1sok a pneumatikus szennyv\u00edzsz\u00e1ll\u00edt\u00f3 rendszerek fejleszt\u00e9seWeiterlesen &quot;R\u00f3lunk&quot;\" \/>\n<meta property=\"og:url\" content=\"https:\/\/www.oekermann.de\/hu\/rolunk\/\" \/>\n<meta property=\"og:site_name\" content=\"Pneumatische F\u00f6rdertechnik - OEKERMANN Abwassertechnik\" \/>\n<meta property=\"article:publisher\" content=\"https:\/\/www.facebook.com\/pages\/Oekermann-Abwassertechnik\/1007781205906685\" \/>\n<meta property=\"article:modified_time\" content=\"2025-06-11T12:53:10+00:00\" \/>\n<meta name=\"twitter:card\" content=\"summary_large_image\" \/>\n<meta name=\"twitter:site\" content=\"@Oekermann\" \/>\n<meta name=\"twitter:label1\" content=\"Est. reading time\" \/>\n\t<meta name=\"twitter:data1\" content=\"1 minute\" \/>\n<script type=\"application\/ld+json\" class=\"yoast-schema-graph\">{\"@context\":\"https:\\\/\\\/schema.org\",\"@graph\":[{\"@type\":\"WebPage\",\"@id\":\"https:\\\/\\\/www.oekermann.de\\\/hu\\\/rolunk\\\/\",\"url\":\"https:\\\/\\\/www.oekermann.de\\\/hu\\\/rolunk\\\/\",\"name\":\"R\u00f3lunk - Pneumatische F\u00f6rdertechnik - OEKERMANN Abwassertechnik\",\"isPartOf\":{\"@id\":\"https:\\\/\\\/www.oekermann.de\\\/#website\"},\"datePublished\":\"2019-06-11T09:18:04+00:00\",\"dateModified\":\"2025-06-11T12:53:10+00:00\",\"breadcrumb\":{\"@id\":\"https:\\\/\\\/www.oekermann.de\\\/hu\\\/rolunk\\\/#breadcrumb\"},\"inLanguage\":\"hu-HU\",\"potentialAction\":[{\"@type\":\"ReadAction\",\"target\":[\"https:\\\/\\\/www.oekermann.de\\\/hu\\\/rolunk\\\/\"]}]},{\"@type\":\"BreadcrumbList\",\"@id\":\"https:\\\/\\\/www.oekermann.de\\\/hu\\\/rolunk\\\/#breadcrumb\",\"itemListElement\":[{\"@type\":\"ListItem\",\"position\":1,\"name\":\"Startseite\",\"item\":\"https:\\\/\\\/www.oekermann.de\\\/hu\\\/\"},{\"@type\":\"ListItem\",\"position\":2,\"name\":\"R\u00f3lunk\"}]},{\"@type\":\"WebSite\",\"@id\":\"https:\\\/\\\/www.oekermann.de\\\/#website\",\"url\":\"https:\\\/\\\/www.oekermann.de\\\/\",\"name\":\"Pneumatische F\u00f6rdertechnik - OEKERMANN Abwassertechnik\",\"description\":\"\",\"potentialAction\":[{\"@type\":\"SearchAction\",\"target\":{\"@type\":\"EntryPoint\",\"urlTemplate\":\"https:\\\/\\\/www.oekermann.de\\\/?s={search_term_string}\"},\"query-input\":{\"@type\":\"PropertyValueSpecification\",\"valueRequired\":true,\"valueName\":\"search_term_string\"}}],\"inLanguage\":\"hu-HU\"}]}<\/script>\n<!-- \/ Yoast SEO plugin. -->","yoast_head_json":{"title":"R\u00f3lunk - Pneumatische F\u00f6rdertechnik - OEKERMANN Abwassertechnik","robots":{"index":"index","follow":"follow","max-snippet":"max-snippet:-1","max-image-preview":"max-image-preview:large","max-video-preview":"max-video-preview:-1"},"canonical":"https:\/\/www.oekermann.de\/hu\/rolunk\/","og_locale":"hu_HU","og_type":"article","og_title":"R\u00f3lunk - Pneumatische F\u00f6rdertechnik - OEKERMANN Abwassertechnik","og_description":"A koncepci\u00f3 Tulajdonk\u00e9ppen hogyan is j\u00f6tt l\u00e9tre a pneumatikus szennyv\u00edzsz\u00e1ll\u00edt\u00e1s? Ismerje meg itt, hogy kezd\u0151d\u00f6tt az eg\u00e9sz. Tov\u00e1bbi inform\u00e1ci\u00f3k a koncepci\u00f3hoz \u203a A filoz\u00f3fia Az OEKERMANN a kezdetekt\u0151l egyet jelent a hossz\u00fa \u00e9lettartam\u00fa, valamint nagyvonal\u00fa \u00e9s kezel\u0151bar\u00e1t fel\u00e9p\u00edt\u00e9s\u0171 szennyv\u00edz-szivatty\u00fatelepekkel. Tov\u00e1bbi inform\u00e1ci\u00f3k a filoz\u00f3fi\u00e1hoz \u203a M\u00e9rf\u00f6ldk\u00f6vek Melyek voltak a l\u00e9nyeges \u00e1llom\u00e1sok a pneumatikus szennyv\u00edzsz\u00e1ll\u00edt\u00f3 rendszerek fejleszt\u00e9seWeiterlesen \"R\u00f3lunk\"","og_url":"https:\/\/www.oekermann.de\/hu\/rolunk\/","og_site_name":"Pneumatische F\u00f6rdertechnik - OEKERMANN Abwassertechnik","article_publisher":"https:\/\/www.facebook.com\/pages\/Oekermann-Abwassertechnik\/1007781205906685","article_modified_time":"2025-06-11T12:53:10+00:00","twitter_card":"summary_large_image","twitter_site":"@Oekermann","twitter_misc":{"Est. reading time":"1 minute"},"schema":{"@context":"https:\/\/schema.org","@graph":[{"@type":"WebPage","@id":"https:\/\/www.oekermann.de\/hu\/rolunk\/","url":"https:\/\/www.oekermann.de\/hu\/rolunk\/","name":"R\u00f3lunk - Pneumatische F\u00f6rdertechnik - OEKERMANN Abwassertechnik","isPartOf":{"@id":"https:\/\/www.oekermann.de\/#website"},"datePublished":"2019-06-11T09:18:04+00:00","dateModified":"2025-06-11T12:53:10+00:00","breadcrumb":{"@id":"https:\/\/www.oekermann.de\/hu\/rolunk\/#breadcrumb"},"inLanguage":"hu-HU","potentialAction":[{"@type":"ReadAction","target":["https:\/\/www.oekermann.de\/hu\/rolunk\/"]}]},{"@type":"BreadcrumbList","@id":"https:\/\/www.oekermann.de\/hu\/rolunk\/#breadcrumb","itemListElement":[{"@type":"ListItem","position":1,"name":"Startseite","item":"https:\/\/www.oekermann.de\/hu\/"},{"@type":"ListItem","position":2,"name":"R\u00f3lunk"}]},{"@type":"WebSite","@id":"https:\/\/www.oekermann.de\/#website","url":"https:\/\/www.oekermann.de\/","name":"Pneumatische F\u00f6rdertechnik - OEKERMANN Abwassertechnik","description":"","potentialAction":[{"@type":"SearchAction","target":{"@type":"EntryPoint","urlTemplate":"https:\/\/www.oekermann.de\/?s={search_term_string}"},"query-input":{"@type":"PropertyValueSpecification","valueRequired":true,"valueName":"search_term_string"}}],"inLanguage":"hu-HU"}]}},"_links":{"self":[{"href":"https:\/\/www.oekermann.de\/hu\/wp-json\/wp\/v2\/pages\/5052","targetHints":{"allow":["GET"]}}],"collection":[{"href":"https:\/\/www.oekermann.de\/hu\/wp-json\/wp\/v2\/pages"}],"about":[{"href":"https:\/\/www.oekermann.de\/hu\/wp-json\/wp\/v2\/types\/page"}],"author":[{"embeddable":true,"href":"https:\/\/www.oekermann.de\/hu\/wp-json\/wp\/v2\/users\/1"}],"replies":[{"embeddable":true,"href":"https:\/\/www.oekermann.de\/hu\/wp-json\/wp\/v2\/comments?post=5052"}],"version-history":[{"count":1,"href":"https:\/\/www.oekermann.de\/hu\/wp-json\/wp\/v2\/pages\/5052\/revisions"}],"predecessor-version":[{"id":5157,"href":"https:\/\/www.oekermann.de\/hu\/wp-json\/wp\/v2\/pages\/5052\/revisions\/5157"}],"wp:attachment":[{"href":"https:\/\/www.oekermann.de\/hu\/wp-json\/wp\/v2\/media?parent=5052"}],"curies":[{"name":"wp","href":"https:\/\/api.w.org\/{rel}","templated":true}]}}