{"id":5053,"date":"2018-02-07T10:26:45","date_gmt":"2018-02-07T09:26:45","guid":{"rendered":"https:\/\/www.oekermann.de\/?page_id=5053"},"modified":"2025-12-17T09:09:15","modified_gmt":"2025-12-17T08:09:15","slug":"a-koncepcio","status":"publish","type":"page","link":"https:\/\/www.oekermann.de\/hu\/rolunk\/a-koncepcio\/","title":{"rendered":"A koncepci\u00f3"},"content":{"rendered":"<section>C\u00e9g\u00fcnk t\u00f6rt\u00e9nete hossz\u00fa. 1977-ben alap\u00edtott\u00e1k \u201eOekermann &amp; Niemann KG\u201d n\u00e9ven. Ebb\u0151l lett 1985-ben az \u201eOekermann KG\u201d, majd v\u00e9g\u00fcl 2005-ben a jelenlegi \u201eOekermann GmbH &amp; Co. KG\u201d.1977.04.01. napj\u00e1val vette kezdet\u00e9t a kaland. A c\u00e9g\u00fcnk t\u00f6rt\u00e9nete sz\u00f3 szerint a pinc\u00e9ben \u00e9s a gar\u00e1zsban kezd\u0151d\u00f6tt. El\u0151sz\u00f6r kis \u00fczemk\u00e9nt, melyben az alap\u00edt\u00f3k maguk szerelt\u00e9k \u00f6ssze az els\u0151 berendez\u00e9seket. Ezut\u00e1n nem sok\u00e1ra alkalmaztuk ez els\u0151, majd 1981-ben a m\u00e1sodik szerel\u0151t.<\/p>\n<figure style=\"background-color: #ddd; border: 5px solid #ddd; display: inline-block;\"><img decoding=\"async\" src=\"https:\/\/www.oekermann.de\/wp-content\/uploads\/2021\/09\/Rolf-Oekermann.jpg\" alt=\"Rolf Oekermann - Der Firmengr\u00fcnder\" \/><figcaption style=\"padding: 5px 5px 0;\">Rolf Oekermann, a c\u00e9g alap\u00edt\u00f3ja<\/figcaption><\/figure>\n<p>Az \u00fczlet j\u00f3l alakult, \u00edgy az \u00e9vek sor\u00e1n el\u0151sz\u00f6r k\u00fcl\u00f6nb\u00f6z\u0151 rakt\u00e1rcsarnokokat \u00e9s m\u0171helyeket b\u00e9relt\u00fcnk, m\u00edg 1993-ban a saj\u00e1t \u00fczemter\u00fclet\u00fcnkre nem tudtunk k\u00f6lt\u00f6zni Bielefeld-Altenhagenben (az Ostwestfalen-Lippe-i A2-es aut\u00f3p\u00e1lya-felhajt\u00f3 k\u00f6zel\u00e9ben).<\/p>\n<p>Mint sz\u00e1mos m\u00e1s \u00fajonnan alap\u00edtott c\u00e9g eset\u00e9ben, nemcsak sikerekben volt r\u00e9sz\u00fcnk, k\u00fcl\u00f6n\u00f6sen az els\u0151 \u00e9vekben. Azonban mindig is a m\u0171szaki hib\u00e1k elh\u00e1r\u00edt\u00e1s\u00e1n \u00e9s tov\u00e1bbi ismeretek elsaj\u00e1t\u00edt\u00e1s\u00e1n, valamint a rendszerek folyamatos t\u00f6k\u00e9letes\u00edt\u00e9s\u00e9n f\u00e1radoztunk.<\/p>\n<p>Ez\u00e9rt h\u00e1l\u00e1san tekint\u00fcnk vissza az elm\u00falt 45 \u00e9vre \u00e9s a sikeresen l\u00e9tes\u00edtett rendszerekre, \u00e9s ez\u00faton szeretn\u00e9nk sz\u00edvb\u0151l k\u00f6sz\u00f6netet mondani valamennyi \u00fczleti partner\u00fcnknek, \u00fcgyfel\u00fcnknek \u00e9s besz\u00e1ll\u00edt\u00f3nknak, k\u00fcl\u00f6n\u00f6sen azoknak, akik az alap\u00edt\u00e1s \u00e9veiben k\u00e9szek voltak egy teljesen \u00faj technik\u00e1t alkalmazni a piacon.<\/p>\n<p>A mai napig <a href=\"https:\/\/www.oekermann.de\/pneumatische-abwasserfoerderung-vs-konventionelle-pumpentechnik\/\">pneumatikus szennyv\u00edzsz\u00e1ll\u00edt\u00f3 rendszerek<\/a> gy\u00e1rt\u00e1s\u00e1ra \u00f6sszpontos\u00edtunk, \u00e9s ez\u00e9rt a szennyv\u00edztechnika ezen k\u00fcl\u00f6nleges szegmens\u00e9gnek a szak\u00e9rt\u0151i vagyunk.<\/p>\n<p>Az els\u0151k k\u00f6z\u00f6tt \u00e1tadott rendszerek k\u00f6z\u00fcl sz\u00e1mos m\u00e9g ma is l\u00e9tezik, ezek r\u00e9szben id\u0151 k\u00f6zben teljesen fel\u00faj\u00edt\u00e1son estek \u00e1t.<\/p>\n<div class=\"row\">\n<div class=\"col-lg-6\"><img decoding=\"async\" class=\"img-1\" src=\"\/wp-content\/uploads\/2018\/02\/OEKERMANN-Erfahrung-2.jpg\" \/><\/div>\n<div class=\"col-lg-6\"><img decoding=\"async\" class=\"img-1\" src=\"\/wp-content\/uploads\/2018\/02\/OEKERMANN-Erfahrung.jpg\" \/><\/div>\n<\/div>\n<\/section>\n","protected":false},"excerpt":{"rendered":"<p>C\u00e9g\u00fcnk t\u00f6rt\u00e9nete hossz\u00fa. 1977-ben alap\u00edtott\u00e1k \u201eOekermann &amp; Niemann KG\u201d n\u00e9ven. Ebb\u0151l lett 1985-ben az \u201eOekermann KG\u201d, majd v\u00e9g\u00fcl 2005-ben a jelenlegi \u201eOekermann GmbH &amp; Co. KG\u201d.1977.04.01. napj\u00e1val vette kezdet\u00e9t a kaland. A c\u00e9g\u00fcnk t\u00f6rt\u00e9nete sz\u00f3 szerint a pinc\u00e9ben \u00e9s a gar\u00e1zsban kezd\u0151d\u00f6tt. El\u0151sz\u00f6r kis \u00fczemk\u00e9nt, melyben az alap\u00edt\u00f3k maguk szerelt\u00e9k \u00f6ssze az els\u0151 berendez\u00e9seket. Ezut\u00e1n<\/p>\n<p class=\"link-more\"><a href=\"https:\/\/www.oekermann.de\/hu\/rolunk\/a-koncepcio\/\" class=\"envor-btn\">Weiterlesen<span class=\"screen-reader-text\"> &#8220;A koncepci\u00f3&#8221;<\/span><\/a><\/p>\n","protected":false},"author":2,"featured_media":0,"parent":5052,"menu_order":0,"comment_status":"closed","ping_status":"closed","template":"","meta":{"footnotes":""},"class_list":["post-5053","page","type-page","status-publish","hentry"],"yoast_head":"<!-- This site is optimized with the Yoast SEO plugin v27.4 - https:\/\/yoast.com\/product\/yoast-seo-wordpress\/ -->\n<title>A koncepci\u00f3 - Pneumatische F\u00f6rdertechnik - OEKERMANN Abwassertechnik<\/title>\n<meta name=\"robots\" content=\"index, follow, max-snippet:-1, max-image-preview:large, max-video-preview:-1\" \/>\n<link rel=\"canonical\" href=\"https:\/\/www.oekermann.de\/hu\/rolunk\/a-koncepcio\/\" \/>\n<meta property=\"og:locale\" content=\"hu_HU\" \/>\n<meta property=\"og:type\" content=\"article\" \/>\n<meta property=\"og:title\" content=\"A koncepci\u00f3 - Pneumatische F\u00f6rdertechnik - OEKERMANN Abwassertechnik\" \/>\n<meta property=\"og:description\" content=\"C\u00e9g\u00fcnk t\u00f6rt\u00e9nete hossz\u00fa. 1977-ben alap\u00edtott\u00e1k \u201eOekermann &amp; Niemann KG\u201d n\u00e9ven. Ebb\u0151l lett 1985-ben az \u201eOekermann KG\u201d, majd v\u00e9g\u00fcl 2005-ben a jelenlegi \u201eOekermann GmbH &amp; Co. KG\u201d.1977.04.01. napj\u00e1val vette kezdet\u00e9t a kaland. A c\u00e9g\u00fcnk t\u00f6rt\u00e9nete sz\u00f3 szerint a pinc\u00e9ben \u00e9s a gar\u00e1zsban kezd\u0151d\u00f6tt. El\u0151sz\u00f6r kis \u00fczemk\u00e9nt, melyben az alap\u00edt\u00f3k maguk szerelt\u00e9k \u00f6ssze az els\u0151 berendez\u00e9seket. Ezut\u00e1nWeiterlesen &quot;A koncepci\u00f3&quot;\" \/>\n<meta property=\"og:url\" content=\"https:\/\/www.oekermann.de\/hu\/rolunk\/a-koncepcio\/\" \/>\n<meta property=\"og:site_name\" content=\"Pneumatische F\u00f6rdertechnik - OEKERMANN Abwassertechnik\" \/>\n<meta property=\"article:publisher\" content=\"https:\/\/www.facebook.com\/pages\/Oekermann-Abwassertechnik\/1007781205906685\" \/>\n<meta property=\"article:modified_time\" content=\"2025-12-17T08:09:15+00:00\" \/>\n<meta property=\"og:image\" content=\"https:\/\/www.oekermann.de\/wp-content\/uploads\/2021\/09\/Rolf-Oekermann.jpg\" \/>\n<meta name=\"twitter:card\" content=\"summary_large_image\" \/>\n<meta name=\"twitter:site\" content=\"@Oekermann\" \/>\n<meta name=\"twitter:label1\" content=\"Est. reading time\" \/>\n\t<meta name=\"twitter:data1\" content=\"2 minutes\" \/>\n<script type=\"application\/ld+json\" class=\"yoast-schema-graph\">{\"@context\":\"https:\\\/\\\/schema.org\",\"@graph\":[{\"@type\":\"WebPage\",\"@id\":\"https:\\\/\\\/www.oekermann.de\\\/hu\\\/rolunk\\\/a-koncepcio\\\/\",\"url\":\"https:\\\/\\\/www.oekermann.de\\\/hu\\\/rolunk\\\/a-koncepcio\\\/\",\"name\":\"A koncepci\u00f3 - Pneumatische F\u00f6rdertechnik - OEKERMANN Abwassertechnik\",\"isPartOf\":{\"@id\":\"https:\\\/\\\/www.oekermann.de\\\/#website\"},\"primaryImageOfPage\":{\"@id\":\"https:\\\/\\\/www.oekermann.de\\\/hu\\\/rolunk\\\/a-koncepcio\\\/#primaryimage\"},\"image\":{\"@id\":\"https:\\\/\\\/www.oekermann.de\\\/hu\\\/rolunk\\\/a-koncepcio\\\/#primaryimage\"},\"thumbnailUrl\":\"https:\\\/\\\/www.oekermann.de\\\/wp-content\\\/uploads\\\/2021\\\/09\\\/Rolf-Oekermann.jpg\",\"datePublished\":\"2018-02-07T09:26:45+00:00\",\"dateModified\":\"2025-12-17T08:09:15+00:00\",\"breadcrumb\":{\"@id\":\"https:\\\/\\\/www.oekermann.de\\\/hu\\\/rolunk\\\/a-koncepcio\\\/#breadcrumb\"},\"inLanguage\":\"hu-HU\",\"potentialAction\":[{\"@type\":\"ReadAction\",\"target\":[\"https:\\\/\\\/www.oekermann.de\\\/hu\\\/rolunk\\\/a-koncepcio\\\/\"]}]},{\"@type\":\"ImageObject\",\"inLanguage\":\"hu-HU\",\"@id\":\"https:\\\/\\\/www.oekermann.de\\\/hu\\\/rolunk\\\/a-koncepcio\\\/#primaryimage\",\"url\":\"https:\\\/\\\/www.oekermann.de\\\/wp-content\\\/uploads\\\/2021\\\/09\\\/Rolf-Oekermann.jpg\",\"contentUrl\":\"https:\\\/\\\/www.oekermann.de\\\/wp-content\\\/uploads\\\/2021\\\/09\\\/Rolf-Oekermann.jpg\"},{\"@type\":\"BreadcrumbList\",\"@id\":\"https:\\\/\\\/www.oekermann.de\\\/hu\\\/rolunk\\\/a-koncepcio\\\/#breadcrumb\",\"itemListElement\":[{\"@type\":\"ListItem\",\"position\":1,\"name\":\"Startseite\",\"item\":\"https:\\\/\\\/www.oekermann.de\\\/hu\\\/\"},{\"@type\":\"ListItem\",\"position\":2,\"name\":\"R\u00f3lunk\",\"item\":\"https:\\\/\\\/www.oekermann.de\\\/hu\\\/rolunk\\\/\"},{\"@type\":\"ListItem\",\"position\":3,\"name\":\"A koncepci\u00f3\"}]},{\"@type\":\"WebSite\",\"@id\":\"https:\\\/\\\/www.oekermann.de\\\/#website\",\"url\":\"https:\\\/\\\/www.oekermann.de\\\/\",\"name\":\"Pneumatische F\u00f6rdertechnik - OEKERMANN Abwassertechnik\",\"description\":\"\",\"potentialAction\":[{\"@type\":\"SearchAction\",\"target\":{\"@type\":\"EntryPoint\",\"urlTemplate\":\"https:\\\/\\\/www.oekermann.de\\\/?s={search_term_string}\"},\"query-input\":{\"@type\":\"PropertyValueSpecification\",\"valueRequired\":true,\"valueName\":\"search_term_string\"}}],\"inLanguage\":\"hu-HU\"}]}<\/script>\n<!-- \/ Yoast SEO plugin. -->","yoast_head_json":{"title":"A koncepci\u00f3 - Pneumatische F\u00f6rdertechnik - OEKERMANN Abwassertechnik","robots":{"index":"index","follow":"follow","max-snippet":"max-snippet:-1","max-image-preview":"max-image-preview:large","max-video-preview":"max-video-preview:-1"},"canonical":"https:\/\/www.oekermann.de\/hu\/rolunk\/a-koncepcio\/","og_locale":"hu_HU","og_type":"article","og_title":"A koncepci\u00f3 - Pneumatische F\u00f6rdertechnik - OEKERMANN Abwassertechnik","og_description":"C\u00e9g\u00fcnk t\u00f6rt\u00e9nete hossz\u00fa. 1977-ben alap\u00edtott\u00e1k \u201eOekermann &amp; Niemann KG\u201d n\u00e9ven. Ebb\u0151l lett 1985-ben az \u201eOekermann KG\u201d, majd v\u00e9g\u00fcl 2005-ben a jelenlegi \u201eOekermann GmbH &amp; Co. KG\u201d.1977.04.01. napj\u00e1val vette kezdet\u00e9t a kaland. A c\u00e9g\u00fcnk t\u00f6rt\u00e9nete sz\u00f3 szerint a pinc\u00e9ben \u00e9s a gar\u00e1zsban kezd\u0151d\u00f6tt. El\u0151sz\u00f6r kis \u00fczemk\u00e9nt, melyben az alap\u00edt\u00f3k maguk szerelt\u00e9k \u00f6ssze az els\u0151 berendez\u00e9seket. Ezut\u00e1nWeiterlesen \"A koncepci\u00f3\"","og_url":"https:\/\/www.oekermann.de\/hu\/rolunk\/a-koncepcio\/","og_site_name":"Pneumatische F\u00f6rdertechnik - OEKERMANN Abwassertechnik","article_publisher":"https:\/\/www.facebook.com\/pages\/Oekermann-Abwassertechnik\/1007781205906685","article_modified_time":"2025-12-17T08:09:15+00:00","og_image":[{"url":"https:\/\/www.oekermann.de\/wp-content\/uploads\/2021\/09\/Rolf-Oekermann.jpg","type":"","width":"","height":""}],"twitter_card":"summary_large_image","twitter_site":"@Oekermann","twitter_misc":{"Est. reading time":"2 minutes"},"schema":{"@context":"https:\/\/schema.org","@graph":[{"@type":"WebPage","@id":"https:\/\/www.oekermann.de\/hu\/rolunk\/a-koncepcio\/","url":"https:\/\/www.oekermann.de\/hu\/rolunk\/a-koncepcio\/","name":"A koncepci\u00f3 - Pneumatische F\u00f6rdertechnik - OEKERMANN Abwassertechnik","isPartOf":{"@id":"https:\/\/www.oekermann.de\/#website"},"primaryImageOfPage":{"@id":"https:\/\/www.oekermann.de\/hu\/rolunk\/a-koncepcio\/#primaryimage"},"image":{"@id":"https:\/\/www.oekermann.de\/hu\/rolunk\/a-koncepcio\/#primaryimage"},"thumbnailUrl":"https:\/\/www.oekermann.de\/wp-content\/uploads\/2021\/09\/Rolf-Oekermann.jpg","datePublished":"2018-02-07T09:26:45+00:00","dateModified":"2025-12-17T08:09:15+00:00","breadcrumb":{"@id":"https:\/\/www.oekermann.de\/hu\/rolunk\/a-koncepcio\/#breadcrumb"},"inLanguage":"hu-HU","potentialAction":[{"@type":"ReadAction","target":["https:\/\/www.oekermann.de\/hu\/rolunk\/a-koncepcio\/"]}]},{"@type":"ImageObject","inLanguage":"hu-HU","@id":"https:\/\/www.oekermann.de\/hu\/rolunk\/a-koncepcio\/#primaryimage","url":"https:\/\/www.oekermann.de\/wp-content\/uploads\/2021\/09\/Rolf-Oekermann.jpg","contentUrl":"https:\/\/www.oekermann.de\/wp-content\/uploads\/2021\/09\/Rolf-Oekermann.jpg"},{"@type":"BreadcrumbList","@id":"https:\/\/www.oekermann.de\/hu\/rolunk\/a-koncepcio\/#breadcrumb","itemListElement":[{"@type":"ListItem","position":1,"name":"Startseite","item":"https:\/\/www.oekermann.de\/hu\/"},{"@type":"ListItem","position":2,"name":"R\u00f3lunk","item":"https:\/\/www.oekermann.de\/hu\/rolunk\/"},{"@type":"ListItem","position":3,"name":"A koncepci\u00f3"}]},{"@type":"WebSite","@id":"https:\/\/www.oekermann.de\/#website","url":"https:\/\/www.oekermann.de\/","name":"Pneumatische F\u00f6rdertechnik - OEKERMANN Abwassertechnik","description":"","potentialAction":[{"@type":"SearchAction","target":{"@type":"EntryPoint","urlTemplate":"https:\/\/www.oekermann.de\/?s={search_term_string}"},"query-input":{"@type":"PropertyValueSpecification","valueRequired":true,"valueName":"search_term_string"}}],"inLanguage":"hu-HU"}]}},"_links":{"self":[{"href":"https:\/\/www.oekermann.de\/hu\/wp-json\/wp\/v2\/pages\/5053","targetHints":{"allow":["GET"]}}],"collection":[{"href":"https:\/\/www.oekermann.de\/hu\/wp-json\/wp\/v2\/pages"}],"about":[{"href":"https:\/\/www.oekermann.de\/hu\/wp-json\/wp\/v2\/types\/page"}],"author":[{"embeddable":true,"href":"https:\/\/www.oekermann.de\/hu\/wp-json\/wp\/v2\/users\/2"}],"replies":[{"embeddable":true,"href":"https:\/\/www.oekermann.de\/hu\/wp-json\/wp\/v2\/comments?post=5053"}],"version-history":[{"count":3,"href":"https:\/\/www.oekermann.de\/hu\/wp-json\/wp\/v2\/pages\/5053\/revisions"}],"predecessor-version":[{"id":5406,"href":"https:\/\/www.oekermann.de\/hu\/wp-json\/wp\/v2\/pages\/5053\/revisions\/5406"}],"up":[{"embeddable":true,"href":"https:\/\/www.oekermann.de\/hu\/wp-json\/wp\/v2\/pages\/5052"}],"wp:attachment":[{"href":"https:\/\/www.oekermann.de\/hu\/wp-json\/wp\/v2\/media?parent=5053"}],"curies":[{"name":"wp","href":"https:\/\/api.w.org\/{rel}","templated":true}]}}