{"id":5060,"date":"2019-08-27T18:46:17","date_gmt":"2019-08-27T16:46:17","guid":{"rendered":"https:\/\/www.oekermann.de\/?page_id=5060"},"modified":"2025-06-23T13:11:43","modified_gmt":"2025-06-23T11:11:43","slug":"a-filozofia","status":"publish","type":"page","link":"https:\/\/www.oekermann.de\/hu\/rolunk\/a-filozofia\/","title":{"rendered":"A filoz\u00f3fia"},"content":{"rendered":"<section>Az <a href=\"https:\/\/www.oekermann.de\/ueber-uns\/meilensteine\/\">OEKERMANN<\/a> a kezdetekt\u0151l egyet jelent a <a href=\"https:\/\/www.oekermann.de\/vorteile\/keine-verstopfung\/\">hossz\u00fa \u00e9lettartam\u00fa<\/a> <a href=\"https:\/\/www.oekermann.de\/pneumatische-abwasserfoerderung-vs-konventionelle-pumpentechnik\/\">szennyv\u00edz-szivatty\u00fatelepekkel<\/a>, melyek fel\u00e9p\u00edt\u00e9se nagyvonal\u00fa \u00e9s kezel\u0151bar\u00e1t. Ezt t\u00f6bbek k\u00f6z\u00f6tt megb\u00edzhat\u00f3 besz\u00e1ll\u00edt\u00f3k kiv\u00e1l\u00f3 min\u0151s\u00e9g\u0171 rendszerkomponenseivel \u00e9rj\u00fck el.<\/p>\n<p>Az OEKERMANN mindig kiemelten gondoskodik arr\u00f3l, hogy optim\u00e1lis rendszerkonfigur\u00e1ci\u00f3t \u00e1ll\u00edtson \u00f6ssze, hogy \u00d6n \u00fcgyf\u00e9lk\u00e9nt a megfelel\u0151 elv\u00e1rt teljes\u00edtm\u00e9nyt is kapja meg, egyr\u00e9szt a m\u0171szaki teljes\u00edtm\u00e9ny, m\u00e1sr\u00e9szt pedig a perif\u00e9ria, pl. a zaj- \u00e9s h\u0151fejl\u0151d\u00e9s, fogyaszt\u00e1si jellemz\u0151k stb. szempontj\u00e1b\u00f3l. A mindenkori projekthez a lehet\u0151 legjobb egy\u00e9ni megold\u00e1st kapja.<\/p>\n<p>A rendszer meg\u00e9p\u00edt\u00e9s\u00e9t k\u00f6vet\u0151en \u00d6n tov\u00e1bbra is fontos a sz\u00e1munkra, \u00edgy <a href=\"https:\/\/www.oekermann.de\/wartung\/\">\u00e1tfog\u00f3 szervizszolg\u00e1ltat\u00e1st<\/a> k\u00edn\u00e1lunk az \u00d6n sz\u00e1m\u00e1ra.<\/p>\n<p>K\u00f6zepes m\u00e9ret\u0171, a tulajdonos \u00e1ltal vezetett v\u00e1llalatk\u00e9nt egy rendk\u00edv\u00fcl motiv\u00e1lt, szorosan egy\u00fcttm\u0171k\u00f6d\u0151 csapattal gyorsan \u00e9s hat\u00e9konyan tudunk a rendelkez\u00e9s\u00e9re \u00e1llni. A gyors szerel\u00e9si rendelkez\u00e9sre \u00e1ll\u00e1sunk \u00e9s szint\u00e9n els\u0151 oszt\u00e1ly\u00fa telefonos szolg\u00e1ltat\u00e1sunk sz\u00f3 szerint legend\u00e1s; \u00e1ltal\u00e1ban hossz\u00fa v\u00e1rakoz\u00e1s n\u00e9lk\u00fcl, azonnal teljes k\u00f6r\u0171 kiszolg\u00e1l\u00e1st tudunk biztos\u00edtani.<\/p>\n<h2>Szerviz<\/h2>\n<p>Az OEKERMANN egyed\u00fcli c\u00e9gk\u00e9nt komplett csomagot k\u00edn\u00e1l az \u00fczemeltet\u0151k \u00e9s tervez\u0151k optim\u00e1lis eredm\u00e9nyeinek az el\u00e9r\u00e9s\u00e9hez:<\/p>\n<ul style=\"margin-left: 30px;\">\n<li style=\"margin-bottom: 15px;\"><strong>TERVEZ\u00c9S:<\/strong> \u00c1tfog\u00f3 tan\u00e1csad\u00e1s \u00faj <a href=\"https:\/\/www.oekermann.de\/vorteile\/foerderung-geringer-wassermengen\/\">pneumatikus szennyv\u00edzsz\u00e1ll\u00edt\u00f3 rendszerek<\/a> tervez\u00e9s\u00e9n\u00e9l, a nyom\u00f3vezet\u00e9k- \u00e9s rendszersz\u00e1m\u00edt\u00e1sokt\u00f3l kezdve eg\u00e9sz a telepek kialak\u00edt\u00e1s\u00e1ig<\/li>\n<li style=\"margin-bottom: 15px;\"><strong>GY\u00c1RT\u00c1S:<\/strong> Kiv\u00e1l\u00f3 min\u0151s\u00e9g\u0171 pneumatikus szennyv\u00edzszivatty\u00fa-telepek (g\u00e9p\u00e9szet \u00e9s elektrotechnika), alapvet\u0151en a v\u00e1llalat saj\u00e1t, speci\u00e1lis k\u00e9pzetts\u00e9g\u0171 szakembereivel<\/li>\n<li style=\"margin-bottom: 15px;\"><strong>GONDOZ\u00c1S:<\/strong> Komplett \u201eafter-sales szolg\u00e1ltat\u00e1s\u201c, kompetens <a href=\"https:\/\/www.oekermann.de\/kontakt\/ihre-ansprechpartner\/\">telefonos szolg\u00e1ltat\u00e1s<\/a>, <a href=\"https:\/\/www.oekermann.de\/wartung\/service-bei-der-pneumatischen-abwasser-foerderung\/\">karbantart\u00e1si tev\u00e9kenys\u00e9gek<\/a> v\u00e9gz\u00e9se karbantart\u00e1si szerz\u0151d\u00e9s alapj\u00e1n \u00e9s an\u00e9lk\u00fcl, r\u00e9gi rendszerek korszer\u0171s\u00edt\u00e9se, helysz\u00edni tan\u00e1csad\u00e1s<\/li>\n<\/ul>\n<\/section>\n","protected":false},"excerpt":{"rendered":"<p>Az OEKERMANN a kezdetekt\u0151l egyet jelent a hossz\u00fa \u00e9lettartam\u00fa szennyv\u00edz-szivatty\u00fatelepekkel, melyek fel\u00e9p\u00edt\u00e9se nagyvonal\u00fa \u00e9s kezel\u0151bar\u00e1t. Ezt t\u00f6bbek k\u00f6z\u00f6tt megb\u00edzhat\u00f3 besz\u00e1ll\u00edt\u00f3k kiv\u00e1l\u00f3 min\u0151s\u00e9g\u0171 rendszerkomponenseivel \u00e9rj\u00fck el. Az OEKERMANN mindig kiemelten gondoskodik arr\u00f3l, hogy optim\u00e1lis rendszerkonfigur\u00e1ci\u00f3t \u00e1ll\u00edtson \u00f6ssze, hogy \u00d6n \u00fcgyf\u00e9lk\u00e9nt a megfelel\u0151 elv\u00e1rt teljes\u00edtm\u00e9nyt is kapja meg, egyr\u00e9szt a m\u0171szaki teljes\u00edtm\u00e9ny, m\u00e1sr\u00e9szt pedig a perif\u00e9ria, pl.<\/p>\n<p class=\"link-more\"><a href=\"https:\/\/www.oekermann.de\/hu\/rolunk\/a-filozofia\/\" class=\"envor-btn\">Weiterlesen<span class=\"screen-reader-text\"> &#8220;A filoz\u00f3fia&#8221;<\/span><\/a><\/p>\n","protected":false},"author":2,"featured_media":0,"parent":5052,"menu_order":0,"comment_status":"closed","ping_status":"closed","template":"","meta":{"footnotes":""},"class_list":["post-5060","page","type-page","status-publish","hentry"],"yoast_head":"<!-- This site is optimized with the Yoast SEO plugin v27.4 - https:\/\/yoast.com\/product\/yoast-seo-wordpress\/ -->\n<title>A filoz\u00f3fia - Pneumatische F\u00f6rdertechnik - OEKERMANN Abwassertechnik<\/title>\n<meta name=\"robots\" content=\"index, follow, max-snippet:-1, max-image-preview:large, max-video-preview:-1\" \/>\n<link rel=\"canonical\" href=\"https:\/\/www.oekermann.de\/hu\/rolunk\/a-filozofia\/\" \/>\n<meta property=\"og:locale\" content=\"hu_HU\" \/>\n<meta property=\"og:type\" content=\"article\" \/>\n<meta property=\"og:title\" content=\"A filoz\u00f3fia - Pneumatische F\u00f6rdertechnik - OEKERMANN Abwassertechnik\" \/>\n<meta property=\"og:description\" content=\"Az OEKERMANN a kezdetekt\u0151l egyet jelent a hossz\u00fa \u00e9lettartam\u00fa szennyv\u00edz-szivatty\u00fatelepekkel, melyek fel\u00e9p\u00edt\u00e9se nagyvonal\u00fa \u00e9s kezel\u0151bar\u00e1t. Ezt t\u00f6bbek k\u00f6z\u00f6tt megb\u00edzhat\u00f3 besz\u00e1ll\u00edt\u00f3k kiv\u00e1l\u00f3 min\u0151s\u00e9g\u0171 rendszerkomponenseivel \u00e9rj\u00fck el. Az OEKERMANN mindig kiemelten gondoskodik arr\u00f3l, hogy optim\u00e1lis rendszerkonfigur\u00e1ci\u00f3t \u00e1ll\u00edtson \u00f6ssze, hogy \u00d6n \u00fcgyf\u00e9lk\u00e9nt a megfelel\u0151 elv\u00e1rt teljes\u00edtm\u00e9nyt is kapja meg, egyr\u00e9szt a m\u0171szaki teljes\u00edtm\u00e9ny, m\u00e1sr\u00e9szt pedig a perif\u00e9ria, pl.Weiterlesen &quot;A filoz\u00f3fia&quot;\" \/>\n<meta property=\"og:url\" content=\"https:\/\/www.oekermann.de\/hu\/rolunk\/a-filozofia\/\" \/>\n<meta property=\"og:site_name\" content=\"Pneumatische F\u00f6rdertechnik - OEKERMANN Abwassertechnik\" \/>\n<meta property=\"article:publisher\" content=\"https:\/\/www.facebook.com\/pages\/Oekermann-Abwassertechnik\/1007781205906685\" \/>\n<meta property=\"article:modified_time\" content=\"2025-06-23T11:11:43+00:00\" \/>\n<meta name=\"twitter:card\" content=\"summary_large_image\" \/>\n<meta name=\"twitter:site\" content=\"@Oekermann\" \/>\n<meta name=\"twitter:label1\" content=\"Est. reading time\" \/>\n\t<meta name=\"twitter:data1\" content=\"2 minutes\" \/>\n<script type=\"application\/ld+json\" class=\"yoast-schema-graph\">{\"@context\":\"https:\\\/\\\/schema.org\",\"@graph\":[{\"@type\":\"WebPage\",\"@id\":\"https:\\\/\\\/www.oekermann.de\\\/hu\\\/rolunk\\\/a-filozofia\\\/\",\"url\":\"https:\\\/\\\/www.oekermann.de\\\/hu\\\/rolunk\\\/a-filozofia\\\/\",\"name\":\"A filoz\u00f3fia - Pneumatische F\u00f6rdertechnik - OEKERMANN Abwassertechnik\",\"isPartOf\":{\"@id\":\"https:\\\/\\\/www.oekermann.de\\\/#website\"},\"datePublished\":\"2019-08-27T16:46:17+00:00\",\"dateModified\":\"2025-06-23T11:11:43+00:00\",\"breadcrumb\":{\"@id\":\"https:\\\/\\\/www.oekermann.de\\\/hu\\\/rolunk\\\/a-filozofia\\\/#breadcrumb\"},\"inLanguage\":\"hu-HU\",\"potentialAction\":[{\"@type\":\"ReadAction\",\"target\":[\"https:\\\/\\\/www.oekermann.de\\\/hu\\\/rolunk\\\/a-filozofia\\\/\"]}]},{\"@type\":\"BreadcrumbList\",\"@id\":\"https:\\\/\\\/www.oekermann.de\\\/hu\\\/rolunk\\\/a-filozofia\\\/#breadcrumb\",\"itemListElement\":[{\"@type\":\"ListItem\",\"position\":1,\"name\":\"Startseite\",\"item\":\"https:\\\/\\\/www.oekermann.de\\\/hu\\\/\"},{\"@type\":\"ListItem\",\"position\":2,\"name\":\"R\u00f3lunk\",\"item\":\"https:\\\/\\\/www.oekermann.de\\\/hu\\\/rolunk\\\/\"},{\"@type\":\"ListItem\",\"position\":3,\"name\":\"A filoz\u00f3fia\"}]},{\"@type\":\"WebSite\",\"@id\":\"https:\\\/\\\/www.oekermann.de\\\/#website\",\"url\":\"https:\\\/\\\/www.oekermann.de\\\/\",\"name\":\"Pneumatische F\u00f6rdertechnik - OEKERMANN Abwassertechnik\",\"description\":\"\",\"potentialAction\":[{\"@type\":\"SearchAction\",\"target\":{\"@type\":\"EntryPoint\",\"urlTemplate\":\"https:\\\/\\\/www.oekermann.de\\\/?s={search_term_string}\"},\"query-input\":{\"@type\":\"PropertyValueSpecification\",\"valueRequired\":true,\"valueName\":\"search_term_string\"}}],\"inLanguage\":\"hu-HU\"}]}<\/script>\n<!-- \/ Yoast SEO plugin. -->","yoast_head_json":{"title":"A filoz\u00f3fia - Pneumatische F\u00f6rdertechnik - OEKERMANN Abwassertechnik","robots":{"index":"index","follow":"follow","max-snippet":"max-snippet:-1","max-image-preview":"max-image-preview:large","max-video-preview":"max-video-preview:-1"},"canonical":"https:\/\/www.oekermann.de\/hu\/rolunk\/a-filozofia\/","og_locale":"hu_HU","og_type":"article","og_title":"A filoz\u00f3fia - Pneumatische F\u00f6rdertechnik - OEKERMANN Abwassertechnik","og_description":"Az OEKERMANN a kezdetekt\u0151l egyet jelent a hossz\u00fa \u00e9lettartam\u00fa szennyv\u00edz-szivatty\u00fatelepekkel, melyek fel\u00e9p\u00edt\u00e9se nagyvonal\u00fa \u00e9s kezel\u0151bar\u00e1t. Ezt t\u00f6bbek k\u00f6z\u00f6tt megb\u00edzhat\u00f3 besz\u00e1ll\u00edt\u00f3k kiv\u00e1l\u00f3 min\u0151s\u00e9g\u0171 rendszerkomponenseivel \u00e9rj\u00fck el. Az OEKERMANN mindig kiemelten gondoskodik arr\u00f3l, hogy optim\u00e1lis rendszerkonfigur\u00e1ci\u00f3t \u00e1ll\u00edtson \u00f6ssze, hogy \u00d6n \u00fcgyf\u00e9lk\u00e9nt a megfelel\u0151 elv\u00e1rt teljes\u00edtm\u00e9nyt is kapja meg, egyr\u00e9szt a m\u0171szaki teljes\u00edtm\u00e9ny, m\u00e1sr\u00e9szt pedig a perif\u00e9ria, pl.Weiterlesen \"A filoz\u00f3fia\"","og_url":"https:\/\/www.oekermann.de\/hu\/rolunk\/a-filozofia\/","og_site_name":"Pneumatische F\u00f6rdertechnik - OEKERMANN Abwassertechnik","article_publisher":"https:\/\/www.facebook.com\/pages\/Oekermann-Abwassertechnik\/1007781205906685","article_modified_time":"2025-06-23T11:11:43+00:00","twitter_card":"summary_large_image","twitter_site":"@Oekermann","twitter_misc":{"Est. reading time":"2 minutes"},"schema":{"@context":"https:\/\/schema.org","@graph":[{"@type":"WebPage","@id":"https:\/\/www.oekermann.de\/hu\/rolunk\/a-filozofia\/","url":"https:\/\/www.oekermann.de\/hu\/rolunk\/a-filozofia\/","name":"A filoz\u00f3fia - Pneumatische F\u00f6rdertechnik - OEKERMANN Abwassertechnik","isPartOf":{"@id":"https:\/\/www.oekermann.de\/#website"},"datePublished":"2019-08-27T16:46:17+00:00","dateModified":"2025-06-23T11:11:43+00:00","breadcrumb":{"@id":"https:\/\/www.oekermann.de\/hu\/rolunk\/a-filozofia\/#breadcrumb"},"inLanguage":"hu-HU","potentialAction":[{"@type":"ReadAction","target":["https:\/\/www.oekermann.de\/hu\/rolunk\/a-filozofia\/"]}]},{"@type":"BreadcrumbList","@id":"https:\/\/www.oekermann.de\/hu\/rolunk\/a-filozofia\/#breadcrumb","itemListElement":[{"@type":"ListItem","position":1,"name":"Startseite","item":"https:\/\/www.oekermann.de\/hu\/"},{"@type":"ListItem","position":2,"name":"R\u00f3lunk","item":"https:\/\/www.oekermann.de\/hu\/rolunk\/"},{"@type":"ListItem","position":3,"name":"A filoz\u00f3fia"}]},{"@type":"WebSite","@id":"https:\/\/www.oekermann.de\/#website","url":"https:\/\/www.oekermann.de\/","name":"Pneumatische F\u00f6rdertechnik - OEKERMANN Abwassertechnik","description":"","potentialAction":[{"@type":"SearchAction","target":{"@type":"EntryPoint","urlTemplate":"https:\/\/www.oekermann.de\/?s={search_term_string}"},"query-input":{"@type":"PropertyValueSpecification","valueRequired":true,"valueName":"search_term_string"}}],"inLanguage":"hu-HU"}]}},"_links":{"self":[{"href":"https:\/\/www.oekermann.de\/hu\/wp-json\/wp\/v2\/pages\/5060","targetHints":{"allow":["GET"]}}],"collection":[{"href":"https:\/\/www.oekermann.de\/hu\/wp-json\/wp\/v2\/pages"}],"about":[{"href":"https:\/\/www.oekermann.de\/hu\/wp-json\/wp\/v2\/types\/page"}],"author":[{"embeddable":true,"href":"https:\/\/www.oekermann.de\/hu\/wp-json\/wp\/v2\/users\/2"}],"replies":[{"embeddable":true,"href":"https:\/\/www.oekermann.de\/hu\/wp-json\/wp\/v2\/comments?post=5060"}],"version-history":[{"count":2,"href":"https:\/\/www.oekermann.de\/hu\/wp-json\/wp\/v2\/pages\/5060\/revisions"}],"predecessor-version":[{"id":5239,"href":"https:\/\/www.oekermann.de\/hu\/wp-json\/wp\/v2\/pages\/5060\/revisions\/5239"}],"up":[{"embeddable":true,"href":"https:\/\/www.oekermann.de\/hu\/wp-json\/wp\/v2\/pages\/5052"}],"wp:attachment":[{"href":"https:\/\/www.oekermann.de\/hu\/wp-json\/wp\/v2\/media?parent=5060"}],"curies":[{"name":"wp","href":"https:\/\/api.w.org\/{rel}","templated":true}]}}