{"id":5061,"date":"2019-05-21T14:57:47","date_gmt":"2019-05-21T12:57:47","guid":{"rendered":"https:\/\/www.oekermann.de\/?page_id=5061"},"modified":"2025-12-14T14:51:10","modified_gmt":"2025-12-14T13:51:10","slug":"merfoldkovek","status":"publish","type":"page","link":"https:\/\/www.oekermann.de\/hu\/rolunk\/merfoldkovek\/","title":{"rendered":"M\u00e9rf\u00f6ldk\u00f6vek"},"content":{"rendered":"<section>\t\t\t<!-- Cool Timeline PRO V4.9 -->\r\n\t\t\t<div class=\"ctl-wrapper\" role=\"region\" aria-label=\"Timeline\">\r\n\t\t\t\t\t\t\t\t<div id=\"cool_timeline_1\" class=\"cool-timeline-wrapper ctl-both-sided ctl-vertical-wrapper ctl-design-3 light-skin\" data-nav=\"hide\" data-line-filling=\"false\" data-nav-pos=\"right\">\r\n\t\t\t\t\t<div class=\"ctl-start\"><\/div>\r\n\t\t\t\t\t<!-- Timeline Container -->\r\n\t\t\t\t\t<div class=\"ctl-timeline ctl-timeline-container\" data-animation=\"fade-in\" aria-live=\"polite\">\r\n\t\t\t\t\t\t<!-- Center Line -->\r\n\t\t\t\t\t\t<div class=\"ctl-inner-line\" role=\"presentation\"><\/div>\r\n\t\t\t\t\t\t<!-- Timeline Content --><div id=\"ctl-story-5374\" class=\"ctl-story ctl-story-dot-icon odd ctl-story-right ctl-no-media\" data-story-index=\"1\" role=\"article\"><!-- Story Labels --><div class=\"ctl-labels\"><div class=\"ctl-label-big\">2021<\/div><div class=\"ctl-label-small\"><\/div><\/div><!-- Story IconDot --><div class=\"ctl-icondot\"><\/div> <!-- Story Arrow --><div class=\"ctl-arrow\"><\/div>\r\n\t\t\t<!-- Story Content --><div class=\"ctl-content\"><!-- Story Title --> <div class=\"ctl-title story-5374\" role=\"heading\" aria-level=\"2\">2021 (HU)<\/div><!-- Story Description --><div class=\"ctl-description\"><p>Az \u00faj elektronikus vez\u00e9rl\u00e9s bevezet\u00e9se, modell CPU&nbsp;10&nbsp;Touch<\/p>\n<\/div><\/div><\/div><!-- Timeline Content --><div id=\"ctl-story-5373\" class=\"ctl-story ctl-story-dot-icon even ctl-story-left ctl-no-media\" data-story-index=\"2\" role=\"article\"><!-- Story Labels --><div class=\"ctl-labels\"><div class=\"ctl-label-big\">2019<\/div><div class=\"ctl-label-small\"><\/div><\/div><!-- Story IconDot --><div class=\"ctl-icondot\"><\/div> <!-- Story Arrow --><div class=\"ctl-arrow\"><\/div>\r\n\t\t\t<!-- Story Content --><div class=\"ctl-content\"><!-- Story Title --> <div class=\"ctl-title story-5373\" role=\"heading\" aria-level=\"2\">2019 (HU)<\/div><!-- Story Description --><div class=\"ctl-description\"><p>Egy\u00fcttm\u0171k\u00f6d\u00e9s az osztr\u00e1k WET Wassertechnik v\u00e1llalattal, Klagenfurt<\/p>\n<\/div><\/div><\/div><!-- Timeline Content --><div id=\"ctl-story-5372\" class=\"ctl-story ctl-story-dot-icon odd ctl-story-right ctl-no-media\" data-story-index=\"3\" role=\"article\"><!-- Story Labels --><div class=\"ctl-labels\"><div class=\"ctl-label-big\">2018<\/div><div class=\"ctl-label-small\"><\/div><\/div><!-- Story IconDot --><div class=\"ctl-icondot\"><\/div> <!-- Story Arrow --><div class=\"ctl-arrow\"><\/div>\r\n\t\t\t<!-- Story Content --><div class=\"ctl-content\"><!-- Story Title --> <div class=\"ctl-title story-5372\" role=\"heading\" aria-level=\"2\">2018 (HU)<\/div><!-- Story Description --><div class=\"ctl-description\"><p>Egy\u00fcttm\u0171k\u00f6d\u00e9s a lengyel Green3, Bydgoszcz c\u00e9ggel; az els\u0151 berendez\u00e9sek sz\u00e1ll\u00edt\u00e1sa Lengyelorsz\u00e1gba<\/p>\n<\/div><\/div><\/div><!-- Timeline Content --><div id=\"ctl-story-5371\" class=\"ctl-story ctl-story-dot-icon even ctl-story-left ctl-no-media\" data-story-index=\"4\" role=\"article\"><!-- Story Labels --><div class=\"ctl-labels\"><div class=\"ctl-label-big\">2018<\/div><div class=\"ctl-label-small\"><\/div><\/div><!-- Story IconDot --><div class=\"ctl-icondot\"><\/div> <!-- Story Arrow --><div class=\"ctl-arrow\"><\/div>\r\n\t\t\t<!-- Story Content --><div class=\"ctl-content\"><!-- Story Title --> <div class=\"ctl-title story-5371\" role=\"heading\" aria-level=\"2\">2018 (HU)<\/div><!-- Story Description --><div class=\"ctl-description\"><p>Megl\u00e9v\u0151 pneumatikus szennyv\u00edzsz\u00e1ll\u00edt\u00f3 rendszerek korszer\u0171s\u00edt\u00e9se; membr\u00e1n-dugatty\u00fas szivatty\u00faval \u00e9s excenter-csig\u00e1s szivatty\u00fakkal (er\u0151s es\u0151z\u00e9sek eset\u00e9re)<\/p>\n<\/div><\/div><\/div><!-- Timeline Content --><div id=\"ctl-story-5370\" class=\"ctl-story ctl-story-dot-icon odd ctl-story-right ctl-no-media\" data-story-index=\"5\" role=\"article\"><!-- Story Labels --><div class=\"ctl-labels\"><div class=\"ctl-label-big\">2018<\/div><div class=\"ctl-label-small\"><\/div><\/div><!-- Story IconDot --><div class=\"ctl-icondot\"><\/div> <!-- Story Arrow --><div class=\"ctl-arrow\"><\/div>\r\n\t\t\t<!-- Story Content --><div class=\"ctl-content\"><!-- Story Title --> <div class=\"ctl-title story-5370\" role=\"heading\" aria-level=\"2\">2018 (HU)<\/div><!-- Story Description --><div class=\"ctl-description\"><p>15. r\u00e9szv\u00e9tel az IFAT ki\u00e1ll\u00edt\u00e1son M\u00fcnchenben<\/p>\n<\/div><\/div><\/div><!-- Timeline Content --><div id=\"ctl-story-5369\" class=\"ctl-story ctl-story-dot-icon even ctl-story-left ctl-no-media\" data-story-index=\"6\" role=\"article\"><!-- Story Labels --><div class=\"ctl-labels\"><div class=\"ctl-label-big\">2006<\/div><div class=\"ctl-label-small\"><\/div><\/div><!-- Story IconDot --><div class=\"ctl-icondot\"><\/div> <!-- Story Arrow --><div class=\"ctl-arrow\"><\/div>\r\n\t\t\t<!-- Story Content --><div class=\"ctl-content\"><!-- Story Title --> <div class=\"ctl-title story-5369\" role=\"heading\" aria-level=\"2\">2006 (HU)<\/div><!-- Story Description --><div class=\"ctl-description\"><p>Az egyik els\u0151 berendez\u00e9s \u00e1tfog\u00f3 fel\u00faj\u00edt\u00e1sa 28 \u00e9v sikeres \u00fczem ut\u00e1n<\/p>\n<\/div><\/div><\/div><!-- Timeline Content --><div id=\"ctl-story-5368\" class=\"ctl-story ctl-story-dot-icon odd ctl-story-right ctl-no-media\" data-story-index=\"7\" role=\"article\"><!-- Story Labels --><div class=\"ctl-labels\"><div class=\"ctl-label-big\">2005<\/div><div class=\"ctl-label-small\"><\/div><\/div><!-- Story IconDot --><div class=\"ctl-icondot\"><\/div> <!-- Story Arrow --><div class=\"ctl-arrow\"><\/div>\r\n\t\t\t<!-- Story Content --><div class=\"ctl-content\"><!-- Story Title --> <div class=\"ctl-title story-5368\" role=\"heading\" aria-level=\"2\">2005 (HU)<\/div><!-- Story Description --><div class=\"ctl-description\"><p>\u00daj c\u00e9gn\u00e9v: Oekermann GmbH &amp; Co. KG, szennyv\u00edztechnika<\/p>\n<\/div><\/div><\/div><!-- Timeline Content --><div id=\"ctl-story-5367\" class=\"ctl-story ctl-story-dot-icon even ctl-story-left ctl-no-media\" data-story-index=\"8\" role=\"article\"><!-- Story Labels --><div class=\"ctl-labels\"><div class=\"ctl-label-big\">2002<\/div><div class=\"ctl-label-small\"><\/div><\/div><!-- Story IconDot --><div class=\"ctl-icondot\"><\/div> <!-- Story Arrow --><div class=\"ctl-arrow\"><\/div>\r\n\t\t\t<!-- Story Content --><div class=\"ctl-content\"><!-- Story Title --> <div class=\"ctl-title story-5367\" role=\"heading\" aria-level=\"2\">2002 (HU)<\/div><!-- Story Description --><div class=\"ctl-description\"><p>Az els\u0151 berendez\u00e9s meg\u00e9p\u00edt\u00e9se Ausztri\u00e1ban<\/p>\n<\/div><\/div><\/div><!-- Timeline Content --><div id=\"ctl-story-5366\" class=\"ctl-story ctl-story-dot-icon odd ctl-story-right ctl-no-media\" data-story-index=\"9\" role=\"article\"><!-- Story Labels --><div class=\"ctl-labels\"><div class=\"ctl-label-big\">1998<\/div><div class=\"ctl-label-small\"><\/div><\/div><!-- Story IconDot --><div class=\"ctl-icondot\"><\/div> <!-- Story Arrow --><div class=\"ctl-arrow\"><\/div>\r\n\t\t\t<!-- Story Content --><div class=\"ctl-content\"><!-- Story Title --> <div class=\"ctl-title story-5366\" role=\"heading\" aria-level=\"2\">1998 (HU)<\/div><!-- Story Description --><div class=\"ctl-description\"><p>Negyedik gener\u00e1ci\u00f3s elektronikus vez\u00e9rl\u00e9s; kompakt kivitel<\/p>\n<\/div><\/div><\/div><!-- Timeline Content --><div id=\"ctl-story-5365\" class=\"ctl-story ctl-story-dot-icon even ctl-story-left ctl-no-media\" data-story-index=\"10\" role=\"article\"><!-- Story Labels --><div class=\"ctl-labels\"><div class=\"ctl-label-big\">1993<\/div><div class=\"ctl-label-small\"><\/div><\/div><!-- Story IconDot --><div class=\"ctl-icondot\"><\/div> <!-- Story Arrow --><div class=\"ctl-arrow\"><\/div>\r\n\t\t\t<!-- Story Content --><div class=\"ctl-content\"><!-- Story Title --> <div class=\"ctl-title story-5365\" role=\"heading\" aria-level=\"2\">1993 (HU)<\/div><!-- Story Description --><div class=\"ctl-description\"><p>K\u00f6lt\u00f6z\u00e9s a b\u00e9relt helyis\u00e9gekb\u0151l saj\u00e1t c\u00e9g\u00e9p\u00fcletbe Bielefeld-Altenhagenben<\/p>\n<\/div><\/div><\/div><!-- Timeline Content --><div id=\"ctl-story-5364\" class=\"ctl-story ctl-story-dot-icon odd ctl-story-right ctl-no-media\" data-story-index=\"11\" role=\"article\"><!-- Story Labels --><div class=\"ctl-labels\"><div class=\"ctl-label-big\">1992<\/div><div class=\"ctl-label-small\"><\/div><\/div><!-- Story IconDot --><div class=\"ctl-icondot\"><\/div> <!-- Story Arrow --><div class=\"ctl-arrow\"><\/div>\r\n\t\t\t<!-- Story Content --><div class=\"ctl-content\"><!-- Story Title --> <div class=\"ctl-title story-5364\" role=\"heading\" aria-level=\"2\">1992 (HU)<\/div><!-- Story Description --><div class=\"ctl-description\"><p>Az els\u0151 szivatty\u00fa\u00e1llom\u00e1s meg\u00e9p\u00edt\u00e9se az \u00faj sz\u00f6vets\u00e9gi tartom\u00e1nyokban ( Sz\u00e1szorsz\u00e1gban)<\/p>\n<\/div><\/div><\/div><!-- Timeline Content --><div id=\"ctl-story-5363\" class=\"ctl-story ctl-story-dot-icon even ctl-story-left ctl-no-media\" data-story-index=\"12\" role=\"article\"><!-- Story Labels --><div class=\"ctl-labels\"><div class=\"ctl-label-big\">1989<\/div><div class=\"ctl-label-small\"><\/div><\/div><!-- Story IconDot --><div class=\"ctl-icondot\"><\/div> <!-- Story Arrow --><div class=\"ctl-arrow\"><\/div>\r\n\t\t\t<!-- Story Content --><div class=\"ctl-content\"><!-- Story Title --> <div class=\"ctl-title story-5363\" role=\"heading\" aria-level=\"2\">1989 (HU)<\/div><!-- Story Description --><div class=\"ctl-description\"><p>Az els\u0151 mikroprocesszor-vez\u00e9relt elektronika<\/p>\n<\/div><\/div><\/div><!-- Timeline Content --><div id=\"ctl-story-5362\" class=\"ctl-story ctl-story-dot-icon odd ctl-story-right ctl-no-media\" data-story-index=\"13\" role=\"article\"><!-- Story Labels --><div class=\"ctl-labels\"><div class=\"ctl-label-big\">1986<\/div><div class=\"ctl-label-small\"><\/div><\/div><!-- Story IconDot --><div class=\"ctl-icondot\"><\/div> <!-- Story Arrow --><div class=\"ctl-arrow\"><\/div>\r\n\t\t\t<!-- Story Content --><div class=\"ctl-content\"><!-- Story Title --> <div class=\"ctl-title story-5362\" role=\"heading\" aria-level=\"2\">1986 (HU)<\/div><!-- Story Description --><div class=\"ctl-description\"><p>Az els\u0151 berendez\u00e9s meg\u00e9p\u00edt\u00e9se n\u00e9gy munkaleveg\u0151-kompresszorral (NRW-ben)<\/p>\n<\/div><\/div><\/div><!-- Timeline Content --><div id=\"ctl-story-5361\" class=\"ctl-story ctl-story-dot-icon even ctl-story-left ctl-no-media\" data-story-index=\"14\" role=\"article\"><!-- Story Labels --><div class=\"ctl-labels\"><div class=\"ctl-label-big\">1986<\/div><div class=\"ctl-label-small\"><\/div><\/div><!-- Story IconDot --><div class=\"ctl-icondot\"><\/div> <!-- Story Arrow --><div class=\"ctl-arrow\"><\/div>\r\n\t\t\t<!-- Story Content --><div class=\"ctl-content\"><!-- Story Title --> <div class=\"ctl-title story-5361\" role=\"heading\" aria-level=\"2\">1986 (HU)<\/div><!-- Story Description --><div class=\"ctl-description\"><p>A m\u00e1sodik gener\u00e1ci\u00f3s elektronikus vez\u00e9rl\u00e9s fejleszt\u00e9se pneumatikus szennyv\u00edz\u00e1temel\u0151kh\u00f6z<\/p>\n<\/div><\/div><\/div><!-- Timeline Content --><div id=\"ctl-story-5360\" class=\"ctl-story ctl-story-dot-icon odd ctl-story-right ctl-no-media\" data-story-index=\"15\" role=\"article\"><!-- Story Labels --><div class=\"ctl-labels\"><div class=\"ctl-label-big\">1985<\/div><div class=\"ctl-label-small\"><\/div><\/div><!-- Story IconDot --><div class=\"ctl-icondot\"><\/div> <!-- Story Arrow --><div class=\"ctl-arrow\"><\/div>\r\n\t\t\t<!-- Story Content --><div class=\"ctl-content\"><!-- Story Title --> <div class=\"ctl-title story-5360\" role=\"heading\" aria-level=\"2\">1985 (HU)<\/div><!-- Story Description --><div class=\"ctl-description\"><p>Az Oekermann KG alap\u00edt\u00e1sa; jelent\u0151s fejleszt\u00e9sek a berendez\u00e9sek konstrukci\u00f3j\u00e1ban<\/p>\n<\/div><\/div><\/div><!-- Timeline Content --><div id=\"ctl-story-5359\" class=\"ctl-story ctl-story-dot-icon even ctl-story-left ctl-no-media\" data-story-index=\"16\" role=\"article\"><!-- Story Labels --><div class=\"ctl-labels\"><div class=\"ctl-label-big\">1981<\/div><div class=\"ctl-label-small\"><\/div><\/div><!-- Story IconDot --><div class=\"ctl-icondot\"><\/div> <!-- Story Arrow --><div class=\"ctl-arrow\"><\/div>\r\n\t\t\t<!-- Story Content --><div class=\"ctl-content\"><!-- Story Title --> <div class=\"ctl-title story-5359\" role=\"heading\" aria-level=\"2\">1981 (HU)<\/div><!-- Story Description --><div class=\"ctl-description\"><p>Els\u0151 r\u00e9szv\u00e9tel az IFAT ki\u00e1ll\u00edt\u00e1son M\u00fcnchenben<\/p>\n<\/div><\/div><\/div><!-- Timeline Content --><div id=\"ctl-story-5358\" class=\"ctl-story ctl-story-dot-icon odd ctl-story-right ctl-no-media\" data-story-index=\"17\" role=\"article\"><!-- Story Labels --><div class=\"ctl-labels\"><div class=\"ctl-label-big\">1981<\/div><div class=\"ctl-label-small\"><\/div><\/div><!-- Story IconDot --><div class=\"ctl-icondot\"><\/div> <!-- Story Arrow --><div class=\"ctl-arrow\"><\/div>\r\n\t\t\t<!-- Story Content --><div class=\"ctl-content\"><!-- Story Title --> <div class=\"ctl-title story-5358\" role=\"heading\" aria-level=\"2\">1981 (HU)<\/div><!-- Story Description --><div class=\"ctl-description\"><p>K\u00f6lt\u00f6z\u00e9s pinc\u00e9b\u0151l, gar\u00e1zsb\u00f3l \u00e9s lak\u00f3h\u00e1zb\u00f3l b\u00e9relt \u00fczemi helyis\u00e9gekbe Bielefeldben<\/p>\n<\/div><\/div><\/div><!-- Timeline Content --><div id=\"ctl-story-5357\" class=\"ctl-story ctl-story-dot-icon even ctl-story-left ctl-no-media\" data-story-index=\"18\" role=\"article\"><!-- Story Labels --><div class=\"ctl-labels\"><div class=\"ctl-label-big\">1978<\/div><div class=\"ctl-label-small\"><\/div><\/div><!-- Story IconDot --><div class=\"ctl-icondot\"><\/div> <!-- Story Arrow --><div class=\"ctl-arrow\"><\/div>\r\n\t\t\t<!-- Story Content --><div class=\"ctl-content\"><!-- Story Title --> <div class=\"ctl-title story-5357\" role=\"heading\" aria-level=\"2\">1980 (HU)<\/div><!-- Story Description --><div class=\"ctl-description\"><p>Az els\u0151 berendez\u00e9s lesz\u00e1ll\u00edt\u00e1sa Bajororsz\u00e1gba<\/p>\n<\/div><\/div><\/div><!-- Timeline Content --><div id=\"ctl-story-5356\" class=\"ctl-story ctl-story-dot-icon odd ctl-story-right ctl-no-media\" data-story-index=\"19\" role=\"article\"><!-- Story Labels --><div class=\"ctl-labels\"><div class=\"ctl-label-big\">1978<\/div><div class=\"ctl-label-small\"><\/div><\/div><!-- Story IconDot --><div class=\"ctl-icondot\"><\/div> <!-- Story Arrow --><div class=\"ctl-arrow\"><\/div>\r\n\t\t\t<!-- Story Content --><div class=\"ctl-content\"><!-- Story Title --> <div class=\"ctl-title story-5356\" role=\"heading\" aria-level=\"2\">1978 (HU)<\/div><!-- Story Description --><div class=\"ctl-description\"><p>Berendez\u00e9sek sz\u00e1ll\u00edt\u00e1sa Sv\u00e1jcba<\/p>\n<\/div><\/div><\/div><!-- Timeline Content --><div id=\"ctl-story-5355\" class=\"ctl-story ctl-story-dot-icon even ctl-story-left ctl-no-media\" data-story-index=\"20\" role=\"article\"><!-- Story Labels --><div class=\"ctl-labels\"><div class=\"ctl-label-big\">1978<\/div><div class=\"ctl-label-small\"><\/div><\/div><!-- Story IconDot --><div class=\"ctl-icondot\"><\/div> <!-- Story Arrow --><div class=\"ctl-arrow\"><\/div>\r\n\t\t\t<!-- Story Content --><div class=\"ctl-content\"><!-- Story Title --> <div class=\"ctl-title story-5355\" role=\"heading\" aria-level=\"2\">1978 (HU)<\/div><!-- Story Description --><div class=\"ctl-description\"><p>Az els\u0151 ut\u00f3f\u00fav\u00f3 \u00e1llom\u00e1s meg\u00e9p\u00edt\u00e9se (Baden\u2013W\u00fcrttembergben)<\/p>\n<\/div><\/div><\/div><!-- Timeline Content --><div id=\"ctl-story-5354\" class=\"ctl-story ctl-story-dot-icon odd ctl-story-right ctl-no-media\" data-story-index=\"21\" role=\"article\"><!-- Story Labels --><div class=\"ctl-labels\"><div class=\"ctl-label-big\">1978<\/div><div class=\"ctl-label-small\"><\/div><\/div><!-- Story IconDot --><div class=\"ctl-icondot\"><\/div> <!-- Story Arrow --><div class=\"ctl-arrow\"><\/div>\r\n\t\t\t<!-- Story Content --><div class=\"ctl-content\"><!-- Story Title --> <div class=\"ctl-title story-5354\" role=\"heading\" aria-level=\"2\">1978 (HU)<\/div><!-- Story Description --><div class=\"ctl-description\"><p>Az els\u0151 h\u00e1l\u00f3zatos rendszer meg\u00e9p\u00edt\u00e9se pneumatikus szennyv\u00edzsz\u00e1ll\u00edt\u00f3 berendez\u00e9sekkel (szint\u00e9n Baden\u2013W\u00fcrttembergben)<\/p>\n<\/div><\/div><\/div><!-- Timeline Content --><div id=\"ctl-story-5353\" class=\"ctl-story ctl-story-dot-icon even ctl-story-left ctl-no-media\" data-story-index=\"22\" role=\"article\"><!-- Story Labels --><div class=\"ctl-labels\"><div class=\"ctl-label-big\">1977<\/div><div class=\"ctl-label-small\"><\/div><\/div><!-- Story IconDot --><div class=\"ctl-icondot\"><\/div> <!-- Story Arrow --><div class=\"ctl-arrow\"><\/div>\r\n\t\t\t<!-- Story Content --><div class=\"ctl-content\"><!-- Story Title --> <div class=\"ctl-title story-5353\" role=\"heading\" aria-level=\"2\">1977 (HU)<\/div><!-- Story Description --><div class=\"ctl-description\"><p>Az Oekermann &#038; Niemann c\u00e9g alap\u00edt\u00e1sa; az els\u0151 pneumatikus szennyv\u00edzsz\u00e1ll\u00edt\u00f3 berendez\u00e9sek sz\u00e1ll\u00edt\u00e1sa (Baden\u2013W\u00fcrttembergbe)<\/p>\n<\/div><\/div><\/div>\t\t\t\t\t<\/div>\r\n\t\t\t\t\t<div class=\"ctl-end\"><\/div>\r\n\t\t\t\t\t\t\t\t\t\t<!-- Each Timeline Style -->\r\n\t\t\t\t\t<style id=\"cool_timeline_1-styles\" type=\"text\/css\">\r\n\t\t\t\t\t\t.ctl-wrapper .cool-timeline-wrapper.ctl-vertical-wrapper.ctl-design-3 {--ctw-cbx-title-color: #666666;}\t\t\t\t\t\t\/* Specific Story Style Start *\/\/* Specific Story Style End *\/\t\t\t\t\t<\/style>\r\n\t\t\t\t\t\t\t\t\t\t<\/div>\r\n\t\t\t<\/div>\r\n\t\t\t<\/p>\n<style type=\"text\/css\">\n#foogallery-gallery-3058 .fg-image { width: 1020px; }\n#foogallery-gallery-3058 { --fg-gutter: 10px; }<\/style>\n\t\t\t<div class=\"foogallery foogallery-container foogallery-default foogallery-lightbox-foobox fg-center fg-default fg-ready fg-light fg-border-thin fg-shadow-outline fg-loading-default fg-loaded-fade-in fg-caption-hover fg-hover-fade fg-hover-zoom\" id=\"foogallery-gallery-3058\" data-foogallery=\"{&quot;item&quot;:{&quot;showCaptionTitle&quot;:true,&quot;showCaptionDescription&quot;:true},&quot;lazy&quot;:true}\" style=\"--fg-title-line-clamp: 0; --fg-description-line-clamp: 0;\" >\n\t<div class=\"fg-item fg-type-image fg-idle\"><figure class=\"fg-item-inner\"><a href=\"https:\/\/www.oekermann.de\/wp-content\/uploads\/2019\/07\/OEKERMANN-Pneumatische-Abwasserfoerderung-Firmengebaeude-in-Bielefeld.jpg\" data-attachment-id=\"3057\" data-type=\"image\" class=\"fg-thumb\"><span class=\"fg-image-wrap\"><img fetchpriority=\"high\" decoding=\"async\" alt=\"Unser Firmengeb\u00e4ude in Bielefeld - OEKERMANN Abwassertechnik\" width=\"1020\" height=\"596\" class=\"skip-lazy fg-image\" data-src-fg=\"https:\/\/www.oekermann.de\/wp-content\/uploads\/cache\/2019\/07\/OEKERMANN-Pneumatische-Abwasserfoerderung-Firmengebaeude-in-Bielefeld\/823726023.jpg\" src=\"data:image\/svg+xml,%3Csvg%20xmlns%3D%22http%3A%2F%2Fwww.w3.org%2F2000%2Fsvg%22%20width%3D%221020%22%20height%3D%22596%22%20viewBox%3D%220%200%201020%20596%22%3E%3C%2Fsvg%3E\" loading=\"eager\"><\/span><span class=\"fg-image-overlay\"><\/span><\/a><\/figure><div class=\"fg-loader\"><\/div><\/div><\/div>\n\n<\/section>\n","protected":false},"excerpt":{"rendered":"","protected":false},"author":2,"featured_media":0,"parent":5052,"menu_order":0,"comment_status":"closed","ping_status":"closed","template":"","meta":{"footnotes":""},"class_list":["post-5061","page","type-page","status-publish","hentry"],"yoast_head":"<!-- This site is optimized with the Yoast SEO plugin v27.4 - https:\/\/yoast.com\/product\/yoast-seo-wordpress\/ -->\n<title>M\u00e9rf\u00f6ldk\u00f6vek - Pneumatische F\u00f6rdertechnik - OEKERMANN Abwassertechnik<\/title>\n<meta name=\"robots\" content=\"index, follow, max-snippet:-1, max-image-preview:large, max-video-preview:-1\" \/>\n<link rel=\"canonical\" href=\"https:\/\/www.oekermann.de\/hu\/rolunk\/merfoldkovek\/\" \/>\n<meta property=\"og:locale\" content=\"hu_HU\" \/>\n<meta property=\"og:type\" content=\"article\" \/>\n<meta property=\"og:title\" content=\"M\u00e9rf\u00f6ldk\u00f6vek - Pneumatische F\u00f6rdertechnik - OEKERMANN Abwassertechnik\" \/>\n<meta property=\"og:url\" content=\"https:\/\/www.oekermann.de\/hu\/rolunk\/merfoldkovek\/\" \/>\n<meta property=\"og:site_name\" content=\"Pneumatische F\u00f6rdertechnik - OEKERMANN Abwassertechnik\" \/>\n<meta property=\"article:publisher\" content=\"https:\/\/www.facebook.com\/pages\/Oekermann-Abwassertechnik\/1007781205906685\" \/>\n<meta property=\"article:modified_time\" content=\"2025-12-14T13:51:10+00:00\" \/>\n<meta name=\"twitter:card\" content=\"summary_large_image\" \/>\n<meta name=\"twitter:site\" content=\"@Oekermann\" \/>\n<meta name=\"twitter:label1\" content=\"Est. reading time\" \/>\n\t<meta name=\"twitter:data1\" content=\"1 minute\" \/>\n<script type=\"application\/ld+json\" class=\"yoast-schema-graph\">{\"@context\":\"https:\\\/\\\/schema.org\",\"@graph\":[{\"@type\":\"WebPage\",\"@id\":\"https:\\\/\\\/www.oekermann.de\\\/hu\\\/rolunk\\\/merfoldkovek\\\/\",\"url\":\"https:\\\/\\\/www.oekermann.de\\\/hu\\\/rolunk\\\/merfoldkovek\\\/\",\"name\":\"M\u00e9rf\u00f6ldk\u00f6vek - Pneumatische F\u00f6rdertechnik - OEKERMANN Abwassertechnik\",\"isPartOf\":{\"@id\":\"https:\\\/\\\/www.oekermann.de\\\/#website\"},\"datePublished\":\"2019-05-21T12:57:47+00:00\",\"dateModified\":\"2025-12-14T13:51:10+00:00\",\"breadcrumb\":{\"@id\":\"https:\\\/\\\/www.oekermann.de\\\/hu\\\/rolunk\\\/merfoldkovek\\\/#breadcrumb\"},\"inLanguage\":\"hu-HU\",\"potentialAction\":[{\"@type\":\"ReadAction\",\"target\":[\"https:\\\/\\\/www.oekermann.de\\\/hu\\\/rolunk\\\/merfoldkovek\\\/\"]}]},{\"@type\":\"BreadcrumbList\",\"@id\":\"https:\\\/\\\/www.oekermann.de\\\/hu\\\/rolunk\\\/merfoldkovek\\\/#breadcrumb\",\"itemListElement\":[{\"@type\":\"ListItem\",\"position\":1,\"name\":\"Startseite\",\"item\":\"https:\\\/\\\/www.oekermann.de\\\/hu\\\/\"},{\"@type\":\"ListItem\",\"position\":2,\"name\":\"R\u00f3lunk\",\"item\":\"https:\\\/\\\/www.oekermann.de\\\/hu\\\/rolunk\\\/\"},{\"@type\":\"ListItem\",\"position\":3,\"name\":\"M\u00e9rf\u00f6ldk\u00f6vek\"}]},{\"@type\":\"WebSite\",\"@id\":\"https:\\\/\\\/www.oekermann.de\\\/#website\",\"url\":\"https:\\\/\\\/www.oekermann.de\\\/\",\"name\":\"Pneumatische F\u00f6rdertechnik - OEKERMANN Abwassertechnik\",\"description\":\"\",\"potentialAction\":[{\"@type\":\"SearchAction\",\"target\":{\"@type\":\"EntryPoint\",\"urlTemplate\":\"https:\\\/\\\/www.oekermann.de\\\/?s={search_term_string}\"},\"query-input\":{\"@type\":\"PropertyValueSpecification\",\"valueRequired\":true,\"valueName\":\"search_term_string\"}}],\"inLanguage\":\"hu-HU\"}]}<\/script>\n<!-- \/ Yoast SEO plugin. -->","yoast_head_json":{"title":"M\u00e9rf\u00f6ldk\u00f6vek - Pneumatische F\u00f6rdertechnik - OEKERMANN Abwassertechnik","robots":{"index":"index","follow":"follow","max-snippet":"max-snippet:-1","max-image-preview":"max-image-preview:large","max-video-preview":"max-video-preview:-1"},"canonical":"https:\/\/www.oekermann.de\/hu\/rolunk\/merfoldkovek\/","og_locale":"hu_HU","og_type":"article","og_title":"M\u00e9rf\u00f6ldk\u00f6vek - Pneumatische F\u00f6rdertechnik - OEKERMANN Abwassertechnik","og_url":"https:\/\/www.oekermann.de\/hu\/rolunk\/merfoldkovek\/","og_site_name":"Pneumatische F\u00f6rdertechnik - OEKERMANN Abwassertechnik","article_publisher":"https:\/\/www.facebook.com\/pages\/Oekermann-Abwassertechnik\/1007781205906685","article_modified_time":"2025-12-14T13:51:10+00:00","twitter_card":"summary_large_image","twitter_site":"@Oekermann","twitter_misc":{"Est. reading time":"1 minute"},"schema":{"@context":"https:\/\/schema.org","@graph":[{"@type":"WebPage","@id":"https:\/\/www.oekermann.de\/hu\/rolunk\/merfoldkovek\/","url":"https:\/\/www.oekermann.de\/hu\/rolunk\/merfoldkovek\/","name":"M\u00e9rf\u00f6ldk\u00f6vek - Pneumatische F\u00f6rdertechnik - OEKERMANN Abwassertechnik","isPartOf":{"@id":"https:\/\/www.oekermann.de\/#website"},"datePublished":"2019-05-21T12:57:47+00:00","dateModified":"2025-12-14T13:51:10+00:00","breadcrumb":{"@id":"https:\/\/www.oekermann.de\/hu\/rolunk\/merfoldkovek\/#breadcrumb"},"inLanguage":"hu-HU","potentialAction":[{"@type":"ReadAction","target":["https:\/\/www.oekermann.de\/hu\/rolunk\/merfoldkovek\/"]}]},{"@type":"BreadcrumbList","@id":"https:\/\/www.oekermann.de\/hu\/rolunk\/merfoldkovek\/#breadcrumb","itemListElement":[{"@type":"ListItem","position":1,"name":"Startseite","item":"https:\/\/www.oekermann.de\/hu\/"},{"@type":"ListItem","position":2,"name":"R\u00f3lunk","item":"https:\/\/www.oekermann.de\/hu\/rolunk\/"},{"@type":"ListItem","position":3,"name":"M\u00e9rf\u00f6ldk\u00f6vek"}]},{"@type":"WebSite","@id":"https:\/\/www.oekermann.de\/#website","url":"https:\/\/www.oekermann.de\/","name":"Pneumatische F\u00f6rdertechnik - OEKERMANN Abwassertechnik","description":"","potentialAction":[{"@type":"SearchAction","target":{"@type":"EntryPoint","urlTemplate":"https:\/\/www.oekermann.de\/?s={search_term_string}"},"query-input":{"@type":"PropertyValueSpecification","valueRequired":true,"valueName":"search_term_string"}}],"inLanguage":"hu-HU"}]}},"_links":{"self":[{"href":"https:\/\/www.oekermann.de\/hu\/wp-json\/wp\/v2\/pages\/5061","targetHints":{"allow":["GET"]}}],"collection":[{"href":"https:\/\/www.oekermann.de\/hu\/wp-json\/wp\/v2\/pages"}],"about":[{"href":"https:\/\/www.oekermann.de\/hu\/wp-json\/wp\/v2\/types\/page"}],"author":[{"embeddable":true,"href":"https:\/\/www.oekermann.de\/hu\/wp-json\/wp\/v2\/users\/2"}],"replies":[{"embeddable":true,"href":"https:\/\/www.oekermann.de\/hu\/wp-json\/wp\/v2\/comments?post=5061"}],"version-history":[{"count":3,"href":"https:\/\/www.oekermann.de\/hu\/wp-json\/wp\/v2\/pages\/5061\/revisions"}],"predecessor-version":[{"id":5401,"href":"https:\/\/www.oekermann.de\/hu\/wp-json\/wp\/v2\/pages\/5061\/revisions\/5401"}],"up":[{"embeddable":true,"href":"https:\/\/www.oekermann.de\/hu\/wp-json\/wp\/v2\/pages\/5052"}],"wp:attachment":[{"href":"https:\/\/www.oekermann.de\/hu\/wp-json\/wp\/v2\/media?parent=5061"}],"curies":[{"name":"wp","href":"https:\/\/api.w.org\/{rel}","templated":true}]}}