{"id":5062,"date":"2022-06-24T00:31:40","date_gmt":"2022-06-23T22:31:40","guid":{"rendered":"https:\/\/www.oekermann.de\/?page_id=5062"},"modified":"2025-06-11T14:53:12","modified_gmt":"2025-06-11T12:53:12","slug":"helyszini-szerelok","status":"publish","type":"page","link":"https:\/\/www.oekermann.de\/hu\/rolunk\/helyszini-szerelok\/","title":{"rendered":"Helysz\u00edni szerel\u0151k"},"content":{"rendered":"<p>Az egyes szivatty\u00fatelepekre val\u00f3 utaz\u00e1sok alkalm\u00e1val az ember megismeri a ter\u00fcletet \u00e9s az embereket. Az \u00e9rdekes \u00e9s sokoldal\u00fa technika mellett ez is egy ok a helysz\u00edni szerel\u0151i munka v\u00e9gz\u00e9s\u00e9re.<\/p>\n<p>\u00cdgy az OEKERMANN szerel\u0151i k\u00f6z\u00fcl n\u00e9h\u00e1ny id\u0151k\u00f6zben m\u00e1r igaz\u00e1n j\u00f3l besz\u00e9lik a bajor nyelvet is, legal\u00e1bbis r\u00e9szben, \u00e9s bar\u00e1tokkal egy\u00fctt \u00e9lvezik a region\u00e1lis specialit\u00e1sokat, ha egy vid\u00e9ki vend\u00e9gh\u00e1zban t\u00f6ltik az \u00e9jszak\u00e1t. K\u00fcl\u00f6n\u00f6sen kedvelt \u00e9telek pl. a sajtos nokedli, a sert\u00e9ss\u00fclt galusk\u00e1val \u00e9s a fav\u00e1g\u00f3 steak. Ez kellemes v\u00e1ltozatoss\u00e1got jelent a kelet-vesztf\u00e1liai konyh\u00e1hoz k\u00e9pest, akkor is, ha annak is van n\u00e9h\u00e1ny finoms\u00e1g a tarsoly\u00e1ban.<\/p>\n<p>Mivel az OEKERMANN szennyv\u00edzszivatty\u00fa-telepei gyakran kis falvakban tal\u00e1lhat\u00f3k, a szerel\u0151ket ott \u00e9rdekl\u0151dve k\u00e9rdezik meg est\u00e9nk\u00e9nt a lok\u00e1lban, hogy mit is csin\u00e1lnak arrafel\u00e9 &#8211; vagy a helyi lakosok nap k\u00f6zben k\u00f6zvetlen\u00fcl a szivatty\u00fatelepre j\u00f6nnek t\u00e1j\u00e9koz\u00f3dni.<\/p>\n<p>A kultur\u00e1lis \u00e9letet sem kell elhanyagolni. Est\u00e9nk\u00e9nt gyakran van lehet\u0151s\u00e9g a helyi l\u00e1tnival\u00f3k megismer\u00e9s\u00e9re.<\/p>\n<p><img loading=\"lazy\" decoding=\"async\" class=\"img-1\" src=\"https:\/\/www.oekermann.de\/wp-content\/uploads\/2018\/02\/1973-Hochbauteil-20160803_191953-3.8.2016.jpg\" alt=\"\" width=\"1066\" height=\"600\" \/><\/p>\n","protected":false},"excerpt":{"rendered":"<p>Az egyes szivatty\u00fatelepekre val\u00f3 utaz\u00e1sok alkalm\u00e1val az ember megismeri a ter\u00fcletet \u00e9s az embereket. Az \u00e9rdekes \u00e9s sokoldal\u00fa technika mellett ez is egy ok a helysz\u00edni szerel\u0151i munka v\u00e9gz\u00e9s\u00e9re. \u00cdgy az OEKERMANN szerel\u0151i k\u00f6z\u00fcl n\u00e9h\u00e1ny id\u0151k\u00f6zben m\u00e1r igaz\u00e1n j\u00f3l besz\u00e9lik a bajor nyelvet is, legal\u00e1bbis r\u00e9szben, \u00e9s bar\u00e1tokkal egy\u00fctt \u00e9lvezik a region\u00e1lis specialit\u00e1sokat, ha egy<\/p>\n<p class=\"link-more\"><a href=\"https:\/\/www.oekermann.de\/hu\/rolunk\/helyszini-szerelok\/\" class=\"envor-btn\">Weiterlesen<span class=\"screen-reader-text\"> &#8220;Helysz\u00edni szerel\u0151k&#8221;<\/span><\/a><\/p>\n","protected":false},"author":1,"featured_media":0,"parent":5052,"menu_order":0,"comment_status":"closed","ping_status":"closed","template":"","meta":{"footnotes":""},"class_list":["post-5062","page","type-page","status-publish","hentry"],"yoast_head":"<!-- This site is optimized with the Yoast SEO plugin v27.4 - https:\/\/yoast.com\/product\/yoast-seo-wordpress\/ -->\n<title>Helysz\u00edni szerel\u0151k - Pneumatische F\u00f6rdertechnik - OEKERMANN Abwassertechnik<\/title>\n<meta name=\"robots\" content=\"index, follow, max-snippet:-1, max-image-preview:large, max-video-preview:-1\" \/>\n<link rel=\"canonical\" href=\"https:\/\/www.oekermann.de\/hu\/rolunk\/helyszini-szerelok\/\" \/>\n<meta property=\"og:locale\" content=\"hu_HU\" \/>\n<meta property=\"og:type\" content=\"article\" \/>\n<meta property=\"og:title\" content=\"Helysz\u00edni szerel\u0151k - Pneumatische F\u00f6rdertechnik - OEKERMANN Abwassertechnik\" \/>\n<meta property=\"og:description\" content=\"Az egyes szivatty\u00fatelepekre val\u00f3 utaz\u00e1sok alkalm\u00e1val az ember megismeri a ter\u00fcletet \u00e9s az embereket. Az \u00e9rdekes \u00e9s sokoldal\u00fa technika mellett ez is egy ok a helysz\u00edni szerel\u0151i munka v\u00e9gz\u00e9s\u00e9re. \u00cdgy az OEKERMANN szerel\u0151i k\u00f6z\u00fcl n\u00e9h\u00e1ny id\u0151k\u00f6zben m\u00e1r igaz\u00e1n j\u00f3l besz\u00e9lik a bajor nyelvet is, legal\u00e1bbis r\u00e9szben, \u00e9s bar\u00e1tokkal egy\u00fctt \u00e9lvezik a region\u00e1lis specialit\u00e1sokat, ha egyWeiterlesen &quot;Helysz\u00edni szerel\u0151k&quot;\" \/>\n<meta property=\"og:url\" content=\"https:\/\/www.oekermann.de\/hu\/rolunk\/helyszini-szerelok\/\" \/>\n<meta property=\"og:site_name\" content=\"Pneumatische F\u00f6rdertechnik - OEKERMANN Abwassertechnik\" \/>\n<meta property=\"article:publisher\" content=\"https:\/\/www.facebook.com\/pages\/Oekermann-Abwassertechnik\/1007781205906685\" \/>\n<meta property=\"article:modified_time\" content=\"2025-06-11T12:53:12+00:00\" \/>\n<meta property=\"og:image\" content=\"https:\/\/www.oekermann.de\/wp-content\/uploads\/2018\/02\/1973-Hochbauteil-20160803_191953-3.8.2016.jpg\" \/>\n<meta name=\"twitter:card\" content=\"summary_large_image\" \/>\n<meta name=\"twitter:site\" content=\"@Oekermann\" \/>\n<meta name=\"twitter:label1\" content=\"Est. reading time\" \/>\n\t<meta name=\"twitter:data1\" content=\"1 minute\" \/>\n<script type=\"application\/ld+json\" class=\"yoast-schema-graph\">{\"@context\":\"https:\\\/\\\/schema.org\",\"@graph\":[{\"@type\":\"WebPage\",\"@id\":\"https:\\\/\\\/www.oekermann.de\\\/hu\\\/rolunk\\\/helyszini-szerelok\\\/\",\"url\":\"https:\\\/\\\/www.oekermann.de\\\/hu\\\/rolunk\\\/helyszini-szerelok\\\/\",\"name\":\"Helysz\u00edni szerel\u0151k - Pneumatische F\u00f6rdertechnik - OEKERMANN Abwassertechnik\",\"isPartOf\":{\"@id\":\"https:\\\/\\\/www.oekermann.de\\\/#website\"},\"primaryImageOfPage\":{\"@id\":\"https:\\\/\\\/www.oekermann.de\\\/hu\\\/rolunk\\\/helyszini-szerelok\\\/#primaryimage\"},\"image\":{\"@id\":\"https:\\\/\\\/www.oekermann.de\\\/hu\\\/rolunk\\\/helyszini-szerelok\\\/#primaryimage\"},\"thumbnailUrl\":\"https:\\\/\\\/www.oekermann.de\\\/wp-content\\\/uploads\\\/2018\\\/02\\\/1973-Hochbauteil-20160803_191953-3.8.2016.jpg\",\"datePublished\":\"2022-06-23T22:31:40+00:00\",\"dateModified\":\"2025-06-11T12:53:12+00:00\",\"breadcrumb\":{\"@id\":\"https:\\\/\\\/www.oekermann.de\\\/hu\\\/rolunk\\\/helyszini-szerelok\\\/#breadcrumb\"},\"inLanguage\":\"hu-HU\",\"potentialAction\":[{\"@type\":\"ReadAction\",\"target\":[\"https:\\\/\\\/www.oekermann.de\\\/hu\\\/rolunk\\\/helyszini-szerelok\\\/\"]}]},{\"@type\":\"ImageObject\",\"inLanguage\":\"hu-HU\",\"@id\":\"https:\\\/\\\/www.oekermann.de\\\/hu\\\/rolunk\\\/helyszini-szerelok\\\/#primaryimage\",\"url\":\"https:\\\/\\\/www.oekermann.de\\\/wp-content\\\/uploads\\\/2018\\\/02\\\/1973-Hochbauteil-20160803_191953-3.8.2016.jpg\",\"contentUrl\":\"https:\\\/\\\/www.oekermann.de\\\/wp-content\\\/uploads\\\/2018\\\/02\\\/1973-Hochbauteil-20160803_191953-3.8.2016.jpg\"},{\"@type\":\"BreadcrumbList\",\"@id\":\"https:\\\/\\\/www.oekermann.de\\\/hu\\\/rolunk\\\/helyszini-szerelok\\\/#breadcrumb\",\"itemListElement\":[{\"@type\":\"ListItem\",\"position\":1,\"name\":\"Startseite\",\"item\":\"https:\\\/\\\/www.oekermann.de\\\/hu\\\/\"},{\"@type\":\"ListItem\",\"position\":2,\"name\":\"R\u00f3lunk\",\"item\":\"https:\\\/\\\/www.oekermann.de\\\/hu\\\/rolunk\\\/\"},{\"@type\":\"ListItem\",\"position\":3,\"name\":\"Helysz\u00edni szerel\u0151k\"}]},{\"@type\":\"WebSite\",\"@id\":\"https:\\\/\\\/www.oekermann.de\\\/#website\",\"url\":\"https:\\\/\\\/www.oekermann.de\\\/\",\"name\":\"Pneumatische F\u00f6rdertechnik - OEKERMANN Abwassertechnik\",\"description\":\"\",\"potentialAction\":[{\"@type\":\"SearchAction\",\"target\":{\"@type\":\"EntryPoint\",\"urlTemplate\":\"https:\\\/\\\/www.oekermann.de\\\/?s={search_term_string}\"},\"query-input\":{\"@type\":\"PropertyValueSpecification\",\"valueRequired\":true,\"valueName\":\"search_term_string\"}}],\"inLanguage\":\"hu-HU\"}]}<\/script>\n<!-- \/ Yoast SEO plugin. -->","yoast_head_json":{"title":"Helysz\u00edni szerel\u0151k - Pneumatische F\u00f6rdertechnik - OEKERMANN Abwassertechnik","robots":{"index":"index","follow":"follow","max-snippet":"max-snippet:-1","max-image-preview":"max-image-preview:large","max-video-preview":"max-video-preview:-1"},"canonical":"https:\/\/www.oekermann.de\/hu\/rolunk\/helyszini-szerelok\/","og_locale":"hu_HU","og_type":"article","og_title":"Helysz\u00edni szerel\u0151k - Pneumatische F\u00f6rdertechnik - OEKERMANN Abwassertechnik","og_description":"Az egyes szivatty\u00fatelepekre val\u00f3 utaz\u00e1sok alkalm\u00e1val az ember megismeri a ter\u00fcletet \u00e9s az embereket. Az \u00e9rdekes \u00e9s sokoldal\u00fa technika mellett ez is egy ok a helysz\u00edni szerel\u0151i munka v\u00e9gz\u00e9s\u00e9re. \u00cdgy az OEKERMANN szerel\u0151i k\u00f6z\u00fcl n\u00e9h\u00e1ny id\u0151k\u00f6zben m\u00e1r igaz\u00e1n j\u00f3l besz\u00e9lik a bajor nyelvet is, legal\u00e1bbis r\u00e9szben, \u00e9s bar\u00e1tokkal egy\u00fctt \u00e9lvezik a region\u00e1lis specialit\u00e1sokat, ha egyWeiterlesen \"Helysz\u00edni szerel\u0151k\"","og_url":"https:\/\/www.oekermann.de\/hu\/rolunk\/helyszini-szerelok\/","og_site_name":"Pneumatische F\u00f6rdertechnik - OEKERMANN Abwassertechnik","article_publisher":"https:\/\/www.facebook.com\/pages\/Oekermann-Abwassertechnik\/1007781205906685","article_modified_time":"2025-06-11T12:53:12+00:00","og_image":[{"url":"https:\/\/www.oekermann.de\/wp-content\/uploads\/2018\/02\/1973-Hochbauteil-20160803_191953-3.8.2016.jpg","type":"","width":"","height":""}],"twitter_card":"summary_large_image","twitter_site":"@Oekermann","twitter_misc":{"Est. reading time":"1 minute"},"schema":{"@context":"https:\/\/schema.org","@graph":[{"@type":"WebPage","@id":"https:\/\/www.oekermann.de\/hu\/rolunk\/helyszini-szerelok\/","url":"https:\/\/www.oekermann.de\/hu\/rolunk\/helyszini-szerelok\/","name":"Helysz\u00edni szerel\u0151k - Pneumatische F\u00f6rdertechnik - OEKERMANN Abwassertechnik","isPartOf":{"@id":"https:\/\/www.oekermann.de\/#website"},"primaryImageOfPage":{"@id":"https:\/\/www.oekermann.de\/hu\/rolunk\/helyszini-szerelok\/#primaryimage"},"image":{"@id":"https:\/\/www.oekermann.de\/hu\/rolunk\/helyszini-szerelok\/#primaryimage"},"thumbnailUrl":"https:\/\/www.oekermann.de\/wp-content\/uploads\/2018\/02\/1973-Hochbauteil-20160803_191953-3.8.2016.jpg","datePublished":"2022-06-23T22:31:40+00:00","dateModified":"2025-06-11T12:53:12+00:00","breadcrumb":{"@id":"https:\/\/www.oekermann.de\/hu\/rolunk\/helyszini-szerelok\/#breadcrumb"},"inLanguage":"hu-HU","potentialAction":[{"@type":"ReadAction","target":["https:\/\/www.oekermann.de\/hu\/rolunk\/helyszini-szerelok\/"]}]},{"@type":"ImageObject","inLanguage":"hu-HU","@id":"https:\/\/www.oekermann.de\/hu\/rolunk\/helyszini-szerelok\/#primaryimage","url":"https:\/\/www.oekermann.de\/wp-content\/uploads\/2018\/02\/1973-Hochbauteil-20160803_191953-3.8.2016.jpg","contentUrl":"https:\/\/www.oekermann.de\/wp-content\/uploads\/2018\/02\/1973-Hochbauteil-20160803_191953-3.8.2016.jpg"},{"@type":"BreadcrumbList","@id":"https:\/\/www.oekermann.de\/hu\/rolunk\/helyszini-szerelok\/#breadcrumb","itemListElement":[{"@type":"ListItem","position":1,"name":"Startseite","item":"https:\/\/www.oekermann.de\/hu\/"},{"@type":"ListItem","position":2,"name":"R\u00f3lunk","item":"https:\/\/www.oekermann.de\/hu\/rolunk\/"},{"@type":"ListItem","position":3,"name":"Helysz\u00edni szerel\u0151k"}]},{"@type":"WebSite","@id":"https:\/\/www.oekermann.de\/#website","url":"https:\/\/www.oekermann.de\/","name":"Pneumatische F\u00f6rdertechnik - OEKERMANN Abwassertechnik","description":"","potentialAction":[{"@type":"SearchAction","target":{"@type":"EntryPoint","urlTemplate":"https:\/\/www.oekermann.de\/?s={search_term_string}"},"query-input":{"@type":"PropertyValueSpecification","valueRequired":true,"valueName":"search_term_string"}}],"inLanguage":"hu-HU"}]}},"_links":{"self":[{"href":"https:\/\/www.oekermann.de\/hu\/wp-json\/wp\/v2\/pages\/5062","targetHints":{"allow":["GET"]}}],"collection":[{"href":"https:\/\/www.oekermann.de\/hu\/wp-json\/wp\/v2\/pages"}],"about":[{"href":"https:\/\/www.oekermann.de\/hu\/wp-json\/wp\/v2\/types\/page"}],"author":[{"embeddable":true,"href":"https:\/\/www.oekermann.de\/hu\/wp-json\/wp\/v2\/users\/1"}],"replies":[{"embeddable":true,"href":"https:\/\/www.oekermann.de\/hu\/wp-json\/wp\/v2\/comments?post=5062"}],"version-history":[{"count":1,"href":"https:\/\/www.oekermann.de\/hu\/wp-json\/wp\/v2\/pages\/5062\/revisions"}],"predecessor-version":[{"id":5161,"href":"https:\/\/www.oekermann.de\/hu\/wp-json\/wp\/v2\/pages\/5062\/revisions\/5161"}],"up":[{"embeddable":true,"href":"https:\/\/www.oekermann.de\/hu\/wp-json\/wp\/v2\/pages\/5052"}],"wp:attachment":[{"href":"https:\/\/www.oekermann.de\/hu\/wp-json\/wp\/v2\/media?parent=5062"}],"curies":[{"name":"wp","href":"https:\/\/api.w.org\/{rel}","templated":true}]}}