{"id":5067,"date":"2022-06-24T00:36:42","date_gmt":"2022-06-23T22:36:42","guid":{"rendered":"https:\/\/www.oekermann.de\/?page_id=5067"},"modified":"2025-06-11T14:53:12","modified_gmt":"2025-06-11T12:53:12","slug":"karrier-az-oekermann-nal","status":"publish","type":"page","link":"https:\/\/www.oekermann.de\/hu\/rolunk\/karrier-az-oekermann-nal\/","title":{"rendered":"Karrier az OEKERMANN-n\u00e1l?"},"content":{"rendered":"<p>Manaps\u00e1g sokat hallunk \u00e9s olvasunk r\u00f6vid munkaviszonyokr\u00f3l, a munkav\u00e1llal\u00f3k gyakori munkahelyv\u00e1lt\u00e1sair\u00f3l, valamint sokat a \u201emunkahely\u201d kifejez\u00e9sr\u0151l.<\/p>\n<p>A munkat\u00e1rsaink \u00fczem\u00fcnkben v\u00e9gzett tev\u00e9kenys\u00e9g\u00e9t t\u00f6bbnek tekintj\u00fck puszta munk\u00e1n\u00e1l. Ez nemcsak egy egyszeri feladat vagy rutinszer\u0171en v\u00e9grehajtott visszat\u00e9r\u0151 munka, hanem egy \u00e9rdekes \u00e9s sokr\u00e9t\u0171 szakmai ter\u00fclet, ami naponta \u00faj kih\u00edv\u00e1sokkal j\u00e1r. Ez\u00e9rt a n\u00e1lunk v\u00e9gzett tev\u00e9kenys\u00e9gek eset\u00e9ben megfelel\u0151bbnek tartjuk a \u201ehivat\u00e1s\u201d elnevez\u00e9st. Alkalmazottaink legt\u00f6bbje mechatronikus vagy olyan hasonl\u00f3 jelleg\u0171 foglalkoz\u00e1s\u00fa, ami lakatos \u00e9s villamoss\u00e1gi\/elektronikai ismereteket foglal mag\u00e1ban.<\/p>\n<p>\u00cdgy n\u00e1lunk szokv\u00e1nyos volt \u00e9s az is, ha a munkat\u00e1rsak hosszabb ideig \u2013 ak\u00e1r \u00e9vtizedekig is \u2013 n\u00e1lunk maradnak. \u00cdgy 2014-ben egy dolgoz\u00f3nkat a n\u00e1lunk t\u00f6rt\u00e9nt t\u00f6bb, mint h\u00e1rom \u00e9vtizednyi munkav\u00e9gz\u00e9s ut\u00e1n bocs\u00e1thattuk nyugd\u00edjba. Jelenleg k\u00e9t munkat\u00e1rsunkat foglalkoztatjuk t\u00f6bb, mint 35, ill. 30 \u00e9ve.<\/p>\n<p>Amennyiben \u00d6nnek van \u00e9rz\u00e9ke k\u00e9zm\u0171ves tev\u00e9kenys\u00e9gek v\u00e9gz\u00e9s\u00e9hez \u00e9s \u00e9rdekl\u0151d\u0151, valamint mechatronikai, kompresszor- vagy szanitertechnikai vagy hasonl\u00f3 ter\u00fcletr\u0151l \u00e9rkezik, \u00e9s el tudja k\u00e9pezni, hogy n\u00e1lunk v\u00e9gezzen tev\u00e9kenys\u00e9get, biztos lehet benne, hogy mi hossz\u00fa t\u00e1v\u00fa egy\u00fcttm\u0171k\u00f6d\u00e9sben vagyunk \u00e9rdekeltek. \u00d6r\u00f6mmel v\u00e1rjuk p\u00e1ly\u00e1zat\u00e1t!<\/p>\n","protected":false},"excerpt":{"rendered":"<p>Manaps\u00e1g sokat hallunk \u00e9s olvasunk r\u00f6vid munkaviszonyokr\u00f3l, a munkav\u00e1llal\u00f3k gyakori munkahelyv\u00e1lt\u00e1sair\u00f3l, valamint sokat a \u201emunkahely\u201d kifejez\u00e9sr\u0151l. A munkat\u00e1rsaink \u00fczem\u00fcnkben v\u00e9gzett tev\u00e9kenys\u00e9g\u00e9t t\u00f6bbnek tekintj\u00fck puszta munk\u00e1n\u00e1l. Ez nemcsak egy egyszeri feladat vagy rutinszer\u0171en v\u00e9grehajtott visszat\u00e9r\u0151 munka, hanem egy \u00e9rdekes \u00e9s sokr\u00e9t\u0171 szakmai ter\u00fclet, ami naponta \u00faj kih\u00edv\u00e1sokkal j\u00e1r. Ez\u00e9rt a n\u00e1lunk v\u00e9gzett tev\u00e9kenys\u00e9gek eset\u00e9ben megfelel\u0151bbnek tartjuk<\/p>\n<p class=\"link-more\"><a href=\"https:\/\/www.oekermann.de\/hu\/rolunk\/karrier-az-oekermann-nal\/\" class=\"envor-btn\">Weiterlesen<span class=\"screen-reader-text\"> &#8220;Karrier az OEKERMANN-n\u00e1l?&#8221;<\/span><\/a><\/p>\n","protected":false},"author":1,"featured_media":0,"parent":5052,"menu_order":0,"comment_status":"closed","ping_status":"closed","template":"","meta":{"footnotes":""},"class_list":["post-5067","page","type-page","status-publish","hentry"],"yoast_head":"<!-- This site is optimized with the Yoast SEO plugin v27.4 - https:\/\/yoast.com\/product\/yoast-seo-wordpress\/ -->\n<title>Karrier az OEKERMANN-n\u00e1l? - Pneumatische F\u00f6rdertechnik - OEKERMANN Abwassertechnik<\/title>\n<meta name=\"robots\" content=\"index, follow, max-snippet:-1, max-image-preview:large, max-video-preview:-1\" \/>\n<link rel=\"canonical\" href=\"https:\/\/www.oekermann.de\/hu\/rolunk\/karrier-az-oekermann-nal\/\" \/>\n<meta property=\"og:locale\" content=\"hu_HU\" \/>\n<meta property=\"og:type\" content=\"article\" \/>\n<meta property=\"og:title\" content=\"Karrier az OEKERMANN-n\u00e1l? - Pneumatische F\u00f6rdertechnik - OEKERMANN Abwassertechnik\" \/>\n<meta property=\"og:description\" content=\"Manaps\u00e1g sokat hallunk \u00e9s olvasunk r\u00f6vid munkaviszonyokr\u00f3l, a munkav\u00e1llal\u00f3k gyakori munkahelyv\u00e1lt\u00e1sair\u00f3l, valamint sokat a \u201emunkahely\u201d kifejez\u00e9sr\u0151l. A munkat\u00e1rsaink \u00fczem\u00fcnkben v\u00e9gzett tev\u00e9kenys\u00e9g\u00e9t t\u00f6bbnek tekintj\u00fck puszta munk\u00e1n\u00e1l. Ez nemcsak egy egyszeri feladat vagy rutinszer\u0171en v\u00e9grehajtott visszat\u00e9r\u0151 munka, hanem egy \u00e9rdekes \u00e9s sokr\u00e9t\u0171 szakmai ter\u00fclet, ami naponta \u00faj kih\u00edv\u00e1sokkal j\u00e1r. Ez\u00e9rt a n\u00e1lunk v\u00e9gzett tev\u00e9kenys\u00e9gek eset\u00e9ben megfelel\u0151bbnek tartjukWeiterlesen &quot;Karrier az OEKERMANN-n\u00e1l?&quot;\" \/>\n<meta property=\"og:url\" content=\"https:\/\/www.oekermann.de\/hu\/rolunk\/karrier-az-oekermann-nal\/\" \/>\n<meta property=\"og:site_name\" content=\"Pneumatische F\u00f6rdertechnik - OEKERMANN Abwassertechnik\" \/>\n<meta property=\"article:publisher\" content=\"https:\/\/www.facebook.com\/pages\/Oekermann-Abwassertechnik\/1007781205906685\" \/>\n<meta property=\"article:modified_time\" content=\"2025-06-11T12:53:12+00:00\" \/>\n<meta name=\"twitter:card\" content=\"summary_large_image\" \/>\n<meta name=\"twitter:site\" content=\"@Oekermann\" \/>\n<meta name=\"twitter:label1\" content=\"Est. reading time\" \/>\n\t<meta name=\"twitter:data1\" content=\"1 minute\" \/>\n<script type=\"application\/ld+json\" class=\"yoast-schema-graph\">{\"@context\":\"https:\\\/\\\/schema.org\",\"@graph\":[{\"@type\":\"WebPage\",\"@id\":\"https:\\\/\\\/www.oekermann.de\\\/hu\\\/rolunk\\\/karrier-az-oekermann-nal\\\/\",\"url\":\"https:\\\/\\\/www.oekermann.de\\\/hu\\\/rolunk\\\/karrier-az-oekermann-nal\\\/\",\"name\":\"Karrier az OEKERMANN-n\u00e1l? - Pneumatische F\u00f6rdertechnik - OEKERMANN Abwassertechnik\",\"isPartOf\":{\"@id\":\"https:\\\/\\\/www.oekermann.de\\\/#website\"},\"datePublished\":\"2022-06-23T22:36:42+00:00\",\"dateModified\":\"2025-06-11T12:53:12+00:00\",\"breadcrumb\":{\"@id\":\"https:\\\/\\\/www.oekermann.de\\\/hu\\\/rolunk\\\/karrier-az-oekermann-nal\\\/#breadcrumb\"},\"inLanguage\":\"hu-HU\",\"potentialAction\":[{\"@type\":\"ReadAction\",\"target\":[\"https:\\\/\\\/www.oekermann.de\\\/hu\\\/rolunk\\\/karrier-az-oekermann-nal\\\/\"]}]},{\"@type\":\"BreadcrumbList\",\"@id\":\"https:\\\/\\\/www.oekermann.de\\\/hu\\\/rolunk\\\/karrier-az-oekermann-nal\\\/#breadcrumb\",\"itemListElement\":[{\"@type\":\"ListItem\",\"position\":1,\"name\":\"Startseite\",\"item\":\"https:\\\/\\\/www.oekermann.de\\\/hu\\\/\"},{\"@type\":\"ListItem\",\"position\":2,\"name\":\"R\u00f3lunk\",\"item\":\"https:\\\/\\\/www.oekermann.de\\\/hu\\\/rolunk\\\/\"},{\"@type\":\"ListItem\",\"position\":3,\"name\":\"Karrier az OEKERMANN-n\u00e1l?\"}]},{\"@type\":\"WebSite\",\"@id\":\"https:\\\/\\\/www.oekermann.de\\\/#website\",\"url\":\"https:\\\/\\\/www.oekermann.de\\\/\",\"name\":\"Pneumatische F\u00f6rdertechnik - OEKERMANN Abwassertechnik\",\"description\":\"\",\"potentialAction\":[{\"@type\":\"SearchAction\",\"target\":{\"@type\":\"EntryPoint\",\"urlTemplate\":\"https:\\\/\\\/www.oekermann.de\\\/?s={search_term_string}\"},\"query-input\":{\"@type\":\"PropertyValueSpecification\",\"valueRequired\":true,\"valueName\":\"search_term_string\"}}],\"inLanguage\":\"hu-HU\"}]}<\/script>\n<!-- \/ Yoast SEO plugin. -->","yoast_head_json":{"title":"Karrier az OEKERMANN-n\u00e1l? - Pneumatische F\u00f6rdertechnik - OEKERMANN Abwassertechnik","robots":{"index":"index","follow":"follow","max-snippet":"max-snippet:-1","max-image-preview":"max-image-preview:large","max-video-preview":"max-video-preview:-1"},"canonical":"https:\/\/www.oekermann.de\/hu\/rolunk\/karrier-az-oekermann-nal\/","og_locale":"hu_HU","og_type":"article","og_title":"Karrier az OEKERMANN-n\u00e1l? - Pneumatische F\u00f6rdertechnik - OEKERMANN Abwassertechnik","og_description":"Manaps\u00e1g sokat hallunk \u00e9s olvasunk r\u00f6vid munkaviszonyokr\u00f3l, a munkav\u00e1llal\u00f3k gyakori munkahelyv\u00e1lt\u00e1sair\u00f3l, valamint sokat a \u201emunkahely\u201d kifejez\u00e9sr\u0151l. A munkat\u00e1rsaink \u00fczem\u00fcnkben v\u00e9gzett tev\u00e9kenys\u00e9g\u00e9t t\u00f6bbnek tekintj\u00fck puszta munk\u00e1n\u00e1l. Ez nemcsak egy egyszeri feladat vagy rutinszer\u0171en v\u00e9grehajtott visszat\u00e9r\u0151 munka, hanem egy \u00e9rdekes \u00e9s sokr\u00e9t\u0171 szakmai ter\u00fclet, ami naponta \u00faj kih\u00edv\u00e1sokkal j\u00e1r. Ez\u00e9rt a n\u00e1lunk v\u00e9gzett tev\u00e9kenys\u00e9gek eset\u00e9ben megfelel\u0151bbnek tartjukWeiterlesen \"Karrier az OEKERMANN-n\u00e1l?\"","og_url":"https:\/\/www.oekermann.de\/hu\/rolunk\/karrier-az-oekermann-nal\/","og_site_name":"Pneumatische F\u00f6rdertechnik - OEKERMANN Abwassertechnik","article_publisher":"https:\/\/www.facebook.com\/pages\/Oekermann-Abwassertechnik\/1007781205906685","article_modified_time":"2025-06-11T12:53:12+00:00","twitter_card":"summary_large_image","twitter_site":"@Oekermann","twitter_misc":{"Est. reading time":"1 minute"},"schema":{"@context":"https:\/\/schema.org","@graph":[{"@type":"WebPage","@id":"https:\/\/www.oekermann.de\/hu\/rolunk\/karrier-az-oekermann-nal\/","url":"https:\/\/www.oekermann.de\/hu\/rolunk\/karrier-az-oekermann-nal\/","name":"Karrier az OEKERMANN-n\u00e1l? - Pneumatische F\u00f6rdertechnik - OEKERMANN Abwassertechnik","isPartOf":{"@id":"https:\/\/www.oekermann.de\/#website"},"datePublished":"2022-06-23T22:36:42+00:00","dateModified":"2025-06-11T12:53:12+00:00","breadcrumb":{"@id":"https:\/\/www.oekermann.de\/hu\/rolunk\/karrier-az-oekermann-nal\/#breadcrumb"},"inLanguage":"hu-HU","potentialAction":[{"@type":"ReadAction","target":["https:\/\/www.oekermann.de\/hu\/rolunk\/karrier-az-oekermann-nal\/"]}]},{"@type":"BreadcrumbList","@id":"https:\/\/www.oekermann.de\/hu\/rolunk\/karrier-az-oekermann-nal\/#breadcrumb","itemListElement":[{"@type":"ListItem","position":1,"name":"Startseite","item":"https:\/\/www.oekermann.de\/hu\/"},{"@type":"ListItem","position":2,"name":"R\u00f3lunk","item":"https:\/\/www.oekermann.de\/hu\/rolunk\/"},{"@type":"ListItem","position":3,"name":"Karrier az OEKERMANN-n\u00e1l?"}]},{"@type":"WebSite","@id":"https:\/\/www.oekermann.de\/#website","url":"https:\/\/www.oekermann.de\/","name":"Pneumatische F\u00f6rdertechnik - OEKERMANN Abwassertechnik","description":"","potentialAction":[{"@type":"SearchAction","target":{"@type":"EntryPoint","urlTemplate":"https:\/\/www.oekermann.de\/?s={search_term_string}"},"query-input":{"@type":"PropertyValueSpecification","valueRequired":true,"valueName":"search_term_string"}}],"inLanguage":"hu-HU"}]}},"_links":{"self":[{"href":"https:\/\/www.oekermann.de\/hu\/wp-json\/wp\/v2\/pages\/5067","targetHints":{"allow":["GET"]}}],"collection":[{"href":"https:\/\/www.oekermann.de\/hu\/wp-json\/wp\/v2\/pages"}],"about":[{"href":"https:\/\/www.oekermann.de\/hu\/wp-json\/wp\/v2\/types\/page"}],"author":[{"embeddable":true,"href":"https:\/\/www.oekermann.de\/hu\/wp-json\/wp\/v2\/users\/1"}],"replies":[{"embeddable":true,"href":"https:\/\/www.oekermann.de\/hu\/wp-json\/wp\/v2\/comments?post=5067"}],"version-history":[{"count":1,"href":"https:\/\/www.oekermann.de\/hu\/wp-json\/wp\/v2\/pages\/5067\/revisions"}],"predecessor-version":[{"id":5162,"href":"https:\/\/www.oekermann.de\/hu\/wp-json\/wp\/v2\/pages\/5067\/revisions\/5162"}],"up":[{"embeddable":true,"href":"https:\/\/www.oekermann.de\/hu\/wp-json\/wp\/v2\/pages\/5052"}],"wp:attachment":[{"href":"https:\/\/www.oekermann.de\/hu\/wp-json\/wp\/v2\/media?parent=5067"}],"curies":[{"name":"wp","href":"https:\/\/api.w.org\/{rel}","templated":true}]}}