{"id":5068,"date":"2022-06-29T20:33:59","date_gmt":"2022-06-29T18:33:59","guid":{"rendered":"https:\/\/www.oekermann.de\/?page_id=5068"},"modified":"2025-06-11T14:53:12","modified_gmt":"2025-06-11T12:53:12","slug":"diak-szakmai-gyakorlat","status":"publish","type":"page","link":"https:\/\/www.oekermann.de\/hu\/rolunk\/diak-szakmai-gyakorlat\/","title":{"rendered":"Di\u00e1k szakmai gyakorlat"},"content":{"rendered":"<p>Gyakorlat a sz\u00fcl\u0151kn\u00e9l? Ezt nem tal\u00e1ltam t\u00fal k\u00edv\u00e1natosnak \u00e9s a legid\u0151sebb l\u00e1nyom sem. Azonban a koronav\u00edrus-j\u00e1rv\u00e1ny miatt \u0151 \u00e9s a legt\u00f6bb iskolat\u00e1rsa a sokszoros er\u0151fesz\u00edt\u00e9s ellen\u00e9re sem tal\u00e1lt \u00e1ll\u00e1st, hiszen melyik c\u00e9g szeretne ilyen id\u0151kben gyakornokokat foglalkoztatni, ak\u00e1r egy napra is, mik\u00f6zben a dolgoz\u00f3kat nem utols\u00f3sorban politikai nyom\u00e1sra otthoni munkav\u00e9gz\u00e9sre kell k\u00fcldeni.<\/p>\n<p>Azonban el kell mondanom, hogy a j\u00f3r\u00e9szt nagyobb \u00fczemek \u00e1ltali elutas\u00edt\u00e1sok nagyon szem\u00e9lyesen \u00e9s f\u00f6l\u00f6tt\u00e9bb bar\u00e1ts\u00e1gosan voltak megfogalmazva \u00e9s megindokolva, \u00e9s ez\u00e9rt nagy dics\u00e9ret illet valamennyi szem\u00e9lyzeti oszt\u00e1lyt \u00e9s d\u00f6nt\u00e9shoz\u00f3t! Ugyanakkor az iskola arra \u00f6szt\u00f6k\u00e9lte, hogy pr\u00f3b\u00e1lkozzon tov\u00e1bb, ak\u00e1r rokonokn\u00e1l is.<\/p>\n<p>V\u00e9g\u00fcl ketten voltak n\u00e1lunk, a l\u00e1nyok; a l\u00e1nyom mag\u00e1val hozta egy bar\u00e1tn\u0151j\u00e9t \u2013 \u00e9s a legnagyobb meglepet\u00e9semre ez egy gyakorlati nap abszol\u00fat siker lett.<\/p>\n<p>Az igaz\u00e1n komplex tev\u00e9kenys\u00e9gi ter\u00fclet\u00fcnk ellen\u00e9re gyorsan lehetett olyan feladatot tal\u00e1lni, ahol a l\u00e1nyok hozz\u00e1 tudt\u00e1k tenni az eddigi iskolai tud\u00e1sukat, valamint az els\u0151 saj\u00e1t elgondol\u00e1saikat a t\u00e9m\u00e1val kapcsolatban.<\/p>\n<p>\u201eNa l\u00e1tod!\u201d, mondta ezut\u00e1n a feles\u00e9gem, \u00e9s ha j\u00f3l \u00e9rtettem a l\u00e1nyokat, akkor j\u00f6v\u0151re a f\u00e9l oszt\u00e1lyra sz\u00e1m\u00edthatunk\u2026<\/p>\n<p>A szerz\u0151 megjegyz\u00e9se: Ugyan ismerem az \u00faj n\u00e9met helyes\u00edr\u00e1st \u00e9s a gender nyelvezetet, azonban ahol azt hely\u00e9nval\u00f3nak tartom, b\u00e1torkodom a klasszikus helyes\u00edr\u00e1st alkalmazni.<\/p>\n","protected":false},"excerpt":{"rendered":"<p>Gyakorlat a sz\u00fcl\u0151kn\u00e9l? Ezt nem tal\u00e1ltam t\u00fal k\u00edv\u00e1natosnak \u00e9s a legid\u0151sebb l\u00e1nyom sem. Azonban a koronav\u00edrus-j\u00e1rv\u00e1ny miatt \u0151 \u00e9s a legt\u00f6bb iskolat\u00e1rsa a sokszoros er\u0151fesz\u00edt\u00e9s ellen\u00e9re sem tal\u00e1lt \u00e1ll\u00e1st, hiszen melyik c\u00e9g szeretne ilyen id\u0151kben gyakornokokat foglalkoztatni, ak\u00e1r egy napra is, mik\u00f6zben a dolgoz\u00f3kat nem utols\u00f3sorban politikai nyom\u00e1sra otthoni munkav\u00e9gz\u00e9sre kell k\u00fcldeni. Azonban el kell<\/p>\n<p class=\"link-more\"><a href=\"https:\/\/www.oekermann.de\/hu\/rolunk\/diak-szakmai-gyakorlat\/\" class=\"envor-btn\">Weiterlesen<span class=\"screen-reader-text\"> &#8220;Di\u00e1k szakmai gyakorlat&#8221;<\/span><\/a><\/p>\n","protected":false},"author":1,"featured_media":0,"parent":5052,"menu_order":0,"comment_status":"closed","ping_status":"closed","template":"","meta":{"footnotes":""},"class_list":["post-5068","page","type-page","status-publish","hentry"],"yoast_head":"<!-- This site is optimized with the Yoast SEO plugin v27.4 - https:\/\/yoast.com\/product\/yoast-seo-wordpress\/ -->\n<title>Di\u00e1k szakmai gyakorlat - Pneumatische F\u00f6rdertechnik - OEKERMANN Abwassertechnik<\/title>\n<meta name=\"robots\" content=\"index, follow, max-snippet:-1, max-image-preview:large, max-video-preview:-1\" \/>\n<link rel=\"canonical\" href=\"https:\/\/www.oekermann.de\/hu\/rolunk\/diak-szakmai-gyakorlat\/\" \/>\n<meta property=\"og:locale\" content=\"hu_HU\" \/>\n<meta property=\"og:type\" content=\"article\" \/>\n<meta property=\"og:title\" content=\"Di\u00e1k szakmai gyakorlat - Pneumatische F\u00f6rdertechnik - OEKERMANN Abwassertechnik\" \/>\n<meta property=\"og:description\" content=\"Gyakorlat a sz\u00fcl\u0151kn\u00e9l? Ezt nem tal\u00e1ltam t\u00fal k\u00edv\u00e1natosnak \u00e9s a legid\u0151sebb l\u00e1nyom sem. Azonban a koronav\u00edrus-j\u00e1rv\u00e1ny miatt \u0151 \u00e9s a legt\u00f6bb iskolat\u00e1rsa a sokszoros er\u0151fesz\u00edt\u00e9s ellen\u00e9re sem tal\u00e1lt \u00e1ll\u00e1st, hiszen melyik c\u00e9g szeretne ilyen id\u0151kben gyakornokokat foglalkoztatni, ak\u00e1r egy napra is, mik\u00f6zben a dolgoz\u00f3kat nem utols\u00f3sorban politikai nyom\u00e1sra otthoni munkav\u00e9gz\u00e9sre kell k\u00fcldeni. Azonban el kellWeiterlesen &quot;Di\u00e1k szakmai gyakorlat&quot;\" \/>\n<meta property=\"og:url\" content=\"https:\/\/www.oekermann.de\/hu\/rolunk\/diak-szakmai-gyakorlat\/\" \/>\n<meta property=\"og:site_name\" content=\"Pneumatische F\u00f6rdertechnik - OEKERMANN Abwassertechnik\" \/>\n<meta property=\"article:publisher\" content=\"https:\/\/www.facebook.com\/pages\/Oekermann-Abwassertechnik\/1007781205906685\" \/>\n<meta property=\"article:modified_time\" content=\"2025-06-11T12:53:12+00:00\" \/>\n<meta name=\"twitter:card\" content=\"summary_large_image\" \/>\n<meta name=\"twitter:site\" content=\"@Oekermann\" \/>\n<meta name=\"twitter:label1\" content=\"Est. reading time\" \/>\n\t<meta name=\"twitter:data1\" content=\"1 minute\" \/>\n<script type=\"application\/ld+json\" class=\"yoast-schema-graph\">{\"@context\":\"https:\\\/\\\/schema.org\",\"@graph\":[{\"@type\":\"WebPage\",\"@id\":\"https:\\\/\\\/www.oekermann.de\\\/hu\\\/rolunk\\\/diak-szakmai-gyakorlat\\\/\",\"url\":\"https:\\\/\\\/www.oekermann.de\\\/hu\\\/rolunk\\\/diak-szakmai-gyakorlat\\\/\",\"name\":\"Di\u00e1k szakmai gyakorlat - Pneumatische F\u00f6rdertechnik - OEKERMANN Abwassertechnik\",\"isPartOf\":{\"@id\":\"https:\\\/\\\/www.oekermann.de\\\/#website\"},\"datePublished\":\"2022-06-29T18:33:59+00:00\",\"dateModified\":\"2025-06-11T12:53:12+00:00\",\"breadcrumb\":{\"@id\":\"https:\\\/\\\/www.oekermann.de\\\/hu\\\/rolunk\\\/diak-szakmai-gyakorlat\\\/#breadcrumb\"},\"inLanguage\":\"hu-HU\",\"potentialAction\":[{\"@type\":\"ReadAction\",\"target\":[\"https:\\\/\\\/www.oekermann.de\\\/hu\\\/rolunk\\\/diak-szakmai-gyakorlat\\\/\"]}]},{\"@type\":\"BreadcrumbList\",\"@id\":\"https:\\\/\\\/www.oekermann.de\\\/hu\\\/rolunk\\\/diak-szakmai-gyakorlat\\\/#breadcrumb\",\"itemListElement\":[{\"@type\":\"ListItem\",\"position\":1,\"name\":\"Startseite\",\"item\":\"https:\\\/\\\/www.oekermann.de\\\/hu\\\/\"},{\"@type\":\"ListItem\",\"position\":2,\"name\":\"R\u00f3lunk\",\"item\":\"https:\\\/\\\/www.oekermann.de\\\/hu\\\/rolunk\\\/\"},{\"@type\":\"ListItem\",\"position\":3,\"name\":\"Di\u00e1k szakmai gyakorlat\"}]},{\"@type\":\"WebSite\",\"@id\":\"https:\\\/\\\/www.oekermann.de\\\/#website\",\"url\":\"https:\\\/\\\/www.oekermann.de\\\/\",\"name\":\"Pneumatische F\u00f6rdertechnik - OEKERMANN Abwassertechnik\",\"description\":\"\",\"potentialAction\":[{\"@type\":\"SearchAction\",\"target\":{\"@type\":\"EntryPoint\",\"urlTemplate\":\"https:\\\/\\\/www.oekermann.de\\\/?s={search_term_string}\"},\"query-input\":{\"@type\":\"PropertyValueSpecification\",\"valueRequired\":true,\"valueName\":\"search_term_string\"}}],\"inLanguage\":\"hu-HU\"}]}<\/script>\n<!-- \/ Yoast SEO plugin. -->","yoast_head_json":{"title":"Di\u00e1k szakmai gyakorlat - Pneumatische F\u00f6rdertechnik - OEKERMANN Abwassertechnik","robots":{"index":"index","follow":"follow","max-snippet":"max-snippet:-1","max-image-preview":"max-image-preview:large","max-video-preview":"max-video-preview:-1"},"canonical":"https:\/\/www.oekermann.de\/hu\/rolunk\/diak-szakmai-gyakorlat\/","og_locale":"hu_HU","og_type":"article","og_title":"Di\u00e1k szakmai gyakorlat - Pneumatische F\u00f6rdertechnik - OEKERMANN Abwassertechnik","og_description":"Gyakorlat a sz\u00fcl\u0151kn\u00e9l? Ezt nem tal\u00e1ltam t\u00fal k\u00edv\u00e1natosnak \u00e9s a legid\u0151sebb l\u00e1nyom sem. Azonban a koronav\u00edrus-j\u00e1rv\u00e1ny miatt \u0151 \u00e9s a legt\u00f6bb iskolat\u00e1rsa a sokszoros er\u0151fesz\u00edt\u00e9s ellen\u00e9re sem tal\u00e1lt \u00e1ll\u00e1st, hiszen melyik c\u00e9g szeretne ilyen id\u0151kben gyakornokokat foglalkoztatni, ak\u00e1r egy napra is, mik\u00f6zben a dolgoz\u00f3kat nem utols\u00f3sorban politikai nyom\u00e1sra otthoni munkav\u00e9gz\u00e9sre kell k\u00fcldeni. Azonban el kellWeiterlesen \"Di\u00e1k szakmai gyakorlat\"","og_url":"https:\/\/www.oekermann.de\/hu\/rolunk\/diak-szakmai-gyakorlat\/","og_site_name":"Pneumatische F\u00f6rdertechnik - OEKERMANN Abwassertechnik","article_publisher":"https:\/\/www.facebook.com\/pages\/Oekermann-Abwassertechnik\/1007781205906685","article_modified_time":"2025-06-11T12:53:12+00:00","twitter_card":"summary_large_image","twitter_site":"@Oekermann","twitter_misc":{"Est. reading time":"1 minute"},"schema":{"@context":"https:\/\/schema.org","@graph":[{"@type":"WebPage","@id":"https:\/\/www.oekermann.de\/hu\/rolunk\/diak-szakmai-gyakorlat\/","url":"https:\/\/www.oekermann.de\/hu\/rolunk\/diak-szakmai-gyakorlat\/","name":"Di\u00e1k szakmai gyakorlat - Pneumatische F\u00f6rdertechnik - OEKERMANN Abwassertechnik","isPartOf":{"@id":"https:\/\/www.oekermann.de\/#website"},"datePublished":"2022-06-29T18:33:59+00:00","dateModified":"2025-06-11T12:53:12+00:00","breadcrumb":{"@id":"https:\/\/www.oekermann.de\/hu\/rolunk\/diak-szakmai-gyakorlat\/#breadcrumb"},"inLanguage":"hu-HU","potentialAction":[{"@type":"ReadAction","target":["https:\/\/www.oekermann.de\/hu\/rolunk\/diak-szakmai-gyakorlat\/"]}]},{"@type":"BreadcrumbList","@id":"https:\/\/www.oekermann.de\/hu\/rolunk\/diak-szakmai-gyakorlat\/#breadcrumb","itemListElement":[{"@type":"ListItem","position":1,"name":"Startseite","item":"https:\/\/www.oekermann.de\/hu\/"},{"@type":"ListItem","position":2,"name":"R\u00f3lunk","item":"https:\/\/www.oekermann.de\/hu\/rolunk\/"},{"@type":"ListItem","position":3,"name":"Di\u00e1k szakmai gyakorlat"}]},{"@type":"WebSite","@id":"https:\/\/www.oekermann.de\/#website","url":"https:\/\/www.oekermann.de\/","name":"Pneumatische F\u00f6rdertechnik - OEKERMANN Abwassertechnik","description":"","potentialAction":[{"@type":"SearchAction","target":{"@type":"EntryPoint","urlTemplate":"https:\/\/www.oekermann.de\/?s={search_term_string}"},"query-input":{"@type":"PropertyValueSpecification","valueRequired":true,"valueName":"search_term_string"}}],"inLanguage":"hu-HU"}]}},"_links":{"self":[{"href":"https:\/\/www.oekermann.de\/hu\/wp-json\/wp\/v2\/pages\/5068","targetHints":{"allow":["GET"]}}],"collection":[{"href":"https:\/\/www.oekermann.de\/hu\/wp-json\/wp\/v2\/pages"}],"about":[{"href":"https:\/\/www.oekermann.de\/hu\/wp-json\/wp\/v2\/types\/page"}],"author":[{"embeddable":true,"href":"https:\/\/www.oekermann.de\/hu\/wp-json\/wp\/v2\/users\/1"}],"replies":[{"embeddable":true,"href":"https:\/\/www.oekermann.de\/hu\/wp-json\/wp\/v2\/comments?post=5068"}],"version-history":[{"count":1,"href":"https:\/\/www.oekermann.de\/hu\/wp-json\/wp\/v2\/pages\/5068\/revisions"}],"predecessor-version":[{"id":5160,"href":"https:\/\/www.oekermann.de\/hu\/wp-json\/wp\/v2\/pages\/5068\/revisions\/5160"}],"up":[{"embeddable":true,"href":"https:\/\/www.oekermann.de\/hu\/wp-json\/wp\/v2\/pages\/5052"}],"wp:attachment":[{"href":"https:\/\/www.oekermann.de\/hu\/wp-json\/wp\/v2\/media?parent=5068"}],"curies":[{"name":"wp","href":"https:\/\/api.w.org\/{rel}","templated":true}]}}