{"id":5069,"date":"2017-02-05T19:02:10","date_gmt":"2017-02-05T18:02:10","guid":{"rendered":"https:\/\/www.oekermann.de\/?page_id=5069"},"modified":"2025-06-11T14:53:17","modified_gmt":"2025-06-11T12:53:17","slug":"termekcsoportok","status":"publish","type":"page","link":"https:\/\/www.oekermann.de\/hu\/termekcsoportok\/","title":{"rendered":"Term\u00e9kcsoportok"},"content":{"rendered":"<ul class=\"themen-index-links\">\n<li>\n<h2><a href=\"https:\/\/www.oekermann.de\/produktgruppen\/kleine-anlagen\/\">Kis rendszerek<\/a><\/h2>\n<p>K\u00fcl\u00f6n\u00e1ll\u00f3 h\u00e1zak vagy h\u00e1zcsoportok a nyilv\u00e1nos csatornah\u00e1l\u00f3zatra val\u00f3 r\u00e1k\u00f6t\u00e9s\u00e9hez az OEKERMANN kompakt rendszereket k\u00edn\u00e1l. \u00d6n ugyanazokkal az el\u0151ny\u00f6kkel rendelkezik mint a nagy dupla vagy t\u00f6bbes rendszerek.<\/p>\n<p><a class=\"d-btn d-btn-primary d-btn-normal\" href=\"https:\/\/www.oekermann.de\/produktgruppen\/kleine-anlagen\/\"><b>Tov\u00e1bbi inform\u00e1ci\u00f3k a kis rendszerekhez \u203a<\/b><\/a><\/li>\n<li>\n<h2><a href=\"https:\/\/www.oekermann.de\/produktgruppen\/1-kessel-doppelanlagen\/\">1-tart\u00e1lyos dupla rendszerek<\/a><\/h2>\n<p>Az 1-tart\u00e1lyos dupla rendszerek a m\u00e9ret\u00fck alapj\u00e1n a legkisebb rendszerek (OKA sorozat) \u00e9s a norm\u00e1l dupla rendszerek k\u00f6z\u00f6tt elhelyezked\u0151 sorozat.<br \/>\n<a class=\"d-btn d-btn-primary d-btn-normal\" href=\"https:\/\/www.oekermann.de\/produktgruppen\/1-kessel-doppelanlagen\/\"><b>Tov\u00e1bbi inform\u00e1ci\u00f3k az 1-tart\u00e1lyos dupla rendszerekhez \u203a<\/b><\/a><\/li>\n<li>\n<h2><a href=\"https:\/\/www.oekermann.de\/produktgruppen\/doppelanlagen\/\">Doppelanlagen<\/a><\/h2>\n<p>Kis \u00e9s k\u00f6zepes teljes\u00edtm\u00e9nyek \u00e9s nyom\u00e1sok eset\u00e9n, pl. kis helys\u00e9gek v\u00edzelvezet\u00e9s\u00e9hez \u00e1ltal\u00e1ban 2 \u00fczemi tart\u00e1ly \u00e9s 2 \u00fczemi l\u00e9gkompresszor ker\u00fcl alkalmaz\u00e1sra.<\/p>\n<p><a class=\"d-btn d-btn-primary d-btn-normal\" href=\"https:\/\/www.oekermann.de\/produktgruppen\/doppelanlagen\/\"><b>Tov\u00e1bbi inform\u00e1ci\u00f3k a dupla rendszerekhez \u203a<\/b><\/a><\/li>\n<li>\n<h2><a href=\"https:\/\/www.oekermann.de\/produktgruppen\/drei-und-vierfachanlagen\/\">Drei- &amp; Vierfachanlagen<\/a><\/h2>\n<p>H\u00e1rmas vagy n\u00e9gyes rendszereket norm\u00e1l esetben szenny- \u00e9s es\u0151v\u00edzsz\u00e1ll\u00edt\u00f3 szivatty\u00fatelepeken, nagy telep\u00fcl\u00e9seken \u00e9s nagy ipari \u00fczemekben alkalmaznak. Nagy szennyv\u00edzmennyis\u00e9gek eset\u00e9n k\u00fcl\u00f6n\u00f6sen gazdas\u00e1gosak, mert rugalmasan illeszthet\u0151k a keletkez\u0151 szennyv\u00edzmennyis\u00e9ghez.<\/p>\n<p><a class=\"d-btn d-btn-primary d-btn-normal\" href=\"https:\/\/www.oekermann.de\/produktgruppen\/drei-und-vierfachanlagen\/\"><b>Tov\u00e1bbi inform\u00e1ci\u00f3k a h\u00e1rmas &amp; n\u00e9gyes rendszerekhez \u203a<\/b><\/a><\/li>\n<li>\n<h2><a href=\"https:\/\/www.oekermann.de\/produktgruppen\/kombination-pneumatik-pumpe\/\">Pneumatika + szivatty\u00fa kombin\u00e1ci\u00f3ja<\/a><\/h2>\n<p>A viszonylag magas es\u0151v\u00edzh\u00e1nyad\u00fa vegyes rendszerekben \u00e9szszer\u0171 lehet a pneumatikus szennyv\u00edzsz\u00e1ll\u00edt\u00f3 rendszert szivatty\u00faval kombin\u00e1lni.<\/p>\n<p><a class=\"d-btn d-btn-primary d-btn-normal\" href=\"https:\/\/www.oekermann.de\/produktgruppen\/kombination-pneumatik-pumpe\/\"><b>Tov\u00e1bbi inform\u00e1ci\u00f3k szivatty\u00faval kombin\u00e1lt pneumatikus sz\u00e1ll\u00edt\u00f3berendez\u00e9sekhez \u203a<\/b><\/a><\/li>\n<li>\n<h2><a href=\"https:\/\/www.oekermann.de\/?page_id=17\">Lef\u00favat\u00f3 \u00e1llom\u00e1sok<\/a><\/h2>\n<p>Egy hagyom\u00e1nyos rendszer (szivatty\u00fa vagy gravit\u00e1ci\u00f3s ejt\u0151vezet\u00e9k) lef\u00favat\u00f3 \u00e1llom\u00e1ssal kombin\u00e1lva gazdas\u00e1gi szempontb\u00f3l kiv\u00e1l\u00f3 megold\u00e1s lehet, melyn\u00e9l elker\u00fclhet\u0151 a sz\u00e9nhidrog\u00e9n-k\u00e9pz\u0151d\u00e9s, \u00e9s \u00edgy a szaggal, korr\u00f3zi\u00f3val \u00e9s lerak\u00f3d\u00e1sokkal kapcsolatos probl\u00e9m\u00e1k.<\/p>\n<p><a class=\"d-btn d-btn-primary d-btn-normal\" href=\"https:\/\/www.oekermann.de\/?page_id=17\"><b>Tov\u00e1bbi inform\u00e1ci\u00f3k a lef\u00favat\u00f3 \u00e1llom\u00e1sokhoz \u203a<\/b><\/a><\/li>\n<\/ul>\n","protected":false},"excerpt":{"rendered":"<p>Kis rendszerek K\u00fcl\u00f6n\u00e1ll\u00f3 h\u00e1zak vagy h\u00e1zcsoportok a nyilv\u00e1nos csatornah\u00e1l\u00f3zatra val\u00f3 r\u00e1k\u00f6t\u00e9s\u00e9hez az OEKERMANN kompakt rendszereket k\u00edn\u00e1l. \u00d6n ugyanazokkal az el\u0151ny\u00f6kkel rendelkezik mint a nagy dupla vagy t\u00f6bbes rendszerek. Tov\u00e1bbi inform\u00e1ci\u00f3k a kis rendszerekhez \u203a 1-tart\u00e1lyos dupla rendszerek Az 1-tart\u00e1lyos dupla rendszerek a m\u00e9ret\u00fck alapj\u00e1n a legkisebb rendszerek (OKA sorozat) \u00e9s a norm\u00e1l dupla rendszerek k\u00f6z\u00f6tt<\/p>\n<p class=\"link-more\"><a href=\"https:\/\/www.oekermann.de\/hu\/termekcsoportok\/\" class=\"envor-btn\">Weiterlesen<span class=\"screen-reader-text\"> &#8220;Term\u00e9kcsoportok&#8221;<\/span><\/a><\/p>\n","protected":false},"author":2,"featured_media":0,"parent":0,"menu_order":0,"comment_status":"closed","ping_status":"closed","template":"","meta":{"footnotes":""},"class_list":["post-5069","page","type-page","status-publish","hentry"],"yoast_head":"<!-- This site is optimized with the Yoast SEO plugin v27.4 - https:\/\/yoast.com\/product\/yoast-seo-wordpress\/ -->\n<title>Term\u00e9kcsoportok - Pneumatische F\u00f6rdertechnik - OEKERMANN Abwassertechnik<\/title>\n<meta name=\"robots\" content=\"index, follow, max-snippet:-1, max-image-preview:large, max-video-preview:-1\" \/>\n<link rel=\"canonical\" href=\"https:\/\/www.oekermann.de\/hu\/termekcsoportok\/\" \/>\n<meta property=\"og:locale\" content=\"hu_HU\" \/>\n<meta property=\"og:type\" content=\"article\" \/>\n<meta property=\"og:title\" content=\"Term\u00e9kcsoportok - Pneumatische F\u00f6rdertechnik - OEKERMANN Abwassertechnik\" \/>\n<meta property=\"og:description\" content=\"Kis rendszerek K\u00fcl\u00f6n\u00e1ll\u00f3 h\u00e1zak vagy h\u00e1zcsoportok a nyilv\u00e1nos csatornah\u00e1l\u00f3zatra val\u00f3 r\u00e1k\u00f6t\u00e9s\u00e9hez az OEKERMANN kompakt rendszereket k\u00edn\u00e1l. \u00d6n ugyanazokkal az el\u0151ny\u00f6kkel rendelkezik mint a nagy dupla vagy t\u00f6bbes rendszerek. Tov\u00e1bbi inform\u00e1ci\u00f3k a kis rendszerekhez \u203a 1-tart\u00e1lyos dupla rendszerek Az 1-tart\u00e1lyos dupla rendszerek a m\u00e9ret\u00fck alapj\u00e1n a legkisebb rendszerek (OKA sorozat) \u00e9s a norm\u00e1l dupla rendszerek k\u00f6z\u00f6ttWeiterlesen &quot;Term\u00e9kcsoportok&quot;\" \/>\n<meta property=\"og:url\" content=\"https:\/\/www.oekermann.de\/hu\/termekcsoportok\/\" \/>\n<meta property=\"og:site_name\" content=\"Pneumatische F\u00f6rdertechnik - OEKERMANN Abwassertechnik\" \/>\n<meta property=\"article:publisher\" content=\"https:\/\/www.facebook.com\/pages\/Oekermann-Abwassertechnik\/1007781205906685\" \/>\n<meta property=\"article:modified_time\" content=\"2025-06-11T12:53:17+00:00\" \/>\n<meta name=\"twitter:card\" content=\"summary_large_image\" \/>\n<meta name=\"twitter:site\" content=\"@Oekermann\" \/>\n<meta name=\"twitter:label1\" content=\"Est. reading time\" \/>\n\t<meta name=\"twitter:data1\" content=\"2 minutes\" \/>\n<script type=\"application\/ld+json\" class=\"yoast-schema-graph\">{\"@context\":\"https:\\\/\\\/schema.org\",\"@graph\":[{\"@type\":\"WebPage\",\"@id\":\"https:\\\/\\\/www.oekermann.de\\\/hu\\\/termekcsoportok\\\/\",\"url\":\"https:\\\/\\\/www.oekermann.de\\\/hu\\\/termekcsoportok\\\/\",\"name\":\"Term\u00e9kcsoportok - Pneumatische F\u00f6rdertechnik - OEKERMANN Abwassertechnik\",\"isPartOf\":{\"@id\":\"https:\\\/\\\/www.oekermann.de\\\/#website\"},\"datePublished\":\"2017-02-05T18:02:10+00:00\",\"dateModified\":\"2025-06-11T12:53:17+00:00\",\"breadcrumb\":{\"@id\":\"https:\\\/\\\/www.oekermann.de\\\/hu\\\/termekcsoportok\\\/#breadcrumb\"},\"inLanguage\":\"hu-HU\",\"potentialAction\":[{\"@type\":\"ReadAction\",\"target\":[\"https:\\\/\\\/www.oekermann.de\\\/hu\\\/termekcsoportok\\\/\"]}]},{\"@type\":\"BreadcrumbList\",\"@id\":\"https:\\\/\\\/www.oekermann.de\\\/hu\\\/termekcsoportok\\\/#breadcrumb\",\"itemListElement\":[{\"@type\":\"ListItem\",\"position\":1,\"name\":\"Startseite\",\"item\":\"https:\\\/\\\/www.oekermann.de\\\/hu\\\/\"},{\"@type\":\"ListItem\",\"position\":2,\"name\":\"Term\u00e9kcsoportok\"}]},{\"@type\":\"WebSite\",\"@id\":\"https:\\\/\\\/www.oekermann.de\\\/#website\",\"url\":\"https:\\\/\\\/www.oekermann.de\\\/\",\"name\":\"Pneumatische F\u00f6rdertechnik - OEKERMANN Abwassertechnik\",\"description\":\"\",\"potentialAction\":[{\"@type\":\"SearchAction\",\"target\":{\"@type\":\"EntryPoint\",\"urlTemplate\":\"https:\\\/\\\/www.oekermann.de\\\/?s={search_term_string}\"},\"query-input\":{\"@type\":\"PropertyValueSpecification\",\"valueRequired\":true,\"valueName\":\"search_term_string\"}}],\"inLanguage\":\"hu-HU\"}]}<\/script>\n<!-- \/ Yoast SEO plugin. -->","yoast_head_json":{"title":"Term\u00e9kcsoportok - Pneumatische F\u00f6rdertechnik - OEKERMANN Abwassertechnik","robots":{"index":"index","follow":"follow","max-snippet":"max-snippet:-1","max-image-preview":"max-image-preview:large","max-video-preview":"max-video-preview:-1"},"canonical":"https:\/\/www.oekermann.de\/hu\/termekcsoportok\/","og_locale":"hu_HU","og_type":"article","og_title":"Term\u00e9kcsoportok - Pneumatische F\u00f6rdertechnik - OEKERMANN Abwassertechnik","og_description":"Kis rendszerek K\u00fcl\u00f6n\u00e1ll\u00f3 h\u00e1zak vagy h\u00e1zcsoportok a nyilv\u00e1nos csatornah\u00e1l\u00f3zatra val\u00f3 r\u00e1k\u00f6t\u00e9s\u00e9hez az OEKERMANN kompakt rendszereket k\u00edn\u00e1l. \u00d6n ugyanazokkal az el\u0151ny\u00f6kkel rendelkezik mint a nagy dupla vagy t\u00f6bbes rendszerek. Tov\u00e1bbi inform\u00e1ci\u00f3k a kis rendszerekhez \u203a 1-tart\u00e1lyos dupla rendszerek Az 1-tart\u00e1lyos dupla rendszerek a m\u00e9ret\u00fck alapj\u00e1n a legkisebb rendszerek (OKA sorozat) \u00e9s a norm\u00e1l dupla rendszerek k\u00f6z\u00f6ttWeiterlesen \"Term\u00e9kcsoportok\"","og_url":"https:\/\/www.oekermann.de\/hu\/termekcsoportok\/","og_site_name":"Pneumatische F\u00f6rdertechnik - OEKERMANN Abwassertechnik","article_publisher":"https:\/\/www.facebook.com\/pages\/Oekermann-Abwassertechnik\/1007781205906685","article_modified_time":"2025-06-11T12:53:17+00:00","twitter_card":"summary_large_image","twitter_site":"@Oekermann","twitter_misc":{"Est. reading time":"2 minutes"},"schema":{"@context":"https:\/\/schema.org","@graph":[{"@type":"WebPage","@id":"https:\/\/www.oekermann.de\/hu\/termekcsoportok\/","url":"https:\/\/www.oekermann.de\/hu\/termekcsoportok\/","name":"Term\u00e9kcsoportok - Pneumatische F\u00f6rdertechnik - OEKERMANN Abwassertechnik","isPartOf":{"@id":"https:\/\/www.oekermann.de\/#website"},"datePublished":"2017-02-05T18:02:10+00:00","dateModified":"2025-06-11T12:53:17+00:00","breadcrumb":{"@id":"https:\/\/www.oekermann.de\/hu\/termekcsoportok\/#breadcrumb"},"inLanguage":"hu-HU","potentialAction":[{"@type":"ReadAction","target":["https:\/\/www.oekermann.de\/hu\/termekcsoportok\/"]}]},{"@type":"BreadcrumbList","@id":"https:\/\/www.oekermann.de\/hu\/termekcsoportok\/#breadcrumb","itemListElement":[{"@type":"ListItem","position":1,"name":"Startseite","item":"https:\/\/www.oekermann.de\/hu\/"},{"@type":"ListItem","position":2,"name":"Term\u00e9kcsoportok"}]},{"@type":"WebSite","@id":"https:\/\/www.oekermann.de\/#website","url":"https:\/\/www.oekermann.de\/","name":"Pneumatische F\u00f6rdertechnik - OEKERMANN Abwassertechnik","description":"","potentialAction":[{"@type":"SearchAction","target":{"@type":"EntryPoint","urlTemplate":"https:\/\/www.oekermann.de\/?s={search_term_string}"},"query-input":{"@type":"PropertyValueSpecification","valueRequired":true,"valueName":"search_term_string"}}],"inLanguage":"hu-HU"}]}},"_links":{"self":[{"href":"https:\/\/www.oekermann.de\/hu\/wp-json\/wp\/v2\/pages\/5069","targetHints":{"allow":["GET"]}}],"collection":[{"href":"https:\/\/www.oekermann.de\/hu\/wp-json\/wp\/v2\/pages"}],"about":[{"href":"https:\/\/www.oekermann.de\/hu\/wp-json\/wp\/v2\/types\/page"}],"author":[{"embeddable":true,"href":"https:\/\/www.oekermann.de\/hu\/wp-json\/wp\/v2\/users\/2"}],"replies":[{"embeddable":true,"href":"https:\/\/www.oekermann.de\/hu\/wp-json\/wp\/v2\/comments?post=5069"}],"version-history":[{"count":1,"href":"https:\/\/www.oekermann.de\/hu\/wp-json\/wp\/v2\/pages\/5069\/revisions"}],"predecessor-version":[{"id":5168,"href":"https:\/\/www.oekermann.de\/hu\/wp-json\/wp\/v2\/pages\/5069\/revisions\/5168"}],"wp:attachment":[{"href":"https:\/\/www.oekermann.de\/hu\/wp-json\/wp\/v2\/media?parent=5069"}],"curies":[{"name":"wp","href":"https:\/\/api.w.org\/{rel}","templated":true}]}}