{"id":5070,"date":"2017-02-05T19:05:48","date_gmt":"2017-02-05T18:05:48","guid":{"rendered":"https:\/\/www.oekermann.de\/?page_id=5070"},"modified":"2025-06-23T13:05:41","modified_gmt":"2025-06-23T11:05:41","slug":"kis-rendszerek","status":"publish","type":"page","link":"https:\/\/www.oekermann.de\/hu\/termekcsoportok\/kis-rendszerek\/","title":{"rendered":"Kis rendszerek"},"content":{"rendered":"<section>\n<h2>Kompakt fel\u00e9p\u00edt\u00e9s\u0171 pneumatikus szennyv\u00edzsz\u00e1ll\u00edt\u00f3 rendszerek<\/h2>\n<p>K\u00fcl\u00f6n\u00e1ll\u00f3 h\u00e1zak vagy h\u00e1zcsoportok a nyilv\u00e1nos csatornah\u00e1l\u00f3zatra val\u00f3 r\u00e1k\u00f6t\u00e9s\u00e9hez az OEKERMANN kompakt fel\u00e9p\u00edt\u00e9s\u0171 szennyv\u00edzszivatty\u00fa-telepeket k\u00edn\u00e1l.<\/p>\n<p>Ezek a berendez\u00e9sek gravit\u00e1ci\u00f3s ejt\u0151vezet\u00e9kes csatornarendszerre dolgozhatnak, vagy kombin\u00e1lva szennyv\u00edz-\/nyom\u00f3vezet\u00e9k-h\u00e1l\u00f3zatra is bet\u00e1pl\u00e1lhatnak.<\/p>\n<p>Ugyanazokkal az el\u0151ny\u00f6kkel rendelkeznek mint a nagy <a href=\"https:\/\/www.oekermann.de\/produktgruppen\/doppelanlagen\/\">dupla rendszerek<\/a> \u00e9s a <a href=\"https:\/\/www.oekermann.de\/produktgruppen\/drei-und-vierfachanlagen\/\">t\u00f6bbes rendszerek<\/a>:<\/p>\n<ul class=\"list-1\">\n<li><i class=\"fa fa-arrow-circle-o-right\"><\/i> nagy t\u00e1vols\u00e1gok <a href=\"https:\/\/www.oekermann.de\/vorteile\/druckleitungen\/\">\u00e1thidal\u00e1sa<\/a><\/li>\n<li><i class=\"fa fa-arrow-circle-o-right\"><\/i> <a href=\"https:\/\/www.oekermann.de\/vorteile\/foerderung-geringer-wassermengen\/\">rothad\u00e1sk\u00e9pz\u0151d\u00e9s megakad\u00e1lyoz\u00e1sa<\/a><\/li>\n<li><i class=\"fa fa-arrow-circle-o-right\"><\/i> sz\u00e9nhidrog\u00e9n-vegy\u00fcletek k\u00e9pz\u0151d\u00e9s\u00e9nek elker\u00fcl\u00e9se = nincs korr\u00f3zi\u00f3 \u00e9s nincsenek szagok<\/li>\n<li><i class=\"fa fa-arrow-circle-o-right\"><\/i> <a href=\"https:\/\/www.oekermann.de\/vorteile\/foerderung-geringer-wassermengen\/\">nincs biofilmr\u00e9teg-k\u00e9pz\u0151d\u00e9s<\/a><\/li>\n<li><i class=\"fa fa-arrow-circle-o-right\"><\/i> \u00fczembiztos \u00e9s <a href=\"https:\/\/www.oekermann.de\/vorteile\/wartung\/\">kev\u00e9s karbantart\u00e1st ig\u00e9nyel<\/a><\/li>\n<\/ul>\n<p>A <a href=\"https:\/\/www.oekermann.de\/vorteile\/druckleitungen\/\">nyom\u00f3vezet\u00e9kek<\/a> fektet\u00e9se fagymentes m\u00e9lys\u00e9gben t\u00f6rt\u00e9nik.<\/p>\n<p>Az alkalmaz\u00e1si c\u00e9lt\u00f3l, ill. a helyi k\u00f6vetelm\u00e9nyekt\u0151l f\u00fcgg\u0151en egy sorozatb\u00f3l kb. 2 l\/s \u00e9s legfeljebb 80 mWS \u00e9rt\u00e9kig minden alkalmaz\u00e1si esethez optim\u00e1lis rendszerek \u00e1llnak rendelkez\u00e9sre. Kis pneumatikus rendszerek eset\u00e9ben gyakori alkalmaz\u00e1si ter\u00fclet pl. az <a href=\"https:\/\/www.oekermann.de\/fachbegriffe\/pwc-anlagen\/\">aut\u00f3p\u00e1lya-parkol\u00f3k<\/a>.<\/p>\n<p>Ezek a rendszerek k\u00fcl\u00f6n\u00f6sen el\u0151ny\u00f6sek <a href=\"https:\/\/www.oekermann.de\/vorteile\/verbundsysteme\/\">kombin\u00e1lt h\u00e1l\u00f3zatokban<\/a> is. A t\u00f6bbi, a h\u00e1l\u00f3zaton \u00fczemel\u0151 \u00e1llom\u00e1s sz\u00e1m\u00e1t\u00f3l f\u00fcgg\u0151en a legk\u00fcl\u00f6nb\u00f6z\u0151bb <a href=\"https:\/\/www.oekermann.de\/vorteile\/hoehenueberwindung\/\">nyom\u00e1sok<\/a> ellen\u00e9ben m\u0171k\u00f6dnek.<\/p>\n<p>A rendszerek kiz\u00e1r\u00f3lag az ingatlanr\u00f3l vagy a h\u00e1zcsoportb\u00f3l sz\u00e1rmaz\u00f3, kezelend\u0151 szennyv\u00edz be\u00e1raml\u00e1s\u00e1nak f\u00fcggv\u00e9ny\u00e9ben \u00fczemelnek.<\/p>\n<p>A rendszerek norm\u00e1l esetben padl\u00f3szint al\u00e1 s\u00fcllyesztve, akn\u00e1ban t\u00f6rt\u00e9nik. Az \u00fczemi tart\u00e1ly (akn\u00e1ba szerel\u00e9s) \u00e9s a t\u00f6bbi technika (kompresszor \u00e9s vez\u00e9rl\u0151 k\u00fcl\u00f6n helyis\u00e9gben) t\u00e9rbeli elk\u00fcl\u00f6n\u00edt\u00e9se lehets\u00e9ges.<\/p>\n<p>Az OEKERMANN erre a c\u00e9lra \u00fcvegsz\u00e1l-er\u0151s\u00edt\u00e9s\u0171 m\u0171anyag szekr\u00e9nyeket sz\u00e1ll\u00edt f\u00f6ldfelsz\u00edni fel\u00e1ll\u00edt\u00e1shoz, vagy a helysz\u00ednen ker\u00fcl megfelel\u0151 helyis\u00e9g rendelkez\u00e9sre bocs\u00e1t\u00e1sra.<\/p>\n<style type=\"text\/css\">\n#foogallery-gallery-2077 .fg-image { width: 510px; }\n#foogallery-gallery-2077 { --fg-gutter: 10px; }<\/style>\n\t\t\t<div class=\"foogallery foogallery-container foogallery-default foogallery-lightbox-foobox fg-left fg-default fg-ready fg-custom fg-border-thin fg-shadow-small fg-loading-default fg-loaded-fade-in fg-hover-fade fg-hover-zoom\" id=\"foogallery-gallery-2077\" data-foogallery=\"{&quot;item&quot;:{&quot;showCaptionTitle&quot;:true,&quot;showCaptionDescription&quot;:false},&quot;lazy&quot;:true}\" style=\"--fg-title-line-clamp: 0; --fg-description-line-clamp: 0;\" >\n\t<div class=\"fg-item fg-type-image fg-idle\"><figure class=\"fg-item-inner\"><a href=\"https:\/\/www.oekermann.de\/wp-content\/uploads\/2018\/03\/OEKERMANN-Pneumatische-Abwasserfoerderung-Kompaktanlagen-OKA-und-1-Kessel-Doppelanlagen-1.jpg\" data-attachment-id=\"2082\" data-type=\"image\" class=\"fg-thumb\"><span class=\"fg-image-wrap\"><img fetchpriority=\"high\" decoding=\"async\" alt=\"Kompaktanlagen OKA - OEKERMANN - Pneumatische Abwasserf\u00f6rderung\" width=\"510\" height=\"298\" class=\"skip-lazy fg-image\" data-src-fg=\"https:\/\/www.oekermann.de\/wp-content\/uploads\/cache\/2018\/03\/OEKERMANN-Pneumatische-Abwasserfoerderung-Kompaktanlagen-OKA-und-1-Kessel-Doppelanlagen-1\/3924317495.jpg\" src=\"data:image\/svg+xml,%3Csvg%20xmlns%3D%22http%3A%2F%2Fwww.w3.org%2F2000%2Fsvg%22%20width%3D%22510%22%20height%3D%22298%22%20viewBox%3D%220%200%20510%20298%22%3E%3C%2Fsvg%3E\" loading=\"eager\"><\/span><span class=\"fg-image-overlay\"><\/span><\/a><\/figure><div class=\"fg-loader\"><\/div><\/div><\/div>\n\n<h2>H\u00e1rom k\u00fcl\u00f6nb\u00f6z\u0151 sorozat \u00e1ll rendelkez\u00e9sre:<\/h2>\n<h3>a) OKA modellsorozat<\/h3>\n<p>Ezek a rendszerek egy tart\u00e1llyal (\u00fczemi tart\u00e1ly) \u00e9s egy kompresszorral vannak felszerelve.<\/p>\n<p>Alapfelszerel\u00e9sk\u00e9nt a k\u00f6vetkez\u0151 modellek \u00e1llnak rendelkez\u00e9sre:<\/p>\n<ul class=\"list-1\">\n<li><i class=\"fa fa-arrow-circle-o-right\"><\/i> OKA 25\/50<\/li>\n<li><i class=\"fa fa-arrow-circle-o-right\"><\/i> OKA 25\/100<\/li>\n<li><i class=\"fa fa-arrow-circle-o-right\"><\/i> OKA 35\/50<\/li>\n<li><i class=\"fa fa-arrow-circle-o-right\"><\/i> OKA 35\/100<\/li>\n<li><i class=\"fa fa-arrow-circle-o-right\"><\/i> OKA 50\/100<\/li>\n<li><i class=\"fa fa-arrow-circle-o-right\"><\/i> OKA 70\/100<\/li>\n<\/ul>\n<p>Ekkor az els\u0151 sz\u00e1m a kompresszor teljes\u00edtm\u00e9ny\u00e9t, a m\u00e1sodik pedig az \u00fczemi tart\u00e1ly t\u00e9rfogat\u00e1t adja meg.<\/p>\n<h3>b) OKKA modellsorozat<\/h3>\n<p>Enn\u00e9l a sorozatn\u00e1l a rendszer teljes\u00edtm\u00e9nye k\u00e9t kompresszorra oszlik el.<\/p>\n<ul class=\"list-1\">\n<li><i class=\"fa fa-arrow-circle-o-right\"><\/i> OKKA 25\/50<\/li>\n<li><i class=\"fa fa-arrow-circle-o-right\"><\/i> OKKA 25\/100<\/li>\n<li><i class=\"fa fa-arrow-circle-o-right\"><\/i> OKKA 35\/100<\/li>\n<\/ul>\n<h3>c) <a href=\"https:\/\/www.oekermann.de\/vorteile\/1-kessel-doppelanlagen\/\">1-tart\u00e1lyos dupla rendszerek<\/a><\/h3>\n<p>Ezek a rendszerek szint\u00e9n csak egy tart\u00e1llyal rendelkeznek, azonban ezeket k\u00e9t kompresszorral szerelik fel.<\/p>\n<\/section>\n<section class=\"downloads\">\n<div class=\"animate-in\" data-anim-type=\"fade-in-right-big\" data-anim-delay=\"\">\n<div class=\"dl-wrapper\">\n<h2>Let\u00f6lt\u00e9sek a t\u00e9m\u00e1hoz:<\/h2>\n<ul class=\"dl-files\">\n<li class=\"pdf-file-1\"><a href=\"\/res\/pdf\/sonderdruckschriften\/OEKERMANN-Info-02-Die-wichtigsten-Einsatzgruende-fuer-unsere-pneumatischen-Abwasser-Foerderanlagen.pdf\" target=\"_blank\" rel=\"noopener noreferrer\"> A pneumatikus szennyv\u00edzsz\u00e1ll\u00edt\u00f3 rendszerek alkalmaz\u00e1s\u00e1nak legfontosabb okai <\/a><\/li>\n<\/ul>\n<div class=\"dl-all\"><a title=\"Kostenlose Downloads zur Pneumatischen Abwassertechnik\" href=\"https:\/\/www.oekermann.de\/downloads\/\">Ingyenes t\u00e1j\u00e9koztat\u00f3 anyag a pneumatikus szennyv\u00edztechnika t\u00e9m\u00e1j\u00e1ban<\/a><\/div>\n<\/div>\n<\/div>\n<\/section>\n","protected":false},"excerpt":{"rendered":"<p>Kompakt fel\u00e9p\u00edt\u00e9s\u0171 pneumatikus szennyv\u00edzsz\u00e1ll\u00edt\u00f3 rendszerek K\u00fcl\u00f6n\u00e1ll\u00f3 h\u00e1zak vagy h\u00e1zcsoportok a nyilv\u00e1nos csatornah\u00e1l\u00f3zatra val\u00f3 r\u00e1k\u00f6t\u00e9s\u00e9hez az OEKERMANN kompakt fel\u00e9p\u00edt\u00e9s\u0171 szennyv\u00edzszivatty\u00fa-telepeket k\u00edn\u00e1l. Ezek a berendez\u00e9sek gravit\u00e1ci\u00f3s ejt\u0151vezet\u00e9kes csatornarendszerre dolgozhatnak, vagy kombin\u00e1lva szennyv\u00edz-\/nyom\u00f3vezet\u00e9k-h\u00e1l\u00f3zatra is bet\u00e1pl\u00e1lhatnak. Ugyanazokkal az el\u0151ny\u00f6kkel rendelkeznek mint a nagy dupla rendszerek \u00e9s a t\u00f6bbes rendszerek: nagy t\u00e1vols\u00e1gok \u00e1thidal\u00e1sa rothad\u00e1sk\u00e9pz\u0151d\u00e9s megakad\u00e1lyoz\u00e1sa sz\u00e9nhidrog\u00e9n-vegy\u00fcletek k\u00e9pz\u0151d\u00e9s\u00e9nek elker\u00fcl\u00e9se = nincs<\/p>\n<p class=\"link-more\"><a href=\"https:\/\/www.oekermann.de\/hu\/termekcsoportok\/kis-rendszerek\/\" class=\"envor-btn\">Weiterlesen<span class=\"screen-reader-text\"> &#8220;Kis rendszerek&#8221;<\/span><\/a><\/p>\n","protected":false},"author":2,"featured_media":0,"parent":5069,"menu_order":0,"comment_status":"closed","ping_status":"closed","template":"","meta":{"footnotes":""},"class_list":["post-5070","page","type-page","status-publish","hentry"],"yoast_head":"<!-- This site is optimized with the Yoast SEO plugin v27.4 - https:\/\/yoast.com\/product\/yoast-seo-wordpress\/ -->\n<title>Kis rendszerek - Pneumatische F\u00f6rdertechnik - OEKERMANN Abwassertechnik<\/title>\n<meta name=\"robots\" content=\"index, follow, max-snippet:-1, max-image-preview:large, max-video-preview:-1\" \/>\n<link rel=\"canonical\" href=\"https:\/\/www.oekermann.de\/hu\/termekcsoportok\/kis-rendszerek\/\" \/>\n<meta property=\"og:locale\" content=\"hu_HU\" \/>\n<meta property=\"og:type\" content=\"article\" \/>\n<meta property=\"og:title\" content=\"Kis rendszerek - Pneumatische F\u00f6rdertechnik - OEKERMANN Abwassertechnik\" \/>\n<meta property=\"og:description\" content=\"Kompakt fel\u00e9p\u00edt\u00e9s\u0171 pneumatikus szennyv\u00edzsz\u00e1ll\u00edt\u00f3 rendszerek K\u00fcl\u00f6n\u00e1ll\u00f3 h\u00e1zak vagy h\u00e1zcsoportok a nyilv\u00e1nos csatornah\u00e1l\u00f3zatra val\u00f3 r\u00e1k\u00f6t\u00e9s\u00e9hez az OEKERMANN kompakt fel\u00e9p\u00edt\u00e9s\u0171 szennyv\u00edzszivatty\u00fa-telepeket k\u00edn\u00e1l. Ezek a berendez\u00e9sek gravit\u00e1ci\u00f3s ejt\u0151vezet\u00e9kes csatornarendszerre dolgozhatnak, vagy kombin\u00e1lva szennyv\u00edz-\/nyom\u00f3vezet\u00e9k-h\u00e1l\u00f3zatra is bet\u00e1pl\u00e1lhatnak. Ugyanazokkal az el\u0151ny\u00f6kkel rendelkeznek mint a nagy dupla rendszerek \u00e9s a t\u00f6bbes rendszerek: nagy t\u00e1vols\u00e1gok \u00e1thidal\u00e1sa rothad\u00e1sk\u00e9pz\u0151d\u00e9s megakad\u00e1lyoz\u00e1sa sz\u00e9nhidrog\u00e9n-vegy\u00fcletek k\u00e9pz\u0151d\u00e9s\u00e9nek elker\u00fcl\u00e9se = nincsWeiterlesen &quot;Kis rendszerek&quot;\" \/>\n<meta property=\"og:url\" content=\"https:\/\/www.oekermann.de\/hu\/termekcsoportok\/kis-rendszerek\/\" \/>\n<meta property=\"og:site_name\" content=\"Pneumatische F\u00f6rdertechnik - OEKERMANN Abwassertechnik\" \/>\n<meta property=\"article:publisher\" content=\"https:\/\/www.facebook.com\/pages\/Oekermann-Abwassertechnik\/1007781205906685\" \/>\n<meta property=\"article:modified_time\" content=\"2025-06-23T11:05:41+00:00\" \/>\n<meta name=\"twitter:card\" content=\"summary_large_image\" \/>\n<meta name=\"twitter:site\" content=\"@Oekermann\" \/>\n<meta name=\"twitter:label1\" content=\"Est. reading time\" \/>\n\t<meta name=\"twitter:data1\" content=\"3 minutes\" \/>\n<script type=\"application\/ld+json\" class=\"yoast-schema-graph\">{\"@context\":\"https:\\\/\\\/schema.org\",\"@graph\":[{\"@type\":\"WebPage\",\"@id\":\"https:\\\/\\\/www.oekermann.de\\\/hu\\\/termekcsoportok\\\/kis-rendszerek\\\/\",\"url\":\"https:\\\/\\\/www.oekermann.de\\\/hu\\\/termekcsoportok\\\/kis-rendszerek\\\/\",\"name\":\"Kis rendszerek - Pneumatische F\u00f6rdertechnik - OEKERMANN Abwassertechnik\",\"isPartOf\":{\"@id\":\"https:\\\/\\\/www.oekermann.de\\\/#website\"},\"datePublished\":\"2017-02-05T18:05:48+00:00\",\"dateModified\":\"2025-06-23T11:05:41+00:00\",\"breadcrumb\":{\"@id\":\"https:\\\/\\\/www.oekermann.de\\\/hu\\\/termekcsoportok\\\/kis-rendszerek\\\/#breadcrumb\"},\"inLanguage\":\"hu-HU\",\"potentialAction\":[{\"@type\":\"ReadAction\",\"target\":[\"https:\\\/\\\/www.oekermann.de\\\/hu\\\/termekcsoportok\\\/kis-rendszerek\\\/\"]}]},{\"@type\":\"BreadcrumbList\",\"@id\":\"https:\\\/\\\/www.oekermann.de\\\/hu\\\/termekcsoportok\\\/kis-rendszerek\\\/#breadcrumb\",\"itemListElement\":[{\"@type\":\"ListItem\",\"position\":1,\"name\":\"Startseite\",\"item\":\"https:\\\/\\\/www.oekermann.de\\\/hu\\\/\"},{\"@type\":\"ListItem\",\"position\":2,\"name\":\"Term\u00e9kcsoportok\",\"item\":\"https:\\\/\\\/www.oekermann.de\\\/hu\\\/termekcsoportok\\\/\"},{\"@type\":\"ListItem\",\"position\":3,\"name\":\"Kis rendszerek\"}]},{\"@type\":\"WebSite\",\"@id\":\"https:\\\/\\\/www.oekermann.de\\\/#website\",\"url\":\"https:\\\/\\\/www.oekermann.de\\\/\",\"name\":\"Pneumatische F\u00f6rdertechnik - OEKERMANN Abwassertechnik\",\"description\":\"\",\"potentialAction\":[{\"@type\":\"SearchAction\",\"target\":{\"@type\":\"EntryPoint\",\"urlTemplate\":\"https:\\\/\\\/www.oekermann.de\\\/?s={search_term_string}\"},\"query-input\":{\"@type\":\"PropertyValueSpecification\",\"valueRequired\":true,\"valueName\":\"search_term_string\"}}],\"inLanguage\":\"hu-HU\"}]}<\/script>\n<!-- \/ Yoast SEO plugin. -->","yoast_head_json":{"title":"Kis rendszerek - Pneumatische F\u00f6rdertechnik - OEKERMANN Abwassertechnik","robots":{"index":"index","follow":"follow","max-snippet":"max-snippet:-1","max-image-preview":"max-image-preview:large","max-video-preview":"max-video-preview:-1"},"canonical":"https:\/\/www.oekermann.de\/hu\/termekcsoportok\/kis-rendszerek\/","og_locale":"hu_HU","og_type":"article","og_title":"Kis rendszerek - Pneumatische F\u00f6rdertechnik - OEKERMANN Abwassertechnik","og_description":"Kompakt fel\u00e9p\u00edt\u00e9s\u0171 pneumatikus szennyv\u00edzsz\u00e1ll\u00edt\u00f3 rendszerek K\u00fcl\u00f6n\u00e1ll\u00f3 h\u00e1zak vagy h\u00e1zcsoportok a nyilv\u00e1nos csatornah\u00e1l\u00f3zatra val\u00f3 r\u00e1k\u00f6t\u00e9s\u00e9hez az OEKERMANN kompakt fel\u00e9p\u00edt\u00e9s\u0171 szennyv\u00edzszivatty\u00fa-telepeket k\u00edn\u00e1l. Ezek a berendez\u00e9sek gravit\u00e1ci\u00f3s ejt\u0151vezet\u00e9kes csatornarendszerre dolgozhatnak, vagy kombin\u00e1lva szennyv\u00edz-\/nyom\u00f3vezet\u00e9k-h\u00e1l\u00f3zatra is bet\u00e1pl\u00e1lhatnak. Ugyanazokkal az el\u0151ny\u00f6kkel rendelkeznek mint a nagy dupla rendszerek \u00e9s a t\u00f6bbes rendszerek: nagy t\u00e1vols\u00e1gok \u00e1thidal\u00e1sa rothad\u00e1sk\u00e9pz\u0151d\u00e9s megakad\u00e1lyoz\u00e1sa sz\u00e9nhidrog\u00e9n-vegy\u00fcletek k\u00e9pz\u0151d\u00e9s\u00e9nek elker\u00fcl\u00e9se = nincsWeiterlesen \"Kis rendszerek\"","og_url":"https:\/\/www.oekermann.de\/hu\/termekcsoportok\/kis-rendszerek\/","og_site_name":"Pneumatische F\u00f6rdertechnik - OEKERMANN Abwassertechnik","article_publisher":"https:\/\/www.facebook.com\/pages\/Oekermann-Abwassertechnik\/1007781205906685","article_modified_time":"2025-06-23T11:05:41+00:00","twitter_card":"summary_large_image","twitter_site":"@Oekermann","twitter_misc":{"Est. reading time":"3 minutes"},"schema":{"@context":"https:\/\/schema.org","@graph":[{"@type":"WebPage","@id":"https:\/\/www.oekermann.de\/hu\/termekcsoportok\/kis-rendszerek\/","url":"https:\/\/www.oekermann.de\/hu\/termekcsoportok\/kis-rendszerek\/","name":"Kis rendszerek - Pneumatische F\u00f6rdertechnik - OEKERMANN Abwassertechnik","isPartOf":{"@id":"https:\/\/www.oekermann.de\/#website"},"datePublished":"2017-02-05T18:05:48+00:00","dateModified":"2025-06-23T11:05:41+00:00","breadcrumb":{"@id":"https:\/\/www.oekermann.de\/hu\/termekcsoportok\/kis-rendszerek\/#breadcrumb"},"inLanguage":"hu-HU","potentialAction":[{"@type":"ReadAction","target":["https:\/\/www.oekermann.de\/hu\/termekcsoportok\/kis-rendszerek\/"]}]},{"@type":"BreadcrumbList","@id":"https:\/\/www.oekermann.de\/hu\/termekcsoportok\/kis-rendszerek\/#breadcrumb","itemListElement":[{"@type":"ListItem","position":1,"name":"Startseite","item":"https:\/\/www.oekermann.de\/hu\/"},{"@type":"ListItem","position":2,"name":"Term\u00e9kcsoportok","item":"https:\/\/www.oekermann.de\/hu\/termekcsoportok\/"},{"@type":"ListItem","position":3,"name":"Kis rendszerek"}]},{"@type":"WebSite","@id":"https:\/\/www.oekermann.de\/#website","url":"https:\/\/www.oekermann.de\/","name":"Pneumatische F\u00f6rdertechnik - OEKERMANN Abwassertechnik","description":"","potentialAction":[{"@type":"SearchAction","target":{"@type":"EntryPoint","urlTemplate":"https:\/\/www.oekermann.de\/?s={search_term_string}"},"query-input":{"@type":"PropertyValueSpecification","valueRequired":true,"valueName":"search_term_string"}}],"inLanguage":"hu-HU"}]}},"_links":{"self":[{"href":"https:\/\/www.oekermann.de\/hu\/wp-json\/wp\/v2\/pages\/5070","targetHints":{"allow":["GET"]}}],"collection":[{"href":"https:\/\/www.oekermann.de\/hu\/wp-json\/wp\/v2\/pages"}],"about":[{"href":"https:\/\/www.oekermann.de\/hu\/wp-json\/wp\/v2\/types\/page"}],"author":[{"embeddable":true,"href":"https:\/\/www.oekermann.de\/hu\/wp-json\/wp\/v2\/users\/2"}],"replies":[{"embeddable":true,"href":"https:\/\/www.oekermann.de\/hu\/wp-json\/wp\/v2\/comments?post=5070"}],"version-history":[{"count":2,"href":"https:\/\/www.oekermann.de\/hu\/wp-json\/wp\/v2\/pages\/5070\/revisions"}],"predecessor-version":[{"id":5227,"href":"https:\/\/www.oekermann.de\/hu\/wp-json\/wp\/v2\/pages\/5070\/revisions\/5227"}],"up":[{"embeddable":true,"href":"https:\/\/www.oekermann.de\/hu\/wp-json\/wp\/v2\/pages\/5069"}],"wp:attachment":[{"href":"https:\/\/www.oekermann.de\/hu\/wp-json\/wp\/v2\/media?parent=5070"}],"curies":[{"name":"wp","href":"https:\/\/api.w.org\/{rel}","templated":true}]}}