{"id":5071,"date":"2019-06-07T14:06:35","date_gmt":"2019-06-07T12:06:35","guid":{"rendered":"https:\/\/www.oekermann.de\/?page_id=5071"},"modified":"2025-06-23T13:06:03","modified_gmt":"2025-06-23T11:06:03","slug":"1-tartalyos-dupla-rendszerek","status":"publish","type":"page","link":"https:\/\/www.oekermann.de\/hu\/termekcsoportok\/1-tartalyos-dupla-rendszerek\/","title":{"rendered":"1-tart\u00e1lyos dupla rendszerek"},"content":{"rendered":"<section>\n<h2>Pneumatikus 1-tart\u00e1lyos dupla rendszerek<\/h2>\n<p>Ezek a rendszerek szint\u00e9n csak egy tart\u00e1llyal (\u00fczemi tart\u00e1ly), azonban 2 kompresszorral rendelkeznek.<\/p>\n<p>Alapfelszerel\u00e9sk\u00e9nt a k\u00f6vetkez\u0151 modellek \u00e1llnak rendelkez\u00e9sre:<\/p>\n<ul class=\"list-1\">\n<li><i class=\"fa fa-arrow-circle-o-right\"><\/i> ZW M 260 B\/1 KE 50<\/li>\n<li><i class=\"fa fa-arrow-circle-o-right\"><\/i> ZW M 260 B\/1 KE 100<\/li>\n<li><i class=\"fa fa-arrow-circle-o-right\"><\/i> ZW M 350 B\/1 KE 50<\/li>\n<li><i class=\"fa fa-arrow-circle-o-right\"><\/i> ZW M 350 B\/1 KE 100<\/li>\n<li><i class=\"fa fa-arrow-circle-o-right\"><\/i> ZW M 500 B\/1 KE 50<\/li>\n<li><i class=\"fa fa-arrow-circle-o-right\"><\/i> ZW M 500 B\/1 KE 100<\/li>\n<\/ul>\n<p>M\u00e1s modellek, ill. teljes\u00edtm\u00e9nyek \u00e9s egyedi kivitelek megkeres\u00e9sre kaphat\u00f3k.<\/p>\n<style type=\"text\/css\">\n#foogallery-gallery-2891 .fg-image { width: 510px; }\n#foogallery-gallery-2891 { --fg-gutter: 10px; }<\/style>\n\t\t\t<div class=\"foogallery foogallery-container foogallery-default foogallery-lightbox-foobox fg-left fg-default fg-ready fg-light fg-border-thin fg-shadow-small fg-loading-default fg-loaded-fade-in fg-hover-fade fg-hover-zoom\" id=\"foogallery-gallery-2891\" data-foogallery=\"{&quot;item&quot;:{&quot;showCaptionTitle&quot;:true,&quot;showCaptionDescription&quot;:false},&quot;lazy&quot;:true}\" style=\"--fg-title-line-clamp: 0; --fg-description-line-clamp: 0;\" >\n\t<div class=\"fg-item fg-type-image fg-idle\"><figure class=\"fg-item-inner\"><a href=\"https:\/\/www.oekermann.de\/wp-content\/uploads\/2019\/06\/Oekermann-Abwassertechnik-1-Kessel-Doppelanlage-Draufsicht.jpg\" data-attachment-id=\"2893\" data-type=\"image\" class=\"fg-thumb\"><span class=\"fg-image-wrap\"><img fetchpriority=\"high\" decoding=\"async\" alt=\"Oekermann Abwassertechnik - 1-Kessel-Doppelanlage - Draufsicht\" width=\"510\" height=\"298\" class=\"skip-lazy fg-image\" data-src-fg=\"https:\/\/www.oekermann.de\/wp-content\/uploads\/cache\/2019\/06\/Oekermann-Abwassertechnik-1-Kessel-Doppelanlage-Draufsicht\/1580302236.jpg\" src=\"data:image\/svg+xml,%3Csvg%20xmlns%3D%22http%3A%2F%2Fwww.w3.org%2F2000%2Fsvg%22%20width%3D%22510%22%20height%3D%22298%22%20viewBox%3D%220%200%20510%20298%22%3E%3C%2Fsvg%3E\" loading=\"eager\"><\/span><span class=\"fg-image-overlay\"><\/span><\/a><\/figure><div class=\"fg-loader\"><\/div><\/div><\/div>\n\n<\/section>\n<section class=\"downloads\">\n<div class=\"animate-in\" data-anim-type=\"fade-in-right-big\" data-anim-delay=\"\">\n<div class=\"dl-wrapper\">\n<h2>Let\u00f6lt\u00e9sek a t\u00e9m\u00e1hoz:<\/h2>\n<ul class=\"dl-files\">\n<li class=\"pdf-file-1\"><a href=\"\/res\/pdf\/sonderdruckschriften\/OEKERMANN-Info-02-Die-wichtigsten-Einsatzgruende-fuer-unsere-pneumatischen-Abwasser-Foerderanlagen.pdf\" target=\"_blank\" rel=\"noopener noreferrer\"> A pneumatikus szennyv\u00edzsz\u00e1ll\u00edt\u00f3 rendszerek alkalmaz\u00e1s\u00e1nak legfontosabb okai <\/a><\/li>\n<\/ul>\n<div class=\"dl-all\"><a title=\"Kostenlose Downloads zur Pneumatischen Abwassertechnik\" href=\"https:\/\/www.oekermann.de\/downloads\/\">Ingyenes t\u00e1j\u00e9koztat\u00f3 anyag a pneumatikus szennyv\u00edztechnika t\u00e9m\u00e1j\u00e1ban<\/a><\/div>\n<\/div>\n<\/div>\n<\/section>\n","protected":false},"excerpt":{"rendered":"<p>Pneumatikus 1-tart\u00e1lyos dupla rendszerek Ezek a rendszerek szint\u00e9n csak egy tart\u00e1llyal (\u00fczemi tart\u00e1ly), azonban 2 kompresszorral rendelkeznek. Alapfelszerel\u00e9sk\u00e9nt a k\u00f6vetkez\u0151 modellek \u00e1llnak rendelkez\u00e9sre: ZW M 260 B\/1 KE 50 ZW M 260 B\/1 KE 100 ZW M 350 B\/1 KE 50 ZW M 350 B\/1 KE 100 ZW M 500 B\/1 KE 50 ZW M<\/p>\n<p class=\"link-more\"><a href=\"https:\/\/www.oekermann.de\/hu\/termekcsoportok\/1-tartalyos-dupla-rendszerek\/\" class=\"envor-btn\">Weiterlesen<span class=\"screen-reader-text\"> &#8220;1-tart\u00e1lyos dupla rendszerek&#8221;<\/span><\/a><\/p>\n","protected":false},"author":2,"featured_media":0,"parent":5069,"menu_order":0,"comment_status":"closed","ping_status":"closed","template":"","meta":{"footnotes":""},"class_list":["post-5071","page","type-page","status-publish","hentry"],"yoast_head":"<!-- This site is optimized with the Yoast SEO plugin v27.4 - https:\/\/yoast.com\/product\/yoast-seo-wordpress\/ -->\n<title>1-tart\u00e1lyos dupla rendszerek - Pneumatische F\u00f6rdertechnik - OEKERMANN Abwassertechnik<\/title>\n<meta name=\"robots\" content=\"index, follow, max-snippet:-1, max-image-preview:large, max-video-preview:-1\" \/>\n<link rel=\"canonical\" href=\"https:\/\/www.oekermann.de\/hu\/termekcsoportok\/1-tartalyos-dupla-rendszerek\/\" \/>\n<meta property=\"og:locale\" content=\"hu_HU\" \/>\n<meta property=\"og:type\" content=\"article\" \/>\n<meta property=\"og:title\" content=\"1-tart\u00e1lyos dupla rendszerek - Pneumatische F\u00f6rdertechnik - OEKERMANN Abwassertechnik\" \/>\n<meta property=\"og:description\" content=\"Pneumatikus 1-tart\u00e1lyos dupla rendszerek Ezek a rendszerek szint\u00e9n csak egy tart\u00e1llyal (\u00fczemi tart\u00e1ly), azonban 2 kompresszorral rendelkeznek. Alapfelszerel\u00e9sk\u00e9nt a k\u00f6vetkez\u0151 modellek \u00e1llnak rendelkez\u00e9sre: ZW M 260 B\/1 KE 50 ZW M 260 B\/1 KE 100 ZW M 350 B\/1 KE 50 ZW M 350 B\/1 KE 100 ZW M 500 B\/1 KE 50 ZW MWeiterlesen &quot;1-tart\u00e1lyos dupla rendszerek&quot;\" \/>\n<meta property=\"og:url\" content=\"https:\/\/www.oekermann.de\/hu\/termekcsoportok\/1-tartalyos-dupla-rendszerek\/\" \/>\n<meta property=\"og:site_name\" content=\"Pneumatische F\u00f6rdertechnik - OEKERMANN Abwassertechnik\" \/>\n<meta property=\"article:publisher\" content=\"https:\/\/www.facebook.com\/pages\/Oekermann-Abwassertechnik\/1007781205906685\" \/>\n<meta property=\"article:modified_time\" content=\"2025-06-23T11:06:03+00:00\" \/>\n<meta name=\"twitter:card\" content=\"summary_large_image\" \/>\n<meta name=\"twitter:site\" content=\"@Oekermann\" \/>\n<meta name=\"twitter:label1\" content=\"Est. reading time\" \/>\n\t<meta name=\"twitter:data1\" content=\"1 minute\" \/>\n<script type=\"application\/ld+json\" class=\"yoast-schema-graph\">{\"@context\":\"https:\\\/\\\/schema.org\",\"@graph\":[{\"@type\":\"WebPage\",\"@id\":\"https:\\\/\\\/www.oekermann.de\\\/hu\\\/termekcsoportok\\\/1-tartalyos-dupla-rendszerek\\\/\",\"url\":\"https:\\\/\\\/www.oekermann.de\\\/hu\\\/termekcsoportok\\\/1-tartalyos-dupla-rendszerek\\\/\",\"name\":\"1-tart\u00e1lyos dupla rendszerek - Pneumatische F\u00f6rdertechnik - OEKERMANN Abwassertechnik\",\"isPartOf\":{\"@id\":\"https:\\\/\\\/www.oekermann.de\\\/#website\"},\"datePublished\":\"2019-06-07T12:06:35+00:00\",\"dateModified\":\"2025-06-23T11:06:03+00:00\",\"breadcrumb\":{\"@id\":\"https:\\\/\\\/www.oekermann.de\\\/hu\\\/termekcsoportok\\\/1-tartalyos-dupla-rendszerek\\\/#breadcrumb\"},\"inLanguage\":\"hu-HU\",\"potentialAction\":[{\"@type\":\"ReadAction\",\"target\":[\"https:\\\/\\\/www.oekermann.de\\\/hu\\\/termekcsoportok\\\/1-tartalyos-dupla-rendszerek\\\/\"]}]},{\"@type\":\"BreadcrumbList\",\"@id\":\"https:\\\/\\\/www.oekermann.de\\\/hu\\\/termekcsoportok\\\/1-tartalyos-dupla-rendszerek\\\/#breadcrumb\",\"itemListElement\":[{\"@type\":\"ListItem\",\"position\":1,\"name\":\"Startseite\",\"item\":\"https:\\\/\\\/www.oekermann.de\\\/hu\\\/\"},{\"@type\":\"ListItem\",\"position\":2,\"name\":\"Term\u00e9kcsoportok\",\"item\":\"https:\\\/\\\/www.oekermann.de\\\/hu\\\/termekcsoportok\\\/\"},{\"@type\":\"ListItem\",\"position\":3,\"name\":\"1-tart\u00e1lyos dupla rendszerek\"}]},{\"@type\":\"WebSite\",\"@id\":\"https:\\\/\\\/www.oekermann.de\\\/#website\",\"url\":\"https:\\\/\\\/www.oekermann.de\\\/\",\"name\":\"Pneumatische F\u00f6rdertechnik - OEKERMANN Abwassertechnik\",\"description\":\"\",\"potentialAction\":[{\"@type\":\"SearchAction\",\"target\":{\"@type\":\"EntryPoint\",\"urlTemplate\":\"https:\\\/\\\/www.oekermann.de\\\/?s={search_term_string}\"},\"query-input\":{\"@type\":\"PropertyValueSpecification\",\"valueRequired\":true,\"valueName\":\"search_term_string\"}}],\"inLanguage\":\"hu-HU\"}]}<\/script>\n<!-- \/ Yoast SEO plugin. -->","yoast_head_json":{"title":"1-tart\u00e1lyos dupla rendszerek - Pneumatische F\u00f6rdertechnik - OEKERMANN Abwassertechnik","robots":{"index":"index","follow":"follow","max-snippet":"max-snippet:-1","max-image-preview":"max-image-preview:large","max-video-preview":"max-video-preview:-1"},"canonical":"https:\/\/www.oekermann.de\/hu\/termekcsoportok\/1-tartalyos-dupla-rendszerek\/","og_locale":"hu_HU","og_type":"article","og_title":"1-tart\u00e1lyos dupla rendszerek - Pneumatische F\u00f6rdertechnik - OEKERMANN Abwassertechnik","og_description":"Pneumatikus 1-tart\u00e1lyos dupla rendszerek Ezek a rendszerek szint\u00e9n csak egy tart\u00e1llyal (\u00fczemi tart\u00e1ly), azonban 2 kompresszorral rendelkeznek. Alapfelszerel\u00e9sk\u00e9nt a k\u00f6vetkez\u0151 modellek \u00e1llnak rendelkez\u00e9sre: ZW M 260 B\/1 KE 50 ZW M 260 B\/1 KE 100 ZW M 350 B\/1 KE 50 ZW M 350 B\/1 KE 100 ZW M 500 B\/1 KE 50 ZW MWeiterlesen \"1-tart\u00e1lyos dupla rendszerek\"","og_url":"https:\/\/www.oekermann.de\/hu\/termekcsoportok\/1-tartalyos-dupla-rendszerek\/","og_site_name":"Pneumatische F\u00f6rdertechnik - OEKERMANN Abwassertechnik","article_publisher":"https:\/\/www.facebook.com\/pages\/Oekermann-Abwassertechnik\/1007781205906685","article_modified_time":"2025-06-23T11:06:03+00:00","twitter_card":"summary_large_image","twitter_site":"@Oekermann","twitter_misc":{"Est. reading time":"1 minute"},"schema":{"@context":"https:\/\/schema.org","@graph":[{"@type":"WebPage","@id":"https:\/\/www.oekermann.de\/hu\/termekcsoportok\/1-tartalyos-dupla-rendszerek\/","url":"https:\/\/www.oekermann.de\/hu\/termekcsoportok\/1-tartalyos-dupla-rendszerek\/","name":"1-tart\u00e1lyos dupla rendszerek - Pneumatische F\u00f6rdertechnik - OEKERMANN Abwassertechnik","isPartOf":{"@id":"https:\/\/www.oekermann.de\/#website"},"datePublished":"2019-06-07T12:06:35+00:00","dateModified":"2025-06-23T11:06:03+00:00","breadcrumb":{"@id":"https:\/\/www.oekermann.de\/hu\/termekcsoportok\/1-tartalyos-dupla-rendszerek\/#breadcrumb"},"inLanguage":"hu-HU","potentialAction":[{"@type":"ReadAction","target":["https:\/\/www.oekermann.de\/hu\/termekcsoportok\/1-tartalyos-dupla-rendszerek\/"]}]},{"@type":"BreadcrumbList","@id":"https:\/\/www.oekermann.de\/hu\/termekcsoportok\/1-tartalyos-dupla-rendszerek\/#breadcrumb","itemListElement":[{"@type":"ListItem","position":1,"name":"Startseite","item":"https:\/\/www.oekermann.de\/hu\/"},{"@type":"ListItem","position":2,"name":"Term\u00e9kcsoportok","item":"https:\/\/www.oekermann.de\/hu\/termekcsoportok\/"},{"@type":"ListItem","position":3,"name":"1-tart\u00e1lyos dupla rendszerek"}]},{"@type":"WebSite","@id":"https:\/\/www.oekermann.de\/#website","url":"https:\/\/www.oekermann.de\/","name":"Pneumatische F\u00f6rdertechnik - OEKERMANN Abwassertechnik","description":"","potentialAction":[{"@type":"SearchAction","target":{"@type":"EntryPoint","urlTemplate":"https:\/\/www.oekermann.de\/?s={search_term_string}"},"query-input":{"@type":"PropertyValueSpecification","valueRequired":true,"valueName":"search_term_string"}}],"inLanguage":"hu-HU"}]}},"_links":{"self":[{"href":"https:\/\/www.oekermann.de\/hu\/wp-json\/wp\/v2\/pages\/5071","targetHints":{"allow":["GET"]}}],"collection":[{"href":"https:\/\/www.oekermann.de\/hu\/wp-json\/wp\/v2\/pages"}],"about":[{"href":"https:\/\/www.oekermann.de\/hu\/wp-json\/wp\/v2\/types\/page"}],"author":[{"embeddable":true,"href":"https:\/\/www.oekermann.de\/hu\/wp-json\/wp\/v2\/users\/2"}],"replies":[{"embeddable":true,"href":"https:\/\/www.oekermann.de\/hu\/wp-json\/wp\/v2\/comments?post=5071"}],"version-history":[{"count":2,"href":"https:\/\/www.oekermann.de\/hu\/wp-json\/wp\/v2\/pages\/5071\/revisions"}],"predecessor-version":[{"id":5228,"href":"https:\/\/www.oekermann.de\/hu\/wp-json\/wp\/v2\/pages\/5071\/revisions\/5228"}],"up":[{"embeddable":true,"href":"https:\/\/www.oekermann.de\/hu\/wp-json\/wp\/v2\/pages\/5069"}],"wp:attachment":[{"href":"https:\/\/www.oekermann.de\/hu\/wp-json\/wp\/v2\/media?parent=5071"}],"curies":[{"name":"wp","href":"https:\/\/api.w.org\/{rel}","templated":true}]}}