{"id":5073,"date":"2017-02-05T19:12:58","date_gmt":"2017-02-05T18:12:58","guid":{"rendered":"https:\/\/www.oekermann.de\/?page_id=5073"},"modified":"2025-06-23T13:06:50","modified_gmt":"2025-06-23T11:06:50","slug":"harmas-es-negyes-rendszerek","status":"publish","type":"page","link":"https:\/\/www.oekermann.de\/hu\/termekcsoportok\/harmas-es-negyes-rendszerek\/","title":{"rendered":"H\u00e1rmas \u00e9s n\u00e9gyes rendszerek"},"content":{"rendered":"<section>\n<h2>S\u0171r\u00edtettleveg\u0151s szivatty\u00fatelepek 3 vagy 4 kompresszorral<\/h2>\n<p>H\u00e1rmas vagy n\u00e9gyes rendszereket norm\u00e1l esetben szenny- \u00e9s es\u0151v\u00edzsz\u00e1ll\u00edt\u00f3 szivatty\u00fatelepeken, nagy telep\u00fcl\u00e9seken \u00e9s nagy <a href=\"https:\/\/www.oekermann.de\/projekt-fotos\/industrieanlagen\/\">ipari \u00fczemekben <\/a> alkalmaznak.<\/p>\n<p>A rendszer teljes\u00edtm\u00e9ny\u00e9nek 3 vagy 4 \u00fczemi l\u00e9gkompresszorra val\u00f3 eloszt\u00e1s\u00e1nak eredm\u00e9nye a magasabb redundancia; mindenekel\u0151tt azonban ilyen nagy szennyv\u00edzmennyis\u00e9gek eset\u00e9n k\u00fcl\u00f6n\u00f6sen <a href=\"https:\/\/www.oekermann.de\/themen\/wirtschaftlichkeit\/\">gazdas\u00e1gos<\/a> az \u00fczemel\u00e9s, mert a rendszerek rugalmasabban k\u00e9pesek alkalmazkodni a be\u00e1raml\u00f3 szennyv\u00edzhez.<\/p>\n<p>A h\u00e1rmas rendszerek 2 vagy 3 \u00fczemi tart\u00e1llyal szerelhet\u0151k fel, melyek t\u00f6lt\u00e9se \u00e9s \u00fcr\u00edt\u00e9se pont \u00fagy mint a <a href=\"https:\/\/www.oekermann.de\/produktgruppen\/doppelanlagen\/\">dupla rendszerek<\/a> eset\u00e9ben, felv\u00e1ltva t\u00f6rt\u00e9nik.<\/p>\n<p>A n\u00e9gyes rendszerek a legt\u00f6bb esetben 3 \u00fczemi tart\u00e1llyal vannak felszerelve.<\/p>\n<p>A h\u00e1rmas \u00e9s n\u00e9gyes rendszerek fel\u00e1ll\u00edt\u00e1sa a helyviszonyok miatt legt\u00f6bbsz\u00f6r legal\u00e1bb 2 szinten t\u00f6rt\u00e9nik, ami azonban nem felt\u00e9tlen\u00fcl k\u00f6telez\u0151 felt\u00e9tel. A fel\u00e1ll\u00edt\u00e1s szempontj\u00e1b\u00f3l d\u00f6nt\u0151 a be\u00e9rkez\u0151 gravit\u00e1ci\u00f3s ejt\u0151csatorna m\u00e9lys\u00e9ge, ami ugyan\u00edgy \u00e9rv\u00e9nyes a t\u00f6bbi rendszermodellre is.<\/p>\n<p>Az OEKERMANN rendszerek megfelel\u0151 el\u0151zetes tervez\u00e9s eset\u00e9n b\u0151v\u00edthet\u0151k is, teh\u00e1t az els\u0151 ki\u00e9p\u00edt\u00e9si \u00e1llapotban pl. tartal\u00e9k hely tarthat\u00f3 fenn egy tov\u00e1bbi kompresszor \u00e9s\/vagy \u00fczemi tart\u00e1ly sz\u00e1m\u00e1ra. A mindenkori projekt a d\u00f6nt\u0151: <a href=\"https:\/\/www.oekermann.de\/kontakt\/ihre-ansprechpartner\/\">K\u00e9rj\u00fck, konkr\u00e9t ig\u00e9ny eset\u00e9n k\u00fcldje meg r\u00e9sz\u00fcnkre<\/a> a tervdokument\u00e1ci\u00f3t; sz\u00edvesen dolgozunk ki az \u00d6n r\u00e9sz\u00e9re nem k\u00f6telez\u0151 \u00e9rv\u00e9ny\u0171 javaslatokat.<\/p>\n<style type=\"text\/css\">\n#foogallery-gallery-2087 .fg-image { width: 510px; }\n#foogallery-gallery-2087 { --fg-gutter: 10px; }<\/style>\n\t\t\t<div class=\"foogallery foogallery-container foogallery-default foogallery-lightbox-foobox fg-left fg-default fg-ready fg-light fg-border-thin fg-shadow-small fg-loading-default fg-loaded-fade-in fg-hover-fade fg-hover-zoom\" id=\"foogallery-gallery-2087\" data-foogallery=\"{&quot;item&quot;:{&quot;showCaptionTitle&quot;:true,&quot;showCaptionDescription&quot;:false},&quot;lazy&quot;:true}\" style=\"--fg-title-line-clamp: 0; --fg-description-line-clamp: 0;\" >\n\t<div class=\"fg-item fg-type-image fg-idle\"><figure class=\"fg-item-inner\"><a href=\"https:\/\/www.oekermann.de\/wp-content\/uploads\/2017\/02\/Arbeitskessel-einer-pneumatischen-Abwasser-Pumpstation-FRAPORT.jpg\" data-attachment-id=\"112\" data-type=\"image\" class=\"fg-thumb\"><span class=\"fg-image-wrap\"><img fetchpriority=\"high\" decoding=\"async\" alt=\"Arbeitskessel einer pneumatischen Abwasser-Pumpstation\" width=\"510\" height=\"298\" class=\"skip-lazy fg-image\" data-src-fg=\"https:\/\/www.oekermann.de\/wp-content\/uploads\/cache\/2017\/02\/Arbeitskessel-einer-pneumatischen-Abwasser-Pumpstation-FRAPORT\/2209430057.jpg\" src=\"data:image\/svg+xml,%3Csvg%20xmlns%3D%22http%3A%2F%2Fwww.w3.org%2F2000%2Fsvg%22%20width%3D%22510%22%20height%3D%22298%22%20viewBox%3D%220%200%20510%20298%22%3E%3C%2Fsvg%3E\" loading=\"eager\"><\/span><span class=\"fg-image-overlay\"><\/span><\/a><\/figure><div class=\"fg-loader\"><\/div><\/div><div class=\"fg-item fg-type-image fg-idle\"><figure class=\"fg-item-inner\"><a href=\"https:\/\/www.oekermann.de\/wp-content\/uploads\/2018\/03\/DSC_0394l.jpg\" data-attachment-id=\"3096\" data-type=\"image\" class=\"fg-thumb\"><span class=\"fg-image-wrap\"><img decoding=\"async\" alt=\"Schraubenkompressoren - OEKERMANN Abwassertechnik\" width=\"510\" height=\"298\" class=\"skip-lazy fg-image\" data-src-fg=\"https:\/\/www.oekermann.de\/wp-content\/uploads\/cache\/2018\/03\/DSC_0394l\/2856683220.jpg\" src=\"data:image\/svg+xml,%3Csvg%20xmlns%3D%22http%3A%2F%2Fwww.w3.org%2F2000%2Fsvg%22%20width%3D%22510%22%20height%3D%22298%22%20viewBox%3D%220%200%20510%20298%22%3E%3C%2Fsvg%3E\" loading=\"eager\"><\/span><span class=\"fg-image-overlay\"><\/span><\/a><\/figure><div class=\"fg-loader\"><\/div><\/div><\/div>\n\n<\/section>\n<section class=\"downloads\">\n<div class=\"animate-in\" data-anim-type=\"fade-in-right-big\" data-anim-delay=\"\">\n<div class=\"dl-wrapper\">\n<h2>Let\u00f6lt\u00e9sek a t\u00e9m\u00e1hoz:<\/h2>\n<ul class=\"dl-files\">\n<li class=\"pdf-file-1\"><a href=\"\/res\/pdf\/sonderdruckschriften\/OEKERMANN-Info-02-Die-wichtigsten-Einsatzgruende-fuer-unsere-pneumatischen-Abwasser-Foerderanlagen.pdf\" target=\"_blank\" rel=\"noopener noreferrer\"> A pneumatikus szennyv\u00edzsz\u00e1ll\u00edt\u00f3 rendszerek alkalmaz\u00e1s\u00e1nak legfontosabb okai <\/a><\/li>\n<\/ul>\n<div class=\"dl-all\"><a title=\"Kostenlose Downloads zur Pneumatischen Abwassertechnik\" href=\"https:\/\/www.oekermann.de\/downloads\/\">Ingyenes t\u00e1j\u00e9koztat\u00f3 anyag a pneumatikus szennyv\u00edztechnika t\u00e9m\u00e1j\u00e1ban<\/a><\/div>\n<\/div>\n<\/div>\n<\/section>\n","protected":false},"excerpt":{"rendered":"<p>S\u0171r\u00edtettleveg\u0151s szivatty\u00fatelepek 3 vagy 4 kompresszorral H\u00e1rmas vagy n\u00e9gyes rendszereket norm\u00e1l esetben szenny- \u00e9s es\u0151v\u00edzsz\u00e1ll\u00edt\u00f3 szivatty\u00fatelepeken, nagy telep\u00fcl\u00e9seken \u00e9s nagy ipari \u00fczemekben alkalmaznak. A rendszer teljes\u00edtm\u00e9ny\u00e9nek 3 vagy 4 \u00fczemi l\u00e9gkompresszorra val\u00f3 eloszt\u00e1s\u00e1nak eredm\u00e9nye a magasabb redundancia; mindenekel\u0151tt azonban ilyen nagy szennyv\u00edzmennyis\u00e9gek eset\u00e9n k\u00fcl\u00f6n\u00f6sen gazdas\u00e1gos az \u00fczemel\u00e9s, mert a rendszerek rugalmasabban k\u00e9pesek alkalmazkodni a be\u00e1raml\u00f3<\/p>\n<p class=\"link-more\"><a href=\"https:\/\/www.oekermann.de\/hu\/termekcsoportok\/harmas-es-negyes-rendszerek\/\" class=\"envor-btn\">Weiterlesen<span class=\"screen-reader-text\"> &#8220;H\u00e1rmas \u00e9s n\u00e9gyes rendszerek&#8221;<\/span><\/a><\/p>\n","protected":false},"author":2,"featured_media":0,"parent":5069,"menu_order":0,"comment_status":"closed","ping_status":"closed","template":"","meta":{"footnotes":""},"class_list":["post-5073","page","type-page","status-publish","hentry"],"yoast_head":"<!-- This site is optimized with the Yoast SEO plugin v27.4 - https:\/\/yoast.com\/product\/yoast-seo-wordpress\/ -->\n<title>H\u00e1rmas \u00e9s n\u00e9gyes rendszerek - Pneumatische F\u00f6rdertechnik - OEKERMANN Abwassertechnik<\/title>\n<meta name=\"robots\" content=\"index, follow, max-snippet:-1, max-image-preview:large, max-video-preview:-1\" \/>\n<link rel=\"canonical\" href=\"https:\/\/www.oekermann.de\/hu\/termekcsoportok\/harmas-es-negyes-rendszerek\/\" \/>\n<meta property=\"og:locale\" content=\"hu_HU\" \/>\n<meta property=\"og:type\" content=\"article\" \/>\n<meta property=\"og:title\" content=\"H\u00e1rmas \u00e9s n\u00e9gyes rendszerek - Pneumatische F\u00f6rdertechnik - OEKERMANN Abwassertechnik\" \/>\n<meta property=\"og:description\" content=\"S\u0171r\u00edtettleveg\u0151s szivatty\u00fatelepek 3 vagy 4 kompresszorral H\u00e1rmas vagy n\u00e9gyes rendszereket norm\u00e1l esetben szenny- \u00e9s es\u0151v\u00edzsz\u00e1ll\u00edt\u00f3 szivatty\u00fatelepeken, nagy telep\u00fcl\u00e9seken \u00e9s nagy ipari \u00fczemekben alkalmaznak. A rendszer teljes\u00edtm\u00e9ny\u00e9nek 3 vagy 4 \u00fczemi l\u00e9gkompresszorra val\u00f3 eloszt\u00e1s\u00e1nak eredm\u00e9nye a magasabb redundancia; mindenekel\u0151tt azonban ilyen nagy szennyv\u00edzmennyis\u00e9gek eset\u00e9n k\u00fcl\u00f6n\u00f6sen gazdas\u00e1gos az \u00fczemel\u00e9s, mert a rendszerek rugalmasabban k\u00e9pesek alkalmazkodni a be\u00e1raml\u00f3Weiterlesen &quot;H\u00e1rmas \u00e9s n\u00e9gyes rendszerek&quot;\" \/>\n<meta property=\"og:url\" content=\"https:\/\/www.oekermann.de\/hu\/termekcsoportok\/harmas-es-negyes-rendszerek\/\" \/>\n<meta property=\"og:site_name\" content=\"Pneumatische F\u00f6rdertechnik - OEKERMANN Abwassertechnik\" \/>\n<meta property=\"article:publisher\" content=\"https:\/\/www.facebook.com\/pages\/Oekermann-Abwassertechnik\/1007781205906685\" \/>\n<meta property=\"article:modified_time\" content=\"2025-06-23T11:06:50+00:00\" \/>\n<meta name=\"twitter:card\" content=\"summary_large_image\" \/>\n<meta name=\"twitter:site\" content=\"@Oekermann\" \/>\n<meta name=\"twitter:label1\" content=\"Est. reading time\" \/>\n\t<meta name=\"twitter:data1\" content=\"2 minutes\" \/>\n<script type=\"application\/ld+json\" class=\"yoast-schema-graph\">{\"@context\":\"https:\\\/\\\/schema.org\",\"@graph\":[{\"@type\":\"WebPage\",\"@id\":\"https:\\\/\\\/www.oekermann.de\\\/hu\\\/termekcsoportok\\\/harmas-es-negyes-rendszerek\\\/\",\"url\":\"https:\\\/\\\/www.oekermann.de\\\/hu\\\/termekcsoportok\\\/harmas-es-negyes-rendszerek\\\/\",\"name\":\"H\u00e1rmas \u00e9s n\u00e9gyes rendszerek - Pneumatische F\u00f6rdertechnik - OEKERMANN Abwassertechnik\",\"isPartOf\":{\"@id\":\"https:\\\/\\\/www.oekermann.de\\\/#website\"},\"datePublished\":\"2017-02-05T18:12:58+00:00\",\"dateModified\":\"2025-06-23T11:06:50+00:00\",\"breadcrumb\":{\"@id\":\"https:\\\/\\\/www.oekermann.de\\\/hu\\\/termekcsoportok\\\/harmas-es-negyes-rendszerek\\\/#breadcrumb\"},\"inLanguage\":\"hu-HU\",\"potentialAction\":[{\"@type\":\"ReadAction\",\"target\":[\"https:\\\/\\\/www.oekermann.de\\\/hu\\\/termekcsoportok\\\/harmas-es-negyes-rendszerek\\\/\"]}]},{\"@type\":\"BreadcrumbList\",\"@id\":\"https:\\\/\\\/www.oekermann.de\\\/hu\\\/termekcsoportok\\\/harmas-es-negyes-rendszerek\\\/#breadcrumb\",\"itemListElement\":[{\"@type\":\"ListItem\",\"position\":1,\"name\":\"Startseite\",\"item\":\"https:\\\/\\\/www.oekermann.de\\\/hu\\\/\"},{\"@type\":\"ListItem\",\"position\":2,\"name\":\"Term\u00e9kcsoportok\",\"item\":\"https:\\\/\\\/www.oekermann.de\\\/hu\\\/termekcsoportok\\\/\"},{\"@type\":\"ListItem\",\"position\":3,\"name\":\"H\u00e1rmas \u00e9s n\u00e9gyes rendszerek\"}]},{\"@type\":\"WebSite\",\"@id\":\"https:\\\/\\\/www.oekermann.de\\\/#website\",\"url\":\"https:\\\/\\\/www.oekermann.de\\\/\",\"name\":\"Pneumatische F\u00f6rdertechnik - OEKERMANN Abwassertechnik\",\"description\":\"\",\"potentialAction\":[{\"@type\":\"SearchAction\",\"target\":{\"@type\":\"EntryPoint\",\"urlTemplate\":\"https:\\\/\\\/www.oekermann.de\\\/?s={search_term_string}\"},\"query-input\":{\"@type\":\"PropertyValueSpecification\",\"valueRequired\":true,\"valueName\":\"search_term_string\"}}],\"inLanguage\":\"hu-HU\"}]}<\/script>\n<!-- \/ Yoast SEO plugin. -->","yoast_head_json":{"title":"H\u00e1rmas \u00e9s n\u00e9gyes rendszerek - Pneumatische F\u00f6rdertechnik - OEKERMANN Abwassertechnik","robots":{"index":"index","follow":"follow","max-snippet":"max-snippet:-1","max-image-preview":"max-image-preview:large","max-video-preview":"max-video-preview:-1"},"canonical":"https:\/\/www.oekermann.de\/hu\/termekcsoportok\/harmas-es-negyes-rendszerek\/","og_locale":"hu_HU","og_type":"article","og_title":"H\u00e1rmas \u00e9s n\u00e9gyes rendszerek - Pneumatische F\u00f6rdertechnik - OEKERMANN Abwassertechnik","og_description":"S\u0171r\u00edtettleveg\u0151s szivatty\u00fatelepek 3 vagy 4 kompresszorral H\u00e1rmas vagy n\u00e9gyes rendszereket norm\u00e1l esetben szenny- \u00e9s es\u0151v\u00edzsz\u00e1ll\u00edt\u00f3 szivatty\u00fatelepeken, nagy telep\u00fcl\u00e9seken \u00e9s nagy ipari \u00fczemekben alkalmaznak. A rendszer teljes\u00edtm\u00e9ny\u00e9nek 3 vagy 4 \u00fczemi l\u00e9gkompresszorra val\u00f3 eloszt\u00e1s\u00e1nak eredm\u00e9nye a magasabb redundancia; mindenekel\u0151tt azonban ilyen nagy szennyv\u00edzmennyis\u00e9gek eset\u00e9n k\u00fcl\u00f6n\u00f6sen gazdas\u00e1gos az \u00fczemel\u00e9s, mert a rendszerek rugalmasabban k\u00e9pesek alkalmazkodni a be\u00e1raml\u00f3Weiterlesen \"H\u00e1rmas \u00e9s n\u00e9gyes rendszerek\"","og_url":"https:\/\/www.oekermann.de\/hu\/termekcsoportok\/harmas-es-negyes-rendszerek\/","og_site_name":"Pneumatische F\u00f6rdertechnik - OEKERMANN Abwassertechnik","article_publisher":"https:\/\/www.facebook.com\/pages\/Oekermann-Abwassertechnik\/1007781205906685","article_modified_time":"2025-06-23T11:06:50+00:00","twitter_card":"summary_large_image","twitter_site":"@Oekermann","twitter_misc":{"Est. reading time":"2 minutes"},"schema":{"@context":"https:\/\/schema.org","@graph":[{"@type":"WebPage","@id":"https:\/\/www.oekermann.de\/hu\/termekcsoportok\/harmas-es-negyes-rendszerek\/","url":"https:\/\/www.oekermann.de\/hu\/termekcsoportok\/harmas-es-negyes-rendszerek\/","name":"H\u00e1rmas \u00e9s n\u00e9gyes rendszerek - Pneumatische F\u00f6rdertechnik - OEKERMANN Abwassertechnik","isPartOf":{"@id":"https:\/\/www.oekermann.de\/#website"},"datePublished":"2017-02-05T18:12:58+00:00","dateModified":"2025-06-23T11:06:50+00:00","breadcrumb":{"@id":"https:\/\/www.oekermann.de\/hu\/termekcsoportok\/harmas-es-negyes-rendszerek\/#breadcrumb"},"inLanguage":"hu-HU","potentialAction":[{"@type":"ReadAction","target":["https:\/\/www.oekermann.de\/hu\/termekcsoportok\/harmas-es-negyes-rendszerek\/"]}]},{"@type":"BreadcrumbList","@id":"https:\/\/www.oekermann.de\/hu\/termekcsoportok\/harmas-es-negyes-rendszerek\/#breadcrumb","itemListElement":[{"@type":"ListItem","position":1,"name":"Startseite","item":"https:\/\/www.oekermann.de\/hu\/"},{"@type":"ListItem","position":2,"name":"Term\u00e9kcsoportok","item":"https:\/\/www.oekermann.de\/hu\/termekcsoportok\/"},{"@type":"ListItem","position":3,"name":"H\u00e1rmas \u00e9s n\u00e9gyes rendszerek"}]},{"@type":"WebSite","@id":"https:\/\/www.oekermann.de\/#website","url":"https:\/\/www.oekermann.de\/","name":"Pneumatische F\u00f6rdertechnik - OEKERMANN Abwassertechnik","description":"","potentialAction":[{"@type":"SearchAction","target":{"@type":"EntryPoint","urlTemplate":"https:\/\/www.oekermann.de\/?s={search_term_string}"},"query-input":{"@type":"PropertyValueSpecification","valueRequired":true,"valueName":"search_term_string"}}],"inLanguage":"hu-HU"}]}},"_links":{"self":[{"href":"https:\/\/www.oekermann.de\/hu\/wp-json\/wp\/v2\/pages\/5073","targetHints":{"allow":["GET"]}}],"collection":[{"href":"https:\/\/www.oekermann.de\/hu\/wp-json\/wp\/v2\/pages"}],"about":[{"href":"https:\/\/www.oekermann.de\/hu\/wp-json\/wp\/v2\/types\/page"}],"author":[{"embeddable":true,"href":"https:\/\/www.oekermann.de\/hu\/wp-json\/wp\/v2\/users\/2"}],"replies":[{"embeddable":true,"href":"https:\/\/www.oekermann.de\/hu\/wp-json\/wp\/v2\/comments?post=5073"}],"version-history":[{"count":2,"href":"https:\/\/www.oekermann.de\/hu\/wp-json\/wp\/v2\/pages\/5073\/revisions"}],"predecessor-version":[{"id":5230,"href":"https:\/\/www.oekermann.de\/hu\/wp-json\/wp\/v2\/pages\/5073\/revisions\/5230"}],"up":[{"embeddable":true,"href":"https:\/\/www.oekermann.de\/hu\/wp-json\/wp\/v2\/pages\/5069"}],"wp:attachment":[{"href":"https:\/\/www.oekermann.de\/hu\/wp-json\/wp\/v2\/media?parent=5073"}],"curies":[{"name":"wp","href":"https:\/\/api.w.org\/{rel}","templated":true}]}}