{"id":5074,"date":"2019-06-07T13:57:02","date_gmt":"2019-06-07T11:57:02","guid":{"rendered":"https:\/\/www.oekermann.de\/?page_id=5074"},"modified":"2025-06-23T13:07:08","modified_gmt":"2025-06-23T11:07:08","slug":"pneumatika-szivattyu-kombinacioja","status":"publish","type":"page","link":"https:\/\/www.oekermann.de\/hu\/termekcsoportok\/pneumatika-szivattyu-kombinacioja\/","title":{"rendered":"Pneumatika + szivatty\u00fa kombin\u00e1ci\u00f3ja"},"content":{"rendered":"<section>\n<h2>Kiszor\u00edt\u00f3 szivatty\u00faval kombin\u00e1lt pneumatikus szennyv\u00edzsz\u00e1ll\u00edt\u00f3 rendszerek<\/h2>\n<p>Vegyes rendszerekben sok esetben az es\u0151v\u00edz sz\u00e1ll\u00edt\u00e1s\u00e1t kiszor\u00edt\u00f3 szivatty\u00fa v\u00e9gezheti. Ilyen esetben a szennyv\u00edzh\u00e1nyadot a <a href=\"https:\/\/www.oekermann.de\/vorteile\/foerderung-geringer-wassermengen\/\">pneumatikus sz\u00e1ll\u00edt\u00f3rendszer<\/a> veszi \u00e1t.<\/p>\n<p>Ennek az el\u0151nye a jelent\u0151s <a href=\"https:\/\/www.oekermann.de\/vorteile\/wirtschaftlichkeit\/\">energiamegtakar\u00edt\u00e1s<\/a>.<\/p>\n<p>A kiszor\u00edt\u00f3 szivatty\u00fa norm\u00e1l esetben egy excentercsig\u00e1s szivatty\u00fa vagy forg\u00f3dugatty\u00fas szivatty\u00fa.<\/p>\n<p><a href=\"https:\/\/www.oekermann.de\/kontakt\/vertriebsbereiche\/\">K\u00e9rj\u00fck, ig\u00e9nyeljen tov\u00e1bbi t\u00e1j\u00e9koztat\u00f3kat.<\/a><\/p>\n<style type=\"text\/css\">\n#foogallery-gallery-2887 .fg-image { width: 510px; }\n#foogallery-gallery-2887 { --fg-gutter: 10px; }<\/style>\n\t\t\t<div class=\"foogallery foogallery-container foogallery-default foogallery-lightbox-foobox fg-left fg-default fg-ready fg-light fg-border-thin fg-shadow-small fg-loading-default fg-loaded-fade-in fg-hover-fade fg-hover-zoom\" id=\"foogallery-gallery-2887\" data-foogallery=\"{&quot;item&quot;:{&quot;showCaptionTitle&quot;:true,&quot;showCaptionDescription&quot;:false},&quot;lazy&quot;:true}\" style=\"--fg-title-line-clamp: 0; --fg-description-line-clamp: 0;\" >\n\t<div class=\"fg-item fg-type-image fg-idle\"><figure class=\"fg-item-inner\"><a href=\"https:\/\/www.oekermann.de\/wp-content\/uploads\/2019\/07\/IMG-20181217-WA0009-43.jpg-bearbeitet.jpg\" data-attachment-id=\"2982\" data-type=\"image\" class=\"fg-thumb\"><span class=\"fg-image-wrap\"><img fetchpriority=\"high\" decoding=\"async\" alt=\"Oekermann Abwassertechnik - Arbeitsbeh\u00e4lter und Verdr\u00e4ngerpumpe\" width=\"510\" height=\"298\" class=\"skip-lazy fg-image\" data-src-fg=\"https:\/\/www.oekermann.de\/wp-content\/uploads\/cache\/2019\/07\/IMG-20181217-WA0009-43_jpg-bearbeitet\/3882698206.jpg\" src=\"data:image\/svg+xml,%3Csvg%20xmlns%3D%22http%3A%2F%2Fwww.w3.org%2F2000%2Fsvg%22%20width%3D%22510%22%20height%3D%22298%22%20viewBox%3D%220%200%20510%20298%22%3E%3C%2Fsvg%3E\" loading=\"eager\"><\/span><span class=\"fg-image-overlay\"><\/span><\/a><\/figure><div class=\"fg-loader\"><\/div><\/div><\/div>\n\n<\/section>\n<section class=\"downloads\">\n<div class=\"animate-in\" data-anim-type=\"fade-in-right-big\" data-anim-delay=\"\">\n<div class=\"dl-wrapper\">\n<h2>Let\u00f6lt\u00e9sek a t\u00e9m\u00e1hoz:<\/h2>\n<ul class=\"dl-files\">\n<li class=\"pdf-file-1\"><a href=\"\/res\/pdf\/sonderdruckschriften\/OEKERMANN-Info-02-Die-wichtigsten-Einsatzgruende-fuer-unsere-pneumatischen-Abwasser-Foerderanlagen.pdf\" target=\"_blank\" rel=\"noopener noreferrer\"> A pneumatikus szennyv\u00edzsz\u00e1ll\u00edt\u00f3 rendszerek alkalmaz\u00e1s\u00e1nak legfontosabb okai <\/a><\/li>\n<\/ul>\n<div class=\"dl-all\"><a title=\"Kostenlose Downloads zur Pneumatischen Abwassertechnik\" href=\"https:\/\/www.oekermann.de\/downloads\/\">Ingyenes t\u00e1j\u00e9koztat\u00f3 anyag a pneumatikus szennyv\u00edztechnika t\u00e9m\u00e1j\u00e1ban<\/a><\/div>\n<\/div>\n<\/div>\n<\/section>\n","protected":false},"excerpt":{"rendered":"<p>Kiszor\u00edt\u00f3 szivatty\u00faval kombin\u00e1lt pneumatikus szennyv\u00edzsz\u00e1ll\u00edt\u00f3 rendszerek Vegyes rendszerekben sok esetben az es\u0151v\u00edz sz\u00e1ll\u00edt\u00e1s\u00e1t kiszor\u00edt\u00f3 szivatty\u00fa v\u00e9gezheti. Ilyen esetben a szennyv\u00edzh\u00e1nyadot a pneumatikus sz\u00e1ll\u00edt\u00f3rendszer veszi \u00e1t. Ennek az el\u0151nye a jelent\u0151s energiamegtakar\u00edt\u00e1s. A kiszor\u00edt\u00f3 szivatty\u00fa norm\u00e1l esetben egy excentercsig\u00e1s szivatty\u00fa vagy forg\u00f3dugatty\u00fas szivatty\u00fa. K\u00e9rj\u00fck, ig\u00e9nyeljen tov\u00e1bbi t\u00e1j\u00e9koztat\u00f3kat. Let\u00f6lt\u00e9sek a t\u00e9m\u00e1hoz: A pneumatikus szennyv\u00edzsz\u00e1ll\u00edt\u00f3 rendszerek alkalmaz\u00e1s\u00e1nak legfontosabb<\/p>\n<p class=\"link-more\"><a href=\"https:\/\/www.oekermann.de\/hu\/termekcsoportok\/pneumatika-szivattyu-kombinacioja\/\" class=\"envor-btn\">Weiterlesen<span class=\"screen-reader-text\"> &#8220;Pneumatika + szivatty\u00fa kombin\u00e1ci\u00f3ja&#8221;<\/span><\/a><\/p>\n","protected":false},"author":2,"featured_media":0,"parent":5069,"menu_order":0,"comment_status":"closed","ping_status":"closed","template":"","meta":{"footnotes":""},"class_list":["post-5074","page","type-page","status-publish","hentry"],"yoast_head":"<!-- This site is optimized with the Yoast SEO plugin v27.4 - https:\/\/yoast.com\/product\/yoast-seo-wordpress\/ -->\n<title>Pneumatika + szivatty\u00fa kombin\u00e1ci\u00f3ja - Pneumatische F\u00f6rdertechnik - OEKERMANN Abwassertechnik<\/title>\n<meta name=\"robots\" content=\"index, follow, max-snippet:-1, max-image-preview:large, max-video-preview:-1\" \/>\n<link rel=\"canonical\" href=\"https:\/\/www.oekermann.de\/hu\/termekcsoportok\/pneumatika-szivattyu-kombinacioja\/\" \/>\n<meta property=\"og:locale\" content=\"hu_HU\" \/>\n<meta property=\"og:type\" content=\"article\" \/>\n<meta property=\"og:title\" content=\"Pneumatika + szivatty\u00fa kombin\u00e1ci\u00f3ja - Pneumatische F\u00f6rdertechnik - OEKERMANN Abwassertechnik\" \/>\n<meta property=\"og:description\" content=\"Kiszor\u00edt\u00f3 szivatty\u00faval kombin\u00e1lt pneumatikus szennyv\u00edzsz\u00e1ll\u00edt\u00f3 rendszerek Vegyes rendszerekben sok esetben az es\u0151v\u00edz sz\u00e1ll\u00edt\u00e1s\u00e1t kiszor\u00edt\u00f3 szivatty\u00fa v\u00e9gezheti. Ilyen esetben a szennyv\u00edzh\u00e1nyadot a pneumatikus sz\u00e1ll\u00edt\u00f3rendszer veszi \u00e1t. Ennek az el\u0151nye a jelent\u0151s energiamegtakar\u00edt\u00e1s. A kiszor\u00edt\u00f3 szivatty\u00fa norm\u00e1l esetben egy excentercsig\u00e1s szivatty\u00fa vagy forg\u00f3dugatty\u00fas szivatty\u00fa. K\u00e9rj\u00fck, ig\u00e9nyeljen tov\u00e1bbi t\u00e1j\u00e9koztat\u00f3kat. Let\u00f6lt\u00e9sek a t\u00e9m\u00e1hoz: A pneumatikus szennyv\u00edzsz\u00e1ll\u00edt\u00f3 rendszerek alkalmaz\u00e1s\u00e1nak legfontosabbWeiterlesen &quot;Pneumatika + szivatty\u00fa kombin\u00e1ci\u00f3ja&quot;\" \/>\n<meta property=\"og:url\" content=\"https:\/\/www.oekermann.de\/hu\/termekcsoportok\/pneumatika-szivattyu-kombinacioja\/\" \/>\n<meta property=\"og:site_name\" content=\"Pneumatische F\u00f6rdertechnik - OEKERMANN Abwassertechnik\" \/>\n<meta property=\"article:publisher\" content=\"https:\/\/www.facebook.com\/pages\/Oekermann-Abwassertechnik\/1007781205906685\" \/>\n<meta property=\"article:modified_time\" content=\"2025-06-23T11:07:08+00:00\" \/>\n<meta name=\"twitter:card\" content=\"summary_large_image\" \/>\n<meta name=\"twitter:site\" content=\"@Oekermann\" \/>\n<meta name=\"twitter:label1\" content=\"Est. reading time\" \/>\n\t<meta name=\"twitter:data1\" content=\"1 minute\" \/>\n<script type=\"application\/ld+json\" class=\"yoast-schema-graph\">{\"@context\":\"https:\\\/\\\/schema.org\",\"@graph\":[{\"@type\":\"WebPage\",\"@id\":\"https:\\\/\\\/www.oekermann.de\\\/hu\\\/termekcsoportok\\\/pneumatika-szivattyu-kombinacioja\\\/\",\"url\":\"https:\\\/\\\/www.oekermann.de\\\/hu\\\/termekcsoportok\\\/pneumatika-szivattyu-kombinacioja\\\/\",\"name\":\"Pneumatika + szivatty\u00fa kombin\u00e1ci\u00f3ja - Pneumatische F\u00f6rdertechnik - OEKERMANN Abwassertechnik\",\"isPartOf\":{\"@id\":\"https:\\\/\\\/www.oekermann.de\\\/#website\"},\"datePublished\":\"2019-06-07T11:57:02+00:00\",\"dateModified\":\"2025-06-23T11:07:08+00:00\",\"breadcrumb\":{\"@id\":\"https:\\\/\\\/www.oekermann.de\\\/hu\\\/termekcsoportok\\\/pneumatika-szivattyu-kombinacioja\\\/#breadcrumb\"},\"inLanguage\":\"hu-HU\",\"potentialAction\":[{\"@type\":\"ReadAction\",\"target\":[\"https:\\\/\\\/www.oekermann.de\\\/hu\\\/termekcsoportok\\\/pneumatika-szivattyu-kombinacioja\\\/\"]}]},{\"@type\":\"BreadcrumbList\",\"@id\":\"https:\\\/\\\/www.oekermann.de\\\/hu\\\/termekcsoportok\\\/pneumatika-szivattyu-kombinacioja\\\/#breadcrumb\",\"itemListElement\":[{\"@type\":\"ListItem\",\"position\":1,\"name\":\"Startseite\",\"item\":\"https:\\\/\\\/www.oekermann.de\\\/hu\\\/\"},{\"@type\":\"ListItem\",\"position\":2,\"name\":\"Term\u00e9kcsoportok\",\"item\":\"https:\\\/\\\/www.oekermann.de\\\/hu\\\/termekcsoportok\\\/\"},{\"@type\":\"ListItem\",\"position\":3,\"name\":\"Pneumatika + szivatty\u00fa kombin\u00e1ci\u00f3ja\"}]},{\"@type\":\"WebSite\",\"@id\":\"https:\\\/\\\/www.oekermann.de\\\/#website\",\"url\":\"https:\\\/\\\/www.oekermann.de\\\/\",\"name\":\"Pneumatische F\u00f6rdertechnik - OEKERMANN Abwassertechnik\",\"description\":\"\",\"potentialAction\":[{\"@type\":\"SearchAction\",\"target\":{\"@type\":\"EntryPoint\",\"urlTemplate\":\"https:\\\/\\\/www.oekermann.de\\\/?s={search_term_string}\"},\"query-input\":{\"@type\":\"PropertyValueSpecification\",\"valueRequired\":true,\"valueName\":\"search_term_string\"}}],\"inLanguage\":\"hu-HU\"}]}<\/script>\n<!-- \/ Yoast SEO plugin. -->","yoast_head_json":{"title":"Pneumatika + szivatty\u00fa kombin\u00e1ci\u00f3ja - Pneumatische F\u00f6rdertechnik - OEKERMANN Abwassertechnik","robots":{"index":"index","follow":"follow","max-snippet":"max-snippet:-1","max-image-preview":"max-image-preview:large","max-video-preview":"max-video-preview:-1"},"canonical":"https:\/\/www.oekermann.de\/hu\/termekcsoportok\/pneumatika-szivattyu-kombinacioja\/","og_locale":"hu_HU","og_type":"article","og_title":"Pneumatika + szivatty\u00fa kombin\u00e1ci\u00f3ja - Pneumatische F\u00f6rdertechnik - OEKERMANN Abwassertechnik","og_description":"Kiszor\u00edt\u00f3 szivatty\u00faval kombin\u00e1lt pneumatikus szennyv\u00edzsz\u00e1ll\u00edt\u00f3 rendszerek Vegyes rendszerekben sok esetben az es\u0151v\u00edz sz\u00e1ll\u00edt\u00e1s\u00e1t kiszor\u00edt\u00f3 szivatty\u00fa v\u00e9gezheti. Ilyen esetben a szennyv\u00edzh\u00e1nyadot a pneumatikus sz\u00e1ll\u00edt\u00f3rendszer veszi \u00e1t. Ennek az el\u0151nye a jelent\u0151s energiamegtakar\u00edt\u00e1s. A kiszor\u00edt\u00f3 szivatty\u00fa norm\u00e1l esetben egy excentercsig\u00e1s szivatty\u00fa vagy forg\u00f3dugatty\u00fas szivatty\u00fa. K\u00e9rj\u00fck, ig\u00e9nyeljen tov\u00e1bbi t\u00e1j\u00e9koztat\u00f3kat. Let\u00f6lt\u00e9sek a t\u00e9m\u00e1hoz: A pneumatikus szennyv\u00edzsz\u00e1ll\u00edt\u00f3 rendszerek alkalmaz\u00e1s\u00e1nak legfontosabbWeiterlesen \"Pneumatika + szivatty\u00fa kombin\u00e1ci\u00f3ja\"","og_url":"https:\/\/www.oekermann.de\/hu\/termekcsoportok\/pneumatika-szivattyu-kombinacioja\/","og_site_name":"Pneumatische F\u00f6rdertechnik - OEKERMANN Abwassertechnik","article_publisher":"https:\/\/www.facebook.com\/pages\/Oekermann-Abwassertechnik\/1007781205906685","article_modified_time":"2025-06-23T11:07:08+00:00","twitter_card":"summary_large_image","twitter_site":"@Oekermann","twitter_misc":{"Est. reading time":"1 minute"},"schema":{"@context":"https:\/\/schema.org","@graph":[{"@type":"WebPage","@id":"https:\/\/www.oekermann.de\/hu\/termekcsoportok\/pneumatika-szivattyu-kombinacioja\/","url":"https:\/\/www.oekermann.de\/hu\/termekcsoportok\/pneumatika-szivattyu-kombinacioja\/","name":"Pneumatika + szivatty\u00fa kombin\u00e1ci\u00f3ja - Pneumatische F\u00f6rdertechnik - OEKERMANN Abwassertechnik","isPartOf":{"@id":"https:\/\/www.oekermann.de\/#website"},"datePublished":"2019-06-07T11:57:02+00:00","dateModified":"2025-06-23T11:07:08+00:00","breadcrumb":{"@id":"https:\/\/www.oekermann.de\/hu\/termekcsoportok\/pneumatika-szivattyu-kombinacioja\/#breadcrumb"},"inLanguage":"hu-HU","potentialAction":[{"@type":"ReadAction","target":["https:\/\/www.oekermann.de\/hu\/termekcsoportok\/pneumatika-szivattyu-kombinacioja\/"]}]},{"@type":"BreadcrumbList","@id":"https:\/\/www.oekermann.de\/hu\/termekcsoportok\/pneumatika-szivattyu-kombinacioja\/#breadcrumb","itemListElement":[{"@type":"ListItem","position":1,"name":"Startseite","item":"https:\/\/www.oekermann.de\/hu\/"},{"@type":"ListItem","position":2,"name":"Term\u00e9kcsoportok","item":"https:\/\/www.oekermann.de\/hu\/termekcsoportok\/"},{"@type":"ListItem","position":3,"name":"Pneumatika + szivatty\u00fa kombin\u00e1ci\u00f3ja"}]},{"@type":"WebSite","@id":"https:\/\/www.oekermann.de\/#website","url":"https:\/\/www.oekermann.de\/","name":"Pneumatische F\u00f6rdertechnik - OEKERMANN Abwassertechnik","description":"","potentialAction":[{"@type":"SearchAction","target":{"@type":"EntryPoint","urlTemplate":"https:\/\/www.oekermann.de\/?s={search_term_string}"},"query-input":{"@type":"PropertyValueSpecification","valueRequired":true,"valueName":"search_term_string"}}],"inLanguage":"hu-HU"}]}},"_links":{"self":[{"href":"https:\/\/www.oekermann.de\/hu\/wp-json\/wp\/v2\/pages\/5074","targetHints":{"allow":["GET"]}}],"collection":[{"href":"https:\/\/www.oekermann.de\/hu\/wp-json\/wp\/v2\/pages"}],"about":[{"href":"https:\/\/www.oekermann.de\/hu\/wp-json\/wp\/v2\/types\/page"}],"author":[{"embeddable":true,"href":"https:\/\/www.oekermann.de\/hu\/wp-json\/wp\/v2\/users\/2"}],"replies":[{"embeddable":true,"href":"https:\/\/www.oekermann.de\/hu\/wp-json\/wp\/v2\/comments?post=5074"}],"version-history":[{"count":2,"href":"https:\/\/www.oekermann.de\/hu\/wp-json\/wp\/v2\/pages\/5074\/revisions"}],"predecessor-version":[{"id":5231,"href":"https:\/\/www.oekermann.de\/hu\/wp-json\/wp\/v2\/pages\/5074\/revisions\/5231"}],"up":[{"embeddable":true,"href":"https:\/\/www.oekermann.de\/hu\/wp-json\/wp\/v2\/pages\/5069"}],"wp:attachment":[{"href":"https:\/\/www.oekermann.de\/hu\/wp-json\/wp\/v2\/media?parent=5074"}],"curies":[{"name":"wp","href":"https:\/\/api.w.org\/{rel}","templated":true}]}}