{"id":5075,"date":"2017-02-05T19:20:16","date_gmt":"2017-02-05T18:20:16","guid":{"rendered":"https:\/\/www.oekermann.de\/?page_id=5075"},"modified":"2025-06-11T14:53:01","modified_gmt":"2025-06-11T12:53:01","slug":"elonyok","status":"publish","type":"page","link":"https:\/\/www.oekermann.de\/hu\/elonyok\/","title":{"rendered":"El\u0151ny\u00f6k"},"content":{"rendered":"<ul class=\"themen-index-links\">\n<li>\n<h2><a href=\"https:\/\/www.oekermann.de\/vorteile\/elektronische-steuerung\/\">Elektronikus vez\u00e9rl\u0151<\/a><\/h2>\n<p>CPU 10 Touch rendszervez\u00e9rl\u0151nk \u00e9vtizedes tapasztalatokat egyes\u00edti az optim\u00e1lis felhaszn\u00e1l\u00f3bar\u00e1t kezel\u00e9ssel. Ezenk\u00edv\u00fcl term\u00e9szetesen az ismert kompakt vez\u00e9rl\u0151ink tov\u00e1bbra is szerepelnek k\u00edn\u00e1latunkban.<\/p>\n<p><a class=\"d-btn d-btn-primary d-btn-normal\" href=\"https:\/\/www.oekermann.de\/vorteile\/elektronische-steuerung\/\"><b>Tov\u00e1bb olvas \u203a<\/b><\/a><\/li>\n<li>\n<h2><a href=\"https:\/\/www.oekermann.de\/vorteile\/foerderung-geringer-wassermengen\/\">Nincs rothad\u00e1s &amp; nincsenek lerak\u00f3d\u00e1sok<\/a><\/h2>\n<p>Az OEKERMANN rendszerek megakad\u00e1lyozz\u00e1k a rothad\u00e1sok \u00e9s lerak\u00f3d\u00e1sok kialakul\u00e1s\u00e1t a nyom\u00f3vezet\u00e9k(ek)ben. Ez\u00e9rt nem keletkezik a k\u00f6zelben lak\u00f3kat \u00e9r\u0151 szagterhel\u00e9s, valamint az ac\u00e9l- \u00e9s betonelemeket \u00e9r\u0151 korr\u00f3zi\u00f3s k\u00e1rok.<\/p>\n<p><a class=\"d-btn d-btn-primary d-btn-normal\" href=\"https:\/\/www.oekermann.de\/vorteile\/foerderung-geringer-wassermengen\/\"><b>Tov\u00e1bb olvas \u203a<\/b><\/a><\/li>\n<li>\n<h2><a href=\"https:\/\/www.oekermann.de\/vorteile\/hoehenueberwindung\/\">Rugalmasan fektethet\u0151 nyom\u00f3vezet\u00e9kek<\/a><\/h2>\n<p>A szennyv\u00edz tetsz\u0151leges sz\u00e1m\u00fa magasan \u00e9s alacsonyan fekv\u0151 ponton kereszt\u00fcl szivatty\u00fazhat\u00f3, nagyobb t\u00e1vols\u00e1gok eset\u00e9n is a meghib\u00e1sod\u00e1sra hajlamos szell\u0151z\u0151- \u00e9s l\u00e9gtelen\u00edt\u0151 szelepek alkalmaz\u00e1sa n\u00e9lk\u00fcl.<\/p>\n<p><a class=\"d-btn d-btn-primary d-btn-normal\" href=\"https:\/\/www.oekermann.de\/vorteile\/hoehenueberwindung\/\"><b>Tov\u00e1bb olvas \u203a<\/b><\/a><\/li>\n<li>\n<h2><a href=\"https:\/\/www.oekermann.de\/vorteile\/druckleitungen\/\">Nagyobb t\u00e1vols\u00e1gok \u00e1thidal\u00e1sa<\/a><\/h2>\n<p>Az OEKERMANN Abwassertechnik seg\u00edts\u00e9g\u00e9vel a szennyv\u00edz ak\u00e1r t\u00f6bb kilom\u00e9ter hossz\u00fas\u00e1g\u00fa vezet\u00e9keken kereszt\u00fcl sz\u00e1ll\u00edthat\u00f3.<\/p>\n<p><a class=\"d-btn d-btn-primary d-btn-normal\" href=\"https:\/\/www.oekermann.de\/vorteile\/druckleitungen\/\"><b>Tov\u00e1bb olvas \u203a<\/b><\/a><\/li>\n<li>\n<h2><a href=\"https:\/\/www.oekermann.de\/vorteile\/keine-verstopfung\/\">Nincsenek dugul\u00e1sok<\/a><\/h2>\n<p>A pneumatikus OEKERMANN rendszerek szokatlanul hossz\u00fa \u00e9lettartam\u00faak. Az a r\u00e9sz, melyen \u00e1tfolyik a szennyv\u00edz, nem tartalmaz mozg\u00f3 g\u00e9palkatr\u00e9szeket (a tol\u00f3z\u00e1rlapok\/be\u00f6ml\u0151 \u00e9s goly\u00f3k\/nyom\u00f3oldal kiv\u00e9tel\u00e9vel, melyek minim\u00e1lis karbantart\u00e1si r\u00e1ford\u00edt\u00e1st ig\u00e9nyelnek).<\/p>\n<p><a class=\"d-btn d-btn-primary d-btn-normal\" href=\"https:\/\/www.oekermann.de\/vorteile\/keine-verstopfung\/\"><b>Tov\u00e1bb olvas \u203a<\/b><\/a><\/li>\n<li>\n<h2><a href=\"https:\/\/www.oekermann.de\/anwendungsfaelle\/\">Sokoldal\u00fa alkalmaz\u00e1si lehet\u0151s\u00e9gek<\/a><\/h2>\n<p>Legyen sz\u00f3 kis vid\u00e9ki telep\u00fcl\u00e9sekr\u0151l, ipari ter\u00fcletekr\u0151l, aut\u00f3p\u00e1lya-pihen\u0151helyekr\u0151l vagy egy\u00e9b, a csatornah\u00e1l\u00f3zatra nehezen r\u00e1csatlakoztathat\u00f3 \u00e9p\u00fcletr\u0151l, a pneumatikus szennyv\u00edztechnika sok k\u00fcl\u00f6nb\u00f6z\u0151 k\u00f6vetelm\u00e9nyhez biztos\u00edt nagyon j\u00f3 megold\u00e1sokat.<\/p>\n<p><a class=\"d-btn d-btn-primary d-btn-normal\" href=\"https:\/\/www.oekermann.de\/anwendungsfaelle\/\"><b>Tov\u00e1bb olvas \u203a<\/b><\/a><\/li>\n<li>\n<h2><a href=\"https:\/\/www.oekermann.de\/vorteile\/wirtschaftlichkeit\/\">Gazdas\u00e1goss\u00e1g<\/a><\/h2>\n<p>Az OEKERRMANN rendszerek okos befektet\u00e9st jelentenek a hossz\u00fa \u00e9lettartamuknak \u00e9s k\u00f6nny\u0171 karbantarthat\u00f3s\u00e1guknak, valamint az egy\u00e9nileg fejlesztett elektronikus vez\u00e9rl\u0151nek k\u00f6sz\u00f6nhet\u0151en, ami kiv\u00e1l\u00f3 biztons\u00e1got ny\u00fajt a hekkert\u00e1mad\u00e1sok ellen.<\/p>\n<p><a class=\"d-btn d-btn-primary d-btn-normal\" href=\"https:\/\/www.oekermann.de\/vorteile\/wirtschaftlichkeit\/\"><b>Tov\u00e1bb olvas \u203a<\/b><\/a><\/li>\n<li>\n<h2><a href=\"https:\/\/www.oekermann.de\/vorteile\/wartung\/\">Els\u0151 oszt\u00e1ly\u00fa k\u00f6lts\u00e9goptimaliz\u00e1lt karbantart\u00e1s<\/a><\/h2>\n<p>Kedvez\u0151 k\u00f6lts\u00e9g\u0171 szerel\u00e9si gy\u0171jt\u0151j\u00e1ratok keret\u00e9ben \u00e1tvizsg\u00e1ljuk a teljes rendszert, optimaliz\u00e1lunk valamennyi be\u00e1ll\u00edt\u00e1st, \u00e9s kicser\u00e9lj\u00fck a meghib\u00e1sodott alkatr\u00e9szeket \u00e9s az elt\u00f6m\u0151d\u00f6tt sz\u0171r\u0151ket.<\/p>\n<p><a class=\"d-btn d-btn-primary d-btn-normal\" href=\"https:\/\/www.oekermann.de\/vorteile\/wartung\/\"><b>Tov\u00e1bb olvas \u203a<\/b><\/a><\/li>\n<li>\n<h2><a href=\"https:\/\/www.oekermann.de\/vorteile\/verbundsysteme\/\">Kombin\u00e1lt rendszerek<\/a><\/h2>\n<p>T\u00f6bb, ak\u00e1r k\u00fcl\u00f6nb\u00f6z\u0151 m\u00e9ret\u0171 rendszerb\u0151l is egyszer\u0171en val\u00f3s\u00edthat\u00f3 meg kombin\u00e1lt rendszerek k\u00f6z\u00f6s h\u00e1l\u00f3zatt\u00e1 t\u00f6rt\u00e9n\u0151 ki\u00e9p\u00edt\u00e9se.<\/p>\n<p><a class=\"d-btn d-btn-primary d-btn-normal\" href=\"https:\/\/www.oekermann.de\/vorteile\/verbundsysteme\/\"><b>Tov\u00e1bb olvas \u203a<\/b><\/a><\/li>\n<\/ul>\n","protected":false},"excerpt":{"rendered":"<p>Elektronikus vez\u00e9rl\u0151 CPU 10 Touch rendszervez\u00e9rl\u0151nk \u00e9vtizedes tapasztalatokat egyes\u00edti az optim\u00e1lis felhaszn\u00e1l\u00f3bar\u00e1t kezel\u00e9ssel. Ezenk\u00edv\u00fcl term\u00e9szetesen az ismert kompakt vez\u00e9rl\u0151ink tov\u00e1bbra is szerepelnek k\u00edn\u00e1latunkban. Tov\u00e1bb olvas \u203a Nincs rothad\u00e1s &amp; nincsenek lerak\u00f3d\u00e1sok Az OEKERMANN rendszerek megakad\u00e1lyozz\u00e1k a rothad\u00e1sok \u00e9s lerak\u00f3d\u00e1sok kialakul\u00e1s\u00e1t a nyom\u00f3vezet\u00e9k(ek)ben. Ez\u00e9rt nem keletkezik a k\u00f6zelben lak\u00f3kat \u00e9r\u0151 szagterhel\u00e9s, valamint az ac\u00e9l- \u00e9s betonelemeket<\/p>\n<p class=\"link-more\"><a href=\"https:\/\/www.oekermann.de\/hu\/elonyok\/\" class=\"envor-btn\">Weiterlesen<span class=\"screen-reader-text\"> &#8220;El\u0151ny\u00f6k&#8221;<\/span><\/a><\/p>\n","protected":false},"author":2,"featured_media":0,"parent":0,"menu_order":0,"comment_status":"closed","ping_status":"closed","template":"","meta":{"footnotes":""},"class_list":["post-5075","page","type-page","status-publish","hentry"],"yoast_head":"<!-- This site is optimized with the Yoast SEO plugin v27.4 - https:\/\/yoast.com\/product\/yoast-seo-wordpress\/ -->\n<title>El\u0151ny\u00f6k - Pneumatische F\u00f6rdertechnik - OEKERMANN Abwassertechnik<\/title>\n<meta name=\"robots\" content=\"index, follow, max-snippet:-1, max-image-preview:large, max-video-preview:-1\" \/>\n<link rel=\"canonical\" href=\"https:\/\/www.oekermann.de\/hu\/elonyok\/\" \/>\n<meta property=\"og:locale\" content=\"hu_HU\" \/>\n<meta property=\"og:type\" content=\"article\" \/>\n<meta property=\"og:title\" content=\"El\u0151ny\u00f6k - Pneumatische F\u00f6rdertechnik - OEKERMANN Abwassertechnik\" \/>\n<meta property=\"og:description\" content=\"Elektronikus vez\u00e9rl\u0151 CPU 10 Touch rendszervez\u00e9rl\u0151nk \u00e9vtizedes tapasztalatokat egyes\u00edti az optim\u00e1lis felhaszn\u00e1l\u00f3bar\u00e1t kezel\u00e9ssel. Ezenk\u00edv\u00fcl term\u00e9szetesen az ismert kompakt vez\u00e9rl\u0151ink tov\u00e1bbra is szerepelnek k\u00edn\u00e1latunkban. Tov\u00e1bb olvas \u203a Nincs rothad\u00e1s &amp; nincsenek lerak\u00f3d\u00e1sok Az OEKERMANN rendszerek megakad\u00e1lyozz\u00e1k a rothad\u00e1sok \u00e9s lerak\u00f3d\u00e1sok kialakul\u00e1s\u00e1t a nyom\u00f3vezet\u00e9k(ek)ben. Ez\u00e9rt nem keletkezik a k\u00f6zelben lak\u00f3kat \u00e9r\u0151 szagterhel\u00e9s, valamint az ac\u00e9l- \u00e9s betonelemeketWeiterlesen &quot;El\u0151ny\u00f6k&quot;\" \/>\n<meta property=\"og:url\" content=\"https:\/\/www.oekermann.de\/hu\/elonyok\/\" \/>\n<meta property=\"og:site_name\" content=\"Pneumatische F\u00f6rdertechnik - OEKERMANN Abwassertechnik\" \/>\n<meta property=\"article:publisher\" content=\"https:\/\/www.facebook.com\/pages\/Oekermann-Abwassertechnik\/1007781205906685\" \/>\n<meta property=\"article:modified_time\" content=\"2025-06-11T12:53:01+00:00\" \/>\n<meta name=\"twitter:card\" content=\"summary_large_image\" \/>\n<meta name=\"twitter:site\" content=\"@Oekermann\" \/>\n<meta name=\"twitter:label1\" content=\"Est. reading time\" \/>\n\t<meta name=\"twitter:data1\" content=\"2 minutes\" \/>\n<script type=\"application\/ld+json\" class=\"yoast-schema-graph\">{\"@context\":\"https:\\\/\\\/schema.org\",\"@graph\":[{\"@type\":\"WebPage\",\"@id\":\"https:\\\/\\\/www.oekermann.de\\\/hu\\\/elonyok\\\/\",\"url\":\"https:\\\/\\\/www.oekermann.de\\\/hu\\\/elonyok\\\/\",\"name\":\"El\u0151ny\u00f6k - Pneumatische F\u00f6rdertechnik - OEKERMANN Abwassertechnik\",\"isPartOf\":{\"@id\":\"https:\\\/\\\/www.oekermann.de\\\/#website\"},\"datePublished\":\"2017-02-05T18:20:16+00:00\",\"dateModified\":\"2025-06-11T12:53:01+00:00\",\"breadcrumb\":{\"@id\":\"https:\\\/\\\/www.oekermann.de\\\/hu\\\/elonyok\\\/#breadcrumb\"},\"inLanguage\":\"hu-HU\",\"potentialAction\":[{\"@type\":\"ReadAction\",\"target\":[\"https:\\\/\\\/www.oekermann.de\\\/hu\\\/elonyok\\\/\"]}]},{\"@type\":\"BreadcrumbList\",\"@id\":\"https:\\\/\\\/www.oekermann.de\\\/hu\\\/elonyok\\\/#breadcrumb\",\"itemListElement\":[{\"@type\":\"ListItem\",\"position\":1,\"name\":\"Startseite\",\"item\":\"https:\\\/\\\/www.oekermann.de\\\/hu\\\/\"},{\"@type\":\"ListItem\",\"position\":2,\"name\":\"El\u0151ny\u00f6k\"}]},{\"@type\":\"WebSite\",\"@id\":\"https:\\\/\\\/www.oekermann.de\\\/#website\",\"url\":\"https:\\\/\\\/www.oekermann.de\\\/\",\"name\":\"Pneumatische F\u00f6rdertechnik - OEKERMANN Abwassertechnik\",\"description\":\"\",\"potentialAction\":[{\"@type\":\"SearchAction\",\"target\":{\"@type\":\"EntryPoint\",\"urlTemplate\":\"https:\\\/\\\/www.oekermann.de\\\/?s={search_term_string}\"},\"query-input\":{\"@type\":\"PropertyValueSpecification\",\"valueRequired\":true,\"valueName\":\"search_term_string\"}}],\"inLanguage\":\"hu-HU\"}]}<\/script>\n<!-- \/ Yoast SEO plugin. -->","yoast_head_json":{"title":"El\u0151ny\u00f6k - Pneumatische F\u00f6rdertechnik - OEKERMANN Abwassertechnik","robots":{"index":"index","follow":"follow","max-snippet":"max-snippet:-1","max-image-preview":"max-image-preview:large","max-video-preview":"max-video-preview:-1"},"canonical":"https:\/\/www.oekermann.de\/hu\/elonyok\/","og_locale":"hu_HU","og_type":"article","og_title":"El\u0151ny\u00f6k - Pneumatische F\u00f6rdertechnik - OEKERMANN Abwassertechnik","og_description":"Elektronikus vez\u00e9rl\u0151 CPU 10 Touch rendszervez\u00e9rl\u0151nk \u00e9vtizedes tapasztalatokat egyes\u00edti az optim\u00e1lis felhaszn\u00e1l\u00f3bar\u00e1t kezel\u00e9ssel. Ezenk\u00edv\u00fcl term\u00e9szetesen az ismert kompakt vez\u00e9rl\u0151ink tov\u00e1bbra is szerepelnek k\u00edn\u00e1latunkban. Tov\u00e1bb olvas \u203a Nincs rothad\u00e1s &amp; nincsenek lerak\u00f3d\u00e1sok Az OEKERMANN rendszerek megakad\u00e1lyozz\u00e1k a rothad\u00e1sok \u00e9s lerak\u00f3d\u00e1sok kialakul\u00e1s\u00e1t a nyom\u00f3vezet\u00e9k(ek)ben. Ez\u00e9rt nem keletkezik a k\u00f6zelben lak\u00f3kat \u00e9r\u0151 szagterhel\u00e9s, valamint az ac\u00e9l- \u00e9s betonelemeketWeiterlesen \"El\u0151ny\u00f6k\"","og_url":"https:\/\/www.oekermann.de\/hu\/elonyok\/","og_site_name":"Pneumatische F\u00f6rdertechnik - OEKERMANN Abwassertechnik","article_publisher":"https:\/\/www.facebook.com\/pages\/Oekermann-Abwassertechnik\/1007781205906685","article_modified_time":"2025-06-11T12:53:01+00:00","twitter_card":"summary_large_image","twitter_site":"@Oekermann","twitter_misc":{"Est. reading time":"2 minutes"},"schema":{"@context":"https:\/\/schema.org","@graph":[{"@type":"WebPage","@id":"https:\/\/www.oekermann.de\/hu\/elonyok\/","url":"https:\/\/www.oekermann.de\/hu\/elonyok\/","name":"El\u0151ny\u00f6k - Pneumatische F\u00f6rdertechnik - OEKERMANN Abwassertechnik","isPartOf":{"@id":"https:\/\/www.oekermann.de\/#website"},"datePublished":"2017-02-05T18:20:16+00:00","dateModified":"2025-06-11T12:53:01+00:00","breadcrumb":{"@id":"https:\/\/www.oekermann.de\/hu\/elonyok\/#breadcrumb"},"inLanguage":"hu-HU","potentialAction":[{"@type":"ReadAction","target":["https:\/\/www.oekermann.de\/hu\/elonyok\/"]}]},{"@type":"BreadcrumbList","@id":"https:\/\/www.oekermann.de\/hu\/elonyok\/#breadcrumb","itemListElement":[{"@type":"ListItem","position":1,"name":"Startseite","item":"https:\/\/www.oekermann.de\/hu\/"},{"@type":"ListItem","position":2,"name":"El\u0151ny\u00f6k"}]},{"@type":"WebSite","@id":"https:\/\/www.oekermann.de\/#website","url":"https:\/\/www.oekermann.de\/","name":"Pneumatische F\u00f6rdertechnik - OEKERMANN Abwassertechnik","description":"","potentialAction":[{"@type":"SearchAction","target":{"@type":"EntryPoint","urlTemplate":"https:\/\/www.oekermann.de\/?s={search_term_string}"},"query-input":{"@type":"PropertyValueSpecification","valueRequired":true,"valueName":"search_term_string"}}],"inLanguage":"hu-HU"}]}},"_links":{"self":[{"href":"https:\/\/www.oekermann.de\/hu\/wp-json\/wp\/v2\/pages\/5075","targetHints":{"allow":["GET"]}}],"collection":[{"href":"https:\/\/www.oekermann.de\/hu\/wp-json\/wp\/v2\/pages"}],"about":[{"href":"https:\/\/www.oekermann.de\/hu\/wp-json\/wp\/v2\/types\/page"}],"author":[{"embeddable":true,"href":"https:\/\/www.oekermann.de\/hu\/wp-json\/wp\/v2\/users\/2"}],"replies":[{"embeddable":true,"href":"https:\/\/www.oekermann.de\/hu\/wp-json\/wp\/v2\/comments?post=5075"}],"version-history":[{"count":1,"href":"https:\/\/www.oekermann.de\/hu\/wp-json\/wp\/v2\/pages\/5075\/revisions"}],"predecessor-version":[{"id":5133,"href":"https:\/\/www.oekermann.de\/hu\/wp-json\/wp\/v2\/pages\/5075\/revisions\/5133"}],"wp:attachment":[{"href":"https:\/\/www.oekermann.de\/hu\/wp-json\/wp\/v2\/media?parent=5075"}],"curies":[{"name":"wp","href":"https:\/\/api.w.org\/{rel}","templated":true}]}}