{"id":5076,"date":"2017-02-05T19:31:19","date_gmt":"2017-02-05T18:31:19","guid":{"rendered":"https:\/\/www.oekermann.de\/?page_id=5076"},"modified":"2025-06-11T14:53:01","modified_gmt":"2025-06-11T12:53:01","slug":"elektronikus-vezerlo","status":"publish","type":"page","link":"https:\/\/www.oekermann.de\/hu\/elonyok\/elektronikus-vezerlo\/","title":{"rendered":"Elektronikus vez\u00e9rl\u0151"},"content":{"rendered":"<section>\n<h2>Az \u00faj CPU 10 Touch rendszervez\u00e9rl\u0151<\/h2>\n<p>A CPU 10 Touch rendszervez\u00e9rl\u0151 egy kiv\u00e1l\u00f3 min\u0151s\u00e9g\u0171, kompakt hardver (PLC) tov\u00e1bbfejlesztett Oekermann szoftverrel. A CPU 10 az el\u0151z\u0151 vez\u00e9rl\u00e9sekkel \u00f6sszehasonl\u00edtva m\u00e9g ink\u00e1bb felhaszn\u00e1l\u00f3bar\u00e1t:<\/p>\n<ul class=\"vorteile\">\n<li>Valamennyi \u00fczemi folyamat \u00e9s \u00fczemi param\u00e9ter egy pillant\u00e1ssal \u00e1ttekinthet\u0151 egy nagym\u00e9ret\u0171 \u00e9rint\u0151k\u00e9perny\u0151n.<\/li>\n<li>K\u00f6nnyen el\u00e9rhet\u0151 almen\u00fck\u00f6n kereszt\u00fcl \u00e1ll\u00edthat\u00f3 be, ill. m\u00f3dos\u00edthat\u00f3 valamennyi \u00e9rt\u00e9k.<\/li>\n<li>Az \u00fczemi \u00e9s zavarjelz\u00e9sek buszkapcsolatokon (pl. Profibus vagy Modbus TCP) kereszt\u00fcl k\u00e9nyelmesen rendelkez\u00e9sre bocs\u00e1that\u00f3k az adott egy\u00e9ni t\u00e1voli adat\u00e1tviteli megold\u00e1shoz.<\/li>\n<\/ul>\n<p>Az \u00faj CPU 10 Touch univerz\u00e1lisan alkalmazhat\u00f3 valamennyi szerkezeti m\u00e9rethez, teh\u00e1t <a href=\"https:\/\/www.oekermann.de\/produktgruppen\/kleine-anlagen\/\">kis rendszerekhez<\/a>, <a href=\"https:\/\/www.oekermann.de\/produktgruppen\/doppelanlagen\/\">dupla<\/a>, <a href=\"https:\/\/www.oekermann.de\/produktgruppen\/drei-und-vierfachanlagen\/\">h\u00e1rmas \u00e9s n\u00e9gyes rendszerekhez,<\/a> valamint <a href=\"https:\/\/www.oekermann.de\/produktgruppen\/kombination-pneumatik-pumpe\/\">kiszor\u00edt\u00f3 szivatty\u00faval rendelkez\u0151 kombin\u00e1lt rendszerekhez<\/a>. \u00daj, kieg\u00e9sz\u00edt\u0151 programfunkci\u00f3k teszik lehet\u0151v\u00e9, hogy a pneumatikus szennyv\u00edzsz\u00e1ll\u00edt\u00f3 rendszer m\u00e9g energiatakar\u00e9kosabban \u00fczemeljen. A CPU 10 Touch fel\u00f6leli az elm\u00falt \u00e9vtizedek alatt gy\u0171jt\u00f6tt tapasztalatainkat, \u00e9s intuit\u00edvan modern felhaszn\u00e1l\u00f3bar\u00e1t kezel\u00e9ssel egyes\u00edti azokat.<\/p>\n<p><img decoding=\"async\" class=\"img-1\" style=\"height: 235px;\" src=\"\/wp-content\/uploads\/2021\/12\/2210-CPU-10-Touch-e1641204953975.jpeg\" alt=\"Rittal Schaltschrank\" \/><\/p>\n<p><a href=\"https:\/\/www.oekermann.de\/kontakt\/vertriebsbereiche\/\">Sz\u00fcks\u00e9g eset\u00e9n k\u00e9rjen tov\u00e1bbi t\u00e1j\u00e9koztat\u00f3 anyagot vagy \u00e1raj\u00e1nlatot a CPU 10 Touch-ra vonatkoz\u00f3an.<\/a><\/p>\n<\/section>\n","protected":false},"excerpt":{"rendered":"<p>Az \u00faj CPU 10 Touch rendszervez\u00e9rl\u0151 A CPU 10 Touch rendszervez\u00e9rl\u0151 egy kiv\u00e1l\u00f3 min\u0151s\u00e9g\u0171, kompakt hardver (PLC) tov\u00e1bbfejlesztett Oekermann szoftverrel. A CPU 10 az el\u0151z\u0151 vez\u00e9rl\u00e9sekkel \u00f6sszehasonl\u00edtva m\u00e9g ink\u00e1bb felhaszn\u00e1l\u00f3bar\u00e1t: Valamennyi \u00fczemi folyamat \u00e9s \u00fczemi param\u00e9ter egy pillant\u00e1ssal \u00e1ttekinthet\u0151 egy nagym\u00e9ret\u0171 \u00e9rint\u0151k\u00e9perny\u0151n. K\u00f6nnyen el\u00e9rhet\u0151 almen\u00fck\u00f6n kereszt\u00fcl \u00e1ll\u00edthat\u00f3 be, ill. m\u00f3dos\u00edthat\u00f3 valamennyi \u00e9rt\u00e9k. Az \u00fczemi \u00e9s<\/p>\n<p class=\"link-more\"><a href=\"https:\/\/www.oekermann.de\/hu\/elonyok\/elektronikus-vezerlo\/\" class=\"envor-btn\">Weiterlesen<span class=\"screen-reader-text\"> &#8220;Elektronikus vez\u00e9rl\u0151&#8221;<\/span><\/a><\/p>\n","protected":false},"author":2,"featured_media":0,"parent":5075,"menu_order":0,"comment_status":"closed","ping_status":"closed","template":"","meta":{"footnotes":""},"class_list":["post-5076","page","type-page","status-publish","hentry"],"yoast_head":"<!-- This site is optimized with the Yoast SEO plugin v27.4 - https:\/\/yoast.com\/product\/yoast-seo-wordpress\/ -->\n<title>Elektronikus vez\u00e9rl\u0151 - Pneumatische F\u00f6rdertechnik - OEKERMANN Abwassertechnik<\/title>\n<meta name=\"robots\" content=\"index, follow, max-snippet:-1, max-image-preview:large, max-video-preview:-1\" \/>\n<link rel=\"canonical\" href=\"https:\/\/www.oekermann.de\/hu\/elonyok\/elektronikus-vezerlo\/\" \/>\n<meta property=\"og:locale\" content=\"hu_HU\" \/>\n<meta property=\"og:type\" content=\"article\" \/>\n<meta property=\"og:title\" content=\"Elektronikus vez\u00e9rl\u0151 - Pneumatische F\u00f6rdertechnik - OEKERMANN Abwassertechnik\" \/>\n<meta property=\"og:description\" content=\"Az \u00faj CPU 10 Touch rendszervez\u00e9rl\u0151 A CPU 10 Touch rendszervez\u00e9rl\u0151 egy kiv\u00e1l\u00f3 min\u0151s\u00e9g\u0171, kompakt hardver (PLC) tov\u00e1bbfejlesztett Oekermann szoftverrel. A CPU 10 az el\u0151z\u0151 vez\u00e9rl\u00e9sekkel \u00f6sszehasonl\u00edtva m\u00e9g ink\u00e1bb felhaszn\u00e1l\u00f3bar\u00e1t: Valamennyi \u00fczemi folyamat \u00e9s \u00fczemi param\u00e9ter egy pillant\u00e1ssal \u00e1ttekinthet\u0151 egy nagym\u00e9ret\u0171 \u00e9rint\u0151k\u00e9perny\u0151n. K\u00f6nnyen el\u00e9rhet\u0151 almen\u00fck\u00f6n kereszt\u00fcl \u00e1ll\u00edthat\u00f3 be, ill. m\u00f3dos\u00edthat\u00f3 valamennyi \u00e9rt\u00e9k. Az \u00fczemi \u00e9sWeiterlesen &quot;Elektronikus vez\u00e9rl\u0151&quot;\" \/>\n<meta property=\"og:url\" content=\"https:\/\/www.oekermann.de\/hu\/elonyok\/elektronikus-vezerlo\/\" \/>\n<meta property=\"og:site_name\" content=\"Pneumatische F\u00f6rdertechnik - OEKERMANN Abwassertechnik\" \/>\n<meta property=\"article:publisher\" content=\"https:\/\/www.facebook.com\/pages\/Oekermann-Abwassertechnik\/1007781205906685\" \/>\n<meta property=\"article:modified_time\" content=\"2025-06-11T12:53:01+00:00\" \/>\n<meta name=\"twitter:card\" content=\"summary_large_image\" \/>\n<meta name=\"twitter:site\" content=\"@Oekermann\" \/>\n<meta name=\"twitter:label1\" content=\"Est. reading time\" \/>\n\t<meta name=\"twitter:data1\" content=\"1 minute\" \/>\n<script type=\"application\/ld+json\" class=\"yoast-schema-graph\">{\"@context\":\"https:\\\/\\\/schema.org\",\"@graph\":[{\"@type\":\"WebPage\",\"@id\":\"https:\\\/\\\/www.oekermann.de\\\/hu\\\/elonyok\\\/elektronikus-vezerlo\\\/\",\"url\":\"https:\\\/\\\/www.oekermann.de\\\/hu\\\/elonyok\\\/elektronikus-vezerlo\\\/\",\"name\":\"Elektronikus vez\u00e9rl\u0151 - Pneumatische F\u00f6rdertechnik - OEKERMANN Abwassertechnik\",\"isPartOf\":{\"@id\":\"https:\\\/\\\/www.oekermann.de\\\/#website\"},\"datePublished\":\"2017-02-05T18:31:19+00:00\",\"dateModified\":\"2025-06-11T12:53:01+00:00\",\"breadcrumb\":{\"@id\":\"https:\\\/\\\/www.oekermann.de\\\/hu\\\/elonyok\\\/elektronikus-vezerlo\\\/#breadcrumb\"},\"inLanguage\":\"hu-HU\",\"potentialAction\":[{\"@type\":\"ReadAction\",\"target\":[\"https:\\\/\\\/www.oekermann.de\\\/hu\\\/elonyok\\\/elektronikus-vezerlo\\\/\"]}]},{\"@type\":\"BreadcrumbList\",\"@id\":\"https:\\\/\\\/www.oekermann.de\\\/hu\\\/elonyok\\\/elektronikus-vezerlo\\\/#breadcrumb\",\"itemListElement\":[{\"@type\":\"ListItem\",\"position\":1,\"name\":\"Startseite\",\"item\":\"https:\\\/\\\/www.oekermann.de\\\/hu\\\/\"},{\"@type\":\"ListItem\",\"position\":2,\"name\":\"El\u0151ny\u00f6k\",\"item\":\"https:\\\/\\\/www.oekermann.de\\\/hu\\\/elonyok\\\/\"},{\"@type\":\"ListItem\",\"position\":3,\"name\":\"Elektronikus vez\u00e9rl\u0151\"}]},{\"@type\":\"WebSite\",\"@id\":\"https:\\\/\\\/www.oekermann.de\\\/#website\",\"url\":\"https:\\\/\\\/www.oekermann.de\\\/\",\"name\":\"Pneumatische F\u00f6rdertechnik - OEKERMANN Abwassertechnik\",\"description\":\"\",\"potentialAction\":[{\"@type\":\"SearchAction\",\"target\":{\"@type\":\"EntryPoint\",\"urlTemplate\":\"https:\\\/\\\/www.oekermann.de\\\/?s={search_term_string}\"},\"query-input\":{\"@type\":\"PropertyValueSpecification\",\"valueRequired\":true,\"valueName\":\"search_term_string\"}}],\"inLanguage\":\"hu-HU\"}]}<\/script>\n<!-- \/ Yoast SEO plugin. -->","yoast_head_json":{"title":"Elektronikus vez\u00e9rl\u0151 - Pneumatische F\u00f6rdertechnik - OEKERMANN Abwassertechnik","robots":{"index":"index","follow":"follow","max-snippet":"max-snippet:-1","max-image-preview":"max-image-preview:large","max-video-preview":"max-video-preview:-1"},"canonical":"https:\/\/www.oekermann.de\/hu\/elonyok\/elektronikus-vezerlo\/","og_locale":"hu_HU","og_type":"article","og_title":"Elektronikus vez\u00e9rl\u0151 - Pneumatische F\u00f6rdertechnik - OEKERMANN Abwassertechnik","og_description":"Az \u00faj CPU 10 Touch rendszervez\u00e9rl\u0151 A CPU 10 Touch rendszervez\u00e9rl\u0151 egy kiv\u00e1l\u00f3 min\u0151s\u00e9g\u0171, kompakt hardver (PLC) tov\u00e1bbfejlesztett Oekermann szoftverrel. A CPU 10 az el\u0151z\u0151 vez\u00e9rl\u00e9sekkel \u00f6sszehasonl\u00edtva m\u00e9g ink\u00e1bb felhaszn\u00e1l\u00f3bar\u00e1t: Valamennyi \u00fczemi folyamat \u00e9s \u00fczemi param\u00e9ter egy pillant\u00e1ssal \u00e1ttekinthet\u0151 egy nagym\u00e9ret\u0171 \u00e9rint\u0151k\u00e9perny\u0151n. K\u00f6nnyen el\u00e9rhet\u0151 almen\u00fck\u00f6n kereszt\u00fcl \u00e1ll\u00edthat\u00f3 be, ill. m\u00f3dos\u00edthat\u00f3 valamennyi \u00e9rt\u00e9k. Az \u00fczemi \u00e9sWeiterlesen \"Elektronikus vez\u00e9rl\u0151\"","og_url":"https:\/\/www.oekermann.de\/hu\/elonyok\/elektronikus-vezerlo\/","og_site_name":"Pneumatische F\u00f6rdertechnik - OEKERMANN Abwassertechnik","article_publisher":"https:\/\/www.facebook.com\/pages\/Oekermann-Abwassertechnik\/1007781205906685","article_modified_time":"2025-06-11T12:53:01+00:00","twitter_card":"summary_large_image","twitter_site":"@Oekermann","twitter_misc":{"Est. reading time":"1 minute"},"schema":{"@context":"https:\/\/schema.org","@graph":[{"@type":"WebPage","@id":"https:\/\/www.oekermann.de\/hu\/elonyok\/elektronikus-vezerlo\/","url":"https:\/\/www.oekermann.de\/hu\/elonyok\/elektronikus-vezerlo\/","name":"Elektronikus vez\u00e9rl\u0151 - Pneumatische F\u00f6rdertechnik - OEKERMANN Abwassertechnik","isPartOf":{"@id":"https:\/\/www.oekermann.de\/#website"},"datePublished":"2017-02-05T18:31:19+00:00","dateModified":"2025-06-11T12:53:01+00:00","breadcrumb":{"@id":"https:\/\/www.oekermann.de\/hu\/elonyok\/elektronikus-vezerlo\/#breadcrumb"},"inLanguage":"hu-HU","potentialAction":[{"@type":"ReadAction","target":["https:\/\/www.oekermann.de\/hu\/elonyok\/elektronikus-vezerlo\/"]}]},{"@type":"BreadcrumbList","@id":"https:\/\/www.oekermann.de\/hu\/elonyok\/elektronikus-vezerlo\/#breadcrumb","itemListElement":[{"@type":"ListItem","position":1,"name":"Startseite","item":"https:\/\/www.oekermann.de\/hu\/"},{"@type":"ListItem","position":2,"name":"El\u0151ny\u00f6k","item":"https:\/\/www.oekermann.de\/hu\/elonyok\/"},{"@type":"ListItem","position":3,"name":"Elektronikus vez\u00e9rl\u0151"}]},{"@type":"WebSite","@id":"https:\/\/www.oekermann.de\/#website","url":"https:\/\/www.oekermann.de\/","name":"Pneumatische F\u00f6rdertechnik - OEKERMANN Abwassertechnik","description":"","potentialAction":[{"@type":"SearchAction","target":{"@type":"EntryPoint","urlTemplate":"https:\/\/www.oekermann.de\/?s={search_term_string}"},"query-input":{"@type":"PropertyValueSpecification","valueRequired":true,"valueName":"search_term_string"}}],"inLanguage":"hu-HU"}]}},"_links":{"self":[{"href":"https:\/\/www.oekermann.de\/hu\/wp-json\/wp\/v2\/pages\/5076","targetHints":{"allow":["GET"]}}],"collection":[{"href":"https:\/\/www.oekermann.de\/hu\/wp-json\/wp\/v2\/pages"}],"about":[{"href":"https:\/\/www.oekermann.de\/hu\/wp-json\/wp\/v2\/types\/page"}],"author":[{"embeddable":true,"href":"https:\/\/www.oekermann.de\/hu\/wp-json\/wp\/v2\/users\/2"}],"replies":[{"embeddable":true,"href":"https:\/\/www.oekermann.de\/hu\/wp-json\/wp\/v2\/comments?post=5076"}],"version-history":[{"count":1,"href":"https:\/\/www.oekermann.de\/hu\/wp-json\/wp\/v2\/pages\/5076\/revisions"}],"predecessor-version":[{"id":5134,"href":"https:\/\/www.oekermann.de\/hu\/wp-json\/wp\/v2\/pages\/5076\/revisions\/5134"}],"up":[{"embeddable":true,"href":"https:\/\/www.oekermann.de\/hu\/wp-json\/wp\/v2\/pages\/5075"}],"wp:attachment":[{"href":"https:\/\/www.oekermann.de\/hu\/wp-json\/wp\/v2\/media?parent=5076"}],"curies":[{"name":"wp","href":"https:\/\/api.w.org\/{rel}","templated":true}]}}