{"id":5079,"date":"2017-02-05T22:07:05","date_gmt":"2017-02-05T21:07:05","guid":{"rendered":"https:\/\/www.oekermann.de\/?page_id=5079"},"modified":"2025-06-23T13:08:07","modified_gmt":"2025-06-23T11:08:07","slug":"nincs-rothadas-es-nincsenek-lerakodasok","status":"publish","type":"page","link":"https:\/\/www.oekermann.de\/hu\/elonyok\/nincs-rothadas-es-nincsenek-lerakodasok\/","title":{"rendered":"Nincs rothad\u00e1s \u00e9s nincsenek lerak\u00f3d\u00e1sok"},"content":{"rendered":"<section>\n<h2>A szennyv\u00edz sz\u00e1ll\u00edt\u00e1sa friss \u00e1llapotban<\/h2>\n<p>A szennyv\u00edz szennyv\u00edztiszt\u00edt\u00f3 telepre t\u00f6rt\u00e9n\u0151 sz\u00e1ll\u00edt\u00e1sa az OEKERMANN szennyv\u00edzsz\u00e1ll\u00edt\u00f3 rendszereivel friss \u00e1llapotban t\u00f6rt\u00e9nik.<\/p>\n<p>M\u00e1r a szivatty\u00fatelepen finoman a k\u00f6r\u00fclm\u00e9nyekhez hangolt rendszerelemek gondoskodnak arr\u00f3l, hogy a szennyv\u00edz r\u00f6vid ideig tart\u00f3zkodjon a telepen. Id\u0151ben, miel\u0151tt a <a href=\"https:\/\/www.oekermann.de\/vorteile\/foerderung-geringer-wassermengen\/\">rothad\u00e1si folyamat<\/a> elkezd\u0151dhetne, vagy lerak\u00f3d\u00e1sok alakulhatn\u00e1nak ki, megkezd\u0151dik a sz\u00e1ll\u00edt\u00e1si m\u0171velet, \u00e9s a szennyv\u00edz elszivatty\u00faz\u00f3dik.<\/p>\n<p>A szennyv\u00edzgy\u0171jt\u0151 akn\u00e1t minden egyes sz\u00e1ll\u00edt\u00e1si m\u0171velet alkalm\u00e1val intenz\u00edven s\u0171r\u00edtett leveg\u0151vel, ill. leveg\u0151-oxig\u00e9nnel keverik \u00e1t. Minden egyes sz\u00e1ll\u00edt\u00e1si f\u00e1zis v\u00e9g\u00e9n az el\u0151akna teljesen ki\u00fcr\u00fcl, nincsenek maradv\u00e1nyok, melyek a k\u00f6vetkez\u0151 \u00fcr\u00edt\u00e9sig ott maradhatn\u00e1nak, vagy olyan lebeg\u0151 anyagok, melyek nem sz\u00e1ll\u00edt\u00f3dnak el.<\/p>\n<p>Ez\u00e9rt az OEKERMANN rendszerek k\u00fcl\u00f6n\u00f6sen alkalmasak olyan esetekben, amikor csak <a href=\"https:\/\/www.oekermann.de\/themen\/ruecklaeufiger-wasserverbrauch\/\">csek\u00e9ly vagy ingadoz\u00f3 mennyis\u00e9g\u0171 szennyv\u00edz<\/a> t\u00e1pl\u00e1l\u00f3dik be.<\/p>\n<h2>Nincs szagterhel\u00e9s<\/h2>\n<p>Tov\u00e1bb\u00e1 a sz\u00e1ll\u00edt\u00e1s k\u00f6zben a szennyv\u00edz folyamatosan leveg\u0151vel keverik \u00e1t. Megakad\u00e1lyozhat\u00f3 a rothad\u00e1s kialakul\u00e1sa a <a href=\"https:\/\/www.oekermann.de\/vorteile\/druckleitungen\/\">nyom\u00f3vezet\u00e9kben<\/a>, valamint ennek k\u00f6vetkezm\u00e9nyei; a ki\u00f6ml\u0151n\u00e9l kialakul\u00f3 szag, vagy a szennyv\u00edz tiszt\u00edthat\u00f3s\u00e1g\u00e1nak roml\u00e1sa, valamint a k\u00e9nhidrog\u00e9n okozta korr\u00f3zi\u00f3 beton- \u00e9s vas-ac\u00e9lszerkezeten.<\/p>\n<p>\u00cdgy a pneumatikus szennyv\u00edzsz\u00e1ll\u00edt\u00e1s el\u0151nyei a napszakt\u00f3l vagy \u00e9vszakt\u00f3l f\u00fcgg\u0151 er\u0151sen ingadoz\u00f3 mennyis\u00e9g\u0171 keletkez\u0151 szennyv\u00edz eset\u00e9n is mindig teljes m\u00e9rt\u00e9kben kihaszn\u00e1lhat\u00f3k.<\/p>\n<p>A rendszer felismeri a napszakt\u00f3l vagy \u00e9vszakt\u00f3l f\u00fcgg\u0151, alacsonyabb szennyv\u00edzk\u00e9pz\u0151d\u00e9ssel j\u00e1r\u00f3 id\u0151ket, a hosszabb sz\u00e1raz peri\u00f3dusokat, \u00e9s a berendez\u00e9sek ekkor ennek megfelel\u0151en \u00fczemelnek. A rendszer periodikusan s\u0171r\u00edtett leveg\u0151t juttat a <a href=\"https:\/\/www.oekermann.de\/vorteile\/druckleitungen\/\">nyom\u00f3vezet\u00e9kekbe<\/a> (<a href=\"https:\/\/www.oekermann.de\/fachbegriffe\/nachblasautomatik\/\">&#8220;lef\u00favat\u00e1s&#8221;<\/a>): \u00e1ltal\u00e1ban az \u00e9jszakai \u00f3r\u00e1kban, amikor kev\u00e9s szenny\u00edz k\u00e9pz\u0151dik, de \u00fczemid\u0151t\u0151l f\u00fcgg\u0151en is. Ezek a lef\u00favat\u00e1si m\u0171veletek gondoskodnak arr\u00f3l, hogy a nyom\u00f3vezet\u00e9kek ne duguljanak el, \u00e9s ne k\u00e9pz\u0151djenek letapad\u00e1sok (biofilmr\u00e9teg).<\/p>\n<p>Nem keletkezik a k\u00f6zelben lak\u00f3kat \u00e9s a kezel\u0151szem\u00e9lyzetet \u00e9rint\u0151 <a href=\"https:\/\/www.oekermann.de\/themen\/hygiene-und-gesundheit\/\">szagterhel\u00e9s<\/a>.<\/p>\n<p>A <a href=\"https:\/\/www.oekermann.de\/vorteile\/druckleitungen\/\">nyom\u00f3vezet\u00e9kek<\/a> fektet\u00e9se fagymentes m\u00e9lys\u00e9gben, a legt\u00f6bb esetben a terep felsz\u00edn\u00e9vel \u00e9s a magas\/alacsony pontok ter\u00fclet\u00e9vel p\u00e1rhuzamosan t\u00f6rt\u00e9nik. Ezek a <a href=\"https:\/\/www.oekermann.de\/vorteile\/hoehenueberwindung\/\">magas \u00e9s alacsony pontok<\/a> t\u00e1mogatj\u00e1k a rendszer \u00f6sszhat\u00e1s\u00e1t a rothad\u00e1sk\u00e9pz\u0151d\u00e9s \u00e9s a lerak\u00f3d\u00e1sok kialakul\u00e1s\u00e1nak megakad\u00e1lyoz\u00e1sa vonatkoz\u00e1s\u00e1ban.<\/p>\n<style type=\"text\/css\">\n#foogallery-gallery-1016 .fg-image { width: 510px; }\n#foogallery-gallery-1016 { --fg-gutter: 10px; }<\/style>\n\t\t\t<div class=\"foogallery foogallery-container foogallery-default foogallery-lightbox-foobox fg-left fg-default fg-ready fg-light fg-border-thin fg-shadow-small fg-loading-default fg-loaded-fade-in fg-hover-fade fg-hover-zoom\" id=\"foogallery-gallery-1016\" data-foogallery=\"{&quot;item&quot;:{&quot;showCaptionTitle&quot;:true,&quot;showCaptionDescription&quot;:false},&quot;lazy&quot;:true}\" style=\"--fg-title-line-clamp: 0; --fg-description-line-clamp: 0;\" >\n\t<div class=\"fg-item fg-type-image fg-idle\"><figure class=\"fg-item-inner\"><a href=\"https:\/\/www.oekermann.de\/wp-content\/uploads\/2017\/02\/Intensive-Turbulenzen-im-Vorschacht.jpg\" data-attachment-id=\"4742\" data-type=\"image\" class=\"fg-thumb\"><span class=\"fg-image-wrap\"><img fetchpriority=\"high\" decoding=\"async\" alt=\"Intenz\u00edv turbulencia az akn\u00e1ban - OEKERMANN Abwassertechnik\" width=\"510\" height=\"298\" class=\"skip-lazy fg-image\" data-src-fg=\"https:\/\/www.oekermann.de\/wp-content\/uploads\/cache\/2017\/02\/Intensive-Turbulenzen-im-Vorschacht\/1846602991.jpg\" src=\"data:image\/svg+xml,%3Csvg%20xmlns%3D%22http%3A%2F%2Fwww.w3.org%2F2000%2Fsvg%22%20width%3D%22510%22%20height%3D%22298%22%20viewBox%3D%220%200%20510%20298%22%3E%3C%2Fsvg%3E\" loading=\"eager\"><\/span><span class=\"fg-image-overlay\"><\/span><\/a><\/figure><div class=\"fg-loader\"><\/div><\/div><div class=\"fg-item fg-type-image fg-idle\"><figure class=\"fg-item-inner\"><a href=\"https:\/\/www.oekermann.de\/wp-content\/uploads\/2018\/02\/OEKERMANN-Abwassertechnik-Uebergabeschacht-Inbetriebnahme-13-07-2012.jpg\" data-attachment-id=\"3281\" data-type=\"image\" class=\"fg-thumb\"><span class=\"fg-image-wrap\"><img decoding=\"async\" alt=\"\u00dcbergabeschacht - Inbetriebnahme am 13.07.2012 - OEKERMANN Abwassertechnik\" width=\"510\" height=\"298\" class=\"skip-lazy fg-image\" data-src-fg=\"https:\/\/www.oekermann.de\/wp-content\/uploads\/cache\/2018\/02\/OEKERMANN-Abwassertechnik-Uebergabeschacht-Inbetriebnahme-13-07-2012\/2779590196.jpg\" src=\"data:image\/svg+xml,%3Csvg%20xmlns%3D%22http%3A%2F%2Fwww.w3.org%2F2000%2Fsvg%22%20width%3D%22510%22%20height%3D%22298%22%20viewBox%3D%220%200%20510%20298%22%3E%3C%2Fsvg%3E\" loading=\"eager\"><\/span><span class=\"fg-image-overlay\"><\/span><\/a><\/figure><div class=\"fg-loader\"><\/div><\/div><\/div>\n\n<\/section>\n<section class=\"downloads\">\n<div class=\"animate-in\" data-anim-type=\"fade-in-right-big\" data-anim-delay=\"\">\n<div class=\"dl-wrapper\">\n<h2>Let\u00f6lt\u00e9sek a t\u00e9m\u00e1hoz:<\/h2>\n<ul class=\"dl-files\">\n<li class=\"pdf-file-1\"><a href=\"\/res\/pdf\/sonderdruckschriften\/OEKERMANN-Info-09-Verhinderung-von-Ablagerungs-und-Sulfidproblemen-durch-pneumatische-Abwasserfoerderung.pdf\" target=\"_blank\" rel=\"noopener noreferrer\"> A lerak\u00f3d\u00e1sok \u00e9s a szilfidok okozta probl\u00e9m\u00e1k megakad\u00e1lyoz\u00e1sa pneumatikus szennyv\u00edzsz\u00e1ll\u00edt\u00e1ssal <\/a><\/li>\n<li class=\"pdf-file-1\"><a href=\"\/res\/pdf\/sonderdruckschriften\/OEKERMANN-Info-02-Die-wichtigsten-Einsatzgruende-fuer-unsere-pneumatischen-Abwasser-Foerderanlagen.pdf\" target=\"_blank\" rel=\"noopener noreferrer\"> A pneumatikus szennyv\u00edzsz\u00e1ll\u00edt\u00f3 rendszerek alkalmaz\u00e1s\u00e1nak legfontosabb okai <\/a><\/li>\n<\/ul>\n<div class=\"dl-all\"><a title=\"Ingyenes t\u00e1j\u00e9koztat\u00f3 anyag a pneumatikus szennyv\u00edztechnika t\u00e9m\u00e1j\u00e1ban\" href=\"https:\/\/www.oekermann.de\/downloads\/\">Ingyenes t\u00e1j\u00e9koztat\u00f3 anyag a pneumatikus szennyv\u00edztechnika t\u00e9m\u00e1j\u00e1ban<\/a><\/div>\n<\/div>\n<\/div>\n<\/section>\n","protected":false},"excerpt":{"rendered":"<p>A szennyv\u00edz sz\u00e1ll\u00edt\u00e1sa friss \u00e1llapotban A szennyv\u00edz szennyv\u00edztiszt\u00edt\u00f3 telepre t\u00f6rt\u00e9n\u0151 sz\u00e1ll\u00edt\u00e1sa az OEKERMANN szennyv\u00edzsz\u00e1ll\u00edt\u00f3 rendszereivel friss \u00e1llapotban t\u00f6rt\u00e9nik. M\u00e1r a szivatty\u00fatelepen finoman a k\u00f6r\u00fclm\u00e9nyekhez hangolt rendszerelemek gondoskodnak arr\u00f3l, hogy a szennyv\u00edz r\u00f6vid ideig tart\u00f3zkodjon a telepen. Id\u0151ben, miel\u0151tt a rothad\u00e1si folyamat elkezd\u0151dhetne, vagy lerak\u00f3d\u00e1sok alakulhatn\u00e1nak ki, megkezd\u0151dik a sz\u00e1ll\u00edt\u00e1si m\u0171velet, \u00e9s a szennyv\u00edz elszivatty\u00faz\u00f3dik. A<\/p>\n<p class=\"link-more\"><a href=\"https:\/\/www.oekermann.de\/hu\/elonyok\/nincs-rothadas-es-nincsenek-lerakodasok\/\" class=\"envor-btn\">Weiterlesen<span class=\"screen-reader-text\"> &#8220;Nincs rothad\u00e1s \u00e9s nincsenek lerak\u00f3d\u00e1sok&#8221;<\/span><\/a><\/p>\n","protected":false},"author":2,"featured_media":0,"parent":5075,"menu_order":0,"comment_status":"closed","ping_status":"closed","template":"","meta":{"footnotes":""},"class_list":["post-5079","page","type-page","status-publish","hentry"],"yoast_head":"<!-- This site is optimized with the Yoast SEO plugin v27.4 - https:\/\/yoast.com\/product\/yoast-seo-wordpress\/ -->\n<title>Nincs rothad\u00e1s \u00e9s nincsenek lerak\u00f3d\u00e1sok - Pneumatische F\u00f6rdertechnik - OEKERMANN Abwassertechnik<\/title>\n<meta name=\"robots\" content=\"index, follow, max-snippet:-1, max-image-preview:large, max-video-preview:-1\" \/>\n<link rel=\"canonical\" href=\"https:\/\/www.oekermann.de\/hu\/elonyok\/nincs-rothadas-es-nincsenek-lerakodasok\/\" \/>\n<meta property=\"og:locale\" content=\"hu_HU\" \/>\n<meta property=\"og:type\" content=\"article\" \/>\n<meta property=\"og:title\" content=\"Nincs rothad\u00e1s \u00e9s nincsenek lerak\u00f3d\u00e1sok - Pneumatische F\u00f6rdertechnik - OEKERMANN Abwassertechnik\" \/>\n<meta property=\"og:description\" content=\"A szennyv\u00edz sz\u00e1ll\u00edt\u00e1sa friss \u00e1llapotban A szennyv\u00edz szennyv\u00edztiszt\u00edt\u00f3 telepre t\u00f6rt\u00e9n\u0151 sz\u00e1ll\u00edt\u00e1sa az OEKERMANN szennyv\u00edzsz\u00e1ll\u00edt\u00f3 rendszereivel friss \u00e1llapotban t\u00f6rt\u00e9nik. M\u00e1r a szivatty\u00fatelepen finoman a k\u00f6r\u00fclm\u00e9nyekhez hangolt rendszerelemek gondoskodnak arr\u00f3l, hogy a szennyv\u00edz r\u00f6vid ideig tart\u00f3zkodjon a telepen. Id\u0151ben, miel\u0151tt a rothad\u00e1si folyamat elkezd\u0151dhetne, vagy lerak\u00f3d\u00e1sok alakulhatn\u00e1nak ki, megkezd\u0151dik a sz\u00e1ll\u00edt\u00e1si m\u0171velet, \u00e9s a szennyv\u00edz elszivatty\u00faz\u00f3dik. AWeiterlesen &quot;Nincs rothad\u00e1s \u00e9s nincsenek lerak\u00f3d\u00e1sok&quot;\" \/>\n<meta property=\"og:url\" content=\"https:\/\/www.oekermann.de\/hu\/elonyok\/nincs-rothadas-es-nincsenek-lerakodasok\/\" \/>\n<meta property=\"og:site_name\" content=\"Pneumatische F\u00f6rdertechnik - OEKERMANN Abwassertechnik\" \/>\n<meta property=\"article:publisher\" content=\"https:\/\/www.facebook.com\/pages\/Oekermann-Abwassertechnik\/1007781205906685\" \/>\n<meta property=\"article:modified_time\" content=\"2025-06-23T11:08:07+00:00\" \/>\n<meta name=\"twitter:card\" content=\"summary_large_image\" \/>\n<meta name=\"twitter:site\" content=\"@Oekermann\" \/>\n<meta name=\"twitter:label1\" content=\"Est. reading time\" \/>\n\t<meta name=\"twitter:data1\" content=\"3 minutes\" \/>\n<script type=\"application\/ld+json\" class=\"yoast-schema-graph\">{\"@context\":\"https:\\\/\\\/schema.org\",\"@graph\":[{\"@type\":\"WebPage\",\"@id\":\"https:\\\/\\\/www.oekermann.de\\\/hu\\\/elonyok\\\/nincs-rothadas-es-nincsenek-lerakodasok\\\/\",\"url\":\"https:\\\/\\\/www.oekermann.de\\\/hu\\\/elonyok\\\/nincs-rothadas-es-nincsenek-lerakodasok\\\/\",\"name\":\"Nincs rothad\u00e1s \u00e9s nincsenek lerak\u00f3d\u00e1sok - Pneumatische F\u00f6rdertechnik - OEKERMANN Abwassertechnik\",\"isPartOf\":{\"@id\":\"https:\\\/\\\/www.oekermann.de\\\/#website\"},\"datePublished\":\"2017-02-05T21:07:05+00:00\",\"dateModified\":\"2025-06-23T11:08:07+00:00\",\"breadcrumb\":{\"@id\":\"https:\\\/\\\/www.oekermann.de\\\/hu\\\/elonyok\\\/nincs-rothadas-es-nincsenek-lerakodasok\\\/#breadcrumb\"},\"inLanguage\":\"hu-HU\",\"potentialAction\":[{\"@type\":\"ReadAction\",\"target\":[\"https:\\\/\\\/www.oekermann.de\\\/hu\\\/elonyok\\\/nincs-rothadas-es-nincsenek-lerakodasok\\\/\"]}]},{\"@type\":\"BreadcrumbList\",\"@id\":\"https:\\\/\\\/www.oekermann.de\\\/hu\\\/elonyok\\\/nincs-rothadas-es-nincsenek-lerakodasok\\\/#breadcrumb\",\"itemListElement\":[{\"@type\":\"ListItem\",\"position\":1,\"name\":\"Startseite\",\"item\":\"https:\\\/\\\/www.oekermann.de\\\/hu\\\/\"},{\"@type\":\"ListItem\",\"position\":2,\"name\":\"El\u0151ny\u00f6k\",\"item\":\"https:\\\/\\\/www.oekermann.de\\\/hu\\\/elonyok\\\/\"},{\"@type\":\"ListItem\",\"position\":3,\"name\":\"Nincs rothad\u00e1s \u00e9s nincsenek lerak\u00f3d\u00e1sok\"}]},{\"@type\":\"WebSite\",\"@id\":\"https:\\\/\\\/www.oekermann.de\\\/#website\",\"url\":\"https:\\\/\\\/www.oekermann.de\\\/\",\"name\":\"Pneumatische F\u00f6rdertechnik - OEKERMANN Abwassertechnik\",\"description\":\"\",\"potentialAction\":[{\"@type\":\"SearchAction\",\"target\":{\"@type\":\"EntryPoint\",\"urlTemplate\":\"https:\\\/\\\/www.oekermann.de\\\/?s={search_term_string}\"},\"query-input\":{\"@type\":\"PropertyValueSpecification\",\"valueRequired\":true,\"valueName\":\"search_term_string\"}}],\"inLanguage\":\"hu-HU\"}]}<\/script>\n<!-- \/ Yoast SEO plugin. -->","yoast_head_json":{"title":"Nincs rothad\u00e1s \u00e9s nincsenek lerak\u00f3d\u00e1sok - Pneumatische F\u00f6rdertechnik - OEKERMANN Abwassertechnik","robots":{"index":"index","follow":"follow","max-snippet":"max-snippet:-1","max-image-preview":"max-image-preview:large","max-video-preview":"max-video-preview:-1"},"canonical":"https:\/\/www.oekermann.de\/hu\/elonyok\/nincs-rothadas-es-nincsenek-lerakodasok\/","og_locale":"hu_HU","og_type":"article","og_title":"Nincs rothad\u00e1s \u00e9s nincsenek lerak\u00f3d\u00e1sok - Pneumatische F\u00f6rdertechnik - OEKERMANN Abwassertechnik","og_description":"A szennyv\u00edz sz\u00e1ll\u00edt\u00e1sa friss \u00e1llapotban A szennyv\u00edz szennyv\u00edztiszt\u00edt\u00f3 telepre t\u00f6rt\u00e9n\u0151 sz\u00e1ll\u00edt\u00e1sa az OEKERMANN szennyv\u00edzsz\u00e1ll\u00edt\u00f3 rendszereivel friss \u00e1llapotban t\u00f6rt\u00e9nik. M\u00e1r a szivatty\u00fatelepen finoman a k\u00f6r\u00fclm\u00e9nyekhez hangolt rendszerelemek gondoskodnak arr\u00f3l, hogy a szennyv\u00edz r\u00f6vid ideig tart\u00f3zkodjon a telepen. Id\u0151ben, miel\u0151tt a rothad\u00e1si folyamat elkezd\u0151dhetne, vagy lerak\u00f3d\u00e1sok alakulhatn\u00e1nak ki, megkezd\u0151dik a sz\u00e1ll\u00edt\u00e1si m\u0171velet, \u00e9s a szennyv\u00edz elszivatty\u00faz\u00f3dik. AWeiterlesen \"Nincs rothad\u00e1s \u00e9s nincsenek lerak\u00f3d\u00e1sok\"","og_url":"https:\/\/www.oekermann.de\/hu\/elonyok\/nincs-rothadas-es-nincsenek-lerakodasok\/","og_site_name":"Pneumatische F\u00f6rdertechnik - OEKERMANN Abwassertechnik","article_publisher":"https:\/\/www.facebook.com\/pages\/Oekermann-Abwassertechnik\/1007781205906685","article_modified_time":"2025-06-23T11:08:07+00:00","twitter_card":"summary_large_image","twitter_site":"@Oekermann","twitter_misc":{"Est. reading time":"3 minutes"},"schema":{"@context":"https:\/\/schema.org","@graph":[{"@type":"WebPage","@id":"https:\/\/www.oekermann.de\/hu\/elonyok\/nincs-rothadas-es-nincsenek-lerakodasok\/","url":"https:\/\/www.oekermann.de\/hu\/elonyok\/nincs-rothadas-es-nincsenek-lerakodasok\/","name":"Nincs rothad\u00e1s \u00e9s nincsenek lerak\u00f3d\u00e1sok - Pneumatische F\u00f6rdertechnik - OEKERMANN Abwassertechnik","isPartOf":{"@id":"https:\/\/www.oekermann.de\/#website"},"datePublished":"2017-02-05T21:07:05+00:00","dateModified":"2025-06-23T11:08:07+00:00","breadcrumb":{"@id":"https:\/\/www.oekermann.de\/hu\/elonyok\/nincs-rothadas-es-nincsenek-lerakodasok\/#breadcrumb"},"inLanguage":"hu-HU","potentialAction":[{"@type":"ReadAction","target":["https:\/\/www.oekermann.de\/hu\/elonyok\/nincs-rothadas-es-nincsenek-lerakodasok\/"]}]},{"@type":"BreadcrumbList","@id":"https:\/\/www.oekermann.de\/hu\/elonyok\/nincs-rothadas-es-nincsenek-lerakodasok\/#breadcrumb","itemListElement":[{"@type":"ListItem","position":1,"name":"Startseite","item":"https:\/\/www.oekermann.de\/hu\/"},{"@type":"ListItem","position":2,"name":"El\u0151ny\u00f6k","item":"https:\/\/www.oekermann.de\/hu\/elonyok\/"},{"@type":"ListItem","position":3,"name":"Nincs rothad\u00e1s \u00e9s nincsenek lerak\u00f3d\u00e1sok"}]},{"@type":"WebSite","@id":"https:\/\/www.oekermann.de\/#website","url":"https:\/\/www.oekermann.de\/","name":"Pneumatische F\u00f6rdertechnik - OEKERMANN Abwassertechnik","description":"","potentialAction":[{"@type":"SearchAction","target":{"@type":"EntryPoint","urlTemplate":"https:\/\/www.oekermann.de\/?s={search_term_string}"},"query-input":{"@type":"PropertyValueSpecification","valueRequired":true,"valueName":"search_term_string"}}],"inLanguage":"hu-HU"}]}},"_links":{"self":[{"href":"https:\/\/www.oekermann.de\/hu\/wp-json\/wp\/v2\/pages\/5079","targetHints":{"allow":["GET"]}}],"collection":[{"href":"https:\/\/www.oekermann.de\/hu\/wp-json\/wp\/v2\/pages"}],"about":[{"href":"https:\/\/www.oekermann.de\/hu\/wp-json\/wp\/v2\/types\/page"}],"author":[{"embeddable":true,"href":"https:\/\/www.oekermann.de\/hu\/wp-json\/wp\/v2\/users\/2"}],"replies":[{"embeddable":true,"href":"https:\/\/www.oekermann.de\/hu\/wp-json\/wp\/v2\/comments?post=5079"}],"version-history":[{"count":2,"href":"https:\/\/www.oekermann.de\/hu\/wp-json\/wp\/v2\/pages\/5079\/revisions"}],"predecessor-version":[{"id":5232,"href":"https:\/\/www.oekermann.de\/hu\/wp-json\/wp\/v2\/pages\/5079\/revisions\/5232"}],"up":[{"embeddable":true,"href":"https:\/\/www.oekermann.de\/hu\/wp-json\/wp\/v2\/pages\/5075"}],"wp:attachment":[{"href":"https:\/\/www.oekermann.de\/hu\/wp-json\/wp\/v2\/media?parent=5079"}],"curies":[{"name":"wp","href":"https:\/\/api.w.org\/{rel}","templated":true}]}}