{"id":5080,"date":"2017-02-05T19:28:04","date_gmt":"2017-02-05T18:28:04","guid":{"rendered":"https:\/\/www.oekermann.de\/?page_id=5080"},"modified":"2025-06-23T13:08:30","modified_gmt":"2025-06-23T11:08:30","slug":"rugalmasan-fektetheto-nyomovezetekek","status":"publish","type":"page","link":"https:\/\/www.oekermann.de\/hu\/elonyok\/rugalmasan-fektetheto-nyomovezetekek\/","title":{"rendered":"Rugalmasan fektethet\u0151 nyom\u00f3vezet\u00e9kek"},"content":{"rendered":"<section>\n<h2>Nyom\u00f3vezet\u00e9kek magas \u00e9s alacsony pontokkal<\/h2>\n<p>Az OEKERMANN pneumatikus szennyv\u00edzsz\u00e1ll\u00edt\u00f3 rendszerek eset\u00e9ben a nyom\u00f3vezet\u00e9kek kedvez\u0151 k\u00f6lts\u00e9gek mellett a terep felsz\u00edn\u00e9vel p\u00e1rhuzamosan, fagymentes m\u00e9lys\u00e9gben fektethet\u0151k le.<\/p>\n<p>A magas \u00e9s alacsony pontok a nyomvonal ment\u00e9n gond n\u00e9lk\u00fcl lek\u00fczdhet\u0151k.<\/p>\n<p>Mivel a szennyv\u00edz sz\u00e1ll\u00edt\u00e1sa s\u0171r\u00edtett leveg\u0151vel t\u00f6rt\u00e9nik, \u00e9s a szennyv\u00edz oxig\u00e9nnel d\u00fasul, a magas pontokat nem kell l\u00e9gtelen\u00edteni. Az alacsony pontokon szint\u00e9n nem sz\u00fcks\u00e9gesek \u00fcr\u00edt\u0151- vagy tiszt\u00edt\u00f3ny\u00edl\u00e1sok, mivel a tiszt\u00edt\u00f3hat\u00e1st a <a href=\"https:\/\/www.oekermann.de\/fachbegriffe\/nachblasautomatik\/\">lef\u00favat\u00e1ssal<\/a> \u00e9rik el.<\/p>\n<p>A <a href=\"https:\/\/www.oekermann.de\/vorteile\/druckleitungen\/\">nyom\u00f3vezet\u00e9kek<\/a> fektet\u00e9se ez\u00e9rt kedvez\u0151 k\u00f6lts\u00e9gek mellett, id\u0151takar\u00e9kosan lehets\u00e9ges.<\/p>\n<p>A nyom\u00f3vezet\u00e9kek sz\u00e1m\u00edt\u00e1sa = A legkedvez\u0151bb bels\u0151 cs\u0151\u00e1tm\u00e9r\u0151, valamint a geodetikus \u00e9s manometrikus nyom\u00e1smagass\u00e1g kisz\u00e1m\u00edt\u00e1sa az optim\u00e1lis rendszerm\u00e9retez\u00e9shez az OEKERMANN saj\u00e1t fejleszt\u00e9s\u0171 szoftver\u00e9vel t\u00f6rt\u00e9nik.<\/p>\n<h2>Nagy magass\u00e1gk\u00fcl\u00f6nbs\u00e9gek lek\u00fczd\u00e9se<\/h2>\n<p>Az OEKERMANN rendszerekkel ak\u00e1r kb.80 mWS = 8 bar \u00e9rt\u00e9k\u0171 manometrikus nyom\u00e1smagass\u00e1gok is el\u00e9rhet\u0151k. A rendszerek szerkezeti maxim\u00e1lis nyom\u00e1sa 100 mWS = 10 bar. Valamennyi rendszerelem erre a nyom\u00e1startom\u00e1nyra van m\u00e9retezve.<\/p>\n<h2>Lapos nyomvonal\u00fa nyom\u00f3vezet\u00e9kek<\/h2>\n<p>Ink\u00e1bb s\u00edk terepviszonyok, vagy ak\u00e1r term\u00e9szetes lejt\u00e9s\u0171 szakaszok eset\u00e9n is, ha <a href=\"https:\/\/www.oekermann.de\/vorteile\/foerderung-geringer-wassermengen\/\">kisebb mennyis\u00e9g\u0171 szennyv\u00edz<\/a> keletkezik, ill. hosszabb sz\u00e1raz peri\u00f3dusok jellemz\u0151ek, \u00e9szszer\u0171 megold\u00e1s lehet az OEKERMANN s\u0171r\u00edtettleveg\u0151s rendszerek alkalmaz\u00e1sa. A neh\u00e9z anyagokat a <a href=\"https:\/\/www.oekermann.de\/fachbegriffe\/nachblasautomatik\/\">lef\u00favat\u00e1s<\/a> sor\u00e1n a szennyv\u00edz mag\u00e1val viszi. A gravit\u00e1ci\u00f3s vezet\u00e9kekkel \u00f6sszehasonl\u00edtva alacsonyabbak lehetnek az \u00e9p\u00edt\u00e9si k\u00f6lts\u00e9gek.<\/p>\n<p>Nem keletkezik <a href=\"https:\/\/www.oekermann.de\/vorteile\/foerderung-geringer-wassermengen\/\">szagterhel\u00e9s<\/a> vagy az \u00e9p\u00edtm\u00e9nyeket k\u00e1ros\u00edt\u00f3 korr\u00f3zi\u00f3.<\/p>\n<p><img decoding=\"async\" class=\"img-1\" src=\"\/wp-content\/uploads\/2017\/02\/Oekermann-Abwassertechnik-Ueberwindung-von-Hoehenunterschieden-1.jpg\" alt=\"Verbundsysteme mit mehreren pneumatischen Abwasser-F\u00f6rderanlagen\" \/><\/p>\n<\/section>\n<section class=\"downloads\">\n<div class=\"animate-in\" data-anim-type=\"fade-in-right-big\" data-anim-delay=\"\">\n<div class=\"dl-wrapper\">\n<h2>Let\u00f6lt\u00e9sek a t\u00e9m\u00e1hoz:<\/h2>\n<ul class=\"dl-files\">\n<li class=\"pdf-file-1\"><a href=\"\/res\/pdf\/sonderdruckschriften\/OEKERMANN-Info-02-Die-wichtigsten-Einsatzgruende-fuer-unsere-pneumatischen-Abwasser-Foerderanlagen.pdf\" target=\"_blank\" rel=\"noopener noreferrer\"> A pneumatikus szennyv\u00edzsz\u00e1ll\u00edt\u00f3 rendszerek alkalmaz\u00e1s\u00e1nak legfontosabb okai <\/a><\/li>\n<\/ul>\n<div class=\"dl-all\"><a title=\"Kostenlose Downloads zur Pneumatischen Abwassertechnik\" href=\"https:\/\/www.oekermann.de\/downloads\/\">Ingyenes t\u00e1j\u00e9koztat\u00f3 anyag a pneumatikus szennyv\u00edztechnika t\u00e9m\u00e1j\u00e1ban<\/a><\/div>\n<\/div>\n<\/div>\n<\/section>\n","protected":false},"excerpt":{"rendered":"<p>Nyom\u00f3vezet\u00e9kek magas \u00e9s alacsony pontokkal Az OEKERMANN pneumatikus szennyv\u00edzsz\u00e1ll\u00edt\u00f3 rendszerek eset\u00e9ben a nyom\u00f3vezet\u00e9kek kedvez\u0151 k\u00f6lts\u00e9gek mellett a terep felsz\u00edn\u00e9vel p\u00e1rhuzamosan, fagymentes m\u00e9lys\u00e9gben fektethet\u0151k le. A magas \u00e9s alacsony pontok a nyomvonal ment\u00e9n gond n\u00e9lk\u00fcl lek\u00fczdhet\u0151k. Mivel a szennyv\u00edz sz\u00e1ll\u00edt\u00e1sa s\u0171r\u00edtett leveg\u0151vel t\u00f6rt\u00e9nik, \u00e9s a szennyv\u00edz oxig\u00e9nnel d\u00fasul, a magas pontokat nem kell l\u00e9gtelen\u00edteni. Az alacsony<\/p>\n<p class=\"link-more\"><a href=\"https:\/\/www.oekermann.de\/hu\/elonyok\/rugalmasan-fektetheto-nyomovezetekek\/\" class=\"envor-btn\">Weiterlesen<span class=\"screen-reader-text\"> &#8220;Rugalmasan fektethet\u0151 nyom\u00f3vezet\u00e9kek&#8221;<\/span><\/a><\/p>\n","protected":false},"author":2,"featured_media":0,"parent":5075,"menu_order":0,"comment_status":"closed","ping_status":"closed","template":"","meta":{"footnotes":""},"class_list":["post-5080","page","type-page","status-publish","hentry"],"yoast_head":"<!-- This site is optimized with the Yoast SEO plugin v27.4 - https:\/\/yoast.com\/product\/yoast-seo-wordpress\/ -->\n<title>Rugalmasan fektethet\u0151 nyom\u00f3vezet\u00e9kek - Pneumatische F\u00f6rdertechnik - OEKERMANN Abwassertechnik<\/title>\n<meta name=\"robots\" content=\"index, follow, max-snippet:-1, max-image-preview:large, max-video-preview:-1\" \/>\n<link rel=\"canonical\" href=\"https:\/\/www.oekermann.de\/hu\/elonyok\/rugalmasan-fektetheto-nyomovezetekek\/\" \/>\n<meta property=\"og:locale\" content=\"hu_HU\" \/>\n<meta property=\"og:type\" content=\"article\" \/>\n<meta property=\"og:title\" content=\"Rugalmasan fektethet\u0151 nyom\u00f3vezet\u00e9kek - Pneumatische F\u00f6rdertechnik - OEKERMANN Abwassertechnik\" \/>\n<meta property=\"og:description\" content=\"Nyom\u00f3vezet\u00e9kek magas \u00e9s alacsony pontokkal Az OEKERMANN pneumatikus szennyv\u00edzsz\u00e1ll\u00edt\u00f3 rendszerek eset\u00e9ben a nyom\u00f3vezet\u00e9kek kedvez\u0151 k\u00f6lts\u00e9gek mellett a terep felsz\u00edn\u00e9vel p\u00e1rhuzamosan, fagymentes m\u00e9lys\u00e9gben fektethet\u0151k le. A magas \u00e9s alacsony pontok a nyomvonal ment\u00e9n gond n\u00e9lk\u00fcl lek\u00fczdhet\u0151k. Mivel a szennyv\u00edz sz\u00e1ll\u00edt\u00e1sa s\u0171r\u00edtett leveg\u0151vel t\u00f6rt\u00e9nik, \u00e9s a szennyv\u00edz oxig\u00e9nnel d\u00fasul, a magas pontokat nem kell l\u00e9gtelen\u00edteni. Az alacsonyWeiterlesen &quot;Rugalmasan fektethet\u0151 nyom\u00f3vezet\u00e9kek&quot;\" \/>\n<meta property=\"og:url\" content=\"https:\/\/www.oekermann.de\/hu\/elonyok\/rugalmasan-fektetheto-nyomovezetekek\/\" \/>\n<meta property=\"og:site_name\" content=\"Pneumatische F\u00f6rdertechnik - OEKERMANN Abwassertechnik\" \/>\n<meta property=\"article:publisher\" content=\"https:\/\/www.facebook.com\/pages\/Oekermann-Abwassertechnik\/1007781205906685\" \/>\n<meta property=\"article:modified_time\" content=\"2025-06-23T11:08:30+00:00\" \/>\n<meta name=\"twitter:card\" content=\"summary_large_image\" \/>\n<meta name=\"twitter:site\" content=\"@Oekermann\" \/>\n<meta name=\"twitter:label1\" content=\"Est. reading time\" \/>\n\t<meta name=\"twitter:data1\" content=\"2 minutes\" \/>\n<script type=\"application\/ld+json\" class=\"yoast-schema-graph\">{\"@context\":\"https:\\\/\\\/schema.org\",\"@graph\":[{\"@type\":\"WebPage\",\"@id\":\"https:\\\/\\\/www.oekermann.de\\\/hu\\\/elonyok\\\/rugalmasan-fektetheto-nyomovezetekek\\\/\",\"url\":\"https:\\\/\\\/www.oekermann.de\\\/hu\\\/elonyok\\\/rugalmasan-fektetheto-nyomovezetekek\\\/\",\"name\":\"Rugalmasan fektethet\u0151 nyom\u00f3vezet\u00e9kek - Pneumatische F\u00f6rdertechnik - OEKERMANN Abwassertechnik\",\"isPartOf\":{\"@id\":\"https:\\\/\\\/www.oekermann.de\\\/#website\"},\"datePublished\":\"2017-02-05T18:28:04+00:00\",\"dateModified\":\"2025-06-23T11:08:30+00:00\",\"breadcrumb\":{\"@id\":\"https:\\\/\\\/www.oekermann.de\\\/hu\\\/elonyok\\\/rugalmasan-fektetheto-nyomovezetekek\\\/#breadcrumb\"},\"inLanguage\":\"hu-HU\",\"potentialAction\":[{\"@type\":\"ReadAction\",\"target\":[\"https:\\\/\\\/www.oekermann.de\\\/hu\\\/elonyok\\\/rugalmasan-fektetheto-nyomovezetekek\\\/\"]}]},{\"@type\":\"BreadcrumbList\",\"@id\":\"https:\\\/\\\/www.oekermann.de\\\/hu\\\/elonyok\\\/rugalmasan-fektetheto-nyomovezetekek\\\/#breadcrumb\",\"itemListElement\":[{\"@type\":\"ListItem\",\"position\":1,\"name\":\"Startseite\",\"item\":\"https:\\\/\\\/www.oekermann.de\\\/hu\\\/\"},{\"@type\":\"ListItem\",\"position\":2,\"name\":\"El\u0151ny\u00f6k\",\"item\":\"https:\\\/\\\/www.oekermann.de\\\/hu\\\/elonyok\\\/\"},{\"@type\":\"ListItem\",\"position\":3,\"name\":\"Rugalmasan fektethet\u0151 nyom\u00f3vezet\u00e9kek\"}]},{\"@type\":\"WebSite\",\"@id\":\"https:\\\/\\\/www.oekermann.de\\\/#website\",\"url\":\"https:\\\/\\\/www.oekermann.de\\\/\",\"name\":\"Pneumatische F\u00f6rdertechnik - OEKERMANN Abwassertechnik\",\"description\":\"\",\"potentialAction\":[{\"@type\":\"SearchAction\",\"target\":{\"@type\":\"EntryPoint\",\"urlTemplate\":\"https:\\\/\\\/www.oekermann.de\\\/?s={search_term_string}\"},\"query-input\":{\"@type\":\"PropertyValueSpecification\",\"valueRequired\":true,\"valueName\":\"search_term_string\"}}],\"inLanguage\":\"hu-HU\"}]}<\/script>\n<!-- \/ Yoast SEO plugin. -->","yoast_head_json":{"title":"Rugalmasan fektethet\u0151 nyom\u00f3vezet\u00e9kek - Pneumatische F\u00f6rdertechnik - OEKERMANN Abwassertechnik","robots":{"index":"index","follow":"follow","max-snippet":"max-snippet:-1","max-image-preview":"max-image-preview:large","max-video-preview":"max-video-preview:-1"},"canonical":"https:\/\/www.oekermann.de\/hu\/elonyok\/rugalmasan-fektetheto-nyomovezetekek\/","og_locale":"hu_HU","og_type":"article","og_title":"Rugalmasan fektethet\u0151 nyom\u00f3vezet\u00e9kek - Pneumatische F\u00f6rdertechnik - OEKERMANN Abwassertechnik","og_description":"Nyom\u00f3vezet\u00e9kek magas \u00e9s alacsony pontokkal Az OEKERMANN pneumatikus szennyv\u00edzsz\u00e1ll\u00edt\u00f3 rendszerek eset\u00e9ben a nyom\u00f3vezet\u00e9kek kedvez\u0151 k\u00f6lts\u00e9gek mellett a terep felsz\u00edn\u00e9vel p\u00e1rhuzamosan, fagymentes m\u00e9lys\u00e9gben fektethet\u0151k le. A magas \u00e9s alacsony pontok a nyomvonal ment\u00e9n gond n\u00e9lk\u00fcl lek\u00fczdhet\u0151k. Mivel a szennyv\u00edz sz\u00e1ll\u00edt\u00e1sa s\u0171r\u00edtett leveg\u0151vel t\u00f6rt\u00e9nik, \u00e9s a szennyv\u00edz oxig\u00e9nnel d\u00fasul, a magas pontokat nem kell l\u00e9gtelen\u00edteni. Az alacsonyWeiterlesen \"Rugalmasan fektethet\u0151 nyom\u00f3vezet\u00e9kek\"","og_url":"https:\/\/www.oekermann.de\/hu\/elonyok\/rugalmasan-fektetheto-nyomovezetekek\/","og_site_name":"Pneumatische F\u00f6rdertechnik - OEKERMANN Abwassertechnik","article_publisher":"https:\/\/www.facebook.com\/pages\/Oekermann-Abwassertechnik\/1007781205906685","article_modified_time":"2025-06-23T11:08:30+00:00","twitter_card":"summary_large_image","twitter_site":"@Oekermann","twitter_misc":{"Est. reading time":"2 minutes"},"schema":{"@context":"https:\/\/schema.org","@graph":[{"@type":"WebPage","@id":"https:\/\/www.oekermann.de\/hu\/elonyok\/rugalmasan-fektetheto-nyomovezetekek\/","url":"https:\/\/www.oekermann.de\/hu\/elonyok\/rugalmasan-fektetheto-nyomovezetekek\/","name":"Rugalmasan fektethet\u0151 nyom\u00f3vezet\u00e9kek - Pneumatische F\u00f6rdertechnik - OEKERMANN Abwassertechnik","isPartOf":{"@id":"https:\/\/www.oekermann.de\/#website"},"datePublished":"2017-02-05T18:28:04+00:00","dateModified":"2025-06-23T11:08:30+00:00","breadcrumb":{"@id":"https:\/\/www.oekermann.de\/hu\/elonyok\/rugalmasan-fektetheto-nyomovezetekek\/#breadcrumb"},"inLanguage":"hu-HU","potentialAction":[{"@type":"ReadAction","target":["https:\/\/www.oekermann.de\/hu\/elonyok\/rugalmasan-fektetheto-nyomovezetekek\/"]}]},{"@type":"BreadcrumbList","@id":"https:\/\/www.oekermann.de\/hu\/elonyok\/rugalmasan-fektetheto-nyomovezetekek\/#breadcrumb","itemListElement":[{"@type":"ListItem","position":1,"name":"Startseite","item":"https:\/\/www.oekermann.de\/hu\/"},{"@type":"ListItem","position":2,"name":"El\u0151ny\u00f6k","item":"https:\/\/www.oekermann.de\/hu\/elonyok\/"},{"@type":"ListItem","position":3,"name":"Rugalmasan fektethet\u0151 nyom\u00f3vezet\u00e9kek"}]},{"@type":"WebSite","@id":"https:\/\/www.oekermann.de\/#website","url":"https:\/\/www.oekermann.de\/","name":"Pneumatische F\u00f6rdertechnik - OEKERMANN Abwassertechnik","description":"","potentialAction":[{"@type":"SearchAction","target":{"@type":"EntryPoint","urlTemplate":"https:\/\/www.oekermann.de\/?s={search_term_string}"},"query-input":{"@type":"PropertyValueSpecification","valueRequired":true,"valueName":"search_term_string"}}],"inLanguage":"hu-HU"}]}},"_links":{"self":[{"href":"https:\/\/www.oekermann.de\/hu\/wp-json\/wp\/v2\/pages\/5080","targetHints":{"allow":["GET"]}}],"collection":[{"href":"https:\/\/www.oekermann.de\/hu\/wp-json\/wp\/v2\/pages"}],"about":[{"href":"https:\/\/www.oekermann.de\/hu\/wp-json\/wp\/v2\/types\/page"}],"author":[{"embeddable":true,"href":"https:\/\/www.oekermann.de\/hu\/wp-json\/wp\/v2\/users\/2"}],"replies":[{"embeddable":true,"href":"https:\/\/www.oekermann.de\/hu\/wp-json\/wp\/v2\/comments?post=5080"}],"version-history":[{"count":2,"href":"https:\/\/www.oekermann.de\/hu\/wp-json\/wp\/v2\/pages\/5080\/revisions"}],"predecessor-version":[{"id":5233,"href":"https:\/\/www.oekermann.de\/hu\/wp-json\/wp\/v2\/pages\/5080\/revisions\/5233"}],"up":[{"embeddable":true,"href":"https:\/\/www.oekermann.de\/hu\/wp-json\/wp\/v2\/pages\/5075"}],"wp:attachment":[{"href":"https:\/\/www.oekermann.de\/hu\/wp-json\/wp\/v2\/media?parent=5080"}],"curies":[{"name":"wp","href":"https:\/\/api.w.org\/{rel}","templated":true}]}}