{"id":5084,"date":"2018-02-11T16:29:41","date_gmt":"2018-02-11T15:29:41","guid":{"rendered":"https:\/\/www.oekermann.de\/?page_id=5084"},"modified":"2025-06-23T13:09:11","modified_gmt":"2025-06-23T11:09:11","slug":"nincsenek-dugulasok","status":"publish","type":"page","link":"https:\/\/www.oekermann.de\/hu\/elonyok\/nincsenek-dugulasok\/","title":{"rendered":"Nincsenek dugul\u00e1sok"},"content":{"rendered":"<section>\n<h2>\u00dczembiztos \u00e9s el\u0151ny\u00f6s konstrukci\u00f3<\/h2>\n<p>Az <a href=\"https:\/\/www.oekermann.de\/ueber-uns\/die-idee\/\">OEKERMANN<\/a> pneumatikus rendszerei \u00e1tlagon fel\u00fcli m\u00e9rt\u00e9kben \u00e9rz\u00e9ketlenek a szennyv\u00edzben tal\u00e1lhat\u00f3 szil\u00e1rd anyagokra, pl. a text\u00edli\u00e1kra, ev\u0151eszk\u00f6z\u00f6kre, dobozokra stb., k\u00fcl\u00f6n\u00f6sen az olyan higi\u00e9niai cikkekre mint a nedves t\u00f6rl\u0151kend\u0151k. A nyom\u00f3oldalon tal\u00e1lhat\u00f3 goly\u00f3s visszacsap\u00f3 szelepek magas \u00fczembiztons\u00e1got garant\u00e1ltnak, mivel alig lehets\u00e9ges a sz\u00e1las anyagok (pl. higi\u00e9niai cikkek) megtapad\u00e1sa. A <a href=\"https:\/\/www.oekermann.de\/fachbegriffe\/abwasser\/\">szennyv\u00edzben<\/a> tal\u00e1lhat\u00f3 szok\u00e1sos durva anyagok a legt\u00f6bb esetben gond n\u00e9lk\u00fcl haladnak \u00e1t a rendszereken.<\/p>\n<p>A messzemen\u0151en sz\u00e1raz, <a href=\"https:\/\/www.oekermann.de\/themen\/hygiene-und-gesundheit\/\">k\u00f6nny\u0171 karbantart\u00e1st biztos\u00edt\u00f3 fel\u00e1ll\u00edt\u00e1s<\/a> \u00e9s a z\u00e1rt rendszer r\u00e9v\u00e9n az \u00fczemeltet\u00e9st v\u00e9gz\u0151 helyi szem\u00e9lyzet sz\u00e1m\u00e1ra nagyon k\u00f6nny\u0171 a rendszer kezel\u00e9se. A rendszer fel\u00e1ll\u00edt\u00e1sa ekkor lehet teljesen padl\u00f3szint alatti, valamint fel\u00e9p\u00edtm\u00e9nyelemmel kivitelezve egyar\u00e1nt.<\/p>\n<p>A rendszer valamennyi r\u00e9sze tiszt\u00e1n \u00e9s \u00e1ttekinthet\u0151 fel\u00e9p\u00edt\u00e9s\u0171. A robusztus ipari elemek k\u00f6vetkezetes felhaszn\u00e1l\u00e1sa r\u00e9v\u00e9n \u00e1tlagon fel\u00fcli hossz\u00fa \u00e9lettartam \u00e9s csek\u00e9ly kop\u00e1s \u00e9rhet\u0151 el.<\/p>\n<style type=\"text\/css\">\n#foogallery-gallery-1029 .fg-image { width: 510px; }\n#foogallery-gallery-1029 { --fg-gutter: 10px; }<\/style>\n\t\t\t<div class=\"foogallery foogallery-container foogallery-default foogallery-lightbox-foobox fg-left fg-default fg-ready fg-light fg-border-thin fg-shadow-small fg-loading-default fg-loaded-fade-in fg-hover-fade fg-hover-zoom\" id=\"foogallery-gallery-1029\" data-foogallery=\"{&quot;item&quot;:{&quot;showCaptionTitle&quot;:true,&quot;showCaptionDescription&quot;:false},&quot;lazy&quot;:true}\" style=\"--fg-title-line-clamp: 0; --fg-description-line-clamp: 0;\" >\n\t<div class=\"fg-item fg-type-image fg-idle\"><figure class=\"fg-item-inner\"><a href=\"https:\/\/www.oekermann.de\/wp-content\/uploads\/2018\/02\/Keine-Verstopfungen-e1677060627397.jpg\" data-attachment-id=\"1030\" data-type=\"image\" class=\"fg-thumb\"><span class=\"fg-image-wrap\"><img fetchpriority=\"high\" decoding=\"async\" width=\"510\" height=\"298\" class=\"skip-lazy fg-image\" data-src-fg=\"https:\/\/www.oekermann.de\/wp-content\/uploads\/cache\/2018\/02\/Keine-Verstopfungen-e1677060627397\/2316390291.jpg\" src=\"data:image\/svg+xml,%3Csvg%20xmlns%3D%22http%3A%2F%2Fwww.w3.org%2F2000%2Fsvg%22%20width%3D%22510%22%20height%3D%22298%22%20viewBox%3D%220%200%20510%20298%22%3E%3C%2Fsvg%3E\" loading=\"eager\"><\/span><span class=\"fg-image-overlay\"><\/span><\/a><\/figure><div class=\"fg-loader\"><\/div><\/div><div class=\"fg-item fg-type-image fg-idle\"><figure class=\"fg-item-inner\"><a href=\"https:\/\/www.oekermann.de\/wp-content\/uploads\/2018\/02\/DSC_01882.jpg\" data-attachment-id=\"2988\" data-type=\"image\" class=\"fg-thumb\"><span class=\"fg-image-wrap\"><img decoding=\"async\" alt=\"Kugelr\u00fcckschlagventil einer Abwasserpumpstation - OEKERMANN Abwassertechnik\" width=\"510\" height=\"298\" class=\"skip-lazy fg-image\" data-src-fg=\"https:\/\/www.oekermann.de\/wp-content\/uploads\/cache\/2018\/02\/DSC_01882\/2613798543.jpg\" src=\"data:image\/svg+xml,%3Csvg%20xmlns%3D%22http%3A%2F%2Fwww.w3.org%2F2000%2Fsvg%22%20width%3D%22510%22%20height%3D%22298%22%20viewBox%3D%220%200%20510%20298%22%3E%3C%2Fsvg%3E\" loading=\"eager\"><\/span><span class=\"fg-image-overlay\"><\/span><\/a><\/figure><div class=\"fg-loader\"><\/div><\/div><\/div>\n\n<\/section>\n<section class=\"downloads\">\n<div class=\"animate-in\" data-anim-type=\"fade-in-right-big\" data-anim-delay=\"\">\n<div class=\"dl-wrapper\">\n<h2>Let\u00f6lt\u00e9sek a t\u00e9m\u00e1hoz:<\/h2>\n<ul class=\"dl-files\">\n<li class=\"pdf-file-1\"><a href=\"\/res\/pdf\/sonderdruckschriften\/OEKERMANN-Info-02-Die-wichtigsten-Einsatzgruende-fuer-unsere-pneumatischen-Abwasser-Foerderanlagen.pdf\" target=\"_blank\" rel=\"noopener noreferrer\">A pneumatikus szennyv\u00edzsz\u00e1ll\u00edt\u00f3 rendszerek alkalmaz\u00e1s\u00e1nak legfontosabb okai<\/a><\/li>\n<\/ul>\n<div class=\"dl-all\"><a title=\"Kostenlose Downloads zur Pneumatischen Abwassertechnik\" href=\"https:\/\/www.oekermann.de\/downloads\/\">Ingyenes t\u00e1j\u00e9koztat\u00f3 anyag a pneumatikus szennyv\u00edztechnika t\u00e9m\u00e1j\u00e1ban<\/a><\/div>\n<\/div>\n<\/div>\n<\/section>\n","protected":false},"excerpt":{"rendered":"<p>\u00dczembiztos \u00e9s el\u0151ny\u00f6s konstrukci\u00f3 Az OEKERMANN pneumatikus rendszerei \u00e1tlagon fel\u00fcli m\u00e9rt\u00e9kben \u00e9rz\u00e9ketlenek a szennyv\u00edzben tal\u00e1lhat\u00f3 szil\u00e1rd anyagokra, pl. a text\u00edli\u00e1kra, ev\u0151eszk\u00f6z\u00f6kre, dobozokra stb., k\u00fcl\u00f6n\u00f6sen az olyan higi\u00e9niai cikkekre mint a nedves t\u00f6rl\u0151kend\u0151k. A nyom\u00f3oldalon tal\u00e1lhat\u00f3 goly\u00f3s visszacsap\u00f3 szelepek magas \u00fczembiztons\u00e1got garant\u00e1ltnak, mivel alig lehets\u00e9ges a sz\u00e1las anyagok (pl. higi\u00e9niai cikkek) megtapad\u00e1sa. A szennyv\u00edzben tal\u00e1lhat\u00f3 szok\u00e1sos<\/p>\n<p class=\"link-more\"><a href=\"https:\/\/www.oekermann.de\/hu\/elonyok\/nincsenek-dugulasok\/\" class=\"envor-btn\">Weiterlesen<span class=\"screen-reader-text\"> &#8220;Nincsenek dugul\u00e1sok&#8221;<\/span><\/a><\/p>\n","protected":false},"author":2,"featured_media":0,"parent":5075,"menu_order":0,"comment_status":"closed","ping_status":"closed","template":"","meta":{"footnotes":""},"class_list":["post-5084","page","type-page","status-publish","hentry"],"yoast_head":"<!-- This site is optimized with the Yoast SEO plugin v27.4 - https:\/\/yoast.com\/product\/yoast-seo-wordpress\/ -->\n<title>Nincsenek dugul\u00e1sok - Pneumatische F\u00f6rdertechnik - OEKERMANN Abwassertechnik<\/title>\n<meta name=\"robots\" content=\"index, follow, max-snippet:-1, max-image-preview:large, max-video-preview:-1\" \/>\n<link rel=\"canonical\" href=\"https:\/\/www.oekermann.de\/hu\/elonyok\/nincsenek-dugulasok\/\" \/>\n<meta property=\"og:locale\" content=\"hu_HU\" \/>\n<meta property=\"og:type\" content=\"article\" \/>\n<meta property=\"og:title\" content=\"Nincsenek dugul\u00e1sok - Pneumatische F\u00f6rdertechnik - OEKERMANN Abwassertechnik\" \/>\n<meta property=\"og:description\" content=\"\u00dczembiztos \u00e9s el\u0151ny\u00f6s konstrukci\u00f3 Az OEKERMANN pneumatikus rendszerei \u00e1tlagon fel\u00fcli m\u00e9rt\u00e9kben \u00e9rz\u00e9ketlenek a szennyv\u00edzben tal\u00e1lhat\u00f3 szil\u00e1rd anyagokra, pl. a text\u00edli\u00e1kra, ev\u0151eszk\u00f6z\u00f6kre, dobozokra stb., k\u00fcl\u00f6n\u00f6sen az olyan higi\u00e9niai cikkekre mint a nedves t\u00f6rl\u0151kend\u0151k. A nyom\u00f3oldalon tal\u00e1lhat\u00f3 goly\u00f3s visszacsap\u00f3 szelepek magas \u00fczembiztons\u00e1got garant\u00e1ltnak, mivel alig lehets\u00e9ges a sz\u00e1las anyagok (pl. higi\u00e9niai cikkek) megtapad\u00e1sa. A szennyv\u00edzben tal\u00e1lhat\u00f3 szok\u00e1sosWeiterlesen &quot;Nincsenek dugul\u00e1sok&quot;\" \/>\n<meta property=\"og:url\" content=\"https:\/\/www.oekermann.de\/hu\/elonyok\/nincsenek-dugulasok\/\" \/>\n<meta property=\"og:site_name\" content=\"Pneumatische F\u00f6rdertechnik - OEKERMANN Abwassertechnik\" \/>\n<meta property=\"article:publisher\" content=\"https:\/\/www.facebook.com\/pages\/Oekermann-Abwassertechnik\/1007781205906685\" \/>\n<meta property=\"article:modified_time\" content=\"2025-06-23T11:09:11+00:00\" \/>\n<meta name=\"twitter:card\" content=\"summary_large_image\" \/>\n<meta name=\"twitter:site\" content=\"@Oekermann\" \/>\n<meta name=\"twitter:label1\" content=\"Est. reading time\" \/>\n\t<meta name=\"twitter:data1\" content=\"1 minute\" \/>\n<script type=\"application\/ld+json\" class=\"yoast-schema-graph\">{\"@context\":\"https:\\\/\\\/schema.org\",\"@graph\":[{\"@type\":\"WebPage\",\"@id\":\"https:\\\/\\\/www.oekermann.de\\\/hu\\\/elonyok\\\/nincsenek-dugulasok\\\/\",\"url\":\"https:\\\/\\\/www.oekermann.de\\\/hu\\\/elonyok\\\/nincsenek-dugulasok\\\/\",\"name\":\"Nincsenek dugul\u00e1sok - Pneumatische F\u00f6rdertechnik - OEKERMANN Abwassertechnik\",\"isPartOf\":{\"@id\":\"https:\\\/\\\/www.oekermann.de\\\/#website\"},\"datePublished\":\"2018-02-11T15:29:41+00:00\",\"dateModified\":\"2025-06-23T11:09:11+00:00\",\"breadcrumb\":{\"@id\":\"https:\\\/\\\/www.oekermann.de\\\/hu\\\/elonyok\\\/nincsenek-dugulasok\\\/#breadcrumb\"},\"inLanguage\":\"hu-HU\",\"potentialAction\":[{\"@type\":\"ReadAction\",\"target\":[\"https:\\\/\\\/www.oekermann.de\\\/hu\\\/elonyok\\\/nincsenek-dugulasok\\\/\"]}]},{\"@type\":\"BreadcrumbList\",\"@id\":\"https:\\\/\\\/www.oekermann.de\\\/hu\\\/elonyok\\\/nincsenek-dugulasok\\\/#breadcrumb\",\"itemListElement\":[{\"@type\":\"ListItem\",\"position\":1,\"name\":\"Startseite\",\"item\":\"https:\\\/\\\/www.oekermann.de\\\/hu\\\/\"},{\"@type\":\"ListItem\",\"position\":2,\"name\":\"El\u0151ny\u00f6k\",\"item\":\"https:\\\/\\\/www.oekermann.de\\\/hu\\\/elonyok\\\/\"},{\"@type\":\"ListItem\",\"position\":3,\"name\":\"Nincsenek dugul\u00e1sok\"}]},{\"@type\":\"WebSite\",\"@id\":\"https:\\\/\\\/www.oekermann.de\\\/#website\",\"url\":\"https:\\\/\\\/www.oekermann.de\\\/\",\"name\":\"Pneumatische F\u00f6rdertechnik - OEKERMANN Abwassertechnik\",\"description\":\"\",\"potentialAction\":[{\"@type\":\"SearchAction\",\"target\":{\"@type\":\"EntryPoint\",\"urlTemplate\":\"https:\\\/\\\/www.oekermann.de\\\/?s={search_term_string}\"},\"query-input\":{\"@type\":\"PropertyValueSpecification\",\"valueRequired\":true,\"valueName\":\"search_term_string\"}}],\"inLanguage\":\"hu-HU\"}]}<\/script>\n<!-- \/ Yoast SEO plugin. -->","yoast_head_json":{"title":"Nincsenek dugul\u00e1sok - Pneumatische F\u00f6rdertechnik - OEKERMANN Abwassertechnik","robots":{"index":"index","follow":"follow","max-snippet":"max-snippet:-1","max-image-preview":"max-image-preview:large","max-video-preview":"max-video-preview:-1"},"canonical":"https:\/\/www.oekermann.de\/hu\/elonyok\/nincsenek-dugulasok\/","og_locale":"hu_HU","og_type":"article","og_title":"Nincsenek dugul\u00e1sok - Pneumatische F\u00f6rdertechnik - OEKERMANN Abwassertechnik","og_description":"\u00dczembiztos \u00e9s el\u0151ny\u00f6s konstrukci\u00f3 Az OEKERMANN pneumatikus rendszerei \u00e1tlagon fel\u00fcli m\u00e9rt\u00e9kben \u00e9rz\u00e9ketlenek a szennyv\u00edzben tal\u00e1lhat\u00f3 szil\u00e1rd anyagokra, pl. a text\u00edli\u00e1kra, ev\u0151eszk\u00f6z\u00f6kre, dobozokra stb., k\u00fcl\u00f6n\u00f6sen az olyan higi\u00e9niai cikkekre mint a nedves t\u00f6rl\u0151kend\u0151k. A nyom\u00f3oldalon tal\u00e1lhat\u00f3 goly\u00f3s visszacsap\u00f3 szelepek magas \u00fczembiztons\u00e1got garant\u00e1ltnak, mivel alig lehets\u00e9ges a sz\u00e1las anyagok (pl. higi\u00e9niai cikkek) megtapad\u00e1sa. A szennyv\u00edzben tal\u00e1lhat\u00f3 szok\u00e1sosWeiterlesen \"Nincsenek dugul\u00e1sok\"","og_url":"https:\/\/www.oekermann.de\/hu\/elonyok\/nincsenek-dugulasok\/","og_site_name":"Pneumatische F\u00f6rdertechnik - OEKERMANN Abwassertechnik","article_publisher":"https:\/\/www.facebook.com\/pages\/Oekermann-Abwassertechnik\/1007781205906685","article_modified_time":"2025-06-23T11:09:11+00:00","twitter_card":"summary_large_image","twitter_site":"@Oekermann","twitter_misc":{"Est. reading time":"1 minute"},"schema":{"@context":"https:\/\/schema.org","@graph":[{"@type":"WebPage","@id":"https:\/\/www.oekermann.de\/hu\/elonyok\/nincsenek-dugulasok\/","url":"https:\/\/www.oekermann.de\/hu\/elonyok\/nincsenek-dugulasok\/","name":"Nincsenek dugul\u00e1sok - Pneumatische F\u00f6rdertechnik - OEKERMANN Abwassertechnik","isPartOf":{"@id":"https:\/\/www.oekermann.de\/#website"},"datePublished":"2018-02-11T15:29:41+00:00","dateModified":"2025-06-23T11:09:11+00:00","breadcrumb":{"@id":"https:\/\/www.oekermann.de\/hu\/elonyok\/nincsenek-dugulasok\/#breadcrumb"},"inLanguage":"hu-HU","potentialAction":[{"@type":"ReadAction","target":["https:\/\/www.oekermann.de\/hu\/elonyok\/nincsenek-dugulasok\/"]}]},{"@type":"BreadcrumbList","@id":"https:\/\/www.oekermann.de\/hu\/elonyok\/nincsenek-dugulasok\/#breadcrumb","itemListElement":[{"@type":"ListItem","position":1,"name":"Startseite","item":"https:\/\/www.oekermann.de\/hu\/"},{"@type":"ListItem","position":2,"name":"El\u0151ny\u00f6k","item":"https:\/\/www.oekermann.de\/hu\/elonyok\/"},{"@type":"ListItem","position":3,"name":"Nincsenek dugul\u00e1sok"}]},{"@type":"WebSite","@id":"https:\/\/www.oekermann.de\/#website","url":"https:\/\/www.oekermann.de\/","name":"Pneumatische F\u00f6rdertechnik - OEKERMANN Abwassertechnik","description":"","potentialAction":[{"@type":"SearchAction","target":{"@type":"EntryPoint","urlTemplate":"https:\/\/www.oekermann.de\/?s={search_term_string}"},"query-input":{"@type":"PropertyValueSpecification","valueRequired":true,"valueName":"search_term_string"}}],"inLanguage":"hu-HU"}]}},"_links":{"self":[{"href":"https:\/\/www.oekermann.de\/hu\/wp-json\/wp\/v2\/pages\/5084","targetHints":{"allow":["GET"]}}],"collection":[{"href":"https:\/\/www.oekermann.de\/hu\/wp-json\/wp\/v2\/pages"}],"about":[{"href":"https:\/\/www.oekermann.de\/hu\/wp-json\/wp\/v2\/types\/page"}],"author":[{"embeddable":true,"href":"https:\/\/www.oekermann.de\/hu\/wp-json\/wp\/v2\/users\/2"}],"replies":[{"embeddable":true,"href":"https:\/\/www.oekermann.de\/hu\/wp-json\/wp\/v2\/comments?post=5084"}],"version-history":[{"count":2,"href":"https:\/\/www.oekermann.de\/hu\/wp-json\/wp\/v2\/pages\/5084\/revisions"}],"predecessor-version":[{"id":5235,"href":"https:\/\/www.oekermann.de\/hu\/wp-json\/wp\/v2\/pages\/5084\/revisions\/5235"}],"up":[{"embeddable":true,"href":"https:\/\/www.oekermann.de\/hu\/wp-json\/wp\/v2\/pages\/5075"}],"wp:attachment":[{"href":"https:\/\/www.oekermann.de\/hu\/wp-json\/wp\/v2\/media?parent=5084"}],"curies":[{"name":"wp","href":"https:\/\/api.w.org\/{rel}","templated":true}]}}