{"id":5085,"date":"2017-02-05T19:33:34","date_gmt":"2017-02-05T18:33:34","guid":{"rendered":"https:\/\/www.oekermann.de\/?page_id=5085"},"modified":"2025-06-23T13:09:31","modified_gmt":"2025-06-23T11:09:31","slug":"gazdasagossag","status":"publish","type":"page","link":"https:\/\/www.oekermann.de\/hu\/elonyok\/gazdasagossag\/","title":{"rendered":"Gazdas\u00e1goss\u00e1g"},"content":{"rendered":"<section>\n<h2>\u00c1tfog\u00f3 \u00e1ttekint\u00e9s<\/h2>\n<p>Term\u00e9szetesen mindig rendk\u00edv\u00fcl fontos egy berendez\u00e9s, jelen esetben kifejezetten a szivatty\u00fatelepek gazdas\u00e1goss\u00e1gi szempontjait figyelembe venni.<\/p>\n<p>Egyre ink\u00e1bb meg\u00e1llap\u00edthat\u00f3, hogy a gazdas\u00e1goss\u00e1got gyakran kiz\u00e1r\u00f3lag (a szennyv\u00edzsz\u00e1ll\u00edt\u00e1shoz haszn\u00e1lt) energiafogyaszt\u00e1ssal teszik egyenl\u0151v\u00e9, ami m\u00e1r csak a megfogalmaz\u00e1s alapj\u00e1n is helytelen.<\/p>\n<p>A gazdas\u00e1goss\u00e1g meg\u00edt\u00e9l\u00e9s\u00e9hez ugyan hozz\u00e1tartozik az energiafogyaszt\u00e1s is, azonban ez nem minden:<\/p>\n<ul class=\"list-1\">\n<li><i class=\"fa fa-arrow-circle-o-right\"><\/i> A rendszer beruh\u00e1z\u00e1si k\u00f6lts\u00e9gei szerepet j\u00e1tszanak a telephez sz\u00fcks\u00e9ges \u00e9p\u00edtm\u00e9nnyel egy\u00fctt. M\u00e9g ha a beruh\u00e1z\u00e1s r\u00e9szben t\u00e1mogat\u00e1sban is r\u00e9szes\u00fcl, \u00e9s m\u00e1s k\u00f6lts\u00e9gvet\u00e9si t\u00e9telb\u0151l sz\u00e1rmazik, legal\u00e1bb egy r\u00e9sz\u00e9t biztos\u00edtani kell.<\/li>\n<li><i class=\"fa fa-arrow-circle-o-right\"><\/i> Ide tartoznak a nyom\u00f3cs\u0151vezet\u00e9k gy\u00e1rt\u00e1si k\u00f6lts\u00e9gei, ami az OEKERMANN pneumatikus rendszerei eset\u00e9ben viszonylag kedvez\u0151ek. A <a href=\"https:\/\/www.oekermann.de\/vorteile\/druckleitungen\/\">nyom\u00f3vezet\u00e9kek<\/a> a terep felsz\u00edn\u00e9vel p\u00e1rhuzamosan, fagymentes fed\u00e9l alatt helyezkednek el.<\/li>\n<li><i class=\"fa fa-arrow-circle-o-right\"><\/i> Nincsenek t\u00falzott m\u00e9lys\u00e9gek, <a href=\"https:\/\/www.oekermann.de\/vorteile\/hoehenueberwindung\/\">a magas pontokat nem kell l\u00e9gtelen\u00edteni<\/a>, az alacsony ponton kialak\u00edtott v\u00edzelvezet\u0151 akn\u00e1k pedig nem sz\u00fcks\u00e9gesek.<\/li>\n<\/ul>\n<p>A beruh\u00e1z\u00e1si k\u00f6lts\u00e9gek mellett az \u00e9lettartamnak \u00e9s a le\u00edr\u00e1si id\u0151nek nagy a jelent\u0151s\u00e9ge. M\u00edg a szivatty\u00fak eset\u00e9ben \u00e1ltal\u00e1ban 10 \u00e9v alatti \u00e9lettartamb\u00f3l lehet kiindulni, addig csup\u00e1n az ipari berendez\u00e9sekre \u00e9rv\u00e9nyes, a beruh\u00e1z\u00e1si javak \u00e9rt\u00e9kcs\u00f6kken\u00e9s\u00e9re vonatkoz\u00f3 t\u00e1bl\u00e1zatok alapj\u00e1n a le\u00edr\u00e1si id\u0151 legal\u00e1bb 15 \u00e9v. Az OEKERMANN n\u00e9h\u00e1ny pneumatikus szennyv\u00edzszivatty\u00fa-telepe id\u0151 k\u00f6zben m\u00e1r t\u00f6bb mint 35 \u00e9ve \u00fczemel.<\/p>\n<p>M\u00e9g fontosabbak azonban a fenntart\u00e1si k\u00f6lts\u00e9gek, ill. a meghib\u00e1sod\u00e1sra hajlamoss\u00e1g: amint m\u00e1r fent eml\u00edtett\u00fck, a szennyv\u00edz az OEKERMANN rendszerekben nem ker\u00fcl \u00e9rintkez\u00e9sbe mozg\u00f3 g\u00e9p\u00e9szeti r\u00e9szegys\u00e9gekkel. A s\u0171r\u00edtett leveg\u0151 a meghajt\u00e1st v\u00e9gz\u0151 elem. Teh\u00e1t a szennyv\u00edz okozta, a fel\u00fcletet koptat\u00f3 kop\u00e1si jelens\u00e9gek szinte kiz\u00e1rtak.<\/p>\n<p>Csup\u00e1n a be\u00f6ml\u0151oldali s\u0171r\u00edtettleveg\u0151s tol\u00f3z\u00e1rak (rozsdamentes ac\u00e9l) tol\u00f3z\u00e1rlapjai \u00e9s a nyom\u00f3oldali visszacsap\u00f3 szelepek gum\u00edrozott goly\u00f3i \u00e9rintkeznek a szennyv\u00edzzel. Minden m\u00e1s r\u00e9szegys\u00e9g, pl. a pneumatikus vagy elektrom\u00e1gneses szelepek, a kompresszorok, a <a href=\"https:\/\/www.oekermann.de\/vorteile\/elektronische-steuerung\/\">vez\u00e9rl\u0151<\/a> stb. \u00fagy m\u0171k\u00f6dik mint egy ipari \u00fczem tetsz\u0151leges s\u0171r\u00edtettleveg\u0151s \u00e1llom\u00e1s\u00e1n. Az OEKERMANN ezen term\u00e9kek kiv\u00e1laszt\u00e1sakor mindig csak az aktu\u00e1lis ipari szabv\u00e1nyokat alkalmazza.<\/p>\n<p>Kisipari vagy bark\u00e1cskompresszorok p\u00e9ld\u00e1ul egyetlen OEKERMANN rendszerben sem lelhet\u0151k fel. V\u00e9gt\u00e9re is azoknak a rendszereknek, melyek hosszabb ideig fel\u00fcgyelet n\u00e9lk\u00fcl \u00e9s napi ken\u00e9s vagy hasonl\u00f3k n\u00e9lk\u00fcl kell \u00fczemelni\u00fck, a folyamatos \u00fczemel\u00e9st is ki kell b\u00edrniuk.<\/p>\n<p>A v\u00e1ltakoz\u00f3 szennyv\u00edzmennyis\u00e9gek okozta szokv\u00e1nyos \u00fczemid\u0151-ingadoz\u00e1s mellett az adott \u00e9vszakra jellemz\u0151 h\u0151m\u00e9rs\u00e9klet-ingadoz\u00e1sokat \u00e9s tov\u00e1bbi k\u00fcls\u0151 behat\u00e1sokat (pl. repcet\u00e1bla = vir\u00e1gpor a szivatty\u00fatelep mellett) is el kell viselni\u00fck.<\/p>\n<p>M\u00e1sk\u00e9nt \u00e9s \u00f6sszefoglalva: mi haszna az alacsony \u00e1ramfogyaszt\u00e1snak, ha a jav\u00edt\u00e1sra hajlamoss\u00e1g felem\u00e9szti az \u00e1ramk\u00f6lts\u00e9gek megtakar\u00edt\u00e1s\u00e1t?<\/p>\n<\/section>\n<section class=\"downloads\">\n<div class=\"animate-in\" data-anim-type=\"fade-in-right-big\" data-anim-delay=\"\">\n<div class=\"dl-wrapper\">\n<h2>Let\u00f6lt\u00e9sek a t\u00e9m\u00e1hoz:<\/h2>\n<ul class=\"dl-files\">\n<li class=\"pdf-file-1\"><a href=\"\/res\/pdf\/sonderdruckschriften\/OEKERMANN-Info-02-Die-wichtigsten-Einsatzgruende-fuer-unsere-pneumatischen-Abwasser-Foerderanlagen.pdf\" target=\"_blank\" rel=\"noopener noreferrer\" data-mce-onclick=\"_gaq.push(['_trackPageview', '\/res\/pdf\/sonderdruckschriften\/OEKERMANN-Info-02-Die-wichtigsten-Einsatzgruende-fuer-unsere-pneumatischen-Abwasser-Foerderanlagen.pdf']);\"> A pneumatikus szennyv\u00edzsz\u00e1ll\u00edt\u00f3 rendszerek alkalmaz\u00e1s\u00e1nak legfontosabb okai <\/a><\/li>\n<\/ul>\n<div class=\"dl-all\"><a title=\"Kostenlose Downloads zur Pneumatischen Abwassertechnik\" href=\"https:\/\/www.oekermann.de\/downloads\/\">Ingyenes t\u00e1j\u00e9koztat\u00f3 anyag a pneumatikus szennyv\u00edztechnika t\u00e9m\u00e1j\u00e1ban<\/a><\/div>\n<\/div>\n<\/div>\n<\/section>\n","protected":false},"excerpt":{"rendered":"<p>\u00c1tfog\u00f3 \u00e1ttekint\u00e9s Term\u00e9szetesen mindig rendk\u00edv\u00fcl fontos egy berendez\u00e9s, jelen esetben kifejezetten a szivatty\u00fatelepek gazdas\u00e1goss\u00e1gi szempontjait figyelembe venni. Egyre ink\u00e1bb meg\u00e1llap\u00edthat\u00f3, hogy a gazdas\u00e1goss\u00e1got gyakran kiz\u00e1r\u00f3lag (a szennyv\u00edzsz\u00e1ll\u00edt\u00e1shoz haszn\u00e1lt) energiafogyaszt\u00e1ssal teszik egyenl\u0151v\u00e9, ami m\u00e1r csak a megfogalmaz\u00e1s alapj\u00e1n is helytelen. A gazdas\u00e1goss\u00e1g meg\u00edt\u00e9l\u00e9s\u00e9hez ugyan hozz\u00e1tartozik az energiafogyaszt\u00e1s is, azonban ez nem minden: A rendszer beruh\u00e1z\u00e1si k\u00f6lts\u00e9gei<\/p>\n<p class=\"link-more\"><a href=\"https:\/\/www.oekermann.de\/hu\/elonyok\/gazdasagossag\/\" class=\"envor-btn\">Weiterlesen<span class=\"screen-reader-text\"> &#8220;Gazdas\u00e1goss\u00e1g&#8221;<\/span><\/a><\/p>\n","protected":false},"author":2,"featured_media":0,"parent":5075,"menu_order":0,"comment_status":"closed","ping_status":"closed","template":"","meta":{"footnotes":""},"class_list":["post-5085","page","type-page","status-publish","hentry"],"yoast_head":"<!-- This site is optimized with the Yoast SEO plugin v27.4 - https:\/\/yoast.com\/product\/yoast-seo-wordpress\/ -->\n<title>Gazdas\u00e1goss\u00e1g - Pneumatische F\u00f6rdertechnik - OEKERMANN Abwassertechnik<\/title>\n<meta name=\"robots\" content=\"index, follow, max-snippet:-1, max-image-preview:large, max-video-preview:-1\" \/>\n<link rel=\"canonical\" href=\"https:\/\/www.oekermann.de\/hu\/elonyok\/gazdasagossag\/\" \/>\n<meta property=\"og:locale\" content=\"hu_HU\" \/>\n<meta property=\"og:type\" content=\"article\" \/>\n<meta property=\"og:title\" content=\"Gazdas\u00e1goss\u00e1g - Pneumatische F\u00f6rdertechnik - OEKERMANN Abwassertechnik\" \/>\n<meta property=\"og:description\" content=\"\u00c1tfog\u00f3 \u00e1ttekint\u00e9s Term\u00e9szetesen mindig rendk\u00edv\u00fcl fontos egy berendez\u00e9s, jelen esetben kifejezetten a szivatty\u00fatelepek gazdas\u00e1goss\u00e1gi szempontjait figyelembe venni. Egyre ink\u00e1bb meg\u00e1llap\u00edthat\u00f3, hogy a gazdas\u00e1goss\u00e1got gyakran kiz\u00e1r\u00f3lag (a szennyv\u00edzsz\u00e1ll\u00edt\u00e1shoz haszn\u00e1lt) energiafogyaszt\u00e1ssal teszik egyenl\u0151v\u00e9, ami m\u00e1r csak a megfogalmaz\u00e1s alapj\u00e1n is helytelen. A gazdas\u00e1goss\u00e1g meg\u00edt\u00e9l\u00e9s\u00e9hez ugyan hozz\u00e1tartozik az energiafogyaszt\u00e1s is, azonban ez nem minden: A rendszer beruh\u00e1z\u00e1si k\u00f6lts\u00e9geiWeiterlesen &quot;Gazdas\u00e1goss\u00e1g&quot;\" \/>\n<meta property=\"og:url\" content=\"https:\/\/www.oekermann.de\/hu\/elonyok\/gazdasagossag\/\" \/>\n<meta property=\"og:site_name\" content=\"Pneumatische F\u00f6rdertechnik - OEKERMANN Abwassertechnik\" \/>\n<meta property=\"article:publisher\" content=\"https:\/\/www.facebook.com\/pages\/Oekermann-Abwassertechnik\/1007781205906685\" \/>\n<meta property=\"article:modified_time\" content=\"2025-06-23T11:09:31+00:00\" \/>\n<meta name=\"twitter:card\" content=\"summary_large_image\" \/>\n<meta name=\"twitter:site\" content=\"@Oekermann\" \/>\n<meta name=\"twitter:label1\" content=\"Est. reading time\" \/>\n\t<meta name=\"twitter:data1\" content=\"3 minutes\" \/>\n<script type=\"application\/ld+json\" class=\"yoast-schema-graph\">{\"@context\":\"https:\\\/\\\/schema.org\",\"@graph\":[{\"@type\":\"WebPage\",\"@id\":\"https:\\\/\\\/www.oekermann.de\\\/hu\\\/elonyok\\\/gazdasagossag\\\/\",\"url\":\"https:\\\/\\\/www.oekermann.de\\\/hu\\\/elonyok\\\/gazdasagossag\\\/\",\"name\":\"Gazdas\u00e1goss\u00e1g - Pneumatische F\u00f6rdertechnik - OEKERMANN Abwassertechnik\",\"isPartOf\":{\"@id\":\"https:\\\/\\\/www.oekermann.de\\\/#website\"},\"datePublished\":\"2017-02-05T18:33:34+00:00\",\"dateModified\":\"2025-06-23T11:09:31+00:00\",\"breadcrumb\":{\"@id\":\"https:\\\/\\\/www.oekermann.de\\\/hu\\\/elonyok\\\/gazdasagossag\\\/#breadcrumb\"},\"inLanguage\":\"hu-HU\",\"potentialAction\":[{\"@type\":\"ReadAction\",\"target\":[\"https:\\\/\\\/www.oekermann.de\\\/hu\\\/elonyok\\\/gazdasagossag\\\/\"]}]},{\"@type\":\"BreadcrumbList\",\"@id\":\"https:\\\/\\\/www.oekermann.de\\\/hu\\\/elonyok\\\/gazdasagossag\\\/#breadcrumb\",\"itemListElement\":[{\"@type\":\"ListItem\",\"position\":1,\"name\":\"Startseite\",\"item\":\"https:\\\/\\\/www.oekermann.de\\\/hu\\\/\"},{\"@type\":\"ListItem\",\"position\":2,\"name\":\"El\u0151ny\u00f6k\",\"item\":\"https:\\\/\\\/www.oekermann.de\\\/hu\\\/elonyok\\\/\"},{\"@type\":\"ListItem\",\"position\":3,\"name\":\"Gazdas\u00e1goss\u00e1g\"}]},{\"@type\":\"WebSite\",\"@id\":\"https:\\\/\\\/www.oekermann.de\\\/#website\",\"url\":\"https:\\\/\\\/www.oekermann.de\\\/\",\"name\":\"Pneumatische F\u00f6rdertechnik - OEKERMANN Abwassertechnik\",\"description\":\"\",\"potentialAction\":[{\"@type\":\"SearchAction\",\"target\":{\"@type\":\"EntryPoint\",\"urlTemplate\":\"https:\\\/\\\/www.oekermann.de\\\/?s={search_term_string}\"},\"query-input\":{\"@type\":\"PropertyValueSpecification\",\"valueRequired\":true,\"valueName\":\"search_term_string\"}}],\"inLanguage\":\"hu-HU\"}]}<\/script>\n<!-- \/ Yoast SEO plugin. -->","yoast_head_json":{"title":"Gazdas\u00e1goss\u00e1g - Pneumatische F\u00f6rdertechnik - OEKERMANN Abwassertechnik","robots":{"index":"index","follow":"follow","max-snippet":"max-snippet:-1","max-image-preview":"max-image-preview:large","max-video-preview":"max-video-preview:-1"},"canonical":"https:\/\/www.oekermann.de\/hu\/elonyok\/gazdasagossag\/","og_locale":"hu_HU","og_type":"article","og_title":"Gazdas\u00e1goss\u00e1g - Pneumatische F\u00f6rdertechnik - OEKERMANN Abwassertechnik","og_description":"\u00c1tfog\u00f3 \u00e1ttekint\u00e9s Term\u00e9szetesen mindig rendk\u00edv\u00fcl fontos egy berendez\u00e9s, jelen esetben kifejezetten a szivatty\u00fatelepek gazdas\u00e1goss\u00e1gi szempontjait figyelembe venni. Egyre ink\u00e1bb meg\u00e1llap\u00edthat\u00f3, hogy a gazdas\u00e1goss\u00e1got gyakran kiz\u00e1r\u00f3lag (a szennyv\u00edzsz\u00e1ll\u00edt\u00e1shoz haszn\u00e1lt) energiafogyaszt\u00e1ssal teszik egyenl\u0151v\u00e9, ami m\u00e1r csak a megfogalmaz\u00e1s alapj\u00e1n is helytelen. A gazdas\u00e1goss\u00e1g meg\u00edt\u00e9l\u00e9s\u00e9hez ugyan hozz\u00e1tartozik az energiafogyaszt\u00e1s is, azonban ez nem minden: A rendszer beruh\u00e1z\u00e1si k\u00f6lts\u00e9geiWeiterlesen \"Gazdas\u00e1goss\u00e1g\"","og_url":"https:\/\/www.oekermann.de\/hu\/elonyok\/gazdasagossag\/","og_site_name":"Pneumatische F\u00f6rdertechnik - OEKERMANN Abwassertechnik","article_publisher":"https:\/\/www.facebook.com\/pages\/Oekermann-Abwassertechnik\/1007781205906685","article_modified_time":"2025-06-23T11:09:31+00:00","twitter_card":"summary_large_image","twitter_site":"@Oekermann","twitter_misc":{"Est. reading time":"3 minutes"},"schema":{"@context":"https:\/\/schema.org","@graph":[{"@type":"WebPage","@id":"https:\/\/www.oekermann.de\/hu\/elonyok\/gazdasagossag\/","url":"https:\/\/www.oekermann.de\/hu\/elonyok\/gazdasagossag\/","name":"Gazdas\u00e1goss\u00e1g - Pneumatische F\u00f6rdertechnik - OEKERMANN Abwassertechnik","isPartOf":{"@id":"https:\/\/www.oekermann.de\/#website"},"datePublished":"2017-02-05T18:33:34+00:00","dateModified":"2025-06-23T11:09:31+00:00","breadcrumb":{"@id":"https:\/\/www.oekermann.de\/hu\/elonyok\/gazdasagossag\/#breadcrumb"},"inLanguage":"hu-HU","potentialAction":[{"@type":"ReadAction","target":["https:\/\/www.oekermann.de\/hu\/elonyok\/gazdasagossag\/"]}]},{"@type":"BreadcrumbList","@id":"https:\/\/www.oekermann.de\/hu\/elonyok\/gazdasagossag\/#breadcrumb","itemListElement":[{"@type":"ListItem","position":1,"name":"Startseite","item":"https:\/\/www.oekermann.de\/hu\/"},{"@type":"ListItem","position":2,"name":"El\u0151ny\u00f6k","item":"https:\/\/www.oekermann.de\/hu\/elonyok\/"},{"@type":"ListItem","position":3,"name":"Gazdas\u00e1goss\u00e1g"}]},{"@type":"WebSite","@id":"https:\/\/www.oekermann.de\/#website","url":"https:\/\/www.oekermann.de\/","name":"Pneumatische F\u00f6rdertechnik - OEKERMANN Abwassertechnik","description":"","potentialAction":[{"@type":"SearchAction","target":{"@type":"EntryPoint","urlTemplate":"https:\/\/www.oekermann.de\/?s={search_term_string}"},"query-input":{"@type":"PropertyValueSpecification","valueRequired":true,"valueName":"search_term_string"}}],"inLanguage":"hu-HU"}]}},"_links":{"self":[{"href":"https:\/\/www.oekermann.de\/hu\/wp-json\/wp\/v2\/pages\/5085","targetHints":{"allow":["GET"]}}],"collection":[{"href":"https:\/\/www.oekermann.de\/hu\/wp-json\/wp\/v2\/pages"}],"about":[{"href":"https:\/\/www.oekermann.de\/hu\/wp-json\/wp\/v2\/types\/page"}],"author":[{"embeddable":true,"href":"https:\/\/www.oekermann.de\/hu\/wp-json\/wp\/v2\/users\/2"}],"replies":[{"embeddable":true,"href":"https:\/\/www.oekermann.de\/hu\/wp-json\/wp\/v2\/comments?post=5085"}],"version-history":[{"count":2,"href":"https:\/\/www.oekermann.de\/hu\/wp-json\/wp\/v2\/pages\/5085\/revisions"}],"predecessor-version":[{"id":5236,"href":"https:\/\/www.oekermann.de\/hu\/wp-json\/wp\/v2\/pages\/5085\/revisions\/5236"}],"up":[{"embeddable":true,"href":"https:\/\/www.oekermann.de\/hu\/wp-json\/wp\/v2\/pages\/5075"}],"wp:attachment":[{"href":"https:\/\/www.oekermann.de\/hu\/wp-json\/wp\/v2\/media?parent=5085"}],"curies":[{"name":"wp","href":"https:\/\/api.w.org\/{rel}","templated":true}]}}