{"id":5086,"date":"2017-02-05T19:50:46","date_gmt":"2017-02-05T18:50:46","guid":{"rendered":"https:\/\/www.oekermann.de\/?page_id=5086"},"modified":"2025-06-23T13:09:53","modified_gmt":"2025-06-23T11:09:53","slug":"kombinalt-rendszerek","status":"publish","type":"page","link":"https:\/\/www.oekermann.de\/hu\/elonyok\/kombinalt-rendszerek\/","title":{"rendered":"Kombin\u00e1lt rendszerek"},"content":{"rendered":"<section>\n<h2>T\u00f6bb pneumatikus szennyv\u00edzszivatty\u00fa-telepb\u0151l \u00e1ll\u00f3 kombin\u00e1lt rendszer egyszer\u0171 fel\u00e9p\u00edt\u00e9se<\/h2>\n<p>Az OEKERMANN rendszerekkel egyszer\u0171en megval\u00f3s\u00edthat\u00f3k a t\u00f6bb szivatty\u00fatelepb\u0151l \u00e1ll\u00f3 kombin\u00e1lt rendszerek, mert a rendszerek a kompresszorok alkalmaz\u00e1sa r\u00e9v\u00e9n a <a href=\"https:\/\/www.oekermann.de\/vorteile\/hoehenueberwindung\/\">legk\u00fcl\u00f6nb\u00f6z\u0151bb nyom\u00e1sok<\/a> ellen\u00e9ben m\u0171k\u00f6dnek.<\/p>\n<p>Att\u00f3l f\u00fcgg\u0151en, hogy egy adott rendszer berendez\u00e9sei r\u00e9sz- vagy teljes terhel\u00e9sen \u00fczemelnek-e, illetve hogy ezek k\u00f6z\u00fcl h\u00e1ny \u00fczemel \u00edgy, a k\u00fcl\u00f6nb\u00f6z\u0151 s\u00farl\u00f3d\u00e1si vesztes\u00e9gek miatt nagyon k\u00fcl\u00f6nb\u00f6z\u0151 nyom\u00e1sok \u00e1llhatnak el\u0151 az egyes telepeken.<\/p>\n<p>\u00cdgy pl. egy <a href=\"https:\/\/www.oekermann.de\/vorteile\/druckleitungen\/\">f\u0151nyom\u00f3vezet\u00e9kre<\/a> <a href=\"https:\/\/www.oekermann.de\/produktgruppen\/kleine-anlagen\/\">k\u00fcl\u00f6n\u00e1ll\u00f3 ingatlan<\/a>, h\u00e1zcsoport vagy egy eg\u00e9sz telep\u00fcl\u00e9s r\u00e1csatlakoztathat\u00f3.<\/p>\n<p>Az egyes <a href=\"https:\/\/www.oekermann.de\/2018\/08\/29\/abwasserfoerderung-vergleich-der-technologien\/\">pneumatikus szennyv\u00edzsz\u00e1ll\u00edt\u00f3 rendszerek<\/a> nem z\u00e1r\u00f3dnak el egym\u00e1ssal szemben, \u00e9s kiz\u00e1r\u00f3lag a mindenkor be\u00e9rkez\u0151 szennyv\u00edzmennyis\u00e9g f\u00fcggv\u00e9ny\u00e9ben \u00fczemelnek. Ez\u00e1ltal <a href=\"https:\/\/www.oekermann.de\/vorteile\/keine-verstopfung\/\">magas \u00fczembiztons\u00e1g<\/a> \u00e9s <a href=\"https:\/\/www.oekermann.de\/vorteile\/wirtschaftlichkeit\/\">kedvez\u0151 k\u00f6lts\u00e9g\u0171 teljes rendszer<\/a> keletkezik.<\/p>\n<p>Megfelel\u0151 el\u0151zetes tervez\u00e9s eset\u00e9n a kombin\u00e1lt rendszerek a j\u00f6v\u0151ben rugalmasan b\u0151v\u00edthet\u0151k OEKERMANN rendszerekkel.<\/p>\n<p><img decoding=\"async\" class=\"img-1\" src=\"\/wp-content\/uploads\/2017\/02\/Oekermann-Abwasser-Verbundsysteme-1.jpg\" alt=\"Verbundsysteme mit mehreren pneumatischen Abwasser-F\u00f6rderanlagen\" \/><\/p>\n<\/section>\n<section class=\"downloads\">\n<div class=\"animate-in\" data-anim-type=\"fade-in-right-big\" data-anim-delay=\"\">\n<div class=\"dl-wrapper\">\n<div class=\"dl-all\"><a title=\"Kostenlose Downloads zur Pneumatischen Abwassertechnik\" href=\"https:\/\/www.oekermann.de\/downloads\/\">Ingyenes t\u00e1j\u00e9koztat\u00f3 anyag a pneumatikus szennyv\u00edztechnika t\u00e9m\u00e1j\u00e1ban<\/a><\/div>\n<\/div>\n<\/div>\n<\/section>\n","protected":false},"excerpt":{"rendered":"<p>T\u00f6bb pneumatikus szennyv\u00edzszivatty\u00fa-telepb\u0151l \u00e1ll\u00f3 kombin\u00e1lt rendszer egyszer\u0171 fel\u00e9p\u00edt\u00e9se Az OEKERMANN rendszerekkel egyszer\u0171en megval\u00f3s\u00edthat\u00f3k a t\u00f6bb szivatty\u00fatelepb\u0151l \u00e1ll\u00f3 kombin\u00e1lt rendszerek, mert a rendszerek a kompresszorok alkalmaz\u00e1sa r\u00e9v\u00e9n a legk\u00fcl\u00f6nb\u00f6z\u0151bb nyom\u00e1sok ellen\u00e9ben m\u0171k\u00f6dnek. Att\u00f3l f\u00fcgg\u0151en, hogy egy adott rendszer berendez\u00e9sei r\u00e9sz- vagy teljes terhel\u00e9sen \u00fczemelnek-e, illetve hogy ezek k\u00f6z\u00fcl h\u00e1ny \u00fczemel \u00edgy, a k\u00fcl\u00f6nb\u00f6z\u0151 s\u00farl\u00f3d\u00e1si vesztes\u00e9gek miatt<\/p>\n<p class=\"link-more\"><a href=\"https:\/\/www.oekermann.de\/hu\/elonyok\/kombinalt-rendszerek\/\" class=\"envor-btn\">Weiterlesen<span class=\"screen-reader-text\"> &#8220;Kombin\u00e1lt rendszerek&#8221;<\/span><\/a><\/p>\n","protected":false},"author":2,"featured_media":0,"parent":5075,"menu_order":0,"comment_status":"closed","ping_status":"closed","template":"","meta":{"footnotes":""},"class_list":["post-5086","page","type-page","status-publish","hentry"],"yoast_head":"<!-- This site is optimized with the Yoast SEO plugin v27.4 - https:\/\/yoast.com\/product\/yoast-seo-wordpress\/ -->\n<title>Kombin\u00e1lt rendszerek - Pneumatische F\u00f6rdertechnik - OEKERMANN Abwassertechnik<\/title>\n<meta name=\"robots\" content=\"index, follow, max-snippet:-1, max-image-preview:large, max-video-preview:-1\" \/>\n<link rel=\"canonical\" href=\"https:\/\/www.oekermann.de\/hu\/elonyok\/kombinalt-rendszerek\/\" \/>\n<meta property=\"og:locale\" content=\"hu_HU\" \/>\n<meta property=\"og:type\" content=\"article\" \/>\n<meta property=\"og:title\" content=\"Kombin\u00e1lt rendszerek - Pneumatische F\u00f6rdertechnik - OEKERMANN Abwassertechnik\" \/>\n<meta property=\"og:description\" content=\"T\u00f6bb pneumatikus szennyv\u00edzszivatty\u00fa-telepb\u0151l \u00e1ll\u00f3 kombin\u00e1lt rendszer egyszer\u0171 fel\u00e9p\u00edt\u00e9se Az OEKERMANN rendszerekkel egyszer\u0171en megval\u00f3s\u00edthat\u00f3k a t\u00f6bb szivatty\u00fatelepb\u0151l \u00e1ll\u00f3 kombin\u00e1lt rendszerek, mert a rendszerek a kompresszorok alkalmaz\u00e1sa r\u00e9v\u00e9n a legk\u00fcl\u00f6nb\u00f6z\u0151bb nyom\u00e1sok ellen\u00e9ben m\u0171k\u00f6dnek. Att\u00f3l f\u00fcgg\u0151en, hogy egy adott rendszer berendez\u00e9sei r\u00e9sz- vagy teljes terhel\u00e9sen \u00fczemelnek-e, illetve hogy ezek k\u00f6z\u00fcl h\u00e1ny \u00fczemel \u00edgy, a k\u00fcl\u00f6nb\u00f6z\u0151 s\u00farl\u00f3d\u00e1si vesztes\u00e9gek miattWeiterlesen &quot;Kombin\u00e1lt rendszerek&quot;\" \/>\n<meta property=\"og:url\" content=\"https:\/\/www.oekermann.de\/hu\/elonyok\/kombinalt-rendszerek\/\" \/>\n<meta property=\"og:site_name\" content=\"Pneumatische F\u00f6rdertechnik - OEKERMANN Abwassertechnik\" \/>\n<meta property=\"article:publisher\" content=\"https:\/\/www.facebook.com\/pages\/Oekermann-Abwassertechnik\/1007781205906685\" \/>\n<meta property=\"article:modified_time\" content=\"2025-06-23T11:09:53+00:00\" \/>\n<meta name=\"twitter:card\" content=\"summary_large_image\" \/>\n<meta name=\"twitter:site\" content=\"@Oekermann\" \/>\n<meta name=\"twitter:label1\" content=\"Est. reading time\" \/>\n\t<meta name=\"twitter:data1\" content=\"1 minute\" \/>\n<script type=\"application\/ld+json\" class=\"yoast-schema-graph\">{\"@context\":\"https:\\\/\\\/schema.org\",\"@graph\":[{\"@type\":\"WebPage\",\"@id\":\"https:\\\/\\\/www.oekermann.de\\\/hu\\\/elonyok\\\/kombinalt-rendszerek\\\/\",\"url\":\"https:\\\/\\\/www.oekermann.de\\\/hu\\\/elonyok\\\/kombinalt-rendszerek\\\/\",\"name\":\"Kombin\u00e1lt rendszerek - Pneumatische F\u00f6rdertechnik - OEKERMANN Abwassertechnik\",\"isPartOf\":{\"@id\":\"https:\\\/\\\/www.oekermann.de\\\/#website\"},\"datePublished\":\"2017-02-05T18:50:46+00:00\",\"dateModified\":\"2025-06-23T11:09:53+00:00\",\"breadcrumb\":{\"@id\":\"https:\\\/\\\/www.oekermann.de\\\/hu\\\/elonyok\\\/kombinalt-rendszerek\\\/#breadcrumb\"},\"inLanguage\":\"hu-HU\",\"potentialAction\":[{\"@type\":\"ReadAction\",\"target\":[\"https:\\\/\\\/www.oekermann.de\\\/hu\\\/elonyok\\\/kombinalt-rendszerek\\\/\"]}]},{\"@type\":\"BreadcrumbList\",\"@id\":\"https:\\\/\\\/www.oekermann.de\\\/hu\\\/elonyok\\\/kombinalt-rendszerek\\\/#breadcrumb\",\"itemListElement\":[{\"@type\":\"ListItem\",\"position\":1,\"name\":\"Startseite\",\"item\":\"https:\\\/\\\/www.oekermann.de\\\/hu\\\/\"},{\"@type\":\"ListItem\",\"position\":2,\"name\":\"El\u0151ny\u00f6k\",\"item\":\"https:\\\/\\\/www.oekermann.de\\\/hu\\\/elonyok\\\/\"},{\"@type\":\"ListItem\",\"position\":3,\"name\":\"Kombin\u00e1lt rendszerek\"}]},{\"@type\":\"WebSite\",\"@id\":\"https:\\\/\\\/www.oekermann.de\\\/#website\",\"url\":\"https:\\\/\\\/www.oekermann.de\\\/\",\"name\":\"Pneumatische F\u00f6rdertechnik - OEKERMANN Abwassertechnik\",\"description\":\"\",\"potentialAction\":[{\"@type\":\"SearchAction\",\"target\":{\"@type\":\"EntryPoint\",\"urlTemplate\":\"https:\\\/\\\/www.oekermann.de\\\/?s={search_term_string}\"},\"query-input\":{\"@type\":\"PropertyValueSpecification\",\"valueRequired\":true,\"valueName\":\"search_term_string\"}}],\"inLanguage\":\"hu-HU\"}]}<\/script>\n<!-- \/ Yoast SEO plugin. -->","yoast_head_json":{"title":"Kombin\u00e1lt rendszerek - Pneumatische F\u00f6rdertechnik - OEKERMANN Abwassertechnik","robots":{"index":"index","follow":"follow","max-snippet":"max-snippet:-1","max-image-preview":"max-image-preview:large","max-video-preview":"max-video-preview:-1"},"canonical":"https:\/\/www.oekermann.de\/hu\/elonyok\/kombinalt-rendszerek\/","og_locale":"hu_HU","og_type":"article","og_title":"Kombin\u00e1lt rendszerek - Pneumatische F\u00f6rdertechnik - OEKERMANN Abwassertechnik","og_description":"T\u00f6bb pneumatikus szennyv\u00edzszivatty\u00fa-telepb\u0151l \u00e1ll\u00f3 kombin\u00e1lt rendszer egyszer\u0171 fel\u00e9p\u00edt\u00e9se Az OEKERMANN rendszerekkel egyszer\u0171en megval\u00f3s\u00edthat\u00f3k a t\u00f6bb szivatty\u00fatelepb\u0151l \u00e1ll\u00f3 kombin\u00e1lt rendszerek, mert a rendszerek a kompresszorok alkalmaz\u00e1sa r\u00e9v\u00e9n a legk\u00fcl\u00f6nb\u00f6z\u0151bb nyom\u00e1sok ellen\u00e9ben m\u0171k\u00f6dnek. Att\u00f3l f\u00fcgg\u0151en, hogy egy adott rendszer berendez\u00e9sei r\u00e9sz- vagy teljes terhel\u00e9sen \u00fczemelnek-e, illetve hogy ezek k\u00f6z\u00fcl h\u00e1ny \u00fczemel \u00edgy, a k\u00fcl\u00f6nb\u00f6z\u0151 s\u00farl\u00f3d\u00e1si vesztes\u00e9gek miattWeiterlesen \"Kombin\u00e1lt rendszerek\"","og_url":"https:\/\/www.oekermann.de\/hu\/elonyok\/kombinalt-rendszerek\/","og_site_name":"Pneumatische F\u00f6rdertechnik - OEKERMANN Abwassertechnik","article_publisher":"https:\/\/www.facebook.com\/pages\/Oekermann-Abwassertechnik\/1007781205906685","article_modified_time":"2025-06-23T11:09:53+00:00","twitter_card":"summary_large_image","twitter_site":"@Oekermann","twitter_misc":{"Est. reading time":"1 minute"},"schema":{"@context":"https:\/\/schema.org","@graph":[{"@type":"WebPage","@id":"https:\/\/www.oekermann.de\/hu\/elonyok\/kombinalt-rendszerek\/","url":"https:\/\/www.oekermann.de\/hu\/elonyok\/kombinalt-rendszerek\/","name":"Kombin\u00e1lt rendszerek - Pneumatische F\u00f6rdertechnik - OEKERMANN Abwassertechnik","isPartOf":{"@id":"https:\/\/www.oekermann.de\/#website"},"datePublished":"2017-02-05T18:50:46+00:00","dateModified":"2025-06-23T11:09:53+00:00","breadcrumb":{"@id":"https:\/\/www.oekermann.de\/hu\/elonyok\/kombinalt-rendszerek\/#breadcrumb"},"inLanguage":"hu-HU","potentialAction":[{"@type":"ReadAction","target":["https:\/\/www.oekermann.de\/hu\/elonyok\/kombinalt-rendszerek\/"]}]},{"@type":"BreadcrumbList","@id":"https:\/\/www.oekermann.de\/hu\/elonyok\/kombinalt-rendszerek\/#breadcrumb","itemListElement":[{"@type":"ListItem","position":1,"name":"Startseite","item":"https:\/\/www.oekermann.de\/hu\/"},{"@type":"ListItem","position":2,"name":"El\u0151ny\u00f6k","item":"https:\/\/www.oekermann.de\/hu\/elonyok\/"},{"@type":"ListItem","position":3,"name":"Kombin\u00e1lt rendszerek"}]},{"@type":"WebSite","@id":"https:\/\/www.oekermann.de\/#website","url":"https:\/\/www.oekermann.de\/","name":"Pneumatische F\u00f6rdertechnik - OEKERMANN Abwassertechnik","description":"","potentialAction":[{"@type":"SearchAction","target":{"@type":"EntryPoint","urlTemplate":"https:\/\/www.oekermann.de\/?s={search_term_string}"},"query-input":{"@type":"PropertyValueSpecification","valueRequired":true,"valueName":"search_term_string"}}],"inLanguage":"hu-HU"}]}},"_links":{"self":[{"href":"https:\/\/www.oekermann.de\/hu\/wp-json\/wp\/v2\/pages\/5086","targetHints":{"allow":["GET"]}}],"collection":[{"href":"https:\/\/www.oekermann.de\/hu\/wp-json\/wp\/v2\/pages"}],"about":[{"href":"https:\/\/www.oekermann.de\/hu\/wp-json\/wp\/v2\/types\/page"}],"author":[{"embeddable":true,"href":"https:\/\/www.oekermann.de\/hu\/wp-json\/wp\/v2\/users\/2"}],"replies":[{"embeddable":true,"href":"https:\/\/www.oekermann.de\/hu\/wp-json\/wp\/v2\/comments?post=5086"}],"version-history":[{"count":2,"href":"https:\/\/www.oekermann.de\/hu\/wp-json\/wp\/v2\/pages\/5086\/revisions"}],"predecessor-version":[{"id":5237,"href":"https:\/\/www.oekermann.de\/hu\/wp-json\/wp\/v2\/pages\/5086\/revisions\/5237"}],"up":[{"embeddable":true,"href":"https:\/\/www.oekermann.de\/hu\/wp-json\/wp\/v2\/pages\/5075"}],"wp:attachment":[{"href":"https:\/\/www.oekermann.de\/hu\/wp-json\/wp\/v2\/media?parent=5086"}],"curies":[{"name":"wp","href":"https:\/\/api.w.org\/{rel}","templated":true}]}}