{"id":5089,"date":"2018-02-11T12:54:43","date_gmt":"2018-02-11T11:54:43","guid":{"rendered":"https:\/\/www.oekermann.de\/?page_id=5089"},"modified":"2025-09-23T09:04:05","modified_gmt":"2025-09-23T07:04:05","slug":"karbantartas","status":"publish","type":"page","link":"https:\/\/www.oekermann.de\/hu\/karbantartas\/","title":{"rendered":"Karbantart\u00e1s"},"content":{"rendered":"<section>\n<h2>Min\u0151s\u00e9gi \u00e9s k\u00f6lts\u00e9ghat\u00e9kony<\/h2>\n<p>Az OEKERMANN s\u0171r\u00edtettleveg\u0151s szivatty\u00fatelepeken csak olyan alkatr\u00e9szeket \u00e9s r\u00e9szegys\u00e9geket alkalmazunk, melyek megfelelnek a legkorszer\u0171bb m\u0171szaki sz\u00ednvonalnak, \u00e9s messzemen\u0151en \u00e1ltal\u00e1nosan beszerezhet\u0151k a piacon. A <a href=\"https:\/\/www.oekermann.de\/wartung\/ersatzteile\/\">p\u00f3talkatr\u00e9szek beszerz\u00e9se<\/a> szint\u00e9n hossz\u00fa t\u00e1von lehets\u00e9ges.<\/p>\n<p>A teljes rendszerstrukt\u00fara olyan fel\u00e9p\u00edt\u00e9s\u0171, hogy \u00e1ltal\u00e1ban a helyi szem\u00e9lyzet nemcsak a folyamatos karbantart\u00e1st, hanem kisebb jav\u00edt\u00e1si munk\u00e1kat is saj\u00e1t maga el tud v\u00e9gezni. Ezenk\u00edv\u00fcl az <a href=\"https:\/\/www.oekermann.de\/ueber-uns\/meilensteine\/\">OEKERMANN<\/a> megk\u00f6zel\u00edt\u0151leg minden p\u00f3t-\/kop\u00f3alkatr\u00e9szb\u0151l nagyon kiterjedt rakt\u00e1rk\u00e9szletet tart, \u00edgy alig fordulhat el\u0151 megszak\u00edt\u00e1s az \u00fczemel\u00e9sben. Ha s\u00fcrg\u0151sen alkatr\u00e9szre van sz\u00fcks\u00e9g, az OEKERMANN expressz k\u00fcldem\u00e9ny form\u00e1j\u00e1ban sz\u00e1ll\u00edtja le azt.<\/p>\n<p>Az \u00faj rendszerek l\u00e9tes\u00edt\u00e9s\u00e9hez \u00e9s a r\u00e9gi rendszerek teljes fel\u00faj\u00edt\u00e1s\u00e1hoz k\u00fcl\u00f6nleges szakmai ismeretek sz\u00fcks\u00e9gesek. A saj\u00e1t k\u00e9pz\u00e9s\u0171, magasan k\u00e9pzett gy\u00e1ri szerel\u0151k alkalmaz\u00e1s\u00e1val az OEKERMANN biztos\u00edtja, hogy a szennyv\u00edzrendszerek \u00fczemeltet\u0151i optim\u00e1lisan m\u0171k\u00f6d\u0151 term\u00e9ket kapjanak.<\/p>\n<p>Az OEKERMANN csapata fiatalok \u00e9s id\u0151sebbek eg\u00e9szs\u00e9ges elegy\u00e9b\u0151l tev\u0151dik \u00f6ssze, teh\u00e1t az OEKERMANN egyr\u00e9szt \u00e9p\u00edt a r\u00e9szben a c\u00e9gn\u00e9l szerzett t\u00f6bb \u00e9vtizedes szakmai tapasztalattal rendelkez\u0151 id\u0151sebb szakemberekre; m\u00e1sr\u00e9szt az ut\u00f3bbi \u00e9vekben sikeresen tudott felvenni sz\u00e1mos kompetens fiatal munkaer\u0151t.<\/p>\n<p>Viszonylag kicsi, k\u00f6zepes m\u00e9ret\u0171 m\u00e1sodik gener\u00e1ci\u00f3s csal\u00e1di v\u00e1llalkoz\u00e1sk\u00e9nt az OEKERMANN k\u00fcl\u00f6n\u00f6sen rugalmasan tudja kezelni az egyedi \u00fcgyf\u00e9lig\u00e9nyeket. \u201eAz \u00fatvonalak az OEKERMANN-n\u00e1l nagyon r\u00f6videk\u201d; a gyors \u00e9s kompetens <a href=\"https:\/\/www.oekermann.de\/wartung\/service-bei-der-pneumatischen-abwasser-foerderung\/\">kiszolg\u00e1l\u00e1s<\/a> a p\u00f3talkatr\u00e9szek ter\u00fclet\u00e9n \u00e9s a szerel\u00e9sek alkalm\u00e1val az egyik v\u00e9djegy\u00fcnk.<\/p>\n<p>Az OEKERMANN karbantart\u00e1si szerz\u0151d\u00e9seket k\u00edn\u00e1l az \u00e9ves fel\u00fclvizsg\u00e1latokhoz, k\u00e9r\u00e9sre r\u00f6videbb id\u0151k\u00f6z\u00f6kre is.<\/p>\n<p>Az OEKERMANN pneumatikus szennyv\u00edzsz\u00e1ll\u00edt\u00f3 rendszereit eg\u00e9sz <a href=\"https:\/\/www.oekermann.de\/kontakt\/vertriebsbereiche\/\">N\u00e9metorsz\u00e1gban \u00e9s a szomsz\u00e9dos orsz\u00e1gokban<\/a> is alkalmazz\u00e1k. Az OEKERMANN k\u00fcl\u00f6n\u00f6sen <a href=\"https:\/\/www.oekermann.de\/ueber-uns\/meilensteine\/\">Baden-W\u00fcrttembergben<\/a> \u00e9s <a href=\"https:\/\/www.oekermann.de\/wartung\/oekermann-abwassertechnik-in-bayern\/\">Bajororsz\u00e1gban<\/a> rendelkezik kifejezetten sok \u00fcgyf\u00e9llel.<\/p>\n<p>A <a href=\"tel:00495213293830\">+49 (0)521 329 383 &#8211; 0<\/a> telefonsz\u00e1mon, valamint a <a href=\"https:\/\/www.oekermann.de\/ueber-uns\/reisemonteure\/\">helysz\u00edni szerel\u0151kt\u0151l<\/a> szem\u00e9lyesen is mindig gyors \u00e9s szak\u00e9rt\u0151 v\u00e1laszt kaphat a k\u00e9rd\u00e9seire.<\/p>\n<p><img decoding=\"async\" class=\"img-1\" src=\"https:\/\/www.oekermann.de\/wp-content\/uploads\/2025\/05\/Oekermann-Wartung-2025-5.jpg\" alt=\"Wartung - Oekermann Abwassertechnik\"><\/p>\n<\/section>\n<section class=\"downloads\">\n<div data-anim-type=\"fade-in-right-big\" data-anim-delay=\"\">\n<div class=\"dl-wrapper\">\n<div class=\"dl-all\"><a title=\"Kostenlose Downloads zur Pneumatischen Abwassertechnik\" href=\"https:\/\/www.oekermann.de\/downloads\/\">Ingyenes t\u00e1j\u00e9koztat\u00f3 anyag a pneumatikus szennyv\u00edztechnika t\u00e9m\u00e1j\u00e1ban<\/a><\/div>\n<\/div>\n<\/div>\n<\/section>\n","protected":false},"excerpt":{"rendered":"<p>Min\u0151s\u00e9gi \u00e9s k\u00f6lts\u00e9ghat\u00e9kony Az OEKERMANN s\u0171r\u00edtettleveg\u0151s szivatty\u00fatelepeken csak olyan alkatr\u00e9szeket \u00e9s r\u00e9szegys\u00e9geket alkalmazunk, melyek megfelelnek a legkorszer\u0171bb m\u0171szaki sz\u00ednvonalnak, \u00e9s messzemen\u0151en \u00e1ltal\u00e1nosan beszerezhet\u0151k a piacon. A p\u00f3talkatr\u00e9szek beszerz\u00e9se szint\u00e9n hossz\u00fa t\u00e1von lehets\u00e9ges. A teljes rendszerstrukt\u00fara olyan fel\u00e9p\u00edt\u00e9s\u0171, hogy \u00e1ltal\u00e1ban a helyi szem\u00e9lyzet nemcsak a folyamatos karbantart\u00e1st, hanem kisebb jav\u00edt\u00e1si munk\u00e1kat is saj\u00e1t maga el tud<\/p>\n<p class=\"link-more\"><a href=\"https:\/\/www.oekermann.de\/hu\/karbantartas\/\" class=\"envor-btn\">Weiterlesen<span class=\"screen-reader-text\"> &#8220;Karbantart\u00e1s&#8221;<\/span><\/a><\/p>\n","protected":false},"author":2,"featured_media":0,"parent":0,"menu_order":0,"comment_status":"closed","ping_status":"closed","template":"","meta":{"footnotes":""},"class_list":["post-5089","page","type-page","status-publish","hentry"],"yoast_head":"<!-- This site is optimized with the Yoast SEO plugin v27.4 - https:\/\/yoast.com\/product\/yoast-seo-wordpress\/ -->\n<title>Karbantart\u00e1s - Pneumatische F\u00f6rdertechnik - OEKERMANN Abwassertechnik<\/title>\n<meta name=\"robots\" content=\"index, follow, max-snippet:-1, max-image-preview:large, max-video-preview:-1\" \/>\n<link rel=\"canonical\" href=\"https:\/\/www.oekermann.de\/hu\/karbantartas\/\" \/>\n<meta property=\"og:locale\" content=\"hu_HU\" \/>\n<meta property=\"og:type\" content=\"article\" \/>\n<meta property=\"og:title\" content=\"Karbantart\u00e1s - Pneumatische F\u00f6rdertechnik - OEKERMANN Abwassertechnik\" \/>\n<meta property=\"og:description\" content=\"Min\u0151s\u00e9gi \u00e9s k\u00f6lts\u00e9ghat\u00e9kony Az OEKERMANN s\u0171r\u00edtettleveg\u0151s szivatty\u00fatelepeken csak olyan alkatr\u00e9szeket \u00e9s r\u00e9szegys\u00e9geket alkalmazunk, melyek megfelelnek a legkorszer\u0171bb m\u0171szaki sz\u00ednvonalnak, \u00e9s messzemen\u0151en \u00e1ltal\u00e1nosan beszerezhet\u0151k a piacon. A p\u00f3talkatr\u00e9szek beszerz\u00e9se szint\u00e9n hossz\u00fa t\u00e1von lehets\u00e9ges. A teljes rendszerstrukt\u00fara olyan fel\u00e9p\u00edt\u00e9s\u0171, hogy \u00e1ltal\u00e1ban a helyi szem\u00e9lyzet nemcsak a folyamatos karbantart\u00e1st, hanem kisebb jav\u00edt\u00e1si munk\u00e1kat is saj\u00e1t maga el tudWeiterlesen &quot;Karbantart\u00e1s&quot;\" \/>\n<meta property=\"og:url\" content=\"https:\/\/www.oekermann.de\/hu\/karbantartas\/\" \/>\n<meta property=\"og:site_name\" content=\"Pneumatische F\u00f6rdertechnik - OEKERMANN Abwassertechnik\" \/>\n<meta property=\"article:publisher\" content=\"https:\/\/www.facebook.com\/pages\/Oekermann-Abwassertechnik\/1007781205906685\" \/>\n<meta property=\"article:modified_time\" content=\"2025-09-23T07:04:05+00:00\" \/>\n<meta property=\"og:image\" content=\"https:\/\/www.oekermann.de\/wp-content\/uploads\/2025\/05\/Oekermann-Wartung-2025-5.jpg\" \/>\n<meta name=\"twitter:card\" content=\"summary_large_image\" \/>\n<meta name=\"twitter:site\" content=\"@Oekermann\" \/>\n<meta name=\"twitter:label1\" content=\"Est. reading time\" \/>\n\t<meta name=\"twitter:data1\" content=\"2 minutes\" \/>\n<script type=\"application\/ld+json\" class=\"yoast-schema-graph\">{\"@context\":\"https:\\\/\\\/schema.org\",\"@graph\":[{\"@type\":\"WebPage\",\"@id\":\"https:\\\/\\\/www.oekermann.de\\\/hu\\\/karbantartas\\\/\",\"url\":\"https:\\\/\\\/www.oekermann.de\\\/hu\\\/karbantartas\\\/\",\"name\":\"Karbantart\u00e1s - Pneumatische F\u00f6rdertechnik - OEKERMANN Abwassertechnik\",\"isPartOf\":{\"@id\":\"https:\\\/\\\/www.oekermann.de\\\/#website\"},\"primaryImageOfPage\":{\"@id\":\"https:\\\/\\\/www.oekermann.de\\\/hu\\\/karbantartas\\\/#primaryimage\"},\"image\":{\"@id\":\"https:\\\/\\\/www.oekermann.de\\\/hu\\\/karbantartas\\\/#primaryimage\"},\"thumbnailUrl\":\"https:\\\/\\\/www.oekermann.de\\\/wp-content\\\/uploads\\\/2025\\\/05\\\/Oekermann-Wartung-2025-5.jpg\",\"datePublished\":\"2018-02-11T11:54:43+00:00\",\"dateModified\":\"2025-09-23T07:04:05+00:00\",\"breadcrumb\":{\"@id\":\"https:\\\/\\\/www.oekermann.de\\\/hu\\\/karbantartas\\\/#breadcrumb\"},\"inLanguage\":\"hu-HU\",\"potentialAction\":[{\"@type\":\"ReadAction\",\"target\":[\"https:\\\/\\\/www.oekermann.de\\\/hu\\\/karbantartas\\\/\"]}]},{\"@type\":\"ImageObject\",\"inLanguage\":\"hu-HU\",\"@id\":\"https:\\\/\\\/www.oekermann.de\\\/hu\\\/karbantartas\\\/#primaryimage\",\"url\":\"https:\\\/\\\/www.oekermann.de\\\/wp-content\\\/uploads\\\/2025\\\/05\\\/Oekermann-Wartung-2025-5.jpg\",\"contentUrl\":\"https:\\\/\\\/www.oekermann.de\\\/wp-content\\\/uploads\\\/2025\\\/05\\\/Oekermann-Wartung-2025-5.jpg\"},{\"@type\":\"BreadcrumbList\",\"@id\":\"https:\\\/\\\/www.oekermann.de\\\/hu\\\/karbantartas\\\/#breadcrumb\",\"itemListElement\":[{\"@type\":\"ListItem\",\"position\":1,\"name\":\"Startseite\",\"item\":\"https:\\\/\\\/www.oekermann.de\\\/hu\\\/\"},{\"@type\":\"ListItem\",\"position\":2,\"name\":\"Karbantart\u00e1s\"}]},{\"@type\":\"WebSite\",\"@id\":\"https:\\\/\\\/www.oekermann.de\\\/#website\",\"url\":\"https:\\\/\\\/www.oekermann.de\\\/\",\"name\":\"Pneumatische F\u00f6rdertechnik - OEKERMANN Abwassertechnik\",\"description\":\"\",\"potentialAction\":[{\"@type\":\"SearchAction\",\"target\":{\"@type\":\"EntryPoint\",\"urlTemplate\":\"https:\\\/\\\/www.oekermann.de\\\/?s={search_term_string}\"},\"query-input\":{\"@type\":\"PropertyValueSpecification\",\"valueRequired\":true,\"valueName\":\"search_term_string\"}}],\"inLanguage\":\"hu-HU\"}]}<\/script>\n<!-- \/ Yoast SEO plugin. -->","yoast_head_json":{"title":"Karbantart\u00e1s - Pneumatische F\u00f6rdertechnik - OEKERMANN Abwassertechnik","robots":{"index":"index","follow":"follow","max-snippet":"max-snippet:-1","max-image-preview":"max-image-preview:large","max-video-preview":"max-video-preview:-1"},"canonical":"https:\/\/www.oekermann.de\/hu\/karbantartas\/","og_locale":"hu_HU","og_type":"article","og_title":"Karbantart\u00e1s - Pneumatische F\u00f6rdertechnik - OEKERMANN Abwassertechnik","og_description":"Min\u0151s\u00e9gi \u00e9s k\u00f6lts\u00e9ghat\u00e9kony Az OEKERMANN s\u0171r\u00edtettleveg\u0151s szivatty\u00fatelepeken csak olyan alkatr\u00e9szeket \u00e9s r\u00e9szegys\u00e9geket alkalmazunk, melyek megfelelnek a legkorszer\u0171bb m\u0171szaki sz\u00ednvonalnak, \u00e9s messzemen\u0151en \u00e1ltal\u00e1nosan beszerezhet\u0151k a piacon. A p\u00f3talkatr\u00e9szek beszerz\u00e9se szint\u00e9n hossz\u00fa t\u00e1von lehets\u00e9ges. A teljes rendszerstrukt\u00fara olyan fel\u00e9p\u00edt\u00e9s\u0171, hogy \u00e1ltal\u00e1ban a helyi szem\u00e9lyzet nemcsak a folyamatos karbantart\u00e1st, hanem kisebb jav\u00edt\u00e1si munk\u00e1kat is saj\u00e1t maga el tudWeiterlesen \"Karbantart\u00e1s\"","og_url":"https:\/\/www.oekermann.de\/hu\/karbantartas\/","og_site_name":"Pneumatische F\u00f6rdertechnik - OEKERMANN Abwassertechnik","article_publisher":"https:\/\/www.facebook.com\/pages\/Oekermann-Abwassertechnik\/1007781205906685","article_modified_time":"2025-09-23T07:04:05+00:00","og_image":[{"url":"https:\/\/www.oekermann.de\/wp-content\/uploads\/2025\/05\/Oekermann-Wartung-2025-5.jpg","type":"","width":"","height":""}],"twitter_card":"summary_large_image","twitter_site":"@Oekermann","twitter_misc":{"Est. reading time":"2 minutes"},"schema":{"@context":"https:\/\/schema.org","@graph":[{"@type":"WebPage","@id":"https:\/\/www.oekermann.de\/hu\/karbantartas\/","url":"https:\/\/www.oekermann.de\/hu\/karbantartas\/","name":"Karbantart\u00e1s - Pneumatische F\u00f6rdertechnik - OEKERMANN Abwassertechnik","isPartOf":{"@id":"https:\/\/www.oekermann.de\/#website"},"primaryImageOfPage":{"@id":"https:\/\/www.oekermann.de\/hu\/karbantartas\/#primaryimage"},"image":{"@id":"https:\/\/www.oekermann.de\/hu\/karbantartas\/#primaryimage"},"thumbnailUrl":"https:\/\/www.oekermann.de\/wp-content\/uploads\/2025\/05\/Oekermann-Wartung-2025-5.jpg","datePublished":"2018-02-11T11:54:43+00:00","dateModified":"2025-09-23T07:04:05+00:00","breadcrumb":{"@id":"https:\/\/www.oekermann.de\/hu\/karbantartas\/#breadcrumb"},"inLanguage":"hu-HU","potentialAction":[{"@type":"ReadAction","target":["https:\/\/www.oekermann.de\/hu\/karbantartas\/"]}]},{"@type":"ImageObject","inLanguage":"hu-HU","@id":"https:\/\/www.oekermann.de\/hu\/karbantartas\/#primaryimage","url":"https:\/\/www.oekermann.de\/wp-content\/uploads\/2025\/05\/Oekermann-Wartung-2025-5.jpg","contentUrl":"https:\/\/www.oekermann.de\/wp-content\/uploads\/2025\/05\/Oekermann-Wartung-2025-5.jpg"},{"@type":"BreadcrumbList","@id":"https:\/\/www.oekermann.de\/hu\/karbantartas\/#breadcrumb","itemListElement":[{"@type":"ListItem","position":1,"name":"Startseite","item":"https:\/\/www.oekermann.de\/hu\/"},{"@type":"ListItem","position":2,"name":"Karbantart\u00e1s"}]},{"@type":"WebSite","@id":"https:\/\/www.oekermann.de\/#website","url":"https:\/\/www.oekermann.de\/","name":"Pneumatische F\u00f6rdertechnik - OEKERMANN Abwassertechnik","description":"","potentialAction":[{"@type":"SearchAction","target":{"@type":"EntryPoint","urlTemplate":"https:\/\/www.oekermann.de\/?s={search_term_string}"},"query-input":{"@type":"PropertyValueSpecification","valueRequired":true,"valueName":"search_term_string"}}],"inLanguage":"hu-HU"}]}},"_links":{"self":[{"href":"https:\/\/www.oekermann.de\/hu\/wp-json\/wp\/v2\/pages\/5089","targetHints":{"allow":["GET"]}}],"collection":[{"href":"https:\/\/www.oekermann.de\/hu\/wp-json\/wp\/v2\/pages"}],"about":[{"href":"https:\/\/www.oekermann.de\/hu\/wp-json\/wp\/v2\/types\/page"}],"author":[{"embeddable":true,"href":"https:\/\/www.oekermann.de\/hu\/wp-json\/wp\/v2\/users\/2"}],"replies":[{"embeddable":true,"href":"https:\/\/www.oekermann.de\/hu\/wp-json\/wp\/v2\/comments?post=5089"}],"version-history":[{"count":2,"href":"https:\/\/www.oekermann.de\/hu\/wp-json\/wp\/v2\/pages\/5089\/revisions"}],"predecessor-version":[{"id":5289,"href":"https:\/\/www.oekermann.de\/hu\/wp-json\/wp\/v2\/pages\/5089\/revisions\/5289"}],"wp:attachment":[{"href":"https:\/\/www.oekermann.de\/hu\/wp-json\/wp\/v2\/media?parent=5089"}],"curies":[{"name":"wp","href":"https:\/\/api.w.org\/{rel}","templated":true}]}}