{"id":5090,"date":"2022-06-24T00:51:22","date_gmt":"2022-06-23T22:51:22","guid":{"rendered":"https:\/\/www.oekermann.de\/?page_id=5090"},"modified":"2025-06-23T14:10:43","modified_gmt":"2025-06-23T12:10:43","slug":"potalkatreszek","status":"publish","type":"page","link":"https:\/\/www.oekermann.de\/hu\/karbantartas\/potalkatreszek\/","title":{"rendered":"P\u00f3talkatr\u00e9szek"},"content":{"rendered":"<p>Tudta-e m\u00e1r, hogy az OEKERMANN kiterjedt rakt\u00e1rk\u00e9szletet tart p\u00f3talkatr\u00e9szekb\u0151l? Az OEKERMANN-n\u00e1l valamennyi p\u00f3t- \u00e9s kop\u00f3alkatr\u00e9szt norm\u00e1l esetben rakt\u00e1rr\u00f3l kaphat meg <a href=\"https:\/\/www.oekermann.de\/pneumatische-abwasserfoerderung-vs-konventionelle-pumpentechnik\/\">pneumatikus szennyv\u00edzsz\u00e1ll\u00edt\u00f3 rendszereihez<\/a>, r\u00e9szben ak\u00e1r kompresszorokat is. K\u00e9rj\u00fck, sz\u00fcks\u00e9g eset\u00e9n k\u00fcldje el megkeres\u00e9s\u00e9t.<\/p>\n<p>Ez lehet pl. sz\u00edv\u00f3oldali l\u00e9gsz\u0171r\u0151, olajsz\u0171r\u0151 \u00e9s finomlev\u00e1laszt\u00f3 kompresszorokhoz, kompresszor-ken\u0151anyag, mindenf\u00e9le t\u00f6m\u00edt\u00e9s \u00e9s csavarzat, m\u00e1gnes- \u00e9s pneumatikus szelep, k\u00e9zi \u00e9s s\u0171r\u00edtettleveg\u0151s tol\u00f3z\u00e1r, szilikonspray, visszacsap\u00f3 \u00e9s biztons\u00e1gi szelep, nyom\u00e1skapcsol\u00f3, nyom\u00e1st\u00e1rol\u00f3, elektronikus alkatr\u00e9sz, eg\u00e9szen a komplett <a href=\"https:\/\/www.oekermann.de\/vorteile\/elektronische-steuerung\/\">elektronikai r\u00e9szegys\u00e9gig<\/a>.<\/p>\n<p>Tov\u00e1bb\u00e1 az OEKERMANN-n\u00e1l kaphat\u00f3k olyan tartoz\u00e9kok, mint a fali l\u00e9gf\u0171t\u0151, p\u00e1ramentes\u00edt\u0151, riaszt\u00e1sjelz\u0151 l\u00e1mpa, k\u00e9zi f\u00e9nysz\u00f3r\u00f3, valamint ventil\u00e1torok, termoszt\u00e1tok, hangszigetel\u0151 anyagok \u00e9s sok m\u00e1s.<\/p>\n<p>K\u00e9rj\u00fck, sz\u00fcks\u00e9g eset\u00e9n ig\u00e9nyelje a kieg\u00e9sz\u00edt\u0151ket tartalmaz\u00f3 prospektust \u00e9s \/ vagy az \u00e1rakat.<\/p>\n<p>A megrendelt \u00e1ru a legt\u00f6bb esetben m\u00e9g aznap vagy a k\u00f6vetkez\u0151 nap elhagyja a c\u00e9g\u00fcnket. K\u00e9r\u00e9sre expressz k\u00fcldem\u00e9ny lehets\u00e9ges, adott esetben a pontos k\u00e9zbes\u00edt\u00e9si id\u0151 megad\u00e1s\u00e1val.<\/p>\n<p>Term\u00e9szetesen <a href=\"https:\/\/www.oekermann.de\/wartung\/\">az OEKERMANN szerviztechnikusai<\/a> sz\u00fcks\u00e9g eset\u00e9n pl. szerel\u00e9si gy\u0171jt\u0151j\u00e1rat keret\u00e9ben beszerelik az alkatr\u00e9szeket. K\u00e9rj\u00fck, adott esetben \u00e9rdekl\u0151dj\u00f6n telefonon a <a href=\"tel:00495213293830\">+49 (0)521 329 383 &#8211; 0<\/a> telefonsz\u00e1mon, vagy k\u00fcldj\u00f6n e-mailt az <a href=\"mailto:info@oekermann.de\">info@oekermann.de<\/a> c\u00edmre.<\/p>\n<div style=\"margin: 0 0 25px -10px;\">\n<style type=\"text\/css\">\n#foogallery-gallery-3058 .fg-image { width: 1020px; }\n#foogallery-gallery-3058 { --fg-gutter: 10px; }<\/style>\n\t\t\t<div class=\"foogallery foogallery-container foogallery-default foogallery-lightbox-foobox fg-center fg-default fg-ready fg-light fg-border-thin fg-shadow-outline fg-loading-default fg-loaded-fade-in fg-caption-hover fg-hover-fade fg-hover-zoom\" id=\"foogallery-gallery-3058\" data-foogallery=\"{&quot;item&quot;:{&quot;showCaptionTitle&quot;:true,&quot;showCaptionDescription&quot;:true},&quot;lazy&quot;:true}\" style=\"--fg-title-line-clamp: 0; --fg-description-line-clamp: 0;\" >\n\t<div class=\"fg-item fg-type-image fg-idle\"><figure class=\"fg-item-inner\"><a href=\"https:\/\/www.oekermann.de\/wp-content\/uploads\/2019\/07\/OEKERMANN-Pneumatische-Abwasserfoerderung-Firmengebaeude-in-Bielefeld.jpg\" data-attachment-id=\"3057\" data-type=\"image\" class=\"fg-thumb\"><span class=\"fg-image-wrap\"><img fetchpriority=\"high\" decoding=\"async\" alt=\"Unser Firmengeb\u00e4ude in Bielefeld - OEKERMANN Abwassertechnik\" width=\"1020\" height=\"596\" class=\"skip-lazy fg-image\" data-src-fg=\"https:\/\/www.oekermann.de\/wp-content\/uploads\/cache\/2019\/07\/OEKERMANN-Pneumatische-Abwasserfoerderung-Firmengebaeude-in-Bielefeld\/823726023.jpg\" src=\"data:image\/svg+xml,%3Csvg%20xmlns%3D%22http%3A%2F%2Fwww.w3.org%2F2000%2Fsvg%22%20width%3D%221020%22%20height%3D%22596%22%20viewBox%3D%220%200%201020%20596%22%3E%3C%2Fsvg%3E\" loading=\"eager\"><\/span><span class=\"fg-image-overlay\"><\/span><\/a><\/figure><div class=\"fg-loader\"><\/div><\/div><\/div>\n\n<\/div>\n","protected":false},"excerpt":{"rendered":"<p>Tudta-e m\u00e1r, hogy az OEKERMANN kiterjedt rakt\u00e1rk\u00e9szletet tart p\u00f3talkatr\u00e9szekb\u0151l? Az OEKERMANN-n\u00e1l valamennyi p\u00f3t- \u00e9s kop\u00f3alkatr\u00e9szt norm\u00e1l esetben rakt\u00e1rr\u00f3l kaphat meg pneumatikus szennyv\u00edzsz\u00e1ll\u00edt\u00f3 rendszereihez, r\u00e9szben ak\u00e1r kompresszorokat is. K\u00e9rj\u00fck, sz\u00fcks\u00e9g eset\u00e9n k\u00fcldje el megkeres\u00e9s\u00e9t. Ez lehet pl. sz\u00edv\u00f3oldali l\u00e9gsz\u0171r\u0151, olajsz\u0171r\u0151 \u00e9s finomlev\u00e1laszt\u00f3 kompresszorokhoz, kompresszor-ken\u0151anyag, mindenf\u00e9le t\u00f6m\u00edt\u00e9s \u00e9s csavarzat, m\u00e1gnes- \u00e9s pneumatikus szelep, k\u00e9zi \u00e9s s\u0171r\u00edtettleveg\u0151s tol\u00f3z\u00e1r,<\/p>\n<p class=\"link-more\"><a href=\"https:\/\/www.oekermann.de\/hu\/karbantartas\/potalkatreszek\/\" class=\"envor-btn\">Weiterlesen<span class=\"screen-reader-text\"> &#8220;P\u00f3talkatr\u00e9szek&#8221;<\/span><\/a><\/p>\n","protected":false},"author":1,"featured_media":0,"parent":5089,"menu_order":0,"comment_status":"closed","ping_status":"closed","template":"","meta":{"footnotes":""},"class_list":["post-5090","page","type-page","status-publish","hentry"],"yoast_head":"<!-- This site is optimized with the Yoast SEO plugin v27.4 - https:\/\/yoast.com\/product\/yoast-seo-wordpress\/ -->\n<title>P\u00f3talkatr\u00e9szek - Pneumatische F\u00f6rdertechnik - OEKERMANN Abwassertechnik<\/title>\n<meta name=\"robots\" content=\"index, follow, max-snippet:-1, max-image-preview:large, max-video-preview:-1\" \/>\n<link rel=\"canonical\" href=\"https:\/\/www.oekermann.de\/hu\/karbantartas\/potalkatreszek\/\" \/>\n<meta property=\"og:locale\" content=\"hu_HU\" \/>\n<meta property=\"og:type\" content=\"article\" \/>\n<meta property=\"og:title\" content=\"P\u00f3talkatr\u00e9szek - Pneumatische F\u00f6rdertechnik - OEKERMANN Abwassertechnik\" \/>\n<meta property=\"og:description\" content=\"Tudta-e m\u00e1r, hogy az OEKERMANN kiterjedt rakt\u00e1rk\u00e9szletet tart p\u00f3talkatr\u00e9szekb\u0151l? Az OEKERMANN-n\u00e1l valamennyi p\u00f3t- \u00e9s kop\u00f3alkatr\u00e9szt norm\u00e1l esetben rakt\u00e1rr\u00f3l kaphat meg pneumatikus szennyv\u00edzsz\u00e1ll\u00edt\u00f3 rendszereihez, r\u00e9szben ak\u00e1r kompresszorokat is. K\u00e9rj\u00fck, sz\u00fcks\u00e9g eset\u00e9n k\u00fcldje el megkeres\u00e9s\u00e9t. Ez lehet pl. sz\u00edv\u00f3oldali l\u00e9gsz\u0171r\u0151, olajsz\u0171r\u0151 \u00e9s finomlev\u00e1laszt\u00f3 kompresszorokhoz, kompresszor-ken\u0151anyag, mindenf\u00e9le t\u00f6m\u00edt\u00e9s \u00e9s csavarzat, m\u00e1gnes- \u00e9s pneumatikus szelep, k\u00e9zi \u00e9s s\u0171r\u00edtettleveg\u0151s tol\u00f3z\u00e1r,Weiterlesen &quot;P\u00f3talkatr\u00e9szek&quot;\" \/>\n<meta property=\"og:url\" content=\"https:\/\/www.oekermann.de\/hu\/karbantartas\/potalkatreszek\/\" \/>\n<meta property=\"og:site_name\" content=\"Pneumatische F\u00f6rdertechnik - OEKERMANN Abwassertechnik\" \/>\n<meta property=\"article:publisher\" content=\"https:\/\/www.facebook.com\/pages\/Oekermann-Abwassertechnik\/1007781205906685\" \/>\n<meta property=\"article:modified_time\" content=\"2025-06-23T12:10:43+00:00\" \/>\n<meta name=\"twitter:card\" content=\"summary_large_image\" \/>\n<meta name=\"twitter:site\" content=\"@Oekermann\" \/>\n<meta name=\"twitter:label1\" content=\"Est. reading time\" \/>\n\t<meta name=\"twitter:data1\" content=\"1 minute\" \/>\n<script type=\"application\/ld+json\" class=\"yoast-schema-graph\">{\"@context\":\"https:\\\/\\\/schema.org\",\"@graph\":[{\"@type\":\"WebPage\",\"@id\":\"https:\\\/\\\/www.oekermann.de\\\/hu\\\/karbantartas\\\/potalkatreszek\\\/\",\"url\":\"https:\\\/\\\/www.oekermann.de\\\/hu\\\/karbantartas\\\/potalkatreszek\\\/\",\"name\":\"P\u00f3talkatr\u00e9szek - Pneumatische F\u00f6rdertechnik - OEKERMANN Abwassertechnik\",\"isPartOf\":{\"@id\":\"https:\\\/\\\/www.oekermann.de\\\/#website\"},\"datePublished\":\"2022-06-23T22:51:22+00:00\",\"dateModified\":\"2025-06-23T12:10:43+00:00\",\"breadcrumb\":{\"@id\":\"https:\\\/\\\/www.oekermann.de\\\/hu\\\/karbantartas\\\/potalkatreszek\\\/#breadcrumb\"},\"inLanguage\":\"hu-HU\",\"potentialAction\":[{\"@type\":\"ReadAction\",\"target\":[\"https:\\\/\\\/www.oekermann.de\\\/hu\\\/karbantartas\\\/potalkatreszek\\\/\"]}]},{\"@type\":\"BreadcrumbList\",\"@id\":\"https:\\\/\\\/www.oekermann.de\\\/hu\\\/karbantartas\\\/potalkatreszek\\\/#breadcrumb\",\"itemListElement\":[{\"@type\":\"ListItem\",\"position\":1,\"name\":\"Startseite\",\"item\":\"https:\\\/\\\/www.oekermann.de\\\/hu\\\/\"},{\"@type\":\"ListItem\",\"position\":2,\"name\":\"Karbantart\u00e1s\",\"item\":\"https:\\\/\\\/www.oekermann.de\\\/hu\\\/karbantartas\\\/\"},{\"@type\":\"ListItem\",\"position\":3,\"name\":\"P\u00f3talkatr\u00e9szek\"}]},{\"@type\":\"WebSite\",\"@id\":\"https:\\\/\\\/www.oekermann.de\\\/#website\",\"url\":\"https:\\\/\\\/www.oekermann.de\\\/\",\"name\":\"Pneumatische F\u00f6rdertechnik - OEKERMANN Abwassertechnik\",\"description\":\"\",\"potentialAction\":[{\"@type\":\"SearchAction\",\"target\":{\"@type\":\"EntryPoint\",\"urlTemplate\":\"https:\\\/\\\/www.oekermann.de\\\/?s={search_term_string}\"},\"query-input\":{\"@type\":\"PropertyValueSpecification\",\"valueRequired\":true,\"valueName\":\"search_term_string\"}}],\"inLanguage\":\"hu-HU\"}]}<\/script>\n<!-- \/ Yoast SEO plugin. -->","yoast_head_json":{"title":"P\u00f3talkatr\u00e9szek - Pneumatische F\u00f6rdertechnik - OEKERMANN Abwassertechnik","robots":{"index":"index","follow":"follow","max-snippet":"max-snippet:-1","max-image-preview":"max-image-preview:large","max-video-preview":"max-video-preview:-1"},"canonical":"https:\/\/www.oekermann.de\/hu\/karbantartas\/potalkatreszek\/","og_locale":"hu_HU","og_type":"article","og_title":"P\u00f3talkatr\u00e9szek - Pneumatische F\u00f6rdertechnik - OEKERMANN Abwassertechnik","og_description":"Tudta-e m\u00e1r, hogy az OEKERMANN kiterjedt rakt\u00e1rk\u00e9szletet tart p\u00f3talkatr\u00e9szekb\u0151l? Az OEKERMANN-n\u00e1l valamennyi p\u00f3t- \u00e9s kop\u00f3alkatr\u00e9szt norm\u00e1l esetben rakt\u00e1rr\u00f3l kaphat meg pneumatikus szennyv\u00edzsz\u00e1ll\u00edt\u00f3 rendszereihez, r\u00e9szben ak\u00e1r kompresszorokat is. K\u00e9rj\u00fck, sz\u00fcks\u00e9g eset\u00e9n k\u00fcldje el megkeres\u00e9s\u00e9t. Ez lehet pl. sz\u00edv\u00f3oldali l\u00e9gsz\u0171r\u0151, olajsz\u0171r\u0151 \u00e9s finomlev\u00e1laszt\u00f3 kompresszorokhoz, kompresszor-ken\u0151anyag, mindenf\u00e9le t\u00f6m\u00edt\u00e9s \u00e9s csavarzat, m\u00e1gnes- \u00e9s pneumatikus szelep, k\u00e9zi \u00e9s s\u0171r\u00edtettleveg\u0151s tol\u00f3z\u00e1r,Weiterlesen \"P\u00f3talkatr\u00e9szek\"","og_url":"https:\/\/www.oekermann.de\/hu\/karbantartas\/potalkatreszek\/","og_site_name":"Pneumatische F\u00f6rdertechnik - OEKERMANN Abwassertechnik","article_publisher":"https:\/\/www.facebook.com\/pages\/Oekermann-Abwassertechnik\/1007781205906685","article_modified_time":"2025-06-23T12:10:43+00:00","twitter_card":"summary_large_image","twitter_site":"@Oekermann","twitter_misc":{"Est. reading time":"1 minute"},"schema":{"@context":"https:\/\/schema.org","@graph":[{"@type":"WebPage","@id":"https:\/\/www.oekermann.de\/hu\/karbantartas\/potalkatreszek\/","url":"https:\/\/www.oekermann.de\/hu\/karbantartas\/potalkatreszek\/","name":"P\u00f3talkatr\u00e9szek - Pneumatische F\u00f6rdertechnik - OEKERMANN Abwassertechnik","isPartOf":{"@id":"https:\/\/www.oekermann.de\/#website"},"datePublished":"2022-06-23T22:51:22+00:00","dateModified":"2025-06-23T12:10:43+00:00","breadcrumb":{"@id":"https:\/\/www.oekermann.de\/hu\/karbantartas\/potalkatreszek\/#breadcrumb"},"inLanguage":"hu-HU","potentialAction":[{"@type":"ReadAction","target":["https:\/\/www.oekermann.de\/hu\/karbantartas\/potalkatreszek\/"]}]},{"@type":"BreadcrumbList","@id":"https:\/\/www.oekermann.de\/hu\/karbantartas\/potalkatreszek\/#breadcrumb","itemListElement":[{"@type":"ListItem","position":1,"name":"Startseite","item":"https:\/\/www.oekermann.de\/hu\/"},{"@type":"ListItem","position":2,"name":"Karbantart\u00e1s","item":"https:\/\/www.oekermann.de\/hu\/karbantartas\/"},{"@type":"ListItem","position":3,"name":"P\u00f3talkatr\u00e9szek"}]},{"@type":"WebSite","@id":"https:\/\/www.oekermann.de\/#website","url":"https:\/\/www.oekermann.de\/","name":"Pneumatische F\u00f6rdertechnik - OEKERMANN Abwassertechnik","description":"","potentialAction":[{"@type":"SearchAction","target":{"@type":"EntryPoint","urlTemplate":"https:\/\/www.oekermann.de\/?s={search_term_string}"},"query-input":{"@type":"PropertyValueSpecification","valueRequired":true,"valueName":"search_term_string"}}],"inLanguage":"hu-HU"}]}},"_links":{"self":[{"href":"https:\/\/www.oekermann.de\/hu\/wp-json\/wp\/v2\/pages\/5090","targetHints":{"allow":["GET"]}}],"collection":[{"href":"https:\/\/www.oekermann.de\/hu\/wp-json\/wp\/v2\/pages"}],"about":[{"href":"https:\/\/www.oekermann.de\/hu\/wp-json\/wp\/v2\/types\/page"}],"author":[{"embeddable":true,"href":"https:\/\/www.oekermann.de\/hu\/wp-json\/wp\/v2\/users\/1"}],"replies":[{"embeddable":true,"href":"https:\/\/www.oekermann.de\/hu\/wp-json\/wp\/v2\/comments?post=5090"}],"version-history":[{"count":2,"href":"https:\/\/www.oekermann.de\/hu\/wp-json\/wp\/v2\/pages\/5090\/revisions"}],"predecessor-version":[{"id":5241,"href":"https:\/\/www.oekermann.de\/hu\/wp-json\/wp\/v2\/pages\/5090\/revisions\/5241"}],"up":[{"embeddable":true,"href":"https:\/\/www.oekermann.de\/hu\/wp-json\/wp\/v2\/pages\/5089"}],"wp:attachment":[{"href":"https:\/\/www.oekermann.de\/hu\/wp-json\/wp\/v2\/media?parent=5090"}],"curies":[{"name":"wp","href":"https:\/\/api.w.org\/{rel}","templated":true}]}}