{"id":5091,"date":"2022-06-24T01:02:49","date_gmt":"2022-06-23T23:02:49","guid":{"rendered":"https:\/\/www.oekermann.de\/?page_id=5091"},"modified":"2025-06-11T14:53:05","modified_gmt":"2025-06-11T12:53:05","slug":"az-oekermann-abwassertechnik-bajororszagban","status":"publish","type":"page","link":"https:\/\/www.oekermann.de\/hu\/karbantartas\/az-oekermann-abwassertechnik-bajororszagban\/","title":{"rendered":"Az OEKERMANN Abwassertechnik Bajororsz\u00e1gban"},"content":{"rendered":"<p>Bajororsz\u00e1gban k\u00fcl\u00f6n\u00f6sen sok pneumatikus szennyv\u00edzsz\u00e1ll\u00edt\u00f3 rendszer van; az OEKERMANN a <a href=\"https:\/\/www.oekermann.de\/wartung\/service-bei-der-pneumatischen-abwasser-foerderung\/\">szerviz-, ill. szerel\u0151kocsival<\/a> szinte minden h\u00e9ten \u00faton van Bajororsz\u00e1gban \u00faj rendszerek l\u00e9tes\u00edt\u00e9se vagy <a href=\"https:\/\/www.oekermann.de\/wartung\/\">karbantart\u00e1si szolg\u00e1ltat\u00e1sok<\/a> ny\u00fajt\u00e1sa c\u00e9lj\u00e1b\u00f3l.<\/p>\n<p>Annak, hogy ebben a sz\u00f6vets\u00e9gi \u00e1llamban ilyen sok pneumatikus rendszer van, sz\u00e1mos oka van. Egyr\u00e9szt a nagyfok\u00fa vid\u00e9ki struktur\u00e1lts\u00e1g j\u00e1tszik szerepet, m\u00e1sr\u00e9szt pedig a k\u00f6rnyezet- \u00e9s lak\u00f3bar\u00e1t szennyv\u00edz-elvezet\u0151 rendszerek ir\u00e1nti jelent\u0151s tudatoss\u00e1g; ebben az \u00f6sszef\u00fcgg\u00e9sben mindenekel\u0151tt a <a href=\"https:\/\/www.oekermann.de\/vorteile\/foerderung-geringer-wassermengen\/\">szagterhel\u00e9sek elker\u00fcl\u00e9s\u00e9t<\/a> \u00e9s a kiv\u00e1l\u00f3 min\u0151s\u00e9g\u0171 sz\u00e1ll\u00edt\u00f3rendszereink hossz\u00fa \u00e9lettartam\u00e1t kell megeml\u00edteni. Bajororsz\u00e1g arr\u00f3l is ismert, hogy \u00e9len j\u00e1r a trad\u00edci\u00f3 \u00e9s a m\u0171szaki halad\u00e1s okos kombin\u00e1l\u00e1s\u00e1ban. A legr\u00e9gebbi pneumatikus szivatty\u00fatelepek k\u00f6z\u00fcl n\u00e9h\u00e1ny Bajororsz\u00e1gban tal\u00e1lhat\u00f3.<\/p>\n<p>Ez\u00e9rt a kelet-vesztf\u00e1liai Bielefeldt\u0151l val\u00f3 t\u00e1vols\u00e1g ellen\u00e9re \u00d6n Bajororsz\u00e1gban is profit\u00e1l ennek a speci\u00e1lis technik\u00e1nak az el\u0151nyeib\u0151l, amennyiben pl. gy\u0171jt\u0151j\u00e1rat keret\u00e9ben karbantart\u00e1si szerz\u0151d\u00e9st szeretne k\u00f6tni, vagy rendszere nem tervezett fel\u00fclvizsg\u00e1lat\u00e1t szeretn\u00e9 elv\u00e9geztetni.<\/p>\n<p><img decoding=\"async\" class=\"img-1\" src=\"\/wp-content\/uploads\/2017\/04\/Bayern_Oekermann_2-1-300x225.jpg\" alt=\"\" \/><img decoding=\"async\" class=\"img-1\" src=\"\/wp-content\/uploads\/2017\/04\/Bayern_Oekermann_1-300x225.jpg\" alt=\"\" \/><\/p>\n","protected":false},"excerpt":{"rendered":"<p>Bajororsz\u00e1gban k\u00fcl\u00f6n\u00f6sen sok pneumatikus szennyv\u00edzsz\u00e1ll\u00edt\u00f3 rendszer van; az OEKERMANN a szerviz-, ill. szerel\u0151kocsival szinte minden h\u00e9ten \u00faton van Bajororsz\u00e1gban \u00faj rendszerek l\u00e9tes\u00edt\u00e9se vagy karbantart\u00e1si szolg\u00e1ltat\u00e1sok ny\u00fajt\u00e1sa c\u00e9lj\u00e1b\u00f3l. Annak, hogy ebben a sz\u00f6vets\u00e9gi \u00e1llamban ilyen sok pneumatikus rendszer van, sz\u00e1mos oka van. Egyr\u00e9szt a nagyfok\u00fa vid\u00e9ki struktur\u00e1lts\u00e1g j\u00e1tszik szerepet, m\u00e1sr\u00e9szt pedig a k\u00f6rnyezet- \u00e9s lak\u00f3bar\u00e1t szennyv\u00edz-elvezet\u0151<\/p>\n<p class=\"link-more\"><a href=\"https:\/\/www.oekermann.de\/hu\/karbantartas\/az-oekermann-abwassertechnik-bajororszagban\/\" class=\"envor-btn\">Weiterlesen<span class=\"screen-reader-text\"> &#8220;Az OEKERMANN Abwassertechnik Bajororsz\u00e1gban&#8221;<\/span><\/a><\/p>\n","protected":false},"author":1,"featured_media":0,"parent":5089,"menu_order":0,"comment_status":"closed","ping_status":"closed","template":"","meta":{"footnotes":""},"class_list":["post-5091","page","type-page","status-publish","hentry"],"yoast_head":"<!-- This site is optimized with the Yoast SEO plugin v27.4 - https:\/\/yoast.com\/product\/yoast-seo-wordpress\/ -->\n<title>Az OEKERMANN Abwassertechnik Bajororsz\u00e1gban - Pneumatische F\u00f6rdertechnik - OEKERMANN Abwassertechnik<\/title>\n<meta name=\"robots\" content=\"index, follow, max-snippet:-1, max-image-preview:large, max-video-preview:-1\" \/>\n<link rel=\"canonical\" href=\"https:\/\/www.oekermann.de\/hu\/karbantartas\/az-oekermann-abwassertechnik-bajororszagban\/\" \/>\n<meta property=\"og:locale\" content=\"hu_HU\" \/>\n<meta property=\"og:type\" content=\"article\" \/>\n<meta property=\"og:title\" content=\"Az OEKERMANN Abwassertechnik Bajororsz\u00e1gban - Pneumatische F\u00f6rdertechnik - OEKERMANN Abwassertechnik\" \/>\n<meta property=\"og:description\" content=\"Bajororsz\u00e1gban k\u00fcl\u00f6n\u00f6sen sok pneumatikus szennyv\u00edzsz\u00e1ll\u00edt\u00f3 rendszer van; az OEKERMANN a szerviz-, ill. szerel\u0151kocsival szinte minden h\u00e9ten \u00faton van Bajororsz\u00e1gban \u00faj rendszerek l\u00e9tes\u00edt\u00e9se vagy karbantart\u00e1si szolg\u00e1ltat\u00e1sok ny\u00fajt\u00e1sa c\u00e9lj\u00e1b\u00f3l. Annak, hogy ebben a sz\u00f6vets\u00e9gi \u00e1llamban ilyen sok pneumatikus rendszer van, sz\u00e1mos oka van. Egyr\u00e9szt a nagyfok\u00fa vid\u00e9ki struktur\u00e1lts\u00e1g j\u00e1tszik szerepet, m\u00e1sr\u00e9szt pedig a k\u00f6rnyezet- \u00e9s lak\u00f3bar\u00e1t szennyv\u00edz-elvezet\u0151Weiterlesen &quot;Az OEKERMANN Abwassertechnik Bajororsz\u00e1gban&quot;\" \/>\n<meta property=\"og:url\" content=\"https:\/\/www.oekermann.de\/hu\/karbantartas\/az-oekermann-abwassertechnik-bajororszagban\/\" \/>\n<meta property=\"og:site_name\" content=\"Pneumatische F\u00f6rdertechnik - OEKERMANN Abwassertechnik\" \/>\n<meta property=\"article:publisher\" content=\"https:\/\/www.facebook.com\/pages\/Oekermann-Abwassertechnik\/1007781205906685\" \/>\n<meta property=\"article:modified_time\" content=\"2025-06-11T12:53:05+00:00\" \/>\n<meta name=\"twitter:card\" content=\"summary_large_image\" \/>\n<meta name=\"twitter:site\" content=\"@Oekermann\" \/>\n<meta name=\"twitter:label1\" content=\"Est. reading time\" \/>\n\t<meta name=\"twitter:data1\" content=\"1 minute\" \/>\n<script type=\"application\/ld+json\" class=\"yoast-schema-graph\">{\"@context\":\"https:\\\/\\\/schema.org\",\"@graph\":[{\"@type\":\"WebPage\",\"@id\":\"https:\\\/\\\/www.oekermann.de\\\/hu\\\/karbantartas\\\/az-oekermann-abwassertechnik-bajororszagban\\\/\",\"url\":\"https:\\\/\\\/www.oekermann.de\\\/hu\\\/karbantartas\\\/az-oekermann-abwassertechnik-bajororszagban\\\/\",\"name\":\"Az OEKERMANN Abwassertechnik Bajororsz\u00e1gban - Pneumatische F\u00f6rdertechnik - OEKERMANN Abwassertechnik\",\"isPartOf\":{\"@id\":\"https:\\\/\\\/www.oekermann.de\\\/#website\"},\"datePublished\":\"2022-06-23T23:02:49+00:00\",\"dateModified\":\"2025-06-11T12:53:05+00:00\",\"breadcrumb\":{\"@id\":\"https:\\\/\\\/www.oekermann.de\\\/hu\\\/karbantartas\\\/az-oekermann-abwassertechnik-bajororszagban\\\/#breadcrumb\"},\"inLanguage\":\"hu-HU\",\"potentialAction\":[{\"@type\":\"ReadAction\",\"target\":[\"https:\\\/\\\/www.oekermann.de\\\/hu\\\/karbantartas\\\/az-oekermann-abwassertechnik-bajororszagban\\\/\"]}]},{\"@type\":\"BreadcrumbList\",\"@id\":\"https:\\\/\\\/www.oekermann.de\\\/hu\\\/karbantartas\\\/az-oekermann-abwassertechnik-bajororszagban\\\/#breadcrumb\",\"itemListElement\":[{\"@type\":\"ListItem\",\"position\":1,\"name\":\"Startseite\",\"item\":\"https:\\\/\\\/www.oekermann.de\\\/hu\\\/\"},{\"@type\":\"ListItem\",\"position\":2,\"name\":\"Karbantart\u00e1s\",\"item\":\"https:\\\/\\\/www.oekermann.de\\\/hu\\\/karbantartas\\\/\"},{\"@type\":\"ListItem\",\"position\":3,\"name\":\"Az OEKERMANN Abwassertechnik Bajororsz\u00e1gban\"}]},{\"@type\":\"WebSite\",\"@id\":\"https:\\\/\\\/www.oekermann.de\\\/#website\",\"url\":\"https:\\\/\\\/www.oekermann.de\\\/\",\"name\":\"Pneumatische F\u00f6rdertechnik - OEKERMANN Abwassertechnik\",\"description\":\"\",\"potentialAction\":[{\"@type\":\"SearchAction\",\"target\":{\"@type\":\"EntryPoint\",\"urlTemplate\":\"https:\\\/\\\/www.oekermann.de\\\/?s={search_term_string}\"},\"query-input\":{\"@type\":\"PropertyValueSpecification\",\"valueRequired\":true,\"valueName\":\"search_term_string\"}}],\"inLanguage\":\"hu-HU\"}]}<\/script>\n<!-- \/ Yoast SEO plugin. -->","yoast_head_json":{"title":"Az OEKERMANN Abwassertechnik Bajororsz\u00e1gban - Pneumatische F\u00f6rdertechnik - OEKERMANN Abwassertechnik","robots":{"index":"index","follow":"follow","max-snippet":"max-snippet:-1","max-image-preview":"max-image-preview:large","max-video-preview":"max-video-preview:-1"},"canonical":"https:\/\/www.oekermann.de\/hu\/karbantartas\/az-oekermann-abwassertechnik-bajororszagban\/","og_locale":"hu_HU","og_type":"article","og_title":"Az OEKERMANN Abwassertechnik Bajororsz\u00e1gban - Pneumatische F\u00f6rdertechnik - OEKERMANN Abwassertechnik","og_description":"Bajororsz\u00e1gban k\u00fcl\u00f6n\u00f6sen sok pneumatikus szennyv\u00edzsz\u00e1ll\u00edt\u00f3 rendszer van; az OEKERMANN a szerviz-, ill. szerel\u0151kocsival szinte minden h\u00e9ten \u00faton van Bajororsz\u00e1gban \u00faj rendszerek l\u00e9tes\u00edt\u00e9se vagy karbantart\u00e1si szolg\u00e1ltat\u00e1sok ny\u00fajt\u00e1sa c\u00e9lj\u00e1b\u00f3l. Annak, hogy ebben a sz\u00f6vets\u00e9gi \u00e1llamban ilyen sok pneumatikus rendszer van, sz\u00e1mos oka van. Egyr\u00e9szt a nagyfok\u00fa vid\u00e9ki struktur\u00e1lts\u00e1g j\u00e1tszik szerepet, m\u00e1sr\u00e9szt pedig a k\u00f6rnyezet- \u00e9s lak\u00f3bar\u00e1t szennyv\u00edz-elvezet\u0151Weiterlesen \"Az OEKERMANN Abwassertechnik Bajororsz\u00e1gban\"","og_url":"https:\/\/www.oekermann.de\/hu\/karbantartas\/az-oekermann-abwassertechnik-bajororszagban\/","og_site_name":"Pneumatische F\u00f6rdertechnik - OEKERMANN Abwassertechnik","article_publisher":"https:\/\/www.facebook.com\/pages\/Oekermann-Abwassertechnik\/1007781205906685","article_modified_time":"2025-06-11T12:53:05+00:00","twitter_card":"summary_large_image","twitter_site":"@Oekermann","twitter_misc":{"Est. reading time":"1 minute"},"schema":{"@context":"https:\/\/schema.org","@graph":[{"@type":"WebPage","@id":"https:\/\/www.oekermann.de\/hu\/karbantartas\/az-oekermann-abwassertechnik-bajororszagban\/","url":"https:\/\/www.oekermann.de\/hu\/karbantartas\/az-oekermann-abwassertechnik-bajororszagban\/","name":"Az OEKERMANN Abwassertechnik Bajororsz\u00e1gban - Pneumatische F\u00f6rdertechnik - OEKERMANN Abwassertechnik","isPartOf":{"@id":"https:\/\/www.oekermann.de\/#website"},"datePublished":"2022-06-23T23:02:49+00:00","dateModified":"2025-06-11T12:53:05+00:00","breadcrumb":{"@id":"https:\/\/www.oekermann.de\/hu\/karbantartas\/az-oekermann-abwassertechnik-bajororszagban\/#breadcrumb"},"inLanguage":"hu-HU","potentialAction":[{"@type":"ReadAction","target":["https:\/\/www.oekermann.de\/hu\/karbantartas\/az-oekermann-abwassertechnik-bajororszagban\/"]}]},{"@type":"BreadcrumbList","@id":"https:\/\/www.oekermann.de\/hu\/karbantartas\/az-oekermann-abwassertechnik-bajororszagban\/#breadcrumb","itemListElement":[{"@type":"ListItem","position":1,"name":"Startseite","item":"https:\/\/www.oekermann.de\/hu\/"},{"@type":"ListItem","position":2,"name":"Karbantart\u00e1s","item":"https:\/\/www.oekermann.de\/hu\/karbantartas\/"},{"@type":"ListItem","position":3,"name":"Az OEKERMANN Abwassertechnik Bajororsz\u00e1gban"}]},{"@type":"WebSite","@id":"https:\/\/www.oekermann.de\/#website","url":"https:\/\/www.oekermann.de\/","name":"Pneumatische F\u00f6rdertechnik - OEKERMANN Abwassertechnik","description":"","potentialAction":[{"@type":"SearchAction","target":{"@type":"EntryPoint","urlTemplate":"https:\/\/www.oekermann.de\/?s={search_term_string}"},"query-input":{"@type":"PropertyValueSpecification","valueRequired":true,"valueName":"search_term_string"}}],"inLanguage":"hu-HU"}]}},"_links":{"self":[{"href":"https:\/\/www.oekermann.de\/hu\/wp-json\/wp\/v2\/pages\/5091","targetHints":{"allow":["GET"]}}],"collection":[{"href":"https:\/\/www.oekermann.de\/hu\/wp-json\/wp\/v2\/pages"}],"about":[{"href":"https:\/\/www.oekermann.de\/hu\/wp-json\/wp\/v2\/types\/page"}],"author":[{"embeddable":true,"href":"https:\/\/www.oekermann.de\/hu\/wp-json\/wp\/v2\/users\/1"}],"replies":[{"embeddable":true,"href":"https:\/\/www.oekermann.de\/hu\/wp-json\/wp\/v2\/comments?post=5091"}],"version-history":[{"count":1,"href":"https:\/\/www.oekermann.de\/hu\/wp-json\/wp\/v2\/pages\/5091\/revisions"}],"predecessor-version":[{"id":5145,"href":"https:\/\/www.oekermann.de\/hu\/wp-json\/wp\/v2\/pages\/5091\/revisions\/5145"}],"up":[{"embeddable":true,"href":"https:\/\/www.oekermann.de\/hu\/wp-json\/wp\/v2\/pages\/5089"}],"wp:attachment":[{"href":"https:\/\/www.oekermann.de\/hu\/wp-json\/wp\/v2\/media?parent=5091"}],"curies":[{"name":"wp","href":"https:\/\/api.w.org\/{rel}","templated":true}]}}