{"id":5092,"date":"2022-06-24T00:58:12","date_gmt":"2022-06-23T22:58:12","guid":{"rendered":"https:\/\/www.oekermann.de\/?page_id=5092"},"modified":"2025-06-11T14:53:05","modified_gmt":"2025-06-11T12:53:05","slug":"pneumatikus-szennyvizszallito-rendszerek-ausztriaban","status":"publish","type":"page","link":"https:\/\/www.oekermann.de\/hu\/karbantartas\/pneumatikus-szennyvizszallito-rendszerek-ausztriaban\/","title":{"rendered":"Pneumatikus szennyv\u00edzsz\u00e1ll\u00edt\u00f3 rendszerek Ausztri\u00e1ban"},"content":{"rendered":"<p>Id\u0151k\u00f6zben Ausztri\u00e1ban sz\u00e1mos, az OEKERMANN \u00e1ltal gy\u00e1rtott <a href=\"https:\/\/www.oekermann.de\/pneumatische-abwasserfoerderung-vs-konventionelle-pumpentechnik\/\">pneumatikus szennyv\u00edzsz\u00e1ll\u00edt\u00f3 rendszer<\/a> tal\u00e1lhat\u00f3. Az osztr\u00e1k tervez\u0151k r\u00e9sz\u00e9r\u0151l jelentkez\u0151 megn\u00f6vekedett sz\u00e1m\u00fa megkeres\u00e9s miatt az <a href=\"https:\/\/www.oekermann.de\/ueber-uns\/meilensteine\/\">OEKERMANN<\/a> id\u0151k\u00f6zben m\u00e1r rendelkezik helyi <a href=\"https:\/\/www.oekermann.de\/kontakt\/vertriebsbereiche\/\">egy\u00fcttm\u0171k\u00f6d\u0151 partnerrel<\/a>, aki pl. a tervez\u00e9si f\u00e1zisban vagy a lesz\u00e1ll\u00edt\u00e1st k\u00f6vet\u0151en p\u00e9ld\u00e1ul a <a href=\"https:\/\/www.oekermann.de\/wartung\/service-bei-der-pneumatischen-abwasser-foerderung\/\">szervizel\u00e9s<\/a> ter\u00fclet\u00e9n t\u00e1mogat\u00e1st tud ny\u00fajtani.<\/p>\n<p>Az alapvet\u0151 szerel\u00e9si \u00e9s karbantart\u00e1si munk\u00e1kat az OEKERMANN Ausztri\u00e1ban is saj\u00e1t szem\u00e9lyzettel v\u00e9gzi. Ez gazdas\u00e1gilag <a href=\"https:\/\/www.oekermann.de\/wartung\/\">szerel\u00e9si gy\u0171jt\u0151j\u00e1ratok<\/a> \u00f6ssze\u00e1ll\u00edt\u00e1s\u00e1val fizet\u0151dik ki az \u00fczemeltet\u0151k sz\u00e1m\u00e1ra. Amennyiben \u00d6nn\u00e9l Ausztri\u00e1ban sz\u00fcks\u00e9ghelyet \u00e1ll el\u0151, k\u00e9rj\u00fck, vegye fel a kapcsolatot <a href=\"https:\/\/www.oekermann.de\/kontakt\/ihre-ansprechpartner\/\">vel\u00fcnk<\/a> a <a href=\"tel:00495213293830\">+49 (0)521 329 383 &#8211; 0<\/a> telefonsz\u00e1m vagy <a href=\"https:\/\/www.oekermann.de\/kontakt\/vertriebsbereiche\/\">k\u00f6zvetlen\u00fcl az \u00e9rt\u00e9kes\u00edt\u00e9si partner\u00fcnkkel<\/a>.<\/p>\n<p><img decoding=\"async\" class=\"img-1\" src=\"\/wp-content\/uploads\/2017\/05\/\u00d6sterreich_Oekermann_2-300x225.jpg\" alt=\"\" \/><\/p>\n","protected":false},"excerpt":{"rendered":"<p>Id\u0151k\u00f6zben Ausztri\u00e1ban sz\u00e1mos, az OEKERMANN \u00e1ltal gy\u00e1rtott pneumatikus szennyv\u00edzsz\u00e1ll\u00edt\u00f3 rendszer tal\u00e1lhat\u00f3. Az osztr\u00e1k tervez\u0151k r\u00e9sz\u00e9r\u0151l jelentkez\u0151 megn\u00f6vekedett sz\u00e1m\u00fa megkeres\u00e9s miatt az OEKERMANN id\u0151k\u00f6zben m\u00e1r rendelkezik helyi egy\u00fcttm\u0171k\u00f6d\u0151 partnerrel, aki pl. a tervez\u00e9si f\u00e1zisban vagy a lesz\u00e1ll\u00edt\u00e1st k\u00f6vet\u0151en p\u00e9ld\u00e1ul a szervizel\u00e9s ter\u00fclet\u00e9n t\u00e1mogat\u00e1st tud ny\u00fajtani. Az alapvet\u0151 szerel\u00e9si \u00e9s karbantart\u00e1si munk\u00e1kat az OEKERMANN Ausztri\u00e1ban is saj\u00e1t<\/p>\n<p class=\"link-more\"><a href=\"https:\/\/www.oekermann.de\/hu\/karbantartas\/pneumatikus-szennyvizszallito-rendszerek-ausztriaban\/\" class=\"envor-btn\">Weiterlesen<span class=\"screen-reader-text\"> &#8220;Pneumatikus szennyv\u00edzsz\u00e1ll\u00edt\u00f3 rendszerek Ausztri\u00e1ban&#8221;<\/span><\/a><\/p>\n","protected":false},"author":1,"featured_media":0,"parent":5089,"menu_order":0,"comment_status":"closed","ping_status":"closed","template":"","meta":{"footnotes":""},"class_list":["post-5092","page","type-page","status-publish","hentry"],"yoast_head":"<!-- This site is optimized with the Yoast SEO plugin v27.4 - https:\/\/yoast.com\/product\/yoast-seo-wordpress\/ -->\n<title>Pneumatikus szennyv\u00edzsz\u00e1ll\u00edt\u00f3 rendszerek Ausztri\u00e1ban - Pneumatische F\u00f6rdertechnik - OEKERMANN Abwassertechnik<\/title>\n<meta name=\"robots\" content=\"index, follow, max-snippet:-1, max-image-preview:large, max-video-preview:-1\" \/>\n<link rel=\"canonical\" href=\"https:\/\/www.oekermann.de\/hu\/karbantartas\/pneumatikus-szennyvizszallito-rendszerek-ausztriaban\/\" \/>\n<meta property=\"og:locale\" content=\"hu_HU\" \/>\n<meta property=\"og:type\" content=\"article\" \/>\n<meta property=\"og:title\" content=\"Pneumatikus szennyv\u00edzsz\u00e1ll\u00edt\u00f3 rendszerek Ausztri\u00e1ban - Pneumatische F\u00f6rdertechnik - OEKERMANN Abwassertechnik\" \/>\n<meta property=\"og:description\" content=\"Id\u0151k\u00f6zben Ausztri\u00e1ban sz\u00e1mos, az OEKERMANN \u00e1ltal gy\u00e1rtott pneumatikus szennyv\u00edzsz\u00e1ll\u00edt\u00f3 rendszer tal\u00e1lhat\u00f3. Az osztr\u00e1k tervez\u0151k r\u00e9sz\u00e9r\u0151l jelentkez\u0151 megn\u00f6vekedett sz\u00e1m\u00fa megkeres\u00e9s miatt az OEKERMANN id\u0151k\u00f6zben m\u00e1r rendelkezik helyi egy\u00fcttm\u0171k\u00f6d\u0151 partnerrel, aki pl. a tervez\u00e9si f\u00e1zisban vagy a lesz\u00e1ll\u00edt\u00e1st k\u00f6vet\u0151en p\u00e9ld\u00e1ul a szervizel\u00e9s ter\u00fclet\u00e9n t\u00e1mogat\u00e1st tud ny\u00fajtani. Az alapvet\u0151 szerel\u00e9si \u00e9s karbantart\u00e1si munk\u00e1kat az OEKERMANN Ausztri\u00e1ban is saj\u00e1tWeiterlesen &quot;Pneumatikus szennyv\u00edzsz\u00e1ll\u00edt\u00f3 rendszerek Ausztri\u00e1ban&quot;\" \/>\n<meta property=\"og:url\" content=\"https:\/\/www.oekermann.de\/hu\/karbantartas\/pneumatikus-szennyvizszallito-rendszerek-ausztriaban\/\" \/>\n<meta property=\"og:site_name\" content=\"Pneumatische F\u00f6rdertechnik - OEKERMANN Abwassertechnik\" \/>\n<meta property=\"article:publisher\" content=\"https:\/\/www.facebook.com\/pages\/Oekermann-Abwassertechnik\/1007781205906685\" \/>\n<meta property=\"article:modified_time\" content=\"2025-06-11T12:53:05+00:00\" \/>\n<meta name=\"twitter:card\" content=\"summary_large_image\" \/>\n<meta name=\"twitter:site\" content=\"@Oekermann\" \/>\n<meta name=\"twitter:label1\" content=\"Est. reading time\" \/>\n\t<meta name=\"twitter:data1\" content=\"1 minute\" \/>\n<script type=\"application\/ld+json\" class=\"yoast-schema-graph\">{\"@context\":\"https:\\\/\\\/schema.org\",\"@graph\":[{\"@type\":\"WebPage\",\"@id\":\"https:\\\/\\\/www.oekermann.de\\\/hu\\\/karbantartas\\\/pneumatikus-szennyvizszallito-rendszerek-ausztriaban\\\/\",\"url\":\"https:\\\/\\\/www.oekermann.de\\\/hu\\\/karbantartas\\\/pneumatikus-szennyvizszallito-rendszerek-ausztriaban\\\/\",\"name\":\"Pneumatikus szennyv\u00edzsz\u00e1ll\u00edt\u00f3 rendszerek Ausztri\u00e1ban - Pneumatische F\u00f6rdertechnik - OEKERMANN Abwassertechnik\",\"isPartOf\":{\"@id\":\"https:\\\/\\\/www.oekermann.de\\\/#website\"},\"datePublished\":\"2022-06-23T22:58:12+00:00\",\"dateModified\":\"2025-06-11T12:53:05+00:00\",\"breadcrumb\":{\"@id\":\"https:\\\/\\\/www.oekermann.de\\\/hu\\\/karbantartas\\\/pneumatikus-szennyvizszallito-rendszerek-ausztriaban\\\/#breadcrumb\"},\"inLanguage\":\"hu-HU\",\"potentialAction\":[{\"@type\":\"ReadAction\",\"target\":[\"https:\\\/\\\/www.oekermann.de\\\/hu\\\/karbantartas\\\/pneumatikus-szennyvizszallito-rendszerek-ausztriaban\\\/\"]}]},{\"@type\":\"BreadcrumbList\",\"@id\":\"https:\\\/\\\/www.oekermann.de\\\/hu\\\/karbantartas\\\/pneumatikus-szennyvizszallito-rendszerek-ausztriaban\\\/#breadcrumb\",\"itemListElement\":[{\"@type\":\"ListItem\",\"position\":1,\"name\":\"Startseite\",\"item\":\"https:\\\/\\\/www.oekermann.de\\\/hu\\\/\"},{\"@type\":\"ListItem\",\"position\":2,\"name\":\"Karbantart\u00e1s\",\"item\":\"https:\\\/\\\/www.oekermann.de\\\/hu\\\/karbantartas\\\/\"},{\"@type\":\"ListItem\",\"position\":3,\"name\":\"Pneumatikus szennyv\u00edzsz\u00e1ll\u00edt\u00f3 rendszerek Ausztri\u00e1ban\"}]},{\"@type\":\"WebSite\",\"@id\":\"https:\\\/\\\/www.oekermann.de\\\/#website\",\"url\":\"https:\\\/\\\/www.oekermann.de\\\/\",\"name\":\"Pneumatische F\u00f6rdertechnik - OEKERMANN Abwassertechnik\",\"description\":\"\",\"potentialAction\":[{\"@type\":\"SearchAction\",\"target\":{\"@type\":\"EntryPoint\",\"urlTemplate\":\"https:\\\/\\\/www.oekermann.de\\\/?s={search_term_string}\"},\"query-input\":{\"@type\":\"PropertyValueSpecification\",\"valueRequired\":true,\"valueName\":\"search_term_string\"}}],\"inLanguage\":\"hu-HU\"}]}<\/script>\n<!-- \/ Yoast SEO plugin. -->","yoast_head_json":{"title":"Pneumatikus szennyv\u00edzsz\u00e1ll\u00edt\u00f3 rendszerek Ausztri\u00e1ban - Pneumatische F\u00f6rdertechnik - OEKERMANN Abwassertechnik","robots":{"index":"index","follow":"follow","max-snippet":"max-snippet:-1","max-image-preview":"max-image-preview:large","max-video-preview":"max-video-preview:-1"},"canonical":"https:\/\/www.oekermann.de\/hu\/karbantartas\/pneumatikus-szennyvizszallito-rendszerek-ausztriaban\/","og_locale":"hu_HU","og_type":"article","og_title":"Pneumatikus szennyv\u00edzsz\u00e1ll\u00edt\u00f3 rendszerek Ausztri\u00e1ban - Pneumatische F\u00f6rdertechnik - OEKERMANN Abwassertechnik","og_description":"Id\u0151k\u00f6zben Ausztri\u00e1ban sz\u00e1mos, az OEKERMANN \u00e1ltal gy\u00e1rtott pneumatikus szennyv\u00edzsz\u00e1ll\u00edt\u00f3 rendszer tal\u00e1lhat\u00f3. Az osztr\u00e1k tervez\u0151k r\u00e9sz\u00e9r\u0151l jelentkez\u0151 megn\u00f6vekedett sz\u00e1m\u00fa megkeres\u00e9s miatt az OEKERMANN id\u0151k\u00f6zben m\u00e1r rendelkezik helyi egy\u00fcttm\u0171k\u00f6d\u0151 partnerrel, aki pl. a tervez\u00e9si f\u00e1zisban vagy a lesz\u00e1ll\u00edt\u00e1st k\u00f6vet\u0151en p\u00e9ld\u00e1ul a szervizel\u00e9s ter\u00fclet\u00e9n t\u00e1mogat\u00e1st tud ny\u00fajtani. Az alapvet\u0151 szerel\u00e9si \u00e9s karbantart\u00e1si munk\u00e1kat az OEKERMANN Ausztri\u00e1ban is saj\u00e1tWeiterlesen \"Pneumatikus szennyv\u00edzsz\u00e1ll\u00edt\u00f3 rendszerek Ausztri\u00e1ban\"","og_url":"https:\/\/www.oekermann.de\/hu\/karbantartas\/pneumatikus-szennyvizszallito-rendszerek-ausztriaban\/","og_site_name":"Pneumatische F\u00f6rdertechnik - OEKERMANN Abwassertechnik","article_publisher":"https:\/\/www.facebook.com\/pages\/Oekermann-Abwassertechnik\/1007781205906685","article_modified_time":"2025-06-11T12:53:05+00:00","twitter_card":"summary_large_image","twitter_site":"@Oekermann","twitter_misc":{"Est. reading time":"1 minute"},"schema":{"@context":"https:\/\/schema.org","@graph":[{"@type":"WebPage","@id":"https:\/\/www.oekermann.de\/hu\/karbantartas\/pneumatikus-szennyvizszallito-rendszerek-ausztriaban\/","url":"https:\/\/www.oekermann.de\/hu\/karbantartas\/pneumatikus-szennyvizszallito-rendszerek-ausztriaban\/","name":"Pneumatikus szennyv\u00edzsz\u00e1ll\u00edt\u00f3 rendszerek Ausztri\u00e1ban - Pneumatische F\u00f6rdertechnik - OEKERMANN Abwassertechnik","isPartOf":{"@id":"https:\/\/www.oekermann.de\/#website"},"datePublished":"2022-06-23T22:58:12+00:00","dateModified":"2025-06-11T12:53:05+00:00","breadcrumb":{"@id":"https:\/\/www.oekermann.de\/hu\/karbantartas\/pneumatikus-szennyvizszallito-rendszerek-ausztriaban\/#breadcrumb"},"inLanguage":"hu-HU","potentialAction":[{"@type":"ReadAction","target":["https:\/\/www.oekermann.de\/hu\/karbantartas\/pneumatikus-szennyvizszallito-rendszerek-ausztriaban\/"]}]},{"@type":"BreadcrumbList","@id":"https:\/\/www.oekermann.de\/hu\/karbantartas\/pneumatikus-szennyvizszallito-rendszerek-ausztriaban\/#breadcrumb","itemListElement":[{"@type":"ListItem","position":1,"name":"Startseite","item":"https:\/\/www.oekermann.de\/hu\/"},{"@type":"ListItem","position":2,"name":"Karbantart\u00e1s","item":"https:\/\/www.oekermann.de\/hu\/karbantartas\/"},{"@type":"ListItem","position":3,"name":"Pneumatikus szennyv\u00edzsz\u00e1ll\u00edt\u00f3 rendszerek Ausztri\u00e1ban"}]},{"@type":"WebSite","@id":"https:\/\/www.oekermann.de\/#website","url":"https:\/\/www.oekermann.de\/","name":"Pneumatische F\u00f6rdertechnik - OEKERMANN Abwassertechnik","description":"","potentialAction":[{"@type":"SearchAction","target":{"@type":"EntryPoint","urlTemplate":"https:\/\/www.oekermann.de\/?s={search_term_string}"},"query-input":{"@type":"PropertyValueSpecification","valueRequired":true,"valueName":"search_term_string"}}],"inLanguage":"hu-HU"}]}},"_links":{"self":[{"href":"https:\/\/www.oekermann.de\/hu\/wp-json\/wp\/v2\/pages\/5092","targetHints":{"allow":["GET"]}}],"collection":[{"href":"https:\/\/www.oekermann.de\/hu\/wp-json\/wp\/v2\/pages"}],"about":[{"href":"https:\/\/www.oekermann.de\/hu\/wp-json\/wp\/v2\/types\/page"}],"author":[{"embeddable":true,"href":"https:\/\/www.oekermann.de\/hu\/wp-json\/wp\/v2\/users\/1"}],"replies":[{"embeddable":true,"href":"https:\/\/www.oekermann.de\/hu\/wp-json\/wp\/v2\/comments?post=5092"}],"version-history":[{"count":1,"href":"https:\/\/www.oekermann.de\/hu\/wp-json\/wp\/v2\/pages\/5092\/revisions"}],"predecessor-version":[{"id":5146,"href":"https:\/\/www.oekermann.de\/hu\/wp-json\/wp\/v2\/pages\/5092\/revisions\/5146"}],"up":[{"embeddable":true,"href":"https:\/\/www.oekermann.de\/hu\/wp-json\/wp\/v2\/pages\/5089"}],"wp:attachment":[{"href":"https:\/\/www.oekermann.de\/hu\/wp-json\/wp\/v2\/media?parent=5092"}],"curies":[{"name":"wp","href":"https:\/\/api.w.org\/{rel}","templated":true}]}}