{"id":5093,"date":"2022-06-24T01:07:46","date_gmt":"2022-06-23T23:07:46","guid":{"rendered":"https:\/\/www.oekermann.de\/?page_id=5093"},"modified":"2025-06-11T14:53:06","modified_gmt":"2025-06-11T12:53:06","slug":"szervizeles-a-pneumatikus-szennyvizszallitas-teruleten","status":"publish","type":"page","link":"https:\/\/www.oekermann.de\/hu\/karbantartas\/szervizeles-a-pneumatikus-szennyvizszallitas-teruleten\/","title":{"rendered":"Szervizel\u00e9s a pneumatikus szennyv\u00edzsz\u00e1ll\u00edt\u00e1s ter\u00fclet\u00e9n"},"content":{"rendered":"<p>A kisfiam sz\u00e1m\u00e1ra olyan ez mint a kisl\u00e1nyom sz\u00e1m\u00e1ra, amikor \u0151 volt ilyen id\u0151s: Amikor els\u0151 \u00edzben \u00e1llt az egyik piros szerel\u0151aut\u00f3nk (Mercedes Sprinter) el\u0151tt, elcsod\u00e1lkozva n\u00e9zett fel a vezet\u0151f\u00fclke fel\u00e9, \u00e9s el\u0151sz\u00f6r t\u00e9tov\u00e1zott besz\u00e1llni.<\/p>\n<p>Szerel\u0151aut\u00f3ink a v\u00e1llalatunk siker\u00e9nek egyik l\u00e9nyeges eleme.<\/p>\n<p>Azokban az id\u0151kben, amikor a szennyv\u00edztelepeken \u00e9s \u00e9p\u00edtkez\u00e9seken egyre sz\u0171k\u00f6sebben alakul a szem\u00e9lyzet, pneumatikus szennyv\u00edzsz\u00e1ll\u00edt\u00f3 rendszerek tervez\u0151jek\u00e9nt, gy\u00e1rt\u00f3jak\u00e9nt \u00e9s telep\u00edt\u0151jek\u00e9nt minden eddigin\u00e9l nagyobb m\u00e9rt\u00e9kben kell gondoskodnunk az \u00fczemeltet\u0151kr\u0151l \u00e9s a rendszerekr\u0151l nemcsak a lesz\u00e1ll\u00edt\u00e1st k\u00f6vet\u0151en, hanem a szavatoss\u00e1gi id\u0151 ut\u00e1n is.<\/p>\n<p>M\u00e1r \u00e9vtizedek k\u00edn\u00e1lunk fix id\u0151k\u00f6z\u00f6kre sz\u00f3l\u00f3 <a href=\"https:\/\/www.oekermann.de\/wartung\/\">karbantart\u00e1si szerz\u0151d\u00e9seket<\/a> (a szok\u00e1sos az \u00e9vi egy vagy k\u00e9t kisz\u00e1ll\u00e1s), \u00e9s egyre fokoz\u00f3d\u00f3 m\u00e9rt\u00e9kben rendk\u00edv\u00fcli kisz\u00e1ll\u00e1sok eset\u00e9re is, mert id\u0151k\u00f6zben gyakran hi\u00e1nyzik a helyi m\u0171szaki szem\u00e9lyzet a norm\u00e1l karbantart\u00e1si munk\u00e1khoz, mert pl. nincs ut\u00e1np\u00f3tl\u00e1s.<\/p>\n<p>M\u00e1r \u00e9vekkel ezel\u0151tt a j\u00e1rm\u0171parkunk b\u0151v\u00edt\u00e9s\u00e9vel elkezdt\u00fck a szervizszolg\u00e1ltat\u00e1sunk b\u0151v\u00edt\u00e9s\u00e9t. M\u00e9g az a kocsi is, melynek a s\u00fcrg\u0151s kisz\u00e1ll\u00e1sokhoz a c\u00e9gn\u00e9l kellene k\u00e9szenl\u00e9tben lennie, szinte minden h\u00e9ten rendszeresen \u00faton van.<\/p>\n<p>A h\u00e9tf\u0151t\u0151l cs\u00fct\u00f6rt\u00f6kig bonyol\u00edtott gy\u0171jt\u0151j\u00e1ratokkal kedvez\u0151 k\u00f6lts\u00e9gek mellett el tudjuk l\u00e1tni az \u00fcgyfeleinket a N\u00e9metorsz\u00e1gi Sz\u00f6vets\u00e9gi K\u00f6zt\u00e1rsas\u00e1g teljes ter\u00fclet\u00e9n, valamint a szomsz\u00e9dos orsz\u00e1gokban is.<\/p>\n<p>Az OEKERMANN \u00e1ltal ny\u00fajtott szolg\u00e1ltat\u00e1sokat \u00fcgyfeleink nagyra \u00e9rt\u00e9kelik, \u00e9s k\u00f6zepes m\u00e9ret\u0171 v\u00e1llalatunk szil\u00e1rd alkot\u00f3r\u00e9szek\u00e9nt ismerik el. \u00daj rendszerek eset\u00e9n ez\u00e9rt is d\u00f6ntenek sok esetben a c\u00e9g\u00fcnk jav\u00e1ra, mert az azt k\u00f6vet\u0151 szolg\u00e1ltat\u00e1s egyszer\u0171en kiv\u00e1l\u00f3.<\/p>\n<p>Egy nap tal\u00e1n \u00d6nn\u00e9l is fog j\u00e1rni az egyik piros szerel\u0151aut\u00f3nk?<\/p>\n<p><img decoding=\"async\" class=\"img-1\" src=\"\/wp-content\/uploads\/2017\/04\/Oekermann_Servicewagen2-300x225.jpg\" alt=\"\" \/><\/p>\n","protected":false},"excerpt":{"rendered":"<p>A kisfiam sz\u00e1m\u00e1ra olyan ez mint a kisl\u00e1nyom sz\u00e1m\u00e1ra, amikor \u0151 volt ilyen id\u0151s: Amikor els\u0151 \u00edzben \u00e1llt az egyik piros szerel\u0151aut\u00f3nk (Mercedes Sprinter) el\u0151tt, elcsod\u00e1lkozva n\u00e9zett fel a vezet\u0151f\u00fclke fel\u00e9, \u00e9s el\u0151sz\u00f6r t\u00e9tov\u00e1zott besz\u00e1llni. Szerel\u0151aut\u00f3ink a v\u00e1llalatunk siker\u00e9nek egyik l\u00e9nyeges eleme. Azokban az id\u0151kben, amikor a szennyv\u00edztelepeken \u00e9s \u00e9p\u00edtkez\u00e9seken egyre sz\u0171k\u00f6sebben alakul a szem\u00e9lyzet,<\/p>\n<p class=\"link-more\"><a href=\"https:\/\/www.oekermann.de\/hu\/karbantartas\/szervizeles-a-pneumatikus-szennyvizszallitas-teruleten\/\" class=\"envor-btn\">Weiterlesen<span class=\"screen-reader-text\"> &#8220;Szervizel\u00e9s a pneumatikus szennyv\u00edzsz\u00e1ll\u00edt\u00e1s ter\u00fclet\u00e9n&#8221;<\/span><\/a><\/p>\n","protected":false},"author":1,"featured_media":0,"parent":5089,"menu_order":0,"comment_status":"closed","ping_status":"closed","template":"","meta":{"footnotes":""},"class_list":["post-5093","page","type-page","status-publish","hentry"],"yoast_head":"<!-- This site is optimized with the Yoast SEO plugin v27.4 - https:\/\/yoast.com\/product\/yoast-seo-wordpress\/ -->\n<title>Szervizel\u00e9s a pneumatikus szennyv\u00edzsz\u00e1ll\u00edt\u00e1s ter\u00fclet\u00e9n - Pneumatische F\u00f6rdertechnik - OEKERMANN Abwassertechnik<\/title>\n<meta name=\"robots\" content=\"index, follow, max-snippet:-1, max-image-preview:large, max-video-preview:-1\" \/>\n<link rel=\"canonical\" href=\"https:\/\/www.oekermann.de\/hu\/karbantartas\/szervizeles-a-pneumatikus-szennyvizszallitas-teruleten\/\" \/>\n<meta property=\"og:locale\" content=\"hu_HU\" \/>\n<meta property=\"og:type\" content=\"article\" \/>\n<meta property=\"og:title\" content=\"Szervizel\u00e9s a pneumatikus szennyv\u00edzsz\u00e1ll\u00edt\u00e1s ter\u00fclet\u00e9n - Pneumatische F\u00f6rdertechnik - OEKERMANN Abwassertechnik\" \/>\n<meta property=\"og:description\" content=\"A kisfiam sz\u00e1m\u00e1ra olyan ez mint a kisl\u00e1nyom sz\u00e1m\u00e1ra, amikor \u0151 volt ilyen id\u0151s: Amikor els\u0151 \u00edzben \u00e1llt az egyik piros szerel\u0151aut\u00f3nk (Mercedes Sprinter) el\u0151tt, elcsod\u00e1lkozva n\u00e9zett fel a vezet\u0151f\u00fclke fel\u00e9, \u00e9s el\u0151sz\u00f6r t\u00e9tov\u00e1zott besz\u00e1llni. Szerel\u0151aut\u00f3ink a v\u00e1llalatunk siker\u00e9nek egyik l\u00e9nyeges eleme. Azokban az id\u0151kben, amikor a szennyv\u00edztelepeken \u00e9s \u00e9p\u00edtkez\u00e9seken egyre sz\u0171k\u00f6sebben alakul a szem\u00e9lyzet,Weiterlesen &quot;Szervizel\u00e9s a pneumatikus szennyv\u00edzsz\u00e1ll\u00edt\u00e1s ter\u00fclet\u00e9n&quot;\" \/>\n<meta property=\"og:url\" content=\"https:\/\/www.oekermann.de\/hu\/karbantartas\/szervizeles-a-pneumatikus-szennyvizszallitas-teruleten\/\" \/>\n<meta property=\"og:site_name\" content=\"Pneumatische F\u00f6rdertechnik - OEKERMANN Abwassertechnik\" \/>\n<meta property=\"article:publisher\" content=\"https:\/\/www.facebook.com\/pages\/Oekermann-Abwassertechnik\/1007781205906685\" \/>\n<meta property=\"article:modified_time\" content=\"2025-06-11T12:53:06+00:00\" \/>\n<meta name=\"twitter:card\" content=\"summary_large_image\" \/>\n<meta name=\"twitter:site\" content=\"@Oekermann\" \/>\n<meta name=\"twitter:label1\" content=\"Est. reading time\" \/>\n\t<meta name=\"twitter:data1\" content=\"2 minutes\" \/>\n<script type=\"application\/ld+json\" class=\"yoast-schema-graph\">{\"@context\":\"https:\\\/\\\/schema.org\",\"@graph\":[{\"@type\":\"WebPage\",\"@id\":\"https:\\\/\\\/www.oekermann.de\\\/hu\\\/karbantartas\\\/szervizeles-a-pneumatikus-szennyvizszallitas-teruleten\\\/\",\"url\":\"https:\\\/\\\/www.oekermann.de\\\/hu\\\/karbantartas\\\/szervizeles-a-pneumatikus-szennyvizszallitas-teruleten\\\/\",\"name\":\"Szervizel\u00e9s a pneumatikus szennyv\u00edzsz\u00e1ll\u00edt\u00e1s ter\u00fclet\u00e9n - Pneumatische F\u00f6rdertechnik - OEKERMANN Abwassertechnik\",\"isPartOf\":{\"@id\":\"https:\\\/\\\/www.oekermann.de\\\/#website\"},\"datePublished\":\"2022-06-23T23:07:46+00:00\",\"dateModified\":\"2025-06-11T12:53:06+00:00\",\"breadcrumb\":{\"@id\":\"https:\\\/\\\/www.oekermann.de\\\/hu\\\/karbantartas\\\/szervizeles-a-pneumatikus-szennyvizszallitas-teruleten\\\/#breadcrumb\"},\"inLanguage\":\"hu-HU\",\"potentialAction\":[{\"@type\":\"ReadAction\",\"target\":[\"https:\\\/\\\/www.oekermann.de\\\/hu\\\/karbantartas\\\/szervizeles-a-pneumatikus-szennyvizszallitas-teruleten\\\/\"]}]},{\"@type\":\"BreadcrumbList\",\"@id\":\"https:\\\/\\\/www.oekermann.de\\\/hu\\\/karbantartas\\\/szervizeles-a-pneumatikus-szennyvizszallitas-teruleten\\\/#breadcrumb\",\"itemListElement\":[{\"@type\":\"ListItem\",\"position\":1,\"name\":\"Startseite\",\"item\":\"https:\\\/\\\/www.oekermann.de\\\/hu\\\/\"},{\"@type\":\"ListItem\",\"position\":2,\"name\":\"Karbantart\u00e1s\",\"item\":\"https:\\\/\\\/www.oekermann.de\\\/hu\\\/karbantartas\\\/\"},{\"@type\":\"ListItem\",\"position\":3,\"name\":\"Szervizel\u00e9s a pneumatikus szennyv\u00edzsz\u00e1ll\u00edt\u00e1s ter\u00fclet\u00e9n\"}]},{\"@type\":\"WebSite\",\"@id\":\"https:\\\/\\\/www.oekermann.de\\\/#website\",\"url\":\"https:\\\/\\\/www.oekermann.de\\\/\",\"name\":\"Pneumatische F\u00f6rdertechnik - OEKERMANN Abwassertechnik\",\"description\":\"\",\"potentialAction\":[{\"@type\":\"SearchAction\",\"target\":{\"@type\":\"EntryPoint\",\"urlTemplate\":\"https:\\\/\\\/www.oekermann.de\\\/?s={search_term_string}\"},\"query-input\":{\"@type\":\"PropertyValueSpecification\",\"valueRequired\":true,\"valueName\":\"search_term_string\"}}],\"inLanguage\":\"hu-HU\"}]}<\/script>\n<!-- \/ Yoast SEO plugin. -->","yoast_head_json":{"title":"Szervizel\u00e9s a pneumatikus szennyv\u00edzsz\u00e1ll\u00edt\u00e1s ter\u00fclet\u00e9n - Pneumatische F\u00f6rdertechnik - OEKERMANN Abwassertechnik","robots":{"index":"index","follow":"follow","max-snippet":"max-snippet:-1","max-image-preview":"max-image-preview:large","max-video-preview":"max-video-preview:-1"},"canonical":"https:\/\/www.oekermann.de\/hu\/karbantartas\/szervizeles-a-pneumatikus-szennyvizszallitas-teruleten\/","og_locale":"hu_HU","og_type":"article","og_title":"Szervizel\u00e9s a pneumatikus szennyv\u00edzsz\u00e1ll\u00edt\u00e1s ter\u00fclet\u00e9n - Pneumatische F\u00f6rdertechnik - OEKERMANN Abwassertechnik","og_description":"A kisfiam sz\u00e1m\u00e1ra olyan ez mint a kisl\u00e1nyom sz\u00e1m\u00e1ra, amikor \u0151 volt ilyen id\u0151s: Amikor els\u0151 \u00edzben \u00e1llt az egyik piros szerel\u0151aut\u00f3nk (Mercedes Sprinter) el\u0151tt, elcsod\u00e1lkozva n\u00e9zett fel a vezet\u0151f\u00fclke fel\u00e9, \u00e9s el\u0151sz\u00f6r t\u00e9tov\u00e1zott besz\u00e1llni. Szerel\u0151aut\u00f3ink a v\u00e1llalatunk siker\u00e9nek egyik l\u00e9nyeges eleme. Azokban az id\u0151kben, amikor a szennyv\u00edztelepeken \u00e9s \u00e9p\u00edtkez\u00e9seken egyre sz\u0171k\u00f6sebben alakul a szem\u00e9lyzet,Weiterlesen \"Szervizel\u00e9s a pneumatikus szennyv\u00edzsz\u00e1ll\u00edt\u00e1s ter\u00fclet\u00e9n\"","og_url":"https:\/\/www.oekermann.de\/hu\/karbantartas\/szervizeles-a-pneumatikus-szennyvizszallitas-teruleten\/","og_site_name":"Pneumatische F\u00f6rdertechnik - OEKERMANN Abwassertechnik","article_publisher":"https:\/\/www.facebook.com\/pages\/Oekermann-Abwassertechnik\/1007781205906685","article_modified_time":"2025-06-11T12:53:06+00:00","twitter_card":"summary_large_image","twitter_site":"@Oekermann","twitter_misc":{"Est. reading time":"2 minutes"},"schema":{"@context":"https:\/\/schema.org","@graph":[{"@type":"WebPage","@id":"https:\/\/www.oekermann.de\/hu\/karbantartas\/szervizeles-a-pneumatikus-szennyvizszallitas-teruleten\/","url":"https:\/\/www.oekermann.de\/hu\/karbantartas\/szervizeles-a-pneumatikus-szennyvizszallitas-teruleten\/","name":"Szervizel\u00e9s a pneumatikus szennyv\u00edzsz\u00e1ll\u00edt\u00e1s ter\u00fclet\u00e9n - Pneumatische F\u00f6rdertechnik - OEKERMANN Abwassertechnik","isPartOf":{"@id":"https:\/\/www.oekermann.de\/#website"},"datePublished":"2022-06-23T23:07:46+00:00","dateModified":"2025-06-11T12:53:06+00:00","breadcrumb":{"@id":"https:\/\/www.oekermann.de\/hu\/karbantartas\/szervizeles-a-pneumatikus-szennyvizszallitas-teruleten\/#breadcrumb"},"inLanguage":"hu-HU","potentialAction":[{"@type":"ReadAction","target":["https:\/\/www.oekermann.de\/hu\/karbantartas\/szervizeles-a-pneumatikus-szennyvizszallitas-teruleten\/"]}]},{"@type":"BreadcrumbList","@id":"https:\/\/www.oekermann.de\/hu\/karbantartas\/szervizeles-a-pneumatikus-szennyvizszallitas-teruleten\/#breadcrumb","itemListElement":[{"@type":"ListItem","position":1,"name":"Startseite","item":"https:\/\/www.oekermann.de\/hu\/"},{"@type":"ListItem","position":2,"name":"Karbantart\u00e1s","item":"https:\/\/www.oekermann.de\/hu\/karbantartas\/"},{"@type":"ListItem","position":3,"name":"Szervizel\u00e9s a pneumatikus szennyv\u00edzsz\u00e1ll\u00edt\u00e1s ter\u00fclet\u00e9n"}]},{"@type":"WebSite","@id":"https:\/\/www.oekermann.de\/#website","url":"https:\/\/www.oekermann.de\/","name":"Pneumatische F\u00f6rdertechnik - OEKERMANN Abwassertechnik","description":"","potentialAction":[{"@type":"SearchAction","target":{"@type":"EntryPoint","urlTemplate":"https:\/\/www.oekermann.de\/?s={search_term_string}"},"query-input":{"@type":"PropertyValueSpecification","valueRequired":true,"valueName":"search_term_string"}}],"inLanguage":"hu-HU"}]}},"_links":{"self":[{"href":"https:\/\/www.oekermann.de\/hu\/wp-json\/wp\/v2\/pages\/5093","targetHints":{"allow":["GET"]}}],"collection":[{"href":"https:\/\/www.oekermann.de\/hu\/wp-json\/wp\/v2\/pages"}],"about":[{"href":"https:\/\/www.oekermann.de\/hu\/wp-json\/wp\/v2\/types\/page"}],"author":[{"embeddable":true,"href":"https:\/\/www.oekermann.de\/hu\/wp-json\/wp\/v2\/users\/1"}],"replies":[{"embeddable":true,"href":"https:\/\/www.oekermann.de\/hu\/wp-json\/wp\/v2\/comments?post=5093"}],"version-history":[{"count":1,"href":"https:\/\/www.oekermann.de\/hu\/wp-json\/wp\/v2\/pages\/5093\/revisions"}],"predecessor-version":[{"id":5148,"href":"https:\/\/www.oekermann.de\/hu\/wp-json\/wp\/v2\/pages\/5093\/revisions\/5148"}],"up":[{"embeddable":true,"href":"https:\/\/www.oekermann.de\/hu\/wp-json\/wp\/v2\/pages\/5089"}],"wp:attachment":[{"href":"https:\/\/www.oekermann.de\/hu\/wp-json\/wp\/v2\/media?parent=5093"}],"curies":[{"name":"wp","href":"https:\/\/api.w.org\/{rel}","templated":true}]}}