{"id":5094,"date":"2022-06-30T09:07:04","date_gmt":"2022-06-30T07:07:04","guid":{"rendered":"https:\/\/www.oekermann.de\/?page_id=5094"},"modified":"2025-06-11T14:53:16","modified_gmt":"2025-06-11T12:53:16","slug":"csokkeno-vizfogyasztas","status":"publish","type":"page","link":"https:\/\/www.oekermann.de\/hu\/temak\/csokkeno-vizfogyasztas\/","title":{"rendered":"Cs\u00f6kken\u0151 v\u00edzfogyaszt\u00e1s"},"content":{"rendered":"<section>A N\u00e9metorsz\u00e1gi Sz\u00f6vets\u00e9gi K\u00f6zt\u00e1rsas\u00e1gban \u00e9vek \u00f3ta cs\u00f6kken a v\u00edzfogyaszt\u00e1s. Az emberek pl. k\u00f6rnyezetv\u00e9delmi okokb\u00f3l \u00e9s a k\u00f6lts\u00e9gek miatt takar\u00e9koskodnak.Ez mindenekel\u0151tt a gy\u00e9ren lakott vid\u00e9ki r\u00e9gi\u00f3kban vehet\u0151 \u00e9szre annyiban, hogy id\u0151k\u00f6zben szinte alig folyik szennyv\u00edz a cs\u0151vezet\u00e9keken kereszt\u00fcl. Itt jelenthetnek az OEKERMANN szivatty\u00fatelepek kiv\u00e1l\u00f3 megold\u00e1st: A rendszerek olyan id\u0151kben is gond n\u00e9lk\u00fcl sz\u00e1ll\u00edtj\u00e1k a <a href=\"https:\/\/www.oekermann.de\/vorteile\/keine-verstopfung\/\">nedves t\u00f6rl\u0151kend\u0151ket, t\u00f6rl\u0151ruh\u00e1kat, higi\u00e9niai cikkeket, a legk\u00fcl\u00f6nf\u00e9l\u00e9bb jelleg\u0171 szil\u00e1rd anyagokat<\/a>, amikor kev\u00e9s szennyv\u00edz keletkezik. A <a href=\"https:\/\/www.oekermann.de\/fachbegriffe\/nachblasautomatik\/\">lef\u00favat\u00e1ssal<\/a> a rendszer rendszeresen \u00e9s er\u0151teljesen tiszt\u00edtja \u00e9s teljesen ki\u00fcr\u00edti a <a href=\"https:\/\/www.oekermann.de\/vorteile\/hoehenueberwindung\/\">nyom\u00f3vezet\u00e9keket<\/a>. Nem t\u00f6rt\u00e9nik szagterhel\u00e9s, a szivatty\u00fatelep ter\u00fclet\u00e9n sem; ott a <a href=\"https:\/\/www.oekermann.de\/fachbegriffe\/abwasser\/\">szennyv\u00edz<\/a> elszivatty\u00faz\u00e1sa mindig id\u0151ben \u00e9s marad\u00e9ktalanul t\u00f6rt\u00e9nik.<\/p>\n<p>\u00cdgy nemr\u00e9g sz\u00e1szorsz\u00e1gi szennyv\u00edztelepi dolgoz\u00f3k sz\u00e1moltak be nek\u00fcnk p\u00e9ld\u00e1ul arr\u00f3l, hogyan \u00fczemeltetik \u00fczembiztosan \u00e9s <a href=\"https:\/\/www.oekermann.de\/wartung\/\">csek\u00e9ly karbantart\u00e1si r\u00e1ford\u00edt\u00e1ssal<\/a> a <a href=\"https:\/\/www.oekermann.de\/vorteile\/verbundsysteme\/\">s\u0171r\u00edtettleveg\u0151s h\u00e1l\u00f3zatukat<\/a> OEKERMANN szivatty\u00fatelepekkel. Nem utols\u00f3sorban az olyan id\u0151kben, amikor gyakran van hi\u00e1ny szakk\u00e9pzett munkaer\u0151b\u0151l, fontos komponenst jelentenek az ilyen z\u00f6kken\u0151mentesen m\u0171k\u00f6d\u0151 rendszerek.<\/p>\n<p><img loading=\"lazy\" decoding=\"async\" class=\"img-1\" src=\"https:\/\/www.oekermann.de\/wp-content\/uploads\/2019\/07\/1908-Unterflur-DSC02857-1.jpg\" alt=\"\" width=\"1500\" height=\"500\" \/><\/p>\n<\/section>\n","protected":false},"excerpt":{"rendered":"<p>A N\u00e9metorsz\u00e1gi Sz\u00f6vets\u00e9gi K\u00f6zt\u00e1rsas\u00e1gban \u00e9vek \u00f3ta cs\u00f6kken a v\u00edzfogyaszt\u00e1s. Az emberek pl. k\u00f6rnyezetv\u00e9delmi okokb\u00f3l \u00e9s a k\u00f6lts\u00e9gek miatt takar\u00e9koskodnak.Ez mindenekel\u0151tt a gy\u00e9ren lakott vid\u00e9ki r\u00e9gi\u00f3kban vehet\u0151 \u00e9szre annyiban, hogy id\u0151k\u00f6zben szinte alig folyik szennyv\u00edz a cs\u0151vezet\u00e9keken kereszt\u00fcl. Itt jelenthetnek az OEKERMANN szivatty\u00fatelepek kiv\u00e1l\u00f3 megold\u00e1st: A rendszerek olyan id\u0151kben is gond n\u00e9lk\u00fcl sz\u00e1ll\u00edtj\u00e1k a nedves t\u00f6rl\u0151kend\u0151ket,<\/p>\n<p class=\"link-more\"><a href=\"https:\/\/www.oekermann.de\/hu\/temak\/csokkeno-vizfogyasztas\/\" class=\"envor-btn\">Weiterlesen<span class=\"screen-reader-text\"> &#8220;Cs\u00f6kken\u0151 v\u00edzfogyaszt\u00e1s&#8221;<\/span><\/a><\/p>\n","protected":false},"author":1,"featured_media":0,"parent":5119,"menu_order":0,"comment_status":"closed","ping_status":"closed","template":"","meta":{"footnotes":""},"class_list":["post-5094","page","type-page","status-publish","hentry"],"yoast_head":"<!-- This site is optimized with the Yoast SEO plugin v27.4 - https:\/\/yoast.com\/product\/yoast-seo-wordpress\/ -->\n<title>Cs\u00f6kken\u0151 v\u00edzfogyaszt\u00e1s - Pneumatische F\u00f6rdertechnik - OEKERMANN Abwassertechnik<\/title>\n<meta name=\"robots\" content=\"index, follow, max-snippet:-1, max-image-preview:large, max-video-preview:-1\" \/>\n<link rel=\"canonical\" href=\"https:\/\/www.oekermann.de\/hu\/temak\/csokkeno-vizfogyasztas\/\" \/>\n<meta property=\"og:locale\" content=\"hu_HU\" \/>\n<meta property=\"og:type\" content=\"article\" \/>\n<meta property=\"og:title\" content=\"Cs\u00f6kken\u0151 v\u00edzfogyaszt\u00e1s - Pneumatische F\u00f6rdertechnik - OEKERMANN Abwassertechnik\" \/>\n<meta property=\"og:description\" content=\"A N\u00e9metorsz\u00e1gi Sz\u00f6vets\u00e9gi K\u00f6zt\u00e1rsas\u00e1gban \u00e9vek \u00f3ta cs\u00f6kken a v\u00edzfogyaszt\u00e1s. Az emberek pl. k\u00f6rnyezetv\u00e9delmi okokb\u00f3l \u00e9s a k\u00f6lts\u00e9gek miatt takar\u00e9koskodnak.Ez mindenekel\u0151tt a gy\u00e9ren lakott vid\u00e9ki r\u00e9gi\u00f3kban vehet\u0151 \u00e9szre annyiban, hogy id\u0151k\u00f6zben szinte alig folyik szennyv\u00edz a cs\u0151vezet\u00e9keken kereszt\u00fcl. Itt jelenthetnek az OEKERMANN szivatty\u00fatelepek kiv\u00e1l\u00f3 megold\u00e1st: A rendszerek olyan id\u0151kben is gond n\u00e9lk\u00fcl sz\u00e1ll\u00edtj\u00e1k a nedves t\u00f6rl\u0151kend\u0151ket,Weiterlesen &quot;Cs\u00f6kken\u0151 v\u00edzfogyaszt\u00e1s&quot;\" \/>\n<meta property=\"og:url\" content=\"https:\/\/www.oekermann.de\/hu\/temak\/csokkeno-vizfogyasztas\/\" \/>\n<meta property=\"og:site_name\" content=\"Pneumatische F\u00f6rdertechnik - OEKERMANN Abwassertechnik\" \/>\n<meta property=\"article:publisher\" content=\"https:\/\/www.facebook.com\/pages\/Oekermann-Abwassertechnik\/1007781205906685\" \/>\n<meta property=\"article:modified_time\" content=\"2025-06-11T12:53:16+00:00\" \/>\n<meta property=\"og:image\" content=\"https:\/\/www.oekermann.de\/wp-content\/uploads\/2019\/07\/1908-Unterflur-DSC02857-1.jpg\" \/>\n<meta name=\"twitter:card\" content=\"summary_large_image\" \/>\n<meta name=\"twitter:site\" content=\"@Oekermann\" \/>\n<meta name=\"twitter:label1\" content=\"Est. reading time\" \/>\n\t<meta name=\"twitter:data1\" content=\"1 minute\" \/>\n<script type=\"application\/ld+json\" class=\"yoast-schema-graph\">{\"@context\":\"https:\\\/\\\/schema.org\",\"@graph\":[{\"@type\":\"WebPage\",\"@id\":\"https:\\\/\\\/www.oekermann.de\\\/hu\\\/temak\\\/csokkeno-vizfogyasztas\\\/\",\"url\":\"https:\\\/\\\/www.oekermann.de\\\/hu\\\/temak\\\/csokkeno-vizfogyasztas\\\/\",\"name\":\"Cs\u00f6kken\u0151 v\u00edzfogyaszt\u00e1s - Pneumatische F\u00f6rdertechnik - OEKERMANN Abwassertechnik\",\"isPartOf\":{\"@id\":\"https:\\\/\\\/www.oekermann.de\\\/#website\"},\"primaryImageOfPage\":{\"@id\":\"https:\\\/\\\/www.oekermann.de\\\/hu\\\/temak\\\/csokkeno-vizfogyasztas\\\/#primaryimage\"},\"image\":{\"@id\":\"https:\\\/\\\/www.oekermann.de\\\/hu\\\/temak\\\/csokkeno-vizfogyasztas\\\/#primaryimage\"},\"thumbnailUrl\":\"https:\\\/\\\/www.oekermann.de\\\/wp-content\\\/uploads\\\/2019\\\/07\\\/1908-Unterflur-DSC02857-1.jpg\",\"datePublished\":\"2022-06-30T07:07:04+00:00\",\"dateModified\":\"2025-06-11T12:53:16+00:00\",\"breadcrumb\":{\"@id\":\"https:\\\/\\\/www.oekermann.de\\\/hu\\\/temak\\\/csokkeno-vizfogyasztas\\\/#breadcrumb\"},\"inLanguage\":\"hu-HU\",\"potentialAction\":[{\"@type\":\"ReadAction\",\"target\":[\"https:\\\/\\\/www.oekermann.de\\\/hu\\\/temak\\\/csokkeno-vizfogyasztas\\\/\"]}]},{\"@type\":\"ImageObject\",\"inLanguage\":\"hu-HU\",\"@id\":\"https:\\\/\\\/www.oekermann.de\\\/hu\\\/temak\\\/csokkeno-vizfogyasztas\\\/#primaryimage\",\"url\":\"https:\\\/\\\/www.oekermann.de\\\/wp-content\\\/uploads\\\/2019\\\/07\\\/1908-Unterflur-DSC02857-1.jpg\",\"contentUrl\":\"https:\\\/\\\/www.oekermann.de\\\/wp-content\\\/uploads\\\/2019\\\/07\\\/1908-Unterflur-DSC02857-1.jpg\"},{\"@type\":\"BreadcrumbList\",\"@id\":\"https:\\\/\\\/www.oekermann.de\\\/hu\\\/temak\\\/csokkeno-vizfogyasztas\\\/#breadcrumb\",\"itemListElement\":[{\"@type\":\"ListItem\",\"position\":1,\"name\":\"Startseite\",\"item\":\"https:\\\/\\\/www.oekermann.de\\\/hu\\\/\"},{\"@type\":\"ListItem\",\"position\":2,\"name\":\"T\u00e9m\u00e1k\",\"item\":\"https:\\\/\\\/www.oekermann.de\\\/hu\\\/temak\\\/\"},{\"@type\":\"ListItem\",\"position\":3,\"name\":\"Cs\u00f6kken\u0151 v\u00edzfogyaszt\u00e1s\"}]},{\"@type\":\"WebSite\",\"@id\":\"https:\\\/\\\/www.oekermann.de\\\/#website\",\"url\":\"https:\\\/\\\/www.oekermann.de\\\/\",\"name\":\"Pneumatische F\u00f6rdertechnik - OEKERMANN Abwassertechnik\",\"description\":\"\",\"potentialAction\":[{\"@type\":\"SearchAction\",\"target\":{\"@type\":\"EntryPoint\",\"urlTemplate\":\"https:\\\/\\\/www.oekermann.de\\\/?s={search_term_string}\"},\"query-input\":{\"@type\":\"PropertyValueSpecification\",\"valueRequired\":true,\"valueName\":\"search_term_string\"}}],\"inLanguage\":\"hu-HU\"}]}<\/script>\n<!-- \/ Yoast SEO plugin. -->","yoast_head_json":{"title":"Cs\u00f6kken\u0151 v\u00edzfogyaszt\u00e1s - Pneumatische F\u00f6rdertechnik - OEKERMANN Abwassertechnik","robots":{"index":"index","follow":"follow","max-snippet":"max-snippet:-1","max-image-preview":"max-image-preview:large","max-video-preview":"max-video-preview:-1"},"canonical":"https:\/\/www.oekermann.de\/hu\/temak\/csokkeno-vizfogyasztas\/","og_locale":"hu_HU","og_type":"article","og_title":"Cs\u00f6kken\u0151 v\u00edzfogyaszt\u00e1s - Pneumatische F\u00f6rdertechnik - OEKERMANN Abwassertechnik","og_description":"A N\u00e9metorsz\u00e1gi Sz\u00f6vets\u00e9gi K\u00f6zt\u00e1rsas\u00e1gban \u00e9vek \u00f3ta cs\u00f6kken a v\u00edzfogyaszt\u00e1s. Az emberek pl. k\u00f6rnyezetv\u00e9delmi okokb\u00f3l \u00e9s a k\u00f6lts\u00e9gek miatt takar\u00e9koskodnak.Ez mindenekel\u0151tt a gy\u00e9ren lakott vid\u00e9ki r\u00e9gi\u00f3kban vehet\u0151 \u00e9szre annyiban, hogy id\u0151k\u00f6zben szinte alig folyik szennyv\u00edz a cs\u0151vezet\u00e9keken kereszt\u00fcl. Itt jelenthetnek az OEKERMANN szivatty\u00fatelepek kiv\u00e1l\u00f3 megold\u00e1st: A rendszerek olyan id\u0151kben is gond n\u00e9lk\u00fcl sz\u00e1ll\u00edtj\u00e1k a nedves t\u00f6rl\u0151kend\u0151ket,Weiterlesen \"Cs\u00f6kken\u0151 v\u00edzfogyaszt\u00e1s\"","og_url":"https:\/\/www.oekermann.de\/hu\/temak\/csokkeno-vizfogyasztas\/","og_site_name":"Pneumatische F\u00f6rdertechnik - OEKERMANN Abwassertechnik","article_publisher":"https:\/\/www.facebook.com\/pages\/Oekermann-Abwassertechnik\/1007781205906685","article_modified_time":"2025-06-11T12:53:16+00:00","og_image":[{"url":"https:\/\/www.oekermann.de\/wp-content\/uploads\/2019\/07\/1908-Unterflur-DSC02857-1.jpg","type":"","width":"","height":""}],"twitter_card":"summary_large_image","twitter_site":"@Oekermann","twitter_misc":{"Est. reading time":"1 minute"},"schema":{"@context":"https:\/\/schema.org","@graph":[{"@type":"WebPage","@id":"https:\/\/www.oekermann.de\/hu\/temak\/csokkeno-vizfogyasztas\/","url":"https:\/\/www.oekermann.de\/hu\/temak\/csokkeno-vizfogyasztas\/","name":"Cs\u00f6kken\u0151 v\u00edzfogyaszt\u00e1s - Pneumatische F\u00f6rdertechnik - OEKERMANN Abwassertechnik","isPartOf":{"@id":"https:\/\/www.oekermann.de\/#website"},"primaryImageOfPage":{"@id":"https:\/\/www.oekermann.de\/hu\/temak\/csokkeno-vizfogyasztas\/#primaryimage"},"image":{"@id":"https:\/\/www.oekermann.de\/hu\/temak\/csokkeno-vizfogyasztas\/#primaryimage"},"thumbnailUrl":"https:\/\/www.oekermann.de\/wp-content\/uploads\/2019\/07\/1908-Unterflur-DSC02857-1.jpg","datePublished":"2022-06-30T07:07:04+00:00","dateModified":"2025-06-11T12:53:16+00:00","breadcrumb":{"@id":"https:\/\/www.oekermann.de\/hu\/temak\/csokkeno-vizfogyasztas\/#breadcrumb"},"inLanguage":"hu-HU","potentialAction":[{"@type":"ReadAction","target":["https:\/\/www.oekermann.de\/hu\/temak\/csokkeno-vizfogyasztas\/"]}]},{"@type":"ImageObject","inLanguage":"hu-HU","@id":"https:\/\/www.oekermann.de\/hu\/temak\/csokkeno-vizfogyasztas\/#primaryimage","url":"https:\/\/www.oekermann.de\/wp-content\/uploads\/2019\/07\/1908-Unterflur-DSC02857-1.jpg","contentUrl":"https:\/\/www.oekermann.de\/wp-content\/uploads\/2019\/07\/1908-Unterflur-DSC02857-1.jpg"},{"@type":"BreadcrumbList","@id":"https:\/\/www.oekermann.de\/hu\/temak\/csokkeno-vizfogyasztas\/#breadcrumb","itemListElement":[{"@type":"ListItem","position":1,"name":"Startseite","item":"https:\/\/www.oekermann.de\/hu\/"},{"@type":"ListItem","position":2,"name":"T\u00e9m\u00e1k","item":"https:\/\/www.oekermann.de\/hu\/temak\/"},{"@type":"ListItem","position":3,"name":"Cs\u00f6kken\u0151 v\u00edzfogyaszt\u00e1s"}]},{"@type":"WebSite","@id":"https:\/\/www.oekermann.de\/#website","url":"https:\/\/www.oekermann.de\/","name":"Pneumatische F\u00f6rdertechnik - OEKERMANN Abwassertechnik","description":"","potentialAction":[{"@type":"SearchAction","target":{"@type":"EntryPoint","urlTemplate":"https:\/\/www.oekermann.de\/?s={search_term_string}"},"query-input":{"@type":"PropertyValueSpecification","valueRequired":true,"valueName":"search_term_string"}}],"inLanguage":"hu-HU"}]}},"_links":{"self":[{"href":"https:\/\/www.oekermann.de\/hu\/wp-json\/wp\/v2\/pages\/5094","targetHints":{"allow":["GET"]}}],"collection":[{"href":"https:\/\/www.oekermann.de\/hu\/wp-json\/wp\/v2\/pages"}],"about":[{"href":"https:\/\/www.oekermann.de\/hu\/wp-json\/wp\/v2\/types\/page"}],"author":[{"embeddable":true,"href":"https:\/\/www.oekermann.de\/hu\/wp-json\/wp\/v2\/users\/1"}],"replies":[{"embeddable":true,"href":"https:\/\/www.oekermann.de\/hu\/wp-json\/wp\/v2\/comments?post=5094"}],"version-history":[{"count":1,"href":"https:\/\/www.oekermann.de\/hu\/wp-json\/wp\/v2\/pages\/5094\/revisions"}],"predecessor-version":[{"id":5121,"href":"https:\/\/www.oekermann.de\/hu\/wp-json\/wp\/v2\/pages\/5094\/revisions\/5121"}],"up":[{"embeddable":true,"href":"https:\/\/www.oekermann.de\/hu\/wp-json\/wp\/v2\/pages\/5119"}],"wp:attachment":[{"href":"https:\/\/www.oekermann.de\/hu\/wp-json\/wp\/v2\/media?parent=5094"}],"curies":[{"name":"wp","href":"https:\/\/api.w.org\/{rel}","templated":true}]}}