{"id":5095,"date":"2022-06-30T09:07:38","date_gmt":"2022-06-30T07:07:38","guid":{"rendered":"https:\/\/www.oekermann.de\/?page_id=5095"},"modified":"2025-06-11T14:53:16","modified_gmt":"2025-06-11T12:53:16","slug":"higienia-es-egeszseg","status":"publish","type":"page","link":"https:\/\/www.oekermann.de\/hu\/temak\/higienia-es-egeszseg\/","title":{"rendered":"Higi\u00e9nia \u00e9s eg\u00e9szs\u00e9g"},"content":{"rendered":"<section>\n<h2>A kezel\u0151szem\u00e9lyzet eg\u00e9szs\u00e9g\u00e9nek t\u00e1mogat\u00e1sa<\/h2>\n<p>A kommun\u00e1lis szennyv\u00edz sz\u00e1mos eg\u00e9szs\u00e9gre vesz\u00e9lyes anyagot tartalmaz. Ezek t\u00f6bbek k\u00f6z\u00f6tt v\u00edrusok \u00e9s bakt\u00e9riumok, ill. a legk\u00fcl\u00f6nf\u00e9l\u00e9bb cs\u00edr\u00e1k. Azonban a k\u00e9miai folyamatok legk\u00fcl\u00f6nb\u00f6z\u0151bb boml\u00e1sterm\u00e9kei vagy orvosi hullad\u00e9kok, ill. marad\u00e9k anyagok, melyek a v\u00edzben tal\u00e1lhat\u00f3k, eg\u00e9szs\u00e9gi probl\u00e9m\u00e1khoz, s\u0151t, betegs\u00e9gekhez is vezethetnek. K\u00fcl\u00f6n\u00f6sen a boml\u00e1sterm\u00e9kek jelentenek vesz\u00e9lyt a szennyv\u00edztelep szem\u00e9lyzet\u00e9re, mert ezek a dolgoz\u00f3k szinte elker\u00fclhetetlen\u00fcl testi \u00e9rintkez\u00e9sbe ker\u00fclnek a nyers szennyv\u00edzzel, legk\u00e9s\u0151bb jav\u00edt\u00e1si munk\u00e1k sor\u00e1n. Az eg\u00e9szs\u00e9gk\u00e1rosod\u00e1sok elleni lehet\u0151 legjobb v\u00e9delem el\u00e9r\u00e9se \u00e9rdek\u00e9ben az OEKERMANN rendszereket \u00fagy tervezt\u00fck, hogy a szem\u00e9lyzet jav\u00edt\u00e1si munk\u00e1k sor\u00e1n se szennyez\u0151dhessenek be szennyv\u00edzzel.<\/p>\n<ul class=\"vorteile\">\n<li>Az OEKERMANN s\u0171r\u00edtettleveg\u0151s szivatty\u00fatelepeken a kezel\u0151szem\u00e9lyzet nem \u00e9rintkezik szennyv\u00edzzel.<\/li>\n<li>A rendszer azon r\u00e9szei, melyeken a szennyv\u00edz \u00e1tfolyik, nem tartalmaznak intenz\u00edv karbantart\u00e1st ig\u00e9nyl\u0151 vagy \u00e9rz\u00e9keny r\u00e9szegys\u00e9geket.<\/li>\n<li>Nincs olyan kapcsol\u00f3, rudazat, g\u00e9p\u00e9szeti vagy villamos r\u00e9szegys\u00e9g, melyet a szennyv\u00edz a m\u0171k\u00f6d\u00e9s\u00e9ben h\u00e1tr\u00e1nyosa befoly\u00e1solna.<\/li>\n<li><a href=\"https:\/\/www.oekermann.de\/themen\/geruchsfreiheit\/\">A szivatty\u00fak a szennyvizet mindig id\u0151ben \u00e9s teljes eg\u00e9sz\u00e9ben elszivatty\u00fazz\u00e1k.<\/a><\/li>\n<li><a href=\"https:\/\/www.oekermann.de\/vorteile\/foerderung-geringer-wassermengen\/\">A nyom\u00f3vezet\u00e9kek mindig id\u0151ben messzemen\u0151en ki\u00fcr\u00fclnek.<\/a><\/li>\n<\/ul>\n<p>Ezzel \u00e9les ellent\u00e9tben \u00e1llnak pl. a mer\u00fcl\u0151motoros szivatty\u00fak, melyekn\u00e9l egyed\u00fcl csak a szivatty\u00faakn\u00e1ban l\u00e9v\u0151 \u00fasz\u00f3 anyagok nemcsak gusztustalanok, hanem nagy m\u00e9rt\u00e9kben eg\u00e9szs\u00e9gre vesz\u00e9lyesek is.<\/p>\n<p><img decoding=\"async\" class=\"img-1\" src=\"\/res\/abwasser-uebergabeschaechte-im-vergleich.jpg\" alt=\"Abwasser-\u00dcbergabeschaechte im Vergleich\" \/><\/p>\n<section class=\"downloads\">\n<div class=\" animate-in\" data-anim-type=\"fade-in-right-big\" data-anim-delay=\"\">\n<div class=\"dl-wrapper\">\n<h2>Let\u00f6lt\u00e9sek a t\u00e9m\u00e1hoz:<\/h2>\n<ul class=\"dl-files\">\n<li class=\"pdf-file-1\"><a href=\"\/res\/pdf\/sonderdruckschriften\/OEKERMANN-Info-02-Die-wichtigsten-Einsatzgruende-fuer-unsere-pneumatischen-Abwasser-Foerderanlagen.pdf\" target=\"_blank\" rel=\"noopener noreferrer\"> A pneumatikus szennyv\u00edzsz\u00e1ll\u00edt\u00f3 rendszerek alkalmaz\u00e1s\u00e1nak legfontosabb okai <\/a><\/li>\n<\/ul>\n<div class=\"dl-all\"><a title=\"Kostenlose Downloads zur Pneumatischen Abwassertechnik\" href=\"https:\/\/www.oekermann.de\/downloads\/\">Ingyenes t\u00e1j\u00e9koztat\u00f3 anyag a pneumatikus szennyv\u00edztechnika t\u00e9m\u00e1j\u00e1ban<\/a><\/div>\n<\/div>\n<\/div>\n<\/section>\n<\/section>\n","protected":false},"excerpt":{"rendered":"<p>A kezel\u0151szem\u00e9lyzet eg\u00e9szs\u00e9g\u00e9nek t\u00e1mogat\u00e1sa A kommun\u00e1lis szennyv\u00edz sz\u00e1mos eg\u00e9szs\u00e9gre vesz\u00e9lyes anyagot tartalmaz. Ezek t\u00f6bbek k\u00f6z\u00f6tt v\u00edrusok \u00e9s bakt\u00e9riumok, ill. a legk\u00fcl\u00f6nf\u00e9l\u00e9bb cs\u00edr\u00e1k. Azonban a k\u00e9miai folyamatok legk\u00fcl\u00f6nb\u00f6z\u0151bb boml\u00e1sterm\u00e9kei vagy orvosi hullad\u00e9kok, ill. marad\u00e9k anyagok, melyek a v\u00edzben tal\u00e1lhat\u00f3k, eg\u00e9szs\u00e9gi probl\u00e9m\u00e1khoz, s\u0151t, betegs\u00e9gekhez is vezethetnek. K\u00fcl\u00f6n\u00f6sen a boml\u00e1sterm\u00e9kek jelentenek vesz\u00e9lyt a szennyv\u00edztelep szem\u00e9lyzet\u00e9re, mert ezek a<\/p>\n<p class=\"link-more\"><a href=\"https:\/\/www.oekermann.de\/hu\/temak\/higienia-es-egeszseg\/\" class=\"envor-btn\">Weiterlesen<span class=\"screen-reader-text\"> &#8220;Higi\u00e9nia \u00e9s eg\u00e9szs\u00e9g&#8221;<\/span><\/a><\/p>\n","protected":false},"author":1,"featured_media":0,"parent":5119,"menu_order":0,"comment_status":"closed","ping_status":"closed","template":"","meta":{"footnotes":""},"class_list":["post-5095","page","type-page","status-publish","hentry"],"yoast_head":"<!-- This site is optimized with the Yoast SEO plugin v27.4 - https:\/\/yoast.com\/product\/yoast-seo-wordpress\/ -->\n<title>Higi\u00e9nia \u00e9s eg\u00e9szs\u00e9g - Pneumatische F\u00f6rdertechnik - OEKERMANN Abwassertechnik<\/title>\n<meta name=\"robots\" content=\"index, follow, max-snippet:-1, max-image-preview:large, max-video-preview:-1\" \/>\n<link rel=\"canonical\" href=\"https:\/\/www.oekermann.de\/hu\/temak\/higienia-es-egeszseg\/\" \/>\n<meta property=\"og:locale\" content=\"hu_HU\" \/>\n<meta property=\"og:type\" content=\"article\" \/>\n<meta property=\"og:title\" content=\"Higi\u00e9nia \u00e9s eg\u00e9szs\u00e9g - Pneumatische F\u00f6rdertechnik - OEKERMANN Abwassertechnik\" \/>\n<meta property=\"og:description\" content=\"A kezel\u0151szem\u00e9lyzet eg\u00e9szs\u00e9g\u00e9nek t\u00e1mogat\u00e1sa A kommun\u00e1lis szennyv\u00edz sz\u00e1mos eg\u00e9szs\u00e9gre vesz\u00e9lyes anyagot tartalmaz. Ezek t\u00f6bbek k\u00f6z\u00f6tt v\u00edrusok \u00e9s bakt\u00e9riumok, ill. a legk\u00fcl\u00f6nf\u00e9l\u00e9bb cs\u00edr\u00e1k. Azonban a k\u00e9miai folyamatok legk\u00fcl\u00f6nb\u00f6z\u0151bb boml\u00e1sterm\u00e9kei vagy orvosi hullad\u00e9kok, ill. marad\u00e9k anyagok, melyek a v\u00edzben tal\u00e1lhat\u00f3k, eg\u00e9szs\u00e9gi probl\u00e9m\u00e1khoz, s\u0151t, betegs\u00e9gekhez is vezethetnek. K\u00fcl\u00f6n\u00f6sen a boml\u00e1sterm\u00e9kek jelentenek vesz\u00e9lyt a szennyv\u00edztelep szem\u00e9lyzet\u00e9re, mert ezek aWeiterlesen &quot;Higi\u00e9nia \u00e9s eg\u00e9szs\u00e9g&quot;\" \/>\n<meta property=\"og:url\" content=\"https:\/\/www.oekermann.de\/hu\/temak\/higienia-es-egeszseg\/\" \/>\n<meta property=\"og:site_name\" content=\"Pneumatische F\u00f6rdertechnik - OEKERMANN Abwassertechnik\" \/>\n<meta property=\"article:publisher\" content=\"https:\/\/www.facebook.com\/pages\/Oekermann-Abwassertechnik\/1007781205906685\" \/>\n<meta property=\"article:modified_time\" content=\"2025-06-11T12:53:16+00:00\" \/>\n<meta name=\"twitter:card\" content=\"summary_large_image\" \/>\n<meta name=\"twitter:site\" content=\"@Oekermann\" \/>\n<meta name=\"twitter:label1\" content=\"Est. reading time\" \/>\n\t<meta name=\"twitter:data1\" content=\"2 minutes\" \/>\n<script type=\"application\/ld+json\" class=\"yoast-schema-graph\">{\"@context\":\"https:\\\/\\\/schema.org\",\"@graph\":[{\"@type\":\"WebPage\",\"@id\":\"https:\\\/\\\/www.oekermann.de\\\/hu\\\/temak\\\/higienia-es-egeszseg\\\/\",\"url\":\"https:\\\/\\\/www.oekermann.de\\\/hu\\\/temak\\\/higienia-es-egeszseg\\\/\",\"name\":\"Higi\u00e9nia \u00e9s eg\u00e9szs\u00e9g - Pneumatische F\u00f6rdertechnik - OEKERMANN Abwassertechnik\",\"isPartOf\":{\"@id\":\"https:\\\/\\\/www.oekermann.de\\\/#website\"},\"datePublished\":\"2022-06-30T07:07:38+00:00\",\"dateModified\":\"2025-06-11T12:53:16+00:00\",\"breadcrumb\":{\"@id\":\"https:\\\/\\\/www.oekermann.de\\\/hu\\\/temak\\\/higienia-es-egeszseg\\\/#breadcrumb\"},\"inLanguage\":\"hu-HU\",\"potentialAction\":[{\"@type\":\"ReadAction\",\"target\":[\"https:\\\/\\\/www.oekermann.de\\\/hu\\\/temak\\\/higienia-es-egeszseg\\\/\"]}]},{\"@type\":\"BreadcrumbList\",\"@id\":\"https:\\\/\\\/www.oekermann.de\\\/hu\\\/temak\\\/higienia-es-egeszseg\\\/#breadcrumb\",\"itemListElement\":[{\"@type\":\"ListItem\",\"position\":1,\"name\":\"Startseite\",\"item\":\"https:\\\/\\\/www.oekermann.de\\\/hu\\\/\"},{\"@type\":\"ListItem\",\"position\":2,\"name\":\"T\u00e9m\u00e1k\",\"item\":\"https:\\\/\\\/www.oekermann.de\\\/hu\\\/temak\\\/\"},{\"@type\":\"ListItem\",\"position\":3,\"name\":\"Higi\u00e9nia \u00e9s eg\u00e9szs\u00e9g\"}]},{\"@type\":\"WebSite\",\"@id\":\"https:\\\/\\\/www.oekermann.de\\\/#website\",\"url\":\"https:\\\/\\\/www.oekermann.de\\\/\",\"name\":\"Pneumatische F\u00f6rdertechnik - OEKERMANN Abwassertechnik\",\"description\":\"\",\"potentialAction\":[{\"@type\":\"SearchAction\",\"target\":{\"@type\":\"EntryPoint\",\"urlTemplate\":\"https:\\\/\\\/www.oekermann.de\\\/?s={search_term_string}\"},\"query-input\":{\"@type\":\"PropertyValueSpecification\",\"valueRequired\":true,\"valueName\":\"search_term_string\"}}],\"inLanguage\":\"hu-HU\"}]}<\/script>\n<!-- \/ Yoast SEO plugin. -->","yoast_head_json":{"title":"Higi\u00e9nia \u00e9s eg\u00e9szs\u00e9g - Pneumatische F\u00f6rdertechnik - OEKERMANN Abwassertechnik","robots":{"index":"index","follow":"follow","max-snippet":"max-snippet:-1","max-image-preview":"max-image-preview:large","max-video-preview":"max-video-preview:-1"},"canonical":"https:\/\/www.oekermann.de\/hu\/temak\/higienia-es-egeszseg\/","og_locale":"hu_HU","og_type":"article","og_title":"Higi\u00e9nia \u00e9s eg\u00e9szs\u00e9g - Pneumatische F\u00f6rdertechnik - OEKERMANN Abwassertechnik","og_description":"A kezel\u0151szem\u00e9lyzet eg\u00e9szs\u00e9g\u00e9nek t\u00e1mogat\u00e1sa A kommun\u00e1lis szennyv\u00edz sz\u00e1mos eg\u00e9szs\u00e9gre vesz\u00e9lyes anyagot tartalmaz. Ezek t\u00f6bbek k\u00f6z\u00f6tt v\u00edrusok \u00e9s bakt\u00e9riumok, ill. a legk\u00fcl\u00f6nf\u00e9l\u00e9bb cs\u00edr\u00e1k. Azonban a k\u00e9miai folyamatok legk\u00fcl\u00f6nb\u00f6z\u0151bb boml\u00e1sterm\u00e9kei vagy orvosi hullad\u00e9kok, ill. marad\u00e9k anyagok, melyek a v\u00edzben tal\u00e1lhat\u00f3k, eg\u00e9szs\u00e9gi probl\u00e9m\u00e1khoz, s\u0151t, betegs\u00e9gekhez is vezethetnek. K\u00fcl\u00f6n\u00f6sen a boml\u00e1sterm\u00e9kek jelentenek vesz\u00e9lyt a szennyv\u00edztelep szem\u00e9lyzet\u00e9re, mert ezek aWeiterlesen \"Higi\u00e9nia \u00e9s eg\u00e9szs\u00e9g\"","og_url":"https:\/\/www.oekermann.de\/hu\/temak\/higienia-es-egeszseg\/","og_site_name":"Pneumatische F\u00f6rdertechnik - OEKERMANN Abwassertechnik","article_publisher":"https:\/\/www.facebook.com\/pages\/Oekermann-Abwassertechnik\/1007781205906685","article_modified_time":"2025-06-11T12:53:16+00:00","twitter_card":"summary_large_image","twitter_site":"@Oekermann","twitter_misc":{"Est. reading time":"2 minutes"},"schema":{"@context":"https:\/\/schema.org","@graph":[{"@type":"WebPage","@id":"https:\/\/www.oekermann.de\/hu\/temak\/higienia-es-egeszseg\/","url":"https:\/\/www.oekermann.de\/hu\/temak\/higienia-es-egeszseg\/","name":"Higi\u00e9nia \u00e9s eg\u00e9szs\u00e9g - Pneumatische F\u00f6rdertechnik - OEKERMANN Abwassertechnik","isPartOf":{"@id":"https:\/\/www.oekermann.de\/#website"},"datePublished":"2022-06-30T07:07:38+00:00","dateModified":"2025-06-11T12:53:16+00:00","breadcrumb":{"@id":"https:\/\/www.oekermann.de\/hu\/temak\/higienia-es-egeszseg\/#breadcrumb"},"inLanguage":"hu-HU","potentialAction":[{"@type":"ReadAction","target":["https:\/\/www.oekermann.de\/hu\/temak\/higienia-es-egeszseg\/"]}]},{"@type":"BreadcrumbList","@id":"https:\/\/www.oekermann.de\/hu\/temak\/higienia-es-egeszseg\/#breadcrumb","itemListElement":[{"@type":"ListItem","position":1,"name":"Startseite","item":"https:\/\/www.oekermann.de\/hu\/"},{"@type":"ListItem","position":2,"name":"T\u00e9m\u00e1k","item":"https:\/\/www.oekermann.de\/hu\/temak\/"},{"@type":"ListItem","position":3,"name":"Higi\u00e9nia \u00e9s eg\u00e9szs\u00e9g"}]},{"@type":"WebSite","@id":"https:\/\/www.oekermann.de\/#website","url":"https:\/\/www.oekermann.de\/","name":"Pneumatische F\u00f6rdertechnik - OEKERMANN Abwassertechnik","description":"","potentialAction":[{"@type":"SearchAction","target":{"@type":"EntryPoint","urlTemplate":"https:\/\/www.oekermann.de\/?s={search_term_string}"},"query-input":{"@type":"PropertyValueSpecification","valueRequired":true,"valueName":"search_term_string"}}],"inLanguage":"hu-HU"}]}},"_links":{"self":[{"href":"https:\/\/www.oekermann.de\/hu\/wp-json\/wp\/v2\/pages\/5095","targetHints":{"allow":["GET"]}}],"collection":[{"href":"https:\/\/www.oekermann.de\/hu\/wp-json\/wp\/v2\/pages"}],"about":[{"href":"https:\/\/www.oekermann.de\/hu\/wp-json\/wp\/v2\/types\/page"}],"author":[{"embeddable":true,"href":"https:\/\/www.oekermann.de\/hu\/wp-json\/wp\/v2\/users\/1"}],"replies":[{"embeddable":true,"href":"https:\/\/www.oekermann.de\/hu\/wp-json\/wp\/v2\/comments?post=5095"}],"version-history":[{"count":1,"href":"https:\/\/www.oekermann.de\/hu\/wp-json\/wp\/v2\/pages\/5095\/revisions"}],"predecessor-version":[{"id":5122,"href":"https:\/\/www.oekermann.de\/hu\/wp-json\/wp\/v2\/pages\/5095\/revisions\/5122"}],"up":[{"embeddable":true,"href":"https:\/\/www.oekermann.de\/hu\/wp-json\/wp\/v2\/pages\/5119"}],"wp:attachment":[{"href":"https:\/\/www.oekermann.de\/hu\/wp-json\/wp\/v2\/media?parent=5095"}],"curies":[{"name":"wp","href":"https:\/\/api.w.org\/{rel}","templated":true}]}}