{"id":5096,"date":"2022-06-30T09:08:12","date_gmt":"2022-06-30T07:08:12","guid":{"rendered":"https:\/\/www.oekermann.de\/?page_id=5096"},"modified":"2025-06-11T14:53:17","modified_gmt":"2025-06-11T12:53:17","slug":"viz-es-szennyviz","status":"publish","type":"page","link":"https:\/\/www.oekermann.de\/hu\/temak\/viz-es-szennyviz\/","title":{"rendered":"V\u00edz \u00e9s szennyv\u00edz"},"content":{"rendered":"<section>A \u201ev\u00edz\u201d molekula nemcsak ak\u00e1rmilyen anyag, hanem t\u00f6bb mint 70%-\u00e1val emberi test\u00fcnk f\u0151 alkot\u00f3r\u00e9sze.<\/p>\n<p>Az \u00e1ltalunk emberek \u00e1ltal abb\u00f3l a c\u00e9lb\u00f3l kifejlesztett sokf\u00e9le \u00e9s kifinomult k\u00e9miai \u00e9s m\u0171szaki elj\u00e1r\u00e1s, hogy a \u201eszennyv\u00edzb\u0151l\u201d \u00fajb\u00f3l iv\u00f3- vagy haszn\u00e1lati vizet \u00e1ll\u00edtsunk el\u0151, kiemelt jelent\u0151s\u00e9ggel b\u00edr az eg\u00e9szs\u00e9g\u00fcnk, az \u00e9letmin\u0151s\u00e9g\u00fcnk \u00e9s az alapell\u00e1t\u00e1s szempontj\u00e1b\u00f3l.<\/p>\n<p>&nbsp;<\/p>\n<p>A szennyv\u00edzszektorban sz\u00e1mtalan ember \u00e9s c\u00e9g folytat tev\u00e9kenys\u00e9get. Azonban k\u00f6z\u00fcl\u00fcnk, az orsz\u00e1g polg\u00e1rai k\u00f6z\u00fcl sokan, akik nem vagy csak alig ker\u00fclnek \u00e9rintkez\u00e9sbe a szennyv\u00edz \u00e1gazattal, alig ismerik azokat a folyamatokat, amelyek a szennyv\u00edztiszt\u00edt\u00f3 telepeken, a szennyv\u00edzcsatorn\u00e1kban \u00e9s a nyom\u00f3cs\u00f6vekben nap mint nap zajlanak, amint azt sz\u00e1mos besz\u00e9lget\u00e9sb\u0151l le tudtuk sz\u0171rni.<\/p>\n<p>Tal\u00e1n m\u00e9g ink\u00e1bb, mint a j\u00f3l ismert mond\u00e1sn\u00e1l, mely szerint \u201eaz \u00e1ram a konnektorb\u00f3l j\u00f6n\u201d, gyakran mag\u00e1t\u00f3l \u00e9rtet\u0151d\u0151nek vessz\u00fck, hogy a tiszta v\u00edz a v\u00edzvezet\u00e9kb\u0151l folyik. Sz\u00e1momra mindenekel\u0151tt akkor t\u0171nik fel a szennyv\u00edz-tiszt\u00edt\u00e1s, ill. -\u00fajrafeldolgoz\u00e1s N\u00e9metorsz\u00e1gi Sz\u00f6vets\u00e9gi K\u00f6zt\u00e1rsas\u00e1g-szerte magas szintje, amikor olyan orsz\u00e1gokban vagyok szabads\u00e1gon, ahol azt tan\u00e1csolj\u00e1k, hogy a vizet m\u00e9g fogmos\u00e1shoz is forraljuk fel el\u0151z\u0151leg. Vagy ha n\u00e9mely orsz\u00e1gban a szennyvizet egyszer\u0171en a tengerbe vagy foly\u00f3kba engedik, ami nem t\u00fal r\u00e9gen r\u00e9szben m\u00e9g n\u00e1lunk is \u00edgy t\u00f6rt\u00e9nt\u2026Rossz dolog, amikor az embereknek naponta gy\u0171jt\u0151helyekr\u0151l, kann\u00e1ban kell hordani a vizet, nem besz\u00e9lve arr\u00f3l, amikor m\u00e9g ez sem lehets\u00e9ges.<\/p>\n<p>Pneumatikus szennyv\u00edzsz\u00e1ll\u00edt\u00f3 rendszereinkkel, melyek alkalmaz\u00e1sa bizonyos alkalmaz\u00e1si esetekben \u00e9szszer\u0171, megpr\u00f3b\u00e1lunk szer\u00e9nyen hozz\u00e1j\u00e1rulni a szennyv\u00edz-elvezet\u00e9si feladatok megold\u00e1s\u00e1hoz. Mert a \u201es\u0171r\u00edtett leveg\u0151vel t\u00f6rt\u00e9n\u0151 szennyv\u00edzsz\u00e1ll\u00edt\u00e1s\u201d eset\u00e9ben m\u00e1r megt\u00f6rt\u00e9nik a szennyv\u00edz el\u0151der\u00edt\u00e9se, \u00e9s megakad\u00e1lyoz\u00e1sra ker\u00fcl a szennyv\u00edzmin\u0151s\u00e9g roml\u00e1sa, am\u00edg m\u00e9g nincs a szennyv\u00edztiszt\u00edt\u00f3 telepen.<\/p>\n<p>A v\u00edz \u00e9s szennyv\u00edztiszt\u00edt\u00e1s jelent\u0151s\u00e9g\u00e9t a d\u00e9li sz\u00f6vets\u00e9gi tartom\u00e1nyokban a mai napig gyakran nyilv\u00e1nosan elismerik, p\u00e9ld\u00e1ul egy \u00faj szennyv\u00edztiszt\u00edt\u00f3 telep \u00fczembe helyez\u00e9sekor. Nem ritka az sem, hogy ez a hat\u00f3s\u00e1gok, n\u00e9ha ak\u00e1r az egyh\u00e1z r\u00e9sz\u00e9r\u0151l is \u00fcnnep\u00e9lyes aktus keret\u00e9ben t\u00f6rt\u00e9nik, amely sor\u00e1n \u00e9rdekes \u00e9s \u00e1tfog\u00f3 besz\u00e9deket tartanak a t\u00e9m\u00e1val kapcsolatban, a v\u00edz t\u00f6rt\u00e9nelmi h\u00e1tter\u00e9vel \u00e9s vall\u00e1si vonatkoz\u00e1saival egy\u00fctt.<\/p>\n<p>\u00cdgy nemcsak az a fontos, ami a f\u00f6ld felett t\u00f6rt\u00e9nik, hanem az is, ami a felsz\u00edn alatt.<\/p>\n<ul id=\"ifat-gal-1\" class=\"list-3\">\n<li><img decoding=\"async\" class=\"img-1\" src=\"\/wp-content\/uploads\/2016\/03\/Wasser-und-Abwasser-Einweihung.jpg\" alt=\"Wasser und Abwasser - Einweihung\" width=\"440\" \/><\/li>\n<li><img decoding=\"async\" class=\"img-1\" src=\"\/wp-content\/uploads\/2016\/03\/Wasser-und-Abwasser-Einweihung-2.jpg\" alt=\"Wasser und Abwasser - Einweihung\" width=\"440\" \/><\/li>\n<\/ul>\n<ul class=\"dl-files\">\n<li class=\"pdf-file-1\"><a href=\"\/res\/pdf\/sonderdruckschriften\/OEKERMANN-Info-09-Verhinderung-von-Ablagerungs-und-Sulfidproblemen-durch-pneumatische-Abwasserfoerderung.pdf\" target=\"_blank\" rel=\"noopener\"> A lerak\u00f3d\u00e1sok \u00e9s a szulfidok okozta probl\u00e9m\u00e1k megakad\u00e1lyoz\u00e1sa pneumatikus szennyv\u00edzsz\u00e1ll\u00edt\u00e1ssal <\/a><\/li>\n<\/ul>\n<p class=\"clearer\">\n<p>Valamennyi ingyenes t\u00e1j\u00e9koztat\u00f3 anyagunk teljes \u00e1ttekint\u00e9se a <a title=\"Alle kostenlosen Informationen zum Thema Abwassertechnik als Downloads\" href=\"https:\/\/www.oekermann.de\/downloads\/\">Let\u00f6lt\u00e9sek<\/a> oldalunkon tal\u00e1lhat\u00f3.<\/p>\n<\/section>\n","protected":false},"excerpt":{"rendered":"<p>A \u201ev\u00edz\u201d molekula nemcsak ak\u00e1rmilyen anyag, hanem t\u00f6bb mint 70%-\u00e1val emberi test\u00fcnk f\u0151 alkot\u00f3r\u00e9sze. Az \u00e1ltalunk emberek \u00e1ltal abb\u00f3l a c\u00e9lb\u00f3l kifejlesztett sokf\u00e9le \u00e9s kifinomult k\u00e9miai \u00e9s m\u0171szaki elj\u00e1r\u00e1s, hogy a \u201eszennyv\u00edzb\u0151l\u201d \u00fajb\u00f3l iv\u00f3- vagy haszn\u00e1lati vizet \u00e1ll\u00edtsunk el\u0151, kiemelt jelent\u0151s\u00e9ggel b\u00edr az eg\u00e9szs\u00e9g\u00fcnk, az \u00e9letmin\u0151s\u00e9g\u00fcnk \u00e9s az alapell\u00e1t\u00e1s szempontj\u00e1b\u00f3l. &nbsp; A szennyv\u00edzszektorban sz\u00e1mtalan ember<\/p>\n<p class=\"link-more\"><a href=\"https:\/\/www.oekermann.de\/hu\/temak\/viz-es-szennyviz\/\" class=\"envor-btn\">Weiterlesen<span class=\"screen-reader-text\"> &#8220;V\u00edz \u00e9s szennyv\u00edz&#8221;<\/span><\/a><\/p>\n","protected":false},"author":1,"featured_media":0,"parent":5119,"menu_order":0,"comment_status":"closed","ping_status":"closed","template":"","meta":{"footnotes":""},"class_list":["post-5096","page","type-page","status-publish","hentry"],"yoast_head":"<!-- This site is optimized with the Yoast SEO plugin v27.4 - https:\/\/yoast.com\/product\/yoast-seo-wordpress\/ -->\n<title>V\u00edz \u00e9s szennyv\u00edz - Pneumatische F\u00f6rdertechnik - OEKERMANN Abwassertechnik<\/title>\n<meta name=\"robots\" content=\"index, follow, max-snippet:-1, max-image-preview:large, max-video-preview:-1\" \/>\n<link rel=\"canonical\" href=\"https:\/\/www.oekermann.de\/hu\/temak\/viz-es-szennyviz\/\" \/>\n<meta property=\"og:locale\" content=\"hu_HU\" \/>\n<meta property=\"og:type\" content=\"article\" \/>\n<meta property=\"og:title\" content=\"V\u00edz \u00e9s szennyv\u00edz - Pneumatische F\u00f6rdertechnik - OEKERMANN Abwassertechnik\" \/>\n<meta property=\"og:description\" content=\"A \u201ev\u00edz\u201d molekula nemcsak ak\u00e1rmilyen anyag, hanem t\u00f6bb mint 70%-\u00e1val emberi test\u00fcnk f\u0151 alkot\u00f3r\u00e9sze. Az \u00e1ltalunk emberek \u00e1ltal abb\u00f3l a c\u00e9lb\u00f3l kifejlesztett sokf\u00e9le \u00e9s kifinomult k\u00e9miai \u00e9s m\u0171szaki elj\u00e1r\u00e1s, hogy a \u201eszennyv\u00edzb\u0151l\u201d \u00fajb\u00f3l iv\u00f3- vagy haszn\u00e1lati vizet \u00e1ll\u00edtsunk el\u0151, kiemelt jelent\u0151s\u00e9ggel b\u00edr az eg\u00e9szs\u00e9g\u00fcnk, az \u00e9letmin\u0151s\u00e9g\u00fcnk \u00e9s az alapell\u00e1t\u00e1s szempontj\u00e1b\u00f3l. &nbsp; A szennyv\u00edzszektorban sz\u00e1mtalan emberWeiterlesen &quot;V\u00edz \u00e9s szennyv\u00edz&quot;\" \/>\n<meta property=\"og:url\" content=\"https:\/\/www.oekermann.de\/hu\/temak\/viz-es-szennyviz\/\" \/>\n<meta property=\"og:site_name\" content=\"Pneumatische F\u00f6rdertechnik - OEKERMANN Abwassertechnik\" \/>\n<meta property=\"article:publisher\" content=\"https:\/\/www.facebook.com\/pages\/Oekermann-Abwassertechnik\/1007781205906685\" \/>\n<meta property=\"article:modified_time\" content=\"2025-06-11T12:53:17+00:00\" \/>\n<meta name=\"twitter:card\" content=\"summary_large_image\" \/>\n<meta name=\"twitter:site\" content=\"@Oekermann\" \/>\n<meta name=\"twitter:label1\" content=\"Est. reading time\" \/>\n\t<meta name=\"twitter:data1\" content=\"3 minutes\" \/>\n<script type=\"application\/ld+json\" class=\"yoast-schema-graph\">{\"@context\":\"https:\\\/\\\/schema.org\",\"@graph\":[{\"@type\":\"WebPage\",\"@id\":\"https:\\\/\\\/www.oekermann.de\\\/hu\\\/temak\\\/viz-es-szennyviz\\\/\",\"url\":\"https:\\\/\\\/www.oekermann.de\\\/hu\\\/temak\\\/viz-es-szennyviz\\\/\",\"name\":\"V\u00edz \u00e9s szennyv\u00edz - Pneumatische F\u00f6rdertechnik - OEKERMANN Abwassertechnik\",\"isPartOf\":{\"@id\":\"https:\\\/\\\/www.oekermann.de\\\/#website\"},\"datePublished\":\"2022-06-30T07:08:12+00:00\",\"dateModified\":\"2025-06-11T12:53:17+00:00\",\"breadcrumb\":{\"@id\":\"https:\\\/\\\/www.oekermann.de\\\/hu\\\/temak\\\/viz-es-szennyviz\\\/#breadcrumb\"},\"inLanguage\":\"hu-HU\",\"potentialAction\":[{\"@type\":\"ReadAction\",\"target\":[\"https:\\\/\\\/www.oekermann.de\\\/hu\\\/temak\\\/viz-es-szennyviz\\\/\"]}]},{\"@type\":\"BreadcrumbList\",\"@id\":\"https:\\\/\\\/www.oekermann.de\\\/hu\\\/temak\\\/viz-es-szennyviz\\\/#breadcrumb\",\"itemListElement\":[{\"@type\":\"ListItem\",\"position\":1,\"name\":\"Startseite\",\"item\":\"https:\\\/\\\/www.oekermann.de\\\/hu\\\/\"},{\"@type\":\"ListItem\",\"position\":2,\"name\":\"T\u00e9m\u00e1k\",\"item\":\"https:\\\/\\\/www.oekermann.de\\\/hu\\\/temak\\\/\"},{\"@type\":\"ListItem\",\"position\":3,\"name\":\"V\u00edz \u00e9s szennyv\u00edz\"}]},{\"@type\":\"WebSite\",\"@id\":\"https:\\\/\\\/www.oekermann.de\\\/#website\",\"url\":\"https:\\\/\\\/www.oekermann.de\\\/\",\"name\":\"Pneumatische F\u00f6rdertechnik - OEKERMANN Abwassertechnik\",\"description\":\"\",\"potentialAction\":[{\"@type\":\"SearchAction\",\"target\":{\"@type\":\"EntryPoint\",\"urlTemplate\":\"https:\\\/\\\/www.oekermann.de\\\/?s={search_term_string}\"},\"query-input\":{\"@type\":\"PropertyValueSpecification\",\"valueRequired\":true,\"valueName\":\"search_term_string\"}}],\"inLanguage\":\"hu-HU\"}]}<\/script>\n<!-- \/ Yoast SEO plugin. -->","yoast_head_json":{"title":"V\u00edz \u00e9s szennyv\u00edz - Pneumatische F\u00f6rdertechnik - OEKERMANN Abwassertechnik","robots":{"index":"index","follow":"follow","max-snippet":"max-snippet:-1","max-image-preview":"max-image-preview:large","max-video-preview":"max-video-preview:-1"},"canonical":"https:\/\/www.oekermann.de\/hu\/temak\/viz-es-szennyviz\/","og_locale":"hu_HU","og_type":"article","og_title":"V\u00edz \u00e9s szennyv\u00edz - Pneumatische F\u00f6rdertechnik - OEKERMANN Abwassertechnik","og_description":"A \u201ev\u00edz\u201d molekula nemcsak ak\u00e1rmilyen anyag, hanem t\u00f6bb mint 70%-\u00e1val emberi test\u00fcnk f\u0151 alkot\u00f3r\u00e9sze. Az \u00e1ltalunk emberek \u00e1ltal abb\u00f3l a c\u00e9lb\u00f3l kifejlesztett sokf\u00e9le \u00e9s kifinomult k\u00e9miai \u00e9s m\u0171szaki elj\u00e1r\u00e1s, hogy a \u201eszennyv\u00edzb\u0151l\u201d \u00fajb\u00f3l iv\u00f3- vagy haszn\u00e1lati vizet \u00e1ll\u00edtsunk el\u0151, kiemelt jelent\u0151s\u00e9ggel b\u00edr az eg\u00e9szs\u00e9g\u00fcnk, az \u00e9letmin\u0151s\u00e9g\u00fcnk \u00e9s az alapell\u00e1t\u00e1s szempontj\u00e1b\u00f3l. &nbsp; A szennyv\u00edzszektorban sz\u00e1mtalan emberWeiterlesen \"V\u00edz \u00e9s szennyv\u00edz\"","og_url":"https:\/\/www.oekermann.de\/hu\/temak\/viz-es-szennyviz\/","og_site_name":"Pneumatische F\u00f6rdertechnik - OEKERMANN Abwassertechnik","article_publisher":"https:\/\/www.facebook.com\/pages\/Oekermann-Abwassertechnik\/1007781205906685","article_modified_time":"2025-06-11T12:53:17+00:00","twitter_card":"summary_large_image","twitter_site":"@Oekermann","twitter_misc":{"Est. reading time":"3 minutes"},"schema":{"@context":"https:\/\/schema.org","@graph":[{"@type":"WebPage","@id":"https:\/\/www.oekermann.de\/hu\/temak\/viz-es-szennyviz\/","url":"https:\/\/www.oekermann.de\/hu\/temak\/viz-es-szennyviz\/","name":"V\u00edz \u00e9s szennyv\u00edz - Pneumatische F\u00f6rdertechnik - OEKERMANN Abwassertechnik","isPartOf":{"@id":"https:\/\/www.oekermann.de\/#website"},"datePublished":"2022-06-30T07:08:12+00:00","dateModified":"2025-06-11T12:53:17+00:00","breadcrumb":{"@id":"https:\/\/www.oekermann.de\/hu\/temak\/viz-es-szennyviz\/#breadcrumb"},"inLanguage":"hu-HU","potentialAction":[{"@type":"ReadAction","target":["https:\/\/www.oekermann.de\/hu\/temak\/viz-es-szennyviz\/"]}]},{"@type":"BreadcrumbList","@id":"https:\/\/www.oekermann.de\/hu\/temak\/viz-es-szennyviz\/#breadcrumb","itemListElement":[{"@type":"ListItem","position":1,"name":"Startseite","item":"https:\/\/www.oekermann.de\/hu\/"},{"@type":"ListItem","position":2,"name":"T\u00e9m\u00e1k","item":"https:\/\/www.oekermann.de\/hu\/temak\/"},{"@type":"ListItem","position":3,"name":"V\u00edz \u00e9s szennyv\u00edz"}]},{"@type":"WebSite","@id":"https:\/\/www.oekermann.de\/#website","url":"https:\/\/www.oekermann.de\/","name":"Pneumatische F\u00f6rdertechnik - OEKERMANN Abwassertechnik","description":"","potentialAction":[{"@type":"SearchAction","target":{"@type":"EntryPoint","urlTemplate":"https:\/\/www.oekermann.de\/?s={search_term_string}"},"query-input":{"@type":"PropertyValueSpecification","valueRequired":true,"valueName":"search_term_string"}}],"inLanguage":"hu-HU"}]}},"_links":{"self":[{"href":"https:\/\/www.oekermann.de\/hu\/wp-json\/wp\/v2\/pages\/5096","targetHints":{"allow":["GET"]}}],"collection":[{"href":"https:\/\/www.oekermann.de\/hu\/wp-json\/wp\/v2\/pages"}],"about":[{"href":"https:\/\/www.oekermann.de\/hu\/wp-json\/wp\/v2\/types\/page"}],"author":[{"embeddable":true,"href":"https:\/\/www.oekermann.de\/hu\/wp-json\/wp\/v2\/users\/1"}],"replies":[{"embeddable":true,"href":"https:\/\/www.oekermann.de\/hu\/wp-json\/wp\/v2\/comments?post=5096"}],"version-history":[{"count":1,"href":"https:\/\/www.oekermann.de\/hu\/wp-json\/wp\/v2\/pages\/5096\/revisions"}],"predecessor-version":[{"id":5123,"href":"https:\/\/www.oekermann.de\/hu\/wp-json\/wp\/v2\/pages\/5096\/revisions\/5123"}],"up":[{"embeddable":true,"href":"https:\/\/www.oekermann.de\/hu\/wp-json\/wp\/v2\/pages\/5119"}],"wp:attachment":[{"href":"https:\/\/www.oekermann.de\/hu\/wp-json\/wp\/v2\/media?parent=5096"}],"curies":[{"name":"wp","href":"https:\/\/api.w.org\/{rel}","templated":true}]}}