{"id":5097,"date":"2022-06-29T23:51:32","date_gmt":"2022-06-29T21:51:32","guid":{"rendered":"https:\/\/www.oekermann.de\/?page_id=5097"},"modified":"2025-06-11T14:53:16","modified_gmt":"2025-06-11T12:53:16","slug":"szagmentesseg","status":"publish","type":"page","link":"https:\/\/www.oekermann.de\/hu\/temak\/szagmentesseg\/","title":{"rendered":"Szagmentess\u00e9g"},"content":{"rendered":"<p>Az OEKERMANN pneumatikus szennyv\u00edzsz\u00e1ll\u00edt\u00f3 rendszerei mindenekel\u0151tt azzal t\u0171nnek ki, hogy nincs szagterhel\u00e9s, sem mag\u00e1n a szivatty\u00fatelep helysz\u00edn\u00e9n, sem pedig az \u00e1temel\u0151 akn\u00e1n\u00e1l.<\/p>\n<p>Ha a szennyv\u00edz <a href=\"https:\/\/www.oekermann.de\/vorteile\/druckleitungen\/\">\u201c(nyom\u00f3-) cs\u0151vezet\u00e9kekben\u201c<\/a>, akn\u00e1kban vagy (gravit\u00e1ci\u00f3s-)csatorn\u00e1kban hosszabb ideig oxig\u00e9n hozz\u00e1ad\u00e1sa n\u00e9lk\u00fcl \u201e\u00e1ll\u201d, akkor az \u00fagynevezett <a href=\"https:\/\/www.oekermann.de\/vorteile\/foerderung-geringer-wassermengen\/\">\u201erothad\u00e1si folyamat\u201d<\/a> alakul ki.<\/p>\n<p>Ez azt jelenti, hogy az eddig m\u00e1r mindenk\u00e9ppen kellemetlen szag\u00fa szennyv\u00edz poshadni vagy rothadni kezd, ami a k\u00f6vetkez\u0151 negat\u00edv jelens\u00e9gekhez vezethet:<\/p>\n<ul class=\"list-4\">\n<li>A k\u00f6zelben lak\u00f3kat \u00e9s a kezel\u0151szem\u00e9lyzetet (pl. a szennyv\u00edztelepen dolgoz\u00f3kat \u00e9s m\u00e1s \u00f6nkorm\u00e1nyzati dolgoz\u00f3kat) \u00e9r\u0151 szagterhel\u00e9s (a k\u00e9nhidrog\u00e9nnek rossz szaga van, \u201ez\u00e1ptoj\u00e1s szag\u00fa\u201d)<\/li>\n<li>S\u0151t, megfelel\u0151 koncentr\u00e1ci\u00f3 eset\u00e9n ak\u00e1r eg\u00e9szs\u00e9gk\u00e1rosod\u00e1s (a k\u00e9nhidrog\u00e9n m\u00e9rgez\u0151) is t\u00f6rt\u00e9nik, pl. a szem, az orr \u00e9s a torok ny\u00e1lkah\u00e1rty\u00e1j\u00e1nak az irrit\u00e1ci\u00f3ja. Ezenk\u00edv\u00fcl fejf\u00e1j\u00e1s, l\u00e9gz\u00e9si panaszok, h\u00e1nyinger, a szagl\u00f3receptorok el\u00e9rz\u00e9ketlened\u00e9se, \u00e9s ak\u00e1r t\u00fcd\u0151vizeny\u0151s\u00f6d\u00e9s is el\u0151fordulhat.<\/li>\n<li>A v\u00f6r\u00f6sv\u00e9rtestek (hemoglobin) roncsol\u00e1sa<\/li>\n<li>Sz\u00e9ls\u0151s\u00e9ges esetben magas koncentr\u00e1ci\u00f3 eset\u00e9n l\u00e9gszomjat vagy ak\u00e1r hal\u00e1lt is okozhat.<\/li>\n<li>Ezenk\u00edv\u00fcl k\u00e1rosodhat a k\u00f6zponti \u00e9s esetleg a perif\u00e9ri\u00e1s idegrendszer is.<\/li>\n<li>Korr\u00f3zi\u00f3 okozta k\u00e1rok alakulnak ki a beton \u00e9p\u00edtm\u00e9nyeken \u00e9s ac\u00e9lelemeken is.<\/li>\n<\/ul>\n<p>Nemcsak az \u00e9letmin\u0151s\u00e9g\u00fcnk romlik sz\u00fcks\u00e9gtelen\u00fcl, hanem olyan \u00f6nkorm\u00e1nyzati dolgoz\u00f3k is eg\u00e9szs\u00e9gk\u00e1rosod\u00e1st szenvedhetnek, akiknek ilyen l\u00e9tes\u00edtm\u00e9nyekben kell dolgozniuk.<\/p>\n<h2>R\u00e9szletek a szennyv\u00edz rothad\u00e1si folyamat\u00e1hoz<\/h2>\n<p>K\u00e9miai \u00e9s biol\u00f3giai szempontb\u00f3l a cs\u0151vezet\u00e9kekben \u00e9s akn\u00e1kban tal\u00e1lhat\u00f3 szennyv\u00edz rothad\u00e1si folyamata sor\u00e1n r\u00f6viden ismertetve a k\u00f6vetkez\u0151 t\u00f6rt\u00e9nik:<\/p>\n<ol class=\"olist-1\">\n<li>K\u00e9miai \u00e9s mikrobiol\u00f3giai folyamatok \u00e1ltal elhaszn\u00e1l\u00f3dik a szennyv\u00edzben tal\u00e1lhat\u00f3 oxig\u00e9n. Egy \u00fagynevezett \u201eanaerob\u201d \u00e1llapotot kapunk.<\/li>\n<li>Ezenk\u00edv\u00fcl egy \u00fagynevezett \u201ebiofilmr\u00e9teg\u201d k\u00e9pz\u0151dik, ami k\u00fcl\u00f6nb\u00f6z\u0151 bakt\u00e9riumok fl\u00f3r\u00e1j\u00e1nak ad otthont.<\/li>\n<li>Elszaporodnak a szennyv\u00edzben tal\u00e1lhat\u00f3 szulf\u00e1treduk\u00e1l\u00f3 bakt\u00e9riumok. Ezek a bakt\u00e9riumok k\u00e9miai \u00faton a szulf\u00e1tot szulfidd\u00e1 reduk\u00e1lj\u00e1k. A keletkez\u0151 szulfidok hidrog\u00e9n-szulfid = k\u00e9nhidrog\u00e9n \u00e9s szerves poliszulfidok. A folyamat sor\u00e1n felszabadul\u00f3 energi\u00e1ra a bakt\u00e9riumoknak az \u00e9lethez van sz\u00fcks\u00e9g\u00fck.<\/li>\n<li>A szennyv\u00edzb\u0151l kig\u00e1zosod\u00f3 k\u00e9nhidrog\u00e9nben ekkor thiobakt\u00e9riumok \u00e9s thiobacilusok k\u00e9pz\u0151dnek. Ezek a thiobacilusok k\u00e9miai \u00faton a k\u00e9nhidrog\u00e9nt k\u00e9nsavv\u00e1 alak\u00edtj\u00e1k. Az \u00edgy keletkezett k\u00e9nsav ezzel szemben korr\u00f3zi\u00f3t okoz \u00e9p\u00edtm\u00e9nyeken.<\/li>\n<\/ol>\n<p>Az ezen k\u00e9miai \u00e9s biol\u00f3giai folyamatokra vonatkoz\u00f3 tov\u00e1bbi r\u00e9szletek az egyetemi szakirodalomban, az eg\u00e9szs\u00e9g\u00fcgyi \u00e9s r\u00e9szben \u00e9letvesz\u00e9lyes k\u00e1ros hat\u00e1sok pedig a megfelel\u0151 tanulm\u00e1nyokban tal\u00e1lhat\u00f3k.<\/p>\n<h2>A nevezett probl\u00e9m\u00e1k megold\u00e1sa:<\/h2>\n<p>Ezek a k\u00e9nhidrog\u00e9n \u00e9s k\u00e9nsav okozta vesz\u00e9lyek gyakran teljesen megakad\u00e1lyozhat\u00f3k az OEKERMANN pneumatikus sz\u00e1ll\u00edt\u00e1stechnik\u00e1val. K\u00e9rj\u00fck, ehhez olvassa el a weboldalon tal\u00e1lhat\u00f3 tov\u00e1bbi cikkeket \u00e9s <a href=\"https:\/\/www.oekermann.de\/downloads\/\"> a \u2019Let\u00f6lt\u00e9sek\u2019<\/a> alatti kiadv\u00e1nyokat. Szakembereink szint\u00e9n k\u00e9szs\u00e9ggel \u00e1llnak rendelkez\u00e9s\u00e9re tan\u00e1csad\u00e1sra a <a href=\"tel:00495213293830\">+49 (0)521 329 383 &#8211; 0<\/a> telefonsz\u00e1mon vagy telefonos egyeztet\u00e9st k\u00f6vet\u0151en <a href=\"https:\/\/www.oekermann.de\/kontakt\/ihre-ansprechpartner\/\">szem\u00e9lyesen.<\/a>.<\/p>\n","protected":false},"excerpt":{"rendered":"<p>Az OEKERMANN pneumatikus szennyv\u00edzsz\u00e1ll\u00edt\u00f3 rendszerei mindenekel\u0151tt azzal t\u0171nnek ki, hogy nincs szagterhel\u00e9s, sem mag\u00e1n a szivatty\u00fatelep helysz\u00edn\u00e9n, sem pedig az \u00e1temel\u0151 akn\u00e1n\u00e1l. Ha a szennyv\u00edz \u201c(nyom\u00f3-) cs\u0151vezet\u00e9kekben\u201c, akn\u00e1kban vagy (gravit\u00e1ci\u00f3s-)csatorn\u00e1kban hosszabb ideig oxig\u00e9n hozz\u00e1ad\u00e1sa n\u00e9lk\u00fcl \u201e\u00e1ll\u201d, akkor az \u00fagynevezett \u201erothad\u00e1si folyamat\u201d alakul ki. Ez azt jelenti, hogy az eddig m\u00e1r mindenk\u00e9ppen kellemetlen szag\u00fa szennyv\u00edz poshadni<\/p>\n<p class=\"link-more\"><a href=\"https:\/\/www.oekermann.de\/hu\/temak\/szagmentesseg\/\" class=\"envor-btn\">Weiterlesen<span class=\"screen-reader-text\"> &#8220;Szagmentess\u00e9g&#8221;<\/span><\/a><\/p>\n","protected":false},"author":1,"featured_media":0,"parent":5119,"menu_order":0,"comment_status":"closed","ping_status":"closed","template":"","meta":{"footnotes":""},"class_list":["post-5097","page","type-page","status-publish","hentry"],"yoast_head":"<!-- This site is optimized with the Yoast SEO plugin v27.4 - https:\/\/yoast.com\/product\/yoast-seo-wordpress\/ -->\n<title>Szagmentess\u00e9g - Pneumatische F\u00f6rdertechnik - OEKERMANN Abwassertechnik<\/title>\n<meta name=\"robots\" content=\"index, follow, max-snippet:-1, max-image-preview:large, max-video-preview:-1\" \/>\n<link rel=\"canonical\" href=\"https:\/\/www.oekermann.de\/hu\/temak\/szagmentesseg\/\" \/>\n<meta property=\"og:locale\" content=\"hu_HU\" \/>\n<meta property=\"og:type\" content=\"article\" \/>\n<meta property=\"og:title\" content=\"Szagmentess\u00e9g - Pneumatische F\u00f6rdertechnik - OEKERMANN Abwassertechnik\" \/>\n<meta property=\"og:description\" content=\"Az OEKERMANN pneumatikus szennyv\u00edzsz\u00e1ll\u00edt\u00f3 rendszerei mindenekel\u0151tt azzal t\u0171nnek ki, hogy nincs szagterhel\u00e9s, sem mag\u00e1n a szivatty\u00fatelep helysz\u00edn\u00e9n, sem pedig az \u00e1temel\u0151 akn\u00e1n\u00e1l. Ha a szennyv\u00edz \u201c(nyom\u00f3-) cs\u0151vezet\u00e9kekben\u201c, akn\u00e1kban vagy (gravit\u00e1ci\u00f3s-)csatorn\u00e1kban hosszabb ideig oxig\u00e9n hozz\u00e1ad\u00e1sa n\u00e9lk\u00fcl \u201e\u00e1ll\u201d, akkor az \u00fagynevezett \u201erothad\u00e1si folyamat\u201d alakul ki. Ez azt jelenti, hogy az eddig m\u00e1r mindenk\u00e9ppen kellemetlen szag\u00fa szennyv\u00edz poshadniWeiterlesen &quot;Szagmentess\u00e9g&quot;\" \/>\n<meta property=\"og:url\" content=\"https:\/\/www.oekermann.de\/hu\/temak\/szagmentesseg\/\" \/>\n<meta property=\"og:site_name\" content=\"Pneumatische F\u00f6rdertechnik - OEKERMANN Abwassertechnik\" \/>\n<meta property=\"article:publisher\" content=\"https:\/\/www.facebook.com\/pages\/Oekermann-Abwassertechnik\/1007781205906685\" \/>\n<meta property=\"article:modified_time\" content=\"2025-06-11T12:53:16+00:00\" \/>\n<meta name=\"twitter:card\" content=\"summary_large_image\" \/>\n<meta name=\"twitter:site\" content=\"@Oekermann\" \/>\n<meta name=\"twitter:label1\" content=\"Est. reading time\" \/>\n\t<meta name=\"twitter:data1\" content=\"3 minutes\" \/>\n<script type=\"application\/ld+json\" class=\"yoast-schema-graph\">{\"@context\":\"https:\\\/\\\/schema.org\",\"@graph\":[{\"@type\":\"WebPage\",\"@id\":\"https:\\\/\\\/www.oekermann.de\\\/hu\\\/temak\\\/szagmentesseg\\\/\",\"url\":\"https:\\\/\\\/www.oekermann.de\\\/hu\\\/temak\\\/szagmentesseg\\\/\",\"name\":\"Szagmentess\u00e9g - Pneumatische F\u00f6rdertechnik - OEKERMANN Abwassertechnik\",\"isPartOf\":{\"@id\":\"https:\\\/\\\/www.oekermann.de\\\/#website\"},\"datePublished\":\"2022-06-29T21:51:32+00:00\",\"dateModified\":\"2025-06-11T12:53:16+00:00\",\"breadcrumb\":{\"@id\":\"https:\\\/\\\/www.oekermann.de\\\/hu\\\/temak\\\/szagmentesseg\\\/#breadcrumb\"},\"inLanguage\":\"hu-HU\",\"potentialAction\":[{\"@type\":\"ReadAction\",\"target\":[\"https:\\\/\\\/www.oekermann.de\\\/hu\\\/temak\\\/szagmentesseg\\\/\"]}]},{\"@type\":\"BreadcrumbList\",\"@id\":\"https:\\\/\\\/www.oekermann.de\\\/hu\\\/temak\\\/szagmentesseg\\\/#breadcrumb\",\"itemListElement\":[{\"@type\":\"ListItem\",\"position\":1,\"name\":\"Startseite\",\"item\":\"https:\\\/\\\/www.oekermann.de\\\/hu\\\/\"},{\"@type\":\"ListItem\",\"position\":2,\"name\":\"T\u00e9m\u00e1k\",\"item\":\"https:\\\/\\\/www.oekermann.de\\\/hu\\\/temak\\\/\"},{\"@type\":\"ListItem\",\"position\":3,\"name\":\"Szagmentess\u00e9g\"}]},{\"@type\":\"WebSite\",\"@id\":\"https:\\\/\\\/www.oekermann.de\\\/#website\",\"url\":\"https:\\\/\\\/www.oekermann.de\\\/\",\"name\":\"Pneumatische F\u00f6rdertechnik - OEKERMANN Abwassertechnik\",\"description\":\"\",\"potentialAction\":[{\"@type\":\"SearchAction\",\"target\":{\"@type\":\"EntryPoint\",\"urlTemplate\":\"https:\\\/\\\/www.oekermann.de\\\/?s={search_term_string}\"},\"query-input\":{\"@type\":\"PropertyValueSpecification\",\"valueRequired\":true,\"valueName\":\"search_term_string\"}}],\"inLanguage\":\"hu-HU\"}]}<\/script>\n<!-- \/ Yoast SEO plugin. -->","yoast_head_json":{"title":"Szagmentess\u00e9g - Pneumatische F\u00f6rdertechnik - OEKERMANN Abwassertechnik","robots":{"index":"index","follow":"follow","max-snippet":"max-snippet:-1","max-image-preview":"max-image-preview:large","max-video-preview":"max-video-preview:-1"},"canonical":"https:\/\/www.oekermann.de\/hu\/temak\/szagmentesseg\/","og_locale":"hu_HU","og_type":"article","og_title":"Szagmentess\u00e9g - Pneumatische F\u00f6rdertechnik - OEKERMANN Abwassertechnik","og_description":"Az OEKERMANN pneumatikus szennyv\u00edzsz\u00e1ll\u00edt\u00f3 rendszerei mindenekel\u0151tt azzal t\u0171nnek ki, hogy nincs szagterhel\u00e9s, sem mag\u00e1n a szivatty\u00fatelep helysz\u00edn\u00e9n, sem pedig az \u00e1temel\u0151 akn\u00e1n\u00e1l. Ha a szennyv\u00edz \u201c(nyom\u00f3-) cs\u0151vezet\u00e9kekben\u201c, akn\u00e1kban vagy (gravit\u00e1ci\u00f3s-)csatorn\u00e1kban hosszabb ideig oxig\u00e9n hozz\u00e1ad\u00e1sa n\u00e9lk\u00fcl \u201e\u00e1ll\u201d, akkor az \u00fagynevezett \u201erothad\u00e1si folyamat\u201d alakul ki. Ez azt jelenti, hogy az eddig m\u00e1r mindenk\u00e9ppen kellemetlen szag\u00fa szennyv\u00edz poshadniWeiterlesen \"Szagmentess\u00e9g\"","og_url":"https:\/\/www.oekermann.de\/hu\/temak\/szagmentesseg\/","og_site_name":"Pneumatische F\u00f6rdertechnik - OEKERMANN Abwassertechnik","article_publisher":"https:\/\/www.facebook.com\/pages\/Oekermann-Abwassertechnik\/1007781205906685","article_modified_time":"2025-06-11T12:53:16+00:00","twitter_card":"summary_large_image","twitter_site":"@Oekermann","twitter_misc":{"Est. reading time":"3 minutes"},"schema":{"@context":"https:\/\/schema.org","@graph":[{"@type":"WebPage","@id":"https:\/\/www.oekermann.de\/hu\/temak\/szagmentesseg\/","url":"https:\/\/www.oekermann.de\/hu\/temak\/szagmentesseg\/","name":"Szagmentess\u00e9g - Pneumatische F\u00f6rdertechnik - OEKERMANN Abwassertechnik","isPartOf":{"@id":"https:\/\/www.oekermann.de\/#website"},"datePublished":"2022-06-29T21:51:32+00:00","dateModified":"2025-06-11T12:53:16+00:00","breadcrumb":{"@id":"https:\/\/www.oekermann.de\/hu\/temak\/szagmentesseg\/#breadcrumb"},"inLanguage":"hu-HU","potentialAction":[{"@type":"ReadAction","target":["https:\/\/www.oekermann.de\/hu\/temak\/szagmentesseg\/"]}]},{"@type":"BreadcrumbList","@id":"https:\/\/www.oekermann.de\/hu\/temak\/szagmentesseg\/#breadcrumb","itemListElement":[{"@type":"ListItem","position":1,"name":"Startseite","item":"https:\/\/www.oekermann.de\/hu\/"},{"@type":"ListItem","position":2,"name":"T\u00e9m\u00e1k","item":"https:\/\/www.oekermann.de\/hu\/temak\/"},{"@type":"ListItem","position":3,"name":"Szagmentess\u00e9g"}]},{"@type":"WebSite","@id":"https:\/\/www.oekermann.de\/#website","url":"https:\/\/www.oekermann.de\/","name":"Pneumatische F\u00f6rdertechnik - OEKERMANN Abwassertechnik","description":"","potentialAction":[{"@type":"SearchAction","target":{"@type":"EntryPoint","urlTemplate":"https:\/\/www.oekermann.de\/?s={search_term_string}"},"query-input":{"@type":"PropertyValueSpecification","valueRequired":true,"valueName":"search_term_string"}}],"inLanguage":"hu-HU"}]}},"_links":{"self":[{"href":"https:\/\/www.oekermann.de\/hu\/wp-json\/wp\/v2\/pages\/5097","targetHints":{"allow":["GET"]}}],"collection":[{"href":"https:\/\/www.oekermann.de\/hu\/wp-json\/wp\/v2\/pages"}],"about":[{"href":"https:\/\/www.oekermann.de\/hu\/wp-json\/wp\/v2\/types\/page"}],"author":[{"embeddable":true,"href":"https:\/\/www.oekermann.de\/hu\/wp-json\/wp\/v2\/users\/1"}],"replies":[{"embeddable":true,"href":"https:\/\/www.oekermann.de\/hu\/wp-json\/wp\/v2\/comments?post=5097"}],"version-history":[{"count":1,"href":"https:\/\/www.oekermann.de\/hu\/wp-json\/wp\/v2\/pages\/5097\/revisions"}],"predecessor-version":[{"id":5120,"href":"https:\/\/www.oekermann.de\/hu\/wp-json\/wp\/v2\/pages\/5097\/revisions\/5120"}],"up":[{"embeddable":true,"href":"https:\/\/www.oekermann.de\/hu\/wp-json\/wp\/v2\/pages\/5119"}],"wp:attachment":[{"href":"https:\/\/www.oekermann.de\/hu\/wp-json\/wp\/v2\/media?parent=5097"}],"curies":[{"name":"wp","href":"https:\/\/api.w.org\/{rel}","templated":true}]}}