{"id":5098,"date":"2017-02-05T22:22:35","date_gmt":"2017-02-05T21:22:35","guid":{"rendered":"https:\/\/www.oekermann.de\/?page_id=5098"},"modified":"2025-06-11T14:53:08","modified_gmt":"2025-06-11T12:53:08","slug":"projektfotok","status":"publish","type":"page","link":"https:\/\/www.oekermann.de\/hu\/projektfotok\/","title":{"rendered":"Projektfot\u00f3k"},"content":{"rendered":"<section>Ezen a r\u00e9szen bemutatunk n\u00e9h\u00e1ny val\u00f3s projektet, melyeket k\u00fcl\u00f6nb\u00f6z\u0151 fot\u00f3kkal dokument\u00e1ltunk:<\/p>\n<h2>Szabadid\u0151s l\u00e9tes\u00edtm\u00e9nyek<\/h2>\n<ul class=\"pf-index\">\n<li><a href=\"https:\/\/www.oekermann.de\/projekt-fotos\/freizeitanlagen-campingplaetze\/\"><img decoding=\"async\" class=\"img-1\" src=\"\/res\/projekt-fotos\/Freizeitanlagen-1.jpg\" alt=\"Freizeitanlagen - Bild 1\" border=\"0\" \/><\/a><\/li>\n<li><a href=\"https:\/\/www.oekermann.de\/projekt-fotos\/freizeitanlagen-campingplaetze\/\"><img decoding=\"async\" class=\"img-1\" src=\"\/res\/projekt-fotos\/Freizeitanlagen-2.jpg\" alt=\"Freizeitanlagen - Bild 2\" border=\"0\" \/><\/a><\/li>\n<li><a href=\"https:\/\/www.oekermann.de\/projekt-fotos\/freizeitanlagen-campingplaetze\/\"><img decoding=\"async\" class=\"img-1\" src=\"\/res\/projekt-fotos\/Freizeitanlagen-3.jpg\" alt=\"Freizeitanlagen - Bild 3\" border=\"0\" \/><\/a><\/li>\n<\/ul>\n<p class=\"project-link\"><a class=\"envor-btn envor-btn-primary envor-btn-normal next\" title=\"Alle Fotos aus dem Bereich 'Freizeitanlagen' zeigen\" href=\"https:\/\/www.oekermann.de\/projekt-fotos\/freizeitanlagen-campingplaetze\/\">Minden fot\u00f3 mutat\u00e1sa &#8211; Szabadid\u0151s l\u00e9tes\u00edtm\u00e9nyek<\/a><\/p>\n<\/section>\n<section>\n<h2>Ipari berendez\u00e9sek<\/h2>\n<ul class=\"pf-index\">\n<li><a href=\"projekt-fotos\/industrieanlagen\/\"><img decoding=\"async\" class=\"img-1\" src=\"\/res\/projekt-fotos\/Industrieanlagen-1.jpg\" alt=\"Industrieanlagen - Bild 1\" border=\"0\" \/><\/a><\/li>\n<li><a href=\"projekt-fotos\/industrieanlagen\/\"><img decoding=\"async\" class=\"img-1\" src=\"\/res\/projekt-fotos\/Industrieanlagen-2.jpg\" alt=\"Industrieanlagen - Bild 2\" border=\"0\" \/><\/a><\/li>\n<li><a href=\"https:\/\/www.oekermann.de\/projekt-fotos\/industrieanlagen\/\"><img decoding=\"async\" class=\"img-1\" src=\"\/res\/projekt-fotos\/Industrieanlagen-3.jpg\" alt=\"Industrieanlagen - Bild 3\" border=\"0\" \/><\/a><\/li>\n<\/ul>\n<p class=\"project-link\"><a class=\"envor-btn envor-btn-primary envor-btn-normal next\" title=\"Alle Fotos aus dem Bereich 'Industrieanlagen ' zeigen\" href=\"projekt-fotos\/industrieanlagen\/\">Minden fot\u00f3 mutat\u00e1sa &#8211; Ipari berendez\u00e9sek<\/a><\/p>\n<\/section>\n<section>\n<h2>Vid\u00e9ki telep\u00fcl\u00e9sek<\/h2>\n<ul class=\"pf-index\">\n<li><a href=\"https:\/\/www.oekermann.de\/projekt-fotos\/siedlungen-im-laendlichen-raum\/\"><img decoding=\"async\" class=\"img-1\" src=\"\/res\/projekt-fotos\/Siedlungen-im-laendlichen-Raum-1.jpg\" alt=\"Siedlungen im l\u00e4ndlichen Raum - Bild 1\" border=\"0\" \/><\/a><\/li>\n<li><a href=\"https:\/\/www.oekermann.de\/projekt-fotos\/siedlungen-im-laendlichen-raum\/\"><img decoding=\"async\" class=\"img-1\" src=\"\/res\/projekt-fotos\/Siedlungen-im-laendlichen-Raum-2.jpg\" alt=\"Siedlungen im l\u00e4ndlichen Raum - Bild 2\" border=\"0\" \/><\/a><\/li>\n<li><a href=\"https:\/\/www.oekermann.de\/projekt-fotos\/siedlungen-im-laendlichen-raum\/\"><img decoding=\"async\" class=\"img-1\" src=\"\/res\/projekt-fotos\/Siedlungen-im-laendlichen-Raum-3.jpg\" alt=\"Siedlungen im l\u00e4ndlichen Raum - Bild 3\" border=\"0\" \/><\/a><\/li>\n<\/ul>\n<p class=\"project-link\"><a class=\"envor-btn envor-btn-primary envor-btn-normal next\" title=\"Alle Fotos aus dem Bereich 'Siedlungen im l\u00e4ndlichen Raum' zeigen\" href=\"https:\/\/www.oekermann.de\/projekt-fotos\/siedlungen-im-laendlichen-raum\/\">Minden fot\u00f3 mutat\u00e1sa &#8211; Vid\u00e9ki telep\u00fcl\u00e9sek<\/a><\/p>\n<\/section>\n<section>\n<h2>Pihen\u0151helyek parkol\u00f3- \u00e9s WC-rendszerei<\/h2>\n<ul class=\"pf-index\">\n<li><a href=\"https:\/\/www.oekermann.de\/projekt-fotos\/pwc-anlagen-raststaetten\/\"><img decoding=\"async\" class=\"img-1\" src=\"\/res\/projekt-fotos\/PWC-Anlagen-Raststaetten-1.jpg\" alt=\"PWC-Anlagen f\u00fcr Rastst\u00e4tten - Bild 1\" border=\"0\" \/><\/a><\/li>\n<li><a href=\"https:\/\/www.oekermann.de\/projekt-fotos\/pwc-anlagen-raststaetten\/\"><img decoding=\"async\" class=\"img-1\" src=\"\/res\/projekt-fotos\/PWC-Anlagen-Raststaetten-2.jpg\" alt=\"PWC-Anlagen f\u00fcr Rastst\u00e4tten - Bild 2\" border=\"0\" \/><\/a><\/li>\n<li><a href=\"https:\/\/www.oekermann.de\/projekt-fotos\/pwc-anlagen-raststaetten\/\"><img decoding=\"async\" class=\"img-1\" src=\"\/res\/projekt-fotos\/PWC-Anlagen-Raststaetten-3.jpg\" alt=\"PWC-Anlagen f\u00fcr Rastst\u00e4tten - Bild 3\" border=\"0\" \/><\/a><\/li>\n<\/ul>\n<p class=\"project-link\"><a class=\"envor-btn envor-btn-primary envor-btn-normal next\" title=\"Alle Fotos aus dem Bereich 'PWC-Anlagen' zeigen\" href=\"https:\/\/www.oekermann.de\/projekt-fotos\/pwc-anlagen-raststaetten\/\">Minden fot\u00f3 mutat\u00e1sa &#8211; Parkol\u00f3- \u00e9s WC-rendszerek<\/a><\/p>\n<\/section>\n","protected":false},"excerpt":{"rendered":"<p>Ezen a r\u00e9szen bemutatunk n\u00e9h\u00e1ny val\u00f3s projektet, melyeket k\u00fcl\u00f6nb\u00f6z\u0151 fot\u00f3kkal dokument\u00e1ltunk: Szabadid\u0151s l\u00e9tes\u00edtm\u00e9nyek Minden fot\u00f3 mutat\u00e1sa &#8211; Szabadid\u0151s l\u00e9tes\u00edtm\u00e9nyek Ipari berendez\u00e9sek Minden fot\u00f3 mutat\u00e1sa &#8211; Ipari berendez\u00e9sek Vid\u00e9ki telep\u00fcl\u00e9sek Minden fot\u00f3 mutat\u00e1sa &#8211; Vid\u00e9ki telep\u00fcl\u00e9sek Pihen\u0151helyek parkol\u00f3- \u00e9s WC-rendszerei Minden fot\u00f3 mutat\u00e1sa &#8211; Parkol\u00f3- \u00e9s WC-rendszerek<\/p>\n","protected":false},"author":2,"featured_media":0,"parent":0,"menu_order":0,"comment_status":"closed","ping_status":"closed","template":"","meta":{"footnotes":""},"class_list":["post-5098","page","type-page","status-publish","hentry"],"yoast_head":"<!-- This site is optimized with the Yoast SEO plugin v27.4 - https:\/\/yoast.com\/product\/yoast-seo-wordpress\/ -->\n<title>Projektfot\u00f3k - Pneumatische F\u00f6rdertechnik - OEKERMANN Abwassertechnik<\/title>\n<meta name=\"robots\" content=\"index, follow, max-snippet:-1, max-image-preview:large, max-video-preview:-1\" \/>\n<link rel=\"canonical\" href=\"https:\/\/www.oekermann.de\/hu\/projektfotok\/\" \/>\n<meta property=\"og:locale\" content=\"hu_HU\" \/>\n<meta property=\"og:type\" content=\"article\" \/>\n<meta property=\"og:title\" content=\"Projektfot\u00f3k - Pneumatische F\u00f6rdertechnik - OEKERMANN Abwassertechnik\" \/>\n<meta property=\"og:description\" content=\"Ezen a r\u00e9szen bemutatunk n\u00e9h\u00e1ny val\u00f3s projektet, melyeket k\u00fcl\u00f6nb\u00f6z\u0151 fot\u00f3kkal dokument\u00e1ltunk: Szabadid\u0151s l\u00e9tes\u00edtm\u00e9nyek Minden fot\u00f3 mutat\u00e1sa &#8211; Szabadid\u0151s l\u00e9tes\u00edtm\u00e9nyek Ipari berendez\u00e9sek Minden fot\u00f3 mutat\u00e1sa &#8211; Ipari berendez\u00e9sek Vid\u00e9ki telep\u00fcl\u00e9sek Minden fot\u00f3 mutat\u00e1sa &#8211; Vid\u00e9ki telep\u00fcl\u00e9sek Pihen\u0151helyek parkol\u00f3- \u00e9s WC-rendszerei Minden fot\u00f3 mutat\u00e1sa &#8211; Parkol\u00f3- \u00e9s WC-rendszerek\" \/>\n<meta property=\"og:url\" content=\"https:\/\/www.oekermann.de\/hu\/projektfotok\/\" \/>\n<meta property=\"og:site_name\" content=\"Pneumatische F\u00f6rdertechnik - OEKERMANN Abwassertechnik\" \/>\n<meta property=\"article:publisher\" content=\"https:\/\/www.facebook.com\/pages\/Oekermann-Abwassertechnik\/1007781205906685\" \/>\n<meta property=\"article:modified_time\" content=\"2025-06-11T12:53:08+00:00\" \/>\n<meta name=\"twitter:card\" content=\"summary_large_image\" \/>\n<meta name=\"twitter:site\" content=\"@Oekermann\" \/>\n<script type=\"application\/ld+json\" class=\"yoast-schema-graph\">{\"@context\":\"https:\\\/\\\/schema.org\",\"@graph\":[{\"@type\":\"WebPage\",\"@id\":\"https:\\\/\\\/www.oekermann.de\\\/hu\\\/projektfotok\\\/\",\"url\":\"https:\\\/\\\/www.oekermann.de\\\/hu\\\/projektfotok\\\/\",\"name\":\"Projektfot\u00f3k - Pneumatische F\u00f6rdertechnik - OEKERMANN Abwassertechnik\",\"isPartOf\":{\"@id\":\"https:\\\/\\\/www.oekermann.de\\\/#website\"},\"datePublished\":\"2017-02-05T21:22:35+00:00\",\"dateModified\":\"2025-06-11T12:53:08+00:00\",\"breadcrumb\":{\"@id\":\"https:\\\/\\\/www.oekermann.de\\\/hu\\\/projektfotok\\\/#breadcrumb\"},\"inLanguage\":\"hu-HU\",\"potentialAction\":[{\"@type\":\"ReadAction\",\"target\":[\"https:\\\/\\\/www.oekermann.de\\\/hu\\\/projektfotok\\\/\"]}]},{\"@type\":\"BreadcrumbList\",\"@id\":\"https:\\\/\\\/www.oekermann.de\\\/hu\\\/projektfotok\\\/#breadcrumb\",\"itemListElement\":[{\"@type\":\"ListItem\",\"position\":1,\"name\":\"Startseite\",\"item\":\"https:\\\/\\\/www.oekermann.de\\\/hu\\\/\"},{\"@type\":\"ListItem\",\"position\":2,\"name\":\"Projektfot\u00f3k\"}]},{\"@type\":\"WebSite\",\"@id\":\"https:\\\/\\\/www.oekermann.de\\\/#website\",\"url\":\"https:\\\/\\\/www.oekermann.de\\\/\",\"name\":\"Pneumatische F\u00f6rdertechnik - OEKERMANN Abwassertechnik\",\"description\":\"\",\"potentialAction\":[{\"@type\":\"SearchAction\",\"target\":{\"@type\":\"EntryPoint\",\"urlTemplate\":\"https:\\\/\\\/www.oekermann.de\\\/?s={search_term_string}\"},\"query-input\":{\"@type\":\"PropertyValueSpecification\",\"valueRequired\":true,\"valueName\":\"search_term_string\"}}],\"inLanguage\":\"hu-HU\"}]}<\/script>\n<!-- \/ Yoast SEO plugin. -->","yoast_head_json":{"title":"Projektfot\u00f3k - Pneumatische F\u00f6rdertechnik - OEKERMANN Abwassertechnik","robots":{"index":"index","follow":"follow","max-snippet":"max-snippet:-1","max-image-preview":"max-image-preview:large","max-video-preview":"max-video-preview:-1"},"canonical":"https:\/\/www.oekermann.de\/hu\/projektfotok\/","og_locale":"hu_HU","og_type":"article","og_title":"Projektfot\u00f3k - Pneumatische F\u00f6rdertechnik - OEKERMANN Abwassertechnik","og_description":"Ezen a r\u00e9szen bemutatunk n\u00e9h\u00e1ny val\u00f3s projektet, melyeket k\u00fcl\u00f6nb\u00f6z\u0151 fot\u00f3kkal dokument\u00e1ltunk: Szabadid\u0151s l\u00e9tes\u00edtm\u00e9nyek Minden fot\u00f3 mutat\u00e1sa &#8211; Szabadid\u0151s l\u00e9tes\u00edtm\u00e9nyek Ipari berendez\u00e9sek Minden fot\u00f3 mutat\u00e1sa &#8211; Ipari berendez\u00e9sek Vid\u00e9ki telep\u00fcl\u00e9sek Minden fot\u00f3 mutat\u00e1sa &#8211; Vid\u00e9ki telep\u00fcl\u00e9sek Pihen\u0151helyek parkol\u00f3- \u00e9s WC-rendszerei Minden fot\u00f3 mutat\u00e1sa &#8211; Parkol\u00f3- \u00e9s WC-rendszerek","og_url":"https:\/\/www.oekermann.de\/hu\/projektfotok\/","og_site_name":"Pneumatische F\u00f6rdertechnik - OEKERMANN Abwassertechnik","article_publisher":"https:\/\/www.facebook.com\/pages\/Oekermann-Abwassertechnik\/1007781205906685","article_modified_time":"2025-06-11T12:53:08+00:00","twitter_card":"summary_large_image","twitter_site":"@Oekermann","schema":{"@context":"https:\/\/schema.org","@graph":[{"@type":"WebPage","@id":"https:\/\/www.oekermann.de\/hu\/projektfotok\/","url":"https:\/\/www.oekermann.de\/hu\/projektfotok\/","name":"Projektfot\u00f3k - Pneumatische F\u00f6rdertechnik - OEKERMANN Abwassertechnik","isPartOf":{"@id":"https:\/\/www.oekermann.de\/#website"},"datePublished":"2017-02-05T21:22:35+00:00","dateModified":"2025-06-11T12:53:08+00:00","breadcrumb":{"@id":"https:\/\/www.oekermann.de\/hu\/projektfotok\/#breadcrumb"},"inLanguage":"hu-HU","potentialAction":[{"@type":"ReadAction","target":["https:\/\/www.oekermann.de\/hu\/projektfotok\/"]}]},{"@type":"BreadcrumbList","@id":"https:\/\/www.oekermann.de\/hu\/projektfotok\/#breadcrumb","itemListElement":[{"@type":"ListItem","position":1,"name":"Startseite","item":"https:\/\/www.oekermann.de\/hu\/"},{"@type":"ListItem","position":2,"name":"Projektfot\u00f3k"}]},{"@type":"WebSite","@id":"https:\/\/www.oekermann.de\/#website","url":"https:\/\/www.oekermann.de\/","name":"Pneumatische F\u00f6rdertechnik - OEKERMANN Abwassertechnik","description":"","potentialAction":[{"@type":"SearchAction","target":{"@type":"EntryPoint","urlTemplate":"https:\/\/www.oekermann.de\/?s={search_term_string}"},"query-input":{"@type":"PropertyValueSpecification","valueRequired":true,"valueName":"search_term_string"}}],"inLanguage":"hu-HU"}]}},"_links":{"self":[{"href":"https:\/\/www.oekermann.de\/hu\/wp-json\/wp\/v2\/pages\/5098","targetHints":{"allow":["GET"]}}],"collection":[{"href":"https:\/\/www.oekermann.de\/hu\/wp-json\/wp\/v2\/pages"}],"about":[{"href":"https:\/\/www.oekermann.de\/hu\/wp-json\/wp\/v2\/types\/page"}],"author":[{"embeddable":true,"href":"https:\/\/www.oekermann.de\/hu\/wp-json\/wp\/v2\/users\/2"}],"replies":[{"embeddable":true,"href":"https:\/\/www.oekermann.de\/hu\/wp-json\/wp\/v2\/comments?post=5098"}],"version-history":[{"count":1,"href":"https:\/\/www.oekermann.de\/hu\/wp-json\/wp\/v2\/pages\/5098\/revisions"}],"predecessor-version":[{"id":5152,"href":"https:\/\/www.oekermann.de\/hu\/wp-json\/wp\/v2\/pages\/5098\/revisions\/5152"}],"wp:attachment":[{"href":"https:\/\/www.oekermann.de\/hu\/wp-json\/wp\/v2\/media?parent=5098"}],"curies":[{"name":"wp","href":"https:\/\/api.w.org\/{rel}","templated":true}]}}