{"id":5100,"date":"2017-02-05T22:49:32","date_gmt":"2017-02-05T21:49:32","guid":{"rendered":"https:\/\/www.oekermann.de\/?page_id=5100"},"modified":"2025-06-11T14:53:08","modified_gmt":"2025-06-11T12:53:08","slug":"ipari-berendezesek","status":"publish","type":"page","link":"https:\/\/www.oekermann.de\/hu\/projektfotok\/ipari-berendezesek\/","title":{"rendered":"Ipari berendez\u00e9sek"},"content":{"rendered":"<section><style type=\"text\/css\">\n#foogallery-gallery-107.fg-justified .fg-item { margin-right: 5px; margin-bottom: 5px; }\n#foogallery-gallery-107.fg-justified .fg-image { height: 180px; }<\/style>\n\t\t\t<div class=\"foogallery foogallery-container foogallery-justified foogallery-lightbox-foobox fg-justified fg-ready fg-light fg-loading-default fg-loaded-fade-in fg-hover-fade fg-hover-zoom\" id=\"foogallery-gallery-107\" data-foogallery=\"{&quot;item&quot;:{&quot;showCaptionTitle&quot;:true,&quot;showCaptionDescription&quot;:false},&quot;lazy&quot;:true,&quot;template&quot;:{&quot;rowHeight&quot;:180,&quot;maxRowHeight&quot;:180,&quot;margins&quot;:5,&quot;align&quot;:&quot;center&quot;,&quot;lastRow&quot;:&quot;smart&quot;}}\" style=\"--fg-title-line-clamp: 0; --fg-description-line-clamp: 0;\" >\n\t<div class=\"fg-item fg-type-image fg-idle\"><figure class=\"fg-item-inner\"><a href=\"https:\/\/www.oekermann.de\/wp-content\/uploads\/2017\/02\/Wartungshinweise-einer-pneumatischen-Abwasserpumpstation.jpg\" data-attachment-id=\"108\" data-type=\"image\" class=\"fg-thumb\"><span class=\"fg-image-wrap\"><img decoding=\"async\" alt=\"Wartungshinweise einer pneumatischen Abwasserpumpstation\" height=\"180\" width=\"240\" class=\"skip-lazy fg-image\" data-src-fg=\"https:\/\/www.oekermann.de\/wp-content\/uploads\/cache\/2017\/02\/Wartungshinweise-einer-pneumatischen-Abwasserpumpstation\/3054947540.jpg\" src=\"data:image\/svg+xml,%3Csvg%20xmlns%3D%22http%3A%2F%2Fwww.w3.org%2F2000%2Fsvg%22%20width%3D%22240%22%20height%3D%22180%22%20viewBox%3D%220%200%20240%20180%22%3E%3C%2Fsvg%3E\" loading=\"eager\"><\/span><span class=\"fg-image-overlay\"><\/span><\/a><\/figure><div class=\"fg-loader\"><\/div><\/div><div class=\"fg-item fg-type-image fg-idle\"><figure class=\"fg-item-inner\"><a href=\"https:\/\/www.oekermann.de\/wp-content\/uploads\/2017\/02\/Abwasserdruckleitungen-innerhalb-einer-pneumatischen-Abwasserfoerderanlage.jpg\" data-attachment-id=\"109\" data-type=\"image\" class=\"fg-thumb\"><span class=\"fg-image-wrap\"><img decoding=\"async\" alt=\"Abwasserdruckleitungen innerhalb einer pneumatischen Abwasserf\u00f6rderanlage\" height=\"180\" width=\"240\" class=\"skip-lazy fg-image\" data-src-fg=\"https:\/\/www.oekermann.de\/wp-content\/uploads\/cache\/2017\/02\/Abwasserdruckleitungen-innerhalb-einer-pneumatischen-Abwasserfoerderanlage\/4244544461.jpg\" src=\"data:image\/svg+xml,%3Csvg%20xmlns%3D%22http%3A%2F%2Fwww.w3.org%2F2000%2Fsvg%22%20width%3D%22240%22%20height%3D%22180%22%20viewBox%3D%220%200%20240%20180%22%3E%3C%2Fsvg%3E\" loading=\"eager\"><\/span><span class=\"fg-image-overlay\"><\/span><\/a><\/figure><div class=\"fg-loader\"><\/div><\/div><div class=\"fg-item fg-type-image fg-idle\"><figure class=\"fg-item-inner\"><a href=\"https:\/\/www.oekermann.de\/wp-content\/uploads\/2017\/02\/Abwasserleitungen-innerhalb-einer-pneumatischen-Abwasserfoerderanlage.jpg\" data-attachment-id=\"110\" data-type=\"image\" class=\"fg-thumb\"><span class=\"fg-image-wrap\"><img decoding=\"async\" alt=\"Abwasserleitungen innerhalb einer pneumatischen Abwasserf\u00f6rderanlage\" height=\"180\" width=\"240\" class=\"skip-lazy fg-image\" data-src-fg=\"https:\/\/www.oekermann.de\/wp-content\/uploads\/cache\/2017\/02\/Abwasserleitungen-innerhalb-einer-pneumatischen-Abwasserfoerderanlage\/3819486248.jpg\" src=\"data:image\/svg+xml,%3Csvg%20xmlns%3D%22http%3A%2F%2Fwww.w3.org%2F2000%2Fsvg%22%20width%3D%22240%22%20height%3D%22180%22%20viewBox%3D%220%200%20240%20180%22%3E%3C%2Fsvg%3E\" loading=\"eager\"><\/span><span class=\"fg-image-overlay\"><\/span><\/a><\/figure><div class=\"fg-loader\"><\/div><\/div><div class=\"fg-item fg-type-image fg-idle\"><figure class=\"fg-item-inner\"><a href=\"https:\/\/www.oekermann.de\/wp-content\/uploads\/2017\/02\/Arbeitsbehaelter-einer-pneumatischen-Abwasserpumpstation-System-Oekermann.jpg\" data-attachment-id=\"111\" data-type=\"image\" class=\"fg-thumb\"><span class=\"fg-image-wrap\"><img decoding=\"async\" alt=\"Arbeitsbeh\u00e4lter einer pneumatischen Abwasserpumpstation - System Oekermann\" height=\"180\" width=\"240\" class=\"skip-lazy fg-image\" data-src-fg=\"https:\/\/www.oekermann.de\/wp-content\/uploads\/cache\/2017\/02\/Arbeitsbehaelter-einer-pneumatischen-Abwasserpumpstation-System-Oekermann\/3746354034.jpg\" src=\"data:image\/svg+xml,%3Csvg%20xmlns%3D%22http%3A%2F%2Fwww.w3.org%2F2000%2Fsvg%22%20width%3D%22240%22%20height%3D%22180%22%20viewBox%3D%220%200%20240%20180%22%3E%3C%2Fsvg%3E\" loading=\"eager\"><\/span><span class=\"fg-image-overlay\"><\/span><\/a><\/figure><div class=\"fg-loader\"><\/div><\/div><div class=\"fg-item fg-type-image fg-idle\"><figure class=\"fg-item-inner\"><a href=\"https:\/\/www.oekermann.de\/wp-content\/uploads\/2017\/02\/Arbeitskessel-einer-pneumatischen-Abwasser-Pumpstation-FRAPORT.jpg\" data-attachment-id=\"112\" data-type=\"image\" class=\"fg-thumb\"><span class=\"fg-image-wrap\"><img decoding=\"async\" alt=\"Arbeitskessel einer pneumatischen Abwasser-Pumpstation\" height=\"180\" width=\"240\" class=\"skip-lazy fg-image\" data-src-fg=\"https:\/\/www.oekermann.de\/wp-content\/uploads\/cache\/2017\/02\/Arbeitskessel-einer-pneumatischen-Abwasser-Pumpstation-FRAPORT\/632114651.jpg\" src=\"data:image\/svg+xml,%3Csvg%20xmlns%3D%22http%3A%2F%2Fwww.w3.org%2F2000%2Fsvg%22%20width%3D%22240%22%20height%3D%22180%22%20viewBox%3D%220%200%20240%20180%22%3E%3C%2Fsvg%3E\" loading=\"eager\"><\/span><span class=\"fg-image-overlay\"><\/span><\/a><\/figure><div class=\"fg-loader\"><\/div><\/div><div class=\"fg-item fg-type-image fg-idle\"><figure class=\"fg-item-inner\"><a href=\"https:\/\/www.oekermann.de\/wp-content\/uploads\/2017\/02\/Arbeitskompressoren-einer-pneumatischen-Doppelanlage.jpg\" data-attachment-id=\"113\" data-type=\"image\" class=\"fg-thumb\"><span class=\"fg-image-wrap\"><img decoding=\"async\" alt=\"Arbeitskompressoren einer pneumatischen Doppelanlage\" height=\"180\" width=\"240\" class=\"skip-lazy fg-image\" data-src-fg=\"https:\/\/www.oekermann.de\/wp-content\/uploads\/cache\/2017\/02\/Arbeitskompressoren-einer-pneumatischen-Doppelanlage\/968104057.jpg\" src=\"data:image\/svg+xml,%3Csvg%20xmlns%3D%22http%3A%2F%2Fwww.w3.org%2F2000%2Fsvg%22%20width%3D%22240%22%20height%3D%22180%22%20viewBox%3D%220%200%20240%20180%22%3E%3C%2Fsvg%3E\" loading=\"eager\"><\/span><span class=\"fg-image-overlay\"><\/span><\/a><\/figure><div class=\"fg-loader\"><\/div><\/div><div class=\"fg-item fg-type-image fg-idle\"><figure class=\"fg-item-inner\"><a href=\"https:\/\/www.oekermann.de\/wp-content\/uploads\/2017\/02\/Arbeitskompressoren-Schraubenkompressoren-einer-pneumatischen-Abwasser-Foerderanlage.jpg\" data-attachment-id=\"115\" data-type=\"image\" class=\"fg-thumb\"><span class=\"fg-image-wrap\"><img decoding=\"async\" alt=\"Arbeitskompressoren - Schraubenkompressoren einer pneumatischen Abwasser-F\u00f6rderanlage\" height=\"180\" width=\"267\" class=\"skip-lazy fg-image\" data-src-fg=\"https:\/\/www.oekermann.de\/wp-content\/uploads\/cache\/2017\/02\/Arbeitskompressoren-Schraubenkompressoren-einer-pneumatischen-Abwasser-Foerderanlage\/3353927006.jpg\" src=\"data:image\/svg+xml,%3Csvg%20xmlns%3D%22http%3A%2F%2Fwww.w3.org%2F2000%2Fsvg%22%20width%3D%22267%22%20height%3D%22180%22%20viewBox%3D%220%200%20267%20180%22%3E%3C%2Fsvg%3E\" loading=\"eager\"><\/span><span class=\"fg-image-overlay\"><\/span><\/a><\/figure><div class=\"fg-loader\"><\/div><\/div><div class=\"fg-item fg-type-image fg-idle\"><figure class=\"fg-item-inner\"><a href=\"https:\/\/www.oekermann.de\/wp-content\/uploads\/2017\/02\/Druckleitungen-innerhalb-eines-Druckluftpumpwerkes-System-Oekermann.jpg\" data-attachment-id=\"116\" data-type=\"image\" class=\"fg-thumb\"><span class=\"fg-image-wrap\"><img decoding=\"async\" alt=\"Druckleitungen innerhalb eines Druckluftpumpwerkes - System Oekermann\" height=\"180\" width=\"240\" class=\"skip-lazy fg-image\" data-src-fg=\"https:\/\/www.oekermann.de\/wp-content\/uploads\/cache\/2017\/02\/Druckleitungen-innerhalb-eines-Druckluftpumpwerkes-System-Oekermann\/965328977.jpg\" src=\"data:image\/svg+xml,%3Csvg%20xmlns%3D%22http%3A%2F%2Fwww.w3.org%2F2000%2Fsvg%22%20width%3D%22240%22%20height%3D%22180%22%20viewBox%3D%220%200%20240%20180%22%3E%3C%2Fsvg%3E\" loading=\"eager\"><\/span><span class=\"fg-image-overlay\"><\/span><\/a><\/figure><div class=\"fg-loader\"><\/div><\/div><div class=\"fg-item fg-type-image fg-idle\"><figure class=\"fg-item-inner\"><a href=\"https:\/\/www.oekermann.de\/wp-content\/uploads\/2017\/02\/Pneumatische-3-Kessel-Anlage-fuer-Abwasser-System-Oekermann.jpg\" data-attachment-id=\"117\" data-type=\"image\" class=\"fg-thumb\"><span class=\"fg-image-wrap\"><img decoding=\"async\" alt=\"Pneumatische 3-Kessel-Anlage f\u00fcr Abwasser - System Oekermann\" height=\"180\" width=\"240\" class=\"skip-lazy fg-image\" data-src-fg=\"https:\/\/www.oekermann.de\/wp-content\/uploads\/cache\/2017\/02\/Pneumatische-3-Kessel-Anlage-fuer-Abwasser-System-Oekermann\/1664282843.jpg\" src=\"data:image\/svg+xml,%3Csvg%20xmlns%3D%22http%3A%2F%2Fwww.w3.org%2F2000%2Fsvg%22%20width%3D%22240%22%20height%3D%22180%22%20viewBox%3D%220%200%20240%20180%22%3E%3C%2Fsvg%3E\" loading=\"eager\"><\/span><span class=\"fg-image-overlay\"><\/span><\/a><\/figure><div class=\"fg-loader\"><\/div><\/div><div class=\"fg-item fg-type-image fg-idle\"><figure class=\"fg-item-inner\"><a href=\"https:\/\/www.oekermann.de\/wp-content\/uploads\/2017\/02\/Pneumatische-Abwasserfoerderung-Arbeitsbehaelter-mit-Armaturen.jpg\" data-attachment-id=\"118\" data-type=\"image\" class=\"fg-thumb\"><span class=\"fg-image-wrap\"><img decoding=\"async\" alt=\"Pneumatische Abwasserf\u00f6rderung - Arbeitsbeh\u00e4lter mit Armaturen\" height=\"180\" width=\"240\" class=\"skip-lazy fg-image\" data-src-fg=\"https:\/\/www.oekermann.de\/wp-content\/uploads\/cache\/2017\/02\/Pneumatische-Abwasserfoerderung-Arbeitsbehaelter-mit-Armaturen\/3566992704.jpg\" src=\"data:image\/svg+xml,%3Csvg%20xmlns%3D%22http%3A%2F%2Fwww.w3.org%2F2000%2Fsvg%22%20width%3D%22240%22%20height%3D%22180%22%20viewBox%3D%220%200%20240%20180%22%3E%3C%2Fsvg%3E\" loading=\"eager\"><\/span><span class=\"fg-image-overlay\"><\/span><\/a><\/figure><div class=\"fg-loader\"><\/div><\/div><div class=\"fg-item fg-type-image fg-idle\"><figure class=\"fg-item-inner\"><a href=\"https:\/\/www.oekermann.de\/wp-content\/uploads\/2017\/02\/Pneumatische-Abwasser-Foerderung-Wartungshinweise-System-Oekermann.jpg\" data-attachment-id=\"119\" data-type=\"image\" class=\"fg-thumb\"><span class=\"fg-image-wrap\"><img decoding=\"async\" alt=\"Pneumatische Abwasser-F\u00f6rderung - Wartungshinweise - System Oekermann\" height=\"180\" width=\"240\" class=\"skip-lazy fg-image\" data-src-fg=\"https:\/\/www.oekermann.de\/wp-content\/uploads\/cache\/2017\/02\/Pneumatische-Abwasser-Foerderung-Wartungshinweise-System-Oekermann\/1728647155.jpg\" src=\"data:image\/svg+xml,%3Csvg%20xmlns%3D%22http%3A%2F%2Fwww.w3.org%2F2000%2Fsvg%22%20width%3D%22240%22%20height%3D%22180%22%20viewBox%3D%220%200%20240%20180%22%3E%3C%2Fsvg%3E\" loading=\"eager\"><\/span><span class=\"fg-image-overlay\"><\/span><\/a><\/figure><div class=\"fg-loader\"><\/div><\/div><div class=\"fg-item fg-type-image fg-idle\"><figure class=\"fg-item-inner\"><a href=\"https:\/\/www.oekermann.de\/wp-content\/uploads\/2017\/02\/Pneumatische-Ventile-einer-pneumatischen-Abwasser-Hebeanlage.jpg\" data-attachment-id=\"120\" data-type=\"image\" class=\"fg-thumb\"><span class=\"fg-image-wrap\"><img decoding=\"async\" alt=\"Pneumatische Ventile einer pneumatischen Abwasser-Hebeanlage\" height=\"180\" width=\"247\" class=\"skip-lazy fg-image\" data-src-fg=\"https:\/\/www.oekermann.de\/wp-content\/uploads\/cache\/2017\/02\/Pneumatische-Ventile-einer-pneumatischen-Abwasser-Hebeanlage\/2607361957.jpg\" src=\"data:image\/svg+xml,%3Csvg%20xmlns%3D%22http%3A%2F%2Fwww.w3.org%2F2000%2Fsvg%22%20width%3D%22247%22%20height%3D%22180%22%20viewBox%3D%220%200%20247%20180%22%3E%3C%2Fsvg%3E\" loading=\"eager\"><\/span><span class=\"fg-image-overlay\"><\/span><\/a><\/figure><div class=\"fg-loader\"><\/div><\/div><div class=\"fg-item fg-type-image fg-idle\"><figure class=\"fg-item-inner\"><a href=\"https:\/\/www.oekermann.de\/wp-content\/uploads\/2017\/02\/Steuerluftkompressoren-einer-pneumatischen-Abwasser-Pumpstation.jpg\" data-attachment-id=\"121\" data-type=\"image\" class=\"fg-thumb\"><span class=\"fg-image-wrap\"><img decoding=\"async\" alt=\"Steuerluftkompressoren einer pneumatischen Abwasser-Pumpstation\" height=\"180\" width=\"120\" class=\"skip-lazy fg-image\" data-src-fg=\"https:\/\/www.oekermann.de\/wp-content\/uploads\/cache\/2017\/02\/Steuerluftkompressoren-einer-pneumatischen-Abwasser-Pumpstation\/2259739809.jpg\" src=\"data:image\/svg+xml,%3Csvg%20xmlns%3D%22http%3A%2F%2Fwww.w3.org%2F2000%2Fsvg%22%20width%3D%22120%22%20height%3D%22180%22%20viewBox%3D%220%200%20120%20180%22%3E%3C%2Fsvg%3E\" loading=\"eager\"><\/span><span class=\"fg-image-overlay\"><\/span><\/a><\/figure><div class=\"fg-loader\"><\/div><\/div><\/div>\n<\/p>\n<\/section>\n<section class=\"azura-pagesection azp_font_edit\">\n<div class=\" animate-in\" data-anim-type=\"fade-in-right-big\" data-anim-delay=\"\"><a class=\"envor-btn envor-btn-primary envor-btn-normal next\" href=\"https:\/\/www.oekermann.de\/projekt-fotos\/siedlungen-im-laendlichen-raum\/\"> Vid\u00e9ki telep\u00fcl\u00e9sek <i class=\"fa fa-chevron-right\"><\/i><\/a><a class=\"envor-btn envor-btn-primary envor-btn-normal prev\" href=\"https:\/\/www.oekermann.de\/projekt-fotos\/freizeitanlagen-campingplaetze\/\"><i class=\"fa fa-chevron-left\"><\/i> Szabadid\u0151s l\u00e9tes\u00edtm\u00e9nyek &amp; kempingek <\/a><\/div>\n<\/section>\n","protected":false},"excerpt":{"rendered":"<p>Vid\u00e9ki telep\u00fcl\u00e9sek Szabadid\u0151s l\u00e9tes\u00edtm\u00e9nyek &amp; kempingek<\/p>\n","protected":false},"author":2,"featured_media":0,"parent":5098,"menu_order":0,"comment_status":"closed","ping_status":"closed","template":"","meta":{"footnotes":""},"class_list":["post-5100","page","type-page","status-publish","hentry"],"yoast_head":"<!-- This site is optimized with the Yoast SEO plugin v27.4 - https:\/\/yoast.com\/product\/yoast-seo-wordpress\/ -->\n<title>Ipari berendez\u00e9sek - Pneumatische F\u00f6rdertechnik - OEKERMANN Abwassertechnik<\/title>\n<meta name=\"robots\" content=\"index, follow, max-snippet:-1, max-image-preview:large, max-video-preview:-1\" \/>\n<link rel=\"canonical\" href=\"https:\/\/www.oekermann.de\/hu\/projektfotok\/ipari-berendezesek\/\" \/>\n<meta property=\"og:locale\" content=\"hu_HU\" \/>\n<meta property=\"og:type\" content=\"article\" \/>\n<meta property=\"og:title\" content=\"Ipari berendez\u00e9sek - Pneumatische F\u00f6rdertechnik - OEKERMANN Abwassertechnik\" \/>\n<meta property=\"og:description\" content=\"Vid\u00e9ki telep\u00fcl\u00e9sek Szabadid\u0151s l\u00e9tes\u00edtm\u00e9nyek &amp; kempingek\" \/>\n<meta property=\"og:url\" content=\"https:\/\/www.oekermann.de\/hu\/projektfotok\/ipari-berendezesek\/\" \/>\n<meta property=\"og:site_name\" content=\"Pneumatische F\u00f6rdertechnik - OEKERMANN Abwassertechnik\" \/>\n<meta property=\"article:publisher\" content=\"https:\/\/www.facebook.com\/pages\/Oekermann-Abwassertechnik\/1007781205906685\" \/>\n<meta property=\"article:modified_time\" content=\"2025-06-11T12:53:08+00:00\" \/>\n<meta name=\"twitter:card\" content=\"summary_large_image\" \/>\n<meta name=\"twitter:site\" content=\"@Oekermann\" \/>\n<script type=\"application\/ld+json\" class=\"yoast-schema-graph\">{\"@context\":\"https:\\\/\\\/schema.org\",\"@graph\":[{\"@type\":\"WebPage\",\"@id\":\"https:\\\/\\\/www.oekermann.de\\\/hu\\\/projektfotok\\\/ipari-berendezesek\\\/\",\"url\":\"https:\\\/\\\/www.oekermann.de\\\/hu\\\/projektfotok\\\/ipari-berendezesek\\\/\",\"name\":\"Ipari berendez\u00e9sek - Pneumatische F\u00f6rdertechnik - OEKERMANN Abwassertechnik\",\"isPartOf\":{\"@id\":\"https:\\\/\\\/www.oekermann.de\\\/#website\"},\"datePublished\":\"2017-02-05T21:49:32+00:00\",\"dateModified\":\"2025-06-11T12:53:08+00:00\",\"breadcrumb\":{\"@id\":\"https:\\\/\\\/www.oekermann.de\\\/hu\\\/projektfotok\\\/ipari-berendezesek\\\/#breadcrumb\"},\"inLanguage\":\"hu-HU\",\"potentialAction\":[{\"@type\":\"ReadAction\",\"target\":[\"https:\\\/\\\/www.oekermann.de\\\/hu\\\/projektfotok\\\/ipari-berendezesek\\\/\"]}]},{\"@type\":\"BreadcrumbList\",\"@id\":\"https:\\\/\\\/www.oekermann.de\\\/hu\\\/projektfotok\\\/ipari-berendezesek\\\/#breadcrumb\",\"itemListElement\":[{\"@type\":\"ListItem\",\"position\":1,\"name\":\"Startseite\",\"item\":\"https:\\\/\\\/www.oekermann.de\\\/hu\\\/\"},{\"@type\":\"ListItem\",\"position\":2,\"name\":\"Projektfot\u00f3k\",\"item\":\"https:\\\/\\\/www.oekermann.de\\\/hu\\\/projektfotok\\\/\"},{\"@type\":\"ListItem\",\"position\":3,\"name\":\"Ipari berendez\u00e9sek\"}]},{\"@type\":\"WebSite\",\"@id\":\"https:\\\/\\\/www.oekermann.de\\\/#website\",\"url\":\"https:\\\/\\\/www.oekermann.de\\\/\",\"name\":\"Pneumatische F\u00f6rdertechnik - OEKERMANN Abwassertechnik\",\"description\":\"\",\"potentialAction\":[{\"@type\":\"SearchAction\",\"target\":{\"@type\":\"EntryPoint\",\"urlTemplate\":\"https:\\\/\\\/www.oekermann.de\\\/?s={search_term_string}\"},\"query-input\":{\"@type\":\"PropertyValueSpecification\",\"valueRequired\":true,\"valueName\":\"search_term_string\"}}],\"inLanguage\":\"hu-HU\"}]}<\/script>\n<!-- \/ Yoast SEO plugin. -->","yoast_head_json":{"title":"Ipari berendez\u00e9sek - Pneumatische F\u00f6rdertechnik - OEKERMANN Abwassertechnik","robots":{"index":"index","follow":"follow","max-snippet":"max-snippet:-1","max-image-preview":"max-image-preview:large","max-video-preview":"max-video-preview:-1"},"canonical":"https:\/\/www.oekermann.de\/hu\/projektfotok\/ipari-berendezesek\/","og_locale":"hu_HU","og_type":"article","og_title":"Ipari berendez\u00e9sek - Pneumatische F\u00f6rdertechnik - OEKERMANN Abwassertechnik","og_description":"Vid\u00e9ki telep\u00fcl\u00e9sek Szabadid\u0151s l\u00e9tes\u00edtm\u00e9nyek &amp; kempingek","og_url":"https:\/\/www.oekermann.de\/hu\/projektfotok\/ipari-berendezesek\/","og_site_name":"Pneumatische F\u00f6rdertechnik - OEKERMANN Abwassertechnik","article_publisher":"https:\/\/www.facebook.com\/pages\/Oekermann-Abwassertechnik\/1007781205906685","article_modified_time":"2025-06-11T12:53:08+00:00","twitter_card":"summary_large_image","twitter_site":"@Oekermann","schema":{"@context":"https:\/\/schema.org","@graph":[{"@type":"WebPage","@id":"https:\/\/www.oekermann.de\/hu\/projektfotok\/ipari-berendezesek\/","url":"https:\/\/www.oekermann.de\/hu\/projektfotok\/ipari-berendezesek\/","name":"Ipari berendez\u00e9sek - Pneumatische F\u00f6rdertechnik - OEKERMANN Abwassertechnik","isPartOf":{"@id":"https:\/\/www.oekermann.de\/#website"},"datePublished":"2017-02-05T21:49:32+00:00","dateModified":"2025-06-11T12:53:08+00:00","breadcrumb":{"@id":"https:\/\/www.oekermann.de\/hu\/projektfotok\/ipari-berendezesek\/#breadcrumb"},"inLanguage":"hu-HU","potentialAction":[{"@type":"ReadAction","target":["https:\/\/www.oekermann.de\/hu\/projektfotok\/ipari-berendezesek\/"]}]},{"@type":"BreadcrumbList","@id":"https:\/\/www.oekermann.de\/hu\/projektfotok\/ipari-berendezesek\/#breadcrumb","itemListElement":[{"@type":"ListItem","position":1,"name":"Startseite","item":"https:\/\/www.oekermann.de\/hu\/"},{"@type":"ListItem","position":2,"name":"Projektfot\u00f3k","item":"https:\/\/www.oekermann.de\/hu\/projektfotok\/"},{"@type":"ListItem","position":3,"name":"Ipari berendez\u00e9sek"}]},{"@type":"WebSite","@id":"https:\/\/www.oekermann.de\/#website","url":"https:\/\/www.oekermann.de\/","name":"Pneumatische F\u00f6rdertechnik - OEKERMANN Abwassertechnik","description":"","potentialAction":[{"@type":"SearchAction","target":{"@type":"EntryPoint","urlTemplate":"https:\/\/www.oekermann.de\/?s={search_term_string}"},"query-input":{"@type":"PropertyValueSpecification","valueRequired":true,"valueName":"search_term_string"}}],"inLanguage":"hu-HU"}]}},"_links":{"self":[{"href":"https:\/\/www.oekermann.de\/hu\/wp-json\/wp\/v2\/pages\/5100","targetHints":{"allow":["GET"]}}],"collection":[{"href":"https:\/\/www.oekermann.de\/hu\/wp-json\/wp\/v2\/pages"}],"about":[{"href":"https:\/\/www.oekermann.de\/hu\/wp-json\/wp\/v2\/types\/page"}],"author":[{"embeddable":true,"href":"https:\/\/www.oekermann.de\/hu\/wp-json\/wp\/v2\/users\/2"}],"replies":[{"embeddable":true,"href":"https:\/\/www.oekermann.de\/hu\/wp-json\/wp\/v2\/comments?post=5100"}],"version-history":[{"count":1,"href":"https:\/\/www.oekermann.de\/hu\/wp-json\/wp\/v2\/pages\/5100\/revisions"}],"predecessor-version":[{"id":5153,"href":"https:\/\/www.oekermann.de\/hu\/wp-json\/wp\/v2\/pages\/5100\/revisions\/5153"}],"up":[{"embeddable":true,"href":"https:\/\/www.oekermann.de\/hu\/wp-json\/wp\/v2\/pages\/5098"}],"wp:attachment":[{"href":"https:\/\/www.oekermann.de\/hu\/wp-json\/wp\/v2\/media?parent=5100"}],"curies":[{"name":"wp","href":"https:\/\/api.w.org\/{rel}","templated":true}]}}