{"id":5102,"date":"2017-02-05T21:44:30","date_gmt":"2017-02-05T20:44:30","guid":{"rendered":"https:\/\/www.oekermann.de\/?page_id=5102"},"modified":"2025-06-11T14:53:13","modified_gmt":"2025-06-11T12:53:13","slug":"szakkifejezesek","status":"publish","type":"page","link":"https:\/\/www.oekermann.de\/hu\/szakkifejezesek\/","title":{"rendered":"Szakkifejez\u00e9sek"},"content":{"rendered":"<section>\n<ul class=\"list-abc\">\n<li><a href=\"https:\/\/www.oekermann.de\/fachbegriffe\/abwasser\/\">Szennyv\u00edz<\/a><\/li>\n<li><a href=\"https:\/\/www.oekermann.de\/fachbegriffe\/alternative-abwasserentsorgung\/\">Alternat\u00edv szennyv\u00edz-elvezet\u00e9s<\/a><\/li>\n<li><a href=\"https:\/\/www.oekermann.de\/fachbegriffe\/druckluftspuelstation\/\">S\u0171r\u00edtettleveg\u0151s \u00f6bl\u00edt\u0151\u00e1llom\u00e1s<\/a><\/li>\n<li><a href=\"https:\/\/www.oekermann.de\/fachbegriffe\/nachblasautomatik\/\">Automata lef\u00favat\u00e1s<\/a><\/li>\n<li><a href=\"https:\/\/www.oekermann.de\/fachbegriffe\/pwc-anlagen\/\">Parkol\u00f3- \u00e9s WC-rendszerek<\/a><\/li>\n<li><a href=\"https:\/\/www.oekermann.de\/fachbegriffe\/sickerwasserableitung\/\">Sziv\u00e1rg\u00f3v\u00edz-elvezet\u00e9s<\/a><\/li>\n<li><a href=\"https:\/\/www.oekermann.de\/fachbegriffe\/vakuumentwaesserung\/\">V\u00e1kuumos v\u00edztelen\u00edt\u00e9s<\/a><\/li>\n<\/ul>\n<\/section>\n","protected":false},"excerpt":{"rendered":"<p>Szennyv\u00edz Alternat\u00edv szennyv\u00edz-elvezet\u00e9s S\u0171r\u00edtettleveg\u0151s \u00f6bl\u00edt\u0151\u00e1llom\u00e1s Automata lef\u00favat\u00e1s Parkol\u00f3- \u00e9s WC-rendszerek Sziv\u00e1rg\u00f3v\u00edz-elvezet\u00e9s V\u00e1kuumos v\u00edztelen\u00edt\u00e9s<\/p>\n","protected":false},"author":2,"featured_media":0,"parent":0,"menu_order":0,"comment_status":"closed","ping_status":"closed","template":"","meta":{"footnotes":""},"class_list":["post-5102","page","type-page","status-publish","hentry"],"yoast_head":"<!-- This site is optimized with the Yoast SEO plugin v27.4 - https:\/\/yoast.com\/product\/yoast-seo-wordpress\/ -->\n<title>Szakkifejez\u00e9sek - Pneumatische F\u00f6rdertechnik - OEKERMANN Abwassertechnik<\/title>\n<meta name=\"robots\" content=\"index, follow, max-snippet:-1, max-image-preview:large, max-video-preview:-1\" \/>\n<link rel=\"canonical\" href=\"https:\/\/www.oekermann.de\/hu\/szakkifejezesek\/\" \/>\n<meta property=\"og:locale\" content=\"hu_HU\" \/>\n<meta property=\"og:type\" content=\"article\" \/>\n<meta property=\"og:title\" content=\"Szakkifejez\u00e9sek - Pneumatische F\u00f6rdertechnik - OEKERMANN Abwassertechnik\" \/>\n<meta property=\"og:description\" content=\"Szennyv\u00edz Alternat\u00edv szennyv\u00edz-elvezet\u00e9s S\u0171r\u00edtettleveg\u0151s \u00f6bl\u00edt\u0151\u00e1llom\u00e1s Automata lef\u00favat\u00e1s Parkol\u00f3- \u00e9s WC-rendszerek Sziv\u00e1rg\u00f3v\u00edz-elvezet\u00e9s V\u00e1kuumos v\u00edztelen\u00edt\u00e9s\" \/>\n<meta property=\"og:url\" content=\"https:\/\/www.oekermann.de\/hu\/szakkifejezesek\/\" \/>\n<meta property=\"og:site_name\" content=\"Pneumatische F\u00f6rdertechnik - OEKERMANN Abwassertechnik\" \/>\n<meta property=\"article:publisher\" content=\"https:\/\/www.facebook.com\/pages\/Oekermann-Abwassertechnik\/1007781205906685\" \/>\n<meta property=\"article:modified_time\" content=\"2025-06-11T12:53:13+00:00\" \/>\n<meta name=\"twitter:card\" content=\"summary_large_image\" \/>\n<meta name=\"twitter:site\" content=\"@Oekermann\" \/>\n<script type=\"application\/ld+json\" class=\"yoast-schema-graph\">{\"@context\":\"https:\\\/\\\/schema.org\",\"@graph\":[{\"@type\":\"WebPage\",\"@id\":\"https:\\\/\\\/www.oekermann.de\\\/hu\\\/szakkifejezesek\\\/\",\"url\":\"https:\\\/\\\/www.oekermann.de\\\/hu\\\/szakkifejezesek\\\/\",\"name\":\"Szakkifejez\u00e9sek - Pneumatische F\u00f6rdertechnik - OEKERMANN Abwassertechnik\",\"isPartOf\":{\"@id\":\"https:\\\/\\\/www.oekermann.de\\\/#website\"},\"datePublished\":\"2017-02-05T20:44:30+00:00\",\"dateModified\":\"2025-06-11T12:53:13+00:00\",\"breadcrumb\":{\"@id\":\"https:\\\/\\\/www.oekermann.de\\\/hu\\\/szakkifejezesek\\\/#breadcrumb\"},\"inLanguage\":\"hu-HU\",\"potentialAction\":[{\"@type\":\"ReadAction\",\"target\":[\"https:\\\/\\\/www.oekermann.de\\\/hu\\\/szakkifejezesek\\\/\"]}]},{\"@type\":\"BreadcrumbList\",\"@id\":\"https:\\\/\\\/www.oekermann.de\\\/hu\\\/szakkifejezesek\\\/#breadcrumb\",\"itemListElement\":[{\"@type\":\"ListItem\",\"position\":1,\"name\":\"Startseite\",\"item\":\"https:\\\/\\\/www.oekermann.de\\\/hu\\\/\"},{\"@type\":\"ListItem\",\"position\":2,\"name\":\"Szakkifejez\u00e9sek\"}]},{\"@type\":\"WebSite\",\"@id\":\"https:\\\/\\\/www.oekermann.de\\\/#website\",\"url\":\"https:\\\/\\\/www.oekermann.de\\\/\",\"name\":\"Pneumatische F\u00f6rdertechnik - OEKERMANN Abwassertechnik\",\"description\":\"\",\"potentialAction\":[{\"@type\":\"SearchAction\",\"target\":{\"@type\":\"EntryPoint\",\"urlTemplate\":\"https:\\\/\\\/www.oekermann.de\\\/?s={search_term_string}\"},\"query-input\":{\"@type\":\"PropertyValueSpecification\",\"valueRequired\":true,\"valueName\":\"search_term_string\"}}],\"inLanguage\":\"hu-HU\"}]}<\/script>\n<!-- \/ Yoast SEO plugin. -->","yoast_head_json":{"title":"Szakkifejez\u00e9sek - Pneumatische F\u00f6rdertechnik - OEKERMANN Abwassertechnik","robots":{"index":"index","follow":"follow","max-snippet":"max-snippet:-1","max-image-preview":"max-image-preview:large","max-video-preview":"max-video-preview:-1"},"canonical":"https:\/\/www.oekermann.de\/hu\/szakkifejezesek\/","og_locale":"hu_HU","og_type":"article","og_title":"Szakkifejez\u00e9sek - Pneumatische F\u00f6rdertechnik - OEKERMANN Abwassertechnik","og_description":"Szennyv\u00edz Alternat\u00edv szennyv\u00edz-elvezet\u00e9s S\u0171r\u00edtettleveg\u0151s \u00f6bl\u00edt\u0151\u00e1llom\u00e1s Automata lef\u00favat\u00e1s Parkol\u00f3- \u00e9s WC-rendszerek Sziv\u00e1rg\u00f3v\u00edz-elvezet\u00e9s V\u00e1kuumos v\u00edztelen\u00edt\u00e9s","og_url":"https:\/\/www.oekermann.de\/hu\/szakkifejezesek\/","og_site_name":"Pneumatische F\u00f6rdertechnik - OEKERMANN Abwassertechnik","article_publisher":"https:\/\/www.facebook.com\/pages\/Oekermann-Abwassertechnik\/1007781205906685","article_modified_time":"2025-06-11T12:53:13+00:00","twitter_card":"summary_large_image","twitter_site":"@Oekermann","schema":{"@context":"https:\/\/schema.org","@graph":[{"@type":"WebPage","@id":"https:\/\/www.oekermann.de\/hu\/szakkifejezesek\/","url":"https:\/\/www.oekermann.de\/hu\/szakkifejezesek\/","name":"Szakkifejez\u00e9sek - Pneumatische F\u00f6rdertechnik - OEKERMANN Abwassertechnik","isPartOf":{"@id":"https:\/\/www.oekermann.de\/#website"},"datePublished":"2017-02-05T20:44:30+00:00","dateModified":"2025-06-11T12:53:13+00:00","breadcrumb":{"@id":"https:\/\/www.oekermann.de\/hu\/szakkifejezesek\/#breadcrumb"},"inLanguage":"hu-HU","potentialAction":[{"@type":"ReadAction","target":["https:\/\/www.oekermann.de\/hu\/szakkifejezesek\/"]}]},{"@type":"BreadcrumbList","@id":"https:\/\/www.oekermann.de\/hu\/szakkifejezesek\/#breadcrumb","itemListElement":[{"@type":"ListItem","position":1,"name":"Startseite","item":"https:\/\/www.oekermann.de\/hu\/"},{"@type":"ListItem","position":2,"name":"Szakkifejez\u00e9sek"}]},{"@type":"WebSite","@id":"https:\/\/www.oekermann.de\/#website","url":"https:\/\/www.oekermann.de\/","name":"Pneumatische F\u00f6rdertechnik - OEKERMANN Abwassertechnik","description":"","potentialAction":[{"@type":"SearchAction","target":{"@type":"EntryPoint","urlTemplate":"https:\/\/www.oekermann.de\/?s={search_term_string}"},"query-input":{"@type":"PropertyValueSpecification","valueRequired":true,"valueName":"search_term_string"}}],"inLanguage":"hu-HU"}]}},"_links":{"self":[{"href":"https:\/\/www.oekermann.de\/hu\/wp-json\/wp\/v2\/pages\/5102","targetHints":{"allow":["GET"]}}],"collection":[{"href":"https:\/\/www.oekermann.de\/hu\/wp-json\/wp\/v2\/pages"}],"about":[{"href":"https:\/\/www.oekermann.de\/hu\/wp-json\/wp\/v2\/types\/page"}],"author":[{"embeddable":true,"href":"https:\/\/www.oekermann.de\/hu\/wp-json\/wp\/v2\/users\/2"}],"replies":[{"embeddable":true,"href":"https:\/\/www.oekermann.de\/hu\/wp-json\/wp\/v2\/comments?post=5102"}],"version-history":[{"count":1,"href":"https:\/\/www.oekermann.de\/hu\/wp-json\/wp\/v2\/pages\/5102\/revisions"}],"predecessor-version":[{"id":5164,"href":"https:\/\/www.oekermann.de\/hu\/wp-json\/wp\/v2\/pages\/5102\/revisions\/5164"}],"wp:attachment":[{"href":"https:\/\/www.oekermann.de\/hu\/wp-json\/wp\/v2\/media?parent=5102"}],"curies":[{"name":"wp","href":"https:\/\/api.w.org\/{rel}","templated":true}]}}