{"id":5108,"date":"2017-02-05T21:50:52","date_gmt":"2017-02-05T20:50:52","guid":{"rendered":"https:\/\/www.oekermann.de\/?page_id=5108"},"modified":"2025-06-23T13:04:55","modified_gmt":"2025-06-23T11:04:55","slug":"szennyviz","status":"publish","type":"page","link":"https:\/\/www.oekermann.de\/hu\/szakkifejezesek\/szennyviz\/","title":{"rendered":"Szennyv\u00edz"},"content":{"rendered":"<section>A szennyv\u00edz a szennyv\u00edzvezet\u00e9kben vagy szennyv\u00edzcsatorn\u00e1ban elvezetett vegyes vizet jel\u00f6li, melyn\u00e9l a vegyes v\u00edz a (h\u00e1ztart\u00e1sokb\u00f3l, iparb\u00f3l \u00e9s kisipari egys\u00e9gekb\u0151l sz\u00e1rmaz\u00f3) szennyezett v\u00edz kombin\u00e1ci\u00f3j\u00e1t jelenti. A szennyezettv\u00edz-h\u00e1nyad sz\u00e1mos k\u00fcl\u00f6nb\u00f6z\u0151 alkot\u00f3r\u00e9szb\u0151l tev\u0151dhet \u00f6ssze, ez\u00e9rt megk\u00fcl\u00f6nb\u00f6ztet\u00fcnk mag\u00e1nh\u00e1ztart\u00e1sokb\u00f3l (WC-, mos\u00f3-, mosogat\u00f3v\u00edz) \u00e9s az ipar \u00e9s kisipar ter\u00fclet\u00e9r\u0151l (term\u00e9kek stb. gy\u00e1rt\u00e1sakor keletkez\u0151 szennyv\u00edzh\u00e1nyad) sz\u00e1rmaz\u00f3 szennyezett vizet. A k\u00f6vetkez\u0151 \u00e1bra \u00e1ttekinthet\u0151en bemutatja a legfontosabb k\u00fcl\u00f6nbs\u00e9geket:<\/p>\n<p>A szennyv\u00edz nagyon k\u00fcl\u00f6nb\u00f6z\u0151 szennyez\u0151d\u00e9seket tartalmazhat. Ezek a k\u00f6vetkez\u0151 l\u00e9nyeges terhel\u00e9si \u00e9s k\u00e1rosanyag-csoportokra oszthat\u00f3k:<\/p>\n<ul class=\"list-1\">\n<li><i class=\"fa fa-check-square-o\"><\/i> oldott \u00e9s oldatlan anyagok<\/li>\n<li><i class=\"fa fa-check-square-o\"><\/i> k\u00f6nnyen leboml\u00f3 szerves anyagok<\/li>\n<li><i class=\"fa fa-check-square-o\"><\/i> nehezen leboml\u00f3 szerves anyagok<\/li>\n<li><i class=\"fa fa-check-square-o\"><\/i> neh\u00e9zf\u00e9m-vegy\u00fcletek<\/li>\n<li><i class=\"fa fa-check-square-o\"><\/i> n\u00f6v\u00e9nyi t\u00e1panyagok<\/li>\n<li><i class=\"fa fa-check-square-o\"><\/i> haszn\u00e1lt \u00e9s nem haszn\u00e1lt gy\u00f3gyszerek<\/li>\n<\/ul>\n<p>A vizek v\u00e9delme \u00e9rdek\u00e9ben valamennyi k\u00e1ros anyagot a szennyv\u00edz kezel\u00e9s\u00e9vel \u00e9s k\u00fcl\u00f6nb\u00f6z\u0151 el\u0151k\u00e9sz\u00edt\u00e9si int\u00e9zked\u00e9sekkel a legmesszebbmen\u0151kig cs\u00f6kkenteni kell.<\/p>\n<p>&nbsp;<\/p>\n<h2 class=\"cb\">Szennyv\u00edz-elvezet\u00e9s<\/h2>\n<p>A szennyv\u00edz-elvezet\u00e9s \u00e9s -tiszt\u00edt\u00e1s k\u00f6telez\u0151 sz\u00fcks\u00e9gszer\u0171r\u00e9s emberek egy\u00fctt\u00e9l\u00e9s\u00e9hez. Ugyan\u00fagy, mint az iv\u00f3- \u00e9s haszn\u00e1lati v\u00edzzel val\u00f3 ell\u00e1t\u00e1s, \u00e9s az \u00e9lelmiszerekkel val\u00f3 \u00e1ltal\u00e1nos ell\u00e1t\u00e1s.<\/p>\n<p>T\u00f6rt\u00e9nelmileg minden telep\u00fcl\u00e9s kiz\u00e1r\u00f3lag olyan helyeken j\u00f6tt l\u00e9tre, ahol legfontosabb komponensk\u00e9nt biztos\u00edtott volt a v\u00edzell\u00e1t\u00e1s: els\u0151sorban foly\u00f3vizekn\u00e9l vagy el\u00e9g nagy tavak vagy o\u00e1zisok ter\u00fclet\u00e9n.<\/p>\n<p>V\u00edzfoly\u00e1sokn\u00e1l az ell\u00e1t\u00e1s mellett megvoltak az elvezet\u00e9s, valamint m\u00e9g a t\u00e1pl\u00e1lkoz\u00e1s (hal\u00e1szat), az \u00e1rusz\u00e1ll\u00edt\u00e1s stb. csaknem egyen\u00e9rt\u00e9k\u0171 el\u0151nyei. Erre ezernyi p\u00e9lda van az \u00f3kort\u00f3l az \u00fajkorig, amint el\u00e9g csak r\u00e1pillantani a t\u00e9rk\u00e9pre. A vizekt\u0151l t\u00e1vol fekv\u0151 telep\u00fcl\u00e9sek eset\u00e9ben kutakkal kell biztos\u00edtani az ell\u00e1t\u00e1st.<\/p>\n<p>Az \u00e1rtalmatlan\u00edt\u00e1s elvben \u00fagy t\u00f6rt\u00e9nt \u00e9s ma is \u00fagy t\u00f6rt\u00e9nik, hogy a szennyvizet \u00fajb\u00f3l a term\u00e9szetes v\u00edzk\u00f6rforg\u00e1sba, a legk\u00f6zelebbi patakba vagy foly\u00f3ba vezetik.<\/p>\n<p>Ezut\u00e1n a foly\u00f3vizet iv\u00f3v\u00edzk\u00e9nt haszn\u00e1lj\u00e1k, manaps\u00e1g leggyakrabban parti sz\u0171r\u00e9s\u0171 v\u00edzk\u00e9nt, \u00e9s megfelel\u0151 el\u0151k\u00e9sz\u00edt\u00e9st k\u00f6vet\u0151en. N\u00e9metorsz\u00e1gban a Rajna ment\u00e9n p\u00e9ld\u00e1ul B\u00e1zel \u00e9s Hollandia k\u00f6z\u00f6tt, sz\u00e1mtalan v\u00edznyer\u0151 l\u00e9tes\u00edtm\u00e9nyben.<\/p>\n<p>Mez\u0151gazdas\u00e1gi talajhaszn\u00e1lat eset\u00e9n az \u00e1rtalmatlan\u00edt\u00e1s \u00fagy is t\u00f6rt\u00e9nik, hogy a szennyvizet (\u00e9s tr\u00e1gya + h\u00edgtr\u00e1gya \u00e1llati term\u00e9keket) tr\u00e1gy\u00e1z\u00e1s c\u00e9lj\u00e1b\u00f3l kiviszik a f\u00f6ldekre. Ez addig rendben volt \u00e9s rendben is van, am\u00edg a mennyis\u00e9gek megfelel\u0151 ar\u00e1nyban vannak a tr\u00e1gy\u00e1zand\u00f3 ter\u00fcletekkel, \u00e9s a szennyv\u00edz is \u201eterm\u00e9szetes\u201d eredet\u0171.<\/p>\n<p>A \u201eszab\u00e1lyozott\u201d v\u00edz-\/szennyv\u00edz-k\u00f6rforg\u00e1s teh\u00e1t az emberi egy\u00fctt\u00e9l\u00e9s m\u0171k\u00f6d\u00e9se szempontj\u00e1b\u00f3l felt\u00e9tlen\u00fcl sz\u00fcks\u00e9ges.<\/p>\n<p>Ezt m\u00e1r az \u00f3korban felismert\u00e9k. Minden korabeli nagy telep\u00fcl\u00e9s kifinomult v\u00edzell\u00e1t\u00e1ssal \u00e9s szennyv\u00edz-elvezet\u00e9ssel rendelkezett. T\u00f6bbek k\u00f6z\u00f6tt az \u00f3kori r\u00f3maiak vittek v\u00e9ghez nagyszer\u0171 m\u00e9rn\u00f6ki teljes\u00edtm\u00e9nyeket.<\/p>\n<p>Ott, ahol ez nem \u00edgy volt, vagy id\u0151k\u00f6zben ez a m\u00e9rn\u00f6ki tud\u00e1s veszend\u0151be ment, illetve eredetileg sem volt meg, r\u00e9szben jelent\u0151s kiterjed\u00e9s\u0171 betegs\u00e9gg\u00f3cok \u00e9s j\u00e1rv\u00e1nyok alakulhattak ki. Utolj\u00e1ra t\u00f6bbek k\u00f6z\u00f6tt N\u00e9metorsz\u00e1gban ez Hamburg v\u00e1ros\u00e1t \u00e9rintette. A v\u00e1rosban 1892-ben t\u00f6bb mint 8500 ember halt meg koler\u00e1ban.<\/p>\n<p>A csatorn\u00e1z\u00e1s \u00e9s a szennyv\u00edztiszt\u00edt\u00f3 telepek fejl\u0151d\u00e9se ezut\u00e1n N\u00e9metorsz\u00e1gban \u00e9s a k\u00f6z\u00e9p-eur\u00f3pai t\u00e9rs\u00e9gben szint\u00e9n Hamburgban vette kezdet\u00e9t, amit jelent\u0151s orvosok\/tud\u00f3sok, pl. Robert Koch \u00e9s Max von Pettenkofer t\u00e1mogattak.<\/p>\n<p>Vil\u00e1goss\u00e1 v\u00e1lt, hogy a n\u00e9pess\u00e9g n\u00f6veked\u00e9s\u00e9vel p\u00e1rhuzamosan n\u00f6veked\u0151 mennyis\u00e9g\u0171 szennyvizet m\u00e1r nem lehetett egyszer\u0171en a foly\u00f3kba vezetni, hanem el\u0151z\u0151leg meg kellett tiszt\u00edtani.<\/p>\n<p>A szennyv\u00edztiszt\u00edt\u00f3 telepek fejl\u0151d\u00e9se az\u00f3ta rendk\u00edv\u00fcl gyors m\u0171szak fejl\u0151d\u00e9sen ment \u00e1t, k\u00fcl\u00f6n\u00f6sen ha azt vessz\u00fck figyelembe, hogy mindenekel\u0151tt a 20. sz\u00e1zad 2 fele \u00f3ta a h\u00e1ztart\u00e1sokban \u00e9s a iparban haszn\u00e1lt vegyi anyagok sokas\u00e1ga v\u00e9g\u00fcl a szennyv\u00edzben k\u00f6t ki.<\/p>\n<\/section>\n<section class=\"downloads\">\n<div class=\"animate-in\" data-anim-type=\"fade-in-right-big\" data-anim-delay=\"\">\n<div class=\"dl-wrapper\">\n<h2>Let\u00f6lt\u00e9sek a t\u00e9m\u00e1hoz:<\/h2>\n<ul class=\"dl-files\">\n<li class=\"pdf-file-1\"><a href=\"\/res\/pdf\/OEKERMANN-Differenzierung-des-Begriffes-Abwasser.pdf\" target=\"_blank\" rel=\"noopener\"> A szennyv\u00edz fogalm\u00e1nak differenci\u00e1l\u00e1sa <\/a><\/li>\n<li class=\"pdf-file-1\"><a href=\"\/res\/pdf\/OEKERMANN-Abwassersystematik-allgemein.pdf\" target=\"_blank\" rel=\"noopener\"> Szennyv\u00edzrendszer &#8211; \u00e1ltal\u00e1nos \u00e1br\u00e1zol\u00e1s <\/a><\/li>\n<\/ul>\n<div class=\"dl-all\"><a title=\"Kostenlose Downloads zur Pneumatischen Abwassertechnik\" href=\"https:\/\/www.oekermann.de\/downloads\/\">Ingyenes t\u00e1j\u00e9koztat\u00f3 anyag a pneumatikus szennyv\u00edztechnika t\u00e9m\u00e1j\u00e1ban<\/a><\/div>\n<\/div>\n<\/div>\n<\/section>\n","protected":false},"excerpt":{"rendered":"<p>A szennyv\u00edz a szennyv\u00edzvezet\u00e9kben vagy szennyv\u00edzcsatorn\u00e1ban elvezetett vegyes vizet jel\u00f6li, melyn\u00e9l a vegyes v\u00edz a (h\u00e1ztart\u00e1sokb\u00f3l, iparb\u00f3l \u00e9s kisipari egys\u00e9gekb\u0151l sz\u00e1rmaz\u00f3) szennyezett v\u00edz kombin\u00e1ci\u00f3j\u00e1t jelenti. A szennyezettv\u00edz-h\u00e1nyad sz\u00e1mos k\u00fcl\u00f6nb\u00f6z\u0151 alkot\u00f3r\u00e9szb\u0151l tev\u0151dhet \u00f6ssze, ez\u00e9rt megk\u00fcl\u00f6nb\u00f6ztet\u00fcnk mag\u00e1nh\u00e1ztart\u00e1sokb\u00f3l (WC-, mos\u00f3-, mosogat\u00f3v\u00edz) \u00e9s az ipar \u00e9s kisipar ter\u00fclet\u00e9r\u0151l (term\u00e9kek stb. gy\u00e1rt\u00e1sakor keletkez\u0151 szennyv\u00edzh\u00e1nyad) sz\u00e1rmaz\u00f3 szennyezett vizet. A k\u00f6vetkez\u0151 \u00e1bra<\/p>\n<p class=\"link-more\"><a href=\"https:\/\/www.oekermann.de\/hu\/szakkifejezesek\/szennyviz\/\" class=\"envor-btn\">Weiterlesen<span class=\"screen-reader-text\"> &#8220;Szennyv\u00edz&#8221;<\/span><\/a><\/p>\n","protected":false},"author":2,"featured_media":0,"parent":5102,"menu_order":0,"comment_status":"closed","ping_status":"closed","template":"","meta":{"footnotes":""},"class_list":["post-5108","page","type-page","status-publish","hentry"],"yoast_head":"<!-- This site is optimized with the Yoast SEO plugin v27.4 - https:\/\/yoast.com\/product\/yoast-seo-wordpress\/ -->\n<title>Szennyv\u00edz - Pneumatische F\u00f6rdertechnik - OEKERMANN Abwassertechnik<\/title>\n<meta name=\"robots\" content=\"index, follow, max-snippet:-1, max-image-preview:large, max-video-preview:-1\" \/>\n<link rel=\"canonical\" href=\"https:\/\/www.oekermann.de\/hu\/szakkifejezesek\/szennyviz\/\" \/>\n<meta property=\"og:locale\" content=\"hu_HU\" \/>\n<meta property=\"og:type\" content=\"article\" \/>\n<meta property=\"og:title\" content=\"Szennyv\u00edz - Pneumatische F\u00f6rdertechnik - OEKERMANN Abwassertechnik\" \/>\n<meta property=\"og:description\" content=\"A szennyv\u00edz a szennyv\u00edzvezet\u00e9kben vagy szennyv\u00edzcsatorn\u00e1ban elvezetett vegyes vizet jel\u00f6li, melyn\u00e9l a vegyes v\u00edz a (h\u00e1ztart\u00e1sokb\u00f3l, iparb\u00f3l \u00e9s kisipari egys\u00e9gekb\u0151l sz\u00e1rmaz\u00f3) szennyezett v\u00edz kombin\u00e1ci\u00f3j\u00e1t jelenti. A szennyezettv\u00edz-h\u00e1nyad sz\u00e1mos k\u00fcl\u00f6nb\u00f6z\u0151 alkot\u00f3r\u00e9szb\u0151l tev\u0151dhet \u00f6ssze, ez\u00e9rt megk\u00fcl\u00f6nb\u00f6ztet\u00fcnk mag\u00e1nh\u00e1ztart\u00e1sokb\u00f3l (WC-, mos\u00f3-, mosogat\u00f3v\u00edz) \u00e9s az ipar \u00e9s kisipar ter\u00fclet\u00e9r\u0151l (term\u00e9kek stb. gy\u00e1rt\u00e1sakor keletkez\u0151 szennyv\u00edzh\u00e1nyad) sz\u00e1rmaz\u00f3 szennyezett vizet. A k\u00f6vetkez\u0151 \u00e1braWeiterlesen &quot;Szennyv\u00edz&quot;\" \/>\n<meta property=\"og:url\" content=\"https:\/\/www.oekermann.de\/hu\/szakkifejezesek\/szennyviz\/\" \/>\n<meta property=\"og:site_name\" content=\"Pneumatische F\u00f6rdertechnik - OEKERMANN Abwassertechnik\" \/>\n<meta property=\"article:publisher\" content=\"https:\/\/www.facebook.com\/pages\/Oekermann-Abwassertechnik\/1007781205906685\" \/>\n<meta property=\"article:modified_time\" content=\"2025-06-23T11:04:55+00:00\" \/>\n<meta name=\"twitter:card\" content=\"summary_large_image\" \/>\n<meta name=\"twitter:site\" content=\"@Oekermann\" \/>\n<meta name=\"twitter:label1\" content=\"Est. reading time\" \/>\n\t<meta name=\"twitter:data1\" content=\"4 minutes\" \/>\n<script type=\"application\/ld+json\" class=\"yoast-schema-graph\">{\"@context\":\"https:\\\/\\\/schema.org\",\"@graph\":[{\"@type\":\"WebPage\",\"@id\":\"https:\\\/\\\/www.oekermann.de\\\/hu\\\/szakkifejezesek\\\/szennyviz\\\/\",\"url\":\"https:\\\/\\\/www.oekermann.de\\\/hu\\\/szakkifejezesek\\\/szennyviz\\\/\",\"name\":\"Szennyv\u00edz - Pneumatische F\u00f6rdertechnik - OEKERMANN Abwassertechnik\",\"isPartOf\":{\"@id\":\"https:\\\/\\\/www.oekermann.de\\\/#website\"},\"datePublished\":\"2017-02-05T20:50:52+00:00\",\"dateModified\":\"2025-06-23T11:04:55+00:00\",\"breadcrumb\":{\"@id\":\"https:\\\/\\\/www.oekermann.de\\\/hu\\\/szakkifejezesek\\\/szennyviz\\\/#breadcrumb\"},\"inLanguage\":\"hu-HU\",\"potentialAction\":[{\"@type\":\"ReadAction\",\"target\":[\"https:\\\/\\\/www.oekermann.de\\\/hu\\\/szakkifejezesek\\\/szennyviz\\\/\"]}]},{\"@type\":\"BreadcrumbList\",\"@id\":\"https:\\\/\\\/www.oekermann.de\\\/hu\\\/szakkifejezesek\\\/szennyviz\\\/#breadcrumb\",\"itemListElement\":[{\"@type\":\"ListItem\",\"position\":1,\"name\":\"Startseite\",\"item\":\"https:\\\/\\\/www.oekermann.de\\\/hu\\\/\"},{\"@type\":\"ListItem\",\"position\":2,\"name\":\"Szakkifejez\u00e9sek\",\"item\":\"https:\\\/\\\/www.oekermann.de\\\/hu\\\/szakkifejezesek\\\/\"},{\"@type\":\"ListItem\",\"position\":3,\"name\":\"Szennyv\u00edz\"}]},{\"@type\":\"WebSite\",\"@id\":\"https:\\\/\\\/www.oekermann.de\\\/#website\",\"url\":\"https:\\\/\\\/www.oekermann.de\\\/\",\"name\":\"Pneumatische F\u00f6rdertechnik - OEKERMANN Abwassertechnik\",\"description\":\"\",\"potentialAction\":[{\"@type\":\"SearchAction\",\"target\":{\"@type\":\"EntryPoint\",\"urlTemplate\":\"https:\\\/\\\/www.oekermann.de\\\/?s={search_term_string}\"},\"query-input\":{\"@type\":\"PropertyValueSpecification\",\"valueRequired\":true,\"valueName\":\"search_term_string\"}}],\"inLanguage\":\"hu-HU\"}]}<\/script>\n<!-- \/ Yoast SEO plugin. -->","yoast_head_json":{"title":"Szennyv\u00edz - Pneumatische F\u00f6rdertechnik - OEKERMANN Abwassertechnik","robots":{"index":"index","follow":"follow","max-snippet":"max-snippet:-1","max-image-preview":"max-image-preview:large","max-video-preview":"max-video-preview:-1"},"canonical":"https:\/\/www.oekermann.de\/hu\/szakkifejezesek\/szennyviz\/","og_locale":"hu_HU","og_type":"article","og_title":"Szennyv\u00edz - Pneumatische F\u00f6rdertechnik - OEKERMANN Abwassertechnik","og_description":"A szennyv\u00edz a szennyv\u00edzvezet\u00e9kben vagy szennyv\u00edzcsatorn\u00e1ban elvezetett vegyes vizet jel\u00f6li, melyn\u00e9l a vegyes v\u00edz a (h\u00e1ztart\u00e1sokb\u00f3l, iparb\u00f3l \u00e9s kisipari egys\u00e9gekb\u0151l sz\u00e1rmaz\u00f3) szennyezett v\u00edz kombin\u00e1ci\u00f3j\u00e1t jelenti. A szennyezettv\u00edz-h\u00e1nyad sz\u00e1mos k\u00fcl\u00f6nb\u00f6z\u0151 alkot\u00f3r\u00e9szb\u0151l tev\u0151dhet \u00f6ssze, ez\u00e9rt megk\u00fcl\u00f6nb\u00f6ztet\u00fcnk mag\u00e1nh\u00e1ztart\u00e1sokb\u00f3l (WC-, mos\u00f3-, mosogat\u00f3v\u00edz) \u00e9s az ipar \u00e9s kisipar ter\u00fclet\u00e9r\u0151l (term\u00e9kek stb. gy\u00e1rt\u00e1sakor keletkez\u0151 szennyv\u00edzh\u00e1nyad) sz\u00e1rmaz\u00f3 szennyezett vizet. A k\u00f6vetkez\u0151 \u00e1braWeiterlesen \"Szennyv\u00edz\"","og_url":"https:\/\/www.oekermann.de\/hu\/szakkifejezesek\/szennyviz\/","og_site_name":"Pneumatische F\u00f6rdertechnik - OEKERMANN Abwassertechnik","article_publisher":"https:\/\/www.facebook.com\/pages\/Oekermann-Abwassertechnik\/1007781205906685","article_modified_time":"2025-06-23T11:04:55+00:00","twitter_card":"summary_large_image","twitter_site":"@Oekermann","twitter_misc":{"Est. reading time":"4 minutes"},"schema":{"@context":"https:\/\/schema.org","@graph":[{"@type":"WebPage","@id":"https:\/\/www.oekermann.de\/hu\/szakkifejezesek\/szennyviz\/","url":"https:\/\/www.oekermann.de\/hu\/szakkifejezesek\/szennyviz\/","name":"Szennyv\u00edz - Pneumatische F\u00f6rdertechnik - OEKERMANN Abwassertechnik","isPartOf":{"@id":"https:\/\/www.oekermann.de\/#website"},"datePublished":"2017-02-05T20:50:52+00:00","dateModified":"2025-06-23T11:04:55+00:00","breadcrumb":{"@id":"https:\/\/www.oekermann.de\/hu\/szakkifejezesek\/szennyviz\/#breadcrumb"},"inLanguage":"hu-HU","potentialAction":[{"@type":"ReadAction","target":["https:\/\/www.oekermann.de\/hu\/szakkifejezesek\/szennyviz\/"]}]},{"@type":"BreadcrumbList","@id":"https:\/\/www.oekermann.de\/hu\/szakkifejezesek\/szennyviz\/#breadcrumb","itemListElement":[{"@type":"ListItem","position":1,"name":"Startseite","item":"https:\/\/www.oekermann.de\/hu\/"},{"@type":"ListItem","position":2,"name":"Szakkifejez\u00e9sek","item":"https:\/\/www.oekermann.de\/hu\/szakkifejezesek\/"},{"@type":"ListItem","position":3,"name":"Szennyv\u00edz"}]},{"@type":"WebSite","@id":"https:\/\/www.oekermann.de\/#website","url":"https:\/\/www.oekermann.de\/","name":"Pneumatische F\u00f6rdertechnik - OEKERMANN Abwassertechnik","description":"","potentialAction":[{"@type":"SearchAction","target":{"@type":"EntryPoint","urlTemplate":"https:\/\/www.oekermann.de\/?s={search_term_string}"},"query-input":{"@type":"PropertyValueSpecification","valueRequired":true,"valueName":"search_term_string"}}],"inLanguage":"hu-HU"}]}},"_links":{"self":[{"href":"https:\/\/www.oekermann.de\/hu\/wp-json\/wp\/v2\/pages\/5108","targetHints":{"allow":["GET"]}}],"collection":[{"href":"https:\/\/www.oekermann.de\/hu\/wp-json\/wp\/v2\/pages"}],"about":[{"href":"https:\/\/www.oekermann.de\/hu\/wp-json\/wp\/v2\/types\/page"}],"author":[{"embeddable":true,"href":"https:\/\/www.oekermann.de\/hu\/wp-json\/wp\/v2\/users\/2"}],"replies":[{"embeddable":true,"href":"https:\/\/www.oekermann.de\/hu\/wp-json\/wp\/v2\/comments?post=5108"}],"version-history":[{"count":2,"href":"https:\/\/www.oekermann.de\/hu\/wp-json\/wp\/v2\/pages\/5108\/revisions"}],"predecessor-version":[{"id":5226,"href":"https:\/\/www.oekermann.de\/hu\/wp-json\/wp\/v2\/pages\/5108\/revisions\/5226"}],"up":[{"embeddable":true,"href":"https:\/\/www.oekermann.de\/hu\/wp-json\/wp\/v2\/pages\/5102"}],"wp:attachment":[{"href":"https:\/\/www.oekermann.de\/hu\/wp-json\/wp\/v2\/media?parent=5108"}],"curies":[{"name":"wp","href":"https:\/\/api.w.org\/{rel}","templated":true}]}}