{"id":5109,"date":"2017-02-05T21:54:23","date_gmt":"2017-02-05T20:54:23","guid":{"rendered":"https:\/\/www.oekermann.de\/?page_id=5109"},"modified":"2025-06-23T13:01:58","modified_gmt":"2025-06-23T11:01:58","slug":"alternativ-szennyviz-elvezetes","status":"publish","type":"page","link":"https:\/\/www.oekermann.de\/hu\/szakkifejezesek\/alternativ-szennyviz-elvezetes\/","title":{"rendered":"Alternat\u00edv szennyv\u00edz-elvezet\u00e9s"},"content":{"rendered":"<section><a href=\"https:\/\/www.oekermann.de\/ueber-uns\/die-idee\/\">Az OEKERMANN 1977 \u00f3ta \u00e9p\u00edt<\/a> pneumatikus szennyv\u00edzsz\u00e1ll\u00edt\u00f3 rendszereket, \u00e9s ez id\u0151 alatt t\u00f6bb mint 2000 rendszert l\u00e9tes\u00edtett. Az ebb\u0151l sz\u00e1rmaz\u00f3 referenci\u00e1k, valamint a szakmai v\u00e1s\u00e1rokon (pl. a m\u00fcncheni IFAT-on, de a szakmai sz\u00f6vets\u00e9gek \u00e1ltal szervezett tov\u00e1bbk\u00e9pz\u00e9si rendezv\u00e9nyeken is) val\u00f3 folyamatos jelenl\u00e9t ellen\u00e9re ezek a <a href=\"https:\/\/www.oekermann.de\/produktgruppen\/\">term\u00e9kek<\/a>, ill. azok <a href=\"https:\/\/www.oekermann.de\/vorteile\/\">el\u0151nyei<\/a> gyakran nem vagy csak el\u00e9gtelen m\u00e9rt\u00e9kben ismertek.<\/p>\n<p>A k\u00f6vetkez\u0151 magyar\u00e1zatokkal ahhoz szeretn\u00e9nk hozz\u00e1j\u00e1rulni, hogy az OEKERMANN \u00e1ltal fejlesztett pneumatikus szennyv\u00edzsz\u00e1ll\u00edt\u00f3 rendszer, ill. az abb\u00f3l ered\u0151 el\u0151ny\u00f6k ismerts\u00e9ge n\u00f6vekedjen.<\/p>\n<p>Az eredeti \u00f6tlet, mely tov\u00e1bbra is korl\u00e1tlanul \u00e9rv\u00e9nyes, az volt, hogy olyan szennyvizeket is el lehessen juttatni a szennyv\u00edztelepekre, melyeket el\u0151z\u0151leg nem lehetett \u00e1rtalmatlan\u00edtani.<\/p>\n<p>Ez k\u00fcl\u00f6n\u00f6sen a <a href=\"https:\/\/www.oekermann.de\/2019\/07\/31\/ruecklaeufiger-wasserverbrauch\/\">vid\u00e9ki t\u00e9rs\u00e9g<\/a> szennyv\u00edz-elvezet\u00e9si ter\u00fcleteire igaz. Ha viszonylag <a href=\"https:\/\/www.oekermann.de\/vorteile\/foerderung-geringer-wassermengen\/\">csek\u00e9ly szennyv\u00edzmennyis\u00e9geket<\/a> kell <a href=\"https:\/\/www.oekermann.de\/vorteile\/druckleitungen\/\">hosszabb t\u00e1vokon<\/a> sz\u00e1ll\u00edtani, \u00e9s a hagyom\u00e1nyos sz\u00e1ll\u00edt\u00e1si m\u00f3dszerek nem lehets\u00e9gesek.<\/p>\n<p>P\u00e9ld\u00e1ul az al\u00e1bbi okok miatt:<\/p>\n<ul class=\"list-1\">\n<li><i class=\"fa fa-arrow-circle-o-right\"><\/i> nagy nyom\u00f3vezet\u00e9k-hossz\u00fas\u00e1gok eset\u00e9n a <a href=\"https:\/\/www.oekermann.de\/fachbegriffe\/abwasser\/\">szennyv\u00edz<\/a> rothadni kezd vagy megrothad<\/li>\n<li><i class=\"fa fa-arrow-circle-o-right\"><\/i> a sz\u00e1ll\u00edt\u00e1sban ad\u00f3d\u00f3 sz\u00fcnetek miatt (mert a szennyv\u00edz hozz\u00e1foly\u00e1sa nem folyamatos) neh\u00e9z anyagok rak\u00f3dnak le a <a href=\"https:\/\/www.oekermann.de\/vorteile\/druckleitungen\/\">nyom\u00f3vezet\u00e9kekben<\/a><\/li>\n<li><i class=\"fa fa-arrow-circle-o-right\"><\/i> a terep dombos, teh\u00e1t a <a href=\"https:\/\/www.oekermann.de\/vorteile\/druckleitungen\/\">nyom\u00f3vezet\u00e9k<\/a> egym\u00e1st k\u00f6vet\u0151 <a href=\"https:\/\/www.oekermann.de\/vorteile\/hoehenueberwindung\/\">magas \u00e9s alacsony pontokkal<\/a> rendelkezik<\/li>\n<\/ul>\n<p>K\u00e9rj\u00fck, t\u00e1j\u00e9koz\u00f3djon a k\u00fcl\u00f6nb\u00f6z\u0151 el\u0151ny\u00f6kr\u0151l \u00e9s alkalmaz\u00e1si okokr\u00f3l a <a href=\"https:\/\/www.oekermann.de\/downloads\/\">kiadv\u00e1nyokb\u00f3l<\/a> vagy <a href=\"https:\/\/www.oekermann.de\/kontakt\/ihre-ansprechpartner\/\">egyszer\u0171en csak h\u00edvjon fel benn\u00fcnket<\/a>.<\/p>\n<\/section>\n<section class=\"downloads\">\n<div class=\"animate-in\" data-anim-type=\"fade-in-right-big\" data-anim-delay=\"\">\n<div class=\"dl-wrapper\">\n<h2>Let\u00f6lt\u00e9sek a t\u00e9m\u00e1hoz:<\/h2>\n<ul class=\"dl-files\">\n<li class=\"pdf-file-1\"><a href=\"\/res\/pdf\/sonderdruckschriften\/OEKERMANN-Info-02-Die-wichtigsten-Einsatzgruende-fuer-unsere-pneumatischen-Abwasser-Foerderanlagen.pdf\" target=\"_blank\" rel=\"noopener noreferrer\"> A pneumatikus szennyv\u00edzsz\u00e1ll\u00edt\u00f3 rendszerek alkalmaz\u00e1s\u00e1nak legfontosabb okai <\/a><\/li>\n<\/ul>\n<div class=\"dl-all\"><a title=\"Kostenlose Downloads zur Pneumatischen Abwassertechnik\" href=\"https:\/\/www.oekermann.de\/downloads\/\">Ingyenes t\u00e1j\u00e9koztat\u00f3 anyag a pneumatikus szennyv\u00edztechnika t\u00e9m\u00e1j\u00e1ban<\/a><\/div>\n<\/div>\n<\/div>\n<\/section>\n","protected":false},"excerpt":{"rendered":"<p>Az OEKERMANN 1977 \u00f3ta \u00e9p\u00edt pneumatikus szennyv\u00edzsz\u00e1ll\u00edt\u00f3 rendszereket, \u00e9s ez id\u0151 alatt t\u00f6bb mint 2000 rendszert l\u00e9tes\u00edtett. Az ebb\u0151l sz\u00e1rmaz\u00f3 referenci\u00e1k, valamint a szakmai v\u00e1s\u00e1rokon (pl. a m\u00fcncheni IFAT-on, de a szakmai sz\u00f6vets\u00e9gek \u00e1ltal szervezett tov\u00e1bbk\u00e9pz\u00e9si rendezv\u00e9nyeken is) val\u00f3 folyamatos jelenl\u00e9t ellen\u00e9re ezek a term\u00e9kek, ill. azok el\u0151nyei gyakran nem vagy csak el\u00e9gtelen m\u00e9rt\u00e9kben ismertek.<\/p>\n<p class=\"link-more\"><a href=\"https:\/\/www.oekermann.de\/hu\/szakkifejezesek\/alternativ-szennyviz-elvezetes\/\" class=\"envor-btn\">Weiterlesen<span class=\"screen-reader-text\"> &#8220;Alternat\u00edv szennyv\u00edz-elvezet\u00e9s&#8221;<\/span><\/a><\/p>\n","protected":false},"author":2,"featured_media":0,"parent":5102,"menu_order":0,"comment_status":"closed","ping_status":"closed","template":"","meta":{"footnotes":""},"class_list":["post-5109","page","type-page","status-publish","hentry"],"yoast_head":"<!-- This site is optimized with the Yoast SEO plugin v27.4 - https:\/\/yoast.com\/product\/yoast-seo-wordpress\/ -->\n<title>Alternat\u00edv szennyv\u00edz-elvezet\u00e9s - Pneumatische F\u00f6rdertechnik - OEKERMANN Abwassertechnik<\/title>\n<meta name=\"robots\" content=\"index, follow, max-snippet:-1, max-image-preview:large, max-video-preview:-1\" \/>\n<link rel=\"canonical\" href=\"https:\/\/www.oekermann.de\/hu\/szakkifejezesek\/alternativ-szennyviz-elvezetes\/\" \/>\n<meta property=\"og:locale\" content=\"hu_HU\" \/>\n<meta property=\"og:type\" content=\"article\" \/>\n<meta property=\"og:title\" content=\"Alternat\u00edv szennyv\u00edz-elvezet\u00e9s - Pneumatische F\u00f6rdertechnik - OEKERMANN Abwassertechnik\" \/>\n<meta property=\"og:description\" content=\"Az OEKERMANN 1977 \u00f3ta \u00e9p\u00edt pneumatikus szennyv\u00edzsz\u00e1ll\u00edt\u00f3 rendszereket, \u00e9s ez id\u0151 alatt t\u00f6bb mint 2000 rendszert l\u00e9tes\u00edtett. Az ebb\u0151l sz\u00e1rmaz\u00f3 referenci\u00e1k, valamint a szakmai v\u00e1s\u00e1rokon (pl. a m\u00fcncheni IFAT-on, de a szakmai sz\u00f6vets\u00e9gek \u00e1ltal szervezett tov\u00e1bbk\u00e9pz\u00e9si rendezv\u00e9nyeken is) val\u00f3 folyamatos jelenl\u00e9t ellen\u00e9re ezek a term\u00e9kek, ill. azok el\u0151nyei gyakran nem vagy csak el\u00e9gtelen m\u00e9rt\u00e9kben ismertek.Weiterlesen &quot;Alternat\u00edv szennyv\u00edz-elvezet\u00e9s&quot;\" \/>\n<meta property=\"og:url\" content=\"https:\/\/www.oekermann.de\/hu\/szakkifejezesek\/alternativ-szennyviz-elvezetes\/\" \/>\n<meta property=\"og:site_name\" content=\"Pneumatische F\u00f6rdertechnik - OEKERMANN Abwassertechnik\" \/>\n<meta property=\"article:publisher\" content=\"https:\/\/www.facebook.com\/pages\/Oekermann-Abwassertechnik\/1007781205906685\" \/>\n<meta property=\"article:modified_time\" content=\"2025-06-23T11:01:58+00:00\" \/>\n<meta name=\"twitter:card\" content=\"summary_large_image\" \/>\n<meta name=\"twitter:site\" content=\"@Oekermann\" \/>\n<meta name=\"twitter:label1\" content=\"Est. reading time\" \/>\n\t<meta name=\"twitter:data1\" content=\"2 minutes\" \/>\n<script type=\"application\/ld+json\" class=\"yoast-schema-graph\">{\"@context\":\"https:\\\/\\\/schema.org\",\"@graph\":[{\"@type\":\"WebPage\",\"@id\":\"https:\\\/\\\/www.oekermann.de\\\/hu\\\/szakkifejezesek\\\/alternativ-szennyviz-elvezetes\\\/\",\"url\":\"https:\\\/\\\/www.oekermann.de\\\/hu\\\/szakkifejezesek\\\/alternativ-szennyviz-elvezetes\\\/\",\"name\":\"Alternat\u00edv szennyv\u00edz-elvezet\u00e9s - Pneumatische F\u00f6rdertechnik - OEKERMANN Abwassertechnik\",\"isPartOf\":{\"@id\":\"https:\\\/\\\/www.oekermann.de\\\/#website\"},\"datePublished\":\"2017-02-05T20:54:23+00:00\",\"dateModified\":\"2025-06-23T11:01:58+00:00\",\"breadcrumb\":{\"@id\":\"https:\\\/\\\/www.oekermann.de\\\/hu\\\/szakkifejezesek\\\/alternativ-szennyviz-elvezetes\\\/#breadcrumb\"},\"inLanguage\":\"hu-HU\",\"potentialAction\":[{\"@type\":\"ReadAction\",\"target\":[\"https:\\\/\\\/www.oekermann.de\\\/hu\\\/szakkifejezesek\\\/alternativ-szennyviz-elvezetes\\\/\"]}]},{\"@type\":\"BreadcrumbList\",\"@id\":\"https:\\\/\\\/www.oekermann.de\\\/hu\\\/szakkifejezesek\\\/alternativ-szennyviz-elvezetes\\\/#breadcrumb\",\"itemListElement\":[{\"@type\":\"ListItem\",\"position\":1,\"name\":\"Startseite\",\"item\":\"https:\\\/\\\/www.oekermann.de\\\/hu\\\/\"},{\"@type\":\"ListItem\",\"position\":2,\"name\":\"Szakkifejez\u00e9sek\",\"item\":\"https:\\\/\\\/www.oekermann.de\\\/hu\\\/szakkifejezesek\\\/\"},{\"@type\":\"ListItem\",\"position\":3,\"name\":\"Alternat\u00edv szennyv\u00edz-elvezet\u00e9s\"}]},{\"@type\":\"WebSite\",\"@id\":\"https:\\\/\\\/www.oekermann.de\\\/#website\",\"url\":\"https:\\\/\\\/www.oekermann.de\\\/\",\"name\":\"Pneumatische F\u00f6rdertechnik - OEKERMANN Abwassertechnik\",\"description\":\"\",\"potentialAction\":[{\"@type\":\"SearchAction\",\"target\":{\"@type\":\"EntryPoint\",\"urlTemplate\":\"https:\\\/\\\/www.oekermann.de\\\/?s={search_term_string}\"},\"query-input\":{\"@type\":\"PropertyValueSpecification\",\"valueRequired\":true,\"valueName\":\"search_term_string\"}}],\"inLanguage\":\"hu-HU\"}]}<\/script>\n<!-- \/ Yoast SEO plugin. -->","yoast_head_json":{"title":"Alternat\u00edv szennyv\u00edz-elvezet\u00e9s - Pneumatische F\u00f6rdertechnik - OEKERMANN Abwassertechnik","robots":{"index":"index","follow":"follow","max-snippet":"max-snippet:-1","max-image-preview":"max-image-preview:large","max-video-preview":"max-video-preview:-1"},"canonical":"https:\/\/www.oekermann.de\/hu\/szakkifejezesek\/alternativ-szennyviz-elvezetes\/","og_locale":"hu_HU","og_type":"article","og_title":"Alternat\u00edv szennyv\u00edz-elvezet\u00e9s - Pneumatische F\u00f6rdertechnik - OEKERMANN Abwassertechnik","og_description":"Az OEKERMANN 1977 \u00f3ta \u00e9p\u00edt pneumatikus szennyv\u00edzsz\u00e1ll\u00edt\u00f3 rendszereket, \u00e9s ez id\u0151 alatt t\u00f6bb mint 2000 rendszert l\u00e9tes\u00edtett. Az ebb\u0151l sz\u00e1rmaz\u00f3 referenci\u00e1k, valamint a szakmai v\u00e1s\u00e1rokon (pl. a m\u00fcncheni IFAT-on, de a szakmai sz\u00f6vets\u00e9gek \u00e1ltal szervezett tov\u00e1bbk\u00e9pz\u00e9si rendezv\u00e9nyeken is) val\u00f3 folyamatos jelenl\u00e9t ellen\u00e9re ezek a term\u00e9kek, ill. azok el\u0151nyei gyakran nem vagy csak el\u00e9gtelen m\u00e9rt\u00e9kben ismertek.Weiterlesen \"Alternat\u00edv szennyv\u00edz-elvezet\u00e9s\"","og_url":"https:\/\/www.oekermann.de\/hu\/szakkifejezesek\/alternativ-szennyviz-elvezetes\/","og_site_name":"Pneumatische F\u00f6rdertechnik - OEKERMANN Abwassertechnik","article_publisher":"https:\/\/www.facebook.com\/pages\/Oekermann-Abwassertechnik\/1007781205906685","article_modified_time":"2025-06-23T11:01:58+00:00","twitter_card":"summary_large_image","twitter_site":"@Oekermann","twitter_misc":{"Est. reading time":"2 minutes"},"schema":{"@context":"https:\/\/schema.org","@graph":[{"@type":"WebPage","@id":"https:\/\/www.oekermann.de\/hu\/szakkifejezesek\/alternativ-szennyviz-elvezetes\/","url":"https:\/\/www.oekermann.de\/hu\/szakkifejezesek\/alternativ-szennyviz-elvezetes\/","name":"Alternat\u00edv szennyv\u00edz-elvezet\u00e9s - Pneumatische F\u00f6rdertechnik - OEKERMANN Abwassertechnik","isPartOf":{"@id":"https:\/\/www.oekermann.de\/#website"},"datePublished":"2017-02-05T20:54:23+00:00","dateModified":"2025-06-23T11:01:58+00:00","breadcrumb":{"@id":"https:\/\/www.oekermann.de\/hu\/szakkifejezesek\/alternativ-szennyviz-elvezetes\/#breadcrumb"},"inLanguage":"hu-HU","potentialAction":[{"@type":"ReadAction","target":["https:\/\/www.oekermann.de\/hu\/szakkifejezesek\/alternativ-szennyviz-elvezetes\/"]}]},{"@type":"BreadcrumbList","@id":"https:\/\/www.oekermann.de\/hu\/szakkifejezesek\/alternativ-szennyviz-elvezetes\/#breadcrumb","itemListElement":[{"@type":"ListItem","position":1,"name":"Startseite","item":"https:\/\/www.oekermann.de\/hu\/"},{"@type":"ListItem","position":2,"name":"Szakkifejez\u00e9sek","item":"https:\/\/www.oekermann.de\/hu\/szakkifejezesek\/"},{"@type":"ListItem","position":3,"name":"Alternat\u00edv szennyv\u00edz-elvezet\u00e9s"}]},{"@type":"WebSite","@id":"https:\/\/www.oekermann.de\/#website","url":"https:\/\/www.oekermann.de\/","name":"Pneumatische F\u00f6rdertechnik - OEKERMANN Abwassertechnik","description":"","potentialAction":[{"@type":"SearchAction","target":{"@type":"EntryPoint","urlTemplate":"https:\/\/www.oekermann.de\/?s={search_term_string}"},"query-input":{"@type":"PropertyValueSpecification","valueRequired":true,"valueName":"search_term_string"}}],"inLanguage":"hu-HU"}]}},"_links":{"self":[{"href":"https:\/\/www.oekermann.de\/hu\/wp-json\/wp\/v2\/pages\/5109","targetHints":{"allow":["GET"]}}],"collection":[{"href":"https:\/\/www.oekermann.de\/hu\/wp-json\/wp\/v2\/pages"}],"about":[{"href":"https:\/\/www.oekermann.de\/hu\/wp-json\/wp\/v2\/types\/page"}],"author":[{"embeddable":true,"href":"https:\/\/www.oekermann.de\/hu\/wp-json\/wp\/v2\/users\/2"}],"replies":[{"embeddable":true,"href":"https:\/\/www.oekermann.de\/hu\/wp-json\/wp\/v2\/comments?post=5109"}],"version-history":[{"count":2,"href":"https:\/\/www.oekermann.de\/hu\/wp-json\/wp\/v2\/pages\/5109\/revisions"}],"predecessor-version":[{"id":5220,"href":"https:\/\/www.oekermann.de\/hu\/wp-json\/wp\/v2\/pages\/5109\/revisions\/5220"}],"up":[{"embeddable":true,"href":"https:\/\/www.oekermann.de\/hu\/wp-json\/wp\/v2\/pages\/5102"}],"wp:attachment":[{"href":"https:\/\/www.oekermann.de\/hu\/wp-json\/wp\/v2\/media?parent=5109"}],"curies":[{"name":"wp","href":"https:\/\/api.w.org\/{rel}","templated":true}]}}