{"id":5111,"date":"2017-02-05T22:25:48","date_gmt":"2017-02-05T21:25:48","guid":{"rendered":"https:\/\/www.oekermann.de\/?page_id=5111"},"modified":"2025-06-11T14:53:09","modified_gmt":"2025-06-11T12:53:09","slug":"parkolo-es-wc-rendszerek-pihenohelyek","status":"publish","type":"page","link":"https:\/\/www.oekermann.de\/hu\/projektfotok\/parkolo-es-wc-rendszerek-pihenohelyek\/","title":{"rendered":"Parkol\u00f3- \u00e9s WC-rendszerek \/ pihen\u0151helyek"},"content":{"rendered":"<section><style type=\"text\/css\">\n#foogallery-gallery-92.fg-justified .fg-item { margin-right: 5px; margin-bottom: 5px; }\n#foogallery-gallery-92.fg-justified .fg-image { height: 180px; }<\/style>\n\t\t\t<div class=\"foogallery foogallery-container foogallery-justified foogallery-lightbox-foobox fg-justified fg-ready fg-light fg-loading-default fg-loaded-fade-in fg-hover-fade fg-hover-zoom\" id=\"foogallery-gallery-92\" data-foogallery=\"{&quot;item&quot;:{&quot;showCaptionTitle&quot;:true,&quot;showCaptionDescription&quot;:false},&quot;lazy&quot;:true,&quot;template&quot;:{&quot;rowHeight&quot;:180,&quot;maxRowHeight&quot;:180,&quot;margins&quot;:5,&quot;align&quot;:&quot;center&quot;,&quot;lastRow&quot;:&quot;smart&quot;}}\" style=\"--fg-title-line-clamp: 0; --fg-description-line-clamp: 0;\" >\n\t<div class=\"fg-item fg-type-image fg-idle\"><figure class=\"fg-item-inner\"><a href=\"https:\/\/www.oekermann.de\/wp-content\/uploads\/2017\/02\/PWC-Anlagen-Raststaetten-1.jpg\" data-attachment-id=\"94\" data-type=\"image\" class=\"fg-thumb\"><span class=\"fg-image-wrap\"><img decoding=\"async\" alt=\"PWC-Anlagen an Rastst\u00e4tten\" height=\"180\" width=\"240\" class=\"skip-lazy fg-image\" data-src-fg=\"https:\/\/www.oekermann.de\/wp-content\/uploads\/cache\/2017\/02\/PWC-Anlagen-Raststaetten-1\/1822350756.jpg\" src=\"data:image\/svg+xml,%3Csvg%20xmlns%3D%22http%3A%2F%2Fwww.w3.org%2F2000%2Fsvg%22%20width%3D%22240%22%20height%3D%22180%22%20viewBox%3D%220%200%20240%20180%22%3E%3C%2Fsvg%3E\" loading=\"eager\"><\/span><span class=\"fg-image-overlay\"><\/span><\/a><\/figure><div class=\"fg-loader\"><\/div><\/div><div class=\"fg-item fg-type-image fg-idle\"><figure class=\"fg-item-inner\"><a href=\"https:\/\/www.oekermann.de\/wp-content\/uploads\/2017\/02\/PWC-Anlagen-Raststaetten-2.jpg\" data-attachment-id=\"95\" data-type=\"image\" class=\"fg-thumb\"><span class=\"fg-image-wrap\"><img decoding=\"async\" alt=\"PWC-Anlagen an Rastst\u00e4tten\" height=\"180\" width=\"240\" class=\"skip-lazy fg-image\" data-src-fg=\"https:\/\/www.oekermann.de\/wp-content\/uploads\/cache\/2017\/02\/PWC-Anlagen-Raststaetten-2\/2118836646.jpg\" src=\"data:image\/svg+xml,%3Csvg%20xmlns%3D%22http%3A%2F%2Fwww.w3.org%2F2000%2Fsvg%22%20width%3D%22240%22%20height%3D%22180%22%20viewBox%3D%220%200%20240%20180%22%3E%3C%2Fsvg%3E\" loading=\"eager\"><\/span><span class=\"fg-image-overlay\"><\/span><\/a><\/figure><div class=\"fg-loader\"><\/div><\/div><div class=\"fg-item fg-type-image fg-idle\"><figure class=\"fg-item-inner\"><a href=\"https:\/\/www.oekermann.de\/wp-content\/uploads\/2017\/02\/PWC-Anlagen-Raststaetten-3.jpg\" data-attachment-id=\"96\" data-type=\"image\" class=\"fg-thumb\"><span class=\"fg-image-wrap\"><img decoding=\"async\" alt=\"PWC-Anlagen an Rastst\u00e4tten\" height=\"180\" width=\"240\" class=\"skip-lazy fg-image\" data-src-fg=\"https:\/\/www.oekermann.de\/wp-content\/uploads\/cache\/2017\/02\/PWC-Anlagen-Raststaetten-3\/3447499610.jpg\" src=\"data:image\/svg+xml,%3Csvg%20xmlns%3D%22http%3A%2F%2Fwww.w3.org%2F2000%2Fsvg%22%20width%3D%22240%22%20height%3D%22180%22%20viewBox%3D%220%200%20240%20180%22%3E%3C%2Fsvg%3E\" loading=\"eager\"><\/span><span class=\"fg-image-overlay\"><\/span><\/a><\/figure><div class=\"fg-loader\"><\/div><\/div><\/div>\n<\/p>\n<\/section>\n<section class=\"azura-pagesection azp_font_edit\">\n<div class=\" animate-in\" data-anim-type=\"fade-in-right-big\" data-anim-delay=\"\"><a class=\"envor-btn envor-btn-primary envor-btn-normal next\" href=\"https:\/\/www.oekermann.de\/projekt-fotos\/freizeitanlagen-campingplaetze\/\" data-mce-bootstrap=\"1\"> Szabadid\u0151s l\u00e9tes\u00edtm\u00e9nyek &amp; kempingek <i class=\"fa fa-chevron-right\" data-mce-bootstrap=\"1\">\u00a0<\/i><\/a><a class=\"envor-btn envor-btn-primary envor-btn-normal prev\" href=\"https:\/\/www.oekermann.de\/projekt-fotos\/siedlungen-im-laendlichen-raum\/\" data-mce-bootstrap=\"1\"><i class=\"fa fa-chevron-left\" data-mce-bootstrap=\"1\">\u00a0<\/i> Vid\u00e9ki telep\u00fcl\u00e9sek <\/a><\/div>\n<\/section>\n","protected":false},"excerpt":{"rendered":"<p>Szabadid\u0151s l\u00e9tes\u00edtm\u00e9nyek &amp; kempingek \u00a0\u00a0 Vid\u00e9ki telep\u00fcl\u00e9sek<\/p>\n","protected":false},"author":2,"featured_media":0,"parent":5098,"menu_order":0,"comment_status":"closed","ping_status":"closed","template":"","meta":{"footnotes":""},"class_list":["post-5111","page","type-page","status-publish","hentry"],"yoast_head":"<!-- This site is optimized with the Yoast SEO plugin v27.4 - https:\/\/yoast.com\/product\/yoast-seo-wordpress\/ -->\n<title>Parkol\u00f3- \u00e9s WC-rendszerek \/ pihen\u0151helyek - Pneumatische F\u00f6rdertechnik - OEKERMANN Abwassertechnik<\/title>\n<meta name=\"robots\" content=\"index, follow, max-snippet:-1, max-image-preview:large, max-video-preview:-1\" \/>\n<link rel=\"canonical\" href=\"https:\/\/www.oekermann.de\/hu\/projektfotok\/parkolo-es-wc-rendszerek-pihenohelyek\/\" \/>\n<meta property=\"og:locale\" content=\"hu_HU\" \/>\n<meta property=\"og:type\" content=\"article\" \/>\n<meta property=\"og:title\" content=\"Parkol\u00f3- \u00e9s WC-rendszerek \/ pihen\u0151helyek - Pneumatische F\u00f6rdertechnik - OEKERMANN Abwassertechnik\" \/>\n<meta property=\"og:description\" content=\"Szabadid\u0151s l\u00e9tes\u00edtm\u00e9nyek &amp; kempingek \u00a0\u00a0 Vid\u00e9ki telep\u00fcl\u00e9sek\" \/>\n<meta property=\"og:url\" content=\"https:\/\/www.oekermann.de\/hu\/projektfotok\/parkolo-es-wc-rendszerek-pihenohelyek\/\" \/>\n<meta property=\"og:site_name\" content=\"Pneumatische F\u00f6rdertechnik - OEKERMANN Abwassertechnik\" \/>\n<meta property=\"article:publisher\" content=\"https:\/\/www.facebook.com\/pages\/Oekermann-Abwassertechnik\/1007781205906685\" \/>\n<meta property=\"article:modified_time\" content=\"2025-06-11T12:53:09+00:00\" \/>\n<meta name=\"twitter:card\" content=\"summary_large_image\" \/>\n<meta name=\"twitter:site\" content=\"@Oekermann\" \/>\n<script type=\"application\/ld+json\" class=\"yoast-schema-graph\">{\"@context\":\"https:\\\/\\\/schema.org\",\"@graph\":[{\"@type\":\"WebPage\",\"@id\":\"https:\\\/\\\/www.oekermann.de\\\/hu\\\/projektfotok\\\/parkolo-es-wc-rendszerek-pihenohelyek\\\/\",\"url\":\"https:\\\/\\\/www.oekermann.de\\\/hu\\\/projektfotok\\\/parkolo-es-wc-rendszerek-pihenohelyek\\\/\",\"name\":\"Parkol\u00f3- \u00e9s WC-rendszerek \\\/ pihen\u0151helyek - Pneumatische F\u00f6rdertechnik - OEKERMANN Abwassertechnik\",\"isPartOf\":{\"@id\":\"https:\\\/\\\/www.oekermann.de\\\/#website\"},\"datePublished\":\"2017-02-05T21:25:48+00:00\",\"dateModified\":\"2025-06-11T12:53:09+00:00\",\"breadcrumb\":{\"@id\":\"https:\\\/\\\/www.oekermann.de\\\/hu\\\/projektfotok\\\/parkolo-es-wc-rendszerek-pihenohelyek\\\/#breadcrumb\"},\"inLanguage\":\"hu-HU\",\"potentialAction\":[{\"@type\":\"ReadAction\",\"target\":[\"https:\\\/\\\/www.oekermann.de\\\/hu\\\/projektfotok\\\/parkolo-es-wc-rendszerek-pihenohelyek\\\/\"]}]},{\"@type\":\"BreadcrumbList\",\"@id\":\"https:\\\/\\\/www.oekermann.de\\\/hu\\\/projektfotok\\\/parkolo-es-wc-rendszerek-pihenohelyek\\\/#breadcrumb\",\"itemListElement\":[{\"@type\":\"ListItem\",\"position\":1,\"name\":\"Startseite\",\"item\":\"https:\\\/\\\/www.oekermann.de\\\/hu\\\/\"},{\"@type\":\"ListItem\",\"position\":2,\"name\":\"Projektfot\u00f3k\",\"item\":\"https:\\\/\\\/www.oekermann.de\\\/hu\\\/projektfotok\\\/\"},{\"@type\":\"ListItem\",\"position\":3,\"name\":\"Parkol\u00f3- \u00e9s WC-rendszerek \\\/ pihen\u0151helyek\"}]},{\"@type\":\"WebSite\",\"@id\":\"https:\\\/\\\/www.oekermann.de\\\/#website\",\"url\":\"https:\\\/\\\/www.oekermann.de\\\/\",\"name\":\"Pneumatische F\u00f6rdertechnik - OEKERMANN Abwassertechnik\",\"description\":\"\",\"potentialAction\":[{\"@type\":\"SearchAction\",\"target\":{\"@type\":\"EntryPoint\",\"urlTemplate\":\"https:\\\/\\\/www.oekermann.de\\\/?s={search_term_string}\"},\"query-input\":{\"@type\":\"PropertyValueSpecification\",\"valueRequired\":true,\"valueName\":\"search_term_string\"}}],\"inLanguage\":\"hu-HU\"}]}<\/script>\n<!-- \/ Yoast SEO plugin. -->","yoast_head_json":{"title":"Parkol\u00f3- \u00e9s WC-rendszerek \/ pihen\u0151helyek - Pneumatische F\u00f6rdertechnik - OEKERMANN Abwassertechnik","robots":{"index":"index","follow":"follow","max-snippet":"max-snippet:-1","max-image-preview":"max-image-preview:large","max-video-preview":"max-video-preview:-1"},"canonical":"https:\/\/www.oekermann.de\/hu\/projektfotok\/parkolo-es-wc-rendszerek-pihenohelyek\/","og_locale":"hu_HU","og_type":"article","og_title":"Parkol\u00f3- \u00e9s WC-rendszerek \/ pihen\u0151helyek - Pneumatische F\u00f6rdertechnik - OEKERMANN Abwassertechnik","og_description":"Szabadid\u0151s l\u00e9tes\u00edtm\u00e9nyek &amp; kempingek \u00a0\u00a0 Vid\u00e9ki telep\u00fcl\u00e9sek","og_url":"https:\/\/www.oekermann.de\/hu\/projektfotok\/parkolo-es-wc-rendszerek-pihenohelyek\/","og_site_name":"Pneumatische F\u00f6rdertechnik - OEKERMANN Abwassertechnik","article_publisher":"https:\/\/www.facebook.com\/pages\/Oekermann-Abwassertechnik\/1007781205906685","article_modified_time":"2025-06-11T12:53:09+00:00","twitter_card":"summary_large_image","twitter_site":"@Oekermann","schema":{"@context":"https:\/\/schema.org","@graph":[{"@type":"WebPage","@id":"https:\/\/www.oekermann.de\/hu\/projektfotok\/parkolo-es-wc-rendszerek-pihenohelyek\/","url":"https:\/\/www.oekermann.de\/hu\/projektfotok\/parkolo-es-wc-rendszerek-pihenohelyek\/","name":"Parkol\u00f3- \u00e9s WC-rendszerek \/ pihen\u0151helyek - Pneumatische F\u00f6rdertechnik - OEKERMANN Abwassertechnik","isPartOf":{"@id":"https:\/\/www.oekermann.de\/#website"},"datePublished":"2017-02-05T21:25:48+00:00","dateModified":"2025-06-11T12:53:09+00:00","breadcrumb":{"@id":"https:\/\/www.oekermann.de\/hu\/projektfotok\/parkolo-es-wc-rendszerek-pihenohelyek\/#breadcrumb"},"inLanguage":"hu-HU","potentialAction":[{"@type":"ReadAction","target":["https:\/\/www.oekermann.de\/hu\/projektfotok\/parkolo-es-wc-rendszerek-pihenohelyek\/"]}]},{"@type":"BreadcrumbList","@id":"https:\/\/www.oekermann.de\/hu\/projektfotok\/parkolo-es-wc-rendszerek-pihenohelyek\/#breadcrumb","itemListElement":[{"@type":"ListItem","position":1,"name":"Startseite","item":"https:\/\/www.oekermann.de\/hu\/"},{"@type":"ListItem","position":2,"name":"Projektfot\u00f3k","item":"https:\/\/www.oekermann.de\/hu\/projektfotok\/"},{"@type":"ListItem","position":3,"name":"Parkol\u00f3- \u00e9s WC-rendszerek \/ pihen\u0151helyek"}]},{"@type":"WebSite","@id":"https:\/\/www.oekermann.de\/#website","url":"https:\/\/www.oekermann.de\/","name":"Pneumatische F\u00f6rdertechnik - OEKERMANN Abwassertechnik","description":"","potentialAction":[{"@type":"SearchAction","target":{"@type":"EntryPoint","urlTemplate":"https:\/\/www.oekermann.de\/?s={search_term_string}"},"query-input":{"@type":"PropertyValueSpecification","valueRequired":true,"valueName":"search_term_string"}}],"inLanguage":"hu-HU"}]}},"_links":{"self":[{"href":"https:\/\/www.oekermann.de\/hu\/wp-json\/wp\/v2\/pages\/5111","targetHints":{"allow":["GET"]}}],"collection":[{"href":"https:\/\/www.oekermann.de\/hu\/wp-json\/wp\/v2\/pages"}],"about":[{"href":"https:\/\/www.oekermann.de\/hu\/wp-json\/wp\/v2\/types\/page"}],"author":[{"embeddable":true,"href":"https:\/\/www.oekermann.de\/hu\/wp-json\/wp\/v2\/users\/2"}],"replies":[{"embeddable":true,"href":"https:\/\/www.oekermann.de\/hu\/wp-json\/wp\/v2\/comments?post=5111"}],"version-history":[{"count":1,"href":"https:\/\/www.oekermann.de\/hu\/wp-json\/wp\/v2\/pages\/5111\/revisions"}],"predecessor-version":[{"id":5154,"href":"https:\/\/www.oekermann.de\/hu\/wp-json\/wp\/v2\/pages\/5111\/revisions\/5154"}],"up":[{"embeddable":true,"href":"https:\/\/www.oekermann.de\/hu\/wp-json\/wp\/v2\/pages\/5098"}],"wp:attachment":[{"href":"https:\/\/www.oekermann.de\/hu\/wp-json\/wp\/v2\/media?parent=5111"}],"curies":[{"name":"wp","href":"https:\/\/api.w.org\/{rel}","templated":true}]}}