{"id":5112,"date":"2019-05-14T18:36:18","date_gmt":"2019-05-14T16:36:18","guid":{"rendered":"https:\/\/www.oekermann.de\/?page_id=5112"},"modified":"2025-06-11T14:53:04","modified_gmt":"2025-06-11T12:53:04","slug":"ertekesitesi-teruletek","status":"publish","type":"page","link":"https:\/\/www.oekermann.de\/hu\/kapcsolat\/ertekesitesi-teruletek\/","title":{"rendered":"\u00c9rt\u00e9kes\u00edt\u00e9si ter\u00fcletek"},"content":{"rendered":"<section>\n<div class=\"inner-wrap\">\n<p>&nbsp;<\/p>\n<div class=\"row\">\n<div class=\"col-lg-4\">\n<p><a href=\"https:\/\/www.oekermann.de\/2018\/08\/29\/abwasserfoerderung-vergleich-der-technologien\/\">A pneumatikus szennyv\u00edzsz\u00e1ll\u00edt\u00e1s<\/a> sok esetben \u00e9szszer\u0171 \u00e9s gazdas\u00e1gos m\u00f3dszer. Azt, hogy az \u00d6n speci\u00e1lis eset\u00e9hez milyen megold\u00e1sok j\u00f6nnek sz\u00f3ba, sz\u00edvesen egyeztetj\u00fck \u00d6nnel szem\u00e9lyesen.<\/p>\n<p>Az \u00d6n k\u00f6vetelm\u00e9nyeire vonatkoz\u00f3 els\u0151 inform\u00e1ci\u00f3k\u00e9rt k\u00fcldj\u00f6n nek\u00fcnk r\u00f6vid \u00fczenetet, vagy egyszer\u0171en h\u00edvjon benn\u00fcnket k\u00f6zvetlen\u00fcl.<\/p>\n<\/div>\n<div class=\"col-lg-4\">\n<p><strong>Oekermann GmbH &amp; Co. KG, Abwassertechnik<\/strong><\/p>\n<p class=\"contact-item\"><i class=\"fa fa-map-marker\"><\/i> Vinner Stra\u00dfe 175, 33729 Bielefeld<br \/>\n<i class=\"fa fa-phone\"><\/i> <a href=\"tel:00495213293830\">+49 (0) 521 329 383 \u2013 0<\/a><br \/>\n<i class=\"fa fa-envelope\"><\/i> <a href=\"mailto:info@oekermann.de\">info@oekermann.de<\/a><\/p>\n<p style=\"margin-bottom: 20px;\"><b>H\u00e9tf\u0151t\u0151l cs\u00fct\u00f6rt\u00f6kig:<\/b> 7.45 \u00f3 \u2013 16.00 \u00f3<br \/>\n<b>P\u00e9nteken:<\/b> 7.45 \u00f3 \u2013 13.00 \u00f3<\/p>\n<p>&nbsp;<\/p>\n<\/div>\n<div class=\"col-lg-4\">\n<p class=\"contact-item\"><strong>Lengyel \u00e9s angol nyelv\u0171 kapcsolattart\u00f3:<\/strong><br \/>\n<i class=\"fa fa-user\"><\/i> Anna Oekermann<br \/>\n<i class=\"fa fa-phone\"><\/i> <a href=\"tel:004952132938325\">+49 (0) 521 329 383 \u2013 25<\/a><br \/>\n<i class=\"fa fa-envelope\"><\/i> <a href=\"mailto:annaoekermann@oekermann.de\">annaoekermann@oekermann.de<\/a><\/p>\n<p style=\"margin-bottom: 20px;\"><b>H\u00e9tf\u0151t\u0151l szombatig:<\/b> 7.45 \u00f3 \u2013 18.00 \u00f3<\/p>\n<p>&nbsp;<\/p>\n<\/div>\n<\/div>\n<\/div>\n<\/section>\n","protected":false},"excerpt":{"rendered":"<p>&nbsp; A pneumatikus szennyv\u00edzsz\u00e1ll\u00edt\u00e1s sok esetben \u00e9szszer\u0171 \u00e9s gazdas\u00e1gos m\u00f3dszer. Azt, hogy az \u00d6n speci\u00e1lis eset\u00e9hez milyen megold\u00e1sok j\u00f6nnek sz\u00f3ba, sz\u00edvesen egyeztetj\u00fck \u00d6nnel szem\u00e9lyesen. Az \u00d6n k\u00f6vetelm\u00e9nyeire vonatkoz\u00f3 els\u0151 inform\u00e1ci\u00f3k\u00e9rt k\u00fcldj\u00f6n nek\u00fcnk r\u00f6vid \u00fczenetet, vagy egyszer\u0171en h\u00edvjon benn\u00fcnket k\u00f6zvetlen\u00fcl. Oekermann GmbH &amp; Co. KG, Abwassertechnik Vinner Stra\u00dfe 175, 33729 Bielefeld +49 (0) 521 329 383<\/p>\n<p class=\"link-more\"><a href=\"https:\/\/www.oekermann.de\/hu\/kapcsolat\/ertekesitesi-teruletek\/\" class=\"envor-btn\">Weiterlesen<span class=\"screen-reader-text\"> &#8220;\u00c9rt\u00e9kes\u00edt\u00e9si ter\u00fcletek&#8221;<\/span><\/a><\/p>\n","protected":false},"author":1,"featured_media":0,"parent":5048,"menu_order":0,"comment_status":"closed","ping_status":"closed","template":"","meta":{"footnotes":""},"class_list":["post-5112","page","type-page","status-publish","hentry"],"yoast_head":"<!-- This site is optimized with the Yoast SEO plugin v27.4 - https:\/\/yoast.com\/product\/yoast-seo-wordpress\/ -->\n<title>\u00c9rt\u00e9kes\u00edt\u00e9si ter\u00fcletek - Pneumatische F\u00f6rdertechnik - OEKERMANN Abwassertechnik<\/title>\n<meta name=\"robots\" content=\"index, follow, max-snippet:-1, max-image-preview:large, max-video-preview:-1\" \/>\n<link rel=\"canonical\" href=\"https:\/\/www.oekermann.de\/hu\/kapcsolat\/ertekesitesi-teruletek\/\" \/>\n<meta property=\"og:locale\" content=\"hu_HU\" \/>\n<meta property=\"og:type\" content=\"article\" \/>\n<meta property=\"og:title\" content=\"\u00c9rt\u00e9kes\u00edt\u00e9si ter\u00fcletek - Pneumatische F\u00f6rdertechnik - OEKERMANN Abwassertechnik\" \/>\n<meta property=\"og:description\" content=\"&nbsp; A pneumatikus szennyv\u00edzsz\u00e1ll\u00edt\u00e1s sok esetben \u00e9szszer\u0171 \u00e9s gazdas\u00e1gos m\u00f3dszer. Azt, hogy az \u00d6n speci\u00e1lis eset\u00e9hez milyen megold\u00e1sok j\u00f6nnek sz\u00f3ba, sz\u00edvesen egyeztetj\u00fck \u00d6nnel szem\u00e9lyesen. Az \u00d6n k\u00f6vetelm\u00e9nyeire vonatkoz\u00f3 els\u0151 inform\u00e1ci\u00f3k\u00e9rt k\u00fcldj\u00f6n nek\u00fcnk r\u00f6vid \u00fczenetet, vagy egyszer\u0171en h\u00edvjon benn\u00fcnket k\u00f6zvetlen\u00fcl. Oekermann GmbH &amp; Co. KG, Abwassertechnik Vinner Stra\u00dfe 175, 33729 Bielefeld +49 (0) 521 329 383Weiterlesen &quot;\u00c9rt\u00e9kes\u00edt\u00e9si ter\u00fcletek&quot;\" \/>\n<meta property=\"og:url\" content=\"https:\/\/www.oekermann.de\/hu\/kapcsolat\/ertekesitesi-teruletek\/\" \/>\n<meta property=\"og:site_name\" content=\"Pneumatische F\u00f6rdertechnik - OEKERMANN Abwassertechnik\" \/>\n<meta property=\"article:publisher\" content=\"https:\/\/www.facebook.com\/pages\/Oekermann-Abwassertechnik\/1007781205906685\" \/>\n<meta property=\"article:modified_time\" content=\"2025-06-11T12:53:04+00:00\" \/>\n<meta name=\"twitter:card\" content=\"summary_large_image\" \/>\n<meta name=\"twitter:site\" content=\"@Oekermann\" \/>\n<meta name=\"twitter:label1\" content=\"Est. reading time\" \/>\n\t<meta name=\"twitter:data1\" content=\"1 minute\" \/>\n<script type=\"application\/ld+json\" class=\"yoast-schema-graph\">{\"@context\":\"https:\\\/\\\/schema.org\",\"@graph\":[{\"@type\":\"WebPage\",\"@id\":\"https:\\\/\\\/www.oekermann.de\\\/hu\\\/kapcsolat\\\/ertekesitesi-teruletek\\\/\",\"url\":\"https:\\\/\\\/www.oekermann.de\\\/hu\\\/kapcsolat\\\/ertekesitesi-teruletek\\\/\",\"name\":\"\u00c9rt\u00e9kes\u00edt\u00e9si ter\u00fcletek - Pneumatische F\u00f6rdertechnik - OEKERMANN Abwassertechnik\",\"isPartOf\":{\"@id\":\"https:\\\/\\\/www.oekermann.de\\\/#website\"},\"datePublished\":\"2019-05-14T16:36:18+00:00\",\"dateModified\":\"2025-06-11T12:53:04+00:00\",\"breadcrumb\":{\"@id\":\"https:\\\/\\\/www.oekermann.de\\\/hu\\\/kapcsolat\\\/ertekesitesi-teruletek\\\/#breadcrumb\"},\"inLanguage\":\"hu-HU\",\"potentialAction\":[{\"@type\":\"ReadAction\",\"target\":[\"https:\\\/\\\/www.oekermann.de\\\/hu\\\/kapcsolat\\\/ertekesitesi-teruletek\\\/\"]}]},{\"@type\":\"BreadcrumbList\",\"@id\":\"https:\\\/\\\/www.oekermann.de\\\/hu\\\/kapcsolat\\\/ertekesitesi-teruletek\\\/#breadcrumb\",\"itemListElement\":[{\"@type\":\"ListItem\",\"position\":1,\"name\":\"Startseite\",\"item\":\"https:\\\/\\\/www.oekermann.de\\\/hu\\\/\"},{\"@type\":\"ListItem\",\"position\":2,\"name\":\"Kapcsolat\",\"item\":\"https:\\\/\\\/www.oekermann.de\\\/hu\\\/kapcsolat\\\/\"},{\"@type\":\"ListItem\",\"position\":3,\"name\":\"\u00c9rt\u00e9kes\u00edt\u00e9si ter\u00fcletek\"}]},{\"@type\":\"WebSite\",\"@id\":\"https:\\\/\\\/www.oekermann.de\\\/#website\",\"url\":\"https:\\\/\\\/www.oekermann.de\\\/\",\"name\":\"Pneumatische F\u00f6rdertechnik - OEKERMANN Abwassertechnik\",\"description\":\"\",\"potentialAction\":[{\"@type\":\"SearchAction\",\"target\":{\"@type\":\"EntryPoint\",\"urlTemplate\":\"https:\\\/\\\/www.oekermann.de\\\/?s={search_term_string}\"},\"query-input\":{\"@type\":\"PropertyValueSpecification\",\"valueRequired\":true,\"valueName\":\"search_term_string\"}}],\"inLanguage\":\"hu-HU\"}]}<\/script>\n<!-- \/ Yoast SEO plugin. -->","yoast_head_json":{"title":"\u00c9rt\u00e9kes\u00edt\u00e9si ter\u00fcletek - Pneumatische F\u00f6rdertechnik - OEKERMANN Abwassertechnik","robots":{"index":"index","follow":"follow","max-snippet":"max-snippet:-1","max-image-preview":"max-image-preview:large","max-video-preview":"max-video-preview:-1"},"canonical":"https:\/\/www.oekermann.de\/hu\/kapcsolat\/ertekesitesi-teruletek\/","og_locale":"hu_HU","og_type":"article","og_title":"\u00c9rt\u00e9kes\u00edt\u00e9si ter\u00fcletek - Pneumatische F\u00f6rdertechnik - OEKERMANN Abwassertechnik","og_description":"&nbsp; A pneumatikus szennyv\u00edzsz\u00e1ll\u00edt\u00e1s sok esetben \u00e9szszer\u0171 \u00e9s gazdas\u00e1gos m\u00f3dszer. Azt, hogy az \u00d6n speci\u00e1lis eset\u00e9hez milyen megold\u00e1sok j\u00f6nnek sz\u00f3ba, sz\u00edvesen egyeztetj\u00fck \u00d6nnel szem\u00e9lyesen. Az \u00d6n k\u00f6vetelm\u00e9nyeire vonatkoz\u00f3 els\u0151 inform\u00e1ci\u00f3k\u00e9rt k\u00fcldj\u00f6n nek\u00fcnk r\u00f6vid \u00fczenetet, vagy egyszer\u0171en h\u00edvjon benn\u00fcnket k\u00f6zvetlen\u00fcl. Oekermann GmbH &amp; Co. KG, Abwassertechnik Vinner Stra\u00dfe 175, 33729 Bielefeld +49 (0) 521 329 383Weiterlesen \"\u00c9rt\u00e9kes\u00edt\u00e9si ter\u00fcletek\"","og_url":"https:\/\/www.oekermann.de\/hu\/kapcsolat\/ertekesitesi-teruletek\/","og_site_name":"Pneumatische F\u00f6rdertechnik - OEKERMANN Abwassertechnik","article_publisher":"https:\/\/www.facebook.com\/pages\/Oekermann-Abwassertechnik\/1007781205906685","article_modified_time":"2025-06-11T12:53:04+00:00","twitter_card":"summary_large_image","twitter_site":"@Oekermann","twitter_misc":{"Est. reading time":"1 minute"},"schema":{"@context":"https:\/\/schema.org","@graph":[{"@type":"WebPage","@id":"https:\/\/www.oekermann.de\/hu\/kapcsolat\/ertekesitesi-teruletek\/","url":"https:\/\/www.oekermann.de\/hu\/kapcsolat\/ertekesitesi-teruletek\/","name":"\u00c9rt\u00e9kes\u00edt\u00e9si ter\u00fcletek - Pneumatische F\u00f6rdertechnik - OEKERMANN Abwassertechnik","isPartOf":{"@id":"https:\/\/www.oekermann.de\/#website"},"datePublished":"2019-05-14T16:36:18+00:00","dateModified":"2025-06-11T12:53:04+00:00","breadcrumb":{"@id":"https:\/\/www.oekermann.de\/hu\/kapcsolat\/ertekesitesi-teruletek\/#breadcrumb"},"inLanguage":"hu-HU","potentialAction":[{"@type":"ReadAction","target":["https:\/\/www.oekermann.de\/hu\/kapcsolat\/ertekesitesi-teruletek\/"]}]},{"@type":"BreadcrumbList","@id":"https:\/\/www.oekermann.de\/hu\/kapcsolat\/ertekesitesi-teruletek\/#breadcrumb","itemListElement":[{"@type":"ListItem","position":1,"name":"Startseite","item":"https:\/\/www.oekermann.de\/hu\/"},{"@type":"ListItem","position":2,"name":"Kapcsolat","item":"https:\/\/www.oekermann.de\/hu\/kapcsolat\/"},{"@type":"ListItem","position":3,"name":"\u00c9rt\u00e9kes\u00edt\u00e9si ter\u00fcletek"}]},{"@type":"WebSite","@id":"https:\/\/www.oekermann.de\/#website","url":"https:\/\/www.oekermann.de\/","name":"Pneumatische F\u00f6rdertechnik - OEKERMANN Abwassertechnik","description":"","potentialAction":[{"@type":"SearchAction","target":{"@type":"EntryPoint","urlTemplate":"https:\/\/www.oekermann.de\/?s={search_term_string}"},"query-input":{"@type":"PropertyValueSpecification","valueRequired":true,"valueName":"search_term_string"}}],"inLanguage":"hu-HU"}]}},"_links":{"self":[{"href":"https:\/\/www.oekermann.de\/hu\/wp-json\/wp\/v2\/pages\/5112","targetHints":{"allow":["GET"]}}],"collection":[{"href":"https:\/\/www.oekermann.de\/hu\/wp-json\/wp\/v2\/pages"}],"about":[{"href":"https:\/\/www.oekermann.de\/hu\/wp-json\/wp\/v2\/types\/page"}],"author":[{"embeddable":true,"href":"https:\/\/www.oekermann.de\/hu\/wp-json\/wp\/v2\/users\/1"}],"replies":[{"embeddable":true,"href":"https:\/\/www.oekermann.de\/hu\/wp-json\/wp\/v2\/comments?post=5112"}],"version-history":[{"count":1,"href":"https:\/\/www.oekermann.de\/hu\/wp-json\/wp\/v2\/pages\/5112\/revisions"}],"predecessor-version":[{"id":5143,"href":"https:\/\/www.oekermann.de\/hu\/wp-json\/wp\/v2\/pages\/5112\/revisions\/5143"}],"up":[{"embeddable":true,"href":"https:\/\/www.oekermann.de\/hu\/wp-json\/wp\/v2\/pages\/5048"}],"wp:attachment":[{"href":"https:\/\/www.oekermann.de\/hu\/wp-json\/wp\/v2\/media?parent=5112"}],"curies":[{"name":"wp","href":"https:\/\/api.w.org\/{rel}","templated":true}]}}