{"id":5124,"date":"2022-06-29T21:24:31","date_gmt":"2022-06-29T19:24:31","guid":{"rendered":"https:\/\/www.oekermann.de\/?page_id=5124"},"modified":"2025-06-23T14:15:40","modified_gmt":"2025-06-23T12:15:40","slug":"pneumatikus-szennyvizatemeles-osszehasonlitasa-a-hagyomanyos-szivattyutechnikaval","status":"publish","type":"page","link":"https:\/\/www.oekermann.de\/hu\/pneumatikus-szennyvizatemeles-osszehasonlitasa-a-hagyomanyos-szivattyutechnikaval\/","title":{"rendered":"Pneumatikus szennyv\u00edz\u00e1temel\u00e9s \u00f6sszehasonl\u00edt\u00e1sa a hagyom\u00e1nyos szivatty\u00fatechnik\u00e1val"},"content":{"rendered":"<h2>Mi\u00e9rt alkalmaznak pneumatikus szennyv\u00edz\u00ad\u00e1temel\u0151 \u00e1llom\u00e1sokat a hagyom\u00e1nyos szivatty\u00fak helyett?<\/h2>\n<p style=\"margin-top:25px;\">A pneumatikus OEKERMANN sz\u00e1ll\u00edt\u00e1stechnika d\u00f6nt\u0151 el\u0151nyei:<\/p>\n<ul class=\"vorteile\" id=\"hauptvorteile\">\n<li>nincs <a href=\"https:\/\/www.oekermann.de\/vorteile\/foerderung-geringer-wassermengen\/\">szagprobl\u00e9ma<\/a><\/li>\n<li>nincs <a href=\"https:\/\/www.oekermann.de\/themen\/geruchsfreiheit\/\">k\u00e9nhidrog\u00e9n okozta korr\u00f3zi\u00f3<\/a><\/li>\n<li>nincsenek lerak\u00f3d\u00e1sok a nyom\u00f3vezet\u00e9krendszerben<\/li>\n<li><a href=\"https:\/\/www.oekermann.de\/vorteile\/hoehenueberwindung\/\">egyszer\u0171 \u00e9s k\u00f6lts\u00e9ghat\u00e9kony nyom\u00f3vezet\u00e9k\u2011elhelyez\u00e9s<\/a> leveg\u0151ztet\u0151 szelepek n\u00e9lk\u00fcl<\/li>\n<li><a href=\"https:\/\/www.oekermann.de\/vorteile\/keine-verstopfung\/\">rendk\u00edv\u00fcl hossz\u00fa \u00e9lettartam<\/a> az OEKERMANN pneumatikus rendszerein\u00e9l, <a href=\"https:\/\/www.oekermann.de\/ueber-uns\/die-idee\/\">az \u00f6tletgazda \u00e1ltal<\/a><\/li>\n<\/ul>\n<p>Hagyom\u00e1nyos sz\u00e1ll\u00edt\u00e1si m\u00f3dszerek, p\u00e9ld\u00e1ul hidraulikus szivatty\u00fatelepek nedves vagy sz\u00e1raz kialak\u00edt\u00e1ssal, r\u00e9g\u00f3ta ismertek \u00e9s haszn\u00e1latosak. Kis mennyis\u00e9g\u0171 szennyv\u00edz \u00e9s viszonylag <a href=\"https:\/\/www.oekermann.de\/vorteile\/druckleitungen\/\">hossz\u00fa nyom\u00f3vezet\u00e9kek<\/a> eset\u00e9n, k\u00fcl\u00f6n\u00f6sen <a href=\"https:\/\/www.oekermann.de\/themen\/ruecklaeufiger-wasserverbrauch\/\">vid\u00e9keken<\/a>, azonban gyorsan fel\u00fctik fej\u00fcket a hagyom\u00e1nyos technika korl\u00e1tai: a szennyv\u00edz a nyom\u00f3vezet\u00e9kben rothad, legk\u00e9s\u0151bb 3\u20134 \u00f3ra alatt oxig\u00e9nmentes k\u00f6rnyezetben; k\u00e9nhidrog\u00e9n k\u00e9pz\u0151dik, \u00e9s ez szaghat\u00e1shoz vezet. Ezen k\u00edv\u00fcl k\u00e9nhidrog\u00e9n-korr\u00f3zi\u00f3 alakul ki beton, ac\u00e9l \u00e9s vas alkatr\u00e9szeken.<\/p>\n<p>A rothadt <a href=\"https:\/\/www.oekermann.de\/fachbegriffe\/abwasser\/\">szennyv\u00edz<\/a> biol\u00f3giailag nem bomlik le. A negat\u00edv k\u00f6vetkezm\u00e9nyeket minden csak k\u00e9miai adal\u00e9kkal lehet valamelyest cs\u00f6kkenteni, amit a szennyv\u00edz\u00e1ramba kell adagolni. Ez azonban dr\u00e1ga, technikailag bonyolult, \u00e9s helytelen adagol\u00e1s eset\u00e9n hat\u00e1stalan. B\u00e1r lehet\u0151s\u00e9g van ut\u00f3leveg\u0151ztet\u0151 \u00e1llom\u00e1sok telep\u00edt\u00e9s\u00e9re a szivatty\u00fan\u00e1l, amelyek id\u0151szakosan nyom\u00e1s al\u00e1 helyezik a nyom\u00f3vezet\u00e9keket, ez a megold\u00e1s nem biztos\u00edt folyamatos leveg\u0151\u2011oxig\u00e9n ell\u00e1t\u00e1st.<\/p>\n<p>Ezen t\u00falmen\u0151en a hagyom\u00e1nyos, nedves vagy sz\u00e1raz telep\u00edt\u00e9s\u0171 szivatty\u00fatelepek fizikai-technikai hat\u00e1rai is korl\u00e1tozottak, pl. <a href=\"https:\/\/www.oekermann.de\/vorteile\/druckleitungen\/\">hossz\u00fa nyom\u00f3vezet\u00e9kek<\/a> \u00e9s\/vagy jelent\u0151s <a href=\"https:\/\/www.oekermann.de\/vorteile\/hoehenueberwindung\/\">magass\u00e1gk\u00fcl\u00f6nbs\u00e9gek<\/a> eset\u00e9n.<\/p>\n<p>Ezek miatt az <a href=\"https:\/\/www.oekermann.de\/ueber-uns\/\">OEKERMANN az 1970-es \u00e9vekben<\/a> kifejlesztette a pneumatikus szennyv\u00edzsz\u00e1ll\u00edt\u00f3 rendszert. Az OEKERMANN \u00e1ltal kidolgozott rendszerrel a hagyom\u00e1nyos szivatty\u00fatechnik\u00e1val \u00f6sszef\u00fcgg\u0151, \u00e1ltal\u00e1nosan ismert h\u00e1tr\u00e1nyok nem jelentkeznek.<\/p>\n<p><a href=\"https:\/\/www.oekermann.de\/vorteile\/foerderung-geringer-wassermengen\/\">A szennyv\u00edz frissen<\/a>, kifog\u00e1stalan tiszt\u00edt\u00e1si \u00e1llapotban jut el a tiszt\u00edt\u00f3telepre.<\/p>\n<p><img decoding=\"async\" class=\"img-1\" src=\"\/res\/OEKERMANN-Vorschacht.jpg\" alt=\"A szennyv\u00edz kevered\u00e9se az el\u0151akn\u00e1n\u00e1l\" width=\"206\" \/><\/p>\n<p>&nbsp;<\/p>\n<h2>Tiszt\u00e1bb szivatty\u00fatelep<\/h2>\n<p>Ennek oka, hogy a gravit\u00e1ci\u00f3s csatornarendszerb\u0151l \u00e9rkez\u0151 szennyv\u00edz folyamatosan leveg\u0151vel \u2013 \u00e9s ez\u00e1ltal oxig\u00e9nnel \u2013 keveredik. M\u00e1r az OEKERMANN szivatty\u00fatelep el\u0151akn\u00e1j\u00e1ban intenz\u00edv kevered\u00e9s t\u00f6rt\u00e9nik. Ugyanakkor a lerak\u00f3d\u00e1sra hajlamos anyagok felkavarodnak, \u00e9s lebeg\u0151 anyagok is belekeverednek a szennyv\u00edzbe. A szagprobl\u00e9ma \u00e9s a lerak\u00f3d\u00e1s a szivatty\u00fatelep \u00e9s el\u0151akna ter\u00fclet\u00e9n nem jelentkezik.<\/p>\n<p>&nbsp;<\/p>\n<h2><a href=\"https:\/\/www.oekermann.de\/vorteile\/elektronische-steuerung\/\">Elektronikus vez\u00e9rl\u00e9s\u0171 ut\u00f3leveg\u0151ztet\u00e9s<\/a><\/h2>\n<p>Helyi ig\u00e9ny szerint ak\u00e1r id\u0151z\u00edtett rendszerrel, ak\u00e1r v\u00e1ltoz\u00f3 param\u00e9terek alapj\u00e1n, <a href=\"https:\/\/www.oekermann.de\/fachbegriffe\/nachblasautomatik\/\">ut\u00f3leveg\u0151ztet\u00e9si folyamatok<\/a> zajlanak.<\/p>\n<p>Alacsony szennyv\u00edzterhel\u00e9s idej\u00e9n, pl. \u00e9jszaka, a nyom\u00f3vezet\u00e9keket nagyr\u00e9szt ki\u00fcr\u00edtik. Az esetleg le\u00fcleped\u0151 neh\u00e9z r\u00e9szecsk\u00e9k az intenz\u00edv v\u00edz\u00e1rammal egy\u00fctt elt\u00e1voznak. A lerak\u00f3d\u00e1sok jelent\u0151s r\u00e9sze elker\u00fclhet\u0151.<\/p>\n<p>&nbsp;<\/p>\n<h2><a href=\"https:\/\/www.oekermann.de\/vorteile\/hoehenueberwindung\/\">Nyom\u00f3vezet\u00e9kek kiemelked\u0151 \u00e9s m\u00e9lypontokkal<\/a><\/h2>\n<p>Az OEKERMANN rendszer haszn\u00e1lat\u00e1nak m\u00e1sik f\u0151 el\u0151nye, hogy a <a href=\"https:\/\/www.oekermann.de\/vorteile\/druckleitungen\/\">nyom\u00f3vezet\u00e9kek<\/a> p\u00e1rhuzamosan fekszenek a terepszinttel, csak fagymentes takar\u00e1ssal.<\/p>\n<p style=\"margin-bottom:.4rem;font-size:17px;\"><strong>El\u0151ny\u00f6k:<\/strong><\/p>\n<ul class=\"vorteile\">\n<li>Egyszer\u0171 \u00e9s k\u00f6lts\u00e9ghat\u00e9kony nyom\u00f3vezet\u00e9k\u2011kivitelez\u00e9s<\/li>\n<li>Emellett nincs sz\u00fcks\u00e9g l\u00e9gtelen\u00edt\u0151 szelepek be\u00e9p\u00edt\u00e9s\u00e9re a magaspontokn\u00e1l.<\/li>\n<li>Beruh\u00e1z\u00e1si k\u00f6lts\u00e9g-megtakar\u00edt\u00e1s akn\u00e1k \u00e9s szerelv\u00e9nyek eset\u00e9n, valamint cs\u00f6kkentett karbantart\u00e1si ig\u00e9ny.<\/li>\n<\/ul>\n<p><img decoding=\"async\" class=\"img-1\" src=\"\/res\/OEKERMANN-Hoehenplan.jpg\" alt=\"Magass\u00e1gi terv\" \/><\/p>\n<p>&nbsp;<\/p>\n<h2><a href=\"https:\/\/www.oekermann.de\/vorteile\/verbundsysteme\/\">Kombin\u00e1lt rendszerek<\/a><\/h2>\n<p>Rendszerb\u0151l ad\u00f3d\u00f3an <a href=\"https:\/\/www.oekermann.de\/vorteile\/verbundsysteme\/\">kombin\u00e1lt rendszerek<\/a> nagyon egyszer\u0171en kialak\u00edthat\u00f3k.<\/p>\n<p style=\"margin-bottom:.4rem;font-size:17px;\"><strong>El\u0151ny\u00f6k:<\/strong><\/p>\n<ul class=\"vorteile\">\n<li>Megtakar\u00edt\u00e1s beruh\u00e1z\u00e1si \u00e9s k\u00e9s\u0151bbi k\u00f6lts\u00e9geken a vez\u00e9rl\u0151 k\u00e1belekn\u00e9l<\/li>\n<li>Terhel\u00e9sf\u00fcgg\u0151 sz\u00e1ll\u00edt\u00e1s, an\u00e9lk\u00fcl hogy a pneumatikus szivatty\u00fatelepek egym\u00e1sra v\u00e1rn\u00e1nak kapcsol\u00e1sok miatt<\/li>\n<\/ul>\n<p><img decoding=\"async\" class=\"img-1\" src=\"\/res\/OEKERMANN-Verbundsystem-mit-12-pneumatischen-Abwasser-Foerderanlagen.jpg\" alt=\"Kombin\u00e1lt rendszer 12 pneumatikus szennyv\u00edzsz\u00e1ll\u00edt\u00f3 berendez\u00e9ssel\" width=\"420\" \/><\/p>\n<p>&nbsp;<\/p>\n<h2><a href=\"https:\/\/www.oekermann.de\/themen\/hygiene-und-gesundheit\/\">Higi\u00e9nikus<\/a> \u00e9s \u00fczembiztos<\/h2>\n<p>Az OEKERMANN rendszerek sz\u00e1raz telep\u00edt\u00e9s\u0171ek. A szennyv\u00edz \u00e1ltal \u00e1ramolt ter\u00fcleteken semmilyen be\u00e9p\u00edtett elem nincs (pl. \u00fasz\u00f3szint kapcsol\u00f3, szenzor, r\u00fad vagy m\u00e1s mechanikai\/elektromos elem). Minden g\u00e9p\u00e9szeti egys\u00e9g k\u00f6nnyen hozz\u00e1f\u00e9rhet\u0151.<\/p>\n<p style=\"margin-bottom:.4rem;font-size:17px;\"><strong>El\u0151ny\u00f6k:<\/strong><\/p>\n<ul class=\"vorteile\">\n<li>Nem akad\u00e1lyozza funkci\u00f3j\u00e1t idegen anyagok, k\u00fcl\u00f6n\u00f6sen rostok, text\u00edli\u00e1k \u00e1ltal<\/li>\n<li>A kezel\u0151\u2011\/karbantart\u00f3 szem\u00e9lyzet nem \u00e9rintkezik k\u00f6zvetlen\u00fcl a szennyv\u00edzzel. Ez nem csak higi\u00e9nikus, hanem az <a href=\"https:\/\/www.oekermann.de\/themen\/hygiene-und-gesundheit\/\">helyi szem\u00e9lyzet eg\u00e9szs\u00e9g\u00e9nek<\/a> is szolg\u00e1l<\/li>\n<li>Nem sz\u00fcks\u00e9ges Ex\u2011v\u00e9delem, mert minden elektromos egys\u00e9g az Ex\u2011z\u00f3n\u00e1kon k\u00edv\u00fcl van felszerelve<\/li>\n<\/ul>\n","protected":false},"excerpt":{"rendered":"<p>Mi\u00e9rt alkalmaznak pneumatikus szennyv\u00edz\u00ad\u00e1temel\u0151 \u00e1llom\u00e1sokat a hagyom\u00e1nyos szivatty\u00fak helyett? A pneumatikus OEKERMANN sz\u00e1ll\u00edt\u00e1stechnika d\u00f6nt\u0151 el\u0151nyei: nincs szagprobl\u00e9ma nincs k\u00e9nhidrog\u00e9n okozta korr\u00f3zi\u00f3 nincsenek lerak\u00f3d\u00e1sok a nyom\u00f3vezet\u00e9krendszerben egyszer\u0171 \u00e9s k\u00f6lts\u00e9ghat\u00e9kony nyom\u00f3vezet\u00e9k\u2011elhelyez\u00e9s leveg\u0151ztet\u0151 szelepek n\u00e9lk\u00fcl rendk\u00edv\u00fcl hossz\u00fa \u00e9lettartam az OEKERMANN pneumatikus rendszerein\u00e9l, az \u00f6tletgazda \u00e1ltal Hagyom\u00e1nyos sz\u00e1ll\u00edt\u00e1si m\u00f3dszerek, p\u00e9ld\u00e1ul hidraulikus szivatty\u00fatelepek nedves vagy sz\u00e1raz kialak\u00edt\u00e1ssal, r\u00e9g\u00f3ta ismertek \u00e9s<\/p>\n<p class=\"link-more\"><a href=\"https:\/\/www.oekermann.de\/hu\/pneumatikus-szennyvizatemeles-osszehasonlitasa-a-hagyomanyos-szivattyutechnikaval\/\" class=\"envor-btn\">Weiterlesen<span class=\"screen-reader-text\"> &#8220;Pneumatikus szennyv\u00edz\u00e1temel\u00e9s \u00f6sszehasonl\u00edt\u00e1sa a hagyom\u00e1nyos szivatty\u00fatechnik\u00e1val&#8221;<\/span><\/a><\/p>\n","protected":false},"author":1,"featured_media":0,"parent":0,"menu_order":0,"comment_status":"closed","ping_status":"closed","template":"","meta":{"footnotes":""},"class_list":["post-5124","page","type-page","status-publish","hentry"],"yoast_head":"<!-- This site is optimized with the Yoast SEO plugin v27.4 - https:\/\/yoast.com\/product\/yoast-seo-wordpress\/ -->\n<title>Pneumatikus szennyv\u00edz\u00e1temel\u00e9s \u00f6sszehasonl\u00edt\u00e1sa a hagyom\u00e1nyos szivatty\u00fatechnik\u00e1val - Pneumatische F\u00f6rdertechnik - OEKERMANN Abwassertechnik<\/title>\n<meta name=\"robots\" content=\"index, follow, max-snippet:-1, max-image-preview:large, max-video-preview:-1\" \/>\n<link rel=\"canonical\" href=\"https:\/\/www.oekermann.de\/hu\/pneumatikus-szennyvizatemeles-osszehasonlitasa-a-hagyomanyos-szivattyutechnikaval\/\" \/>\n<meta property=\"og:locale\" content=\"hu_HU\" \/>\n<meta property=\"og:type\" content=\"article\" \/>\n<meta property=\"og:title\" content=\"Pneumatikus szennyv\u00edz\u00e1temel\u00e9s \u00f6sszehasonl\u00edt\u00e1sa a hagyom\u00e1nyos szivatty\u00fatechnik\u00e1val - Pneumatische F\u00f6rdertechnik - OEKERMANN Abwassertechnik\" \/>\n<meta property=\"og:description\" content=\"Mi\u00e9rt alkalmaznak pneumatikus szennyv\u00edz\u00ad\u00e1temel\u0151 \u00e1llom\u00e1sokat a hagyom\u00e1nyos szivatty\u00fak helyett? A pneumatikus OEKERMANN sz\u00e1ll\u00edt\u00e1stechnika d\u00f6nt\u0151 el\u0151nyei: nincs szagprobl\u00e9ma nincs k\u00e9nhidrog\u00e9n okozta korr\u00f3zi\u00f3 nincsenek lerak\u00f3d\u00e1sok a nyom\u00f3vezet\u00e9krendszerben egyszer\u0171 \u00e9s k\u00f6lts\u00e9ghat\u00e9kony nyom\u00f3vezet\u00e9k\u2011elhelyez\u00e9s leveg\u0151ztet\u0151 szelepek n\u00e9lk\u00fcl rendk\u00edv\u00fcl hossz\u00fa \u00e9lettartam az OEKERMANN pneumatikus rendszerein\u00e9l, az \u00f6tletgazda \u00e1ltal Hagyom\u00e1nyos sz\u00e1ll\u00edt\u00e1si m\u00f3dszerek, p\u00e9ld\u00e1ul hidraulikus szivatty\u00fatelepek nedves vagy sz\u00e1raz kialak\u00edt\u00e1ssal, r\u00e9g\u00f3ta ismertek \u00e9sWeiterlesen &quot;Pneumatikus szennyv\u00edz\u00e1temel\u00e9s \u00f6sszehasonl\u00edt\u00e1sa a hagyom\u00e1nyos szivatty\u00fatechnik\u00e1val&quot;\" \/>\n<meta property=\"og:url\" content=\"https:\/\/www.oekermann.de\/hu\/pneumatikus-szennyvizatemeles-osszehasonlitasa-a-hagyomanyos-szivattyutechnikaval\/\" \/>\n<meta property=\"og:site_name\" content=\"Pneumatische F\u00f6rdertechnik - OEKERMANN Abwassertechnik\" \/>\n<meta property=\"article:publisher\" content=\"https:\/\/www.facebook.com\/pages\/Oekermann-Abwassertechnik\/1007781205906685\" \/>\n<meta property=\"article:modified_time\" content=\"2025-06-23T12:15:40+00:00\" \/>\n<meta name=\"twitter:card\" content=\"summary_large_image\" \/>\n<meta name=\"twitter:site\" content=\"@Oekermann\" \/>\n<meta name=\"twitter:label1\" content=\"Est. reading time\" \/>\n\t<meta name=\"twitter:data1\" content=\"4 minutes\" \/>\n<script type=\"application\/ld+json\" class=\"yoast-schema-graph\">{\"@context\":\"https:\\\/\\\/schema.org\",\"@graph\":[{\"@type\":\"WebPage\",\"@id\":\"https:\\\/\\\/www.oekermann.de\\\/hu\\\/pneumatikus-szennyvizatemeles-osszehasonlitasa-a-hagyomanyos-szivattyutechnikaval\\\/\",\"url\":\"https:\\\/\\\/www.oekermann.de\\\/hu\\\/pneumatikus-szennyvizatemeles-osszehasonlitasa-a-hagyomanyos-szivattyutechnikaval\\\/\",\"name\":\"Pneumatikus szennyv\u00edz\u00e1temel\u00e9s \u00f6sszehasonl\u00edt\u00e1sa a hagyom\u00e1nyos szivatty\u00fatechnik\u00e1val - Pneumatische F\u00f6rdertechnik - OEKERMANN Abwassertechnik\",\"isPartOf\":{\"@id\":\"https:\\\/\\\/www.oekermann.de\\\/#website\"},\"datePublished\":\"2022-06-29T19:24:31+00:00\",\"dateModified\":\"2025-06-23T12:15:40+00:00\",\"breadcrumb\":{\"@id\":\"https:\\\/\\\/www.oekermann.de\\\/hu\\\/pneumatikus-szennyvizatemeles-osszehasonlitasa-a-hagyomanyos-szivattyutechnikaval\\\/#breadcrumb\"},\"inLanguage\":\"hu-HU\",\"potentialAction\":[{\"@type\":\"ReadAction\",\"target\":[\"https:\\\/\\\/www.oekermann.de\\\/hu\\\/pneumatikus-szennyvizatemeles-osszehasonlitasa-a-hagyomanyos-szivattyutechnikaval\\\/\"]}]},{\"@type\":\"BreadcrumbList\",\"@id\":\"https:\\\/\\\/www.oekermann.de\\\/hu\\\/pneumatikus-szennyvizatemeles-osszehasonlitasa-a-hagyomanyos-szivattyutechnikaval\\\/#breadcrumb\",\"itemListElement\":[{\"@type\":\"ListItem\",\"position\":1,\"name\":\"Startseite\",\"item\":\"https:\\\/\\\/www.oekermann.de\\\/hu\\\/\"},{\"@type\":\"ListItem\",\"position\":2,\"name\":\"Pneumatikus szennyv\u00edz\u00e1temel\u00e9s \u00f6sszehasonl\u00edt\u00e1sa a hagyom\u00e1nyos szivatty\u00fatechnik\u00e1val\"}]},{\"@type\":\"WebSite\",\"@id\":\"https:\\\/\\\/www.oekermann.de\\\/#website\",\"url\":\"https:\\\/\\\/www.oekermann.de\\\/\",\"name\":\"Pneumatische F\u00f6rdertechnik - OEKERMANN Abwassertechnik\",\"description\":\"\",\"potentialAction\":[{\"@type\":\"SearchAction\",\"target\":{\"@type\":\"EntryPoint\",\"urlTemplate\":\"https:\\\/\\\/www.oekermann.de\\\/?s={search_term_string}\"},\"query-input\":{\"@type\":\"PropertyValueSpecification\",\"valueRequired\":true,\"valueName\":\"search_term_string\"}}],\"inLanguage\":\"hu-HU\"}]}<\/script>\n<!-- \/ Yoast SEO plugin. -->","yoast_head_json":{"title":"Pneumatikus szennyv\u00edz\u00e1temel\u00e9s \u00f6sszehasonl\u00edt\u00e1sa a hagyom\u00e1nyos szivatty\u00fatechnik\u00e1val - Pneumatische F\u00f6rdertechnik - OEKERMANN Abwassertechnik","robots":{"index":"index","follow":"follow","max-snippet":"max-snippet:-1","max-image-preview":"max-image-preview:large","max-video-preview":"max-video-preview:-1"},"canonical":"https:\/\/www.oekermann.de\/hu\/pneumatikus-szennyvizatemeles-osszehasonlitasa-a-hagyomanyos-szivattyutechnikaval\/","og_locale":"hu_HU","og_type":"article","og_title":"Pneumatikus szennyv\u00edz\u00e1temel\u00e9s \u00f6sszehasonl\u00edt\u00e1sa a hagyom\u00e1nyos szivatty\u00fatechnik\u00e1val - Pneumatische F\u00f6rdertechnik - OEKERMANN Abwassertechnik","og_description":"Mi\u00e9rt alkalmaznak pneumatikus szennyv\u00edz\u00ad\u00e1temel\u0151 \u00e1llom\u00e1sokat a hagyom\u00e1nyos szivatty\u00fak helyett? A pneumatikus OEKERMANN sz\u00e1ll\u00edt\u00e1stechnika d\u00f6nt\u0151 el\u0151nyei: nincs szagprobl\u00e9ma nincs k\u00e9nhidrog\u00e9n okozta korr\u00f3zi\u00f3 nincsenek lerak\u00f3d\u00e1sok a nyom\u00f3vezet\u00e9krendszerben egyszer\u0171 \u00e9s k\u00f6lts\u00e9ghat\u00e9kony nyom\u00f3vezet\u00e9k\u2011elhelyez\u00e9s leveg\u0151ztet\u0151 szelepek n\u00e9lk\u00fcl rendk\u00edv\u00fcl hossz\u00fa \u00e9lettartam az OEKERMANN pneumatikus rendszerein\u00e9l, az \u00f6tletgazda \u00e1ltal Hagyom\u00e1nyos sz\u00e1ll\u00edt\u00e1si m\u00f3dszerek, p\u00e9ld\u00e1ul hidraulikus szivatty\u00fatelepek nedves vagy sz\u00e1raz kialak\u00edt\u00e1ssal, r\u00e9g\u00f3ta ismertek \u00e9sWeiterlesen \"Pneumatikus szennyv\u00edz\u00e1temel\u00e9s \u00f6sszehasonl\u00edt\u00e1sa a hagyom\u00e1nyos szivatty\u00fatechnik\u00e1val\"","og_url":"https:\/\/www.oekermann.de\/hu\/pneumatikus-szennyvizatemeles-osszehasonlitasa-a-hagyomanyos-szivattyutechnikaval\/","og_site_name":"Pneumatische F\u00f6rdertechnik - OEKERMANN Abwassertechnik","article_publisher":"https:\/\/www.facebook.com\/pages\/Oekermann-Abwassertechnik\/1007781205906685","article_modified_time":"2025-06-23T12:15:40+00:00","twitter_card":"summary_large_image","twitter_site":"@Oekermann","twitter_misc":{"Est. reading time":"4 minutes"},"schema":{"@context":"https:\/\/schema.org","@graph":[{"@type":"WebPage","@id":"https:\/\/www.oekermann.de\/hu\/pneumatikus-szennyvizatemeles-osszehasonlitasa-a-hagyomanyos-szivattyutechnikaval\/","url":"https:\/\/www.oekermann.de\/hu\/pneumatikus-szennyvizatemeles-osszehasonlitasa-a-hagyomanyos-szivattyutechnikaval\/","name":"Pneumatikus szennyv\u00edz\u00e1temel\u00e9s \u00f6sszehasonl\u00edt\u00e1sa a hagyom\u00e1nyos szivatty\u00fatechnik\u00e1val - Pneumatische F\u00f6rdertechnik - OEKERMANN Abwassertechnik","isPartOf":{"@id":"https:\/\/www.oekermann.de\/#website"},"datePublished":"2022-06-29T19:24:31+00:00","dateModified":"2025-06-23T12:15:40+00:00","breadcrumb":{"@id":"https:\/\/www.oekermann.de\/hu\/pneumatikus-szennyvizatemeles-osszehasonlitasa-a-hagyomanyos-szivattyutechnikaval\/#breadcrumb"},"inLanguage":"hu-HU","potentialAction":[{"@type":"ReadAction","target":["https:\/\/www.oekermann.de\/hu\/pneumatikus-szennyvizatemeles-osszehasonlitasa-a-hagyomanyos-szivattyutechnikaval\/"]}]},{"@type":"BreadcrumbList","@id":"https:\/\/www.oekermann.de\/hu\/pneumatikus-szennyvizatemeles-osszehasonlitasa-a-hagyomanyos-szivattyutechnikaval\/#breadcrumb","itemListElement":[{"@type":"ListItem","position":1,"name":"Startseite","item":"https:\/\/www.oekermann.de\/hu\/"},{"@type":"ListItem","position":2,"name":"Pneumatikus szennyv\u00edz\u00e1temel\u00e9s \u00f6sszehasonl\u00edt\u00e1sa a hagyom\u00e1nyos szivatty\u00fatechnik\u00e1val"}]},{"@type":"WebSite","@id":"https:\/\/www.oekermann.de\/#website","url":"https:\/\/www.oekermann.de\/","name":"Pneumatische F\u00f6rdertechnik - OEKERMANN Abwassertechnik","description":"","potentialAction":[{"@type":"SearchAction","target":{"@type":"EntryPoint","urlTemplate":"https:\/\/www.oekermann.de\/?s={search_term_string}"},"query-input":{"@type":"PropertyValueSpecification","valueRequired":true,"valueName":"search_term_string"}}],"inLanguage":"hu-HU"}]}},"_links":{"self":[{"href":"https:\/\/www.oekermann.de\/hu\/wp-json\/wp\/v2\/pages\/5124","targetHints":{"allow":["GET"]}}],"collection":[{"href":"https:\/\/www.oekermann.de\/hu\/wp-json\/wp\/v2\/pages"}],"about":[{"href":"https:\/\/www.oekermann.de\/hu\/wp-json\/wp\/v2\/types\/page"}],"author":[{"embeddable":true,"href":"https:\/\/www.oekermann.de\/hu\/wp-json\/wp\/v2\/users\/1"}],"replies":[{"embeddable":true,"href":"https:\/\/www.oekermann.de\/hu\/wp-json\/wp\/v2\/comments?post=5124"}],"version-history":[{"count":3,"href":"https:\/\/www.oekermann.de\/hu\/wp-json\/wp\/v2\/pages\/5124\/revisions"}],"predecessor-version":[{"id":5245,"href":"https:\/\/www.oekermann.de\/hu\/wp-json\/wp\/v2\/pages\/5124\/revisions\/5245"}],"wp:attachment":[{"href":"https:\/\/www.oekermann.de\/hu\/wp-json\/wp\/v2\/media?parent=5124"}],"curies":[{"name":"wp","href":"https:\/\/api.w.org\/{rel}","templated":true}]}}