{"id":5125,"date":"2023-09-08T09:32:35","date_gmt":"2023-09-08T07:32:35","guid":{"rendered":"https:\/\/www.oekermann.de\/?page_id=5125"},"modified":"2025-06-11T14:53:04","modified_gmt":"2025-06-11T12:53:04","slug":"nyitvatartas","status":"publish","type":"page","link":"https:\/\/www.oekermann.de\/hu\/kapcsolat\/nyitvatartas\/","title":{"rendered":"Nyitvatart\u00e1s"},"content":{"rendered":"<section>Oekermann GmbH &amp; Co. KG, Szennyv\u00edztechnika<br \/>\nVinner Stra\u00dfe 175, 33729 Bielefeld<\/p>\n<p class=\"contact-item\"><i class=\"fa fa-phone\"><\/i> <a href=\"tel:00495213293830\">+49 (0) 521 329 383 \u2013 0<\/a><\/p>\n<p class=\"contact-item\"><i class=\"fa fa-envelope\"><\/i> <a href=\"mailto:info@oekermann.de\">info@oekermann.de<\/a><\/p>\n<p style=\"margin-bottom: 20px;\"><b>H\u00e9tf\u0151 \u2013 Cs\u00fct\u00f6rt\u00f6k:<\/b> 7:45 \u2013 16:00<br \/>\n<b>P\u00e9ntek:<\/b> 7:45 \u2013 13:00<\/p>\n<\/section>\n","protected":false},"excerpt":{"rendered":"<p>Oekermann GmbH &amp; Co. KG, Szennyv\u00edztechnika Vinner Stra\u00dfe 175, 33729 Bielefeld +49 (0) 521 329 383 \u2013 0 info@oekermann.de H\u00e9tf\u0151 \u2013 Cs\u00fct\u00f6rt\u00f6k: 7:45 \u2013 16:00 P\u00e9ntek: 7:45 \u2013 13:00<\/p>\n","protected":false},"author":1,"featured_media":0,"parent":5048,"menu_order":0,"comment_status":"closed","ping_status":"closed","template":"","meta":{"footnotes":""},"class_list":["post-5125","page","type-page","status-publish","hentry"],"yoast_head":"<!-- This site is optimized with the Yoast SEO plugin v27.4 - https:\/\/yoast.com\/product\/yoast-seo-wordpress\/ -->\n<title>Nyitvatart\u00e1s - Pneumatische F\u00f6rdertechnik - OEKERMANN Abwassertechnik<\/title>\n<meta name=\"robots\" content=\"index, follow, max-snippet:-1, max-image-preview:large, max-video-preview:-1\" \/>\n<link rel=\"canonical\" href=\"https:\/\/www.oekermann.de\/hu\/kapcsolat\/nyitvatartas\/\" \/>\n<meta property=\"og:locale\" content=\"hu_HU\" \/>\n<meta property=\"og:type\" content=\"article\" \/>\n<meta property=\"og:title\" content=\"Nyitvatart\u00e1s - Pneumatische F\u00f6rdertechnik - OEKERMANN Abwassertechnik\" \/>\n<meta property=\"og:description\" content=\"Oekermann GmbH &amp; Co. KG, Szennyv\u00edztechnika Vinner Stra\u00dfe 175, 33729 Bielefeld +49 (0) 521 329 383 \u2013 0 info@oekermann.de H\u00e9tf\u0151 \u2013 Cs\u00fct\u00f6rt\u00f6k: 7:45 \u2013 16:00 P\u00e9ntek: 7:45 \u2013 13:00\" \/>\n<meta property=\"og:url\" content=\"https:\/\/www.oekermann.de\/hu\/kapcsolat\/nyitvatartas\/\" \/>\n<meta property=\"og:site_name\" content=\"Pneumatische F\u00f6rdertechnik - OEKERMANN Abwassertechnik\" \/>\n<meta property=\"article:publisher\" content=\"https:\/\/www.facebook.com\/pages\/Oekermann-Abwassertechnik\/1007781205906685\" \/>\n<meta property=\"article:modified_time\" content=\"2025-06-11T12:53:04+00:00\" \/>\n<meta name=\"twitter:card\" content=\"summary_large_image\" \/>\n<meta name=\"twitter:site\" content=\"@Oekermann\" \/>\n<meta name=\"twitter:label1\" content=\"Est. reading time\" \/>\n\t<meta name=\"twitter:data1\" content=\"1 minute\" \/>\n<script type=\"application\/ld+json\" class=\"yoast-schema-graph\">{\"@context\":\"https:\\\/\\\/schema.org\",\"@graph\":[{\"@type\":\"WebPage\",\"@id\":\"https:\\\/\\\/www.oekermann.de\\\/hu\\\/kapcsolat\\\/nyitvatartas\\\/\",\"url\":\"https:\\\/\\\/www.oekermann.de\\\/hu\\\/kapcsolat\\\/nyitvatartas\\\/\",\"name\":\"Nyitvatart\u00e1s - Pneumatische F\u00f6rdertechnik - OEKERMANN Abwassertechnik\",\"isPartOf\":{\"@id\":\"https:\\\/\\\/www.oekermann.de\\\/#website\"},\"datePublished\":\"2023-09-08T07:32:35+00:00\",\"dateModified\":\"2025-06-11T12:53:04+00:00\",\"breadcrumb\":{\"@id\":\"https:\\\/\\\/www.oekermann.de\\\/hu\\\/kapcsolat\\\/nyitvatartas\\\/#breadcrumb\"},\"inLanguage\":\"hu-HU\",\"potentialAction\":[{\"@type\":\"ReadAction\",\"target\":[\"https:\\\/\\\/www.oekermann.de\\\/hu\\\/kapcsolat\\\/nyitvatartas\\\/\"]}]},{\"@type\":\"BreadcrumbList\",\"@id\":\"https:\\\/\\\/www.oekermann.de\\\/hu\\\/kapcsolat\\\/nyitvatartas\\\/#breadcrumb\",\"itemListElement\":[{\"@type\":\"ListItem\",\"position\":1,\"name\":\"Startseite\",\"item\":\"https:\\\/\\\/www.oekermann.de\\\/hu\\\/\"},{\"@type\":\"ListItem\",\"position\":2,\"name\":\"Kapcsolat\",\"item\":\"https:\\\/\\\/www.oekermann.de\\\/hu\\\/kapcsolat\\\/\"},{\"@type\":\"ListItem\",\"position\":3,\"name\":\"Nyitvatart\u00e1s\"}]},{\"@type\":\"WebSite\",\"@id\":\"https:\\\/\\\/www.oekermann.de\\\/#website\",\"url\":\"https:\\\/\\\/www.oekermann.de\\\/\",\"name\":\"Pneumatische F\u00f6rdertechnik - OEKERMANN Abwassertechnik\",\"description\":\"\",\"potentialAction\":[{\"@type\":\"SearchAction\",\"target\":{\"@type\":\"EntryPoint\",\"urlTemplate\":\"https:\\\/\\\/www.oekermann.de\\\/?s={search_term_string}\"},\"query-input\":{\"@type\":\"PropertyValueSpecification\",\"valueRequired\":true,\"valueName\":\"search_term_string\"}}],\"inLanguage\":\"hu-HU\"}]}<\/script>\n<!-- \/ Yoast SEO plugin. -->","yoast_head_json":{"title":"Nyitvatart\u00e1s - Pneumatische F\u00f6rdertechnik - OEKERMANN Abwassertechnik","robots":{"index":"index","follow":"follow","max-snippet":"max-snippet:-1","max-image-preview":"max-image-preview:large","max-video-preview":"max-video-preview:-1"},"canonical":"https:\/\/www.oekermann.de\/hu\/kapcsolat\/nyitvatartas\/","og_locale":"hu_HU","og_type":"article","og_title":"Nyitvatart\u00e1s - Pneumatische F\u00f6rdertechnik - OEKERMANN Abwassertechnik","og_description":"Oekermann GmbH &amp; Co. KG, Szennyv\u00edztechnika Vinner Stra\u00dfe 175, 33729 Bielefeld +49 (0) 521 329 383 \u2013 0 info@oekermann.de H\u00e9tf\u0151 \u2013 Cs\u00fct\u00f6rt\u00f6k: 7:45 \u2013 16:00 P\u00e9ntek: 7:45 \u2013 13:00","og_url":"https:\/\/www.oekermann.de\/hu\/kapcsolat\/nyitvatartas\/","og_site_name":"Pneumatische F\u00f6rdertechnik - OEKERMANN Abwassertechnik","article_publisher":"https:\/\/www.facebook.com\/pages\/Oekermann-Abwassertechnik\/1007781205906685","article_modified_time":"2025-06-11T12:53:04+00:00","twitter_card":"summary_large_image","twitter_site":"@Oekermann","twitter_misc":{"Est. reading time":"1 minute"},"schema":{"@context":"https:\/\/schema.org","@graph":[{"@type":"WebPage","@id":"https:\/\/www.oekermann.de\/hu\/kapcsolat\/nyitvatartas\/","url":"https:\/\/www.oekermann.de\/hu\/kapcsolat\/nyitvatartas\/","name":"Nyitvatart\u00e1s - Pneumatische F\u00f6rdertechnik - OEKERMANN Abwassertechnik","isPartOf":{"@id":"https:\/\/www.oekermann.de\/#website"},"datePublished":"2023-09-08T07:32:35+00:00","dateModified":"2025-06-11T12:53:04+00:00","breadcrumb":{"@id":"https:\/\/www.oekermann.de\/hu\/kapcsolat\/nyitvatartas\/#breadcrumb"},"inLanguage":"hu-HU","potentialAction":[{"@type":"ReadAction","target":["https:\/\/www.oekermann.de\/hu\/kapcsolat\/nyitvatartas\/"]}]},{"@type":"BreadcrumbList","@id":"https:\/\/www.oekermann.de\/hu\/kapcsolat\/nyitvatartas\/#breadcrumb","itemListElement":[{"@type":"ListItem","position":1,"name":"Startseite","item":"https:\/\/www.oekermann.de\/hu\/"},{"@type":"ListItem","position":2,"name":"Kapcsolat","item":"https:\/\/www.oekermann.de\/hu\/kapcsolat\/"},{"@type":"ListItem","position":3,"name":"Nyitvatart\u00e1s"}]},{"@type":"WebSite","@id":"https:\/\/www.oekermann.de\/#website","url":"https:\/\/www.oekermann.de\/","name":"Pneumatische F\u00f6rdertechnik - OEKERMANN Abwassertechnik","description":"","potentialAction":[{"@type":"SearchAction","target":{"@type":"EntryPoint","urlTemplate":"https:\/\/www.oekermann.de\/?s={search_term_string}"},"query-input":{"@type":"PropertyValueSpecification","valueRequired":true,"valueName":"search_term_string"}}],"inLanguage":"hu-HU"}]}},"_links":{"self":[{"href":"https:\/\/www.oekermann.de\/hu\/wp-json\/wp\/v2\/pages\/5125","targetHints":{"allow":["GET"]}}],"collection":[{"href":"https:\/\/www.oekermann.de\/hu\/wp-json\/wp\/v2\/pages"}],"about":[{"href":"https:\/\/www.oekermann.de\/hu\/wp-json\/wp\/v2\/types\/page"}],"author":[{"embeddable":true,"href":"https:\/\/www.oekermann.de\/hu\/wp-json\/wp\/v2\/users\/1"}],"replies":[{"embeddable":true,"href":"https:\/\/www.oekermann.de\/hu\/wp-json\/wp\/v2\/comments?post=5125"}],"version-history":[{"count":1,"href":"https:\/\/www.oekermann.de\/hu\/wp-json\/wp\/v2\/pages\/5125\/revisions"}],"predecessor-version":[{"id":5126,"href":"https:\/\/www.oekermann.de\/hu\/wp-json\/wp\/v2\/pages\/5125\/revisions\/5126"}],"up":[{"embeddable":true,"href":"https:\/\/www.oekermann.de\/hu\/wp-json\/wp\/v2\/pages\/5048"}],"wp:attachment":[{"href":"https:\/\/www.oekermann.de\/hu\/wp-json\/wp\/v2\/media?parent=5125"}],"curies":[{"name":"wp","href":"https:\/\/api.w.org\/{rel}","templated":true}]}}