{"id":4207,"date":"2017-02-05T19:31:19","date_gmt":"2017-02-05T18:31:19","guid":{"rendered":"https:\/\/www.oekermann.de\/sterowanie-elektroniczne-2\/"},"modified":"2025-06-23T14:23:36","modified_gmt":"2025-06-23T12:23:36","slug":"sterowanie-elektroniczne-2","status":"publish","type":"page","link":"https:\/\/www.oekermann.de\/pl\/zalety\/sterowanie-elektroniczne-2\/","title":{"rendered":"Sterowanie elektroniczne"},"content":{"rendered":"<section>\n<h2>Nowy sterownik CPU 10 Touch<\/h2>\n<p>Sterownik CPU 10 Touch to wysokiej jako\u015bci, kompaktowy sprz\u0119t (PLC) z udoskonalonym oprogramowaniem Oekermann. CPU 10 Touch jest jeszcze lepszy ni\u017c jego poprzednicy:<\/p>\n<ul class=\"vorteile\">\n<li>wszystkie procesy i parametry mo\u017cna bezproblemu zobaczy\u0107 na du\u017cym ekranie dotykowym<\/li>\n<li>wszystkie warto\u015bci mo\u017cna ustawi\u0107 lub zmienia\u0107 dzi\u0119ki czytelnym podmenu<\/li>\n<li>komunikaty robocze oraz ostrze\u017cenia o b\u0142\u0119dach mog\u0105 by\u0107 wygodnie udost\u0119pnione na z\u0142\u0105czach magistrali (np. Profinet, Profibus lub Modbus TCP) do indywidualnej transmisji danych<\/li>\n<\/ul>\n<p>Nowy CPU 10 Touch jest uniwersalny i mo\u017ce by\u0107 stosowany w ka\u017cdym naszym systemie: <a href=\" \/pl\/male-systemy\/\">ma\u0142ych systemach,<\/a> <a href=\"\/pl\/systemy-podwojne\/\">systemach podw\u00f3jnych,<\/a> <a href=\"\/pl\/systemy-potrojne-i-poczworne\/\">systemach potr\u00f3jnych lub poczw\u00f3rnych,<\/a> czy <a href=\"https:\/\/www.oekermann.de\/produktgruppen\/kombination-pneumatik-pumpe\/\"> w systemach hybrydowych (po\u0142\u0105czeniu pneumatyki z pomp\u0105 hydrauliczn\u0105).<\/a> Nowe dodatkowe funkcje programu umo\u017cliwiaj\u0105 jeszcze bardziej energoszcz\u0119dn\u0105 prac\u0119 systemu. Cpu 10 \u0142\u0105czy w sobie nasze do\u015bwiadczenia z ostatnich dziesi\u0119cioleci wraz z nowoczesnym, przyjaznym u\u017cytkownikowi interfejsem.<\/p>\n<p><img decoding=\"async\" class=\"img-1\" src=\"\/wp-content\/uploads\/2021\/12\/2210-CPU-10-Touch-e1641204953975.jpeg\" alt=\"Rittal Schaltschrank\" style=\"height:235px;\"\/><\/p>\n<p><a href=\"https:\/\/www.oekermann.de\/kontakt\/vertriebsbereiche\/\">W razie potrzeby prosz\u0119 pyta\u0107 o dalsze informacje lub oferte odno\u015bnie CPU 10 Touch pod tym adresem.<\/a><\/p>\n","protected":false},"excerpt":{"rendered":"<p>Nowy sterownik CPU 10 Touch Sterownik CPU 10 Touch to wysokiej jako\u015bci, kompaktowy sprz\u0119t (PLC) z udoskonalonym oprogramowaniem Oekermann. CPU 10 Touch jest jeszcze lepszy ni\u017c jego poprzednicy: wszystkie procesy i parametry mo\u017cna bezproblemu zobaczy\u0107 na du\u017cym ekranie dotykowym wszystkie warto\u015bci mo\u017cna ustawi\u0107 lub zmienia\u0107 dzi\u0119ki czytelnym podmenu komunikaty robocze oraz ostrze\u017cenia o b\u0142\u0119dach mog\u0105<\/p>\n<p class=\"link-more\"><a href=\"https:\/\/www.oekermann.de\/pl\/zalety\/sterowanie-elektroniczne-2\/\" class=\"envor-btn\">Weiterlesen<span class=\"screen-reader-text\"> &#8220;Sterowanie elektroniczne&#8221;<\/span><\/a><\/p>\n","protected":false},"author":2,"featured_media":0,"parent":4222,"menu_order":0,"comment_status":"closed","ping_status":"closed","template":"","meta":{"footnotes":""},"class_list":["post-4207","page","type-page","status-publish","hentry"],"yoast_head":"<!-- This site is optimized with the Yoast SEO plugin v27.4 - https:\/\/yoast.com\/product\/yoast-seo-wordpress\/ -->\n<title>Sterowanie elektroniczne - Pneumatische F\u00f6rdertechnik - OEKERMANN Abwassertechnik<\/title>\n<meta name=\"robots\" content=\"index, follow, max-snippet:-1, max-image-preview:large, max-video-preview:-1\" \/>\n<link rel=\"canonical\" href=\"https:\/\/www.oekermann.de\/pl\/zalety\/sterowanie-elektroniczne-2\/\" \/>\n<meta property=\"og:locale\" content=\"pl_PL\" \/>\n<meta property=\"og:type\" content=\"article\" \/>\n<meta property=\"og:title\" content=\"Sterowanie elektroniczne - Pneumatische F\u00f6rdertechnik - OEKERMANN Abwassertechnik\" \/>\n<meta property=\"og:description\" content=\"Nowy sterownik CPU 10 Touch Sterownik CPU 10 Touch to wysokiej jako\u015bci, kompaktowy sprz\u0119t (PLC) z udoskonalonym oprogramowaniem Oekermann. CPU 10 Touch jest jeszcze lepszy ni\u017c jego poprzednicy: wszystkie procesy i parametry mo\u017cna bezproblemu zobaczy\u0107 na du\u017cym ekranie dotykowym wszystkie warto\u015bci mo\u017cna ustawi\u0107 lub zmienia\u0107 dzi\u0119ki czytelnym podmenu komunikaty robocze oraz ostrze\u017cenia o b\u0142\u0119dach mog\u0105Weiterlesen &quot;Sterowanie elektroniczne&quot;\" \/>\n<meta property=\"og:url\" content=\"https:\/\/www.oekermann.de\/pl\/zalety\/sterowanie-elektroniczne-2\/\" \/>\n<meta property=\"og:site_name\" content=\"Pneumatische F\u00f6rdertechnik - OEKERMANN Abwassertechnik\" \/>\n<meta property=\"article:publisher\" content=\"https:\/\/www.facebook.com\/pages\/Oekermann-Abwassertechnik\/1007781205906685\" \/>\n<meta property=\"article:modified_time\" content=\"2025-06-23T12:23:36+00:00\" \/>\n<meta name=\"twitter:card\" content=\"summary_large_image\" \/>\n<meta name=\"twitter:site\" content=\"@Oekermann\" \/>\n<meta name=\"twitter:label1\" content=\"Szacowany czas czytania\" \/>\n\t<meta name=\"twitter:data1\" content=\"1 minuta\" \/>\n<script type=\"application\/ld+json\" class=\"yoast-schema-graph\">{\"@context\":\"https:\\\/\\\/schema.org\",\"@graph\":[{\"@type\":\"WebPage\",\"@id\":\"https:\\\/\\\/www.oekermann.de\\\/pl\\\/zalety\\\/sterowanie-elektroniczne-2\\\/\",\"url\":\"https:\\\/\\\/www.oekermann.de\\\/pl\\\/zalety\\\/sterowanie-elektroniczne-2\\\/\",\"name\":\"Sterowanie elektroniczne - Pneumatische F\u00f6rdertechnik - OEKERMANN Abwassertechnik\",\"isPartOf\":{\"@id\":\"https:\\\/\\\/www.oekermann.de\\\/#website\"},\"datePublished\":\"2017-02-05T18:31:19+00:00\",\"dateModified\":\"2025-06-23T12:23:36+00:00\",\"breadcrumb\":{\"@id\":\"https:\\\/\\\/www.oekermann.de\\\/pl\\\/zalety\\\/sterowanie-elektroniczne-2\\\/#breadcrumb\"},\"inLanguage\":\"pl-PL\",\"potentialAction\":[{\"@type\":\"ReadAction\",\"target\":[\"https:\\\/\\\/www.oekermann.de\\\/pl\\\/zalety\\\/sterowanie-elektroniczne-2\\\/\"]}]},{\"@type\":\"BreadcrumbList\",\"@id\":\"https:\\\/\\\/www.oekermann.de\\\/pl\\\/zalety\\\/sterowanie-elektroniczne-2\\\/#breadcrumb\",\"itemListElement\":[{\"@type\":\"ListItem\",\"position\":1,\"name\":\"Startseite\",\"item\":\"https:\\\/\\\/www.oekermann.de\\\/pl\\\/\"},{\"@type\":\"ListItem\",\"position\":2,\"name\":\"Zalety\",\"item\":\"https:\\\/\\\/www.oekermann.de\\\/pl\\\/zalety\\\/\"},{\"@type\":\"ListItem\",\"position\":3,\"name\":\"Sterowanie elektroniczne\"}]},{\"@type\":\"WebSite\",\"@id\":\"https:\\\/\\\/www.oekermann.de\\\/#website\",\"url\":\"https:\\\/\\\/www.oekermann.de\\\/\",\"name\":\"Pneumatische F\u00f6rdertechnik - OEKERMANN Abwassertechnik\",\"description\":\"\",\"potentialAction\":[{\"@type\":\"SearchAction\",\"target\":{\"@type\":\"EntryPoint\",\"urlTemplate\":\"https:\\\/\\\/www.oekermann.de\\\/?s={search_term_string}\"},\"query-input\":{\"@type\":\"PropertyValueSpecification\",\"valueRequired\":true,\"valueName\":\"search_term_string\"}}],\"inLanguage\":\"pl-PL\"}]}<\/script>\n<!-- \/ Yoast SEO plugin. -->","yoast_head_json":{"title":"Sterowanie elektroniczne - Pneumatische F\u00f6rdertechnik - OEKERMANN Abwassertechnik","robots":{"index":"index","follow":"follow","max-snippet":"max-snippet:-1","max-image-preview":"max-image-preview:large","max-video-preview":"max-video-preview:-1"},"canonical":"https:\/\/www.oekermann.de\/pl\/zalety\/sterowanie-elektroniczne-2\/","og_locale":"pl_PL","og_type":"article","og_title":"Sterowanie elektroniczne - Pneumatische F\u00f6rdertechnik - OEKERMANN Abwassertechnik","og_description":"Nowy sterownik CPU 10 Touch Sterownik CPU 10 Touch to wysokiej jako\u015bci, kompaktowy sprz\u0119t (PLC) z udoskonalonym oprogramowaniem Oekermann. CPU 10 Touch jest jeszcze lepszy ni\u017c jego poprzednicy: wszystkie procesy i parametry mo\u017cna bezproblemu zobaczy\u0107 na du\u017cym ekranie dotykowym wszystkie warto\u015bci mo\u017cna ustawi\u0107 lub zmienia\u0107 dzi\u0119ki czytelnym podmenu komunikaty robocze oraz ostrze\u017cenia o b\u0142\u0119dach mog\u0105Weiterlesen \"Sterowanie elektroniczne\"","og_url":"https:\/\/www.oekermann.de\/pl\/zalety\/sterowanie-elektroniczne-2\/","og_site_name":"Pneumatische F\u00f6rdertechnik - OEKERMANN Abwassertechnik","article_publisher":"https:\/\/www.facebook.com\/pages\/Oekermann-Abwassertechnik\/1007781205906685","article_modified_time":"2025-06-23T12:23:36+00:00","twitter_card":"summary_large_image","twitter_site":"@Oekermann","twitter_misc":{"Szacowany czas czytania":"1 minuta"},"schema":{"@context":"https:\/\/schema.org","@graph":[{"@type":"WebPage","@id":"https:\/\/www.oekermann.de\/pl\/zalety\/sterowanie-elektroniczne-2\/","url":"https:\/\/www.oekermann.de\/pl\/zalety\/sterowanie-elektroniczne-2\/","name":"Sterowanie elektroniczne - Pneumatische F\u00f6rdertechnik - OEKERMANN Abwassertechnik","isPartOf":{"@id":"https:\/\/www.oekermann.de\/#website"},"datePublished":"2017-02-05T18:31:19+00:00","dateModified":"2025-06-23T12:23:36+00:00","breadcrumb":{"@id":"https:\/\/www.oekermann.de\/pl\/zalety\/sterowanie-elektroniczne-2\/#breadcrumb"},"inLanguage":"pl-PL","potentialAction":[{"@type":"ReadAction","target":["https:\/\/www.oekermann.de\/pl\/zalety\/sterowanie-elektroniczne-2\/"]}]},{"@type":"BreadcrumbList","@id":"https:\/\/www.oekermann.de\/pl\/zalety\/sterowanie-elektroniczne-2\/#breadcrumb","itemListElement":[{"@type":"ListItem","position":1,"name":"Startseite","item":"https:\/\/www.oekermann.de\/pl\/"},{"@type":"ListItem","position":2,"name":"Zalety","item":"https:\/\/www.oekermann.de\/pl\/zalety\/"},{"@type":"ListItem","position":3,"name":"Sterowanie elektroniczne"}]},{"@type":"WebSite","@id":"https:\/\/www.oekermann.de\/#website","url":"https:\/\/www.oekermann.de\/","name":"Pneumatische F\u00f6rdertechnik - OEKERMANN Abwassertechnik","description":"","potentialAction":[{"@type":"SearchAction","target":{"@type":"EntryPoint","urlTemplate":"https:\/\/www.oekermann.de\/?s={search_term_string}"},"query-input":{"@type":"PropertyValueSpecification","valueRequired":true,"valueName":"search_term_string"}}],"inLanguage":"pl-PL"}]}},"_links":{"self":[{"href":"https:\/\/www.oekermann.de\/pl\/wp-json\/wp\/v2\/pages\/4207","targetHints":{"allow":["GET"]}}],"collection":[{"href":"https:\/\/www.oekermann.de\/pl\/wp-json\/wp\/v2\/pages"}],"about":[{"href":"https:\/\/www.oekermann.de\/pl\/wp-json\/wp\/v2\/types\/page"}],"author":[{"embeddable":true,"href":"https:\/\/www.oekermann.de\/pl\/wp-json\/wp\/v2\/users\/2"}],"replies":[{"embeddable":true,"href":"https:\/\/www.oekermann.de\/pl\/wp-json\/wp\/v2\/comments?post=4207"}],"version-history":[{"count":2,"href":"https:\/\/www.oekermann.de\/pl\/wp-json\/wp\/v2\/pages\/4207\/revisions"}],"predecessor-version":[{"id":5248,"href":"https:\/\/www.oekermann.de\/pl\/wp-json\/wp\/v2\/pages\/4207\/revisions\/5248"}],"up":[{"embeddable":true,"href":"https:\/\/www.oekermann.de\/pl\/wp-json\/wp\/v2\/pages\/4222"}],"wp:attachment":[{"href":"https:\/\/www.oekermann.de\/pl\/wp-json\/wp\/v2\/media?parent=4207"}],"curies":[{"name":"wp","href":"https:\/\/api.w.org\/{rel}","templated":true}]}}